{"id":18110,"date":"2024-02-13T14:10:32","date_gmt":"2024-02-13T13:10:32","guid":{"rendered":"https:\/\/truusk.store\/product\/sit-up-bank-magtranare-traningsbank-traningsbank-justerbar-vadderade-inklusive-motstandsband-stal-pvc-svart-rod-1375-x-555-x-50-68-cm-120-kg-lastkapacitet\/"},"modified":"2026-03-12T09:01:31","modified_gmt":"2026-03-12T08:01:31","slug":"truusk-sit-up-bank-magtranare-justerbar-vadderade-motstandsband-stal-pvc-svart-rod-1375-x-555-x-50-68-cm-120","status":"publish","type":"product","link":"https:\/\/truusk.store\/sv\/produkt\/truusk-sit-up-bank-magtranare-justerbar-vadderade-motstandsband-stal-pvc-svart-rod-1375-x-555-x-50-68-cm-120\/","title":{"rendered":"TRUUSK Sit Up B\u00e4nk Magtr\u00e4nare &#8211; Justerbar &#8211; Vadderade &#8211; Motst\u00e5ndsband &#8211; St\u00e5l + PVC &#8211; Svart + R\u00f6d &#8211; 137,5 X 55,5 X 50-68 Cm &#8211; 120"},"content":{"rendered":"<p>V\u00e5r h\u00f6gkvalitativa sittb\u00e4nk erbjuder dig det optimala alternativet till gymmet. Med din tr\u00e4ningsb\u00e4nk kan du tr\u00e4na hela din kropp och bygga dina muskler i bekv\u00e4mligheten av ditt eget hem. Din professionella tr\u00e4nare \u00e4r tillverkad av robust st\u00e5l, \u00e4r extremt stabil och kan f\u00f6rvaras f\u00f6r att spara utrymme tack vare sin kompakta design. Tack vare tr\u00e4ningsbanden och roddf\u00e4stet kan du ocks\u00e5 specifikt st\u00e4rka dina armmuskler. Kom i toppform i bekv\u00e4mligheten av ditt eget hem.<\/p>\n<h3>Beskrivning:<\/h3>\n<ul>\n<li>Tillverkad av kraftigt st\u00e5l med halkfria f\u00f6tter<\/li>\n<li>Vadderad liggyta och handtag<\/li>\n<li>Handtag justerbara i h\u00f6jdled i flera steg<\/li>\n<li>Sit-up b\u00e4nk f\u00f6r tr\u00e4ning av mag-, rygg- och armmuskler<\/li>\n<li>\u00d6vningar som sit-ups, armh\u00e4vningar, rows, core och sidb\u00f6j<\/li>\n<li>Med tr\u00e4ningsband f\u00f6r m\u00e5linriktad tr\u00e4ning av armmusklerna<\/li>\n<\/ul>\n<h3>Teknisk data:<\/h3>\n<ul>\n<li>Material: st\u00e5lr\u00f6r, EVA<\/li>\n<li>F\u00e4rg: Svart+r\u00f6d<\/li>\n<li>\u00d6vergripande m\u00e5tt: 137,5L x 55,5W x 50-68H cm<\/li>\n<li>Br\u00e4dans m\u00e5tt: 105L x 30W x 4D cm<\/li>\n<li>H\u00e5lavst\u00e5nd: 5 cm<\/li>\n<li>Justerbar h\u00f6jd: 50-68cm<\/li>\n<li>Tillbeh\u00f6r: 2 x sp\u00e4nnkabel, 1 x fj\u00e4derbalanserare<\/li>\n<li>Lastkapacitet: 120 kg<\/li>\n<\/ul>\n<h3>Leveransens omfattning:<\/h3>\n<ul>\n<li>1 x sit-up b\u00e4nk (inkl. 2 motst\u00e5ndsband, 1 spring lat pulldown)<\/li>\n<li>1 x Anv\u00e4ndarmanual<\/li>\n<\/ul>\n","protected":false},"excerpt":{"rendered":"<p>V\u00e5r h\u00f6gkvalitativa sittb\u00e4nk erbjuder dig det optimala alternativet till gymmet. Med din tr\u00e4ningsb\u00e4nk kan du tr\u00e4na hela din kropp och&#8230;<\/p>\n","protected":false},"featured_media":18111,"template":"","meta":[],"product_brand":[],"product_cat":[661,647,665],"product_tag":[],"class_list":{"0":"post-18110","1":"product","2":"type-product","3":"status-publish","4":"has-post-thumbnail","6":"product_cat-kondition-styrketraning","7":"product_cat-sport-fritid","8":"product_cat-styrketraning","10":"first","11":"instock","12":"sale","13":"taxable","14":"shipping-taxable","15":"purchasable","16":"product-type-simple"},"yoast_head":"<!-- This site is optimized with the Yoast SEO plugin v25.4 - https:\/\/yoast.com\/wordpress\/plugins\/seo\/ -->\n<title>TRUUSK Sit Up B\u00e4nk Magtr\u00e4nare - Justerbar - Vadderade - Motst\u00e5ndsband - St\u00e5l + PVC - Svart + R\u00f6d - 137,5 X 55,5 X 50-68 Cm - 120 - TRUUSK - Hem, Tr\u00e4dg\u00e5rd &amp; Fritid<\/title>\n<meta name=\"robots\" content=\"index, follow, max-snippet:-1, max-image-preview:large, max-video-preview:-1\" \/>\n<link rel=\"canonical\" href=\"https:\/\/truusk.store\/sv\/produkt\/truusk-sit-up-bank-magtranare-justerbar-vadderade-motstandsband-stal-pvc-svart-rod-1375-x-555-x-50-68-cm-120\/\" \/>\n<meta property=\"og:locale\" content=\"sv_SE\" \/>\n<meta property=\"og:type\" content=\"article\" \/>\n<meta property=\"og:title\" content=\"TRUUSK Sit Up B\u00e4nk Magtr\u00e4nare - Justerbar - Vadderade - Motst\u00e5ndsband - St\u00e5l + PVC - Svart + R\u00f6d - 137,5 X 55,5 X 50-68 Cm - 120 - TRUUSK - Hem, Tr\u00e4dg\u00e5rd &amp; Fritid\" \/>\n<meta property=\"og:description\" content=\"V\u00e5r h\u00f6gkvalitativa sittb\u00e4nk erbjuder dig det optimala alternativet till gymmet. Med din tr\u00e4ningsb\u00e4nk kan du tr\u00e4na hela din kropp och...\" \/>\n<meta property=\"og:url\" content=\"https:\/\/truusk.store\/sv\/produkt\/truusk-sit-up-bank-magtranare-justerbar-vadderade-motstandsband-stal-pvc-svart-rod-1375-x-555-x-50-68-cm-120\/\" \/>\n<meta property=\"og:site_name\" content=\"TRUUSK - Hem, Tr\u00e4dg\u00e5rd &amp; Fritid\" \/>\n<meta property=\"article:modified_time\" content=\"2026-03-12T08:01:31+00:00\" \/>\n<meta property=\"og:image\" content=\"https:\/\/i0.wp.com\/truusk.se\/wp-content\/uploads\/2024\/02\/sit-up-bank-magtranare-traningsbank-traningsbank-justerbar-vadderade-inklusive-motstandsband-stal-pvc-svart-rod-1375-x-555-x-50-68-cm-120-kg-lastkapacitet.webp?fit=800%2C800&ssl=1\" \/>\n\t<meta property=\"og:image:width\" content=\"800\" \/>\n\t<meta property=\"og:image:height\" content=\"800\" \/>\n\t<meta property=\"og:image:type\" content=\"image\/webp\" \/>\n<meta name=\"twitter:card\" content=\"summary_large_image\" \/>\n<meta name=\"twitter:label1\" content=\"Ber\u00e4knad l\u00e4stid\" \/>\n\t<meta name=\"twitter:data1\" content=\"1 minut\" \/>\n<!-- \/ Yoast SEO plugin. -->","yoast_head_json":{"title":"TRUUSK Sit Up B\u00e4nk Magtr\u00e4nare - Justerbar - Vadderade - Motst\u00e5ndsband - St\u00e5l + PVC - Svart + R\u00f6d - 137,5 X 55,5 X 50-68 Cm - 120 - TRUUSK - Hem, Tr\u00e4dg\u00e5rd &amp; Fritid","robots":{"index":"index","follow":"follow","max-snippet":"max-snippet:-1","max-image-preview":"max-image-preview:large","max-video-preview":"max-video-preview:-1"},"canonical":"https:\/\/truusk.store\/sv\/produkt\/truusk-sit-up-bank-magtranare-justerbar-vadderade-motstandsband-stal-pvc-svart-rod-1375-x-555-x-50-68-cm-120\/","og_locale":"sv_SE","og_type":"article","og_title":"TRUUSK Sit Up B\u00e4nk Magtr\u00e4nare - Justerbar - Vadderade - Motst\u00e5ndsband - St\u00e5l + PVC - Svart + R\u00f6d - 137,5 X 55,5 X 50-68 Cm - 120 - TRUUSK - Hem, Tr\u00e4dg\u00e5rd &amp; Fritid","og_description":"V\u00e5r h\u00f6gkvalitativa sittb\u00e4nk erbjuder dig det optimala alternativet till gymmet. Med din tr\u00e4ningsb\u00e4nk kan du tr\u00e4na hela din kropp och...","og_url":"https:\/\/truusk.store\/sv\/produkt\/truusk-sit-up-bank-magtranare-justerbar-vadderade-motstandsband-stal-pvc-svart-rod-1375-x-555-x-50-68-cm-120\/","og_site_name":"TRUUSK - Hem, Tr\u00e4dg\u00e5rd &amp; Fritid","article_modified_time":"2026-03-12T08:01:31+00:00","og_image":[{"width":800,"height":800,"url":"https:\/\/i0.wp.com\/truusk.se\/wp-content\/uploads\/2024\/02\/sit-up-bank-magtranare-traningsbank-traningsbank-justerbar-vadderade-inklusive-motstandsband-stal-pvc-svart-rod-1375-x-555-x-50-68-cm-120-kg-lastkapacitet.webp?fit=800%2C800&ssl=1","type":"image\/webp"}],"twitter_card":"summary_large_image","twitter_misc":{"Ber\u00e4knad l\u00e4stid":"1 minut"},"schema":{"@context":"https:\/\/schema.org","@graph":[{"@type":"WebPage","@id":"https:\/\/truusk.store\/sv\/produkt\/truusk-sit-up-bank-magtranare-justerbar-vadderade-motstandsband-stal-pvc-svart-rod-1375-x-555-x-50-68-cm-120\/","url":"https:\/\/truusk.store\/sv\/produkt\/truusk-sit-up-bank-magtranare-justerbar-vadderade-motstandsband-stal-pvc-svart-rod-1375-x-555-x-50-68-cm-120\/","name":"TRUUSK Sit Up B\u00e4nk Magtr\u00e4nare - Justerbar - Vadderade - Motst\u00e5ndsband - St\u00e5l + PVC - Svart + R\u00f6d - 137,5 X 55,5 X 50-68 Cm - 120 - TRUUSK - Hem, Tr\u00e4dg\u00e5rd &amp; Fritid","isPartOf":{"@id":"https:\/\/truusk.store\/sv\/#website"},"primaryImageOfPage":{"@id":"https:\/\/truusk.store\/sv\/produkt\/truusk-sit-up-bank-magtranare-justerbar-vadderade-motstandsband-stal-pvc-svart-rod-1375-x-555-x-50-68-cm-120\/#primaryimage"},"image":{"@id":"https:\/\/truusk.store\/sv\/produkt\/truusk-sit-up-bank-magtranare-justerbar-vadderade-motstandsband-stal-pvc-svart-rod-1375-x-555-x-50-68-cm-120\/#primaryimage"},"thumbnailUrl":"https:\/\/i0.wp.com\/truusk.store\/wp-content\/uploads\/2024\/02\/sit-up-bank-magtranare-traningsbank-traningsbank-justerbar-vadderade-inklusive-motstandsband-stal-pvc-svart-rod-1375-x-555-x-50-68-cm-120-kg-lastkapacitet.webp?fit=800%2C800&ssl=1","datePublished":"2024-02-13T13:10:32+00:00","dateModified":"2026-03-12T08:01:31+00:00","breadcrumb":{"@id":"https:\/\/truusk.store\/sv\/produkt\/truusk-sit-up-bank-magtranare-justerbar-vadderade-motstandsband-stal-pvc-svart-rod-1375-x-555-x-50-68-cm-120\/#breadcrumb"},"inLanguage":"sv-SE","potentialAction":[{"@type":"ReadAction","target":["https:\/\/truusk.store\/sv\/produkt\/truusk-sit-up-bank-magtranare-justerbar-vadderade-motstandsband-stal-pvc-svart-rod-1375-x-555-x-50-68-cm-120\/"]}]},{"@type":"ImageObject","inLanguage":"sv-SE","@id":"https:\/\/truusk.store\/sv\/produkt\/truusk-sit-up-bank-magtranare-justerbar-vadderade-motstandsband-stal-pvc-svart-rod-1375-x-555-x-50-68-cm-120\/#primaryimage","url":"https:\/\/i0.wp.com\/truusk.store\/wp-content\/uploads\/2024\/02\/sit-up-bank-magtranare-traningsbank-traningsbank-justerbar-vadderade-inklusive-motstandsband-stal-pvc-svart-rod-1375-x-555-x-50-68-cm-120-kg-lastkapacitet.webp?fit=800%2C800&ssl=1","contentUrl":"https:\/\/i0.wp.com\/truusk.store\/wp-content\/uploads\/2024\/02\/sit-up-bank-magtranare-traningsbank-traningsbank-justerbar-vadderade-inklusive-motstandsband-stal-pvc-svart-rod-1375-x-555-x-50-68-cm-120-kg-lastkapacitet.webp?fit=800%2C800&ssl=1","width":800,"height":800,"caption":"Sit Up B\u00e4nk Magtr\u00e4nare Tr\u00e4ningsb\u00e4nk Tr\u00e4ningsb\u00e4nk Justerbar Vadderade Inklusive Motst\u00e5ndsband St\u00e5l + PVC Svart + R\u00f6d 137,5 X 55,5 X 50-68 Cm 120 Kg Lastkapacitet 1"},{"@type":"BreadcrumbList","@id":"https:\/\/truusk.store\/sv\/produkt\/truusk-sit-up-bank-magtranare-justerbar-vadderade-motstandsband-stal-pvc-svart-rod-1375-x-555-x-50-68-cm-120\/#breadcrumb","itemListElement":[{"@type":"ListItem","position":1,"name":"Home","item":"https:\/\/truusk.store\/sv\/"},{"@type":"ListItem","position":2,"name":"Shop","item":"https:\/\/truusk.store\/shop\/"},{"@type":"ListItem","position":3,"name":"TRUUSK Sit Up B\u00e4nk Magtr\u00e4nare &#8211; Justerbar &#8211; Vadderade &#8211; Motst\u00e5ndsband &#8211; St\u00e5l + PVC &#8211; Svart + R\u00f6d &#8211; 137,5 X 55,5 X 50-68 Cm &#8211; 120"}]},{"@type":"WebSite","@id":"https:\/\/truusk.store\/sv\/#website","url":"https:\/\/truusk.store\/sv\/","name":"TRUUSK - Hem, Tr\u00e4dg\u00e5rd & Fritid","description":"","publisher":{"@id":"https:\/\/truusk.store\/sv\/#organization"},"potentialAction":[{"@type":"SearchAction","target":{"@type":"EntryPoint","urlTemplate":"https:\/\/truusk.store\/sv\/?s={search_term_string}"},"query-input":{"@type":"PropertyValueSpecification","valueRequired":true,"valueName":"search_term_string"}}],"inLanguage":"sv-SE"},{"@type":"Organization","@id":"https:\/\/truusk.store\/sv\/#organization","name":"TRUUSK - Hem, Tr\u00e4dg\u00e5rd & Fritid","url":"https:\/\/truusk.store\/sv\/","logo":{"@type":"ImageObject","inLanguage":"sv-SE","@id":"https:\/\/truusk.store\/sv\/#\/schema\/logo\/image\/","url":"https:\/\/i0.wp.com\/truusk.store\/wp-content\/uploads\/2026\/03\/cropped-TRUUSK.png?fit=2032%2C917&ssl=1","contentUrl":"https:\/\/i0.wp.com\/truusk.store\/wp-content\/uploads\/2026\/03\/cropped-TRUUSK.png?fit=2032%2C917&ssl=1","width":2032,"height":917,"caption":"TRUUSK - Hem, Tr\u00e4dg\u00e5rd & Fritid"},"image":{"@id":"https:\/\/truusk.store\/sv\/#\/schema\/logo\/image\/"}}]}},"jetpack_sharing_enabled":true,"_links":{"self":[{"href":"https:\/\/truusk.store\/sv\/wp-json\/wp\/v2\/product\/18110","targetHints":{"allow":["GET"]}}],"collection":[{"href":"https:\/\/truusk.store\/sv\/wp-json\/wp\/v2\/product"}],"about":[{"href":"https:\/\/truusk.store\/sv\/wp-json\/wp\/v2\/types\/product"}],"wp:featuredmedia":[{"embeddable":true,"href":"https:\/\/truusk.store\/sv\/wp-json\/wp\/v2\/media\/18111"}],"wp:attachment":[{"href":"https:\/\/truusk.store\/sv\/wp-json\/wp\/v2\/media?parent=18110"}],"wp:term":[{"taxonomy":"product_brand","embeddable":true,"href":"https:\/\/truusk.store\/sv\/wp-json\/wp\/v2\/product_brand?post=18110"},{"taxonomy":"product_cat","embeddable":true,"href":"https:\/\/truusk.store\/sv\/wp-json\/wp\/v2\/product_cat?post=18110"},{"taxonomy":"product_tag","embeddable":true,"href":"https:\/\/truusk.store\/sv\/wp-json\/wp\/v2\/product_tag?post=18110"}],"curies":[{"name":"wp","href":"https:\/\/api.w.org\/{rel}","templated":true}]}}