{"id":18211,"date":"2024-02-13T14:13:55","date_gmt":"2024-02-13T13:13:55","guid":{"rendered":"https:\/\/truusk.store\/product\/rullande-pall-sadelformad-sits-hojdjusterbar-360-vridbar-konstlader-svart-35-x-38-x-45-55-cm\/"},"modified":"2026-03-12T09:01:37","modified_gmt":"2026-03-12T08:01:37","slug":"truusk-rullande-pall-sadelformad-sits-hojdjusterbar-360-vridbar-konstlader-svart-35-x-38-x-45-55-cm","status":"publish","type":"product","link":"https:\/\/truusk.store\/sv\/produkt\/truusk-rullande-pall-sadelformad-sits-hojdjusterbar-360-vridbar-konstlader-svart-35-x-38-x-45-55-cm\/","title":{"rendered":"TRUUSK Rullande Pall &#8211; Sadelformad Sits &#8211; H\u00f6jdjusterbar &#8211; 360 Vridbar &#8211; Konstl\u00e4der &#8211; Svart &#8211; 35 x 38 x 45-55 cm"},"content":{"rendered":"<p>Denna m\u00e5ngsidiga rullstol \u00e4r idealisk f\u00f6r fris\u00f6rsalonger, tatueringsstudior eller tr\u00e4ningar. Den kombinerar stabilitet med obegr\u00e4nsad r\u00f6relsefrihet, \u00e4ven n\u00e4r du sitter under l\u00e5nga stunder. En fullt justerbar lyft g\u00f6r att du snabbt kan st\u00e4lla in den optimala h\u00f6jden. Den fritt roterande, sadelformade sitsen fr\u00e4mjar en ergonomisk h\u00e5llning och ger samtidigt st\u00f6d f\u00f6r rygg och ben. De mjukt l\u00f6pande hjulen l\u00e5ter dig ocks\u00e5 glida smidigt \u00f6ver golvet.<\/p>\n<h3>Beskrivning:<\/h3>\n<ul>\n<li>Idealisk f\u00f6r fris\u00f6rsalonger, sk\u00f6nhetssalonger, tatueringsstudior och l\u00e4karmottagningar<\/li>\n<li>H\u00f6jden \u00e4r fullt justerbar och g\u00f6r att kunderna kan n\u00e5s bekv\u00e4mt sittande<\/li>\n<li>Pallens ryggl\u00f6sa design ger obegr\u00e4nsad r\u00f6relsefrihet n\u00e4r du sitter<\/li>\n<li>5 mjukt l\u00f6pande dubbelhjul<\/li>\n<li>Halkfria hjul f\u00f6r \u00f6kad s\u00e4kerhet<\/li>\n<li>H\u00f6jdjusteringen \u00e4r enkel tack vare den praktiska gastrycksfj\u00e4dern<\/li>\n<li>L\u00e4tt att installera, l\u00e4tt och kan f\u00f6rvaras f\u00f6r att spara utrymme<\/li>\n<\/ul>\n<h3>Teknisk data:<\/h3>\n<ul>\n<li>Svart f\u00e4rg<\/li>\n<li>material: syntetiskt l\u00e4der<\/li>\n<li>\u00d6vergripande m\u00e5tt: 35L x 38W x 43-55H cm<\/li>\n<li>Sitsm\u00e5tt: 35W x 36D cm<\/li>\n<li>Lastkapacitet: 136 kg<\/li>\n<\/ul>\n<h3>Leveransens omfattning:<\/h3>\n<ul>\n<li>1 x rullstol;<\/li>\n<\/ul>\n","protected":false},"excerpt":{"rendered":"<p>Denna m\u00e5ngsidiga rullstol \u00e4r idealisk f\u00f6r fris\u00f6rsalonger, tatueringsstudior eller tr\u00e4ningar. Den kombinerar stabilitet med obegr\u00e4nsad r\u00f6relsefrihet, \u00e4ven n\u00e4r du sitter&#8230;<\/p>\n","protected":false},"featured_media":18212,"template":"","meta":[],"product_brand":[],"product_cat":[485,542,546],"product_tag":[],"class_list":{"0":"post-18211","1":"product","2":"type-product","3":"status-publish","4":"has-post-thumbnail","6":"product_cat-hus-bo","7":"product_cat-pall","8":"product_cat-rullande-pall","10":"first","11":"instock","12":"sale","13":"taxable","14":"shipping-taxable","15":"purchasable","16":"product-type-simple"},"yoast_head":"<!-- This site is optimized with the Yoast SEO plugin v25.4 - https:\/\/yoast.com\/wordpress\/plugins\/seo\/ -->\n<title>TRUUSK Rullande Pall - Sadelformad Sits - H\u00f6jdjusterbar - 360 Vridbar - Konstl\u00e4der - Svart - 35 x 38 x 45-55 cm - TRUUSK - Hem, Tr\u00e4dg\u00e5rd &amp; Fritid<\/title>\n<meta name=\"robots\" content=\"index, follow, max-snippet:-1, max-image-preview:large, max-video-preview:-1\" \/>\n<link rel=\"canonical\" href=\"https:\/\/truusk.store\/sv\/produkt\/truusk-rullande-pall-sadelformad-sits-hojdjusterbar-360-vridbar-konstlader-svart-35-x-38-x-45-55-cm\/\" \/>\n<meta property=\"og:locale\" content=\"sv_SE\" \/>\n<meta property=\"og:type\" content=\"article\" \/>\n<meta property=\"og:title\" content=\"TRUUSK Rullande Pall - Sadelformad Sits - H\u00f6jdjusterbar - 360 Vridbar - Konstl\u00e4der - Svart - 35 x 38 x 45-55 cm - TRUUSK - Hem, Tr\u00e4dg\u00e5rd &amp; Fritid\" \/>\n<meta property=\"og:description\" content=\"Denna m\u00e5ngsidiga rullstol \u00e4r idealisk f\u00f6r fris\u00f6rsalonger, tatueringsstudior eller tr\u00e4ningar. Den kombinerar stabilitet med obegr\u00e4nsad r\u00f6relsefrihet, \u00e4ven n\u00e4r du sitter...\" \/>\n<meta property=\"og:url\" content=\"https:\/\/truusk.store\/sv\/produkt\/truusk-rullande-pall-sadelformad-sits-hojdjusterbar-360-vridbar-konstlader-svart-35-x-38-x-45-55-cm\/\" \/>\n<meta property=\"og:site_name\" content=\"TRUUSK - Hem, Tr\u00e4dg\u00e5rd &amp; Fritid\" \/>\n<meta property=\"article:modified_time\" content=\"2026-03-12T08:01:37+00:00\" \/>\n<meta property=\"og:image\" content=\"https:\/\/i0.wp.com\/truusk.se\/wp-content\/uploads\/2024\/02\/rullande-pall-sadelformad-sits-hojdjusterbar-360-vridbar-konstlader-svart-35-x-38-x-45-55-cm.webp?fit=800%2C800&ssl=1\" \/>\n\t<meta property=\"og:image:width\" content=\"800\" \/>\n\t<meta property=\"og:image:height\" content=\"800\" \/>\n\t<meta property=\"og:image:type\" content=\"image\/webp\" \/>\n<meta name=\"twitter:card\" content=\"summary_large_image\" \/>\n<meta name=\"twitter:label1\" content=\"Ber\u00e4knad l\u00e4stid\" \/>\n\t<meta name=\"twitter:data1\" content=\"1 minut\" \/>\n<!-- \/ Yoast SEO plugin. -->","yoast_head_json":{"title":"TRUUSK Rullande Pall - Sadelformad Sits - H\u00f6jdjusterbar - 360 Vridbar - Konstl\u00e4der - Svart - 35 x 38 x 45-55 cm - TRUUSK - Hem, Tr\u00e4dg\u00e5rd &amp; Fritid","robots":{"index":"index","follow":"follow","max-snippet":"max-snippet:-1","max-image-preview":"max-image-preview:large","max-video-preview":"max-video-preview:-1"},"canonical":"https:\/\/truusk.store\/sv\/produkt\/truusk-rullande-pall-sadelformad-sits-hojdjusterbar-360-vridbar-konstlader-svart-35-x-38-x-45-55-cm\/","og_locale":"sv_SE","og_type":"article","og_title":"TRUUSK Rullande Pall - Sadelformad Sits - H\u00f6jdjusterbar - 360 Vridbar - Konstl\u00e4der - Svart - 35 x 38 x 45-55 cm - TRUUSK - Hem, Tr\u00e4dg\u00e5rd &amp; Fritid","og_description":"Denna m\u00e5ngsidiga rullstol \u00e4r idealisk f\u00f6r fris\u00f6rsalonger, tatueringsstudior eller tr\u00e4ningar. Den kombinerar stabilitet med obegr\u00e4nsad r\u00f6relsefrihet, \u00e4ven n\u00e4r du sitter...","og_url":"https:\/\/truusk.store\/sv\/produkt\/truusk-rullande-pall-sadelformad-sits-hojdjusterbar-360-vridbar-konstlader-svart-35-x-38-x-45-55-cm\/","og_site_name":"TRUUSK - Hem, Tr\u00e4dg\u00e5rd &amp; Fritid","article_modified_time":"2026-03-12T08:01:37+00:00","og_image":[{"width":800,"height":800,"url":"https:\/\/i0.wp.com\/truusk.se\/wp-content\/uploads\/2024\/02\/rullande-pall-sadelformad-sits-hojdjusterbar-360-vridbar-konstlader-svart-35-x-38-x-45-55-cm.webp?fit=800%2C800&ssl=1","type":"image\/webp"}],"twitter_card":"summary_large_image","twitter_misc":{"Ber\u00e4knad l\u00e4stid":"1 minut"},"schema":{"@context":"https:\/\/schema.org","@graph":[{"@type":"WebPage","@id":"https:\/\/truusk.store\/sv\/produkt\/truusk-rullande-pall-sadelformad-sits-hojdjusterbar-360-vridbar-konstlader-svart-35-x-38-x-45-55-cm\/","url":"https:\/\/truusk.store\/sv\/produkt\/truusk-rullande-pall-sadelformad-sits-hojdjusterbar-360-vridbar-konstlader-svart-35-x-38-x-45-55-cm\/","name":"TRUUSK Rullande Pall - Sadelformad Sits - H\u00f6jdjusterbar - 360 Vridbar - Konstl\u00e4der - Svart - 35 x 38 x 45-55 cm - TRUUSK - Hem, Tr\u00e4dg\u00e5rd &amp; Fritid","isPartOf":{"@id":"https:\/\/truusk.store\/sv\/#website"},"primaryImageOfPage":{"@id":"https:\/\/truusk.store\/sv\/produkt\/truusk-rullande-pall-sadelformad-sits-hojdjusterbar-360-vridbar-konstlader-svart-35-x-38-x-45-55-cm\/#primaryimage"},"image":{"@id":"https:\/\/truusk.store\/sv\/produkt\/truusk-rullande-pall-sadelformad-sits-hojdjusterbar-360-vridbar-konstlader-svart-35-x-38-x-45-55-cm\/#primaryimage"},"thumbnailUrl":"https:\/\/i0.wp.com\/truusk.store\/wp-content\/uploads\/2024\/02\/rullande-pall-sadelformad-sits-hojdjusterbar-360-vridbar-konstlader-svart-35-x-38-x-45-55-cm.webp?fit=800%2C800&ssl=1","datePublished":"2024-02-13T13:13:55+00:00","dateModified":"2026-03-12T08:01:37+00:00","breadcrumb":{"@id":"https:\/\/truusk.store\/sv\/produkt\/truusk-rullande-pall-sadelformad-sits-hojdjusterbar-360-vridbar-konstlader-svart-35-x-38-x-45-55-cm\/#breadcrumb"},"inLanguage":"sv-SE","potentialAction":[{"@type":"ReadAction","target":["https:\/\/truusk.store\/sv\/produkt\/truusk-rullande-pall-sadelformad-sits-hojdjusterbar-360-vridbar-konstlader-svart-35-x-38-x-45-55-cm\/"]}]},{"@type":"ImageObject","inLanguage":"sv-SE","@id":"https:\/\/truusk.store\/sv\/produkt\/truusk-rullande-pall-sadelformad-sits-hojdjusterbar-360-vridbar-konstlader-svart-35-x-38-x-45-55-cm\/#primaryimage","url":"https:\/\/i0.wp.com\/truusk.store\/wp-content\/uploads\/2024\/02\/rullande-pall-sadelformad-sits-hojdjusterbar-360-vridbar-konstlader-svart-35-x-38-x-45-55-cm.webp?fit=800%2C800&ssl=1","contentUrl":"https:\/\/i0.wp.com\/truusk.store\/wp-content\/uploads\/2024\/02\/rullande-pall-sadelformad-sits-hojdjusterbar-360-vridbar-konstlader-svart-35-x-38-x-45-55-cm.webp?fit=800%2C800&ssl=1","width":800,"height":800,"caption":"Rullande Pall, Sadelformad Sits, H\u00f6jdjusterbar, 360 Vridbar, Konstl\u00e4der, Svart, 35 X 38 X 45-55 Cm 1"},{"@type":"BreadcrumbList","@id":"https:\/\/truusk.store\/sv\/produkt\/truusk-rullande-pall-sadelformad-sits-hojdjusterbar-360-vridbar-konstlader-svart-35-x-38-x-45-55-cm\/#breadcrumb","itemListElement":[{"@type":"ListItem","position":1,"name":"Home","item":"https:\/\/truusk.store\/sv\/"},{"@type":"ListItem","position":2,"name":"Shop","item":"https:\/\/truusk.store\/shop\/"},{"@type":"ListItem","position":3,"name":"TRUUSK Rullande Pall &#8211; Sadelformad Sits &#8211; H\u00f6jdjusterbar &#8211; 360 Vridbar &#8211; Konstl\u00e4der &#8211; Svart &#8211; 35 x 38 x 45-55 cm"}]},{"@type":"WebSite","@id":"https:\/\/truusk.store\/sv\/#website","url":"https:\/\/truusk.store\/sv\/","name":"TRUUSK - Hem, Tr\u00e4dg\u00e5rd & Fritid","description":"","publisher":{"@id":"https:\/\/truusk.store\/sv\/#organization"},"potentialAction":[{"@type":"SearchAction","target":{"@type":"EntryPoint","urlTemplate":"https:\/\/truusk.store\/sv\/?s={search_term_string}"},"query-input":{"@type":"PropertyValueSpecification","valueRequired":true,"valueName":"search_term_string"}}],"inLanguage":"sv-SE"},{"@type":"Organization","@id":"https:\/\/truusk.store\/sv\/#organization","name":"TRUUSK - Hem, Tr\u00e4dg\u00e5rd & Fritid","url":"https:\/\/truusk.store\/sv\/","logo":{"@type":"ImageObject","inLanguage":"sv-SE","@id":"https:\/\/truusk.store\/sv\/#\/schema\/logo\/image\/","url":"https:\/\/i0.wp.com\/truusk.store\/wp-content\/uploads\/2026\/03\/cropped-TRUUSK.png?fit=2032%2C917&ssl=1","contentUrl":"https:\/\/i0.wp.com\/truusk.store\/wp-content\/uploads\/2026\/03\/cropped-TRUUSK.png?fit=2032%2C917&ssl=1","width":2032,"height":917,"caption":"TRUUSK - Hem, Tr\u00e4dg\u00e5rd & Fritid"},"image":{"@id":"https:\/\/truusk.store\/sv\/#\/schema\/logo\/image\/"}}]}},"jetpack_sharing_enabled":true,"_links":{"self":[{"href":"https:\/\/truusk.store\/sv\/wp-json\/wp\/v2\/product\/18211","targetHints":{"allow":["GET"]}}],"collection":[{"href":"https:\/\/truusk.store\/sv\/wp-json\/wp\/v2\/product"}],"about":[{"href":"https:\/\/truusk.store\/sv\/wp-json\/wp\/v2\/types\/product"}],"wp:featuredmedia":[{"embeddable":true,"href":"https:\/\/truusk.store\/sv\/wp-json\/wp\/v2\/media\/18212"}],"wp:attachment":[{"href":"https:\/\/truusk.store\/sv\/wp-json\/wp\/v2\/media?parent=18211"}],"wp:term":[{"taxonomy":"product_brand","embeddable":true,"href":"https:\/\/truusk.store\/sv\/wp-json\/wp\/v2\/product_brand?post=18211"},{"taxonomy":"product_cat","embeddable":true,"href":"https:\/\/truusk.store\/sv\/wp-json\/wp\/v2\/product_cat?post=18211"},{"taxonomy":"product_tag","embeddable":true,"href":"https:\/\/truusk.store\/sv\/wp-json\/wp\/v2\/product_tag?post=18211"}],"curies":[{"name":"wp","href":"https:\/\/api.w.org\/{rel}","templated":true}]}}