{"id":18240,"date":"2024-02-13T14:14:49","date_gmt":"2024-02-13T13:14:49","guid":{"rendered":"https:\/\/truusk.store\/product\/solstol-hopfallbar-tradgardsstol-hopfallbar-solstol-tradgard-4-stegs-ryggstod-justerbart-stalnattyg-svart-197-x-58-x-76-cm\/"},"modified":"2026-03-12T09:01:37","modified_gmt":"2026-03-12T08:01:37","slug":"truusk-hopfallbar-solstol-tradgard-4-stegs-ryggstod-justerbart-stalnattyg-svart-197-x-58-x-76-cm","status":"publish","type":"product","link":"https:\/\/truusk.store\/sv\/produkt\/truusk-hopfallbar-solstol-tradgard-4-stegs-ryggstod-justerbart-stalnattyg-svart-197-x-58-x-76-cm\/","title":{"rendered":"TRUUSK Hopf\u00e4llbar Solstol Tr\u00e4dg\u00e5rd &#8211; 4-stegs Ryggst\u00f6d &#8211; Justerbart &#8211; St\u00e5ln\u00e4ttyg &#8211; Svart 197 x 58 x 76 cm"},"content":{"rendered":"<p>Koppla av bekv\u00e4mt och bekv\u00e4mt i tr\u00e4dg\u00e5rden, parken eller p\u00e5 stranden p\u00e5 denna moderna solstol! Tack vare den ergonomiska designen och den utm\u00e4rkt balanserade liggytan kan du effektivt lindra sp\u00e4nningar och strass. Ett justerbart ryggst\u00f6d och fotst\u00f6d g\u00f6r att du snabbt kan hitta den optimala liggst\u00e4llningen f\u00f6r att bekv\u00e4mt l\u00e4sa en bok eller ta ett avkopplande solbad. Balkongstolen \u00e4r l\u00e4tt, hopf\u00e4llbar och kan l\u00e4tt tas med var som helst.<\/p>\n<h3>Beskrivning:<\/h3>\n<ul>\n<li>Robust konstruktion gjord av en pulverlackerad st\u00e5lram<\/li>\n<li>Fullt justerbar med 4 ryggst\u00f6dsl\u00e4gen och 2 fotst\u00f6dsl\u00e4gen<\/li>\n<li>Meshtyg ger h\u00f6g andningsf\u00f6rm\u00e5ga<\/li>\n<li>Ergonomisk design med elastisk repupph\u00e4ngning hj\u00e4lper till att minska muskelsp\u00e4nningar och stress<\/li>\n<li>L\u00e4tt konstruerad och hopf\u00e4llbar f\u00f6r enkel transport och f\u00f6rvaring<\/li>\n<li>L\u00e4mplig f\u00f6r camping, vandring, poolomr\u00e5de eller strand<\/li>\n<\/ul>\n<h3>Teknisk data:<\/h3>\n<ul>\n<li>Svart f\u00e4rg<\/li>\n<li>Material: st\u00e5l, meshtyg<\/li>\n<li>\u00d6vergripande m\u00e5tt: 197L x 58W x 76H cm<\/li>\n<li>Vikm\u00e5tt: 74L x 14W x 60H cm<\/li>\n<li>4 v\u00e5ningsh\u00f6jd: 73cm, 60cm, 45cm, 29cm<\/li>\n<li>Sitth\u00f6jd: 26 cm<\/li>\n<li>Lastkapacitet: 120 kg<\/li>\n<\/ul>\n<h3>Leveransens omfattning:<\/h3>\n<ul>\n<li>1 x tr\u00e4dg\u00e5rdsstol<\/li>\n<li>1 x Monteringsanvisning<\/li>\n<\/ul>\n","protected":false},"excerpt":{"rendered":"<p>Koppla av bekv\u00e4mt och bekv\u00e4mt i tr\u00e4dg\u00e5rden, parken eller p\u00e5 stranden p\u00e5 denna moderna solstol! Tack vare den ergonomiska designen&#8230;<\/p>\n","protected":false},"featured_media":18241,"template":"","meta":[],"product_brand":[],"product_cat":[451,435,450],"product_tag":[],"class_list":{"0":"post-18240","1":"product","2":"type-product","3":"status-publish","4":"has-post-thumbnail","6":"product_cat-solstolar","7":"product_cat-tradgard-och-terrass","8":"product_cat-tradgardsmobler","10":"first","11":"instock","12":"sale","13":"taxable","14":"shipping-taxable","15":"purchasable","16":"product-type-simple"},"yoast_head":"<!-- This site is optimized with the Yoast SEO plugin v25.4 - https:\/\/yoast.com\/wordpress\/plugins\/seo\/ -->\n<title>TRUUSK Hopf\u00e4llbar Solstol Tr\u00e4dg\u00e5rd - 4-stegs Ryggst\u00f6d - Justerbart - St\u00e5ln\u00e4ttyg - Svart 197 x 58 x 76 cm - TRUUSK - Hem, Tr\u00e4dg\u00e5rd &amp; Fritid<\/title>\n<meta name=\"robots\" content=\"index, follow, max-snippet:-1, max-image-preview:large, max-video-preview:-1\" \/>\n<link rel=\"canonical\" href=\"https:\/\/truusk.store\/sv\/produkt\/truusk-hopfallbar-solstol-tradgard-4-stegs-ryggstod-justerbart-stalnattyg-svart-197-x-58-x-76-cm\/\" \/>\n<meta property=\"og:locale\" content=\"sv_SE\" \/>\n<meta property=\"og:type\" content=\"article\" \/>\n<meta property=\"og:title\" content=\"TRUUSK Hopf\u00e4llbar Solstol Tr\u00e4dg\u00e5rd - 4-stegs Ryggst\u00f6d - Justerbart - St\u00e5ln\u00e4ttyg - Svart 197 x 58 x 76 cm - TRUUSK - Hem, Tr\u00e4dg\u00e5rd &amp; Fritid\" \/>\n<meta property=\"og:description\" content=\"Koppla av bekv\u00e4mt och bekv\u00e4mt i tr\u00e4dg\u00e5rden, parken eller p\u00e5 stranden p\u00e5 denna moderna solstol! Tack vare den ergonomiska designen...\" \/>\n<meta property=\"og:url\" content=\"https:\/\/truusk.store\/sv\/produkt\/truusk-hopfallbar-solstol-tradgard-4-stegs-ryggstod-justerbart-stalnattyg-svart-197-x-58-x-76-cm\/\" \/>\n<meta property=\"og:site_name\" content=\"TRUUSK - Hem, Tr\u00e4dg\u00e5rd &amp; Fritid\" \/>\n<meta property=\"article:modified_time\" content=\"2026-03-12T08:01:37+00:00\" \/>\n<meta property=\"og:image\" content=\"https:\/\/i0.wp.com\/truusk.se\/wp-content\/uploads\/2024\/02\/solstol-hopfallbar-tradgardsstol-hopfallbar-solstol-tradgard-4-stegs-ryggstod-justerbart-stalnattyg-svart-197-x-58-x-76-cm.webp?fit=800%2C800&ssl=1\" \/>\n\t<meta property=\"og:image:width\" content=\"800\" \/>\n\t<meta property=\"og:image:height\" content=\"800\" \/>\n\t<meta property=\"og:image:type\" content=\"image\/webp\" \/>\n<meta name=\"twitter:card\" content=\"summary_large_image\" \/>\n<meta name=\"twitter:label1\" content=\"Ber\u00e4knad l\u00e4stid\" \/>\n\t<meta name=\"twitter:data1\" content=\"1 minut\" \/>\n<!-- \/ Yoast SEO plugin. -->","yoast_head_json":{"title":"TRUUSK Hopf\u00e4llbar Solstol Tr\u00e4dg\u00e5rd - 4-stegs Ryggst\u00f6d - Justerbart - St\u00e5ln\u00e4ttyg - Svart 197 x 58 x 76 cm - TRUUSK - Hem, Tr\u00e4dg\u00e5rd &amp; Fritid","robots":{"index":"index","follow":"follow","max-snippet":"max-snippet:-1","max-image-preview":"max-image-preview:large","max-video-preview":"max-video-preview:-1"},"canonical":"https:\/\/truusk.store\/sv\/produkt\/truusk-hopfallbar-solstol-tradgard-4-stegs-ryggstod-justerbart-stalnattyg-svart-197-x-58-x-76-cm\/","og_locale":"sv_SE","og_type":"article","og_title":"TRUUSK Hopf\u00e4llbar Solstol Tr\u00e4dg\u00e5rd - 4-stegs Ryggst\u00f6d - Justerbart - St\u00e5ln\u00e4ttyg - Svart 197 x 58 x 76 cm - TRUUSK - Hem, Tr\u00e4dg\u00e5rd &amp; Fritid","og_description":"Koppla av bekv\u00e4mt och bekv\u00e4mt i tr\u00e4dg\u00e5rden, parken eller p\u00e5 stranden p\u00e5 denna moderna solstol! Tack vare den ergonomiska designen...","og_url":"https:\/\/truusk.store\/sv\/produkt\/truusk-hopfallbar-solstol-tradgard-4-stegs-ryggstod-justerbart-stalnattyg-svart-197-x-58-x-76-cm\/","og_site_name":"TRUUSK - Hem, Tr\u00e4dg\u00e5rd &amp; Fritid","article_modified_time":"2026-03-12T08:01:37+00:00","og_image":[{"width":800,"height":800,"url":"https:\/\/i0.wp.com\/truusk.se\/wp-content\/uploads\/2024\/02\/solstol-hopfallbar-tradgardsstol-hopfallbar-solstol-tradgard-4-stegs-ryggstod-justerbart-stalnattyg-svart-197-x-58-x-76-cm.webp?fit=800%2C800&ssl=1","type":"image\/webp"}],"twitter_card":"summary_large_image","twitter_misc":{"Ber\u00e4knad l\u00e4stid":"1 minut"},"schema":{"@context":"https:\/\/schema.org","@graph":[{"@type":"WebPage","@id":"https:\/\/truusk.store\/sv\/produkt\/truusk-hopfallbar-solstol-tradgard-4-stegs-ryggstod-justerbart-stalnattyg-svart-197-x-58-x-76-cm\/","url":"https:\/\/truusk.store\/sv\/produkt\/truusk-hopfallbar-solstol-tradgard-4-stegs-ryggstod-justerbart-stalnattyg-svart-197-x-58-x-76-cm\/","name":"TRUUSK Hopf\u00e4llbar Solstol Tr\u00e4dg\u00e5rd - 4-stegs Ryggst\u00f6d - Justerbart - St\u00e5ln\u00e4ttyg - Svart 197 x 58 x 76 cm - TRUUSK - Hem, Tr\u00e4dg\u00e5rd &amp; Fritid","isPartOf":{"@id":"https:\/\/truusk.store\/sv\/#website"},"primaryImageOfPage":{"@id":"https:\/\/truusk.store\/sv\/produkt\/truusk-hopfallbar-solstol-tradgard-4-stegs-ryggstod-justerbart-stalnattyg-svart-197-x-58-x-76-cm\/#primaryimage"},"image":{"@id":"https:\/\/truusk.store\/sv\/produkt\/truusk-hopfallbar-solstol-tradgard-4-stegs-ryggstod-justerbart-stalnattyg-svart-197-x-58-x-76-cm\/#primaryimage"},"thumbnailUrl":"https:\/\/i0.wp.com\/truusk.store\/wp-content\/uploads\/2024\/02\/solstol-hopfallbar-tradgardsstol-hopfallbar-solstol-tradgard-4-stegs-ryggstod-justerbart-stalnattyg-svart-197-x-58-x-76-cm.webp?fit=800%2C800&ssl=1","datePublished":"2024-02-13T13:14:49+00:00","dateModified":"2026-03-12T08:01:37+00:00","breadcrumb":{"@id":"https:\/\/truusk.store\/sv\/produkt\/truusk-hopfallbar-solstol-tradgard-4-stegs-ryggstod-justerbart-stalnattyg-svart-197-x-58-x-76-cm\/#breadcrumb"},"inLanguage":"sv-SE","potentialAction":[{"@type":"ReadAction","target":["https:\/\/truusk.store\/sv\/produkt\/truusk-hopfallbar-solstol-tradgard-4-stegs-ryggstod-justerbart-stalnattyg-svart-197-x-58-x-76-cm\/"]}]},{"@type":"ImageObject","inLanguage":"sv-SE","@id":"https:\/\/truusk.store\/sv\/produkt\/truusk-hopfallbar-solstol-tradgard-4-stegs-ryggstod-justerbart-stalnattyg-svart-197-x-58-x-76-cm\/#primaryimage","url":"https:\/\/i0.wp.com\/truusk.store\/wp-content\/uploads\/2024\/02\/solstol-hopfallbar-tradgardsstol-hopfallbar-solstol-tradgard-4-stegs-ryggstod-justerbart-stalnattyg-svart-197-x-58-x-76-cm.webp?fit=800%2C800&ssl=1","contentUrl":"https:\/\/i0.wp.com\/truusk.store\/wp-content\/uploads\/2024\/02\/solstol-hopfallbar-tradgardsstol-hopfallbar-solstol-tradgard-4-stegs-ryggstod-justerbart-stalnattyg-svart-197-x-58-x-76-cm.webp?fit=800%2C800&ssl=1","width":800,"height":800,"caption":"Solstol Hopf\u00e4llbar Tr\u00e4dg\u00e5rdsstol Hopf\u00e4llbar Solstol Tr\u00e4dg\u00e5rd 4-stegs Ryggst\u00f6d Justerbart St\u00e5ln\u00e4ttyg Svart 197 X 58 X 76 Cm 1"},{"@type":"BreadcrumbList","@id":"https:\/\/truusk.store\/sv\/produkt\/truusk-hopfallbar-solstol-tradgard-4-stegs-ryggstod-justerbart-stalnattyg-svart-197-x-58-x-76-cm\/#breadcrumb","itemListElement":[{"@type":"ListItem","position":1,"name":"Home","item":"https:\/\/truusk.store\/sv\/"},{"@type":"ListItem","position":2,"name":"Shop","item":"https:\/\/truusk.store\/shop\/"},{"@type":"ListItem","position":3,"name":"TRUUSK Hopf\u00e4llbar Solstol Tr\u00e4dg\u00e5rd &#8211; 4-stegs Ryggst\u00f6d &#8211; Justerbart &#8211; St\u00e5ln\u00e4ttyg &#8211; Svart 197 x 58 x 76 cm"}]},{"@type":"WebSite","@id":"https:\/\/truusk.store\/sv\/#website","url":"https:\/\/truusk.store\/sv\/","name":"TRUUSK - Hem, Tr\u00e4dg\u00e5rd & Fritid","description":"","publisher":{"@id":"https:\/\/truusk.store\/sv\/#organization"},"potentialAction":[{"@type":"SearchAction","target":{"@type":"EntryPoint","urlTemplate":"https:\/\/truusk.store\/sv\/?s={search_term_string}"},"query-input":{"@type":"PropertyValueSpecification","valueRequired":true,"valueName":"search_term_string"}}],"inLanguage":"sv-SE"},{"@type":"Organization","@id":"https:\/\/truusk.store\/sv\/#organization","name":"TRUUSK - Hem, Tr\u00e4dg\u00e5rd & Fritid","url":"https:\/\/truusk.store\/sv\/","logo":{"@type":"ImageObject","inLanguage":"sv-SE","@id":"https:\/\/truusk.store\/sv\/#\/schema\/logo\/image\/","url":"https:\/\/i0.wp.com\/truusk.store\/wp-content\/uploads\/2026\/03\/cropped-TRUUSK.png?fit=2032%2C917&ssl=1","contentUrl":"https:\/\/i0.wp.com\/truusk.store\/wp-content\/uploads\/2026\/03\/cropped-TRUUSK.png?fit=2032%2C917&ssl=1","width":2032,"height":917,"caption":"TRUUSK - Hem, Tr\u00e4dg\u00e5rd & Fritid"},"image":{"@id":"https:\/\/truusk.store\/sv\/#\/schema\/logo\/image\/"}}]}},"jetpack_sharing_enabled":true,"_links":{"self":[{"href":"https:\/\/truusk.store\/sv\/wp-json\/wp\/v2\/product\/18240","targetHints":{"allow":["GET"]}}],"collection":[{"href":"https:\/\/truusk.store\/sv\/wp-json\/wp\/v2\/product"}],"about":[{"href":"https:\/\/truusk.store\/sv\/wp-json\/wp\/v2\/types\/product"}],"wp:featuredmedia":[{"embeddable":true,"href":"https:\/\/truusk.store\/sv\/wp-json\/wp\/v2\/media\/18241"}],"wp:attachment":[{"href":"https:\/\/truusk.store\/sv\/wp-json\/wp\/v2\/media?parent=18240"}],"wp:term":[{"taxonomy":"product_brand","embeddable":true,"href":"https:\/\/truusk.store\/sv\/wp-json\/wp\/v2\/product_brand?post=18240"},{"taxonomy":"product_cat","embeddable":true,"href":"https:\/\/truusk.store\/sv\/wp-json\/wp\/v2\/product_cat?post=18240"},{"taxonomy":"product_tag","embeddable":true,"href":"https:\/\/truusk.store\/sv\/wp-json\/wp\/v2\/product_tag?post=18240"}],"curies":[{"name":"wp","href":"https:\/\/api.w.org\/{rel}","templated":true}]}}