{"id":18251,"date":"2024-02-13T14:15:05","date_gmt":"2024-02-13T13:15:05","guid":{"rendered":"https:\/\/truusk.store\/product\/pop-up-talt-automatisk-montering-vaderbestandig-hydraulisk-tryckmekanism-240-cm-x-240-cm-x-199-cm-gron-gra\/"},"modified":"2026-03-12T09:01:38","modified_gmt":"2026-03-12T08:01:38","slug":"truusk-pop-up-talt-automatisk-montering-vaderbestandig-hydraulisk-tryckmekanism-240-cm-x-240-cm-x-199-cm-gron-gra","status":"publish","type":"product","link":"https:\/\/truusk.store\/sv\/produkt\/truusk-pop-up-talt-automatisk-montering-vaderbestandig-hydraulisk-tryckmekanism-240-cm-x-240-cm-x-199-cm-gron-gra\/","title":{"rendered":"TRUUSK Pop-up T\u00e4lt &#8211; Automatisk Montering &#8211; V\u00e4derbest\u00e4ndig &#8211; Hydraulisk Tryckmekanism &#8211; 240 cm x 240 cm x 199 cm &#8211; Gr\u00f6n + Gr\u00e5"},"content":{"rendered":"<p>Oavsett om det \u00e4r sommar, v\u00e5r eller h\u00f6st &#8211; detta popup-t\u00e4lt kan s\u00e4ttas upp p\u00e5 nolltid och \u00e4r redo f\u00f6r omedelbar anv\u00e4ndning. Campingt\u00e4ltet inneh\u00e5ller en enkel hydraulisk tryckmekanism f\u00f6r automatisk uppst\u00e4llning och demontering med en knapptryckning. Det rymliga popup-t\u00e4ltet har plats f\u00f6r 5 personer och har ett extra fack f\u00f6r husdjur eller bagage. Tack vare det v\u00e4derbest\u00e4ndiga materialet kan du campa oavsett v\u00e4der. Njut nu av en of\u00f6rgl\u00f6mlig campingupplevelse med detta popup-t\u00e4lt.<\/p>\n<h3>Beskrivning:<\/h3>\n<ul>\n<li>Pop-up t\u00e4lt erbjuder bekv\u00e4m plats f\u00f6r 5 personer<\/li>\n<li>Automatisk montering och demontering, redo f\u00f6r omedelbar anv\u00e4ndning<\/li>\n<li>Tv\u00e5 f\u00f6rvaringsfickor inuti f\u00f6r tillbeh\u00f6r, mat etc. &#8211; En transportv\u00e4ska f\u00f6r enkel transport och platsbesparande f\u00f6rvaring n\u00e4r den inte anv\u00e4nds<\/li>\n<li>8 markspetsar f\u00f6r stabil f\u00f6rankring i marken<\/li>\n<li>4 d\u00f6rrar och 2 f\u00f6nster f\u00f6r enkel \u00e5tkomst och god ventilation<\/li>\n<li>Obs: Ej l\u00e4mplig f\u00f6r anv\u00e4ndning i h\u00e5rt v\u00e4der<\/li>\n<\/ul>\n<h3>Teknisk data:<\/h3>\n<ul>\n<li>F\u00e4rger: milit\u00e4rgr\u00f6n+gr\u00e5<\/li>\n<li>Material: polyester, aluminium, glasfiber<\/li>\n<li>\u00d6vergripande m\u00e5tt: 240L x 240W x 199H cm<\/li>\n<li>F\u00f6nster: 123L x 64W cm<\/li>\n<li>Montering kr\u00e4vs<\/li>\n<\/ul>\n<h3>Leveransens omfattning:<\/h3>\n<ul>\n<li>1x t\u00e4lt<\/li>\n<li>1x transportv\u00e4ska<\/li>\n<li>8 x pinnar<\/li>\n<\/ul>\n","protected":false},"excerpt":{"rendered":"<p>Oavsett om det \u00e4r sommar, v\u00e5r eller h\u00f6st &#8211; detta popup-t\u00e4lt kan s\u00e4ttas upp p\u00e5 nolltid och \u00e4r redo f\u00f6r&#8230;<\/p>\n","protected":false},"featured_media":18252,"template":"","meta":[],"product_brand":[],"product_cat":[648,647,650],"product_tag":[],"class_list":{"0":"post-18251","1":"product","2":"type-product","3":"status-publish","4":"has-post-thumbnail","6":"product_cat-camping-tillbehor","7":"product_cat-sport-fritid","8":"product_cat-talt","10":"first","11":"instock","12":"sale","13":"taxable","14":"shipping-taxable","15":"purchasable","16":"product-type-simple"},"yoast_head":"<!-- This site is optimized with the Yoast SEO plugin v25.4 - https:\/\/yoast.com\/wordpress\/plugins\/seo\/ -->\n<title>TRUUSK Pop-up T\u00e4lt - Automatisk Montering - V\u00e4derbest\u00e4ndig - Hydraulisk Tryckmekanism - 240 cm x 240 cm x 199 cm - Gr\u00f6n + Gr\u00e5 - TRUUSK - Hem, Tr\u00e4dg\u00e5rd &amp; Fritid<\/title>\n<meta name=\"robots\" content=\"index, follow, max-snippet:-1, max-image-preview:large, max-video-preview:-1\" \/>\n<link rel=\"canonical\" href=\"https:\/\/truusk.store\/sv\/produkt\/truusk-pop-up-talt-automatisk-montering-vaderbestandig-hydraulisk-tryckmekanism-240-cm-x-240-cm-x-199-cm-gron-gra\/\" \/>\n<meta property=\"og:locale\" content=\"sv_SE\" \/>\n<meta property=\"og:type\" content=\"article\" \/>\n<meta property=\"og:title\" content=\"TRUUSK Pop-up T\u00e4lt - Automatisk Montering - V\u00e4derbest\u00e4ndig - Hydraulisk Tryckmekanism - 240 cm x 240 cm x 199 cm - Gr\u00f6n + Gr\u00e5 - TRUUSK - Hem, Tr\u00e4dg\u00e5rd &amp; Fritid\" \/>\n<meta property=\"og:description\" content=\"Oavsett om det \u00e4r sommar, v\u00e5r eller h\u00f6st &#8211; detta popup-t\u00e4lt kan s\u00e4ttas upp p\u00e5 nolltid och \u00e4r redo f\u00f6r...\" \/>\n<meta property=\"og:url\" content=\"https:\/\/truusk.store\/sv\/produkt\/truusk-pop-up-talt-automatisk-montering-vaderbestandig-hydraulisk-tryckmekanism-240-cm-x-240-cm-x-199-cm-gron-gra\/\" \/>\n<meta property=\"og:site_name\" content=\"TRUUSK - Hem, Tr\u00e4dg\u00e5rd &amp; Fritid\" \/>\n<meta property=\"article:modified_time\" content=\"2026-03-12T08:01:38+00:00\" \/>\n<meta property=\"og:image\" content=\"https:\/\/i0.wp.com\/truusk.se\/wp-content\/uploads\/2024\/02\/pop-up-talt-automatisk-montering-vaderbestandig-hydraulisk-tryckmekanism-240-cm-x-240-cm-x-199-cm-gron-gra.webp?fit=800%2C800&ssl=1\" \/>\n\t<meta property=\"og:image:width\" content=\"800\" \/>\n\t<meta property=\"og:image:height\" content=\"800\" \/>\n\t<meta property=\"og:image:type\" content=\"image\/webp\" \/>\n<meta name=\"twitter:card\" content=\"summary_large_image\" \/>\n<meta name=\"twitter:label1\" content=\"Ber\u00e4knad l\u00e4stid\" \/>\n\t<meta name=\"twitter:data1\" content=\"1 minut\" \/>\n<!-- \/ Yoast SEO plugin. -->","yoast_head_json":{"title":"TRUUSK Pop-up T\u00e4lt - Automatisk Montering - V\u00e4derbest\u00e4ndig - Hydraulisk Tryckmekanism - 240 cm x 240 cm x 199 cm - Gr\u00f6n + Gr\u00e5 - TRUUSK - Hem, Tr\u00e4dg\u00e5rd &amp; Fritid","robots":{"index":"index","follow":"follow","max-snippet":"max-snippet:-1","max-image-preview":"max-image-preview:large","max-video-preview":"max-video-preview:-1"},"canonical":"https:\/\/truusk.store\/sv\/produkt\/truusk-pop-up-talt-automatisk-montering-vaderbestandig-hydraulisk-tryckmekanism-240-cm-x-240-cm-x-199-cm-gron-gra\/","og_locale":"sv_SE","og_type":"article","og_title":"TRUUSK Pop-up T\u00e4lt - Automatisk Montering - V\u00e4derbest\u00e4ndig - Hydraulisk Tryckmekanism - 240 cm x 240 cm x 199 cm - Gr\u00f6n + Gr\u00e5 - TRUUSK - Hem, Tr\u00e4dg\u00e5rd &amp; Fritid","og_description":"Oavsett om det \u00e4r sommar, v\u00e5r eller h\u00f6st &#8211; detta popup-t\u00e4lt kan s\u00e4ttas upp p\u00e5 nolltid och \u00e4r redo f\u00f6r...","og_url":"https:\/\/truusk.store\/sv\/produkt\/truusk-pop-up-talt-automatisk-montering-vaderbestandig-hydraulisk-tryckmekanism-240-cm-x-240-cm-x-199-cm-gron-gra\/","og_site_name":"TRUUSK - Hem, Tr\u00e4dg\u00e5rd &amp; Fritid","article_modified_time":"2026-03-12T08:01:38+00:00","og_image":[{"width":800,"height":800,"url":"https:\/\/i0.wp.com\/truusk.se\/wp-content\/uploads\/2024\/02\/pop-up-talt-automatisk-montering-vaderbestandig-hydraulisk-tryckmekanism-240-cm-x-240-cm-x-199-cm-gron-gra.webp?fit=800%2C800&ssl=1","type":"image\/webp"}],"twitter_card":"summary_large_image","twitter_misc":{"Ber\u00e4knad l\u00e4stid":"1 minut"},"schema":{"@context":"https:\/\/schema.org","@graph":[{"@type":"WebPage","@id":"https:\/\/truusk.store\/sv\/produkt\/truusk-pop-up-talt-automatisk-montering-vaderbestandig-hydraulisk-tryckmekanism-240-cm-x-240-cm-x-199-cm-gron-gra\/","url":"https:\/\/truusk.store\/sv\/produkt\/truusk-pop-up-talt-automatisk-montering-vaderbestandig-hydraulisk-tryckmekanism-240-cm-x-240-cm-x-199-cm-gron-gra\/","name":"TRUUSK Pop-up T\u00e4lt - Automatisk Montering - V\u00e4derbest\u00e4ndig - Hydraulisk Tryckmekanism - 240 cm x 240 cm x 199 cm - Gr\u00f6n + Gr\u00e5 - TRUUSK - Hem, Tr\u00e4dg\u00e5rd &amp; Fritid","isPartOf":{"@id":"https:\/\/truusk.store\/sv\/#website"},"primaryImageOfPage":{"@id":"https:\/\/truusk.store\/sv\/produkt\/truusk-pop-up-talt-automatisk-montering-vaderbestandig-hydraulisk-tryckmekanism-240-cm-x-240-cm-x-199-cm-gron-gra\/#primaryimage"},"image":{"@id":"https:\/\/truusk.store\/sv\/produkt\/truusk-pop-up-talt-automatisk-montering-vaderbestandig-hydraulisk-tryckmekanism-240-cm-x-240-cm-x-199-cm-gron-gra\/#primaryimage"},"thumbnailUrl":"https:\/\/i0.wp.com\/truusk.store\/wp-content\/uploads\/2024\/02\/pop-up-talt-automatisk-montering-vaderbestandig-hydraulisk-tryckmekanism-240-cm-x-240-cm-x-199-cm-gron-gra.webp?fit=800%2C800&ssl=1","datePublished":"2024-02-13T13:15:05+00:00","dateModified":"2026-03-12T08:01:38+00:00","breadcrumb":{"@id":"https:\/\/truusk.store\/sv\/produkt\/truusk-pop-up-talt-automatisk-montering-vaderbestandig-hydraulisk-tryckmekanism-240-cm-x-240-cm-x-199-cm-gron-gra\/#breadcrumb"},"inLanguage":"sv-SE","potentialAction":[{"@type":"ReadAction","target":["https:\/\/truusk.store\/sv\/produkt\/truusk-pop-up-talt-automatisk-montering-vaderbestandig-hydraulisk-tryckmekanism-240-cm-x-240-cm-x-199-cm-gron-gra\/"]}]},{"@type":"ImageObject","inLanguage":"sv-SE","@id":"https:\/\/truusk.store\/sv\/produkt\/truusk-pop-up-talt-automatisk-montering-vaderbestandig-hydraulisk-tryckmekanism-240-cm-x-240-cm-x-199-cm-gron-gra\/#primaryimage","url":"https:\/\/i0.wp.com\/truusk.store\/wp-content\/uploads\/2024\/02\/pop-up-talt-automatisk-montering-vaderbestandig-hydraulisk-tryckmekanism-240-cm-x-240-cm-x-199-cm-gron-gra.webp?fit=800%2C800&ssl=1","contentUrl":"https:\/\/i0.wp.com\/truusk.store\/wp-content\/uploads\/2024\/02\/pop-up-talt-automatisk-montering-vaderbestandig-hydraulisk-tryckmekanism-240-cm-x-240-cm-x-199-cm-gron-gra.webp?fit=800%2C800&ssl=1","width":800,"height":800,"caption":"Pop-up T\u00e4lt Automatisk Montering V\u00e4derbest\u00e4ndig Hydraulisk Tryckmekanism 240 Cm X 240 Cm X 199 Cm Gr\u00f6n + Gr\u00e5 1"},{"@type":"BreadcrumbList","@id":"https:\/\/truusk.store\/sv\/produkt\/truusk-pop-up-talt-automatisk-montering-vaderbestandig-hydraulisk-tryckmekanism-240-cm-x-240-cm-x-199-cm-gron-gra\/#breadcrumb","itemListElement":[{"@type":"ListItem","position":1,"name":"Home","item":"https:\/\/truusk.store\/sv\/"},{"@type":"ListItem","position":2,"name":"Shop","item":"https:\/\/truusk.store\/shop\/"},{"@type":"ListItem","position":3,"name":"TRUUSK Pop-up T\u00e4lt &#8211; Automatisk Montering &#8211; V\u00e4derbest\u00e4ndig &#8211; Hydraulisk Tryckmekanism &#8211; 240 cm x 240 cm x 199 cm &#8211; Gr\u00f6n + Gr\u00e5"}]},{"@type":"WebSite","@id":"https:\/\/truusk.store\/sv\/#website","url":"https:\/\/truusk.store\/sv\/","name":"TRUUSK - Hem, Tr\u00e4dg\u00e5rd & Fritid","description":"","publisher":{"@id":"https:\/\/truusk.store\/sv\/#organization"},"potentialAction":[{"@type":"SearchAction","target":{"@type":"EntryPoint","urlTemplate":"https:\/\/truusk.store\/sv\/?s={search_term_string}"},"query-input":{"@type":"PropertyValueSpecification","valueRequired":true,"valueName":"search_term_string"}}],"inLanguage":"sv-SE"},{"@type":"Organization","@id":"https:\/\/truusk.store\/sv\/#organization","name":"TRUUSK - Hem, Tr\u00e4dg\u00e5rd & Fritid","url":"https:\/\/truusk.store\/sv\/","logo":{"@type":"ImageObject","inLanguage":"sv-SE","@id":"https:\/\/truusk.store\/sv\/#\/schema\/logo\/image\/","url":"https:\/\/i0.wp.com\/truusk.store\/wp-content\/uploads\/2026\/03\/cropped-TRUUSK.png?fit=2032%2C917&ssl=1","contentUrl":"https:\/\/i0.wp.com\/truusk.store\/wp-content\/uploads\/2026\/03\/cropped-TRUUSK.png?fit=2032%2C917&ssl=1","width":2032,"height":917,"caption":"TRUUSK - Hem, Tr\u00e4dg\u00e5rd & Fritid"},"image":{"@id":"https:\/\/truusk.store\/sv\/#\/schema\/logo\/image\/"}}]}},"jetpack_sharing_enabled":true,"_links":{"self":[{"href":"https:\/\/truusk.store\/sv\/wp-json\/wp\/v2\/product\/18251","targetHints":{"allow":["GET"]}}],"collection":[{"href":"https:\/\/truusk.store\/sv\/wp-json\/wp\/v2\/product"}],"about":[{"href":"https:\/\/truusk.store\/sv\/wp-json\/wp\/v2\/types\/product"}],"wp:featuredmedia":[{"embeddable":true,"href":"https:\/\/truusk.store\/sv\/wp-json\/wp\/v2\/media\/18252"}],"wp:attachment":[{"href":"https:\/\/truusk.store\/sv\/wp-json\/wp\/v2\/media?parent=18251"}],"wp:term":[{"taxonomy":"product_brand","embeddable":true,"href":"https:\/\/truusk.store\/sv\/wp-json\/wp\/v2\/product_brand?post=18251"},{"taxonomy":"product_cat","embeddable":true,"href":"https:\/\/truusk.store\/sv\/wp-json\/wp\/v2\/product_cat?post=18251"},{"taxonomy":"product_tag","embeddable":true,"href":"https:\/\/truusk.store\/sv\/wp-json\/wp\/v2\/product_tag?post=18251"}],"curies":[{"name":"wp","href":"https:\/\/api.w.org\/{rel}","templated":true}]}}