{"id":18260,"date":"2024-02-13T14:15:24","date_gmt":"2024-02-13T13:15:24","guid":{"rendered":"https:\/\/truusk.store\/product\/tilltradesramp-for-rullstolsramp-rullstolsrullatorer-hopfallbar-aluminium-pvc-270-kg-lastkapacitet-svart-93-x-73-x-5-cm\/"},"modified":"2026-03-12T09:01:38","modified_gmt":"2026-03-12T08:01:38","slug":"truusk-tilltradesramp-for-rullstolar-hopfallbar-aluminium-pvc-270-kg-lastkapacitet-svart-93-x-73-x-5-cm","status":"publish","type":"product","link":"https:\/\/truusk.store\/sv\/produkt\/truusk-tilltradesramp-for-rullstolar-hopfallbar-aluminium-pvc-270-kg-lastkapacitet-svart-93-x-73-x-5-cm\/","title":{"rendered":"TRUUSK Tilltr\u00e4desramp f\u00f6r Rullstolar &#8211; Hopf\u00e4llbar Aluminium PVC &#8211; 270 kg Lastkapacitet &#8211; Svart &#8211; 93 x 73 x 5 cm"},"content":{"rendered":"<p>Skapa enkel r\u00f6rlighet med denna l\u00e4tttransporterade aluminiumramp. Tillverkad av robust, rostbest\u00e4ndig aluminiumlegering f\u00f6r h\u00e5llbarhet och h\u00f6g motst\u00e5ndskraft. Rampen \u00e4r t\u00e4ckt med ett halkfritt PVC-skikt och r\u00e4cket f\u00f6rhindrar fall. Den \u00e4r l\u00e4tt att f\u00e4lla ihop och d\u00e4rf\u00f6r l\u00e4tt att transportera. Rampen kan st\u00e4llas upp och tas ner p\u00e5 n\u00e5gra sekunder. Inte bara l\u00e4mplig f\u00f6r rullstolar, utan \u00e4ven f\u00f6r skotrar, cyklar med mera.<\/p>\n<h3>Beskrivning:<\/h3>\n<ul>\n<li>Stabil och rosts\u00e4ker tack vare aluminiumlegering<\/li>\n<li>L\u00e4mplig f\u00f6r rullstolar, skotrar och cyklar<\/li>\n<li>Yta t\u00e4ckt med svart, halkfri PVC<\/li>\n<li>Med r\u00e4cke f\u00f6r att f\u00f6rhindra fall<\/li>\n<li>F\u00e4lls tv\u00e5 g\u00e5nger med b\u00e4rhandtag f\u00f6r enkel transport<\/li>\n<li>L\u00e4mplig f\u00f6r plan, oj\u00e4mn mark i b\u00e5da \u00e4ndar<\/li>\n<li>Aluminiumram \u00e4r l\u00e4tt att transportera<\/li>\n<li>S\u00e4kerhetsbacke 30 f\u00f6r eng\u00e5ngsbruk, 40 med medhj\u00e4lpare<\/li>\n<li>Montering kr\u00e4vs<\/li>\n<\/ul>\n<h3>Teknisk data:<\/h3>\n<ul>\n<li>Material: aluminium, PVC<\/li>\n<li>Lastkapacitet: 270 kg<\/li>\n<li>M\u00e5tt: L93 x B73 x H5 cm<\/li>\n<li>M\u00e5tt (vikt): L93 x B36 x H10 cm<\/li>\n<li>F\u00e4rg: Silver+svart<\/li>\n<li>Nettovikt: 8,3 kg<\/li>\n<li>OBS: Var uppm\u00e4rksam p\u00e5 storlek och plats<\/li>\n<\/ul>\n<h3>Leveransens omfattning:<\/h3>\n<ul>\n<li>1 x Rullstolsramp<\/li>\n<li>1 x Monteringsanvisning<\/li>\n<\/ul>\n","protected":false},"excerpt":{"rendered":"<p>Skapa enkel r\u00f6rlighet med denna l\u00e4tttransporterade aluminiumramp. Tillverkad av robust, rostbest\u00e4ndig aluminiumlegering f\u00f6r h\u00e5llbarhet och h\u00f6g motst\u00e5ndskraft. Rampen \u00e4r t\u00e4ckt&#8230;<\/p>\n","protected":false},"featured_media":18261,"template":"","meta":[],"product_brand":[],"product_cat":[562,485,565],"product_tag":[],"class_list":{"0":"post-18260","1":"product","2":"type-product","3":"status-publish","4":"has-post-thumbnail","6":"product_cat-halsa-och-rorlighet","7":"product_cat-hus-bo","8":"product_cat-rullstolsramper","10":"first","11":"instock","12":"sale","13":"taxable","14":"shipping-taxable","15":"purchasable","16":"product-type-simple"},"yoast_head":"<!-- This site is optimized with the Yoast SEO plugin v25.4 - https:\/\/yoast.com\/wordpress\/plugins\/seo\/ -->\n<title>TRUUSK Tilltr\u00e4desramp f\u00f6r Rullstolar - Hopf\u00e4llbar Aluminium PVC - 270 kg Lastkapacitet - Svart - 93 x 73 x 5 cm - TRUUSK - Hem, Tr\u00e4dg\u00e5rd &amp; Fritid<\/title>\n<meta name=\"robots\" content=\"index, follow, max-snippet:-1, max-image-preview:large, max-video-preview:-1\" \/>\n<link rel=\"canonical\" href=\"https:\/\/truusk.store\/sv\/produkt\/truusk-tilltradesramp-for-rullstolar-hopfallbar-aluminium-pvc-270-kg-lastkapacitet-svart-93-x-73-x-5-cm\/\" \/>\n<meta property=\"og:locale\" content=\"sv_SE\" \/>\n<meta property=\"og:type\" content=\"article\" \/>\n<meta property=\"og:title\" content=\"TRUUSK Tilltr\u00e4desramp f\u00f6r Rullstolar - Hopf\u00e4llbar Aluminium PVC - 270 kg Lastkapacitet - Svart - 93 x 73 x 5 cm - TRUUSK - Hem, Tr\u00e4dg\u00e5rd &amp; Fritid\" \/>\n<meta property=\"og:description\" content=\"Skapa enkel r\u00f6rlighet med denna l\u00e4tttransporterade aluminiumramp. Tillverkad av robust, rostbest\u00e4ndig aluminiumlegering f\u00f6r h\u00e5llbarhet och h\u00f6g motst\u00e5ndskraft. Rampen \u00e4r t\u00e4ckt...\" \/>\n<meta property=\"og:url\" content=\"https:\/\/truusk.store\/sv\/produkt\/truusk-tilltradesramp-for-rullstolar-hopfallbar-aluminium-pvc-270-kg-lastkapacitet-svart-93-x-73-x-5-cm\/\" \/>\n<meta property=\"og:site_name\" content=\"TRUUSK - Hem, Tr\u00e4dg\u00e5rd &amp; Fritid\" \/>\n<meta property=\"article:modified_time\" content=\"2026-03-12T08:01:38+00:00\" \/>\n<meta property=\"og:image\" content=\"https:\/\/i0.wp.com\/truusk.se\/wp-content\/uploads\/2024\/02\/tilltradesramp-for-rullstolsramp-rullstolsrullatorer-hopfallbar-aluminium-pvc-270-kg-lastkapacitet-svart-93-x-73-x-5-cm.webp?fit=800%2C800&ssl=1\" \/>\n\t<meta property=\"og:image:width\" content=\"800\" \/>\n\t<meta property=\"og:image:height\" content=\"800\" \/>\n\t<meta property=\"og:image:type\" content=\"image\/webp\" \/>\n<meta name=\"twitter:card\" content=\"summary_large_image\" \/>\n<meta name=\"twitter:label1\" content=\"Ber\u00e4knad l\u00e4stid\" \/>\n\t<meta name=\"twitter:data1\" content=\"1 minut\" \/>\n<!-- \/ Yoast SEO plugin. -->","yoast_head_json":{"title":"TRUUSK Tilltr\u00e4desramp f\u00f6r Rullstolar - Hopf\u00e4llbar Aluminium PVC - 270 kg Lastkapacitet - Svart - 93 x 73 x 5 cm - TRUUSK - Hem, Tr\u00e4dg\u00e5rd &amp; Fritid","robots":{"index":"index","follow":"follow","max-snippet":"max-snippet:-1","max-image-preview":"max-image-preview:large","max-video-preview":"max-video-preview:-1"},"canonical":"https:\/\/truusk.store\/sv\/produkt\/truusk-tilltradesramp-for-rullstolar-hopfallbar-aluminium-pvc-270-kg-lastkapacitet-svart-93-x-73-x-5-cm\/","og_locale":"sv_SE","og_type":"article","og_title":"TRUUSK Tilltr\u00e4desramp f\u00f6r Rullstolar - Hopf\u00e4llbar Aluminium PVC - 270 kg Lastkapacitet - Svart - 93 x 73 x 5 cm - TRUUSK - Hem, Tr\u00e4dg\u00e5rd &amp; Fritid","og_description":"Skapa enkel r\u00f6rlighet med denna l\u00e4tttransporterade aluminiumramp. Tillverkad av robust, rostbest\u00e4ndig aluminiumlegering f\u00f6r h\u00e5llbarhet och h\u00f6g motst\u00e5ndskraft. Rampen \u00e4r t\u00e4ckt...","og_url":"https:\/\/truusk.store\/sv\/produkt\/truusk-tilltradesramp-for-rullstolar-hopfallbar-aluminium-pvc-270-kg-lastkapacitet-svart-93-x-73-x-5-cm\/","og_site_name":"TRUUSK - Hem, Tr\u00e4dg\u00e5rd &amp; Fritid","article_modified_time":"2026-03-12T08:01:38+00:00","og_image":[{"width":800,"height":800,"url":"https:\/\/i0.wp.com\/truusk.se\/wp-content\/uploads\/2024\/02\/tilltradesramp-for-rullstolsramp-rullstolsrullatorer-hopfallbar-aluminium-pvc-270-kg-lastkapacitet-svart-93-x-73-x-5-cm.webp?fit=800%2C800&ssl=1","type":"image\/webp"}],"twitter_card":"summary_large_image","twitter_misc":{"Ber\u00e4knad l\u00e4stid":"1 minut"},"schema":{"@context":"https:\/\/schema.org","@graph":[{"@type":"WebPage","@id":"https:\/\/truusk.store\/sv\/produkt\/truusk-tilltradesramp-for-rullstolar-hopfallbar-aluminium-pvc-270-kg-lastkapacitet-svart-93-x-73-x-5-cm\/","url":"https:\/\/truusk.store\/sv\/produkt\/truusk-tilltradesramp-for-rullstolar-hopfallbar-aluminium-pvc-270-kg-lastkapacitet-svart-93-x-73-x-5-cm\/","name":"TRUUSK Tilltr\u00e4desramp f\u00f6r Rullstolar - Hopf\u00e4llbar Aluminium PVC - 270 kg Lastkapacitet - Svart - 93 x 73 x 5 cm - TRUUSK - Hem, Tr\u00e4dg\u00e5rd &amp; Fritid","isPartOf":{"@id":"https:\/\/truusk.store\/sv\/#website"},"primaryImageOfPage":{"@id":"https:\/\/truusk.store\/sv\/produkt\/truusk-tilltradesramp-for-rullstolar-hopfallbar-aluminium-pvc-270-kg-lastkapacitet-svart-93-x-73-x-5-cm\/#primaryimage"},"image":{"@id":"https:\/\/truusk.store\/sv\/produkt\/truusk-tilltradesramp-for-rullstolar-hopfallbar-aluminium-pvc-270-kg-lastkapacitet-svart-93-x-73-x-5-cm\/#primaryimage"},"thumbnailUrl":"https:\/\/i0.wp.com\/truusk.store\/wp-content\/uploads\/2024\/02\/tilltradesramp-for-rullstolsramp-rullstolsrullatorer-hopfallbar-aluminium-pvc-270-kg-lastkapacitet-svart-93-x-73-x-5-cm.webp?fit=800%2C800&ssl=1","datePublished":"2024-02-13T13:15:24+00:00","dateModified":"2026-03-12T08:01:38+00:00","breadcrumb":{"@id":"https:\/\/truusk.store\/sv\/produkt\/truusk-tilltradesramp-for-rullstolar-hopfallbar-aluminium-pvc-270-kg-lastkapacitet-svart-93-x-73-x-5-cm\/#breadcrumb"},"inLanguage":"sv-SE","potentialAction":[{"@type":"ReadAction","target":["https:\/\/truusk.store\/sv\/produkt\/truusk-tilltradesramp-for-rullstolar-hopfallbar-aluminium-pvc-270-kg-lastkapacitet-svart-93-x-73-x-5-cm\/"]}]},{"@type":"ImageObject","inLanguage":"sv-SE","@id":"https:\/\/truusk.store\/sv\/produkt\/truusk-tilltradesramp-for-rullstolar-hopfallbar-aluminium-pvc-270-kg-lastkapacitet-svart-93-x-73-x-5-cm\/#primaryimage","url":"https:\/\/i0.wp.com\/truusk.store\/wp-content\/uploads\/2024\/02\/tilltradesramp-for-rullstolsramp-rullstolsrullatorer-hopfallbar-aluminium-pvc-270-kg-lastkapacitet-svart-93-x-73-x-5-cm.webp?fit=800%2C800&ssl=1","contentUrl":"https:\/\/i0.wp.com\/truusk.store\/wp-content\/uploads\/2024\/02\/tilltradesramp-for-rullstolsramp-rullstolsrullatorer-hopfallbar-aluminium-pvc-270-kg-lastkapacitet-svart-93-x-73-x-5-cm.webp?fit=800%2C800&ssl=1","width":800,"height":800,"caption":"Tilltr\u00e4desramp F\u00f6r Rullstolsramp Rullstolsrullatorer Hopf\u00e4llbar Aluminium PVC, 270 Kg Lastkapacitet, Svart, 93 X 73 X 5 Cm 1"},{"@type":"BreadcrumbList","@id":"https:\/\/truusk.store\/sv\/produkt\/truusk-tilltradesramp-for-rullstolar-hopfallbar-aluminium-pvc-270-kg-lastkapacitet-svart-93-x-73-x-5-cm\/#breadcrumb","itemListElement":[{"@type":"ListItem","position":1,"name":"Home","item":"https:\/\/truusk.store\/sv\/"},{"@type":"ListItem","position":2,"name":"Shop","item":"https:\/\/truusk.store\/shop\/"},{"@type":"ListItem","position":3,"name":"TRUUSK Tilltr\u00e4desramp f\u00f6r Rullstolar &#8211; Hopf\u00e4llbar Aluminium PVC &#8211; 270 kg Lastkapacitet &#8211; Svart &#8211; 93 x 73 x 5 cm"}]},{"@type":"WebSite","@id":"https:\/\/truusk.store\/sv\/#website","url":"https:\/\/truusk.store\/sv\/","name":"TRUUSK - Hem, Tr\u00e4dg\u00e5rd & Fritid","description":"","publisher":{"@id":"https:\/\/truusk.store\/sv\/#organization"},"potentialAction":[{"@type":"SearchAction","target":{"@type":"EntryPoint","urlTemplate":"https:\/\/truusk.store\/sv\/?s={search_term_string}"},"query-input":{"@type":"PropertyValueSpecification","valueRequired":true,"valueName":"search_term_string"}}],"inLanguage":"sv-SE"},{"@type":"Organization","@id":"https:\/\/truusk.store\/sv\/#organization","name":"TRUUSK - Hem, Tr\u00e4dg\u00e5rd & Fritid","url":"https:\/\/truusk.store\/sv\/","logo":{"@type":"ImageObject","inLanguage":"sv-SE","@id":"https:\/\/truusk.store\/sv\/#\/schema\/logo\/image\/","url":"https:\/\/i0.wp.com\/truusk.store\/wp-content\/uploads\/2026\/03\/cropped-TRUUSK.png?fit=2032%2C917&ssl=1","contentUrl":"https:\/\/i0.wp.com\/truusk.store\/wp-content\/uploads\/2026\/03\/cropped-TRUUSK.png?fit=2032%2C917&ssl=1","width":2032,"height":917,"caption":"TRUUSK - Hem, Tr\u00e4dg\u00e5rd & Fritid"},"image":{"@id":"https:\/\/truusk.store\/sv\/#\/schema\/logo\/image\/"}}]}},"jetpack_sharing_enabled":true,"_links":{"self":[{"href":"https:\/\/truusk.store\/sv\/wp-json\/wp\/v2\/product\/18260","targetHints":{"allow":["GET"]}}],"collection":[{"href":"https:\/\/truusk.store\/sv\/wp-json\/wp\/v2\/product"}],"about":[{"href":"https:\/\/truusk.store\/sv\/wp-json\/wp\/v2\/types\/product"}],"wp:featuredmedia":[{"embeddable":true,"href":"https:\/\/truusk.store\/sv\/wp-json\/wp\/v2\/media\/18261"}],"wp:attachment":[{"href":"https:\/\/truusk.store\/sv\/wp-json\/wp\/v2\/media?parent=18260"}],"wp:term":[{"taxonomy":"product_brand","embeddable":true,"href":"https:\/\/truusk.store\/sv\/wp-json\/wp\/v2\/product_brand?post=18260"},{"taxonomy":"product_cat","embeddable":true,"href":"https:\/\/truusk.store\/sv\/wp-json\/wp\/v2\/product_cat?post=18260"},{"taxonomy":"product_tag","embeddable":true,"href":"https:\/\/truusk.store\/sv\/wp-json\/wp\/v2\/product_tag?post=18260"}],"curies":[{"name":"wp","href":"https:\/\/api.w.org\/{rel}","templated":true}]}}