{"id":18333,"date":"2024-02-13T14:17:36","date_gmt":"2024-02-13T13:17:36","guid":{"rendered":"https:\/\/truusk.store\/product\/tradgardssang-solstol-solstol-i-rotting-tradgardsmobler-mobil-solstol-med-kuddar-och-hjul-polyrotting-metall-kaffebrun-200-x-73-x-30-103cm\/"},"modified":"2026-03-12T09:01:40","modified_gmt":"2026-03-12T08:01:40","slug":"truusk-tradgardssang-i-rotting-solstol-med-kuddar-och-hjul-polyrotting-metall-kaffebrun-200x73x30-103cm","status":"publish","type":"product","link":"https:\/\/truusk.store\/sv\/produkt\/truusk-tradgardssang-i-rotting-solstol-med-kuddar-och-hjul-polyrotting-metall-kaffebrun-200x73x30-103cm\/","title":{"rendered":"TRUUSK Tr\u00e4dg\u00e5rdss\u00e4ng i Rotting &#8211; Solstol med Kuddar och Hjul &#8211; Polyrotting + Metall &#8211; Kaffebrun &#8211; 200x73x30-103cm"},"content":{"rendered":"<p>Denna smakfulla mobila tr\u00e4dg\u00e5rdsstol av polyrotting k\u00e4nnetecknas av b\u00e5de sin innovativa design och f\u00f6rstklassiga utf\u00f6rande. Denna solstol \u00e4r tillverkad av robust metall med v\u00e4derbest\u00e4ndig polyrattan och \u00e4r idealisk f\u00f6r utomhusbruk. Det lutningsjusterbara ryggst\u00f6det och den mjuka, vadderade kudden s\u00e4kerst\u00e4ller perfekt liggn\u00f6je. Tack vare de tv\u00e5 hjulen \u00e4r denna mobila tr\u00e4dg\u00e5rdsstol l\u00e4tt att flytta, s\u00e5 att du kan koppla av var som helst och njuta av solen till fullo!<\/p>\n<h3>Beskrivning:<\/h3>\n<ul>\n<li>H\u00f6gkvalitativ, mobil tr\u00e4dg\u00e5rdss\u00e4ng av v\u00e4derbest\u00e4ndig polyrotting i modern design<\/li>\n<li>Stomme av stark metall f\u00f6r h\u00f6g stabilitet och b\u00e4rf\u00f6rm\u00e5ga<\/li>\n<li>Ryggst\u00f6dets lutningsvinkel kan justeras till 5 niv\u00e5er<\/li>\n<li>Mjuk och tjockt vadderad kudde med kudde f\u00f6r h\u00f6g liggkomfort<\/li>\n<li>Kuddfodralet \u00e4r tillverkat av vattenavvisande polyester<\/li>\n<li>L\u00e4tt att flytta tack vare de 2 gummihjulen<\/li>\n<li>Kan b\u00e4ra upp till max 160 kg<\/li>\n<li>Enkel konstruktion<\/li>\n<\/ul>\n<h3>Teknisk data:<\/h3>\n<ul>\n<li>Material: polyrotting, metall, polyester<\/li>\n<li>F\u00e4rg: kaffebrunt+gr\u00e4dde<\/li>\n<li>Totalm\u00e5tt: L200 x B73 x H(30-103) cm<\/li>\n<li>Sittyta: B57 x D120 cm<\/li>\n<li>Sitth\u00f6jd (utan dyna): 30 cm<\/li>\n<li>Ryggst\u00f6dsm\u00e5tt: B50 x H79 cm<\/li>\n<li>M\u00e5tt p\u00e5 kudden: L37 x B17 x D5 cm<\/li>\n<li>Stopptjocklek: 5 cm<\/li>\n<li>Max lastkapacitet: 160 kg<\/li>\n<\/ul>\n<h3>Leveransens omfattning:<\/h3>\n<ul>\n<li>1 x mobil tr\u00e4dg\u00e5rdsstol inklusive dyna<\/li>\n<li>1 x Monteringsanvisning<\/li>\n<\/ul>\n","protected":false},"excerpt":{"rendered":"<p>Denna smakfulla mobila tr\u00e4dg\u00e5rdsstol av polyrotting k\u00e4nnetecknas av b\u00e5de sin innovativa design och f\u00f6rstklassiga utf\u00f6rande. Denna solstol \u00e4r tillverkad av&#8230;<\/p>\n","protected":false},"featured_media":18334,"template":"","meta":[],"product_brand":[],"product_cat":[435,450,455],"product_tag":[],"class_list":{"0":"post-18333","1":"product","2":"type-product","3":"status-publish","4":"has-post-thumbnail","6":"product_cat-tradgard-och-terrass","7":"product_cat-tradgardsmobler","8":"product_cat-tradgardsmobler-i-polyrattan","10":"first","11":"instock","12":"sale","13":"taxable","14":"shipping-taxable","15":"purchasable","16":"product-type-simple"},"yoast_head":"<!-- This site is optimized with the Yoast SEO plugin v25.4 - https:\/\/yoast.com\/wordpress\/plugins\/seo\/ -->\n<title>TRUUSK Tr\u00e4dg\u00e5rdss\u00e4ng i Rotting - Solstol med Kuddar och Hjul - Polyrotting + Metall - Kaffebrun - 200x73x30-103cm - TRUUSK - Hem, Tr\u00e4dg\u00e5rd &amp; Fritid<\/title>\n<meta name=\"robots\" content=\"index, follow, max-snippet:-1, max-image-preview:large, max-video-preview:-1\" \/>\n<link rel=\"canonical\" href=\"https:\/\/truusk.store\/sv\/produkt\/truusk-tradgardssang-i-rotting-solstol-med-kuddar-och-hjul-polyrotting-metall-kaffebrun-200x73x30-103cm\/\" \/>\n<meta property=\"og:locale\" content=\"sv_SE\" \/>\n<meta property=\"og:type\" content=\"article\" \/>\n<meta property=\"og:title\" content=\"TRUUSK Tr\u00e4dg\u00e5rdss\u00e4ng i Rotting - Solstol med Kuddar och Hjul - Polyrotting + Metall - Kaffebrun - 200x73x30-103cm - TRUUSK - Hem, Tr\u00e4dg\u00e5rd &amp; Fritid\" \/>\n<meta property=\"og:description\" content=\"Denna smakfulla mobila tr\u00e4dg\u00e5rdsstol av polyrotting k\u00e4nnetecknas av b\u00e5de sin innovativa design och f\u00f6rstklassiga utf\u00f6rande. Denna solstol \u00e4r tillverkad av...\" \/>\n<meta property=\"og:url\" content=\"https:\/\/truusk.store\/sv\/produkt\/truusk-tradgardssang-i-rotting-solstol-med-kuddar-och-hjul-polyrotting-metall-kaffebrun-200x73x30-103cm\/\" \/>\n<meta property=\"og:site_name\" content=\"TRUUSK - Hem, Tr\u00e4dg\u00e5rd &amp; Fritid\" \/>\n<meta property=\"article:modified_time\" content=\"2026-03-12T08:01:40+00:00\" \/>\n<meta property=\"og:image\" content=\"https:\/\/i0.wp.com\/truusk.se\/wp-content\/uploads\/2024\/02\/tradgardssang-solstol-solstol-i-rotting-tradgardsmobler-mobil-solstol-med-kuddar-och-hjul-polyrotting-metall-kaffebrun-200-x-73-x-30-103cm.webp?fit=800%2C800&ssl=1\" \/>\n\t<meta property=\"og:image:width\" content=\"800\" \/>\n\t<meta property=\"og:image:height\" content=\"800\" \/>\n\t<meta property=\"og:image:type\" content=\"image\/webp\" \/>\n<meta name=\"twitter:card\" content=\"summary_large_image\" \/>\n<meta name=\"twitter:label1\" content=\"Ber\u00e4knad l\u00e4stid\" \/>\n\t<meta name=\"twitter:data1\" content=\"1 minut\" \/>\n<!-- \/ Yoast SEO plugin. -->","yoast_head_json":{"title":"TRUUSK Tr\u00e4dg\u00e5rdss\u00e4ng i Rotting - Solstol med Kuddar och Hjul - Polyrotting + Metall - Kaffebrun - 200x73x30-103cm - TRUUSK - Hem, Tr\u00e4dg\u00e5rd &amp; Fritid","robots":{"index":"index","follow":"follow","max-snippet":"max-snippet:-1","max-image-preview":"max-image-preview:large","max-video-preview":"max-video-preview:-1"},"canonical":"https:\/\/truusk.store\/sv\/produkt\/truusk-tradgardssang-i-rotting-solstol-med-kuddar-och-hjul-polyrotting-metall-kaffebrun-200x73x30-103cm\/","og_locale":"sv_SE","og_type":"article","og_title":"TRUUSK Tr\u00e4dg\u00e5rdss\u00e4ng i Rotting - Solstol med Kuddar och Hjul - Polyrotting + Metall - Kaffebrun - 200x73x30-103cm - TRUUSK - Hem, Tr\u00e4dg\u00e5rd &amp; Fritid","og_description":"Denna smakfulla mobila tr\u00e4dg\u00e5rdsstol av polyrotting k\u00e4nnetecknas av b\u00e5de sin innovativa design och f\u00f6rstklassiga utf\u00f6rande. Denna solstol \u00e4r tillverkad av...","og_url":"https:\/\/truusk.store\/sv\/produkt\/truusk-tradgardssang-i-rotting-solstol-med-kuddar-och-hjul-polyrotting-metall-kaffebrun-200x73x30-103cm\/","og_site_name":"TRUUSK - Hem, Tr\u00e4dg\u00e5rd &amp; Fritid","article_modified_time":"2026-03-12T08:01:40+00:00","og_image":[{"width":800,"height":800,"url":"https:\/\/i0.wp.com\/truusk.se\/wp-content\/uploads\/2024\/02\/tradgardssang-solstol-solstol-i-rotting-tradgardsmobler-mobil-solstol-med-kuddar-och-hjul-polyrotting-metall-kaffebrun-200-x-73-x-30-103cm.webp?fit=800%2C800&ssl=1","type":"image\/webp"}],"twitter_card":"summary_large_image","twitter_misc":{"Ber\u00e4knad l\u00e4stid":"1 minut"},"schema":{"@context":"https:\/\/schema.org","@graph":[{"@type":"WebPage","@id":"https:\/\/truusk.store\/sv\/produkt\/truusk-tradgardssang-i-rotting-solstol-med-kuddar-och-hjul-polyrotting-metall-kaffebrun-200x73x30-103cm\/","url":"https:\/\/truusk.store\/sv\/produkt\/truusk-tradgardssang-i-rotting-solstol-med-kuddar-och-hjul-polyrotting-metall-kaffebrun-200x73x30-103cm\/","name":"TRUUSK Tr\u00e4dg\u00e5rdss\u00e4ng i Rotting - Solstol med Kuddar och Hjul - Polyrotting + Metall - Kaffebrun - 200x73x30-103cm - TRUUSK - Hem, Tr\u00e4dg\u00e5rd &amp; Fritid","isPartOf":{"@id":"https:\/\/truusk.store\/sv\/#website"},"primaryImageOfPage":{"@id":"https:\/\/truusk.store\/sv\/produkt\/truusk-tradgardssang-i-rotting-solstol-med-kuddar-och-hjul-polyrotting-metall-kaffebrun-200x73x30-103cm\/#primaryimage"},"image":{"@id":"https:\/\/truusk.store\/sv\/produkt\/truusk-tradgardssang-i-rotting-solstol-med-kuddar-och-hjul-polyrotting-metall-kaffebrun-200x73x30-103cm\/#primaryimage"},"thumbnailUrl":"https:\/\/i0.wp.com\/truusk.store\/wp-content\/uploads\/2024\/02\/tradgardssang-solstol-solstol-i-rotting-tradgardsmobler-mobil-solstol-med-kuddar-och-hjul-polyrotting-metall-kaffebrun-200-x-73-x-30-103cm.webp?fit=800%2C800&ssl=1","datePublished":"2024-02-13T13:17:36+00:00","dateModified":"2026-03-12T08:01:40+00:00","breadcrumb":{"@id":"https:\/\/truusk.store\/sv\/produkt\/truusk-tradgardssang-i-rotting-solstol-med-kuddar-och-hjul-polyrotting-metall-kaffebrun-200x73x30-103cm\/#breadcrumb"},"inLanguage":"sv-SE","potentialAction":[{"@type":"ReadAction","target":["https:\/\/truusk.store\/sv\/produkt\/truusk-tradgardssang-i-rotting-solstol-med-kuddar-och-hjul-polyrotting-metall-kaffebrun-200x73x30-103cm\/"]}]},{"@type":"ImageObject","inLanguage":"sv-SE","@id":"https:\/\/truusk.store\/sv\/produkt\/truusk-tradgardssang-i-rotting-solstol-med-kuddar-och-hjul-polyrotting-metall-kaffebrun-200x73x30-103cm\/#primaryimage","url":"https:\/\/i0.wp.com\/truusk.store\/wp-content\/uploads\/2024\/02\/tradgardssang-solstol-solstol-i-rotting-tradgardsmobler-mobil-solstol-med-kuddar-och-hjul-polyrotting-metall-kaffebrun-200-x-73-x-30-103cm.webp?fit=800%2C800&ssl=1","contentUrl":"https:\/\/i0.wp.com\/truusk.store\/wp-content\/uploads\/2024\/02\/tradgardssang-solstol-solstol-i-rotting-tradgardsmobler-mobil-solstol-med-kuddar-och-hjul-polyrotting-metall-kaffebrun-200-x-73-x-30-103cm.webp?fit=800%2C800&ssl=1","width":800,"height":800,"caption":"Tr\u00e4dg\u00e5rdss\u00e4ng, Solstol, Solstol I Rotting, Tr\u00e4dg\u00e5rdsm\u00f6bler, Mobil Solstol Med Kuddar Och Hjul, Polyrotting + Metall, Kaffebrun, 200 X 73 X 30-103cm 1"},{"@type":"BreadcrumbList","@id":"https:\/\/truusk.store\/sv\/produkt\/truusk-tradgardssang-i-rotting-solstol-med-kuddar-och-hjul-polyrotting-metall-kaffebrun-200x73x30-103cm\/#breadcrumb","itemListElement":[{"@type":"ListItem","position":1,"name":"Home","item":"https:\/\/truusk.store\/sv\/"},{"@type":"ListItem","position":2,"name":"Shop","item":"https:\/\/truusk.store\/shop\/"},{"@type":"ListItem","position":3,"name":"TRUUSK Tr\u00e4dg\u00e5rdss\u00e4ng i Rotting &#8211; Solstol med Kuddar och Hjul &#8211; Polyrotting + Metall &#8211; Kaffebrun &#8211; 200x73x30-103cm"}]},{"@type":"WebSite","@id":"https:\/\/truusk.store\/sv\/#website","url":"https:\/\/truusk.store\/sv\/","name":"TRUUSK - Hem, Tr\u00e4dg\u00e5rd & Fritid","description":"","publisher":{"@id":"https:\/\/truusk.store\/sv\/#organization"},"potentialAction":[{"@type":"SearchAction","target":{"@type":"EntryPoint","urlTemplate":"https:\/\/truusk.store\/sv\/?s={search_term_string}"},"query-input":{"@type":"PropertyValueSpecification","valueRequired":true,"valueName":"search_term_string"}}],"inLanguage":"sv-SE"},{"@type":"Organization","@id":"https:\/\/truusk.store\/sv\/#organization","name":"TRUUSK - Hem, Tr\u00e4dg\u00e5rd & Fritid","url":"https:\/\/truusk.store\/sv\/","logo":{"@type":"ImageObject","inLanguage":"sv-SE","@id":"https:\/\/truusk.store\/sv\/#\/schema\/logo\/image\/","url":"https:\/\/i0.wp.com\/truusk.store\/wp-content\/uploads\/2026\/03\/cropped-TRUUSK.png?fit=2032%2C917&ssl=1","contentUrl":"https:\/\/i0.wp.com\/truusk.store\/wp-content\/uploads\/2026\/03\/cropped-TRUUSK.png?fit=2032%2C917&ssl=1","width":2032,"height":917,"caption":"TRUUSK - Hem, Tr\u00e4dg\u00e5rd & Fritid"},"image":{"@id":"https:\/\/truusk.store\/sv\/#\/schema\/logo\/image\/"}}]}},"jetpack_sharing_enabled":true,"_links":{"self":[{"href":"https:\/\/truusk.store\/sv\/wp-json\/wp\/v2\/product\/18333","targetHints":{"allow":["GET"]}}],"collection":[{"href":"https:\/\/truusk.store\/sv\/wp-json\/wp\/v2\/product"}],"about":[{"href":"https:\/\/truusk.store\/sv\/wp-json\/wp\/v2\/types\/product"}],"wp:featuredmedia":[{"embeddable":true,"href":"https:\/\/truusk.store\/sv\/wp-json\/wp\/v2\/media\/18334"}],"wp:attachment":[{"href":"https:\/\/truusk.store\/sv\/wp-json\/wp\/v2\/media?parent=18333"}],"wp:term":[{"taxonomy":"product_brand","embeddable":true,"href":"https:\/\/truusk.store\/sv\/wp-json\/wp\/v2\/product_brand?post=18333"},{"taxonomy":"product_cat","embeddable":true,"href":"https:\/\/truusk.store\/sv\/wp-json\/wp\/v2\/product_cat?post=18333"},{"taxonomy":"product_tag","embeddable":true,"href":"https:\/\/truusk.store\/sv\/wp-json\/wp\/v2\/product_tag?post=18333"}],"curies":[{"name":"wp","href":"https:\/\/api.w.org\/{rel}","templated":true}]}}