{"id":18345,"date":"2024-02-13T14:17:56","date_gmt":"2024-02-13T13:17:56","guid":{"rendered":"https:\/\/truusk.store\/product\/3-sits-verandagunga-tradgardsgunga-med-soltak-gungbank-med-hylla-aluminium-gra-196-x-128-x-172-cm\/"},"modified":"2026-03-12T09:01:41","modified_gmt":"2026-03-12T08:01:41","slug":"truusk-3-sits-tradgardsgunga-med-soltak-gungbank-med-hylla-aluminium-gra-196-x-128-x-172-cm","status":"publish","type":"product","link":"https:\/\/truusk.store\/sv\/produkt\/truusk-3-sits-tradgardsgunga-med-soltak-gungbank-med-hylla-aluminium-gra-196-x-128-x-172-cm\/","title":{"rendered":"TRUUSK 3-sits Tr\u00e4dg\u00e5rdsgunga Med Soltak &#8211; Gungb\u00e4nk Med Hylla &#8211; Aluminium &#8211; Gr\u00e5 &#8211; 196 x 128 x 172 cm"},"content":{"rendered":"<p>Den 3-personers uteplatsgungstolen med justerbar kapell \u00e4r utrustad med tre s\u00e4ten gjorda av sl\u00e4tt, andningsbart meshtyg, vilket ger fantastisk sittkomfort och bekv\u00e4m reng\u00f6ring. Gungans justerbara kapell f\u00f6r optimal skuggt\u00e4ckning ger b\u00e4nken r\u00e4tt solskydd under varma och soliga dagar. Verandagungan har en robust konstruktion som s\u00e4kerst\u00e4ller optimal komfort.<\/p>\n<h3>Beskrivning:<\/h3>\n<ul>\n<li>Plats f\u00f6r upp till 3 personer<\/li>\n<li>Justerbart soltak f\u00f6r optimal skugga<\/li>\n<li>Det andningsbara meshtyget \u00e4r l\u00e4tt att reng\u00f6ra<\/li>\n<li>H\u00f6gkvalitativt st\u00e5l- och aluminiumram med en maximal lastkapacitet p\u00e5 300 kg<\/li>\n<li>Halks\u00e4kra golvmattor f\u00f6r mer stabilitet<\/li>\n<li>Tv\u00e5 fickor med plats f\u00f6r tidningar eller b\u00f6cker<\/li>\n<li>Idealisk f\u00f6r uteplatser, tr\u00e4dg\u00e5rdar, pooler och andra utomhusomr\u00e5den<\/li>\n<li>L\u00e4tt att s\u00e4tta upp, montering kr\u00e4vs<\/li>\n<\/ul>\n<h3>Teknisk data:<\/h3>\n<ul>\n<li>Material: metall, aluminium, polyester, mesh<\/li>\n<li>M\u00e5tt: L196 x B128 x H172 cm<\/li>\n<li>M\u00e5tt (sits): L142,5 x B50 cm<\/li>\n<li>Sitth\u00f6jd: 39 cm<\/li>\n<li>Lastkapacitet: 300 kg<\/li>\n<li>F\u00e4rg: M\u00f6rkgr\u00e5<\/li>\n<\/ul>\n<h3>Leveransens omfattning:<\/h3>\n<ul>\n<li>1 x verandagunga<\/li>\n<li>2 x p\u00e5sar<\/li>\n<li>1 x Monteringsanvisning<\/li>\n<\/ul>\n","protected":false},"excerpt":{"rendered":"<p>Den 3-personers uteplatsgungstolen med justerbar kapell \u00e4r utrustad med tre s\u00e4ten gjorda av sl\u00e4tt, andningsbart meshtyg, vilket ger fantastisk sittkomfort&#8230;<\/p>\n","protected":false},"featured_media":18346,"template":"","meta":[],"product_brand":[],"product_cat":[453,435,450],"product_tag":[],"class_list":{"0":"post-18345","1":"product","2":"type-product","3":"status-publish","4":"has-post-thumbnail","6":"product_cat-hollywood-gungor","7":"product_cat-tradgard-och-terrass","8":"product_cat-tradgardsmobler","10":"first","11":"instock","12":"sale","13":"taxable","14":"shipping-taxable","15":"purchasable","16":"product-type-simple"},"yoast_head":"<!-- This site is optimized with the Yoast SEO plugin v25.4 - https:\/\/yoast.com\/wordpress\/plugins\/seo\/ -->\n<title>TRUUSK 3-sits Tr\u00e4dg\u00e5rdsgunga Med Soltak - Gungb\u00e4nk Med Hylla - Aluminium - Gr\u00e5 - 196 x 128 x 172 cm - TRUUSK - Hem, Tr\u00e4dg\u00e5rd &amp; Fritid<\/title>\n<meta name=\"robots\" content=\"index, follow, max-snippet:-1, max-image-preview:large, max-video-preview:-1\" \/>\n<link rel=\"canonical\" href=\"https:\/\/truusk.store\/sv\/produkt\/truusk-3-sits-tradgardsgunga-med-soltak-gungbank-med-hylla-aluminium-gra-196-x-128-x-172-cm\/\" \/>\n<meta property=\"og:locale\" content=\"sv_SE\" \/>\n<meta property=\"og:type\" content=\"article\" \/>\n<meta property=\"og:title\" content=\"TRUUSK 3-sits Tr\u00e4dg\u00e5rdsgunga Med Soltak - Gungb\u00e4nk Med Hylla - Aluminium - Gr\u00e5 - 196 x 128 x 172 cm - TRUUSK - Hem, Tr\u00e4dg\u00e5rd &amp; Fritid\" \/>\n<meta property=\"og:description\" content=\"Den 3-personers uteplatsgungstolen med justerbar kapell \u00e4r utrustad med tre s\u00e4ten gjorda av sl\u00e4tt, andningsbart meshtyg, vilket ger fantastisk sittkomfort...\" \/>\n<meta property=\"og:url\" content=\"https:\/\/truusk.store\/sv\/produkt\/truusk-3-sits-tradgardsgunga-med-soltak-gungbank-med-hylla-aluminium-gra-196-x-128-x-172-cm\/\" \/>\n<meta property=\"og:site_name\" content=\"TRUUSK - Hem, Tr\u00e4dg\u00e5rd &amp; Fritid\" \/>\n<meta property=\"article:modified_time\" content=\"2026-03-12T08:01:41+00:00\" \/>\n<meta property=\"og:image\" content=\"https:\/\/i0.wp.com\/truusk.se\/wp-content\/uploads\/2024\/02\/3-sits-verandagunga-tradgardsgunga-med-soltak-gungbank-med-hylla-aluminium-gra-196-x-128-x-172-cm.webp?fit=800%2C800&ssl=1\" \/>\n\t<meta property=\"og:image:width\" content=\"800\" \/>\n\t<meta property=\"og:image:height\" content=\"800\" \/>\n\t<meta property=\"og:image:type\" content=\"image\/webp\" \/>\n<meta name=\"twitter:card\" content=\"summary_large_image\" \/>\n<meta name=\"twitter:label1\" content=\"Ber\u00e4knad l\u00e4stid\" \/>\n\t<meta name=\"twitter:data1\" content=\"1 minut\" \/>\n<!-- \/ Yoast SEO plugin. -->","yoast_head_json":{"title":"TRUUSK 3-sits Tr\u00e4dg\u00e5rdsgunga Med Soltak - Gungb\u00e4nk Med Hylla - Aluminium - Gr\u00e5 - 196 x 128 x 172 cm - TRUUSK - Hem, Tr\u00e4dg\u00e5rd &amp; Fritid","robots":{"index":"index","follow":"follow","max-snippet":"max-snippet:-1","max-image-preview":"max-image-preview:large","max-video-preview":"max-video-preview:-1"},"canonical":"https:\/\/truusk.store\/sv\/produkt\/truusk-3-sits-tradgardsgunga-med-soltak-gungbank-med-hylla-aluminium-gra-196-x-128-x-172-cm\/","og_locale":"sv_SE","og_type":"article","og_title":"TRUUSK 3-sits Tr\u00e4dg\u00e5rdsgunga Med Soltak - Gungb\u00e4nk Med Hylla - Aluminium - Gr\u00e5 - 196 x 128 x 172 cm - TRUUSK - Hem, Tr\u00e4dg\u00e5rd &amp; Fritid","og_description":"Den 3-personers uteplatsgungstolen med justerbar kapell \u00e4r utrustad med tre s\u00e4ten gjorda av sl\u00e4tt, andningsbart meshtyg, vilket ger fantastisk sittkomfort...","og_url":"https:\/\/truusk.store\/sv\/produkt\/truusk-3-sits-tradgardsgunga-med-soltak-gungbank-med-hylla-aluminium-gra-196-x-128-x-172-cm\/","og_site_name":"TRUUSK - Hem, Tr\u00e4dg\u00e5rd &amp; Fritid","article_modified_time":"2026-03-12T08:01:41+00:00","og_image":[{"width":800,"height":800,"url":"https:\/\/i0.wp.com\/truusk.se\/wp-content\/uploads\/2024\/02\/3-sits-verandagunga-tradgardsgunga-med-soltak-gungbank-med-hylla-aluminium-gra-196-x-128-x-172-cm.webp?fit=800%2C800&ssl=1","type":"image\/webp"}],"twitter_card":"summary_large_image","twitter_misc":{"Ber\u00e4knad l\u00e4stid":"1 minut"},"schema":{"@context":"https:\/\/schema.org","@graph":[{"@type":"WebPage","@id":"https:\/\/truusk.store\/sv\/produkt\/truusk-3-sits-tradgardsgunga-med-soltak-gungbank-med-hylla-aluminium-gra-196-x-128-x-172-cm\/","url":"https:\/\/truusk.store\/sv\/produkt\/truusk-3-sits-tradgardsgunga-med-soltak-gungbank-med-hylla-aluminium-gra-196-x-128-x-172-cm\/","name":"TRUUSK 3-sits Tr\u00e4dg\u00e5rdsgunga Med Soltak - Gungb\u00e4nk Med Hylla - Aluminium - Gr\u00e5 - 196 x 128 x 172 cm - TRUUSK - Hem, Tr\u00e4dg\u00e5rd &amp; Fritid","isPartOf":{"@id":"https:\/\/truusk.store\/sv\/#website"},"primaryImageOfPage":{"@id":"https:\/\/truusk.store\/sv\/produkt\/truusk-3-sits-tradgardsgunga-med-soltak-gungbank-med-hylla-aluminium-gra-196-x-128-x-172-cm\/#primaryimage"},"image":{"@id":"https:\/\/truusk.store\/sv\/produkt\/truusk-3-sits-tradgardsgunga-med-soltak-gungbank-med-hylla-aluminium-gra-196-x-128-x-172-cm\/#primaryimage"},"thumbnailUrl":"https:\/\/i0.wp.com\/truusk.store\/wp-content\/uploads\/2024\/02\/3-sits-verandagunga-tradgardsgunga-med-soltak-gungbank-med-hylla-aluminium-gra-196-x-128-x-172-cm.webp?fit=800%2C800&ssl=1","datePublished":"2024-02-13T13:17:56+00:00","dateModified":"2026-03-12T08:01:41+00:00","breadcrumb":{"@id":"https:\/\/truusk.store\/sv\/produkt\/truusk-3-sits-tradgardsgunga-med-soltak-gungbank-med-hylla-aluminium-gra-196-x-128-x-172-cm\/#breadcrumb"},"inLanguage":"sv-SE","potentialAction":[{"@type":"ReadAction","target":["https:\/\/truusk.store\/sv\/produkt\/truusk-3-sits-tradgardsgunga-med-soltak-gungbank-med-hylla-aluminium-gra-196-x-128-x-172-cm\/"]}]},{"@type":"ImageObject","inLanguage":"sv-SE","@id":"https:\/\/truusk.store\/sv\/produkt\/truusk-3-sits-tradgardsgunga-med-soltak-gungbank-med-hylla-aluminium-gra-196-x-128-x-172-cm\/#primaryimage","url":"https:\/\/i0.wp.com\/truusk.store\/wp-content\/uploads\/2024\/02\/3-sits-verandagunga-tradgardsgunga-med-soltak-gungbank-med-hylla-aluminium-gra-196-x-128-x-172-cm.webp?fit=800%2C800&ssl=1","contentUrl":"https:\/\/i0.wp.com\/truusk.store\/wp-content\/uploads\/2024\/02\/3-sits-verandagunga-tradgardsgunga-med-soltak-gungbank-med-hylla-aluminium-gra-196-x-128-x-172-cm.webp?fit=800%2C800&ssl=1","width":800,"height":800,"caption":"3-sits Verandagunga, Tr\u00e4dg\u00e5rdsgunga Med Soltak, Gungb\u00e4nk Med Hylla, Aluminium, Gr\u00e5, 196 X 128 X 172 Cm 1"},{"@type":"BreadcrumbList","@id":"https:\/\/truusk.store\/sv\/produkt\/truusk-3-sits-tradgardsgunga-med-soltak-gungbank-med-hylla-aluminium-gra-196-x-128-x-172-cm\/#breadcrumb","itemListElement":[{"@type":"ListItem","position":1,"name":"Home","item":"https:\/\/truusk.store\/sv\/"},{"@type":"ListItem","position":2,"name":"Shop","item":"https:\/\/truusk.store\/shop\/"},{"@type":"ListItem","position":3,"name":"TRUUSK 3-sits Tr\u00e4dg\u00e5rdsgunga Med Soltak &#8211; Gungb\u00e4nk Med Hylla &#8211; Aluminium &#8211; Gr\u00e5 &#8211; 196 x 128 x 172 cm"}]},{"@type":"WebSite","@id":"https:\/\/truusk.store\/sv\/#website","url":"https:\/\/truusk.store\/sv\/","name":"TRUUSK - Hem, Tr\u00e4dg\u00e5rd & Fritid","description":"","publisher":{"@id":"https:\/\/truusk.store\/sv\/#organization"},"potentialAction":[{"@type":"SearchAction","target":{"@type":"EntryPoint","urlTemplate":"https:\/\/truusk.store\/sv\/?s={search_term_string}"},"query-input":{"@type":"PropertyValueSpecification","valueRequired":true,"valueName":"search_term_string"}}],"inLanguage":"sv-SE"},{"@type":"Organization","@id":"https:\/\/truusk.store\/sv\/#organization","name":"TRUUSK - Hem, Tr\u00e4dg\u00e5rd & Fritid","url":"https:\/\/truusk.store\/sv\/","logo":{"@type":"ImageObject","inLanguage":"sv-SE","@id":"https:\/\/truusk.store\/sv\/#\/schema\/logo\/image\/","url":"https:\/\/i0.wp.com\/truusk.store\/wp-content\/uploads\/2026\/03\/cropped-TRUUSK.png?fit=2032%2C917&ssl=1","contentUrl":"https:\/\/i0.wp.com\/truusk.store\/wp-content\/uploads\/2026\/03\/cropped-TRUUSK.png?fit=2032%2C917&ssl=1","width":2032,"height":917,"caption":"TRUUSK - Hem, Tr\u00e4dg\u00e5rd & Fritid"},"image":{"@id":"https:\/\/truusk.store\/sv\/#\/schema\/logo\/image\/"}}]}},"jetpack_sharing_enabled":true,"_links":{"self":[{"href":"https:\/\/truusk.store\/sv\/wp-json\/wp\/v2\/product\/18345","targetHints":{"allow":["GET"]}}],"collection":[{"href":"https:\/\/truusk.store\/sv\/wp-json\/wp\/v2\/product"}],"about":[{"href":"https:\/\/truusk.store\/sv\/wp-json\/wp\/v2\/types\/product"}],"wp:featuredmedia":[{"embeddable":true,"href":"https:\/\/truusk.store\/sv\/wp-json\/wp\/v2\/media\/18346"}],"wp:attachment":[{"href":"https:\/\/truusk.store\/sv\/wp-json\/wp\/v2\/media?parent=18345"}],"wp:term":[{"taxonomy":"product_brand","embeddable":true,"href":"https:\/\/truusk.store\/sv\/wp-json\/wp\/v2\/product_brand?post=18345"},{"taxonomy":"product_cat","embeddable":true,"href":"https:\/\/truusk.store\/sv\/wp-json\/wp\/v2\/product_cat?post=18345"},{"taxonomy":"product_tag","embeddable":true,"href":"https:\/\/truusk.store\/sv\/wp-json\/wp\/v2\/product_tag?post=18345"}],"curies":[{"name":"wp","href":"https:\/\/api.w.org\/{rel}","templated":true}]}}