{"id":18378,"date":"2024-02-13T14:18:51","date_gmt":"2024-02-13T13:18:51","guid":{"rendered":"https:\/\/truusk.store\/product\/paraplystall-parasollstall-3-adaptrar-justerbar-cement-25kg-svart\/"},"modified":"2026-03-12T09:01:41","modified_gmt":"2026-03-12T08:01:41","slug":"truusk-paraplystall-med-3-adaptrar-justerbar-robust-cement-svart","status":"publish","type":"product","link":"https:\/\/truusk.store\/sv\/produkt\/truusk-paraplystall-med-3-adaptrar-justerbar-robust-cement-svart\/","title":{"rendered":"TRUUSK Paraplyst\u00e4ll med 3 adaptrar &#8211; Justerbar &#8211; Robust cement &#8211; Svart"},"content":{"rendered":"<p>V\u00e5rt parasollst\u00e4ll \u00e4r idealiskt f\u00f6r standardparasoll. Tre adapterhylsor ing\u00e5r i leveransen och g\u00f6r stativet m\u00e5ngsidigt. Paraplyst\u00e4ngerna h\u00e5lls s\u00e4kert fast av det solida st\u00e5lr\u00f6ret. Denna \u00e4r s\u00e4kert f\u00f6rankrad i den breda och stora cementfundamentet. Med sin vikt p\u00e5 25 kg \u00e4r paraplybasen stabil och dessutom l\u00e4tt att flytta. Perfekt f\u00f6r ditt parasoll!<\/p>\n<h3>Beskrivning:<\/h3>\n<ul>\n<li>Den robusta cementbasen med PP-bel\u00e4ggning h\u00e5ller ditt parasoll stabilt och s\u00e4kert<\/li>\n<li>Stor cementbotten f\u00f6r maximal stabilitet<\/li>\n<li>Starkt st\u00e5lr\u00f6r f\u00f6r att h\u00e5lla paraplyst\u00e5ngen<\/li>\n<li>Inklusive 3 adapterhylsor, l\u00e4mplig f\u00f6r paraplyst\u00e4nger p\u00e5 35 mm\/38 mm\/48 mm<\/li>\n<li>Enkel konstruktion<\/li>\n<\/ul>\n<h3>Teknisk data:<\/h3>\n<ul>\n<li>Material: st\u00e5lr\u00f6r, cement, plast<\/li>\n<li>Svart f\u00e4rg<\/li>\n<li>Totalm\u00e5tt: 49 x H37cm<\/li>\n<li>L\u00e4mplig f\u00f6r paraplyst\u00e4nger p\u00e5 35mm\/38mm\/48mm<\/li>\n<li>Nettovikt: 25 kg<\/li>\n<\/ul>\n<h3>Leveransens omfattning:<\/h3>\n<ul>\n<li>1 x Parasollst\u00e4ll<\/li>\n<li>3 x adapterhylsor (35mm\/38mm\/48mm)<\/li>\n<\/ul>\n","protected":false},"excerpt":{"rendered":"<p>V\u00e5rt parasollst\u00e4ll \u00e4r idealiskt f\u00f6r standardparasoll. Tre adapterhylsor ing\u00e5r i leveransen och g\u00f6r stativet m\u00e5ngsidigt. Paraplyst\u00e4ngerna h\u00e5lls s\u00e4kert fast av&#8230;<\/p>\n","protected":false},"featured_media":18379,"template":"","meta":[],"product_brand":[],"product_cat":[723,472,471,435],"product_tag":[],"class_list":{"0":"post-18378","1":"product","2":"type-product","3":"status-publish","4":"has-post-thumbnail","6":"product_cat-paraplystall","7":"product_cat-parasoller","8":"product_cat-solskydd-integritetsskydd","9":"product_cat-tradgard-och-terrass","11":"first","12":"instock","13":"sale","14":"taxable","15":"shipping-taxable","16":"purchasable","17":"product-type-simple"},"yoast_head":"<!-- This site is optimized with the Yoast SEO plugin v25.4 - https:\/\/yoast.com\/wordpress\/plugins\/seo\/ -->\n<title>TRUUSK Paraplyst\u00e4ll med 3 adaptrar - Justerbar - Robust cement - Svart - TRUUSK - Hem, Tr\u00e4dg\u00e5rd &amp; Fritid<\/title>\n<meta name=\"robots\" content=\"index, follow, max-snippet:-1, max-image-preview:large, max-video-preview:-1\" \/>\n<link rel=\"canonical\" href=\"https:\/\/truusk.store\/sv\/produkt\/truusk-paraplystall-med-3-adaptrar-justerbar-robust-cement-svart\/\" \/>\n<meta property=\"og:locale\" content=\"sv_SE\" \/>\n<meta property=\"og:type\" content=\"article\" \/>\n<meta property=\"og:title\" content=\"TRUUSK Paraplyst\u00e4ll med 3 adaptrar - Justerbar - Robust cement - Svart - TRUUSK - Hem, Tr\u00e4dg\u00e5rd &amp; Fritid\" \/>\n<meta property=\"og:description\" content=\"V\u00e5rt parasollst\u00e4ll \u00e4r idealiskt f\u00f6r standardparasoll. Tre adapterhylsor ing\u00e5r i leveransen och g\u00f6r stativet m\u00e5ngsidigt. Paraplyst\u00e4ngerna h\u00e5lls s\u00e4kert fast av...\" \/>\n<meta property=\"og:url\" content=\"https:\/\/truusk.store\/sv\/produkt\/truusk-paraplystall-med-3-adaptrar-justerbar-robust-cement-svart\/\" \/>\n<meta property=\"og:site_name\" content=\"TRUUSK - Hem, Tr\u00e4dg\u00e5rd &amp; Fritid\" \/>\n<meta property=\"article:modified_time\" content=\"2026-03-12T08:01:41+00:00\" \/>\n<meta property=\"og:image\" content=\"https:\/\/i0.wp.com\/truusk.se\/wp-content\/uploads\/2024\/02\/paraplystall-parasollstall-3-adaptrar-justerbar-cement-25kg-svart.webp?fit=800%2C800&ssl=1\" \/>\n\t<meta property=\"og:image:width\" content=\"800\" \/>\n\t<meta property=\"og:image:height\" content=\"800\" \/>\n\t<meta property=\"og:image:type\" content=\"image\/webp\" \/>\n<meta name=\"twitter:card\" content=\"summary_large_image\" \/>\n<meta name=\"twitter:label1\" content=\"Ber\u00e4knad l\u00e4stid\" \/>\n\t<meta name=\"twitter:data1\" content=\"1 minut\" \/>\n<!-- \/ Yoast SEO plugin. -->","yoast_head_json":{"title":"TRUUSK Paraplyst\u00e4ll med 3 adaptrar - Justerbar - Robust cement - Svart - TRUUSK - Hem, Tr\u00e4dg\u00e5rd &amp; Fritid","robots":{"index":"index","follow":"follow","max-snippet":"max-snippet:-1","max-image-preview":"max-image-preview:large","max-video-preview":"max-video-preview:-1"},"canonical":"https:\/\/truusk.store\/sv\/produkt\/truusk-paraplystall-med-3-adaptrar-justerbar-robust-cement-svart\/","og_locale":"sv_SE","og_type":"article","og_title":"TRUUSK Paraplyst\u00e4ll med 3 adaptrar - Justerbar - Robust cement - Svart - TRUUSK - Hem, Tr\u00e4dg\u00e5rd &amp; Fritid","og_description":"V\u00e5rt parasollst\u00e4ll \u00e4r idealiskt f\u00f6r standardparasoll. Tre adapterhylsor ing\u00e5r i leveransen och g\u00f6r stativet m\u00e5ngsidigt. Paraplyst\u00e4ngerna h\u00e5lls s\u00e4kert fast av...","og_url":"https:\/\/truusk.store\/sv\/produkt\/truusk-paraplystall-med-3-adaptrar-justerbar-robust-cement-svart\/","og_site_name":"TRUUSK - Hem, Tr\u00e4dg\u00e5rd &amp; Fritid","article_modified_time":"2026-03-12T08:01:41+00:00","og_image":[{"width":800,"height":800,"url":"https:\/\/i0.wp.com\/truusk.se\/wp-content\/uploads\/2024\/02\/paraplystall-parasollstall-3-adaptrar-justerbar-cement-25kg-svart.webp?fit=800%2C800&ssl=1","type":"image\/webp"}],"twitter_card":"summary_large_image","twitter_misc":{"Ber\u00e4knad l\u00e4stid":"1 minut"},"schema":{"@context":"https:\/\/schema.org","@graph":[{"@type":"WebPage","@id":"https:\/\/truusk.store\/sv\/produkt\/truusk-paraplystall-med-3-adaptrar-justerbar-robust-cement-svart\/","url":"https:\/\/truusk.store\/sv\/produkt\/truusk-paraplystall-med-3-adaptrar-justerbar-robust-cement-svart\/","name":"TRUUSK Paraplyst\u00e4ll med 3 adaptrar - Justerbar - Robust cement - Svart - TRUUSK - Hem, Tr\u00e4dg\u00e5rd &amp; Fritid","isPartOf":{"@id":"https:\/\/truusk.store\/sv\/#website"},"primaryImageOfPage":{"@id":"https:\/\/truusk.store\/sv\/produkt\/truusk-paraplystall-med-3-adaptrar-justerbar-robust-cement-svart\/#primaryimage"},"image":{"@id":"https:\/\/truusk.store\/sv\/produkt\/truusk-paraplystall-med-3-adaptrar-justerbar-robust-cement-svart\/#primaryimage"},"thumbnailUrl":"https:\/\/i0.wp.com\/truusk.store\/wp-content\/uploads\/2024\/02\/paraplystall-parasollstall-3-adaptrar-justerbar-cement-25kg-svart.webp?fit=800%2C800&ssl=1","datePublished":"2024-02-13T13:18:51+00:00","dateModified":"2026-03-12T08:01:41+00:00","breadcrumb":{"@id":"https:\/\/truusk.store\/sv\/produkt\/truusk-paraplystall-med-3-adaptrar-justerbar-robust-cement-svart\/#breadcrumb"},"inLanguage":"sv-SE","potentialAction":[{"@type":"ReadAction","target":["https:\/\/truusk.store\/sv\/produkt\/truusk-paraplystall-med-3-adaptrar-justerbar-robust-cement-svart\/"]}]},{"@type":"ImageObject","inLanguage":"sv-SE","@id":"https:\/\/truusk.store\/sv\/produkt\/truusk-paraplystall-med-3-adaptrar-justerbar-robust-cement-svart\/#primaryimage","url":"https:\/\/i0.wp.com\/truusk.store\/wp-content\/uploads\/2024\/02\/paraplystall-parasollstall-3-adaptrar-justerbar-cement-25kg-svart.webp?fit=800%2C800&ssl=1","contentUrl":"https:\/\/i0.wp.com\/truusk.store\/wp-content\/uploads\/2024\/02\/paraplystall-parasollstall-3-adaptrar-justerbar-cement-25kg-svart.webp?fit=800%2C800&ssl=1","width":800,"height":800,"caption":"Paraplyst\u00e4ll Parasollst\u00e4ll 3 Adaptrar Justerbar Cement 25kg Svart 1"},{"@type":"BreadcrumbList","@id":"https:\/\/truusk.store\/sv\/produkt\/truusk-paraplystall-med-3-adaptrar-justerbar-robust-cement-svart\/#breadcrumb","itemListElement":[{"@type":"ListItem","position":1,"name":"Home","item":"https:\/\/truusk.store\/sv\/"},{"@type":"ListItem","position":2,"name":"Shop","item":"https:\/\/truusk.store\/shop\/"},{"@type":"ListItem","position":3,"name":"TRUUSK Paraplyst\u00e4ll med 3 adaptrar &#8211; Justerbar &#8211; Robust cement &#8211; Svart"}]},{"@type":"WebSite","@id":"https:\/\/truusk.store\/sv\/#website","url":"https:\/\/truusk.store\/sv\/","name":"TRUUSK - Hem, Tr\u00e4dg\u00e5rd & Fritid","description":"","publisher":{"@id":"https:\/\/truusk.store\/sv\/#organization"},"potentialAction":[{"@type":"SearchAction","target":{"@type":"EntryPoint","urlTemplate":"https:\/\/truusk.store\/sv\/?s={search_term_string}"},"query-input":{"@type":"PropertyValueSpecification","valueRequired":true,"valueName":"search_term_string"}}],"inLanguage":"sv-SE"},{"@type":"Organization","@id":"https:\/\/truusk.store\/sv\/#organization","name":"TRUUSK - Hem, Tr\u00e4dg\u00e5rd & Fritid","url":"https:\/\/truusk.store\/sv\/","logo":{"@type":"ImageObject","inLanguage":"sv-SE","@id":"https:\/\/truusk.store\/sv\/#\/schema\/logo\/image\/","url":"https:\/\/i0.wp.com\/truusk.store\/wp-content\/uploads\/2026\/03\/cropped-TRUUSK.png?fit=2032%2C917&ssl=1","contentUrl":"https:\/\/i0.wp.com\/truusk.store\/wp-content\/uploads\/2026\/03\/cropped-TRUUSK.png?fit=2032%2C917&ssl=1","width":2032,"height":917,"caption":"TRUUSK - Hem, Tr\u00e4dg\u00e5rd & Fritid"},"image":{"@id":"https:\/\/truusk.store\/sv\/#\/schema\/logo\/image\/"}}]}},"jetpack_sharing_enabled":true,"_links":{"self":[{"href":"https:\/\/truusk.store\/sv\/wp-json\/wp\/v2\/product\/18378","targetHints":{"allow":["GET"]}}],"collection":[{"href":"https:\/\/truusk.store\/sv\/wp-json\/wp\/v2\/product"}],"about":[{"href":"https:\/\/truusk.store\/sv\/wp-json\/wp\/v2\/types\/product"}],"wp:featuredmedia":[{"embeddable":true,"href":"https:\/\/truusk.store\/sv\/wp-json\/wp\/v2\/media\/18379"}],"wp:attachment":[{"href":"https:\/\/truusk.store\/sv\/wp-json\/wp\/v2\/media?parent=18378"}],"wp:term":[{"taxonomy":"product_brand","embeddable":true,"href":"https:\/\/truusk.store\/sv\/wp-json\/wp\/v2\/product_brand?post=18378"},{"taxonomy":"product_cat","embeddable":true,"href":"https:\/\/truusk.store\/sv\/wp-json\/wp\/v2\/product_cat?post=18378"},{"taxonomy":"product_tag","embeddable":true,"href":"https:\/\/truusk.store\/sv\/wp-json\/wp\/v2\/product_tag?post=18378"}],"curies":[{"name":"wp","href":"https:\/\/api.w.org\/{rel}","templated":true}]}}