{"id":18464,"date":"2024-02-13T14:21:34","date_gmt":"2024-02-13T13:21:34","guid":{"rendered":"https:\/\/truusk.store\/product\/fotbollsrebounder-vikbar-kickback-goal-bounce-vaggnat-for-baseball-basket-justerbar-i-5-nivaer-metall-svart-78-x-84-x-65-78-cm\/"},"modified":"2026-03-12T09:01:43","modified_gmt":"2026-03-12T08:01:43","slug":"truusk-fotbollsrebounder-vikbar-kickback-goal-bounce-vaggnat-justerbar-i-5-nivaer-metall-svart-78-x-84-x-65-78-cm","status":"publish","type":"product","link":"https:\/\/truusk.store\/sv\/produkt\/truusk-fotbollsrebounder-vikbar-kickback-goal-bounce-vaggnat-justerbar-i-5-nivaer-metall-svart-78-x-84-x-65-78-cm\/","title":{"rendered":"TRUUSK Fotbollsrebounder &#8211; Vikbar &#8211; Kickback Goal &#8211; Bounce V\u00e4ggn\u00e4t &#8211; Justerbar i 5 niv\u00e5er &#8211; Metall &#8211; Svart &#8211; 78 x 84 x 65-78 cm"},"content":{"rendered":"<p>Prova detta rebound-n\u00e4t, det \u00e4r gjort av pulverlackerat st\u00e5lr\u00f6r och slitstarkt PE-n\u00e4t, det \u00e4r tillr\u00e4ckligt starkt f\u00f6r att anv\u00e4ndas av b\u00e5de barn och vuxna. Det h\u00e4r \u00e4r en fantastisk enhet som hj\u00e4lper spelare att utveckla sin noggrannhet, kraft och bollkontroll, samt hj\u00e4lper dem att f\u00f6rb\u00e4ttra passningar, m\u00e5lh\u00e5llning, nickning och skytte. Montering kr\u00e4vs med n\u00f6dv\u00e4ndiga installationstillbeh\u00f6r ing\u00e5r.<\/p>\n<h3>Beskrivning:<\/h3>\n<ul>\n<li>Tillverkad av premium pulverlackerade st\u00e5lr\u00f6r, t\u00e5l intensiva st\u00f6tar<\/li>\n<li>PE-n\u00e4t f\u00f6r alla v\u00e4der<\/li>\n<li>Justerbar vinkel f\u00f6r att b\u00e4ttre passa dina tr\u00e4ningsm\u00e5l<\/li>\n<li>L\u00e4tt att transportera och f\u00f6rvara tack vare dess vikbara design<\/li>\n<li>Idealisk f\u00f6r olika sporter inklusive fotboll, baseboll och baskettr\u00e4ning<\/li>\n<li>Hj\u00e4lper spelaren att utveckla f\u00e4rdigheter i noggrannhet, kraft och bollkontroll<\/li>\n<li>Inkluderar stabilitetsankare f\u00f6r att f\u00f6rhindra att den v\u00e4lter under anv\u00e4ndning<\/li>\n<li>5-niv\u00e5 justerbart justerr\u00f6r, 5 cm avst\u00e5nd mellan niv\u00e5erna, vinkelomr\u00e5de: 50-70<\/li>\n<li>Montering kr\u00e4vs<\/li>\n<\/ul>\n<h3>Teknisk data:<\/h3>\n<ul>\n<li>Material: PE-tyg, metallr\u00f6r<\/li>\n<li>F\u00e4rg: Svart+Vit<\/li>\n<li>\u00d6vergripande m\u00e5tt: 78L x 84W x 65-78H cm<\/li>\n<li>Storlek hopf\u00e4lld: 84L x 84W x 11H cm<\/li>\n<li>Nettostorlek: 63L x 63W cm<\/li>\n<li>Maskstorlek: 4,5L x 4,5W cm<\/li>\n<\/ul>\n<h3>Leveransens omfattning:<\/h3>\n<ul>\n<li>1 x Rebounder-n\u00e4t;<\/li>\n<\/ul>\n","protected":false},"excerpt":{"rendered":"<p>Prova detta rebound-n\u00e4t, det \u00e4r gjort av pulverlackerat st\u00e5lr\u00f6r och slitstarkt PE-n\u00e4t, det \u00e4r tillr\u00e4ckligt starkt f\u00f6r att anv\u00e4ndas av&#8230;<\/p>\n","protected":false},"featured_media":18465,"template":"","meta":[],"product_brand":[],"product_cat":[669,647],"product_tag":[],"class_list":{"0":"post-18464","1":"product","2":"type-product","3":"status-publish","4":"has-post-thumbnail","6":"product_cat-bollsporter","7":"product_cat-sport-fritid","9":"first","10":"instock","11":"sale","12":"taxable","13":"shipping-taxable","14":"purchasable","15":"product-type-simple"},"yoast_head":"<!-- This site is optimized with the Yoast SEO plugin v25.4 - https:\/\/yoast.com\/wordpress\/plugins\/seo\/ -->\n<title>TRUUSK Fotbollsrebounder - Vikbar - Kickback Goal - Bounce V\u00e4ggn\u00e4t - Justerbar i 5 niv\u00e5er - Metall - Svart - 78 x 84 x 65-78 cm - TRUUSK - Hem, Tr\u00e4dg\u00e5rd &amp; Fritid<\/title>\n<meta name=\"robots\" content=\"index, follow, max-snippet:-1, max-image-preview:large, max-video-preview:-1\" \/>\n<link rel=\"canonical\" href=\"https:\/\/truusk.store\/sv\/produkt\/truusk-fotbollsrebounder-vikbar-kickback-goal-bounce-vaggnat-justerbar-i-5-nivaer-metall-svart-78-x-84-x-65-78-cm\/\" \/>\n<meta property=\"og:locale\" content=\"sv_SE\" \/>\n<meta property=\"og:type\" content=\"article\" \/>\n<meta property=\"og:title\" content=\"TRUUSK Fotbollsrebounder - Vikbar - Kickback Goal - Bounce V\u00e4ggn\u00e4t - Justerbar i 5 niv\u00e5er - Metall - Svart - 78 x 84 x 65-78 cm - TRUUSK - Hem, Tr\u00e4dg\u00e5rd &amp; Fritid\" \/>\n<meta property=\"og:description\" content=\"Prova detta rebound-n\u00e4t, det \u00e4r gjort av pulverlackerat st\u00e5lr\u00f6r och slitstarkt PE-n\u00e4t, det \u00e4r tillr\u00e4ckligt starkt f\u00f6r att anv\u00e4ndas av...\" \/>\n<meta property=\"og:url\" content=\"https:\/\/truusk.store\/sv\/produkt\/truusk-fotbollsrebounder-vikbar-kickback-goal-bounce-vaggnat-justerbar-i-5-nivaer-metall-svart-78-x-84-x-65-78-cm\/\" \/>\n<meta property=\"og:site_name\" content=\"TRUUSK - Hem, Tr\u00e4dg\u00e5rd &amp; Fritid\" \/>\n<meta property=\"article:modified_time\" content=\"2026-03-12T08:01:43+00:00\" \/>\n<meta property=\"og:image\" content=\"https:\/\/i0.wp.com\/truusk.se\/wp-content\/uploads\/2024\/02\/fotbollsrebounder-vikbar-kickback-goal-bounce-vaggnat-for-baseball-basket-justerbar-i-5-nivaer-metall-svart-78-x-84-x-65-78-cm.webp?fit=800%2C800&ssl=1\" \/>\n\t<meta property=\"og:image:width\" content=\"800\" \/>\n\t<meta property=\"og:image:height\" content=\"800\" \/>\n\t<meta property=\"og:image:type\" content=\"image\/webp\" \/>\n<meta name=\"twitter:card\" content=\"summary_large_image\" \/>\n<meta name=\"twitter:label1\" content=\"Ber\u00e4knad l\u00e4stid\" \/>\n\t<meta name=\"twitter:data1\" content=\"1 minut\" \/>\n<!-- \/ Yoast SEO plugin. -->","yoast_head_json":{"title":"TRUUSK Fotbollsrebounder - Vikbar - Kickback Goal - Bounce V\u00e4ggn\u00e4t - Justerbar i 5 niv\u00e5er - Metall - Svart - 78 x 84 x 65-78 cm - TRUUSK - Hem, Tr\u00e4dg\u00e5rd &amp; Fritid","robots":{"index":"index","follow":"follow","max-snippet":"max-snippet:-1","max-image-preview":"max-image-preview:large","max-video-preview":"max-video-preview:-1"},"canonical":"https:\/\/truusk.store\/sv\/produkt\/truusk-fotbollsrebounder-vikbar-kickback-goal-bounce-vaggnat-justerbar-i-5-nivaer-metall-svart-78-x-84-x-65-78-cm\/","og_locale":"sv_SE","og_type":"article","og_title":"TRUUSK Fotbollsrebounder - Vikbar - Kickback Goal - Bounce V\u00e4ggn\u00e4t - Justerbar i 5 niv\u00e5er - Metall - Svart - 78 x 84 x 65-78 cm - TRUUSK - Hem, Tr\u00e4dg\u00e5rd &amp; Fritid","og_description":"Prova detta rebound-n\u00e4t, det \u00e4r gjort av pulverlackerat st\u00e5lr\u00f6r och slitstarkt PE-n\u00e4t, det \u00e4r tillr\u00e4ckligt starkt f\u00f6r att anv\u00e4ndas av...","og_url":"https:\/\/truusk.store\/sv\/produkt\/truusk-fotbollsrebounder-vikbar-kickback-goal-bounce-vaggnat-justerbar-i-5-nivaer-metall-svart-78-x-84-x-65-78-cm\/","og_site_name":"TRUUSK - Hem, Tr\u00e4dg\u00e5rd &amp; Fritid","article_modified_time":"2026-03-12T08:01:43+00:00","og_image":[{"width":800,"height":800,"url":"https:\/\/i0.wp.com\/truusk.se\/wp-content\/uploads\/2024\/02\/fotbollsrebounder-vikbar-kickback-goal-bounce-vaggnat-for-baseball-basket-justerbar-i-5-nivaer-metall-svart-78-x-84-x-65-78-cm.webp?fit=800%2C800&ssl=1","type":"image\/webp"}],"twitter_card":"summary_large_image","twitter_misc":{"Ber\u00e4knad l\u00e4stid":"1 minut"},"schema":{"@context":"https:\/\/schema.org","@graph":[{"@type":"WebPage","@id":"https:\/\/truusk.store\/sv\/produkt\/truusk-fotbollsrebounder-vikbar-kickback-goal-bounce-vaggnat-justerbar-i-5-nivaer-metall-svart-78-x-84-x-65-78-cm\/","url":"https:\/\/truusk.store\/sv\/produkt\/truusk-fotbollsrebounder-vikbar-kickback-goal-bounce-vaggnat-justerbar-i-5-nivaer-metall-svart-78-x-84-x-65-78-cm\/","name":"TRUUSK Fotbollsrebounder - Vikbar - Kickback Goal - Bounce V\u00e4ggn\u00e4t - Justerbar i 5 niv\u00e5er - Metall - Svart - 78 x 84 x 65-78 cm - TRUUSK - Hem, Tr\u00e4dg\u00e5rd &amp; Fritid","isPartOf":{"@id":"https:\/\/truusk.store\/sv\/#website"},"primaryImageOfPage":{"@id":"https:\/\/truusk.store\/sv\/produkt\/truusk-fotbollsrebounder-vikbar-kickback-goal-bounce-vaggnat-justerbar-i-5-nivaer-metall-svart-78-x-84-x-65-78-cm\/#primaryimage"},"image":{"@id":"https:\/\/truusk.store\/sv\/produkt\/truusk-fotbollsrebounder-vikbar-kickback-goal-bounce-vaggnat-justerbar-i-5-nivaer-metall-svart-78-x-84-x-65-78-cm\/#primaryimage"},"thumbnailUrl":"https:\/\/i0.wp.com\/truusk.store\/wp-content\/uploads\/2024\/02\/fotbollsrebounder-vikbar-kickback-goal-bounce-vaggnat-for-baseball-basket-justerbar-i-5-nivaer-metall-svart-78-x-84-x-65-78-cm.webp?fit=800%2C800&ssl=1","datePublished":"2024-02-13T13:21:34+00:00","dateModified":"2026-03-12T08:01:43+00:00","breadcrumb":{"@id":"https:\/\/truusk.store\/sv\/produkt\/truusk-fotbollsrebounder-vikbar-kickback-goal-bounce-vaggnat-justerbar-i-5-nivaer-metall-svart-78-x-84-x-65-78-cm\/#breadcrumb"},"inLanguage":"sv-SE","potentialAction":[{"@type":"ReadAction","target":["https:\/\/truusk.store\/sv\/produkt\/truusk-fotbollsrebounder-vikbar-kickback-goal-bounce-vaggnat-justerbar-i-5-nivaer-metall-svart-78-x-84-x-65-78-cm\/"]}]},{"@type":"ImageObject","inLanguage":"sv-SE","@id":"https:\/\/truusk.store\/sv\/produkt\/truusk-fotbollsrebounder-vikbar-kickback-goal-bounce-vaggnat-justerbar-i-5-nivaer-metall-svart-78-x-84-x-65-78-cm\/#primaryimage","url":"https:\/\/i0.wp.com\/truusk.store\/wp-content\/uploads\/2024\/02\/fotbollsrebounder-vikbar-kickback-goal-bounce-vaggnat-for-baseball-basket-justerbar-i-5-nivaer-metall-svart-78-x-84-x-65-78-cm.webp?fit=800%2C800&ssl=1","contentUrl":"https:\/\/i0.wp.com\/truusk.store\/wp-content\/uploads\/2024\/02\/fotbollsrebounder-vikbar-kickback-goal-bounce-vaggnat-for-baseball-basket-justerbar-i-5-nivaer-metall-svart-78-x-84-x-65-78-cm.webp?fit=800%2C800&ssl=1","width":800,"height":800,"caption":"Fotbollsrebounder Vikbar Kickback Goal Bounce V\u00e4ggn\u00e4t F\u00f6r Baseball Basket Justerbar I 5 Niv\u00e5er Metall Svart 78 X 84 X 65-78 Cm 1"},{"@type":"BreadcrumbList","@id":"https:\/\/truusk.store\/sv\/produkt\/truusk-fotbollsrebounder-vikbar-kickback-goal-bounce-vaggnat-justerbar-i-5-nivaer-metall-svart-78-x-84-x-65-78-cm\/#breadcrumb","itemListElement":[{"@type":"ListItem","position":1,"name":"Home","item":"https:\/\/truusk.store\/sv\/"},{"@type":"ListItem","position":2,"name":"Shop","item":"https:\/\/truusk.store\/shop\/"},{"@type":"ListItem","position":3,"name":"TRUUSK Fotbollsrebounder &#8211; Vikbar &#8211; Kickback Goal &#8211; Bounce V\u00e4ggn\u00e4t &#8211; Justerbar i 5 niv\u00e5er &#8211; Metall &#8211; Svart &#8211; 78 x 84 x 65-78 cm"}]},{"@type":"WebSite","@id":"https:\/\/truusk.store\/sv\/#website","url":"https:\/\/truusk.store\/sv\/","name":"TRUUSK - Hem, Tr\u00e4dg\u00e5rd & Fritid","description":"","publisher":{"@id":"https:\/\/truusk.store\/sv\/#organization"},"potentialAction":[{"@type":"SearchAction","target":{"@type":"EntryPoint","urlTemplate":"https:\/\/truusk.store\/sv\/?s={search_term_string}"},"query-input":{"@type":"PropertyValueSpecification","valueRequired":true,"valueName":"search_term_string"}}],"inLanguage":"sv-SE"},{"@type":"Organization","@id":"https:\/\/truusk.store\/sv\/#organization","name":"TRUUSK - Hem, Tr\u00e4dg\u00e5rd & Fritid","url":"https:\/\/truusk.store\/sv\/","logo":{"@type":"ImageObject","inLanguage":"sv-SE","@id":"https:\/\/truusk.store\/sv\/#\/schema\/logo\/image\/","url":"https:\/\/i0.wp.com\/truusk.store\/wp-content\/uploads\/2026\/03\/cropped-TRUUSK.png?fit=2032%2C917&ssl=1","contentUrl":"https:\/\/i0.wp.com\/truusk.store\/wp-content\/uploads\/2026\/03\/cropped-TRUUSK.png?fit=2032%2C917&ssl=1","width":2032,"height":917,"caption":"TRUUSK - Hem, Tr\u00e4dg\u00e5rd & Fritid"},"image":{"@id":"https:\/\/truusk.store\/sv\/#\/schema\/logo\/image\/"}}]}},"jetpack_sharing_enabled":true,"_links":{"self":[{"href":"https:\/\/truusk.store\/sv\/wp-json\/wp\/v2\/product\/18464","targetHints":{"allow":["GET"]}}],"collection":[{"href":"https:\/\/truusk.store\/sv\/wp-json\/wp\/v2\/product"}],"about":[{"href":"https:\/\/truusk.store\/sv\/wp-json\/wp\/v2\/types\/product"}],"wp:featuredmedia":[{"embeddable":true,"href":"https:\/\/truusk.store\/sv\/wp-json\/wp\/v2\/media\/18465"}],"wp:attachment":[{"href":"https:\/\/truusk.store\/sv\/wp-json\/wp\/v2\/media?parent=18464"}],"wp:term":[{"taxonomy":"product_brand","embeddable":true,"href":"https:\/\/truusk.store\/sv\/wp-json\/wp\/v2\/product_brand?post=18464"},{"taxonomy":"product_cat","embeddable":true,"href":"https:\/\/truusk.store\/sv\/wp-json\/wp\/v2\/product_cat?post=18464"},{"taxonomy":"product_tag","embeddable":true,"href":"https:\/\/truusk.store\/sv\/wp-json\/wp\/v2\/product_tag?post=18464"}],"curies":[{"name":"wp","href":"https:\/\/api.w.org\/{rel}","templated":true}]}}