{"id":18550,"date":"2024-02-13T14:24:14","date_gmt":"2024-02-13T13:24:14","guid":{"rendered":"https:\/\/truusk.store\/product\/stepping-board-aerobic-fitness-motionscykel-stepper-hojdjusterbar-10cm-15cm-20cm-pvc-pp-svartgronlila-110-x-40-x-20-cm\/"},"modified":"2026-03-12T09:01:45","modified_gmt":"2026-03-12T08:01:45","slug":"truusk-stepping-board-aerobic-fitness-motioncykel-stepper-hojdjusterbar-10cm-15cm-20cm-pvc-pp-svartgronlila-110-x-40","status":"publish","type":"product","link":"https:\/\/truusk.store\/sv\/produkt\/truusk-stepping-board-aerobic-fitness-motioncykel-stepper-hojdjusterbar-10cm-15cm-20cm-pvc-pp-svartgronlila-110-x-40\/","title":{"rendered":"TRUUSK Stepping Board Aerobic Fitness &#8211; Motioncykel Stepper &#8211; H\u00f6jdjusterbar 10cm\/15cm\/20cm &#8211; PVC PP &#8211; Svart+gr\u00f6n+lila &#8211; 110 X 40"},"content":{"rendered":"<p>Detta \u00e4r en professionell aerob stegplattform. Efter att ha k\u00f6pt dem kan du enkelt utf\u00f6ra olika aeroba \u00f6vningar hemma eller p\u00e5 kontoret. Justera h\u00f6jden p\u00e5 plattformen med 4 stigare s\u00e5 att du v\u00e4xelvis kan utf\u00f6ra utfall eller armh\u00e4vningar efter din egen position.<\/p>\n<h3>Beskrivning:<\/h3>\n<ul>\n<li>Tillverkad av h\u00f6gkvalitativt PP- och PVC-material, som \u00e4r slitstarkt och h\u00e5llbart<\/li>\n<li>Anti-halk struktur runt ytan f\u00f6r att absorbera st\u00f6tkrafter och f\u00f6rhindra halkning<\/li>\n<li>Halkfria f\u00f6tter p\u00e5 botten s\u00e4kerst\u00e4ller plattformens stabilitet<\/li>\n<li>Kan staplas och justeras till tre h\u00f6jder p\u00e5 10\/15\/20 cm<\/li>\n<li>Det extra fotst\u00f6det kan separeras och f\u00f6rvaras i huvuddelen<\/li>\n<li>Bekv\u00e4mt att anv\u00e4nda hemma, p\u00e5 kontoret, p\u00e5 gym och andra tillf\u00e4llen<\/li>\n<li>Kan hj\u00e4lpa dig att tr\u00e4na aerobics, minska vikten och f\u00f6rb\u00e4ttra kardiovaskul\u00e4r h\u00e4lsa<\/li>\n<\/ul>\n<h3>Teknisk data:<\/h3>\n<ul>\n<li>F\u00e4rg: Svart+Gr\u00f6n+Lila<\/li>\n<li>Material: PVC, PP<\/li>\n<li>\u00d6vergripande m\u00e5tt: 110W x 40D x 20H cm<\/li>\n<li>3 olika h\u00f6jder: 10 cm, 15 cm, 20 cm<\/li>\n<li>Lastkapacitet: 150 kg<\/li>\n<\/ul>\n<h3>Leveransens omfattning:<\/h3>\n<ul>\n<li>1 x Quiltbr\u00e4da;<\/li>\n<\/ul>\n","protected":false},"excerpt":{"rendered":"<p>Detta \u00e4r en professionell aerob stegplattform. Efter att ha k\u00f6pt dem kan du enkelt utf\u00f6ra olika aeroba \u00f6vningar hemma eller&#8230;<\/p>\n","protected":false},"featured_media":18551,"template":"","meta":[],"product_brand":[],"product_cat":[661,647,666],"product_tag":[],"class_list":{"0":"post-18550","1":"product","2":"type-product","3":"status-publish","4":"has-post-thumbnail","6":"product_cat-kondition-styrketraning","7":"product_cat-sport-fritid","8":"product_cat-stegbrador-och-ministeg","10":"first","11":"instock","12":"sale","13":"taxable","14":"shipping-taxable","15":"purchasable","16":"product-type-simple"},"yoast_head":"<!-- This site is optimized with the Yoast SEO plugin v25.4 - https:\/\/yoast.com\/wordpress\/plugins\/seo\/ -->\n<title>TRUUSK Stepping Board Aerobic Fitness - Motioncykel Stepper - H\u00f6jdjusterbar 10cm\/15cm\/20cm - PVC PP - Svart+gr\u00f6n+lila - 110 X 40 - TRUUSK - Hem, Tr\u00e4dg\u00e5rd &amp; Fritid<\/title>\n<meta name=\"robots\" content=\"index, follow, max-snippet:-1, max-image-preview:large, max-video-preview:-1\" \/>\n<link rel=\"canonical\" href=\"https:\/\/truusk.store\/sv\/produkt\/truusk-stepping-board-aerobic-fitness-motioncykel-stepper-hojdjusterbar-10cm-15cm-20cm-pvc-pp-svartgronlila-110-x-40\/\" \/>\n<meta property=\"og:locale\" content=\"sv_SE\" \/>\n<meta property=\"og:type\" content=\"article\" \/>\n<meta property=\"og:title\" content=\"TRUUSK Stepping Board Aerobic Fitness - Motioncykel Stepper - H\u00f6jdjusterbar 10cm\/15cm\/20cm - PVC PP - Svart+gr\u00f6n+lila - 110 X 40 - TRUUSK - Hem, Tr\u00e4dg\u00e5rd &amp; Fritid\" \/>\n<meta property=\"og:description\" content=\"Detta \u00e4r en professionell aerob stegplattform. Efter att ha k\u00f6pt dem kan du enkelt utf\u00f6ra olika aeroba \u00f6vningar hemma eller...\" \/>\n<meta property=\"og:url\" content=\"https:\/\/truusk.store\/sv\/produkt\/truusk-stepping-board-aerobic-fitness-motioncykel-stepper-hojdjusterbar-10cm-15cm-20cm-pvc-pp-svartgronlila-110-x-40\/\" \/>\n<meta property=\"og:site_name\" content=\"TRUUSK - Hem, Tr\u00e4dg\u00e5rd &amp; Fritid\" \/>\n<meta property=\"article:modified_time\" content=\"2026-03-12T08:01:45+00:00\" \/>\n<meta property=\"og:image\" content=\"https:\/\/i0.wp.com\/truusk.se\/wp-content\/uploads\/2024\/02\/stepping-board-aerobic-fitness-motionscykel-stepper-hojdjusterbar-10cm-15cm-20cm-pvc-pp-svartgronlila-110-x-40-x-20-cm.webp?fit=800%2C800&ssl=1\" \/>\n\t<meta property=\"og:image:width\" content=\"800\" \/>\n\t<meta property=\"og:image:height\" content=\"800\" \/>\n\t<meta property=\"og:image:type\" content=\"image\/webp\" \/>\n<meta name=\"twitter:card\" content=\"summary_large_image\" \/>\n<meta name=\"twitter:label1\" content=\"Ber\u00e4knad l\u00e4stid\" \/>\n\t<meta name=\"twitter:data1\" content=\"1 minut\" \/>\n<!-- \/ Yoast SEO plugin. -->","yoast_head_json":{"title":"TRUUSK Stepping Board Aerobic Fitness - Motioncykel Stepper - H\u00f6jdjusterbar 10cm\/15cm\/20cm - PVC PP - Svart+gr\u00f6n+lila - 110 X 40 - TRUUSK - Hem, Tr\u00e4dg\u00e5rd &amp; Fritid","robots":{"index":"index","follow":"follow","max-snippet":"max-snippet:-1","max-image-preview":"max-image-preview:large","max-video-preview":"max-video-preview:-1"},"canonical":"https:\/\/truusk.store\/sv\/produkt\/truusk-stepping-board-aerobic-fitness-motioncykel-stepper-hojdjusterbar-10cm-15cm-20cm-pvc-pp-svartgronlila-110-x-40\/","og_locale":"sv_SE","og_type":"article","og_title":"TRUUSK Stepping Board Aerobic Fitness - Motioncykel Stepper - H\u00f6jdjusterbar 10cm\/15cm\/20cm - PVC PP - Svart+gr\u00f6n+lila - 110 X 40 - TRUUSK - Hem, Tr\u00e4dg\u00e5rd &amp; Fritid","og_description":"Detta \u00e4r en professionell aerob stegplattform. Efter att ha k\u00f6pt dem kan du enkelt utf\u00f6ra olika aeroba \u00f6vningar hemma eller...","og_url":"https:\/\/truusk.store\/sv\/produkt\/truusk-stepping-board-aerobic-fitness-motioncykel-stepper-hojdjusterbar-10cm-15cm-20cm-pvc-pp-svartgronlila-110-x-40\/","og_site_name":"TRUUSK - Hem, Tr\u00e4dg\u00e5rd &amp; Fritid","article_modified_time":"2026-03-12T08:01:45+00:00","og_image":[{"width":800,"height":800,"url":"https:\/\/i0.wp.com\/truusk.se\/wp-content\/uploads\/2024\/02\/stepping-board-aerobic-fitness-motionscykel-stepper-hojdjusterbar-10cm-15cm-20cm-pvc-pp-svartgronlila-110-x-40-x-20-cm.webp?fit=800%2C800&ssl=1","type":"image\/webp"}],"twitter_card":"summary_large_image","twitter_misc":{"Ber\u00e4knad l\u00e4stid":"1 minut"},"schema":{"@context":"https:\/\/schema.org","@graph":[{"@type":"WebPage","@id":"https:\/\/truusk.store\/sv\/produkt\/truusk-stepping-board-aerobic-fitness-motioncykel-stepper-hojdjusterbar-10cm-15cm-20cm-pvc-pp-svartgronlila-110-x-40\/","url":"https:\/\/truusk.store\/sv\/produkt\/truusk-stepping-board-aerobic-fitness-motioncykel-stepper-hojdjusterbar-10cm-15cm-20cm-pvc-pp-svartgronlila-110-x-40\/","name":"TRUUSK Stepping Board Aerobic Fitness - Motioncykel Stepper - H\u00f6jdjusterbar 10cm\/15cm\/20cm - PVC PP - Svart+gr\u00f6n+lila - 110 X 40 - TRUUSK - Hem, Tr\u00e4dg\u00e5rd &amp; Fritid","isPartOf":{"@id":"https:\/\/truusk.store\/sv\/#website"},"primaryImageOfPage":{"@id":"https:\/\/truusk.store\/sv\/produkt\/truusk-stepping-board-aerobic-fitness-motioncykel-stepper-hojdjusterbar-10cm-15cm-20cm-pvc-pp-svartgronlila-110-x-40\/#primaryimage"},"image":{"@id":"https:\/\/truusk.store\/sv\/produkt\/truusk-stepping-board-aerobic-fitness-motioncykel-stepper-hojdjusterbar-10cm-15cm-20cm-pvc-pp-svartgronlila-110-x-40\/#primaryimage"},"thumbnailUrl":"https:\/\/i0.wp.com\/truusk.store\/wp-content\/uploads\/2024\/02\/stepping-board-aerobic-fitness-motionscykel-stepper-hojdjusterbar-10cm-15cm-20cm-pvc-pp-svartgronlila-110-x-40-x-20-cm.webp?fit=800%2C800&ssl=1","datePublished":"2024-02-13T13:24:14+00:00","dateModified":"2026-03-12T08:01:45+00:00","breadcrumb":{"@id":"https:\/\/truusk.store\/sv\/produkt\/truusk-stepping-board-aerobic-fitness-motioncykel-stepper-hojdjusterbar-10cm-15cm-20cm-pvc-pp-svartgronlila-110-x-40\/#breadcrumb"},"inLanguage":"sv-SE","potentialAction":[{"@type":"ReadAction","target":["https:\/\/truusk.store\/sv\/produkt\/truusk-stepping-board-aerobic-fitness-motioncykel-stepper-hojdjusterbar-10cm-15cm-20cm-pvc-pp-svartgronlila-110-x-40\/"]}]},{"@type":"ImageObject","inLanguage":"sv-SE","@id":"https:\/\/truusk.store\/sv\/produkt\/truusk-stepping-board-aerobic-fitness-motioncykel-stepper-hojdjusterbar-10cm-15cm-20cm-pvc-pp-svartgronlila-110-x-40\/#primaryimage","url":"https:\/\/i0.wp.com\/truusk.store\/wp-content\/uploads\/2024\/02\/stepping-board-aerobic-fitness-motionscykel-stepper-hojdjusterbar-10cm-15cm-20cm-pvc-pp-svartgronlila-110-x-40-x-20-cm.webp?fit=800%2C800&ssl=1","contentUrl":"https:\/\/i0.wp.com\/truusk.store\/wp-content\/uploads\/2024\/02\/stepping-board-aerobic-fitness-motionscykel-stepper-hojdjusterbar-10cm-15cm-20cm-pvc-pp-svartgronlila-110-x-40-x-20-cm.webp?fit=800%2C800&ssl=1","width":800,"height":800,"caption":"Stepping Board Aerobic Fitness Motionscykel Stepper H\u00f6jdjusterbar 10cm\/15cm\/20cm PVC PP Svart+gr\u00f6n+lila 110 X 40 X 20 Cm 1"},{"@type":"BreadcrumbList","@id":"https:\/\/truusk.store\/sv\/produkt\/truusk-stepping-board-aerobic-fitness-motioncykel-stepper-hojdjusterbar-10cm-15cm-20cm-pvc-pp-svartgronlila-110-x-40\/#breadcrumb","itemListElement":[{"@type":"ListItem","position":1,"name":"Home","item":"https:\/\/truusk.store\/sv\/"},{"@type":"ListItem","position":2,"name":"Shop","item":"https:\/\/truusk.store\/shop\/"},{"@type":"ListItem","position":3,"name":"TRUUSK Stepping Board Aerobic Fitness &#8211; Motioncykel Stepper &#8211; H\u00f6jdjusterbar 10cm\/15cm\/20cm &#8211; PVC PP &#8211; Svart+gr\u00f6n+lila &#8211; 110 X 40"}]},{"@type":"WebSite","@id":"https:\/\/truusk.store\/sv\/#website","url":"https:\/\/truusk.store\/sv\/","name":"TRUUSK - Hem, Tr\u00e4dg\u00e5rd & Fritid","description":"","publisher":{"@id":"https:\/\/truusk.store\/sv\/#organization"},"potentialAction":[{"@type":"SearchAction","target":{"@type":"EntryPoint","urlTemplate":"https:\/\/truusk.store\/sv\/?s={search_term_string}"},"query-input":{"@type":"PropertyValueSpecification","valueRequired":true,"valueName":"search_term_string"}}],"inLanguage":"sv-SE"},{"@type":"Organization","@id":"https:\/\/truusk.store\/sv\/#organization","name":"TRUUSK - Hem, Tr\u00e4dg\u00e5rd & Fritid","url":"https:\/\/truusk.store\/sv\/","logo":{"@type":"ImageObject","inLanguage":"sv-SE","@id":"https:\/\/truusk.store\/sv\/#\/schema\/logo\/image\/","url":"https:\/\/i0.wp.com\/truusk.store\/wp-content\/uploads\/2026\/03\/cropped-TRUUSK.png?fit=2032%2C917&ssl=1","contentUrl":"https:\/\/i0.wp.com\/truusk.store\/wp-content\/uploads\/2026\/03\/cropped-TRUUSK.png?fit=2032%2C917&ssl=1","width":2032,"height":917,"caption":"TRUUSK - Hem, Tr\u00e4dg\u00e5rd & Fritid"},"image":{"@id":"https:\/\/truusk.store\/sv\/#\/schema\/logo\/image\/"}}]}},"jetpack_sharing_enabled":true,"_links":{"self":[{"href":"https:\/\/truusk.store\/sv\/wp-json\/wp\/v2\/product\/18550","targetHints":{"allow":["GET"]}}],"collection":[{"href":"https:\/\/truusk.store\/sv\/wp-json\/wp\/v2\/product"}],"about":[{"href":"https:\/\/truusk.store\/sv\/wp-json\/wp\/v2\/types\/product"}],"wp:featuredmedia":[{"embeddable":true,"href":"https:\/\/truusk.store\/sv\/wp-json\/wp\/v2\/media\/18551"}],"wp:attachment":[{"href":"https:\/\/truusk.store\/sv\/wp-json\/wp\/v2\/media?parent=18550"}],"wp:term":[{"taxonomy":"product_brand","embeddable":true,"href":"https:\/\/truusk.store\/sv\/wp-json\/wp\/v2\/product_brand?post=18550"},{"taxonomy":"product_cat","embeddable":true,"href":"https:\/\/truusk.store\/sv\/wp-json\/wp\/v2\/product_cat?post=18550"},{"taxonomy":"product_tag","embeddable":true,"href":"https:\/\/truusk.store\/sv\/wp-json\/wp\/v2\/product_tag?post=18550"}],"curies":[{"name":"wp","href":"https:\/\/api.w.org\/{rel}","templated":true}]}}