{"id":18582,"date":"2024-02-13T14:25:19","date_gmt":"2024-02-13T13:25:19","guid":{"rendered":"https:\/\/truusk.store\/product\/skoskap-diy-skostall-garderob-hyllsystem-plug-in-hylla-garderobsskap-16-fack-gjorda-av-pp-svart-vit-95-x-37-x-160-cm\/"},"modified":"2026-03-12T09:01:45","modified_gmt":"2026-03-12T08:01:45","slug":"truusk-skoskap-diy-skostall-garderob-hyllsystem-plug-in-hylla-16-fack-pp-material-svart-vit-95-x-37-x-160-cm","status":"publish","type":"product","link":"https:\/\/truusk.store\/sv\/produkt\/truusk-skoskap-diy-skostall-garderob-hyllsystem-plug-in-hylla-16-fack-pp-material-svart-vit-95-x-37-x-160-cm\/","title":{"rendered":"TRUUSK Skosk\u00e5p DIY &#8211; Skost\u00e4ll Garderob Hyllsystem &#8211; Plug-in Hylla &#8211; 16 Fack &#8211; PP Material &#8211; Svart + Vit &#8211; 95 x 37 x 160 cm"},"content":{"rendered":"<p>Att bygga denna modul\u00e4ra garderob \u00e4r inte bara enkelt och praktiskt, utan till och med roligt! L\u00e5t fantasin fl\u00f6da och anpassa sk\u00e5pet perfekt till ditt utrymme Du kan till och med f\u00f6rvara ditt skosk\u00e5p under trappan eller i smala nischer tack vare det flexibla plug-in-systemet. Plastpanelerna och den pulverlackerade metallramen \u00e4r slitstarka och extra l\u00e4ttsk\u00f6tta. Allt har sin plats h\u00e4r och tack vare de halvtransparenta vita d\u00f6rrarna kan du snabbt hitta det igen. Oavsett om det \u00e4r som skosk\u00e5p, rumsavdelare eller universell f\u00f6rvaring, \u00e4r detta sk\u00e5psystem med sin eleganta svartvita design och vackra m\u00f6nster den eleganta l\u00f6sningen f\u00f6r ditt f\u00f6rvaringsutrymme.<\/p>\n<h3>Beskrivning:<\/h3>\n<ul>\n<li>M\u00e5ngsidigt organisationssystem, kan anv\u00e4ndas \u00f6ppet och st\u00e4ngt<\/li>\n<li>Flexibla monteringsm\u00f6jligheter tack vare plug-in-systemet<\/li>\n<li>L\u00e4ttsk\u00f6tt och h\u00e5llbar konstruktion av plast och metall<\/li>\n<li>14 sm\u00e5 och 2 stora fack ger gott om f\u00f6rvaringsutrymme<\/li>\n<li>Rymmer upp till 32 par skor<\/li>\n<li>L\u00e4tt att \u00f6ppna med hj\u00e4lp av metall\u00f6glorna i varje d\u00f6rr<\/li>\n<li>Tydlig f\u00f6rvaring med halvtransparenta d\u00f6rrar<\/li>\n<li>Enkel konstruktion<\/li>\n<\/ul>\n<h3>Teknisk data:<\/h3>\n<ul>\n<li>Material: plast (PP, ABS), metall<\/li>\n<li>F\u00e4rg: Svart + Vit<\/li>\n<li>\u00d6vergripande m\u00e5tt: B95 x D37 x H160 cm<\/li>\n<li>M\u00e5tt p\u00e5 sm\u00e5 fack (x 14): B45 x D35 x H17 cm<\/li>\n<li>M\u00e5tt p\u00e5 stora fack (x 2): B45 x D35 x H35 cm<\/li>\n<li>Lastkapacitet: 30 kg<\/li>\n<li>Vikt: 11,5 kg<\/li>\n<\/ul>\n<h3>Leveransens omfattning:<\/h3>\n<ul>\n<li>22 x plastpanel (45 x 35 cm)<\/li>\n<li>3 x plastpanel (35 x 35 cm)<\/li>\n<li>28 x plastpanel (45 x 17 cm)<\/li>\n<li>21 x plastpanel (35 x 17 cm)<\/li>\n<li>54 x kontakter<\/li>\n<li>1 x tr\u00e4klubba<\/li>\n<li>1 x Monteringsanvisning<\/li>\n<\/ul>\n","protected":false},"excerpt":{"rendered":"<p>Att bygga denna modul\u00e4ra garderob \u00e4r inte bara enkelt och praktiskt, utan till och med roligt! L\u00e5t fantasin fl\u00f6da och&#8230;<\/p>\n","protected":false},"featured_media":18583,"template":"","meta":[],"product_brand":[],"product_cat":[485,528,530],"product_tag":[],"class_list":{"0":"post-18582","1":"product","2":"type-product","3":"status-publish","4":"has-post-thumbnail","6":"product_cat-hus-bo","7":"product_cat-skap-byraer","8":"product_cat-skoskap","10":"first","11":"instock","12":"sale","13":"taxable","14":"shipping-taxable","15":"purchasable","16":"product-type-simple"},"yoast_head":"<!-- This site is optimized with the Yoast SEO plugin v25.4 - https:\/\/yoast.com\/wordpress\/plugins\/seo\/ -->\n<title>TRUUSK Skosk\u00e5p DIY - Skost\u00e4ll Garderob Hyllsystem - Plug-in Hylla - 16 Fack - PP Material - Svart + Vit - 95 x 37 x 160 cm - TRUUSK - Hem, Tr\u00e4dg\u00e5rd &amp; Fritid<\/title>\n<meta name=\"robots\" content=\"index, follow, max-snippet:-1, max-image-preview:large, max-video-preview:-1\" \/>\n<link rel=\"canonical\" href=\"https:\/\/truusk.store\/sv\/produkt\/truusk-skoskap-diy-skostall-garderob-hyllsystem-plug-in-hylla-16-fack-pp-material-svart-vit-95-x-37-x-160-cm\/\" \/>\n<meta property=\"og:locale\" content=\"sv_SE\" \/>\n<meta property=\"og:type\" content=\"article\" \/>\n<meta property=\"og:title\" content=\"TRUUSK Skosk\u00e5p DIY - Skost\u00e4ll Garderob Hyllsystem - Plug-in Hylla - 16 Fack - PP Material - Svart + Vit - 95 x 37 x 160 cm - TRUUSK - Hem, Tr\u00e4dg\u00e5rd &amp; Fritid\" \/>\n<meta property=\"og:description\" content=\"Att bygga denna modul\u00e4ra garderob \u00e4r inte bara enkelt och praktiskt, utan till och med roligt! L\u00e5t fantasin fl\u00f6da och...\" \/>\n<meta property=\"og:url\" content=\"https:\/\/truusk.store\/sv\/produkt\/truusk-skoskap-diy-skostall-garderob-hyllsystem-plug-in-hylla-16-fack-pp-material-svart-vit-95-x-37-x-160-cm\/\" \/>\n<meta property=\"og:site_name\" content=\"TRUUSK - Hem, Tr\u00e4dg\u00e5rd &amp; Fritid\" \/>\n<meta property=\"article:modified_time\" content=\"2026-03-12T08:01:45+00:00\" \/>\n<meta property=\"og:image\" content=\"https:\/\/i0.wp.com\/truusk.se\/wp-content\/uploads\/2024\/02\/skoskap-diy-skostall-garderob-hyllsystem-plug-in-hylla-garderobsskap-16-fack-gjorda-av-pp-svart-vit-95-x-37-x-160-cm.webp?fit=800%2C800&ssl=1\" \/>\n\t<meta property=\"og:image:width\" content=\"800\" \/>\n\t<meta property=\"og:image:height\" content=\"800\" \/>\n\t<meta property=\"og:image:type\" content=\"image\/webp\" \/>\n<meta name=\"twitter:card\" content=\"summary_large_image\" \/>\n<meta name=\"twitter:label1\" content=\"Ber\u00e4knad l\u00e4stid\" \/>\n\t<meta name=\"twitter:data1\" content=\"1 minut\" \/>\n<!-- \/ Yoast SEO plugin. -->","yoast_head_json":{"title":"TRUUSK Skosk\u00e5p DIY - Skost\u00e4ll Garderob Hyllsystem - Plug-in Hylla - 16 Fack - PP Material - Svart + Vit - 95 x 37 x 160 cm - TRUUSK - Hem, Tr\u00e4dg\u00e5rd &amp; Fritid","robots":{"index":"index","follow":"follow","max-snippet":"max-snippet:-1","max-image-preview":"max-image-preview:large","max-video-preview":"max-video-preview:-1"},"canonical":"https:\/\/truusk.store\/sv\/produkt\/truusk-skoskap-diy-skostall-garderob-hyllsystem-plug-in-hylla-16-fack-pp-material-svart-vit-95-x-37-x-160-cm\/","og_locale":"sv_SE","og_type":"article","og_title":"TRUUSK Skosk\u00e5p DIY - Skost\u00e4ll Garderob Hyllsystem - Plug-in Hylla - 16 Fack - PP Material - Svart + Vit - 95 x 37 x 160 cm - TRUUSK - Hem, Tr\u00e4dg\u00e5rd &amp; Fritid","og_description":"Att bygga denna modul\u00e4ra garderob \u00e4r inte bara enkelt och praktiskt, utan till och med roligt! L\u00e5t fantasin fl\u00f6da och...","og_url":"https:\/\/truusk.store\/sv\/produkt\/truusk-skoskap-diy-skostall-garderob-hyllsystem-plug-in-hylla-16-fack-pp-material-svart-vit-95-x-37-x-160-cm\/","og_site_name":"TRUUSK - Hem, Tr\u00e4dg\u00e5rd &amp; Fritid","article_modified_time":"2026-03-12T08:01:45+00:00","og_image":[{"width":800,"height":800,"url":"https:\/\/i0.wp.com\/truusk.se\/wp-content\/uploads\/2024\/02\/skoskap-diy-skostall-garderob-hyllsystem-plug-in-hylla-garderobsskap-16-fack-gjorda-av-pp-svart-vit-95-x-37-x-160-cm.webp?fit=800%2C800&ssl=1","type":"image\/webp"}],"twitter_card":"summary_large_image","twitter_misc":{"Ber\u00e4knad l\u00e4stid":"1 minut"},"schema":{"@context":"https:\/\/schema.org","@graph":[{"@type":"WebPage","@id":"https:\/\/truusk.store\/sv\/produkt\/truusk-skoskap-diy-skostall-garderob-hyllsystem-plug-in-hylla-16-fack-pp-material-svart-vit-95-x-37-x-160-cm\/","url":"https:\/\/truusk.store\/sv\/produkt\/truusk-skoskap-diy-skostall-garderob-hyllsystem-plug-in-hylla-16-fack-pp-material-svart-vit-95-x-37-x-160-cm\/","name":"TRUUSK Skosk\u00e5p DIY - Skost\u00e4ll Garderob Hyllsystem - Plug-in Hylla - 16 Fack - PP Material - Svart + Vit - 95 x 37 x 160 cm - TRUUSK - Hem, Tr\u00e4dg\u00e5rd &amp; Fritid","isPartOf":{"@id":"https:\/\/truusk.store\/sv\/#website"},"primaryImageOfPage":{"@id":"https:\/\/truusk.store\/sv\/produkt\/truusk-skoskap-diy-skostall-garderob-hyllsystem-plug-in-hylla-16-fack-pp-material-svart-vit-95-x-37-x-160-cm\/#primaryimage"},"image":{"@id":"https:\/\/truusk.store\/sv\/produkt\/truusk-skoskap-diy-skostall-garderob-hyllsystem-plug-in-hylla-16-fack-pp-material-svart-vit-95-x-37-x-160-cm\/#primaryimage"},"thumbnailUrl":"https:\/\/i0.wp.com\/truusk.store\/wp-content\/uploads\/2024\/02\/skoskap-diy-skostall-garderob-hyllsystem-plug-in-hylla-garderobsskap-16-fack-gjorda-av-pp-svart-vit-95-x-37-x-160-cm.webp?fit=800%2C800&ssl=1","datePublished":"2024-02-13T13:25:19+00:00","dateModified":"2026-03-12T08:01:45+00:00","breadcrumb":{"@id":"https:\/\/truusk.store\/sv\/produkt\/truusk-skoskap-diy-skostall-garderob-hyllsystem-plug-in-hylla-16-fack-pp-material-svart-vit-95-x-37-x-160-cm\/#breadcrumb"},"inLanguage":"sv-SE","potentialAction":[{"@type":"ReadAction","target":["https:\/\/truusk.store\/sv\/produkt\/truusk-skoskap-diy-skostall-garderob-hyllsystem-plug-in-hylla-16-fack-pp-material-svart-vit-95-x-37-x-160-cm\/"]}]},{"@type":"ImageObject","inLanguage":"sv-SE","@id":"https:\/\/truusk.store\/sv\/produkt\/truusk-skoskap-diy-skostall-garderob-hyllsystem-plug-in-hylla-16-fack-pp-material-svart-vit-95-x-37-x-160-cm\/#primaryimage","url":"https:\/\/i0.wp.com\/truusk.store\/wp-content\/uploads\/2024\/02\/skoskap-diy-skostall-garderob-hyllsystem-plug-in-hylla-garderobsskap-16-fack-gjorda-av-pp-svart-vit-95-x-37-x-160-cm.webp?fit=800%2C800&ssl=1","contentUrl":"https:\/\/i0.wp.com\/truusk.store\/wp-content\/uploads\/2024\/02\/skoskap-diy-skostall-garderob-hyllsystem-plug-in-hylla-garderobsskap-16-fack-gjorda-av-pp-svart-vit-95-x-37-x-160-cm.webp?fit=800%2C800&ssl=1","width":800,"height":800,"caption":"Skosk\u00e5p DIY Skost\u00e4ll Garderob Hyllsystem Plug-in Hylla Garderobssk\u00e5p 16 Fack Gjorda Av PP Svart + Vit 95 X 37 X 160 Cm 1"},{"@type":"BreadcrumbList","@id":"https:\/\/truusk.store\/sv\/produkt\/truusk-skoskap-diy-skostall-garderob-hyllsystem-plug-in-hylla-16-fack-pp-material-svart-vit-95-x-37-x-160-cm\/#breadcrumb","itemListElement":[{"@type":"ListItem","position":1,"name":"Home","item":"https:\/\/truusk.store\/sv\/"},{"@type":"ListItem","position":2,"name":"Shop","item":"https:\/\/truusk.store\/shop\/"},{"@type":"ListItem","position":3,"name":"TRUUSK Skosk\u00e5p DIY &#8211; Skost\u00e4ll Garderob Hyllsystem &#8211; Plug-in Hylla &#8211; 16 Fack &#8211; PP Material &#8211; Svart + Vit &#8211; 95 x 37 x 160 cm"}]},{"@type":"WebSite","@id":"https:\/\/truusk.store\/sv\/#website","url":"https:\/\/truusk.store\/sv\/","name":"TRUUSK - Hem, Tr\u00e4dg\u00e5rd & Fritid","description":"","publisher":{"@id":"https:\/\/truusk.store\/sv\/#organization"},"potentialAction":[{"@type":"SearchAction","target":{"@type":"EntryPoint","urlTemplate":"https:\/\/truusk.store\/sv\/?s={search_term_string}"},"query-input":{"@type":"PropertyValueSpecification","valueRequired":true,"valueName":"search_term_string"}}],"inLanguage":"sv-SE"},{"@type":"Organization","@id":"https:\/\/truusk.store\/sv\/#organization","name":"TRUUSK - Hem, Tr\u00e4dg\u00e5rd & Fritid","url":"https:\/\/truusk.store\/sv\/","logo":{"@type":"ImageObject","inLanguage":"sv-SE","@id":"https:\/\/truusk.store\/sv\/#\/schema\/logo\/image\/","url":"https:\/\/i0.wp.com\/truusk.store\/wp-content\/uploads\/2026\/03\/cropped-TRUUSK.png?fit=2032%2C917&ssl=1","contentUrl":"https:\/\/i0.wp.com\/truusk.store\/wp-content\/uploads\/2026\/03\/cropped-TRUUSK.png?fit=2032%2C917&ssl=1","width":2032,"height":917,"caption":"TRUUSK - Hem, Tr\u00e4dg\u00e5rd & Fritid"},"image":{"@id":"https:\/\/truusk.store\/sv\/#\/schema\/logo\/image\/"}}]}},"jetpack_sharing_enabled":true,"_links":{"self":[{"href":"https:\/\/truusk.store\/sv\/wp-json\/wp\/v2\/product\/18582","targetHints":{"allow":["GET"]}}],"collection":[{"href":"https:\/\/truusk.store\/sv\/wp-json\/wp\/v2\/product"}],"about":[{"href":"https:\/\/truusk.store\/sv\/wp-json\/wp\/v2\/types\/product"}],"wp:featuredmedia":[{"embeddable":true,"href":"https:\/\/truusk.store\/sv\/wp-json\/wp\/v2\/media\/18583"}],"wp:attachment":[{"href":"https:\/\/truusk.store\/sv\/wp-json\/wp\/v2\/media?parent=18582"}],"wp:term":[{"taxonomy":"product_brand","embeddable":true,"href":"https:\/\/truusk.store\/sv\/wp-json\/wp\/v2\/product_brand?post=18582"},{"taxonomy":"product_cat","embeddable":true,"href":"https:\/\/truusk.store\/sv\/wp-json\/wp\/v2\/product_cat?post=18582"},{"taxonomy":"product_tag","embeddable":true,"href":"https:\/\/truusk.store\/sv\/wp-json\/wp\/v2\/product_tag?post=18582"}],"curies":[{"name":"wp","href":"https:\/\/api.w.org\/{rel}","templated":true}]}}