{"id":18594,"date":"2024-02-13T14:25:39","date_gmt":"2024-02-13T13:25:39","guid":{"rendered":"https:\/\/truusk.store\/product\/whiteboard-i-glas-anteckningstavla-whiteboardtavla-4-pennor-6-magneter-1-svamp-1-hylla-vit\/"},"modified":"2026-03-12T09:01:45","modified_gmt":"2026-03-12T08:01:45","slug":"truusk-whiteboard-i-glas-anteckningstavla-med-pennor-och-magneter-inklusive-hylla-och-svamp-perfekt-for-hemmet-vit","status":"publish","type":"product","link":"https:\/\/truusk.store\/sv\/produkt\/truusk-whiteboard-i-glas-anteckningstavla-med-pennor-och-magneter-inklusive-hylla-och-svamp-perfekt-for-hemmet-vit\/","title":{"rendered":"TRUUSK Whiteboard i Glas &#8211; Anteckningstavla med Pennor och Magneter &#8211; Inklusive Hylla och Svamp &#8211; Perfekt f\u00f6r Hemmet &#8211; Vit"},"content":{"rendered":"<p>Uppt\u00e4ck whiteboardtavlan i glas, din oumb\u00e4rliga medhj\u00e4lpare i arbete, studier och vardag. Den h\u00e4r whiteboardtavlan \u00e4r m\u00e5ngsidig, oavsett om den \u00e4r p\u00e5 kontoret, i skolan eller n\u00e4r du studerar, allt. P\u00e5 kontoret kan du spela in m\u00f6tesinneh\u00e5ll direkt och organisera id\u00e9er effektivt. I klassrummet underl\u00e4ttar det l\u00e4rarens arbete. Whiteboardtavlan i glas \u00e4r ocks\u00e5 magnetisk, s\u00e5 du kan enkelt f\u00e4sta sm\u00e5 magneter vid behov.<\/p>\n<h3>Beskrivning:<\/h3>\n<ul>\n<li>Inkluderar 1 glasskiva, 1 torr torkare och 4 f\u00e4rgglada mark\u00f6rer (INTE MAGNETISK)<\/li>\n<li>Den sl\u00e4ta glasytan m\u00f6jligg\u00f6r enkel skrivning och radering och motst\u00e5r fl\u00e4ckar, repor och bucklor<\/li>\n<li>Markeringsbricka i aluminium f\u00f6r bekv\u00e4m f\u00f6rvaring av skrivredskap<\/li>\n<li>Den raml\u00f6sa designen g\u00f6r reng\u00f6ringen enklare och \u00f6kar anv\u00e4ndbarhetsytan p\u00e5 br\u00e4dan<\/li>\n<li>Glaskl\u00e4mmor m\u00f6jligg\u00f6r enkel installation utan behov av borrning<\/li>\n<\/ul>\n<h3>Teknisk data:<\/h3>\n<ul>\n<li>F\u00e4rg vit<\/li>\n<li>Material: glas, aluminium, galvaniserad st\u00e5lpl\u00e5t<\/li>\n<li>Totala m\u00e5tt: 90L x 60W cm<\/li>\n<li>Tjocklek: 4mm<\/li>\n<li>Storlek f\u00f6r f\u00f6rvaringsfack: 45L x 5W cm<\/li>\n<li>Glasf\u00e4ste storlek: 2,5 x 2,8H cm<\/li>\n<li>Obs: Vi v\u00e4ljer tjockt glas f\u00f6r att matcha denna slitstarka skiva, som beh\u00f6ver STARK magnetisk. Tillbeh\u00f6r \u00e4r inte magnetiska<\/li>\n<\/ul>\n<h3>Leveransens omfattning:<\/h3>\n<ul>\n<li>1 x Glasskiva<\/li>\n<li>1 x torrt suddgummi<\/li>\n<li>4 x mark\u00f6rer<\/li>\n<li>4 x glaskl\u00e4mma<\/li>\n<li>4 x Expansionsskruv<\/li>\n<li>1 x Instruktioner<\/li>\n<\/ul>\n","protected":false},"excerpt":{"rendered":"<p>Uppt\u00e4ck whiteboardtavlan i glas, din oumb\u00e4rliga medhj\u00e4lpare i arbete, studier och vardag. Den h\u00e4r whiteboardtavlan \u00e4r m\u00e5ngsidig, oavsett om den&#8230;<\/p>\n","protected":false},"featured_media":18595,"template":"","meta":[],"product_brand":[],"product_cat":[485,497],"product_tag":[],"class_list":{"0":"post-18594","1":"product","2":"type-product","3":"status-publish","4":"has-post-thumbnail","6":"product_cat-hus-bo","7":"product_cat-kontorsmaterial","9":"first","10":"instock","11":"sale","12":"taxable","13":"shipping-taxable","14":"purchasable","15":"product-type-simple"},"yoast_head":"<!-- This site is optimized with the Yoast SEO plugin v25.4 - https:\/\/yoast.com\/wordpress\/plugins\/seo\/ -->\n<title>TRUUSK Whiteboard i Glas - Anteckningstavla med Pennor och Magneter - Inklusive Hylla och Svamp - Perfekt f\u00f6r Hemmet - Vit - TRUUSK - Hem, Tr\u00e4dg\u00e5rd &amp; Fritid<\/title>\n<meta name=\"robots\" content=\"index, follow, max-snippet:-1, max-image-preview:large, max-video-preview:-1\" \/>\n<link rel=\"canonical\" href=\"https:\/\/truusk.store\/sv\/produkt\/truusk-whiteboard-i-glas-anteckningstavla-med-pennor-och-magneter-inklusive-hylla-och-svamp-perfekt-for-hemmet-vit\/\" \/>\n<meta property=\"og:locale\" content=\"sv_SE\" \/>\n<meta property=\"og:type\" content=\"article\" \/>\n<meta property=\"og:title\" content=\"TRUUSK Whiteboard i Glas - Anteckningstavla med Pennor och Magneter - Inklusive Hylla och Svamp - Perfekt f\u00f6r Hemmet - Vit - TRUUSK - Hem, Tr\u00e4dg\u00e5rd &amp; Fritid\" \/>\n<meta property=\"og:description\" content=\"Uppt\u00e4ck whiteboardtavlan i glas, din oumb\u00e4rliga medhj\u00e4lpare i arbete, studier och vardag. Den h\u00e4r whiteboardtavlan \u00e4r m\u00e5ngsidig, oavsett om den...\" \/>\n<meta property=\"og:url\" content=\"https:\/\/truusk.store\/sv\/produkt\/truusk-whiteboard-i-glas-anteckningstavla-med-pennor-och-magneter-inklusive-hylla-och-svamp-perfekt-for-hemmet-vit\/\" \/>\n<meta property=\"og:site_name\" content=\"TRUUSK - Hem, Tr\u00e4dg\u00e5rd &amp; Fritid\" \/>\n<meta property=\"article:modified_time\" content=\"2026-03-12T08:01:45+00:00\" \/>\n<meta property=\"og:image\" content=\"https:\/\/i0.wp.com\/truusk.se\/wp-content\/uploads\/2024\/02\/whiteboard-i-glas-anteckningstavla-whiteboardtavla-4-pennor-6-magneter-1-svamp-1-hylla-vit.webp?fit=800%2C800&ssl=1\" \/>\n\t<meta property=\"og:image:width\" content=\"800\" \/>\n\t<meta property=\"og:image:height\" content=\"800\" \/>\n\t<meta property=\"og:image:type\" content=\"image\/webp\" \/>\n<meta name=\"twitter:card\" content=\"summary_large_image\" \/>\n<meta name=\"twitter:label1\" content=\"Ber\u00e4knad l\u00e4stid\" \/>\n\t<meta name=\"twitter:data1\" content=\"1 minut\" \/>\n<!-- \/ Yoast SEO plugin. -->","yoast_head_json":{"title":"TRUUSK Whiteboard i Glas - Anteckningstavla med Pennor och Magneter - Inklusive Hylla och Svamp - Perfekt f\u00f6r Hemmet - Vit - TRUUSK - Hem, Tr\u00e4dg\u00e5rd &amp; Fritid","robots":{"index":"index","follow":"follow","max-snippet":"max-snippet:-1","max-image-preview":"max-image-preview:large","max-video-preview":"max-video-preview:-1"},"canonical":"https:\/\/truusk.store\/sv\/produkt\/truusk-whiteboard-i-glas-anteckningstavla-med-pennor-och-magneter-inklusive-hylla-och-svamp-perfekt-for-hemmet-vit\/","og_locale":"sv_SE","og_type":"article","og_title":"TRUUSK Whiteboard i Glas - Anteckningstavla med Pennor och Magneter - Inklusive Hylla och Svamp - Perfekt f\u00f6r Hemmet - Vit - TRUUSK - Hem, Tr\u00e4dg\u00e5rd &amp; Fritid","og_description":"Uppt\u00e4ck whiteboardtavlan i glas, din oumb\u00e4rliga medhj\u00e4lpare i arbete, studier och vardag. Den h\u00e4r whiteboardtavlan \u00e4r m\u00e5ngsidig, oavsett om den...","og_url":"https:\/\/truusk.store\/sv\/produkt\/truusk-whiteboard-i-glas-anteckningstavla-med-pennor-och-magneter-inklusive-hylla-och-svamp-perfekt-for-hemmet-vit\/","og_site_name":"TRUUSK - Hem, Tr\u00e4dg\u00e5rd &amp; Fritid","article_modified_time":"2026-03-12T08:01:45+00:00","og_image":[{"width":800,"height":800,"url":"https:\/\/i0.wp.com\/truusk.se\/wp-content\/uploads\/2024\/02\/whiteboard-i-glas-anteckningstavla-whiteboardtavla-4-pennor-6-magneter-1-svamp-1-hylla-vit.webp?fit=800%2C800&ssl=1","type":"image\/webp"}],"twitter_card":"summary_large_image","twitter_misc":{"Ber\u00e4knad l\u00e4stid":"1 minut"},"schema":{"@context":"https:\/\/schema.org","@graph":[{"@type":"WebPage","@id":"https:\/\/truusk.store\/sv\/produkt\/truusk-whiteboard-i-glas-anteckningstavla-med-pennor-och-magneter-inklusive-hylla-och-svamp-perfekt-for-hemmet-vit\/","url":"https:\/\/truusk.store\/sv\/produkt\/truusk-whiteboard-i-glas-anteckningstavla-med-pennor-och-magneter-inklusive-hylla-och-svamp-perfekt-for-hemmet-vit\/","name":"TRUUSK Whiteboard i Glas - Anteckningstavla med Pennor och Magneter - Inklusive Hylla och Svamp - Perfekt f\u00f6r Hemmet - Vit - TRUUSK - Hem, Tr\u00e4dg\u00e5rd &amp; Fritid","isPartOf":{"@id":"https:\/\/truusk.store\/sv\/#website"},"primaryImageOfPage":{"@id":"https:\/\/truusk.store\/sv\/produkt\/truusk-whiteboard-i-glas-anteckningstavla-med-pennor-och-magneter-inklusive-hylla-och-svamp-perfekt-for-hemmet-vit\/#primaryimage"},"image":{"@id":"https:\/\/truusk.store\/sv\/produkt\/truusk-whiteboard-i-glas-anteckningstavla-med-pennor-och-magneter-inklusive-hylla-och-svamp-perfekt-for-hemmet-vit\/#primaryimage"},"thumbnailUrl":"https:\/\/i0.wp.com\/truusk.store\/wp-content\/uploads\/2024\/02\/whiteboard-i-glas-anteckningstavla-whiteboardtavla-4-pennor-6-magneter-1-svamp-1-hylla-vit.webp?fit=800%2C800&ssl=1","datePublished":"2024-02-13T13:25:39+00:00","dateModified":"2026-03-12T08:01:45+00:00","breadcrumb":{"@id":"https:\/\/truusk.store\/sv\/produkt\/truusk-whiteboard-i-glas-anteckningstavla-med-pennor-och-magneter-inklusive-hylla-och-svamp-perfekt-for-hemmet-vit\/#breadcrumb"},"inLanguage":"sv-SE","potentialAction":[{"@type":"ReadAction","target":["https:\/\/truusk.store\/sv\/produkt\/truusk-whiteboard-i-glas-anteckningstavla-med-pennor-och-magneter-inklusive-hylla-och-svamp-perfekt-for-hemmet-vit\/"]}]},{"@type":"ImageObject","inLanguage":"sv-SE","@id":"https:\/\/truusk.store\/sv\/produkt\/truusk-whiteboard-i-glas-anteckningstavla-med-pennor-och-magneter-inklusive-hylla-och-svamp-perfekt-for-hemmet-vit\/#primaryimage","url":"https:\/\/i0.wp.com\/truusk.store\/wp-content\/uploads\/2024\/02\/whiteboard-i-glas-anteckningstavla-whiteboardtavla-4-pennor-6-magneter-1-svamp-1-hylla-vit.webp?fit=800%2C800&ssl=1","contentUrl":"https:\/\/i0.wp.com\/truusk.store\/wp-content\/uploads\/2024\/02\/whiteboard-i-glas-anteckningstavla-whiteboardtavla-4-pennor-6-magneter-1-svamp-1-hylla-vit.webp?fit=800%2C800&ssl=1","width":800,"height":800,"caption":"Whiteboard I Glas, Anteckningstavla, Whiteboardtavla, 4 Pennor, 6 Magneter, 1 Svamp, 1 Hylla, Vit 1"},{"@type":"BreadcrumbList","@id":"https:\/\/truusk.store\/sv\/produkt\/truusk-whiteboard-i-glas-anteckningstavla-med-pennor-och-magneter-inklusive-hylla-och-svamp-perfekt-for-hemmet-vit\/#breadcrumb","itemListElement":[{"@type":"ListItem","position":1,"name":"Home","item":"https:\/\/truusk.store\/sv\/"},{"@type":"ListItem","position":2,"name":"Shop","item":"https:\/\/truusk.store\/shop\/"},{"@type":"ListItem","position":3,"name":"TRUUSK Whiteboard i Glas &#8211; Anteckningstavla med Pennor och Magneter &#8211; Inklusive Hylla och Svamp &#8211; Perfekt f\u00f6r Hemmet &#8211; Vit"}]},{"@type":"WebSite","@id":"https:\/\/truusk.store\/sv\/#website","url":"https:\/\/truusk.store\/sv\/","name":"TRUUSK - Hem, Tr\u00e4dg\u00e5rd & Fritid","description":"","publisher":{"@id":"https:\/\/truusk.store\/sv\/#organization"},"potentialAction":[{"@type":"SearchAction","target":{"@type":"EntryPoint","urlTemplate":"https:\/\/truusk.store\/sv\/?s={search_term_string}"},"query-input":{"@type":"PropertyValueSpecification","valueRequired":true,"valueName":"search_term_string"}}],"inLanguage":"sv-SE"},{"@type":"Organization","@id":"https:\/\/truusk.store\/sv\/#organization","name":"TRUUSK - Hem, Tr\u00e4dg\u00e5rd & Fritid","url":"https:\/\/truusk.store\/sv\/","logo":{"@type":"ImageObject","inLanguage":"sv-SE","@id":"https:\/\/truusk.store\/sv\/#\/schema\/logo\/image\/","url":"https:\/\/i0.wp.com\/truusk.store\/wp-content\/uploads\/2026\/03\/cropped-TRUUSK.png?fit=2032%2C917&ssl=1","contentUrl":"https:\/\/i0.wp.com\/truusk.store\/wp-content\/uploads\/2026\/03\/cropped-TRUUSK.png?fit=2032%2C917&ssl=1","width":2032,"height":917,"caption":"TRUUSK - Hem, Tr\u00e4dg\u00e5rd & Fritid"},"image":{"@id":"https:\/\/truusk.store\/sv\/#\/schema\/logo\/image\/"}}]}},"jetpack_sharing_enabled":true,"_links":{"self":[{"href":"https:\/\/truusk.store\/sv\/wp-json\/wp\/v2\/product\/18594","targetHints":{"allow":["GET"]}}],"collection":[{"href":"https:\/\/truusk.store\/sv\/wp-json\/wp\/v2\/product"}],"about":[{"href":"https:\/\/truusk.store\/sv\/wp-json\/wp\/v2\/types\/product"}],"wp:featuredmedia":[{"embeddable":true,"href":"https:\/\/truusk.store\/sv\/wp-json\/wp\/v2\/media\/18595"}],"wp:attachment":[{"href":"https:\/\/truusk.store\/sv\/wp-json\/wp\/v2\/media?parent=18594"}],"wp:term":[{"taxonomy":"product_brand","embeddable":true,"href":"https:\/\/truusk.store\/sv\/wp-json\/wp\/v2\/product_brand?post=18594"},{"taxonomy":"product_cat","embeddable":true,"href":"https:\/\/truusk.store\/sv\/wp-json\/wp\/v2\/product_cat?post=18594"},{"taxonomy":"product_tag","embeddable":true,"href":"https:\/\/truusk.store\/sv\/wp-json\/wp\/v2\/product_tag?post=18594"}],"curies":[{"name":"wp","href":"https:\/\/api.w.org\/{rel}","templated":true}]}}