{"id":18609,"date":"2024-02-13T14:26:06","date_gmt":"2024-02-13T13:26:06","guid":{"rendered":"https:\/\/truusk.store\/product\/2-sits-hollywood-gunga-tradgardssang-utomhus-uv-bestandig-hogkvalitativt-metallror-vinkeljusterbar-brun\/"},"modified":"2026-03-12T09:01:45","modified_gmt":"2026-03-12T08:01:45","slug":"truusk-2-sits-hollywood-gunga-tradgardssang-utomhus-uv-bestandig-hogkvalitativt-metallror-vinkeljusterbar-brun","status":"publish","type":"product","link":"https:\/\/truusk.store\/sv\/produkt\/truusk-2-sits-hollywood-gunga-tradgardssang-utomhus-uv-bestandig-hogkvalitativt-metallror-vinkeljusterbar-brun\/","title":{"rendered":"TRUUSK 2-sits Hollywood-gunga &#8211; Tr\u00e4dg\u00e5rdss\u00e4ng Utomhus &#8211; UV-best\u00e4ndig &#8211; H\u00f6gkvalitativt Metallr\u00f6r &#8211; Vinkeljusterbar &#8211; Brun"},"content":{"rendered":"<p>Denna verandagunga erbjuder den b\u00e4sta avkopplingen i ett bekv\u00e4mt vardagsrum utomhus. Gungan har en modern design, som \u00e4r ett perfekt komplement till alla utomhusomr\u00e5den. Den inbjuder dig att sitta tillsammans med v\u00e4nner eller koppla av. Det justerbara solskyddet ger sval skugga och skydd mot solen och UV-str\u00e5lar. V\u00e5r gungstol \u00e4r idealisk f\u00f6r poolmilj\u00f6er, uteplatser, verandor, tr\u00e4dg\u00e5rdar och mycket mer.<\/p>\n<h3>Beskrivning:<\/h3>\n<ul>\n<li>H\u00f6gkvalitativt metallr\u00f6r i en A-formad ram f\u00f6r stabilitet<\/li>\n<li>Justerbar kapell ger sval skugga och skydd mot solens skadliga UV-str\u00e5lar<\/li>\n<li>Perfekt f\u00f6r tr\u00e4dg\u00e5rd, park, terrass, pool, etc.<\/li>\n<li>2-personersstol rymmer laster upp till 200 kg<\/li>\n<li>Montering kr\u00e4vs<\/li>\n<\/ul>\n<h3>Teknisk data:<\/h3>\n<ul>\n<li>F\u00e4rg brun<\/li>\n<li>Material: metall, polyester, textlinje<\/li>\n<li>\u00d6vergripande m\u00e5tt: 172L x 110W x 155H cm<\/li>\n<li>Sitsm\u00e5tt: 132L x 44W x 46H cm<\/li>\n<li>Kapellstorlek: 169L x 119W cm<\/li>\n<li>Armst\u00f6dsh\u00f6jd: 68 cm<\/li>\n<li>Lastkapacitet: 200 kg<\/li>\n<li>Certifiering: EN 581-1-2<\/li>\n<\/ul>\n<h3>Leveransens omfattning:<\/h3>\n<ul>\n<li>1 x verandagunga<\/li>\n<li>1 x Instruktioner<\/li>\n<\/ul>\n","protected":false},"excerpt":{"rendered":"<p>Denna verandagunga erbjuder den b\u00e4sta avkopplingen i ett bekv\u00e4mt vardagsrum utomhus. Gungan har en modern design, som \u00e4r ett perfekt&#8230;<\/p>\n","protected":false},"featured_media":18610,"template":"","meta":[],"product_brand":[],"product_cat":[453,435,450],"product_tag":[],"class_list":{"0":"post-18609","1":"product","2":"type-product","3":"status-publish","4":"has-post-thumbnail","6":"product_cat-hollywood-gungor","7":"product_cat-tradgard-och-terrass","8":"product_cat-tradgardsmobler","10":"first","11":"instock","12":"sale","13":"taxable","14":"shipping-taxable","15":"purchasable","16":"product-type-simple"},"yoast_head":"<!-- This site is optimized with the Yoast SEO plugin v25.4 - https:\/\/yoast.com\/wordpress\/plugins\/seo\/ -->\n<title>TRUUSK 2-sits Hollywood-gunga - Tr\u00e4dg\u00e5rdss\u00e4ng Utomhus - UV-best\u00e4ndig - H\u00f6gkvalitativt Metallr\u00f6r - Vinkeljusterbar - Brun - TRUUSK - Hem, Tr\u00e4dg\u00e5rd &amp; Fritid<\/title>\n<meta name=\"robots\" content=\"index, follow, max-snippet:-1, max-image-preview:large, max-video-preview:-1\" \/>\n<link rel=\"canonical\" href=\"https:\/\/truusk.store\/sv\/produkt\/truusk-2-sits-hollywood-gunga-tradgardssang-utomhus-uv-bestandig-hogkvalitativt-metallror-vinkeljusterbar-brun\/\" \/>\n<meta property=\"og:locale\" content=\"sv_SE\" \/>\n<meta property=\"og:type\" content=\"article\" \/>\n<meta property=\"og:title\" content=\"TRUUSK 2-sits Hollywood-gunga - Tr\u00e4dg\u00e5rdss\u00e4ng Utomhus - UV-best\u00e4ndig - H\u00f6gkvalitativt Metallr\u00f6r - Vinkeljusterbar - Brun - TRUUSK - Hem, Tr\u00e4dg\u00e5rd &amp; Fritid\" \/>\n<meta property=\"og:description\" content=\"Denna verandagunga erbjuder den b\u00e4sta avkopplingen i ett bekv\u00e4mt vardagsrum utomhus. Gungan har en modern design, som \u00e4r ett perfekt...\" \/>\n<meta property=\"og:url\" content=\"https:\/\/truusk.store\/sv\/produkt\/truusk-2-sits-hollywood-gunga-tradgardssang-utomhus-uv-bestandig-hogkvalitativt-metallror-vinkeljusterbar-brun\/\" \/>\n<meta property=\"og:site_name\" content=\"TRUUSK - Hem, Tr\u00e4dg\u00e5rd &amp; Fritid\" \/>\n<meta property=\"article:modified_time\" content=\"2026-03-12T08:01:45+00:00\" \/>\n<meta property=\"og:image\" content=\"https:\/\/i0.wp.com\/truusk.se\/wp-content\/uploads\/2024\/02\/2-sits-hollywood-gunga-tradgardssang-utomhus-uv-bestandig-hogkvalitativt-metallror-vinkeljusterbar-brun.webp?fit=800%2C800&ssl=1\" \/>\n\t<meta property=\"og:image:width\" content=\"800\" \/>\n\t<meta property=\"og:image:height\" content=\"800\" \/>\n\t<meta property=\"og:image:type\" content=\"image\/webp\" \/>\n<meta name=\"twitter:card\" content=\"summary_large_image\" \/>\n<meta name=\"twitter:label1\" content=\"Ber\u00e4knad l\u00e4stid\" \/>\n\t<meta name=\"twitter:data1\" content=\"1 minut\" \/>\n<!-- \/ Yoast SEO plugin. -->","yoast_head_json":{"title":"TRUUSK 2-sits Hollywood-gunga - Tr\u00e4dg\u00e5rdss\u00e4ng Utomhus - UV-best\u00e4ndig - H\u00f6gkvalitativt Metallr\u00f6r - Vinkeljusterbar - Brun - TRUUSK - Hem, Tr\u00e4dg\u00e5rd &amp; Fritid","robots":{"index":"index","follow":"follow","max-snippet":"max-snippet:-1","max-image-preview":"max-image-preview:large","max-video-preview":"max-video-preview:-1"},"canonical":"https:\/\/truusk.store\/sv\/produkt\/truusk-2-sits-hollywood-gunga-tradgardssang-utomhus-uv-bestandig-hogkvalitativt-metallror-vinkeljusterbar-brun\/","og_locale":"sv_SE","og_type":"article","og_title":"TRUUSK 2-sits Hollywood-gunga - Tr\u00e4dg\u00e5rdss\u00e4ng Utomhus - UV-best\u00e4ndig - H\u00f6gkvalitativt Metallr\u00f6r - Vinkeljusterbar - Brun - TRUUSK - Hem, Tr\u00e4dg\u00e5rd &amp; Fritid","og_description":"Denna verandagunga erbjuder den b\u00e4sta avkopplingen i ett bekv\u00e4mt vardagsrum utomhus. Gungan har en modern design, som \u00e4r ett perfekt...","og_url":"https:\/\/truusk.store\/sv\/produkt\/truusk-2-sits-hollywood-gunga-tradgardssang-utomhus-uv-bestandig-hogkvalitativt-metallror-vinkeljusterbar-brun\/","og_site_name":"TRUUSK - Hem, Tr\u00e4dg\u00e5rd &amp; Fritid","article_modified_time":"2026-03-12T08:01:45+00:00","og_image":[{"width":800,"height":800,"url":"https:\/\/i0.wp.com\/truusk.se\/wp-content\/uploads\/2024\/02\/2-sits-hollywood-gunga-tradgardssang-utomhus-uv-bestandig-hogkvalitativt-metallror-vinkeljusterbar-brun.webp?fit=800%2C800&ssl=1","type":"image\/webp"}],"twitter_card":"summary_large_image","twitter_misc":{"Ber\u00e4knad l\u00e4stid":"1 minut"},"schema":{"@context":"https:\/\/schema.org","@graph":[{"@type":"WebPage","@id":"https:\/\/truusk.store\/sv\/produkt\/truusk-2-sits-hollywood-gunga-tradgardssang-utomhus-uv-bestandig-hogkvalitativt-metallror-vinkeljusterbar-brun\/","url":"https:\/\/truusk.store\/sv\/produkt\/truusk-2-sits-hollywood-gunga-tradgardssang-utomhus-uv-bestandig-hogkvalitativt-metallror-vinkeljusterbar-brun\/","name":"TRUUSK 2-sits Hollywood-gunga - Tr\u00e4dg\u00e5rdss\u00e4ng Utomhus - UV-best\u00e4ndig - H\u00f6gkvalitativt Metallr\u00f6r - Vinkeljusterbar - Brun - TRUUSK - Hem, Tr\u00e4dg\u00e5rd &amp; Fritid","isPartOf":{"@id":"https:\/\/truusk.store\/sv\/#website"},"primaryImageOfPage":{"@id":"https:\/\/truusk.store\/sv\/produkt\/truusk-2-sits-hollywood-gunga-tradgardssang-utomhus-uv-bestandig-hogkvalitativt-metallror-vinkeljusterbar-brun\/#primaryimage"},"image":{"@id":"https:\/\/truusk.store\/sv\/produkt\/truusk-2-sits-hollywood-gunga-tradgardssang-utomhus-uv-bestandig-hogkvalitativt-metallror-vinkeljusterbar-brun\/#primaryimage"},"thumbnailUrl":"https:\/\/i0.wp.com\/truusk.store\/wp-content\/uploads\/2024\/02\/2-sits-hollywood-gunga-tradgardssang-utomhus-uv-bestandig-hogkvalitativt-metallror-vinkeljusterbar-brun.webp?fit=800%2C800&ssl=1","datePublished":"2024-02-13T13:26:06+00:00","dateModified":"2026-03-12T08:01:45+00:00","breadcrumb":{"@id":"https:\/\/truusk.store\/sv\/produkt\/truusk-2-sits-hollywood-gunga-tradgardssang-utomhus-uv-bestandig-hogkvalitativt-metallror-vinkeljusterbar-brun\/#breadcrumb"},"inLanguage":"sv-SE","potentialAction":[{"@type":"ReadAction","target":["https:\/\/truusk.store\/sv\/produkt\/truusk-2-sits-hollywood-gunga-tradgardssang-utomhus-uv-bestandig-hogkvalitativt-metallror-vinkeljusterbar-brun\/"]}]},{"@type":"ImageObject","inLanguage":"sv-SE","@id":"https:\/\/truusk.store\/sv\/produkt\/truusk-2-sits-hollywood-gunga-tradgardssang-utomhus-uv-bestandig-hogkvalitativt-metallror-vinkeljusterbar-brun\/#primaryimage","url":"https:\/\/i0.wp.com\/truusk.store\/wp-content\/uploads\/2024\/02\/2-sits-hollywood-gunga-tradgardssang-utomhus-uv-bestandig-hogkvalitativt-metallror-vinkeljusterbar-brun.webp?fit=800%2C800&ssl=1","contentUrl":"https:\/\/i0.wp.com\/truusk.store\/wp-content\/uploads\/2024\/02\/2-sits-hollywood-gunga-tradgardssang-utomhus-uv-bestandig-hogkvalitativt-metallror-vinkeljusterbar-brun.webp?fit=800%2C800&ssl=1","width":800,"height":800,"caption":"2-sits Hollywood-gunga, Tr\u00e4dg\u00e5rdss\u00e4ng Utomhus, UV-best\u00e4ndig, H\u00f6gkvalitativt Metallr\u00f6r, Vinkeljusterbar, Brun 1"},{"@type":"BreadcrumbList","@id":"https:\/\/truusk.store\/sv\/produkt\/truusk-2-sits-hollywood-gunga-tradgardssang-utomhus-uv-bestandig-hogkvalitativt-metallror-vinkeljusterbar-brun\/#breadcrumb","itemListElement":[{"@type":"ListItem","position":1,"name":"Home","item":"https:\/\/truusk.store\/sv\/"},{"@type":"ListItem","position":2,"name":"Shop","item":"https:\/\/truusk.store\/shop\/"},{"@type":"ListItem","position":3,"name":"TRUUSK 2-sits Hollywood-gunga &#8211; Tr\u00e4dg\u00e5rdss\u00e4ng Utomhus &#8211; UV-best\u00e4ndig &#8211; H\u00f6gkvalitativt Metallr\u00f6r &#8211; Vinkeljusterbar &#8211; Brun"}]},{"@type":"WebSite","@id":"https:\/\/truusk.store\/sv\/#website","url":"https:\/\/truusk.store\/sv\/","name":"TRUUSK - Hem, Tr\u00e4dg\u00e5rd & Fritid","description":"","publisher":{"@id":"https:\/\/truusk.store\/sv\/#organization"},"potentialAction":[{"@type":"SearchAction","target":{"@type":"EntryPoint","urlTemplate":"https:\/\/truusk.store\/sv\/?s={search_term_string}"},"query-input":{"@type":"PropertyValueSpecification","valueRequired":true,"valueName":"search_term_string"}}],"inLanguage":"sv-SE"},{"@type":"Organization","@id":"https:\/\/truusk.store\/sv\/#organization","name":"TRUUSK - Hem, Tr\u00e4dg\u00e5rd & Fritid","url":"https:\/\/truusk.store\/sv\/","logo":{"@type":"ImageObject","inLanguage":"sv-SE","@id":"https:\/\/truusk.store\/sv\/#\/schema\/logo\/image\/","url":"https:\/\/i0.wp.com\/truusk.store\/wp-content\/uploads\/2026\/03\/cropped-TRUUSK.png?fit=2032%2C917&ssl=1","contentUrl":"https:\/\/i0.wp.com\/truusk.store\/wp-content\/uploads\/2026\/03\/cropped-TRUUSK.png?fit=2032%2C917&ssl=1","width":2032,"height":917,"caption":"TRUUSK - Hem, Tr\u00e4dg\u00e5rd & Fritid"},"image":{"@id":"https:\/\/truusk.store\/sv\/#\/schema\/logo\/image\/"}}]}},"jetpack_sharing_enabled":true,"_links":{"self":[{"href":"https:\/\/truusk.store\/sv\/wp-json\/wp\/v2\/product\/18609","targetHints":{"allow":["GET"]}}],"collection":[{"href":"https:\/\/truusk.store\/sv\/wp-json\/wp\/v2\/product"}],"about":[{"href":"https:\/\/truusk.store\/sv\/wp-json\/wp\/v2\/types\/product"}],"wp:featuredmedia":[{"embeddable":true,"href":"https:\/\/truusk.store\/sv\/wp-json\/wp\/v2\/media\/18610"}],"wp:attachment":[{"href":"https:\/\/truusk.store\/sv\/wp-json\/wp\/v2\/media?parent=18609"}],"wp:term":[{"taxonomy":"product_brand","embeddable":true,"href":"https:\/\/truusk.store\/sv\/wp-json\/wp\/v2\/product_brand?post=18609"},{"taxonomy":"product_cat","embeddable":true,"href":"https:\/\/truusk.store\/sv\/wp-json\/wp\/v2\/product_cat?post=18609"},{"taxonomy":"product_tag","embeddable":true,"href":"https:\/\/truusk.store\/sv\/wp-json\/wp\/v2\/product_tag?post=18609"}],"curies":[{"name":"wp","href":"https:\/\/api.w.org\/{rel}","templated":true}]}}