{"id":18730,"date":"2024-02-13T14:29:32","date_gmt":"2024-02-13T13:29:32","guid":{"rendered":"https:\/\/truusk.store\/product\/baldakin-glas-kapell-dorr-kapell-hardat-glas-304-rostfritt-stal-klarglas-150-x-90-cm\/"},"modified":"2026-03-12T09:01:46","modified_gmt":"2026-03-12T08:01:46","slug":"truusk-baldakin-glas-kapell-dorr-hardat-glas-304-rostfritt-stal-klarglas-150-x-90-cm","status":"publish","type":"product","link":"https:\/\/truusk.store\/sv\/produkt\/truusk-baldakin-glas-kapell-dorr-hardat-glas-304-rostfritt-stal-klarglas-150-x-90-cm\/","title":{"rendered":"TRUUSK Baldakin Glas Kapell D\u00f6rr &#8211; H\u00e4rdat Glas &#8211; 304 Rostfritt St\u00e5l &#8211; Klarglas &#8211; 150 x 90 cm"},"content":{"rendered":"<p>Detta h\u00f6gkvalitativa glastak kombinerar modern design med funktionalitet och s\u00e4kerhet. De rostfria f\u00e4stena lovar stabilitet och g\u00f6r kapellet till ett blickf\u00e5ng p\u00e5 varje husv\u00e4gg. Det l\u00e4ttsk\u00f6tta s\u00e4kerhetsglaset \u00e4r genomskinligt och s\u00e4kerst\u00e4ller maximal ljusstyrka i entr\u00e9n till ditt hem.<\/p>\n<h3>Beskrivning:<\/h3>\n<ul>\n<li>Modern design<\/li>\n<li>H\u00f6g kvalitet och utf\u00f6rande<\/li>\n<li>Transparent 12 mm tjockt s\u00e4kerhetsglas f\u00f6r h\u00f6g stabilitet och s\u00e4kerhet<\/li>\n<li>Genomskinlig, f\u00f6r maximal ljusstyrka i entr\u00e9n<\/li>\n<li>Stabila f\u00e4sten av rostfritt st\u00e5l<\/li>\n<li>Inkluderar monteringsanvisning, mycket enkel montering<\/li>\n<\/ul>\n<h3>Teknisk data:<\/h3>\n<ul>\n<li>Material: rostfritt st\u00e5l, h\u00e4rdat glas<\/li>\n<li>M\u00e5tt: 1500L x 900W x 12D mm<\/li>\n<li>Vikt: 40 kg<\/li>\n<li>Lastkapacitet: 150 kg<\/li>\n<li>F\u00e4sten: Toppf\u00e4ste i rostfritt st\u00e5l, bottenf\u00e4ste i rostfritt st\u00e5l, beslag i rostfritt st\u00e5l, dragst\u00e4nger<\/li>\n<\/ul>\n<h3>Leveransens omfattning:<\/h3>\n<ul>\n<li>1 x glaskapell<\/li>\n<li>Obs: I leveransen ing\u00e5r skruvar och pluggar f\u00f6r betongv\u00e4ggar utan isoleringsskikt. Om du har en annan typ av v\u00e4gg kan du k\u00f6pa l\u00e4mpliga pluggar och skruvar billigt i vilken j\u00e4rnaff\u00e4r som helst.<\/li>\n<\/ul>\n","protected":false},"excerpt":{"rendered":"<p>Detta h\u00f6gkvalitativa glastak kombinerar modern design med funktionalitet och s\u00e4kerhet. De rostfria f\u00e4stena lovar stabilitet och g\u00f6r kapellet till ett&#8230;<\/p>\n","protected":false},"featured_media":18731,"template":"","meta":[],"product_brand":[],"product_cat":[673,671,672],"product_tag":[],"class_list":{"0":"post-18730","1":"product","2":"type-product","3":"status-publish","4":"has-post-thumbnail","6":"product_cat-baldakiner","7":"product_cat-jarnaffar","8":"product_cat-runt-huset","10":"first","11":"instock","12":"sale","13":"taxable","14":"shipping-taxable","15":"purchasable","16":"product-type-simple"},"yoast_head":"<!-- This site is optimized with the Yoast SEO plugin v25.4 - https:\/\/yoast.com\/wordpress\/plugins\/seo\/ -->\n<title>TRUUSK Baldakin Glas Kapell D\u00f6rr - H\u00e4rdat Glas - 304 Rostfritt St\u00e5l - Klarglas - 150 x 90 cm - TRUUSK - Hem, Tr\u00e4dg\u00e5rd &amp; Fritid<\/title>\n<meta name=\"robots\" content=\"index, follow, max-snippet:-1, max-image-preview:large, max-video-preview:-1\" \/>\n<link rel=\"canonical\" href=\"https:\/\/truusk.store\/sv\/produkt\/truusk-baldakin-glas-kapell-dorr-hardat-glas-304-rostfritt-stal-klarglas-150-x-90-cm\/\" \/>\n<meta property=\"og:locale\" content=\"sv_SE\" \/>\n<meta property=\"og:type\" content=\"article\" \/>\n<meta property=\"og:title\" content=\"TRUUSK Baldakin Glas Kapell D\u00f6rr - H\u00e4rdat Glas - 304 Rostfritt St\u00e5l - Klarglas - 150 x 90 cm - TRUUSK - Hem, Tr\u00e4dg\u00e5rd &amp; Fritid\" \/>\n<meta property=\"og:description\" content=\"Detta h\u00f6gkvalitativa glastak kombinerar modern design med funktionalitet och s\u00e4kerhet. De rostfria f\u00e4stena lovar stabilitet och g\u00f6r kapellet till ett...\" \/>\n<meta property=\"og:url\" content=\"https:\/\/truusk.store\/sv\/produkt\/truusk-baldakin-glas-kapell-dorr-hardat-glas-304-rostfritt-stal-klarglas-150-x-90-cm\/\" \/>\n<meta property=\"og:site_name\" content=\"TRUUSK - Hem, Tr\u00e4dg\u00e5rd &amp; Fritid\" \/>\n<meta property=\"article:modified_time\" content=\"2026-03-12T08:01:46+00:00\" \/>\n<meta property=\"og:image\" content=\"https:\/\/i0.wp.com\/truusk.se\/wp-content\/uploads\/2024\/02\/baldakin-glas-kapell-dorr-kapell-hardat-glas-304-rostfritt-stal-klarglas-150-x-90-cm.webp?fit=800%2C800&ssl=1\" \/>\n\t<meta property=\"og:image:width\" content=\"800\" \/>\n\t<meta property=\"og:image:height\" content=\"800\" \/>\n\t<meta property=\"og:image:type\" content=\"image\/webp\" \/>\n<meta name=\"twitter:card\" content=\"summary_large_image\" \/>\n<meta name=\"twitter:label1\" content=\"Ber\u00e4knad l\u00e4stid\" \/>\n\t<meta name=\"twitter:data1\" content=\"1 minut\" \/>\n<!-- \/ Yoast SEO plugin. -->","yoast_head_json":{"title":"TRUUSK Baldakin Glas Kapell D\u00f6rr - H\u00e4rdat Glas - 304 Rostfritt St\u00e5l - Klarglas - 150 x 90 cm - TRUUSK - Hem, Tr\u00e4dg\u00e5rd &amp; Fritid","robots":{"index":"index","follow":"follow","max-snippet":"max-snippet:-1","max-image-preview":"max-image-preview:large","max-video-preview":"max-video-preview:-1"},"canonical":"https:\/\/truusk.store\/sv\/produkt\/truusk-baldakin-glas-kapell-dorr-hardat-glas-304-rostfritt-stal-klarglas-150-x-90-cm\/","og_locale":"sv_SE","og_type":"article","og_title":"TRUUSK Baldakin Glas Kapell D\u00f6rr - H\u00e4rdat Glas - 304 Rostfritt St\u00e5l - Klarglas - 150 x 90 cm - TRUUSK - Hem, Tr\u00e4dg\u00e5rd &amp; Fritid","og_description":"Detta h\u00f6gkvalitativa glastak kombinerar modern design med funktionalitet och s\u00e4kerhet. De rostfria f\u00e4stena lovar stabilitet och g\u00f6r kapellet till ett...","og_url":"https:\/\/truusk.store\/sv\/produkt\/truusk-baldakin-glas-kapell-dorr-hardat-glas-304-rostfritt-stal-klarglas-150-x-90-cm\/","og_site_name":"TRUUSK - Hem, Tr\u00e4dg\u00e5rd &amp; Fritid","article_modified_time":"2026-03-12T08:01:46+00:00","og_image":[{"width":800,"height":800,"url":"https:\/\/i0.wp.com\/truusk.se\/wp-content\/uploads\/2024\/02\/baldakin-glas-kapell-dorr-kapell-hardat-glas-304-rostfritt-stal-klarglas-150-x-90-cm.webp?fit=800%2C800&ssl=1","type":"image\/webp"}],"twitter_card":"summary_large_image","twitter_misc":{"Ber\u00e4knad l\u00e4stid":"1 minut"},"schema":{"@context":"https:\/\/schema.org","@graph":[{"@type":"WebPage","@id":"https:\/\/truusk.store\/sv\/produkt\/truusk-baldakin-glas-kapell-dorr-hardat-glas-304-rostfritt-stal-klarglas-150-x-90-cm\/","url":"https:\/\/truusk.store\/sv\/produkt\/truusk-baldakin-glas-kapell-dorr-hardat-glas-304-rostfritt-stal-klarglas-150-x-90-cm\/","name":"TRUUSK Baldakin Glas Kapell D\u00f6rr - H\u00e4rdat Glas - 304 Rostfritt St\u00e5l - Klarglas - 150 x 90 cm - TRUUSK - Hem, Tr\u00e4dg\u00e5rd &amp; Fritid","isPartOf":{"@id":"https:\/\/truusk.store\/sv\/#website"},"primaryImageOfPage":{"@id":"https:\/\/truusk.store\/sv\/produkt\/truusk-baldakin-glas-kapell-dorr-hardat-glas-304-rostfritt-stal-klarglas-150-x-90-cm\/#primaryimage"},"image":{"@id":"https:\/\/truusk.store\/sv\/produkt\/truusk-baldakin-glas-kapell-dorr-hardat-glas-304-rostfritt-stal-klarglas-150-x-90-cm\/#primaryimage"},"thumbnailUrl":"https:\/\/i0.wp.com\/truusk.store\/wp-content\/uploads\/2024\/02\/baldakin-glas-kapell-dorr-kapell-hardat-glas-304-rostfritt-stal-klarglas-150-x-90-cm.webp?fit=800%2C800&ssl=1","datePublished":"2024-02-13T13:29:32+00:00","dateModified":"2026-03-12T08:01:46+00:00","breadcrumb":{"@id":"https:\/\/truusk.store\/sv\/produkt\/truusk-baldakin-glas-kapell-dorr-hardat-glas-304-rostfritt-stal-klarglas-150-x-90-cm\/#breadcrumb"},"inLanguage":"sv-SE","potentialAction":[{"@type":"ReadAction","target":["https:\/\/truusk.store\/sv\/produkt\/truusk-baldakin-glas-kapell-dorr-hardat-glas-304-rostfritt-stal-klarglas-150-x-90-cm\/"]}]},{"@type":"ImageObject","inLanguage":"sv-SE","@id":"https:\/\/truusk.store\/sv\/produkt\/truusk-baldakin-glas-kapell-dorr-hardat-glas-304-rostfritt-stal-klarglas-150-x-90-cm\/#primaryimage","url":"https:\/\/i0.wp.com\/truusk.store\/wp-content\/uploads\/2024\/02\/baldakin-glas-kapell-dorr-kapell-hardat-glas-304-rostfritt-stal-klarglas-150-x-90-cm.webp?fit=800%2C800&ssl=1","contentUrl":"https:\/\/i0.wp.com\/truusk.store\/wp-content\/uploads\/2024\/02\/baldakin-glas-kapell-dorr-kapell-hardat-glas-304-rostfritt-stal-klarglas-150-x-90-cm.webp?fit=800%2C800&ssl=1","width":800,"height":800,"caption":"Baldakin Glas Kapell D\u00f6rr Kapell, H\u00e4rdat Glas, 304 Rostfritt St\u00e5l Klarglas 150 X 90 Cm 1"},{"@type":"BreadcrumbList","@id":"https:\/\/truusk.store\/sv\/produkt\/truusk-baldakin-glas-kapell-dorr-hardat-glas-304-rostfritt-stal-klarglas-150-x-90-cm\/#breadcrumb","itemListElement":[{"@type":"ListItem","position":1,"name":"Home","item":"https:\/\/truusk.store\/sv\/"},{"@type":"ListItem","position":2,"name":"Shop","item":"https:\/\/truusk.store\/shop\/"},{"@type":"ListItem","position":3,"name":"TRUUSK Baldakin Glas Kapell D\u00f6rr &#8211; H\u00e4rdat Glas &#8211; 304 Rostfritt St\u00e5l &#8211; Klarglas &#8211; 150 x 90 cm"}]},{"@type":"WebSite","@id":"https:\/\/truusk.store\/sv\/#website","url":"https:\/\/truusk.store\/sv\/","name":"TRUUSK - Hem, Tr\u00e4dg\u00e5rd & Fritid","description":"","publisher":{"@id":"https:\/\/truusk.store\/sv\/#organization"},"potentialAction":[{"@type":"SearchAction","target":{"@type":"EntryPoint","urlTemplate":"https:\/\/truusk.store\/sv\/?s={search_term_string}"},"query-input":{"@type":"PropertyValueSpecification","valueRequired":true,"valueName":"search_term_string"}}],"inLanguage":"sv-SE"},{"@type":"Organization","@id":"https:\/\/truusk.store\/sv\/#organization","name":"TRUUSK - Hem, Tr\u00e4dg\u00e5rd & Fritid","url":"https:\/\/truusk.store\/sv\/","logo":{"@type":"ImageObject","inLanguage":"sv-SE","@id":"https:\/\/truusk.store\/sv\/#\/schema\/logo\/image\/","url":"https:\/\/i0.wp.com\/truusk.store\/wp-content\/uploads\/2026\/03\/cropped-TRUUSK.png?fit=2032%2C917&ssl=1","contentUrl":"https:\/\/i0.wp.com\/truusk.store\/wp-content\/uploads\/2026\/03\/cropped-TRUUSK.png?fit=2032%2C917&ssl=1","width":2032,"height":917,"caption":"TRUUSK - Hem, Tr\u00e4dg\u00e5rd & Fritid"},"image":{"@id":"https:\/\/truusk.store\/sv\/#\/schema\/logo\/image\/"}}]}},"jetpack_sharing_enabled":true,"_links":{"self":[{"href":"https:\/\/truusk.store\/sv\/wp-json\/wp\/v2\/product\/18730","targetHints":{"allow":["GET"]}}],"collection":[{"href":"https:\/\/truusk.store\/sv\/wp-json\/wp\/v2\/product"}],"about":[{"href":"https:\/\/truusk.store\/sv\/wp-json\/wp\/v2\/types\/product"}],"wp:featuredmedia":[{"embeddable":true,"href":"https:\/\/truusk.store\/sv\/wp-json\/wp\/v2\/media\/18731"}],"wp:attachment":[{"href":"https:\/\/truusk.store\/sv\/wp-json\/wp\/v2\/media?parent=18730"}],"wp:term":[{"taxonomy":"product_brand","embeddable":true,"href":"https:\/\/truusk.store\/sv\/wp-json\/wp\/v2\/product_brand?post=18730"},{"taxonomy":"product_cat","embeddable":true,"href":"https:\/\/truusk.store\/sv\/wp-json\/wp\/v2\/product_cat?post=18730"},{"taxonomy":"product_tag","embeddable":true,"href":"https:\/\/truusk.store\/sv\/wp-json\/wp\/v2\/product_tag?post=18730"}],"curies":[{"name":"wp","href":"https:\/\/api.w.org\/{rel}","templated":true}]}}