{"id":18782,"date":"2024-02-13T14:31:37","date_gmt":"2024-02-13T13:31:37","guid":{"rendered":"https:\/\/truusk.store\/product\/liten-skrapstolpe-kattskrapstolpe-med-skrapbrada-katttrad-klattertrad-for-katter-sisalplysch-morkgra-40-x-35-x-72-cm\/"},"modified":"2026-03-12T09:01:48","modified_gmt":"2026-03-12T08:01:48","slug":"truusk-liten-kattskrapstolpe-med-skrapbrada-katttrad-for-klattring-sisalplysch-morkgra-40-x-35-x-72-cm","status":"publish","type":"product","link":"https:\/\/truusk.store\/sv\/produkt\/truusk-liten-kattskrapstolpe-med-skrapbrada-katttrad-for-klattring-sisalplysch-morkgra-40-x-35-x-72-cm\/","title":{"rendered":"TRUUSK Liten Kattskrapstolpe med Skrapbr\u00e4da &#8211; Katttr\u00e4d f\u00f6r Kl\u00e4ttring &#8211; Sisalplysch &#8211; M\u00f6rkgr\u00e5 &#8211; 40 x 35 x 72 cm"},"content":{"rendered":"<p>Tillfredsst\u00e4ll din katts naturliga instinkter p\u00e5 ett s\u00e4kert s\u00e4tt med detta skrapinl\u00e4gg! Kattskrapstolpen \u00e4r f\u00f6rdelaktig f\u00f6r b\u00e5de husdjuret och \u00e4garen eftersom den ger en plats f\u00f6r katter att sk\u00e4mma bort sin k\u00e4rlek till att klia och kl\u00e4ttra samtidigt som de skyddar dina mattor och hush\u00e5llsm\u00f6bler fr\u00e5n skador. Vila, lek, tr\u00e4na, dina katter kan spendera hela dagen p\u00e5 det, en bekv\u00e4m enhet f\u00f6r dina lurviga v\u00e4nner.<\/p>\n<h3>Beskrivning:<\/h3>\n<ul>\n<li>Den breda sittplattformen ger en bekv\u00e4m plats f\u00f6r dina katter att koppla av<\/li>\n<li>Sisalstolparna tillfredsst\u00e4ller dina katters \u00f6nskan att repa och skyddar dina m\u00f6bler fr\u00e5n repor<\/li>\n<li>Den multiaktiva skrapstolpen \u00e4r gjord av h\u00f6gkvalitativ MDF-skiva av E1-kvalitet<\/li>\n<li>Designen p\u00e5 flera niv\u00e5er tillfredsst\u00e4ller ditt husdjurs lust att kl\u00e4ttra<\/li>\n<li>L\u00e4mplig f\u00f6r katter som v\u00e4ger mindre \u00e4n 4,5 kg<\/li>\n<li>Det rekommenderas att v\u00e4lja skrapstolpe efter typ av katt<\/li>\n<li>Montering kr\u00e4vs<\/li>\n<\/ul>\n<h3>Teknisk data:<\/h3>\n<ul>\n<li>F\u00e4rg: M\u00f6rkgr\u00e5 (plysch)+beige (Sisalrep)<\/li>\n<li>Material: E1 klass MDF, plysch, sisal<\/li>\n<li>\u00d6vergripande m\u00e5tt: 40L x 35W x 72H cm<\/li>\n<li>B\u00f6jd skrapbr\u00e4da storlek: 35L x 20W x 13H cm<\/li>\n<li>Bottenplattans storlek: 40L x 35W cm<\/li>\n<li>Storlek p\u00e5 kolonnen: 6,6 cm<\/li>\n<li>Kulstorlek: 5 x 15 cm<\/li>\n<li>Rekommenderad husdjursvikt: mindre \u00e4n 4,5 kg<\/li>\n<li>Artikeletikett: D30-351<\/li>\n<\/ul>\n<h3>Leveransens omfattning:<\/h3>\n<ul>\n<li>1 x skrapstolpe<\/li>\n<li>1 x Instruktioner<\/li>\n<\/ul>\n","protected":false},"excerpt":{"rendered":"<p>Tillfredsst\u00e4ll din katts naturliga instinkter p\u00e5 ett s\u00e4kert s\u00e4tt med detta skrapinl\u00e4gg! Kattskrapstolpen \u00e4r f\u00f6rdelaktig f\u00f6r b\u00e5de husdjuret och \u00e4garen&#8230;<\/p>\n","protected":false},"featured_media":18783,"template":"","meta":[],"product_brand":[],"product_cat":[573,588,589],"product_tag":[],"class_list":{"0":"post-18782","1":"product","2":"type-product","3":"status-publish","4":"has-post-thumbnail","6":"product_cat-husdjursmaterial","7":"product_cat-katttillbehor","8":"product_cat-skrapande-inlagg","10":"first","11":"instock","12":"sale","13":"taxable","14":"shipping-taxable","15":"purchasable","16":"product-type-simple"},"yoast_head":"<!-- This site is optimized with the Yoast SEO plugin v25.4 - https:\/\/yoast.com\/wordpress\/plugins\/seo\/ -->\n<title>TRUUSK Liten Kattskrapstolpe med Skrapbr\u00e4da - Katttr\u00e4d f\u00f6r Kl\u00e4ttring - Sisalplysch - M\u00f6rkgr\u00e5 - 40 x 35 x 72 cm - TRUUSK - Hem, Tr\u00e4dg\u00e5rd &amp; Fritid<\/title>\n<meta name=\"robots\" content=\"index, follow, max-snippet:-1, max-image-preview:large, max-video-preview:-1\" \/>\n<link rel=\"canonical\" href=\"https:\/\/truusk.store\/sv\/produkt\/truusk-liten-kattskrapstolpe-med-skrapbrada-katttrad-for-klattring-sisalplysch-morkgra-40-x-35-x-72-cm\/\" \/>\n<meta property=\"og:locale\" content=\"sv_SE\" \/>\n<meta property=\"og:type\" content=\"article\" \/>\n<meta property=\"og:title\" content=\"TRUUSK Liten Kattskrapstolpe med Skrapbr\u00e4da - Katttr\u00e4d f\u00f6r Kl\u00e4ttring - Sisalplysch - M\u00f6rkgr\u00e5 - 40 x 35 x 72 cm - TRUUSK - Hem, Tr\u00e4dg\u00e5rd &amp; Fritid\" \/>\n<meta property=\"og:description\" content=\"Tillfredsst\u00e4ll din katts naturliga instinkter p\u00e5 ett s\u00e4kert s\u00e4tt med detta skrapinl\u00e4gg! Kattskrapstolpen \u00e4r f\u00f6rdelaktig f\u00f6r b\u00e5de husdjuret och \u00e4garen...\" \/>\n<meta property=\"og:url\" content=\"https:\/\/truusk.store\/sv\/produkt\/truusk-liten-kattskrapstolpe-med-skrapbrada-katttrad-for-klattring-sisalplysch-morkgra-40-x-35-x-72-cm\/\" \/>\n<meta property=\"og:site_name\" content=\"TRUUSK - Hem, Tr\u00e4dg\u00e5rd &amp; Fritid\" \/>\n<meta property=\"article:modified_time\" content=\"2026-03-12T08:01:48+00:00\" \/>\n<meta property=\"og:image\" content=\"https:\/\/i0.wp.com\/truusk.se\/wp-content\/uploads\/2024\/02\/liten-skrapstolpe-kattskrapstolpe-med-skrapbrada-katttrad-klattertrad-for-katter-sisalplysch-morkgra-40-x-35-x-72-cm.webp?fit=800%2C800&ssl=1\" \/>\n\t<meta property=\"og:image:width\" content=\"800\" \/>\n\t<meta property=\"og:image:height\" content=\"800\" \/>\n\t<meta property=\"og:image:type\" content=\"image\/webp\" \/>\n<meta name=\"twitter:card\" content=\"summary_large_image\" \/>\n<meta name=\"twitter:label1\" content=\"Ber\u00e4knad l\u00e4stid\" \/>\n\t<meta name=\"twitter:data1\" content=\"1 minut\" \/>\n<!-- \/ Yoast SEO plugin. -->","yoast_head_json":{"title":"TRUUSK Liten Kattskrapstolpe med Skrapbr\u00e4da - Katttr\u00e4d f\u00f6r Kl\u00e4ttring - Sisalplysch - M\u00f6rkgr\u00e5 - 40 x 35 x 72 cm - TRUUSK - Hem, Tr\u00e4dg\u00e5rd &amp; Fritid","robots":{"index":"index","follow":"follow","max-snippet":"max-snippet:-1","max-image-preview":"max-image-preview:large","max-video-preview":"max-video-preview:-1"},"canonical":"https:\/\/truusk.store\/sv\/produkt\/truusk-liten-kattskrapstolpe-med-skrapbrada-katttrad-for-klattring-sisalplysch-morkgra-40-x-35-x-72-cm\/","og_locale":"sv_SE","og_type":"article","og_title":"TRUUSK Liten Kattskrapstolpe med Skrapbr\u00e4da - Katttr\u00e4d f\u00f6r Kl\u00e4ttring - Sisalplysch - M\u00f6rkgr\u00e5 - 40 x 35 x 72 cm - TRUUSK - Hem, Tr\u00e4dg\u00e5rd &amp; Fritid","og_description":"Tillfredsst\u00e4ll din katts naturliga instinkter p\u00e5 ett s\u00e4kert s\u00e4tt med detta skrapinl\u00e4gg! Kattskrapstolpen \u00e4r f\u00f6rdelaktig f\u00f6r b\u00e5de husdjuret och \u00e4garen...","og_url":"https:\/\/truusk.store\/sv\/produkt\/truusk-liten-kattskrapstolpe-med-skrapbrada-katttrad-for-klattring-sisalplysch-morkgra-40-x-35-x-72-cm\/","og_site_name":"TRUUSK - Hem, Tr\u00e4dg\u00e5rd &amp; Fritid","article_modified_time":"2026-03-12T08:01:48+00:00","og_image":[{"width":800,"height":800,"url":"https:\/\/i0.wp.com\/truusk.se\/wp-content\/uploads\/2024\/02\/liten-skrapstolpe-kattskrapstolpe-med-skrapbrada-katttrad-klattertrad-for-katter-sisalplysch-morkgra-40-x-35-x-72-cm.webp?fit=800%2C800&ssl=1","type":"image\/webp"}],"twitter_card":"summary_large_image","twitter_misc":{"Ber\u00e4knad l\u00e4stid":"1 minut"},"schema":{"@context":"https:\/\/schema.org","@graph":[{"@type":"WebPage","@id":"https:\/\/truusk.store\/sv\/produkt\/truusk-liten-kattskrapstolpe-med-skrapbrada-katttrad-for-klattring-sisalplysch-morkgra-40-x-35-x-72-cm\/","url":"https:\/\/truusk.store\/sv\/produkt\/truusk-liten-kattskrapstolpe-med-skrapbrada-katttrad-for-klattring-sisalplysch-morkgra-40-x-35-x-72-cm\/","name":"TRUUSK Liten Kattskrapstolpe med Skrapbr\u00e4da - Katttr\u00e4d f\u00f6r Kl\u00e4ttring - Sisalplysch - M\u00f6rkgr\u00e5 - 40 x 35 x 72 cm - TRUUSK - Hem, Tr\u00e4dg\u00e5rd &amp; Fritid","isPartOf":{"@id":"https:\/\/truusk.store\/sv\/#website"},"primaryImageOfPage":{"@id":"https:\/\/truusk.store\/sv\/produkt\/truusk-liten-kattskrapstolpe-med-skrapbrada-katttrad-for-klattring-sisalplysch-morkgra-40-x-35-x-72-cm\/#primaryimage"},"image":{"@id":"https:\/\/truusk.store\/sv\/produkt\/truusk-liten-kattskrapstolpe-med-skrapbrada-katttrad-for-klattring-sisalplysch-morkgra-40-x-35-x-72-cm\/#primaryimage"},"thumbnailUrl":"https:\/\/i0.wp.com\/truusk.store\/wp-content\/uploads\/2024\/02\/liten-skrapstolpe-kattskrapstolpe-med-skrapbrada-katttrad-klattertrad-for-katter-sisalplysch-morkgra-40-x-35-x-72-cm.webp?fit=800%2C800&ssl=1","datePublished":"2024-02-13T13:31:37+00:00","dateModified":"2026-03-12T08:01:48+00:00","breadcrumb":{"@id":"https:\/\/truusk.store\/sv\/produkt\/truusk-liten-kattskrapstolpe-med-skrapbrada-katttrad-for-klattring-sisalplysch-morkgra-40-x-35-x-72-cm\/#breadcrumb"},"inLanguage":"sv-SE","potentialAction":[{"@type":"ReadAction","target":["https:\/\/truusk.store\/sv\/produkt\/truusk-liten-kattskrapstolpe-med-skrapbrada-katttrad-for-klattring-sisalplysch-morkgra-40-x-35-x-72-cm\/"]}]},{"@type":"ImageObject","inLanguage":"sv-SE","@id":"https:\/\/truusk.store\/sv\/produkt\/truusk-liten-kattskrapstolpe-med-skrapbrada-katttrad-for-klattring-sisalplysch-morkgra-40-x-35-x-72-cm\/#primaryimage","url":"https:\/\/i0.wp.com\/truusk.store\/wp-content\/uploads\/2024\/02\/liten-skrapstolpe-kattskrapstolpe-med-skrapbrada-katttrad-klattertrad-for-katter-sisalplysch-morkgra-40-x-35-x-72-cm.webp?fit=800%2C800&ssl=1","contentUrl":"https:\/\/i0.wp.com\/truusk.store\/wp-content\/uploads\/2024\/02\/liten-skrapstolpe-kattskrapstolpe-med-skrapbrada-katttrad-klattertrad-for-katter-sisalplysch-morkgra-40-x-35-x-72-cm.webp?fit=800%2C800&ssl=1","width":800,"height":800,"caption":"Liten Skrapstolpe, Kattskrapstolpe Med Skrapbr\u00e4da, Katttr\u00e4d, Kl\u00e4ttertr\u00e4d F\u00f6r Katter, Sisalplysch, M\u00f6rkgr\u00e5, 40 X 35 X 72 Cm 1"},{"@type":"BreadcrumbList","@id":"https:\/\/truusk.store\/sv\/produkt\/truusk-liten-kattskrapstolpe-med-skrapbrada-katttrad-for-klattring-sisalplysch-morkgra-40-x-35-x-72-cm\/#breadcrumb","itemListElement":[{"@type":"ListItem","position":1,"name":"Home","item":"https:\/\/truusk.store\/sv\/"},{"@type":"ListItem","position":2,"name":"Shop","item":"https:\/\/truusk.store\/shop\/"},{"@type":"ListItem","position":3,"name":"TRUUSK Liten Kattskrapstolpe med Skrapbr\u00e4da &#8211; Katttr\u00e4d f\u00f6r Kl\u00e4ttring &#8211; Sisalplysch &#8211; M\u00f6rkgr\u00e5 &#8211; 40 x 35 x 72 cm"}]},{"@type":"WebSite","@id":"https:\/\/truusk.store\/sv\/#website","url":"https:\/\/truusk.store\/sv\/","name":"TRUUSK - Hem, Tr\u00e4dg\u00e5rd & Fritid","description":"","publisher":{"@id":"https:\/\/truusk.store\/sv\/#organization"},"potentialAction":[{"@type":"SearchAction","target":{"@type":"EntryPoint","urlTemplate":"https:\/\/truusk.store\/sv\/?s={search_term_string}"},"query-input":{"@type":"PropertyValueSpecification","valueRequired":true,"valueName":"search_term_string"}}],"inLanguage":"sv-SE"},{"@type":"Organization","@id":"https:\/\/truusk.store\/sv\/#organization","name":"TRUUSK - Hem, Tr\u00e4dg\u00e5rd & Fritid","url":"https:\/\/truusk.store\/sv\/","logo":{"@type":"ImageObject","inLanguage":"sv-SE","@id":"https:\/\/truusk.store\/sv\/#\/schema\/logo\/image\/","url":"https:\/\/i0.wp.com\/truusk.store\/wp-content\/uploads\/2026\/03\/cropped-TRUUSK.png?fit=2032%2C917&ssl=1","contentUrl":"https:\/\/i0.wp.com\/truusk.store\/wp-content\/uploads\/2026\/03\/cropped-TRUUSK.png?fit=2032%2C917&ssl=1","width":2032,"height":917,"caption":"TRUUSK - Hem, Tr\u00e4dg\u00e5rd & Fritid"},"image":{"@id":"https:\/\/truusk.store\/sv\/#\/schema\/logo\/image\/"}}]}},"jetpack_sharing_enabled":true,"_links":{"self":[{"href":"https:\/\/truusk.store\/sv\/wp-json\/wp\/v2\/product\/18782","targetHints":{"allow":["GET"]}}],"collection":[{"href":"https:\/\/truusk.store\/sv\/wp-json\/wp\/v2\/product"}],"about":[{"href":"https:\/\/truusk.store\/sv\/wp-json\/wp\/v2\/types\/product"}],"wp:featuredmedia":[{"embeddable":true,"href":"https:\/\/truusk.store\/sv\/wp-json\/wp\/v2\/media\/18783"}],"wp:attachment":[{"href":"https:\/\/truusk.store\/sv\/wp-json\/wp\/v2\/media?parent=18782"}],"wp:term":[{"taxonomy":"product_brand","embeddable":true,"href":"https:\/\/truusk.store\/sv\/wp-json\/wp\/v2\/product_brand?post=18782"},{"taxonomy":"product_cat","embeddable":true,"href":"https:\/\/truusk.store\/sv\/wp-json\/wp\/v2\/product_cat?post=18782"},{"taxonomy":"product_tag","embeddable":true,"href":"https:\/\/truusk.store\/sv\/wp-json\/wp\/v2\/product_tag?post=18782"}],"curies":[{"name":"wp","href":"https:\/\/api.w.org\/{rel}","templated":true}]}}