{"id":18816,"date":"2024-02-13T14:32:37","date_gmt":"2024-02-13T13:32:37","guid":{"rendered":"https:\/\/truusk.store\/product\/tradgardspaviljong-med-dubbeltak-paviljong-tradgardstalt-festtalt-med-4-x-sidovaggar-metall-polyesterbeige-299-x-299-x-274-m\/"},"modified":"2026-03-12T09:01:49","modified_gmt":"2026-03-12T08:01:49","slug":"truusk-tradgardspaviljong-med-dubbeltak-festtalt-med-4-x-sidovaggar-metall-polyester-beige-299-x-299-x-274-m","status":"publish","type":"product","link":"https:\/\/truusk.store\/sv\/produkt\/truusk-tradgardspaviljong-med-dubbeltak-festtalt-med-4-x-sidovaggar-metall-polyester-beige-299-x-299-x-274-m\/","title":{"rendered":"TRUUSK Tr\u00e4dg\u00e5rdspaviljong Med Dubbeltak &#8211; Festt\u00e4lt Med 4 X Sidov\u00e4ggar &#8211; Metall + Polyester &#8211; Beige &#8211; 2,99 X 2,99 X 2,74 M"},"content":{"rendered":"<p>Se till att din familj och g\u00e4ster alltid har ett skyddande tak \u00f6ver huvudet n\u00e4r du firar och tr\u00e4ffas tillsammans i din tr\u00e4dg\u00e5rd! Denna praktiska tr\u00e4dg\u00e5rdspaviljong ger lugnande skugga och erbjuder plats f\u00f6r m\u00e5nga m\u00e4nniskor. Sidov\u00e4ggarna s\u00e4kerst\u00e4ller behaglig luftcirkulation och h\u00e5ller insekter borta. De praktiska h\u00f6rnhyllorna \u00e4r idealiska f\u00f6r vinflaskor, b\u00f6cker eller dekorativa material och den robusta metallramen s\u00e4kerst\u00e4ller h\u00f6g stabilitet.<\/p>\n<h3>Beskrivning:<\/h3>\n<ul>\n<li>Rymlig design<\/li>\n<li>Metallram f\u00f6r en stabil struktur<\/li>\n<li>Tv\u00e5skiktstak med n\u00e4tv\u00e4v ger god luftcirkulation<\/li>\n<li>Sidov\u00e4ggar i mesh som andas sl\u00e4pper in luft och h\u00e5ller insekter ute<\/li>\n<li>Takkrokar f\u00f6r att h\u00e4nga upp lampor eller fl\u00e4ktar<\/li>\n<li>Fyra praktiska h\u00f6rnhyllor f\u00f6r husger\u00e5d eller dekorationer<\/li>\n<li>Pinnar f\u00f6r extra stabilitet<\/li>\n<li>Montering kr\u00e4vs<\/li>\n<\/ul>\n<h3>Teknisk data:<\/h3>\n<ul>\n<li>F\u00e4rg beige<\/li>\n<li>Material: metall, polyester<\/li>\n<li>Totala m\u00e5tt: 2,99L x 2,99W x 2,74m<\/li>\n<li>Takfotsh\u00f6jd: 1,93 m<\/li>\n<li>Avst\u00e5nd mellan st\u00f6d: 1,87 m<\/li>\n<li>M\u00e5tt h\u00f6rnhylla: 40L x 40W x 1H cm<\/li>\n<\/ul>\n<h3>Leveransens omfattning:<\/h3>\n<ul>\n<li>1 x Gazebo<\/li>\n<li>8 x sill<\/li>\n<li>1 x Instruktioner<\/li>\n<li>VIKTIGT: Vi levererar varan till trottoarkanten utan kostnad. Se till att du anger r\u00e4tt adress och telefonnummer.<\/li>\n<\/ul>\n","protected":false},"excerpt":{"rendered":"<p>Se till att din familj och g\u00e4ster alltid har ett skyddande tak \u00f6ver huvudet n\u00e4r du firar och tr\u00e4ffas tillsammans&#8230;<\/p>\n","protected":false},"featured_media":18817,"template":"","meta":[],"product_brand":[],"product_cat":[477,435,476],"product_tag":[],"class_list":{"0":"post-18816","1":"product","2":"type-product","3":"status-publish","4":"has-post-thumbnail","6":"product_cat-paviljonger-partytalt","7":"product_cat-tradgard-och-terrass","8":"product_cat-tradgardspaviljonger","10":"first","11":"instock","12":"sale","13":"taxable","14":"shipping-taxable","15":"purchasable","16":"product-type-simple"},"yoast_head":"<!-- This site is optimized with the Yoast SEO plugin v25.4 - https:\/\/yoast.com\/wordpress\/plugins\/seo\/ -->\n<title>TRUUSK Tr\u00e4dg\u00e5rdspaviljong Med Dubbeltak - Festt\u00e4lt Med 4 X Sidov\u00e4ggar - Metall + Polyester - Beige - 2,99 X 2,99 X 2,74 M - TRUUSK - Hem, Tr\u00e4dg\u00e5rd &amp; Fritid<\/title>\n<meta name=\"robots\" content=\"index, follow, max-snippet:-1, max-image-preview:large, max-video-preview:-1\" \/>\n<link rel=\"canonical\" href=\"https:\/\/truusk.store\/sv\/produkt\/truusk-tradgardspaviljong-med-dubbeltak-festtalt-med-4-x-sidovaggar-metall-polyester-beige-299-x-299-x-274-m\/\" \/>\n<meta property=\"og:locale\" content=\"sv_SE\" \/>\n<meta property=\"og:type\" content=\"article\" \/>\n<meta property=\"og:title\" content=\"TRUUSK Tr\u00e4dg\u00e5rdspaviljong Med Dubbeltak - Festt\u00e4lt Med 4 X Sidov\u00e4ggar - Metall + Polyester - Beige - 2,99 X 2,99 X 2,74 M - TRUUSK - Hem, Tr\u00e4dg\u00e5rd &amp; Fritid\" \/>\n<meta property=\"og:description\" content=\"Se till att din familj och g\u00e4ster alltid har ett skyddande tak \u00f6ver huvudet n\u00e4r du firar och tr\u00e4ffas tillsammans...\" \/>\n<meta property=\"og:url\" content=\"https:\/\/truusk.store\/sv\/produkt\/truusk-tradgardspaviljong-med-dubbeltak-festtalt-med-4-x-sidovaggar-metall-polyester-beige-299-x-299-x-274-m\/\" \/>\n<meta property=\"og:site_name\" content=\"TRUUSK - Hem, Tr\u00e4dg\u00e5rd &amp; Fritid\" \/>\n<meta property=\"article:modified_time\" content=\"2026-03-12T08:01:49+00:00\" \/>\n<meta property=\"og:image\" content=\"https:\/\/i0.wp.com\/truusk.se\/wp-content\/uploads\/2024\/02\/tradgardspaviljong-med-dubbeltak-paviljong-tradgardstalt-festtalt-med-4-x-sidovaggar-metall-polyesterbeige-299-x-299-x-274-m.webp?fit=800%2C800&ssl=1\" \/>\n\t<meta property=\"og:image:width\" content=\"800\" \/>\n\t<meta property=\"og:image:height\" content=\"800\" \/>\n\t<meta property=\"og:image:type\" content=\"image\/webp\" \/>\n<meta name=\"twitter:card\" content=\"summary_large_image\" \/>\n<meta name=\"twitter:label1\" content=\"Ber\u00e4knad l\u00e4stid\" \/>\n\t<meta name=\"twitter:data1\" content=\"1 minut\" \/>\n<!-- \/ Yoast SEO plugin. -->","yoast_head_json":{"title":"TRUUSK Tr\u00e4dg\u00e5rdspaviljong Med Dubbeltak - Festt\u00e4lt Med 4 X Sidov\u00e4ggar - Metall + Polyester - Beige - 2,99 X 2,99 X 2,74 M - TRUUSK - Hem, Tr\u00e4dg\u00e5rd &amp; Fritid","robots":{"index":"index","follow":"follow","max-snippet":"max-snippet:-1","max-image-preview":"max-image-preview:large","max-video-preview":"max-video-preview:-1"},"canonical":"https:\/\/truusk.store\/sv\/produkt\/truusk-tradgardspaviljong-med-dubbeltak-festtalt-med-4-x-sidovaggar-metall-polyester-beige-299-x-299-x-274-m\/","og_locale":"sv_SE","og_type":"article","og_title":"TRUUSK Tr\u00e4dg\u00e5rdspaviljong Med Dubbeltak - Festt\u00e4lt Med 4 X Sidov\u00e4ggar - Metall + Polyester - Beige - 2,99 X 2,99 X 2,74 M - TRUUSK - Hem, Tr\u00e4dg\u00e5rd &amp; Fritid","og_description":"Se till att din familj och g\u00e4ster alltid har ett skyddande tak \u00f6ver huvudet n\u00e4r du firar och tr\u00e4ffas tillsammans...","og_url":"https:\/\/truusk.store\/sv\/produkt\/truusk-tradgardspaviljong-med-dubbeltak-festtalt-med-4-x-sidovaggar-metall-polyester-beige-299-x-299-x-274-m\/","og_site_name":"TRUUSK - Hem, Tr\u00e4dg\u00e5rd &amp; Fritid","article_modified_time":"2026-03-12T08:01:49+00:00","og_image":[{"width":800,"height":800,"url":"https:\/\/i0.wp.com\/truusk.se\/wp-content\/uploads\/2024\/02\/tradgardspaviljong-med-dubbeltak-paviljong-tradgardstalt-festtalt-med-4-x-sidovaggar-metall-polyesterbeige-299-x-299-x-274-m.webp?fit=800%2C800&ssl=1","type":"image\/webp"}],"twitter_card":"summary_large_image","twitter_misc":{"Ber\u00e4knad l\u00e4stid":"1 minut"},"schema":{"@context":"https:\/\/schema.org","@graph":[{"@type":"WebPage","@id":"https:\/\/truusk.store\/sv\/produkt\/truusk-tradgardspaviljong-med-dubbeltak-festtalt-med-4-x-sidovaggar-metall-polyester-beige-299-x-299-x-274-m\/","url":"https:\/\/truusk.store\/sv\/produkt\/truusk-tradgardspaviljong-med-dubbeltak-festtalt-med-4-x-sidovaggar-metall-polyester-beige-299-x-299-x-274-m\/","name":"TRUUSK Tr\u00e4dg\u00e5rdspaviljong Med Dubbeltak - Festt\u00e4lt Med 4 X Sidov\u00e4ggar - Metall + Polyester - Beige - 2,99 X 2,99 X 2,74 M - TRUUSK - Hem, Tr\u00e4dg\u00e5rd &amp; Fritid","isPartOf":{"@id":"https:\/\/truusk.store\/sv\/#website"},"primaryImageOfPage":{"@id":"https:\/\/truusk.store\/sv\/produkt\/truusk-tradgardspaviljong-med-dubbeltak-festtalt-med-4-x-sidovaggar-metall-polyester-beige-299-x-299-x-274-m\/#primaryimage"},"image":{"@id":"https:\/\/truusk.store\/sv\/produkt\/truusk-tradgardspaviljong-med-dubbeltak-festtalt-med-4-x-sidovaggar-metall-polyester-beige-299-x-299-x-274-m\/#primaryimage"},"thumbnailUrl":"https:\/\/i0.wp.com\/truusk.store\/wp-content\/uploads\/2024\/02\/tradgardspaviljong-med-dubbeltak-paviljong-tradgardstalt-festtalt-med-4-x-sidovaggar-metall-polyesterbeige-299-x-299-x-274-m.webp?fit=800%2C800&ssl=1","datePublished":"2024-02-13T13:32:37+00:00","dateModified":"2026-03-12T08:01:49+00:00","breadcrumb":{"@id":"https:\/\/truusk.store\/sv\/produkt\/truusk-tradgardspaviljong-med-dubbeltak-festtalt-med-4-x-sidovaggar-metall-polyester-beige-299-x-299-x-274-m\/#breadcrumb"},"inLanguage":"sv-SE","potentialAction":[{"@type":"ReadAction","target":["https:\/\/truusk.store\/sv\/produkt\/truusk-tradgardspaviljong-med-dubbeltak-festtalt-med-4-x-sidovaggar-metall-polyester-beige-299-x-299-x-274-m\/"]}]},{"@type":"ImageObject","inLanguage":"sv-SE","@id":"https:\/\/truusk.store\/sv\/produkt\/truusk-tradgardspaviljong-med-dubbeltak-festtalt-med-4-x-sidovaggar-metall-polyester-beige-299-x-299-x-274-m\/#primaryimage","url":"https:\/\/i0.wp.com\/truusk.store\/wp-content\/uploads\/2024\/02\/tradgardspaviljong-med-dubbeltak-paviljong-tradgardstalt-festtalt-med-4-x-sidovaggar-metall-polyesterbeige-299-x-299-x-274-m.webp?fit=800%2C800&ssl=1","contentUrl":"https:\/\/i0.wp.com\/truusk.store\/wp-content\/uploads\/2024\/02\/tradgardspaviljong-med-dubbeltak-paviljong-tradgardstalt-festtalt-med-4-x-sidovaggar-metall-polyesterbeige-299-x-299-x-274-m.webp?fit=800%2C800&ssl=1","width":800,"height":800,"caption":"Tr\u00e4dg\u00e5rdspaviljong Med Dubbeltak Paviljong Tr\u00e4dg\u00e5rdst\u00e4lt Festt\u00e4lt Med 4 X Sidov\u00e4ggar Metall + Polyesterbeige 2,99 X 2,99 X 2,74 M 1"},{"@type":"BreadcrumbList","@id":"https:\/\/truusk.store\/sv\/produkt\/truusk-tradgardspaviljong-med-dubbeltak-festtalt-med-4-x-sidovaggar-metall-polyester-beige-299-x-299-x-274-m\/#breadcrumb","itemListElement":[{"@type":"ListItem","position":1,"name":"Home","item":"https:\/\/truusk.store\/sv\/"},{"@type":"ListItem","position":2,"name":"Shop","item":"https:\/\/truusk.store\/shop\/"},{"@type":"ListItem","position":3,"name":"TRUUSK Tr\u00e4dg\u00e5rdspaviljong Med Dubbeltak &#8211; Festt\u00e4lt Med 4 X Sidov\u00e4ggar &#8211; Metall + Polyester &#8211; Beige &#8211; 2,99 X 2,99 X 2,74 M"}]},{"@type":"WebSite","@id":"https:\/\/truusk.store\/sv\/#website","url":"https:\/\/truusk.store\/sv\/","name":"TRUUSK - Hem, Tr\u00e4dg\u00e5rd & Fritid","description":"","publisher":{"@id":"https:\/\/truusk.store\/sv\/#organization"},"potentialAction":[{"@type":"SearchAction","target":{"@type":"EntryPoint","urlTemplate":"https:\/\/truusk.store\/sv\/?s={search_term_string}"},"query-input":{"@type":"PropertyValueSpecification","valueRequired":true,"valueName":"search_term_string"}}],"inLanguage":"sv-SE"},{"@type":"Organization","@id":"https:\/\/truusk.store\/sv\/#organization","name":"TRUUSK - Hem, Tr\u00e4dg\u00e5rd & Fritid","url":"https:\/\/truusk.store\/sv\/","logo":{"@type":"ImageObject","inLanguage":"sv-SE","@id":"https:\/\/truusk.store\/sv\/#\/schema\/logo\/image\/","url":"https:\/\/i0.wp.com\/truusk.store\/wp-content\/uploads\/2026\/03\/cropped-TRUUSK.png?fit=2032%2C917&ssl=1","contentUrl":"https:\/\/i0.wp.com\/truusk.store\/wp-content\/uploads\/2026\/03\/cropped-TRUUSK.png?fit=2032%2C917&ssl=1","width":2032,"height":917,"caption":"TRUUSK - Hem, Tr\u00e4dg\u00e5rd & Fritid"},"image":{"@id":"https:\/\/truusk.store\/sv\/#\/schema\/logo\/image\/"}}]}},"jetpack_sharing_enabled":true,"_links":{"self":[{"href":"https:\/\/truusk.store\/sv\/wp-json\/wp\/v2\/product\/18816","targetHints":{"allow":["GET"]}}],"collection":[{"href":"https:\/\/truusk.store\/sv\/wp-json\/wp\/v2\/product"}],"about":[{"href":"https:\/\/truusk.store\/sv\/wp-json\/wp\/v2\/types\/product"}],"wp:featuredmedia":[{"embeddable":true,"href":"https:\/\/truusk.store\/sv\/wp-json\/wp\/v2\/media\/18817"}],"wp:attachment":[{"href":"https:\/\/truusk.store\/sv\/wp-json\/wp\/v2\/media?parent=18816"}],"wp:term":[{"taxonomy":"product_brand","embeddable":true,"href":"https:\/\/truusk.store\/sv\/wp-json\/wp\/v2\/product_brand?post=18816"},{"taxonomy":"product_cat","embeddable":true,"href":"https:\/\/truusk.store\/sv\/wp-json\/wp\/v2\/product_cat?post=18816"},{"taxonomy":"product_tag","embeddable":true,"href":"https:\/\/truusk.store\/sv\/wp-json\/wp\/v2\/product_tag?post=18816"}],"curies":[{"name":"wp","href":"https:\/\/api.w.org\/{rel}","templated":true}]}}