{"id":18828,"date":"2024-02-13T14:32:57","date_gmt":"2024-02-13T13:32:57","guid":{"rendered":"https:\/\/truusk.store\/product\/3-st-tradgardssang-med-bord-tradgardsset-tradgard-sittgrupp-tradgardsbordset-metallnat-silver-2-x-fatoljer-1-x-bord\/"},"modified":"2026-03-12T09:01:49","modified_gmt":"2026-03-12T08:01:49","slug":"truusk-3-del-tradgardssang-med-bord-metallnat-silver-2-stolar-1-bord","status":"publish","type":"product","link":"https:\/\/truusk.store\/sv\/produkt\/truusk-3-del-tradgardssang-med-bord-metallnat-silver-2-stolar-1-bord\/","title":{"rendered":"TRUUSK 3-del tr\u00e4dg\u00e5rdss\u00e4ng med bord &#8211; Metalln\u00e4t &#8211; Silver &#8211; 2 stolar &#8211; 1 bord"},"content":{"rendered":"<p>Ge komfort till alla utomhusomr\u00e5den med denna tr\u00e4dg\u00e5rdsstol! Denna soffgrupp erbjuder dig en mysig uteservering f\u00f6r ett nytt s\u00e4tt att njuta av solen och frisk luft med dina n\u00e4ra och k\u00e4ra. Detta loungestolset imponerar med sin stil och funktionalitet.<\/p>\n<h3>Beskrivning:<\/h3>\n<ul>\n<li>3-delad camping solstolsset inneh\u00e5ller 2 solstolar och 1 tebord<\/li>\n<li>Den robusta metallramen \u00e4r korrosionsfri<\/li>\n<li>Andningsbart meshtyg ger ultimat komfort n\u00e4r du vilar<\/li>\n<li>Vatten- och UV-best\u00e4ndig f\u00f6r \u00e5r av p\u00e5litlig utomhusanv\u00e4ndning<\/li>\n<li>Ett bra komplement till din uteplats, tr\u00e4dg\u00e5rd, pool eller andra utomhusomr\u00e5den<\/li>\n<li>L\u00e5gt underh\u00e5ll och l\u00e4tt att reng\u00f6ra<\/li>\n<li>Montering kr\u00e4vs<\/li>\n<\/ul>\n<h3>Teknisk data:<\/h3>\n<ul>\n<li>silver<\/li>\n<li>Material: Metall, Mesh som andas<\/li>\n<li>M\u00e5tt p\u00e5 solstolen: 59L x 169W x 66H cm<\/li>\n<li>Tebordets m\u00e5tt: 41L x 41W x 45H cm<\/li>\n<li>Max lastkapacitet: 120 kg<\/li>\n<li>Certifiering: EN12520 glas<\/li>\n<\/ul>\n<h3>Leveransens omfattning:<\/h3>\n<ul>\n<li>2 x solstolar<\/li>\n<li>1 x tebord<\/li>\n<\/ul>\n","protected":false},"excerpt":{"rendered":"<p>Ge komfort till alla utomhusomr\u00e5den med denna tr\u00e4dg\u00e5rdsstol! Denna soffgrupp erbjuder dig en mysig uteservering f\u00f6r ett nytt s\u00e4tt att&#8230;<\/p>\n","protected":false},"featured_media":18829,"template":"","meta":[],"product_brand":[],"product_cat":[451,435,450],"product_tag":[],"class_list":{"0":"post-18828","1":"product","2":"type-product","3":"status-publish","4":"has-post-thumbnail","6":"product_cat-solstolar","7":"product_cat-tradgard-och-terrass","8":"product_cat-tradgardsmobler","10":"first","11":"instock","12":"sale","13":"taxable","14":"shipping-taxable","15":"purchasable","16":"product-type-simple"},"yoast_head":"<!-- This site is optimized with the Yoast SEO plugin v25.4 - https:\/\/yoast.com\/wordpress\/plugins\/seo\/ -->\n<title>TRUUSK 3-del tr\u00e4dg\u00e5rdss\u00e4ng med bord - Metalln\u00e4t - Silver - 2 stolar - 1 bord - TRUUSK - Hem, Tr\u00e4dg\u00e5rd &amp; Fritid<\/title>\n<meta name=\"robots\" content=\"index, follow, max-snippet:-1, max-image-preview:large, max-video-preview:-1\" \/>\n<link rel=\"canonical\" href=\"https:\/\/truusk.store\/sv\/produkt\/truusk-3-del-tradgardssang-med-bord-metallnat-silver-2-stolar-1-bord\/\" \/>\n<meta property=\"og:locale\" content=\"sv_SE\" \/>\n<meta property=\"og:type\" content=\"article\" \/>\n<meta property=\"og:title\" content=\"TRUUSK 3-del tr\u00e4dg\u00e5rdss\u00e4ng med bord - Metalln\u00e4t - Silver - 2 stolar - 1 bord - TRUUSK - Hem, Tr\u00e4dg\u00e5rd &amp; Fritid\" \/>\n<meta property=\"og:description\" content=\"Ge komfort till alla utomhusomr\u00e5den med denna tr\u00e4dg\u00e5rdsstol! Denna soffgrupp erbjuder dig en mysig uteservering f\u00f6r ett nytt s\u00e4tt att...\" \/>\n<meta property=\"og:url\" content=\"https:\/\/truusk.store\/sv\/produkt\/truusk-3-del-tradgardssang-med-bord-metallnat-silver-2-stolar-1-bord\/\" \/>\n<meta property=\"og:site_name\" content=\"TRUUSK - Hem, Tr\u00e4dg\u00e5rd &amp; Fritid\" \/>\n<meta property=\"article:modified_time\" content=\"2026-03-12T08:01:49+00:00\" \/>\n<meta property=\"og:image\" content=\"https:\/\/i0.wp.com\/truusk.se\/wp-content\/uploads\/2024\/02\/3-st-tradgardssang-med-bord-tradgardsset-tradgard-sittgrupp-tradgardsbordset-metallnat-silver-2-x-fatoljer-1-x-bord.webp?fit=800%2C800&ssl=1\" \/>\n\t<meta property=\"og:image:width\" content=\"800\" \/>\n\t<meta property=\"og:image:height\" content=\"800\" \/>\n\t<meta property=\"og:image:type\" content=\"image\/webp\" \/>\n<meta name=\"twitter:card\" content=\"summary_large_image\" \/>\n<meta name=\"twitter:label1\" content=\"Ber\u00e4knad l\u00e4stid\" \/>\n\t<meta name=\"twitter:data1\" content=\"1 minut\" \/>\n<!-- \/ Yoast SEO plugin. -->","yoast_head_json":{"title":"TRUUSK 3-del tr\u00e4dg\u00e5rdss\u00e4ng med bord - Metalln\u00e4t - Silver - 2 stolar - 1 bord - TRUUSK - Hem, Tr\u00e4dg\u00e5rd &amp; Fritid","robots":{"index":"index","follow":"follow","max-snippet":"max-snippet:-1","max-image-preview":"max-image-preview:large","max-video-preview":"max-video-preview:-1"},"canonical":"https:\/\/truusk.store\/sv\/produkt\/truusk-3-del-tradgardssang-med-bord-metallnat-silver-2-stolar-1-bord\/","og_locale":"sv_SE","og_type":"article","og_title":"TRUUSK 3-del tr\u00e4dg\u00e5rdss\u00e4ng med bord - Metalln\u00e4t - Silver - 2 stolar - 1 bord - TRUUSK - Hem, Tr\u00e4dg\u00e5rd &amp; Fritid","og_description":"Ge komfort till alla utomhusomr\u00e5den med denna tr\u00e4dg\u00e5rdsstol! Denna soffgrupp erbjuder dig en mysig uteservering f\u00f6r ett nytt s\u00e4tt att...","og_url":"https:\/\/truusk.store\/sv\/produkt\/truusk-3-del-tradgardssang-med-bord-metallnat-silver-2-stolar-1-bord\/","og_site_name":"TRUUSK - Hem, Tr\u00e4dg\u00e5rd &amp; Fritid","article_modified_time":"2026-03-12T08:01:49+00:00","og_image":[{"width":800,"height":800,"url":"https:\/\/i0.wp.com\/truusk.se\/wp-content\/uploads\/2024\/02\/3-st-tradgardssang-med-bord-tradgardsset-tradgard-sittgrupp-tradgardsbordset-metallnat-silver-2-x-fatoljer-1-x-bord.webp?fit=800%2C800&ssl=1","type":"image\/webp"}],"twitter_card":"summary_large_image","twitter_misc":{"Ber\u00e4knad l\u00e4stid":"1 minut"},"schema":{"@context":"https:\/\/schema.org","@graph":[{"@type":"WebPage","@id":"https:\/\/truusk.store\/sv\/produkt\/truusk-3-del-tradgardssang-med-bord-metallnat-silver-2-stolar-1-bord\/","url":"https:\/\/truusk.store\/sv\/produkt\/truusk-3-del-tradgardssang-med-bord-metallnat-silver-2-stolar-1-bord\/","name":"TRUUSK 3-del tr\u00e4dg\u00e5rdss\u00e4ng med bord - Metalln\u00e4t - Silver - 2 stolar - 1 bord - TRUUSK - Hem, Tr\u00e4dg\u00e5rd &amp; Fritid","isPartOf":{"@id":"https:\/\/truusk.store\/sv\/#website"},"primaryImageOfPage":{"@id":"https:\/\/truusk.store\/sv\/produkt\/truusk-3-del-tradgardssang-med-bord-metallnat-silver-2-stolar-1-bord\/#primaryimage"},"image":{"@id":"https:\/\/truusk.store\/sv\/produkt\/truusk-3-del-tradgardssang-med-bord-metallnat-silver-2-stolar-1-bord\/#primaryimage"},"thumbnailUrl":"https:\/\/i0.wp.com\/truusk.store\/wp-content\/uploads\/2024\/02\/3-st-tradgardssang-med-bord-tradgardsset-tradgard-sittgrupp-tradgardsbordset-metallnat-silver-2-x-fatoljer-1-x-bord.webp?fit=800%2C800&ssl=1","datePublished":"2024-02-13T13:32:57+00:00","dateModified":"2026-03-12T08:01:49+00:00","breadcrumb":{"@id":"https:\/\/truusk.store\/sv\/produkt\/truusk-3-del-tradgardssang-med-bord-metallnat-silver-2-stolar-1-bord\/#breadcrumb"},"inLanguage":"sv-SE","potentialAction":[{"@type":"ReadAction","target":["https:\/\/truusk.store\/sv\/produkt\/truusk-3-del-tradgardssang-med-bord-metallnat-silver-2-stolar-1-bord\/"]}]},{"@type":"ImageObject","inLanguage":"sv-SE","@id":"https:\/\/truusk.store\/sv\/produkt\/truusk-3-del-tradgardssang-med-bord-metallnat-silver-2-stolar-1-bord\/#primaryimage","url":"https:\/\/i0.wp.com\/truusk.store\/wp-content\/uploads\/2024\/02\/3-st-tradgardssang-med-bord-tradgardsset-tradgard-sittgrupp-tradgardsbordset-metallnat-silver-2-x-fatoljer-1-x-bord.webp?fit=800%2C800&ssl=1","contentUrl":"https:\/\/i0.wp.com\/truusk.store\/wp-content\/uploads\/2024\/02\/3-st-tradgardssang-med-bord-tradgardsset-tradgard-sittgrupp-tradgardsbordset-metallnat-silver-2-x-fatoljer-1-x-bord.webp?fit=800%2C800&ssl=1","width":800,"height":800,"caption":"3 St. Tr\u00e4dg\u00e5rdss\u00e4ng Med Bord Tr\u00e4dg\u00e5rdsset Tr\u00e4dg\u00e5rd Sittgrupp Tr\u00e4dg\u00e5rdsbordset Metalln\u00e4t Silver 2 X F\u00e5t\u00f6ljer 1 X Bord 1"},{"@type":"BreadcrumbList","@id":"https:\/\/truusk.store\/sv\/produkt\/truusk-3-del-tradgardssang-med-bord-metallnat-silver-2-stolar-1-bord\/#breadcrumb","itemListElement":[{"@type":"ListItem","position":1,"name":"Home","item":"https:\/\/truusk.store\/sv\/"},{"@type":"ListItem","position":2,"name":"Shop","item":"https:\/\/truusk.store\/shop\/"},{"@type":"ListItem","position":3,"name":"TRUUSK 3-del tr\u00e4dg\u00e5rdss\u00e4ng med bord &#8211; Metalln\u00e4t &#8211; Silver &#8211; 2 stolar &#8211; 1 bord"}]},{"@type":"WebSite","@id":"https:\/\/truusk.store\/sv\/#website","url":"https:\/\/truusk.store\/sv\/","name":"TRUUSK - Hem, Tr\u00e4dg\u00e5rd & Fritid","description":"","publisher":{"@id":"https:\/\/truusk.store\/sv\/#organization"},"potentialAction":[{"@type":"SearchAction","target":{"@type":"EntryPoint","urlTemplate":"https:\/\/truusk.store\/sv\/?s={search_term_string}"},"query-input":{"@type":"PropertyValueSpecification","valueRequired":true,"valueName":"search_term_string"}}],"inLanguage":"sv-SE"},{"@type":"Organization","@id":"https:\/\/truusk.store\/sv\/#organization","name":"TRUUSK - Hem, Tr\u00e4dg\u00e5rd & Fritid","url":"https:\/\/truusk.store\/sv\/","logo":{"@type":"ImageObject","inLanguage":"sv-SE","@id":"https:\/\/truusk.store\/sv\/#\/schema\/logo\/image\/","url":"https:\/\/i0.wp.com\/truusk.store\/wp-content\/uploads\/2026\/03\/cropped-TRUUSK.png?fit=2032%2C917&ssl=1","contentUrl":"https:\/\/i0.wp.com\/truusk.store\/wp-content\/uploads\/2026\/03\/cropped-TRUUSK.png?fit=2032%2C917&ssl=1","width":2032,"height":917,"caption":"TRUUSK - Hem, Tr\u00e4dg\u00e5rd & Fritid"},"image":{"@id":"https:\/\/truusk.store\/sv\/#\/schema\/logo\/image\/"}}]}},"jetpack_sharing_enabled":true,"_links":{"self":[{"href":"https:\/\/truusk.store\/sv\/wp-json\/wp\/v2\/product\/18828","targetHints":{"allow":["GET"]}}],"collection":[{"href":"https:\/\/truusk.store\/sv\/wp-json\/wp\/v2\/product"}],"about":[{"href":"https:\/\/truusk.store\/sv\/wp-json\/wp\/v2\/types\/product"}],"wp:featuredmedia":[{"embeddable":true,"href":"https:\/\/truusk.store\/sv\/wp-json\/wp\/v2\/media\/18829"}],"wp:attachment":[{"href":"https:\/\/truusk.store\/sv\/wp-json\/wp\/v2\/media?parent=18828"}],"wp:term":[{"taxonomy":"product_brand","embeddable":true,"href":"https:\/\/truusk.store\/sv\/wp-json\/wp\/v2\/product_brand?post=18828"},{"taxonomy":"product_cat","embeddable":true,"href":"https:\/\/truusk.store\/sv\/wp-json\/wp\/v2\/product_cat?post=18828"},{"taxonomy":"product_tag","embeddable":true,"href":"https:\/\/truusk.store\/sv\/wp-json\/wp\/v2\/product_tag?post=18828"}],"curies":[{"name":"wp","href":"https:\/\/api.w.org\/{rel}","templated":true}]}}