{"id":18862,"date":"2024-02-13T14:34:14","date_gmt":"2024-02-13T13:34:14","guid":{"rendered":"https:\/\/truusk.store\/product\/kontorsstol-massagestol-med-varmefunktion-chefsstol-med-massagefunktion-hojdjusterbar-snurrstol-ergonomisk-gamingstol-massage-bla-68-x-72-x-110-120-cm\/"},"modified":"2026-03-12T09:01:50","modified_gmt":"2026-03-12T08:01:50","slug":"truusk-massagestol-med-varme-justerbar-hojd-ergonomisk-design-bla-68-x-72-x-110-120-cm","status":"publish","type":"product","link":"https:\/\/truusk.store\/sv\/produkt\/truusk-massagestol-med-varme-justerbar-hojd-ergonomisk-design-bla-68-x-72-x-110-120-cm\/","title":{"rendered":"TRUUSK Massagestol med V\u00e4rme &#8211; Justerbar H\u00f6jd &#8211; Ergonomisk Design &#8211; Bl\u00e5 &#8211; 68 x 72 x 110-120 cm"},"content":{"rendered":"<p>Denna chefsstol erbjuder inte bara en bekv\u00e4m plats att sitta p\u00e5, utan ger ocks\u00e5 den ultimata avkopplingen med massagefunktion och v\u00e4rmeelement. G\u00f6r dig bekv\u00e4m p\u00e5 den mjukt vadderade sitsen, luta dig tillbaka tack vare det justerbara ryggst\u00f6det upp till 130 och styr bekv\u00e4mt massagen med fj\u00e4rrkontrollen. Massagestolens andningsbara \u00f6verdrag s\u00e4kerst\u00e4ller bekv\u00e4mt sittande vid alla temperaturer.<\/p>\n<h3>Beskrivning:<\/h3>\n<ul>\n<li>Totalt 6 massagepunkter: 2 vardera f\u00f6r axlar, l\u00e4ndrygg och rumpa<\/li>\n<li>V\u00e4rmefunktion f\u00f6r att fr\u00e4mja blodcirkulationen<\/li>\n<li>Stegl\u00f6st justerbar sitth\u00f6jd<\/li>\n<li>Liggande funktion: ryggst\u00f6d variabel fr\u00e5n 90 till 130<\/li>\n<li>Fj\u00e4rrkontroll f\u00f6r att styra massagel\u00e4gen<\/li>\n<li>5 mjukt g\u00e5ende 360 \u200b\u200bhjul<\/li>\n<li>Gungfunktion f\u00f6r avkoppling. Obs: Gungfunktion och liggfunktion kan inte anv\u00e4ndas samtidigt.<\/li>\n<\/ul>\n<h3>Teknisk data:<\/h3>\n<ul>\n<li>Material: sammet (100% polyester), skum, nylon<\/li>\n<li>F\u00e4rg bl\u00e5<\/li>\n<li>\u00d6vergripande m\u00e5tt (sittposition): 68W x 72D x 110-120 cm<\/li>\n<li>\u00d6vergripande m\u00e5tt (liggl\u00e4ge): 67W x 91D x 102-112H cm<\/li>\n<li>H\u00f6jd armst\u00f6d: 65-75 cm<\/li>\n<li>M\u00e5tt sits: 52W x 50D x 46-56H cm<\/li>\n<li>Kabell\u00e4ngd f\u00f6r fj\u00e4rrkontroll: 1,05 m<\/li>\n<li>Effekt: 12W<\/li>\n<li>Max lastkapacitet: 120 kg<\/li>\n<\/ul>\n<h3>Leveransens omfattning:<\/h3>\n<ul>\n<li>1 x massagestol<\/li>\n<li>1 x Fj\u00e4rrkontroll<\/li>\n<li>1 x bruksanvisning<\/li>\n<\/ul>\n","protected":false},"excerpt":{"rendered":"<p>Denna chefsstol erbjuder inte bara en bekv\u00e4m plats att sitta p\u00e5, utan ger ocks\u00e5 den ultimata avkopplingen med massagefunktion och&#8230;<\/p>\n","protected":false},"featured_media":18863,"template":"","meta":[],"product_brand":[],"product_cat":[485,516,515],"product_tag":[],"class_list":{"0":"post-18862","1":"product","2":"type-product","3":"status-publish","4":"has-post-thumbnail","6":"product_cat-hus-bo","7":"product_cat-kontorsstolar","8":"product_cat-stolar","10":"first","11":"instock","12":"sale","13":"taxable","14":"shipping-taxable","15":"purchasable","16":"product-type-simple"},"yoast_head":"<!-- This site is optimized with the Yoast SEO plugin v25.4 - https:\/\/yoast.com\/wordpress\/plugins\/seo\/ -->\n<title>TRUUSK Massagestol med V\u00e4rme - Justerbar H\u00f6jd - Ergonomisk Design - Bl\u00e5 - 68 x 72 x 110-120 cm - TRUUSK - Hem, Tr\u00e4dg\u00e5rd &amp; Fritid<\/title>\n<meta name=\"robots\" content=\"index, follow, max-snippet:-1, max-image-preview:large, max-video-preview:-1\" \/>\n<link rel=\"canonical\" href=\"https:\/\/truusk.store\/sv\/produkt\/truusk-massagestol-med-varme-justerbar-hojd-ergonomisk-design-bla-68-x-72-x-110-120-cm\/\" \/>\n<meta property=\"og:locale\" content=\"sv_SE\" \/>\n<meta property=\"og:type\" content=\"article\" \/>\n<meta property=\"og:title\" content=\"TRUUSK Massagestol med V\u00e4rme - Justerbar H\u00f6jd - Ergonomisk Design - Bl\u00e5 - 68 x 72 x 110-120 cm - TRUUSK - Hem, Tr\u00e4dg\u00e5rd &amp; Fritid\" \/>\n<meta property=\"og:description\" content=\"Denna chefsstol erbjuder inte bara en bekv\u00e4m plats att sitta p\u00e5, utan ger ocks\u00e5 den ultimata avkopplingen med massagefunktion och...\" \/>\n<meta property=\"og:url\" content=\"https:\/\/truusk.store\/sv\/produkt\/truusk-massagestol-med-varme-justerbar-hojd-ergonomisk-design-bla-68-x-72-x-110-120-cm\/\" \/>\n<meta property=\"og:site_name\" content=\"TRUUSK - Hem, Tr\u00e4dg\u00e5rd &amp; Fritid\" \/>\n<meta property=\"article:modified_time\" content=\"2026-03-12T08:01:50+00:00\" \/>\n<meta property=\"og:image\" content=\"https:\/\/i0.wp.com\/truusk.se\/wp-content\/uploads\/2024\/02\/kontorsstol-massagestol-med-varmefunktion-chefsstol-med-massagefunktion-hojdjusterbar-snurrstol-ergonomisk-gamingstol-massage-bla-68-x-72-x-110-120-cm.webp?fit=800%2C800&ssl=1\" \/>\n\t<meta property=\"og:image:width\" content=\"800\" \/>\n\t<meta property=\"og:image:height\" content=\"800\" \/>\n\t<meta property=\"og:image:type\" content=\"image\/webp\" \/>\n<meta name=\"twitter:card\" content=\"summary_large_image\" \/>\n<meta name=\"twitter:label1\" content=\"Ber\u00e4knad l\u00e4stid\" \/>\n\t<meta name=\"twitter:data1\" content=\"1 minut\" \/>\n<!-- \/ Yoast SEO plugin. -->","yoast_head_json":{"title":"TRUUSK Massagestol med V\u00e4rme - Justerbar H\u00f6jd - Ergonomisk Design - Bl\u00e5 - 68 x 72 x 110-120 cm - TRUUSK - Hem, Tr\u00e4dg\u00e5rd &amp; Fritid","robots":{"index":"index","follow":"follow","max-snippet":"max-snippet:-1","max-image-preview":"max-image-preview:large","max-video-preview":"max-video-preview:-1"},"canonical":"https:\/\/truusk.store\/sv\/produkt\/truusk-massagestol-med-varme-justerbar-hojd-ergonomisk-design-bla-68-x-72-x-110-120-cm\/","og_locale":"sv_SE","og_type":"article","og_title":"TRUUSK Massagestol med V\u00e4rme - Justerbar H\u00f6jd - Ergonomisk Design - Bl\u00e5 - 68 x 72 x 110-120 cm - TRUUSK - Hem, Tr\u00e4dg\u00e5rd &amp; Fritid","og_description":"Denna chefsstol erbjuder inte bara en bekv\u00e4m plats att sitta p\u00e5, utan ger ocks\u00e5 den ultimata avkopplingen med massagefunktion och...","og_url":"https:\/\/truusk.store\/sv\/produkt\/truusk-massagestol-med-varme-justerbar-hojd-ergonomisk-design-bla-68-x-72-x-110-120-cm\/","og_site_name":"TRUUSK - Hem, Tr\u00e4dg\u00e5rd &amp; Fritid","article_modified_time":"2026-03-12T08:01:50+00:00","og_image":[{"width":800,"height":800,"url":"https:\/\/i0.wp.com\/truusk.se\/wp-content\/uploads\/2024\/02\/kontorsstol-massagestol-med-varmefunktion-chefsstol-med-massagefunktion-hojdjusterbar-snurrstol-ergonomisk-gamingstol-massage-bla-68-x-72-x-110-120-cm.webp?fit=800%2C800&ssl=1","type":"image\/webp"}],"twitter_card":"summary_large_image","twitter_misc":{"Ber\u00e4knad l\u00e4stid":"1 minut"},"schema":{"@context":"https:\/\/schema.org","@graph":[{"@type":"WebPage","@id":"https:\/\/truusk.store\/sv\/produkt\/truusk-massagestol-med-varme-justerbar-hojd-ergonomisk-design-bla-68-x-72-x-110-120-cm\/","url":"https:\/\/truusk.store\/sv\/produkt\/truusk-massagestol-med-varme-justerbar-hojd-ergonomisk-design-bla-68-x-72-x-110-120-cm\/","name":"TRUUSK Massagestol med V\u00e4rme - Justerbar H\u00f6jd - Ergonomisk Design - Bl\u00e5 - 68 x 72 x 110-120 cm - TRUUSK - Hem, Tr\u00e4dg\u00e5rd &amp; Fritid","isPartOf":{"@id":"https:\/\/truusk.store\/sv\/#website"},"primaryImageOfPage":{"@id":"https:\/\/truusk.store\/sv\/produkt\/truusk-massagestol-med-varme-justerbar-hojd-ergonomisk-design-bla-68-x-72-x-110-120-cm\/#primaryimage"},"image":{"@id":"https:\/\/truusk.store\/sv\/produkt\/truusk-massagestol-med-varme-justerbar-hojd-ergonomisk-design-bla-68-x-72-x-110-120-cm\/#primaryimage"},"thumbnailUrl":"https:\/\/i0.wp.com\/truusk.store\/wp-content\/uploads\/2024\/02\/kontorsstol-massagestol-med-varmefunktion-chefsstol-med-massagefunktion-hojdjusterbar-snurrstol-ergonomisk-gamingstol-massage-bla-68-x-72-x-110-120-cm.webp?fit=800%2C800&ssl=1","datePublished":"2024-02-13T13:34:14+00:00","dateModified":"2026-03-12T08:01:50+00:00","breadcrumb":{"@id":"https:\/\/truusk.store\/sv\/produkt\/truusk-massagestol-med-varme-justerbar-hojd-ergonomisk-design-bla-68-x-72-x-110-120-cm\/#breadcrumb"},"inLanguage":"sv-SE","potentialAction":[{"@type":"ReadAction","target":["https:\/\/truusk.store\/sv\/produkt\/truusk-massagestol-med-varme-justerbar-hojd-ergonomisk-design-bla-68-x-72-x-110-120-cm\/"]}]},{"@type":"ImageObject","inLanguage":"sv-SE","@id":"https:\/\/truusk.store\/sv\/produkt\/truusk-massagestol-med-varme-justerbar-hojd-ergonomisk-design-bla-68-x-72-x-110-120-cm\/#primaryimage","url":"https:\/\/i0.wp.com\/truusk.store\/wp-content\/uploads\/2024\/02\/kontorsstol-massagestol-med-varmefunktion-chefsstol-med-massagefunktion-hojdjusterbar-snurrstol-ergonomisk-gamingstol-massage-bla-68-x-72-x-110-120-cm.webp?fit=800%2C800&ssl=1","contentUrl":"https:\/\/i0.wp.com\/truusk.store\/wp-content\/uploads\/2024\/02\/kontorsstol-massagestol-med-varmefunktion-chefsstol-med-massagefunktion-hojdjusterbar-snurrstol-ergonomisk-gamingstol-massage-bla-68-x-72-x-110-120-cm.webp?fit=800%2C800&ssl=1","width":800,"height":800,"caption":"Kontorsstol Massagestol Med V\u00e4rmefunktion Chefsstol Med Massagefunktion H\u00f6jdjusterbar Snurrstol Ergonomisk Gamingstol Massage Bl\u00e5 68 X 72 X 110-120 Cm 1"},{"@type":"BreadcrumbList","@id":"https:\/\/truusk.store\/sv\/produkt\/truusk-massagestol-med-varme-justerbar-hojd-ergonomisk-design-bla-68-x-72-x-110-120-cm\/#breadcrumb","itemListElement":[{"@type":"ListItem","position":1,"name":"Home","item":"https:\/\/truusk.store\/sv\/"},{"@type":"ListItem","position":2,"name":"Shop","item":"https:\/\/truusk.store\/shop\/"},{"@type":"ListItem","position":3,"name":"TRUUSK Massagestol med V\u00e4rme &#8211; Justerbar H\u00f6jd &#8211; Ergonomisk Design &#8211; Bl\u00e5 &#8211; 68 x 72 x 110-120 cm"}]},{"@type":"WebSite","@id":"https:\/\/truusk.store\/sv\/#website","url":"https:\/\/truusk.store\/sv\/","name":"TRUUSK - Hem, Tr\u00e4dg\u00e5rd & Fritid","description":"","publisher":{"@id":"https:\/\/truusk.store\/sv\/#organization"},"potentialAction":[{"@type":"SearchAction","target":{"@type":"EntryPoint","urlTemplate":"https:\/\/truusk.store\/sv\/?s={search_term_string}"},"query-input":{"@type":"PropertyValueSpecification","valueRequired":true,"valueName":"search_term_string"}}],"inLanguage":"sv-SE"},{"@type":"Organization","@id":"https:\/\/truusk.store\/sv\/#organization","name":"TRUUSK - Hem, Tr\u00e4dg\u00e5rd & Fritid","url":"https:\/\/truusk.store\/sv\/","logo":{"@type":"ImageObject","inLanguage":"sv-SE","@id":"https:\/\/truusk.store\/sv\/#\/schema\/logo\/image\/","url":"https:\/\/i0.wp.com\/truusk.store\/wp-content\/uploads\/2026\/03\/cropped-TRUUSK.png?fit=2032%2C917&ssl=1","contentUrl":"https:\/\/i0.wp.com\/truusk.store\/wp-content\/uploads\/2026\/03\/cropped-TRUUSK.png?fit=2032%2C917&ssl=1","width":2032,"height":917,"caption":"TRUUSK - Hem, Tr\u00e4dg\u00e5rd & Fritid"},"image":{"@id":"https:\/\/truusk.store\/sv\/#\/schema\/logo\/image\/"}}]}},"jetpack_sharing_enabled":true,"_links":{"self":[{"href":"https:\/\/truusk.store\/sv\/wp-json\/wp\/v2\/product\/18862","targetHints":{"allow":["GET"]}}],"collection":[{"href":"https:\/\/truusk.store\/sv\/wp-json\/wp\/v2\/product"}],"about":[{"href":"https:\/\/truusk.store\/sv\/wp-json\/wp\/v2\/types\/product"}],"wp:featuredmedia":[{"embeddable":true,"href":"https:\/\/truusk.store\/sv\/wp-json\/wp\/v2\/media\/18863"}],"wp:attachment":[{"href":"https:\/\/truusk.store\/sv\/wp-json\/wp\/v2\/media?parent=18862"}],"wp:term":[{"taxonomy":"product_brand","embeddable":true,"href":"https:\/\/truusk.store\/sv\/wp-json\/wp\/v2\/product_brand?post=18862"},{"taxonomy":"product_cat","embeddable":true,"href":"https:\/\/truusk.store\/sv\/wp-json\/wp\/v2\/product_cat?post=18862"},{"taxonomy":"product_tag","embeddable":true,"href":"https:\/\/truusk.store\/sv\/wp-json\/wp\/v2\/product_tag?post=18862"}],"curies":[{"name":"wp","href":"https:\/\/api.w.org\/{rel}","templated":true}]}}