{"id":18873,"date":"2024-02-13T14:34:33","date_gmt":"2024-02-13T13:34:33","guid":{"rendered":"https:\/\/truusk.store\/product\/upphojd-hundskal-matskal-skal-i-rostfritt-stal-matskal-for-husdjur-mdf-vit-23-x-12-x-10\/"},"modified":"2026-03-12T09:01:50","modified_gmt":"2026-03-12T08:01:50","slug":"truusk-upphojd-hundskal-i-rostfritt-stal-matskal-for-husdjur-vit-mdf-23-x-12-x-10","status":"publish","type":"product","link":"https:\/\/truusk.store\/sv\/produkt\/truusk-upphojd-hundskal-i-rostfritt-stal-matskal-for-husdjur-vit-mdf-23-x-12-x-10\/","title":{"rendered":"TRUUSK Upph\u00f6jd Hundsk\u00e5l i Rostfritt St\u00e5l &#8211; Matsk\u00e5l f\u00f6r Husdjur &#8211; Vit &#8211; MDF &#8211; 23&#8243; x 12&#8243; x 10&#8243;"},"content":{"rendered":"<p>G\u00f6r m\u00e5ltiderna enklare f\u00f6r dina husdjur med v\u00e5r matsk\u00e5l. Med en MDF-bas konstruerad f\u00f6r m\u00e5nga \u00e5rs anv\u00e4ndning, har den tv\u00e5 runda brickor i rostfritt st\u00e5l. B\u00e5da sk\u00e5larna \u00e4r robusta, h\u00e5llbara och l\u00e4ttsk\u00f6tta. De \u00e4r hygieniska och s\u00e4kra f\u00f6r dina husdjur. Det upph\u00f6jda golvet hj\u00e4lper till att g\u00f6ra \u00e4tandet renare och l\u00e4ttare f\u00f6r dina husdjur. Matsk\u00e5lar \u00e4r ett m\u00e5ste f\u00f6r varje hush\u00e5ll med hundar, katter etc.<\/p>\n<h3>Beskrivning:<\/h3>\n<ul>\n<li>Sk\u00e5lar i rostfritt st\u00e5l, hygieniska, rosts\u00e4kra och t\u00e5l maskindisk<\/li>\n<li>Upph\u00f6jda hundtassar med halkfria f\u00f6tter ger stabilitet och f\u00f6rhindrar halka och skyddar \u00e4ven dina golv<\/li>\n<li>Dubbel sk\u00e5ldesign g\u00f6r det l\u00e4tt att komma \u00e5t mat och vatten<\/li>\n<li>Torka helt enkelt av ytan f\u00f6r att h\u00e5lla den ren<\/li>\n<li>F\u00f6r extra sm\u00e5 och medelstora hundar med en axelh\u00f6jd p\u00e5 mer \u00e4n 30 cm<\/li>\n<\/ul>\n<h3>Teknisk data:<\/h3>\n<ul>\n<li>F\u00e4rg vit<\/li>\n<li>Material: rostfritt st\u00e5l, MDF<\/li>\n<li>\u00d6vergripande m\u00e5tt: 58,4L x 30,5W x 25,4H cm<\/li>\n<li>Storlek per sk\u00e5l: 23,7 x 7,4H cm<\/li>\n<li>Ensk\u00e5lskapacitet: ca 2 L<\/li>\n<\/ul>\n<h3>Leveransens omfattning:<\/h3>\n<ul>\n<li>1 x Matsk\u00e5l<\/li>\n<li>1 x Monteringsanvisning<\/li>\n<\/ul>\n","protected":false},"excerpt":{"rendered":"<p>G\u00f6r m\u00e5ltiderna enklare f\u00f6r dina husdjur med v\u00e5r matsk\u00e5l. Med en MDF-bas konstruerad f\u00f6r m\u00e5nga \u00e5rs anv\u00e4ndning, har den tv\u00e5&#8230;<\/p>\n","protected":false},"featured_media":18874,"template":"","meta":[],"product_brand":[],"product_cat":[574,573,580],"product_tag":[],"class_list":{"0":"post-18873","1":"product","2":"type-product","3":"status-publish","4":"has-post-thumbnail","6":"product_cat-hundtillbehor","7":"product_cat-husdjursmaterial","8":"product_cat-matskalar","10":"first","11":"instock","12":"sale","13":"taxable","14":"shipping-taxable","15":"purchasable","16":"product-type-simple"},"yoast_head":"<!-- This site is optimized with the Yoast SEO plugin v25.4 - https:\/\/yoast.com\/wordpress\/plugins\/seo\/ -->\n<title>TRUUSK Upph\u00f6jd Hundsk\u00e5l i Rostfritt St\u00e5l - Matsk\u00e5l f\u00f6r Husdjur - Vit - MDF - 23&quot; x 12&quot; x 10&quot; - TRUUSK - Hem, Tr\u00e4dg\u00e5rd &amp; Fritid<\/title>\n<meta name=\"robots\" content=\"index, follow, max-snippet:-1, max-image-preview:large, max-video-preview:-1\" \/>\n<link rel=\"canonical\" href=\"https:\/\/truusk.store\/sv\/produkt\/truusk-upphojd-hundskal-i-rostfritt-stal-matskal-for-husdjur-vit-mdf-23-x-12-x-10\/\" \/>\n<meta property=\"og:locale\" content=\"sv_SE\" \/>\n<meta property=\"og:type\" content=\"article\" \/>\n<meta property=\"og:title\" content=\"TRUUSK Upph\u00f6jd Hundsk\u00e5l i Rostfritt St\u00e5l - Matsk\u00e5l f\u00f6r Husdjur - Vit - MDF - 23&quot; x 12&quot; x 10&quot; - TRUUSK - Hem, Tr\u00e4dg\u00e5rd &amp; Fritid\" \/>\n<meta property=\"og:description\" content=\"G\u00f6r m\u00e5ltiderna enklare f\u00f6r dina husdjur med v\u00e5r matsk\u00e5l. Med en MDF-bas konstruerad f\u00f6r m\u00e5nga \u00e5rs anv\u00e4ndning, har den tv\u00e5...\" \/>\n<meta property=\"og:url\" content=\"https:\/\/truusk.store\/sv\/produkt\/truusk-upphojd-hundskal-i-rostfritt-stal-matskal-for-husdjur-vit-mdf-23-x-12-x-10\/\" \/>\n<meta property=\"og:site_name\" content=\"TRUUSK - Hem, Tr\u00e4dg\u00e5rd &amp; Fritid\" \/>\n<meta property=\"article:modified_time\" content=\"2026-03-12T08:01:50+00:00\" \/>\n<meta property=\"og:image\" content=\"https:\/\/i0.wp.com\/truusk.se\/wp-content\/uploads\/2024\/02\/upphojd-hundskal-matskal-skal-i-rostfritt-stal-matskal-for-husdjur-mdf-vit-23-x-12-x-10.webp?fit=800%2C800&ssl=1\" \/>\n\t<meta property=\"og:image:width\" content=\"800\" \/>\n\t<meta property=\"og:image:height\" content=\"800\" \/>\n\t<meta property=\"og:image:type\" content=\"image\/webp\" \/>\n<meta name=\"twitter:card\" content=\"summary_large_image\" \/>\n<meta name=\"twitter:label1\" content=\"Ber\u00e4knad l\u00e4stid\" \/>\n\t<meta name=\"twitter:data1\" content=\"1 minut\" \/>\n<!-- \/ Yoast SEO plugin. -->","yoast_head_json":{"title":"TRUUSK Upph\u00f6jd Hundsk\u00e5l i Rostfritt St\u00e5l - Matsk\u00e5l f\u00f6r Husdjur - Vit - MDF - 23\" x 12\" x 10\" - TRUUSK - Hem, Tr\u00e4dg\u00e5rd &amp; Fritid","robots":{"index":"index","follow":"follow","max-snippet":"max-snippet:-1","max-image-preview":"max-image-preview:large","max-video-preview":"max-video-preview:-1"},"canonical":"https:\/\/truusk.store\/sv\/produkt\/truusk-upphojd-hundskal-i-rostfritt-stal-matskal-for-husdjur-vit-mdf-23-x-12-x-10\/","og_locale":"sv_SE","og_type":"article","og_title":"TRUUSK Upph\u00f6jd Hundsk\u00e5l i Rostfritt St\u00e5l - Matsk\u00e5l f\u00f6r Husdjur - Vit - MDF - 23\" x 12\" x 10\" - TRUUSK - Hem, Tr\u00e4dg\u00e5rd &amp; Fritid","og_description":"G\u00f6r m\u00e5ltiderna enklare f\u00f6r dina husdjur med v\u00e5r matsk\u00e5l. Med en MDF-bas konstruerad f\u00f6r m\u00e5nga \u00e5rs anv\u00e4ndning, har den tv\u00e5...","og_url":"https:\/\/truusk.store\/sv\/produkt\/truusk-upphojd-hundskal-i-rostfritt-stal-matskal-for-husdjur-vit-mdf-23-x-12-x-10\/","og_site_name":"TRUUSK - Hem, Tr\u00e4dg\u00e5rd &amp; Fritid","article_modified_time":"2026-03-12T08:01:50+00:00","og_image":[{"width":800,"height":800,"url":"https:\/\/i0.wp.com\/truusk.se\/wp-content\/uploads\/2024\/02\/upphojd-hundskal-matskal-skal-i-rostfritt-stal-matskal-for-husdjur-mdf-vit-23-x-12-x-10.webp?fit=800%2C800&ssl=1","type":"image\/webp"}],"twitter_card":"summary_large_image","twitter_misc":{"Ber\u00e4knad l\u00e4stid":"1 minut"},"schema":{"@context":"https:\/\/schema.org","@graph":[{"@type":"WebPage","@id":"https:\/\/truusk.store\/sv\/produkt\/truusk-upphojd-hundskal-i-rostfritt-stal-matskal-for-husdjur-vit-mdf-23-x-12-x-10\/","url":"https:\/\/truusk.store\/sv\/produkt\/truusk-upphojd-hundskal-i-rostfritt-stal-matskal-for-husdjur-vit-mdf-23-x-12-x-10\/","name":"TRUUSK Upph\u00f6jd Hundsk\u00e5l i Rostfritt St\u00e5l - Matsk\u00e5l f\u00f6r Husdjur - Vit - MDF - 23\" x 12\" x 10\" - TRUUSK - Hem, Tr\u00e4dg\u00e5rd &amp; Fritid","isPartOf":{"@id":"https:\/\/truusk.store\/sv\/#website"},"primaryImageOfPage":{"@id":"https:\/\/truusk.store\/sv\/produkt\/truusk-upphojd-hundskal-i-rostfritt-stal-matskal-for-husdjur-vit-mdf-23-x-12-x-10\/#primaryimage"},"image":{"@id":"https:\/\/truusk.store\/sv\/produkt\/truusk-upphojd-hundskal-i-rostfritt-stal-matskal-for-husdjur-vit-mdf-23-x-12-x-10\/#primaryimage"},"thumbnailUrl":"https:\/\/i0.wp.com\/truusk.store\/wp-content\/uploads\/2024\/02\/upphojd-hundskal-matskal-skal-i-rostfritt-stal-matskal-for-husdjur-mdf-vit-23-x-12-x-10.webp?fit=800%2C800&ssl=1","datePublished":"2024-02-13T13:34:33+00:00","dateModified":"2026-03-12T08:01:50+00:00","breadcrumb":{"@id":"https:\/\/truusk.store\/sv\/produkt\/truusk-upphojd-hundskal-i-rostfritt-stal-matskal-for-husdjur-vit-mdf-23-x-12-x-10\/#breadcrumb"},"inLanguage":"sv-SE","potentialAction":[{"@type":"ReadAction","target":["https:\/\/truusk.store\/sv\/produkt\/truusk-upphojd-hundskal-i-rostfritt-stal-matskal-for-husdjur-vit-mdf-23-x-12-x-10\/"]}]},{"@type":"ImageObject","inLanguage":"sv-SE","@id":"https:\/\/truusk.store\/sv\/produkt\/truusk-upphojd-hundskal-i-rostfritt-stal-matskal-for-husdjur-vit-mdf-23-x-12-x-10\/#primaryimage","url":"https:\/\/i0.wp.com\/truusk.store\/wp-content\/uploads\/2024\/02\/upphojd-hundskal-matskal-skal-i-rostfritt-stal-matskal-for-husdjur-mdf-vit-23-x-12-x-10.webp?fit=800%2C800&ssl=1","contentUrl":"https:\/\/i0.wp.com\/truusk.store\/wp-content\/uploads\/2024\/02\/upphojd-hundskal-matskal-skal-i-rostfritt-stal-matskal-for-husdjur-mdf-vit-23-x-12-x-10.webp?fit=800%2C800&ssl=1","width":800,"height":800,"caption":"Upph\u00f6jd Hundsk\u00e5l, Matsk\u00e5l, Sk\u00e5l I Rostfritt St\u00e5l, Matsk\u00e5l F\u00f6r Husdjur, MDF, Vit, 23\" X 12\" X 10\" 1"},{"@type":"BreadcrumbList","@id":"https:\/\/truusk.store\/sv\/produkt\/truusk-upphojd-hundskal-i-rostfritt-stal-matskal-for-husdjur-vit-mdf-23-x-12-x-10\/#breadcrumb","itemListElement":[{"@type":"ListItem","position":1,"name":"Home","item":"https:\/\/truusk.store\/sv\/"},{"@type":"ListItem","position":2,"name":"Shop","item":"https:\/\/truusk.store\/shop\/"},{"@type":"ListItem","position":3,"name":"TRUUSK Upph\u00f6jd Hundsk\u00e5l i Rostfritt St\u00e5l &#8211; Matsk\u00e5l f\u00f6r Husdjur &#8211; Vit &#8211; MDF &#8211; 23&#8243; x 12&#8243; x 10&#8243;"}]},{"@type":"WebSite","@id":"https:\/\/truusk.store\/sv\/#website","url":"https:\/\/truusk.store\/sv\/","name":"TRUUSK - Hem, Tr\u00e4dg\u00e5rd & Fritid","description":"","publisher":{"@id":"https:\/\/truusk.store\/sv\/#organization"},"potentialAction":[{"@type":"SearchAction","target":{"@type":"EntryPoint","urlTemplate":"https:\/\/truusk.store\/sv\/?s={search_term_string}"},"query-input":{"@type":"PropertyValueSpecification","valueRequired":true,"valueName":"search_term_string"}}],"inLanguage":"sv-SE"},{"@type":"Organization","@id":"https:\/\/truusk.store\/sv\/#organization","name":"TRUUSK - Hem, Tr\u00e4dg\u00e5rd & Fritid","url":"https:\/\/truusk.store\/sv\/","logo":{"@type":"ImageObject","inLanguage":"sv-SE","@id":"https:\/\/truusk.store\/sv\/#\/schema\/logo\/image\/","url":"https:\/\/i0.wp.com\/truusk.store\/wp-content\/uploads\/2026\/03\/cropped-TRUUSK.png?fit=2032%2C917&ssl=1","contentUrl":"https:\/\/i0.wp.com\/truusk.store\/wp-content\/uploads\/2026\/03\/cropped-TRUUSK.png?fit=2032%2C917&ssl=1","width":2032,"height":917,"caption":"TRUUSK - Hem, Tr\u00e4dg\u00e5rd & Fritid"},"image":{"@id":"https:\/\/truusk.store\/sv\/#\/schema\/logo\/image\/"}}]}},"jetpack_sharing_enabled":true,"_links":{"self":[{"href":"https:\/\/truusk.store\/sv\/wp-json\/wp\/v2\/product\/18873","targetHints":{"allow":["GET"]}}],"collection":[{"href":"https:\/\/truusk.store\/sv\/wp-json\/wp\/v2\/product"}],"about":[{"href":"https:\/\/truusk.store\/sv\/wp-json\/wp\/v2\/types\/product"}],"wp:featuredmedia":[{"embeddable":true,"href":"https:\/\/truusk.store\/sv\/wp-json\/wp\/v2\/media\/18874"}],"wp:attachment":[{"href":"https:\/\/truusk.store\/sv\/wp-json\/wp\/v2\/media?parent=18873"}],"wp:term":[{"taxonomy":"product_brand","embeddable":true,"href":"https:\/\/truusk.store\/sv\/wp-json\/wp\/v2\/product_brand?post=18873"},{"taxonomy":"product_cat","embeddable":true,"href":"https:\/\/truusk.store\/sv\/wp-json\/wp\/v2\/product_cat?post=18873"},{"taxonomy":"product_tag","embeddable":true,"href":"https:\/\/truusk.store\/sv\/wp-json\/wp\/v2\/product_tag?post=18873"}],"curies":[{"name":"wp","href":"https:\/\/api.w.org\/{rel}","templated":true}]}}