{"id":18883,"date":"2024-02-13T14:34:50","date_gmt":"2024-02-13T13:34:50","guid":{"rendered":"https:\/\/truusk.store\/product\/enkel-baddsoffa-baddsoffa-hopfallbar-soffa-justerbart-ryggstod-solstol-nordic-scandinavian-25d-skumhus-imitation-linne-gran-tra-gra-94-x-78-x-80-cm\/"},"modified":"2026-03-12T09:01:50","modified_gmt":"2026-03-12T08:01:50","slug":"truusk-enkel-baddsoffa-hopfallbar-justerbart-ryggstod-nordic-scandinavian-design-25d-skumhus-imitation-linne-gra-94","status":"publish","type":"product","link":"https:\/\/truusk.store\/sv\/produkt\/truusk-enkel-baddsoffa-hopfallbar-justerbart-ryggstod-nordic-scandinavian-design-25d-skumhus-imitation-linne-gra-94\/","title":{"rendered":"TRUUSK Enkel B\u00e4ddsoffa &#8211; Hopf\u00e4llbar &#8211; Justerbart Ryggst\u00f6d &#8211; Nordic Scandinavian Design &#8211; 25D Skumhus &#8211; Imitation Linne &#8211; Gr\u00e5 &#8211; 94"},"content":{"rendered":"<p>V\u00e5r b\u00e4ddsoffa s\u00e4kerst\u00e4ller att du kan f\u00e5 den loungedel du f\u00f6rtj\u00e4nar, plus ett andra sovrum f\u00f6r en \u00f6vernattande g\u00e4st. Denna fantastiska b\u00e4ddsoffa har ett mjukt tyg f\u00f6r enkel sk\u00f6tsel och mjuk stoppning f\u00f6r exceptionell sittkomfort.<\/p>\n<h3>Beskrivning:<\/h3>\n<ul>\n<li>Den skandinaviska stilen sm\u00e4lter v\u00e4l samman med en m\u00e4ngd stilfulla heminredningar<\/li>\n<li>Det justerbara ryggst\u00f6det kan l\u00e5sas i 3 fasta l\u00e4gen: rakt, liggande l\u00e4ge och s\u00e4ng, perfekt f\u00f6r att titta p\u00e5 TV eller ta en tupplur<\/li>\n<li>Denna m\u00e5ngsidiga b\u00e4ddsoffa f\u00f6rvandlas snabbt till en f\u00e5t\u00f6lj eller en enkels\u00e4ng f\u00f6r improviserade \u00f6vernattningar<\/li>\n<li>Extra bred sits<\/li>\n<li>Den mjukt vadderade sitsen och extra kudden garanterar exceptionell komfort och avkoppling<\/li>\n<li>Linne-taktilt polyestertyg s\u00e4kerst\u00e4ller enkel sk\u00f6tsel och komfort, medan grantr\u00e4ben s\u00e4kerst\u00e4ller stabilitet och h\u00e5llbarhet<\/li>\n<li>Montering kr\u00e4vs<\/li>\n<\/ul>\n<h3>Teknisk data:<\/h3>\n<ul>\n<li>F\u00e4rg gr\u00e5<\/li>\n<li>Material: linneimitation, gummitr\u00e4<\/li>\n<li>\u00d6vergripande m\u00e5tt: 94W x 78D x 80H cm (soffa), 94W x 190D x 27H cm (s\u00e4ng)<\/li>\n<li>Sitsm\u00e5tt: 94W x 62D x 42H cm<\/li>\n<li>Ryggst\u00f6dsm\u00e5tt: 44L x 94W x 12D cm<\/li>\n<li>Lastkapacitet: 350 kg<\/li>\n<\/ul>\n<h3>Leveransens omfattning:<\/h3>\n<ul>\n<li>1 x Enkel b\u00e4ddsoffa<\/li>\n<li>1 x Instruktioner<\/li>\n<li>VIKTIGT: Vi levererar varan till trottoarkanten utan kostnad. Se till att du anger r\u00e4tt adress och telefonnummer.<\/li>\n<\/ul>\n","protected":false},"excerpt":{"rendered":"<p>V\u00e5r b\u00e4ddsoffa s\u00e4kerst\u00e4ller att du kan f\u00e5 den loungedel du f\u00f6rtj\u00e4nar, plus ett andra sovrum f\u00f6r en \u00f6vernattande g\u00e4st. Denna&#8230;<\/p>\n","protected":false},"featured_media":18884,"template":"","meta":[],"product_brand":[],"product_cat":[521,485,525],"product_tag":[],"class_list":{"0":"post-18883","1":"product","2":"type-product","3":"status-publish","4":"has-post-thumbnail","6":"product_cat-fatolj","7":"product_cat-hus-bo","8":"product_cat-sovstol","10":"first","11":"instock","12":"sale","13":"taxable","14":"shipping-taxable","15":"purchasable","16":"product-type-simple"},"yoast_head":"<!-- This site is optimized with the Yoast SEO plugin v25.4 - https:\/\/yoast.com\/wordpress\/plugins\/seo\/ -->\n<title>TRUUSK Enkel B\u00e4ddsoffa - Hopf\u00e4llbar - Justerbart Ryggst\u00f6d - Nordic Scandinavian Design - 25D Skumhus - Imitation Linne - Gr\u00e5 - 94 - TRUUSK - Hem, Tr\u00e4dg\u00e5rd &amp; Fritid<\/title>\n<meta name=\"robots\" content=\"index, follow, max-snippet:-1, max-image-preview:large, max-video-preview:-1\" \/>\n<link rel=\"canonical\" href=\"https:\/\/truusk.store\/sv\/produkt\/truusk-enkel-baddsoffa-hopfallbar-justerbart-ryggstod-nordic-scandinavian-design-25d-skumhus-imitation-linne-gra-94\/\" \/>\n<meta property=\"og:locale\" content=\"sv_SE\" \/>\n<meta property=\"og:type\" content=\"article\" \/>\n<meta property=\"og:title\" content=\"TRUUSK Enkel B\u00e4ddsoffa - Hopf\u00e4llbar - Justerbart Ryggst\u00f6d - Nordic Scandinavian Design - 25D Skumhus - Imitation Linne - Gr\u00e5 - 94 - TRUUSK - Hem, Tr\u00e4dg\u00e5rd &amp; Fritid\" \/>\n<meta property=\"og:description\" content=\"V\u00e5r b\u00e4ddsoffa s\u00e4kerst\u00e4ller att du kan f\u00e5 den loungedel du f\u00f6rtj\u00e4nar, plus ett andra sovrum f\u00f6r en \u00f6vernattande g\u00e4st. Denna...\" \/>\n<meta property=\"og:url\" content=\"https:\/\/truusk.store\/sv\/produkt\/truusk-enkel-baddsoffa-hopfallbar-justerbart-ryggstod-nordic-scandinavian-design-25d-skumhus-imitation-linne-gra-94\/\" \/>\n<meta property=\"og:site_name\" content=\"TRUUSK - Hem, Tr\u00e4dg\u00e5rd &amp; Fritid\" \/>\n<meta property=\"article:modified_time\" content=\"2026-03-12T08:01:50+00:00\" \/>\n<meta property=\"og:image\" content=\"https:\/\/i0.wp.com\/truusk.se\/wp-content\/uploads\/2024\/02\/enkel-baddsoffa-baddsoffa-hopfallbar-soffa-justerbart-ryggstod-solstol-nordic-scandinavian-25d-skumhus-imitation-linne-gran-tra-gra-94-x-78-x-80-cm.webp?fit=800%2C800&ssl=1\" \/>\n\t<meta property=\"og:image:width\" content=\"800\" \/>\n\t<meta property=\"og:image:height\" content=\"800\" \/>\n\t<meta property=\"og:image:type\" content=\"image\/webp\" \/>\n<meta name=\"twitter:card\" content=\"summary_large_image\" \/>\n<meta name=\"twitter:label1\" content=\"Ber\u00e4knad l\u00e4stid\" \/>\n\t<meta name=\"twitter:data1\" content=\"1 minut\" \/>\n<!-- \/ Yoast SEO plugin. -->","yoast_head_json":{"title":"TRUUSK Enkel B\u00e4ddsoffa - Hopf\u00e4llbar - Justerbart Ryggst\u00f6d - Nordic Scandinavian Design - 25D Skumhus - Imitation Linne - Gr\u00e5 - 94 - TRUUSK - Hem, Tr\u00e4dg\u00e5rd &amp; Fritid","robots":{"index":"index","follow":"follow","max-snippet":"max-snippet:-1","max-image-preview":"max-image-preview:large","max-video-preview":"max-video-preview:-1"},"canonical":"https:\/\/truusk.store\/sv\/produkt\/truusk-enkel-baddsoffa-hopfallbar-justerbart-ryggstod-nordic-scandinavian-design-25d-skumhus-imitation-linne-gra-94\/","og_locale":"sv_SE","og_type":"article","og_title":"TRUUSK Enkel B\u00e4ddsoffa - Hopf\u00e4llbar - Justerbart Ryggst\u00f6d - Nordic Scandinavian Design - 25D Skumhus - Imitation Linne - Gr\u00e5 - 94 - TRUUSK - Hem, Tr\u00e4dg\u00e5rd &amp; Fritid","og_description":"V\u00e5r b\u00e4ddsoffa s\u00e4kerst\u00e4ller att du kan f\u00e5 den loungedel du f\u00f6rtj\u00e4nar, plus ett andra sovrum f\u00f6r en \u00f6vernattande g\u00e4st. Denna...","og_url":"https:\/\/truusk.store\/sv\/produkt\/truusk-enkel-baddsoffa-hopfallbar-justerbart-ryggstod-nordic-scandinavian-design-25d-skumhus-imitation-linne-gra-94\/","og_site_name":"TRUUSK - Hem, Tr\u00e4dg\u00e5rd &amp; Fritid","article_modified_time":"2026-03-12T08:01:50+00:00","og_image":[{"width":800,"height":800,"url":"https:\/\/i0.wp.com\/truusk.se\/wp-content\/uploads\/2024\/02\/enkel-baddsoffa-baddsoffa-hopfallbar-soffa-justerbart-ryggstod-solstol-nordic-scandinavian-25d-skumhus-imitation-linne-gran-tra-gra-94-x-78-x-80-cm.webp?fit=800%2C800&ssl=1","type":"image\/webp"}],"twitter_card":"summary_large_image","twitter_misc":{"Ber\u00e4knad l\u00e4stid":"1 minut"},"schema":{"@context":"https:\/\/schema.org","@graph":[{"@type":"WebPage","@id":"https:\/\/truusk.store\/sv\/produkt\/truusk-enkel-baddsoffa-hopfallbar-justerbart-ryggstod-nordic-scandinavian-design-25d-skumhus-imitation-linne-gra-94\/","url":"https:\/\/truusk.store\/sv\/produkt\/truusk-enkel-baddsoffa-hopfallbar-justerbart-ryggstod-nordic-scandinavian-design-25d-skumhus-imitation-linne-gra-94\/","name":"TRUUSK Enkel B\u00e4ddsoffa - Hopf\u00e4llbar - Justerbart Ryggst\u00f6d - Nordic Scandinavian Design - 25D Skumhus - Imitation Linne - Gr\u00e5 - 94 - TRUUSK - Hem, Tr\u00e4dg\u00e5rd &amp; Fritid","isPartOf":{"@id":"https:\/\/truusk.store\/sv\/#website"},"primaryImageOfPage":{"@id":"https:\/\/truusk.store\/sv\/produkt\/truusk-enkel-baddsoffa-hopfallbar-justerbart-ryggstod-nordic-scandinavian-design-25d-skumhus-imitation-linne-gra-94\/#primaryimage"},"image":{"@id":"https:\/\/truusk.store\/sv\/produkt\/truusk-enkel-baddsoffa-hopfallbar-justerbart-ryggstod-nordic-scandinavian-design-25d-skumhus-imitation-linne-gra-94\/#primaryimage"},"thumbnailUrl":"https:\/\/i0.wp.com\/truusk.store\/wp-content\/uploads\/2024\/02\/enkel-baddsoffa-baddsoffa-hopfallbar-soffa-justerbart-ryggstod-solstol-nordic-scandinavian-25d-skumhus-imitation-linne-gran-tra-gra-94-x-78-x-80-cm.webp?fit=800%2C800&ssl=1","datePublished":"2024-02-13T13:34:50+00:00","dateModified":"2026-03-12T08:01:50+00:00","breadcrumb":{"@id":"https:\/\/truusk.store\/sv\/produkt\/truusk-enkel-baddsoffa-hopfallbar-justerbart-ryggstod-nordic-scandinavian-design-25d-skumhus-imitation-linne-gra-94\/#breadcrumb"},"inLanguage":"sv-SE","potentialAction":[{"@type":"ReadAction","target":["https:\/\/truusk.store\/sv\/produkt\/truusk-enkel-baddsoffa-hopfallbar-justerbart-ryggstod-nordic-scandinavian-design-25d-skumhus-imitation-linne-gra-94\/"]}]},{"@type":"ImageObject","inLanguage":"sv-SE","@id":"https:\/\/truusk.store\/sv\/produkt\/truusk-enkel-baddsoffa-hopfallbar-justerbart-ryggstod-nordic-scandinavian-design-25d-skumhus-imitation-linne-gra-94\/#primaryimage","url":"https:\/\/i0.wp.com\/truusk.store\/wp-content\/uploads\/2024\/02\/enkel-baddsoffa-baddsoffa-hopfallbar-soffa-justerbart-ryggstod-solstol-nordic-scandinavian-25d-skumhus-imitation-linne-gran-tra-gra-94-x-78-x-80-cm.webp?fit=800%2C800&ssl=1","contentUrl":"https:\/\/i0.wp.com\/truusk.store\/wp-content\/uploads\/2024\/02\/enkel-baddsoffa-baddsoffa-hopfallbar-soffa-justerbart-ryggstod-solstol-nordic-scandinavian-25d-skumhus-imitation-linne-gran-tra-gra-94-x-78-x-80-cm.webp?fit=800%2C800&ssl=1","width":800,"height":800,"caption":"Enkel B\u00e4ddsoffa B\u00e4ddsoffa Hopf\u00e4llbar Soffa Justerbart Ryggst\u00f6d Solstol Nordic Scandinavian 25D Skumhus Imitation Linne Gran Tr\u00e4 Gr\u00e5 94 X 78 X 80 Cm 1"},{"@type":"BreadcrumbList","@id":"https:\/\/truusk.store\/sv\/produkt\/truusk-enkel-baddsoffa-hopfallbar-justerbart-ryggstod-nordic-scandinavian-design-25d-skumhus-imitation-linne-gra-94\/#breadcrumb","itemListElement":[{"@type":"ListItem","position":1,"name":"Home","item":"https:\/\/truusk.store\/sv\/"},{"@type":"ListItem","position":2,"name":"Shop","item":"https:\/\/truusk.store\/shop\/"},{"@type":"ListItem","position":3,"name":"TRUUSK Enkel B\u00e4ddsoffa &#8211; Hopf\u00e4llbar &#8211; Justerbart Ryggst\u00f6d &#8211; Nordic Scandinavian Design &#8211; 25D Skumhus &#8211; Imitation Linne &#8211; Gr\u00e5 &#8211; 94"}]},{"@type":"WebSite","@id":"https:\/\/truusk.store\/sv\/#website","url":"https:\/\/truusk.store\/sv\/","name":"TRUUSK - Hem, Tr\u00e4dg\u00e5rd & Fritid","description":"","publisher":{"@id":"https:\/\/truusk.store\/sv\/#organization"},"potentialAction":[{"@type":"SearchAction","target":{"@type":"EntryPoint","urlTemplate":"https:\/\/truusk.store\/sv\/?s={search_term_string}"},"query-input":{"@type":"PropertyValueSpecification","valueRequired":true,"valueName":"search_term_string"}}],"inLanguage":"sv-SE"},{"@type":"Organization","@id":"https:\/\/truusk.store\/sv\/#organization","name":"TRUUSK - Hem, Tr\u00e4dg\u00e5rd & Fritid","url":"https:\/\/truusk.store\/sv\/","logo":{"@type":"ImageObject","inLanguage":"sv-SE","@id":"https:\/\/truusk.store\/sv\/#\/schema\/logo\/image\/","url":"https:\/\/i0.wp.com\/truusk.store\/wp-content\/uploads\/2026\/03\/cropped-TRUUSK.png?fit=2032%2C917&ssl=1","contentUrl":"https:\/\/i0.wp.com\/truusk.store\/wp-content\/uploads\/2026\/03\/cropped-TRUUSK.png?fit=2032%2C917&ssl=1","width":2032,"height":917,"caption":"TRUUSK - Hem, Tr\u00e4dg\u00e5rd & Fritid"},"image":{"@id":"https:\/\/truusk.store\/sv\/#\/schema\/logo\/image\/"}}]}},"jetpack_sharing_enabled":true,"_links":{"self":[{"href":"https:\/\/truusk.store\/sv\/wp-json\/wp\/v2\/product\/18883","targetHints":{"allow":["GET"]}}],"collection":[{"href":"https:\/\/truusk.store\/sv\/wp-json\/wp\/v2\/product"}],"about":[{"href":"https:\/\/truusk.store\/sv\/wp-json\/wp\/v2\/types\/product"}],"wp:featuredmedia":[{"embeddable":true,"href":"https:\/\/truusk.store\/sv\/wp-json\/wp\/v2\/media\/18884"}],"wp:attachment":[{"href":"https:\/\/truusk.store\/sv\/wp-json\/wp\/v2\/media?parent=18883"}],"wp:term":[{"taxonomy":"product_brand","embeddable":true,"href":"https:\/\/truusk.store\/sv\/wp-json\/wp\/v2\/product_brand?post=18883"},{"taxonomy":"product_cat","embeddable":true,"href":"https:\/\/truusk.store\/sv\/wp-json\/wp\/v2\/product_cat?post=18883"},{"taxonomy":"product_tag","embeddable":true,"href":"https:\/\/truusk.store\/sv\/wp-json\/wp\/v2\/product_tag?post=18883"}],"curies":[{"name":"wp","href":"https:\/\/api.w.org\/{rel}","templated":true}]}}