{"id":18934,"date":"2024-02-13T14:36:23","date_gmt":"2024-02-13T13:36:23","guid":{"rendered":"https:\/\/truusk.store\/product\/staspegel-helkroppsspegel-sminkspegel-upphojda-fotter-lattskott-mdf-kaffe-47-x-46-x-148-cm\/"},"modified":"2026-03-12T09:01:51","modified_gmt":"2026-03-12T08:01:51","slug":"truusk-staspegel-helkroppsspegel-sminkspegel-upphojda-fotter-lattskott-mdf-kaffe-47-x-46-x-148-cm","status":"publish","type":"product","link":"https:\/\/truusk.store\/sv\/produkt\/truusk-staspegel-helkroppsspegel-sminkspegel-upphojda-fotter-lattskott-mdf-kaffe-47-x-46-x-148-cm\/","title":{"rendered":"TRUUSK St\u00e5spegel &#8211; Helkroppsspegel &#8211; Sminkspegel &#8211; Upph\u00f6jda F\u00f6tter &#8211; L\u00e4ttsk\u00f6tt MDF &#8211; Kaffe &#8211; 47 x 46 x 148 cm"},"content":{"rendered":"<p>Vem har inte blivit irriterad p\u00e5 morgonen f\u00f6r att en spegel \u00e4r f\u00f6r liten? Men det beh\u00f6ver inte vara fallet: med denna helkroppsspegel har du fri sikt \u00f6ver din outfit uppifr\u00e5n och ner. Tack vare de medf\u00f6ljande tiltskruvarna kan du anv\u00e4nda spegeln i tv\u00e5 olika vinkell\u00e4gen. Den enkla designen av helkroppsspegeln passar in i praktiskt taget alla livsstilar. En vacker pj\u00e4s f\u00f6r sovrummet eller omkl\u00e4dningsrummet, till hallen eller badrummet.<\/p>\n<h3>Beskrivning:<\/h3>\n<ul>\n<li>Enkel design i f\u00e4rgen kaffe harmonierar med de flesta inredningsstilar<\/li>\n<li>Lutningen av spegeln justerbar<\/li>\n<li>M\u00e5ngsidig anv\u00e4ndning, till exempel i badrummet, omkl\u00e4dningsrummet, sovrummet eller hallen<\/li>\n<li>Enkel konstruktion<\/li>\n<li>Tillbeh\u00f6r: 4 monteringsskruvar och muttrar f\u00f6r basen, 2 monteringsskruvar f\u00f6r spegeln, 2 skruvar f\u00f6r vinkeljustering<\/li>\n<\/ul>\n<h3>Teknisk data:<\/h3>\n<ul>\n<li>Material: MDF, glasspegel<\/li>\n<li>F\u00e4rg: kaffe<\/li>\n<li>\u00d6vergripande m\u00e5tt: B47 x D46 x H148 cm<\/li>\n<li>Spegelstorlek: L118 x B42 x D1,8 cm (med ram), L108 x B32 x D0,3 cm (utan ram)<\/li>\n<li>Vikt: 7 kg<\/li>\n<\/ul>\n<h3>Leveransens omfattning:<\/h3>\n<ul>\n<li>1 x Stativspegel<\/li>\n<li>Tillbeh\u00f6r<\/li>\n<li>1 x Monteringsanvisning<\/li>\n<\/ul>\n","protected":false},"excerpt":{"rendered":"<p>Vem har inte blivit irriterad p\u00e5 morgonen f\u00f6r att en spegel \u00e4r f\u00f6r liten? Men det beh\u00f6ver inte vara fallet:&#8230;<\/p>\n","protected":false},"featured_media":18935,"template":"","meta":[],"product_brand":[],"product_cat":[485,504,721,501],"product_tag":[],"class_list":{"0":"post-18934","1":"product","2":"type-product","3":"status-publish","4":"has-post-thumbnail","6":"product_cat-hus-bo","7":"product_cat-sminkbord-speglar","8":"product_cat-spegel","9":"product_cat-tabeller","11":"first","12":"instock","13":"sale","14":"taxable","15":"shipping-taxable","16":"purchasable","17":"product-type-simple"},"yoast_head":"<!-- This site is optimized with the Yoast SEO plugin v25.4 - https:\/\/yoast.com\/wordpress\/plugins\/seo\/ -->\n<title>TRUUSK St\u00e5spegel - Helkroppsspegel - Sminkspegel - Upph\u00f6jda F\u00f6tter - L\u00e4ttsk\u00f6tt MDF - Kaffe - 47 x 46 x 148 cm - TRUUSK - Hem, Tr\u00e4dg\u00e5rd &amp; Fritid<\/title>\n<meta name=\"robots\" content=\"index, follow, max-snippet:-1, max-image-preview:large, max-video-preview:-1\" \/>\n<link rel=\"canonical\" href=\"https:\/\/truusk.store\/sv\/produkt\/truusk-staspegel-helkroppsspegel-sminkspegel-upphojda-fotter-lattskott-mdf-kaffe-47-x-46-x-148-cm\/\" \/>\n<meta property=\"og:locale\" content=\"sv_SE\" \/>\n<meta property=\"og:type\" content=\"article\" \/>\n<meta property=\"og:title\" content=\"TRUUSK St\u00e5spegel - Helkroppsspegel - Sminkspegel - Upph\u00f6jda F\u00f6tter - L\u00e4ttsk\u00f6tt MDF - Kaffe - 47 x 46 x 148 cm - TRUUSK - Hem, Tr\u00e4dg\u00e5rd &amp; Fritid\" \/>\n<meta property=\"og:description\" content=\"Vem har inte blivit irriterad p\u00e5 morgonen f\u00f6r att en spegel \u00e4r f\u00f6r liten? Men det beh\u00f6ver inte vara fallet:...\" \/>\n<meta property=\"og:url\" content=\"https:\/\/truusk.store\/sv\/produkt\/truusk-staspegel-helkroppsspegel-sminkspegel-upphojda-fotter-lattskott-mdf-kaffe-47-x-46-x-148-cm\/\" \/>\n<meta property=\"og:site_name\" content=\"TRUUSK - Hem, Tr\u00e4dg\u00e5rd &amp; Fritid\" \/>\n<meta property=\"article:modified_time\" content=\"2026-03-12T08:01:51+00:00\" \/>\n<meta property=\"og:image\" content=\"https:\/\/i0.wp.com\/truusk.se\/wp-content\/uploads\/2024\/02\/staspegel-helkroppsspegel-sminkspegel-upphojda-fotter-lattskott-mdf-kaffe-47-x-46-x-148-cm.webp?fit=800%2C800&ssl=1\" \/>\n\t<meta property=\"og:image:width\" content=\"800\" \/>\n\t<meta property=\"og:image:height\" content=\"800\" \/>\n\t<meta property=\"og:image:type\" content=\"image\/webp\" \/>\n<meta name=\"twitter:card\" content=\"summary_large_image\" \/>\n<meta name=\"twitter:label1\" content=\"Ber\u00e4knad l\u00e4stid\" \/>\n\t<meta name=\"twitter:data1\" content=\"1 minut\" \/>\n<!-- \/ Yoast SEO plugin. -->","yoast_head_json":{"title":"TRUUSK St\u00e5spegel - Helkroppsspegel - Sminkspegel - Upph\u00f6jda F\u00f6tter - L\u00e4ttsk\u00f6tt MDF - Kaffe - 47 x 46 x 148 cm - TRUUSK - Hem, Tr\u00e4dg\u00e5rd &amp; Fritid","robots":{"index":"index","follow":"follow","max-snippet":"max-snippet:-1","max-image-preview":"max-image-preview:large","max-video-preview":"max-video-preview:-1"},"canonical":"https:\/\/truusk.store\/sv\/produkt\/truusk-staspegel-helkroppsspegel-sminkspegel-upphojda-fotter-lattskott-mdf-kaffe-47-x-46-x-148-cm\/","og_locale":"sv_SE","og_type":"article","og_title":"TRUUSK St\u00e5spegel - Helkroppsspegel - Sminkspegel - Upph\u00f6jda F\u00f6tter - L\u00e4ttsk\u00f6tt MDF - Kaffe - 47 x 46 x 148 cm - TRUUSK - Hem, Tr\u00e4dg\u00e5rd &amp; Fritid","og_description":"Vem har inte blivit irriterad p\u00e5 morgonen f\u00f6r att en spegel \u00e4r f\u00f6r liten? Men det beh\u00f6ver inte vara fallet:...","og_url":"https:\/\/truusk.store\/sv\/produkt\/truusk-staspegel-helkroppsspegel-sminkspegel-upphojda-fotter-lattskott-mdf-kaffe-47-x-46-x-148-cm\/","og_site_name":"TRUUSK - Hem, Tr\u00e4dg\u00e5rd &amp; Fritid","article_modified_time":"2026-03-12T08:01:51+00:00","og_image":[{"width":800,"height":800,"url":"https:\/\/i0.wp.com\/truusk.se\/wp-content\/uploads\/2024\/02\/staspegel-helkroppsspegel-sminkspegel-upphojda-fotter-lattskott-mdf-kaffe-47-x-46-x-148-cm.webp?fit=800%2C800&ssl=1","type":"image\/webp"}],"twitter_card":"summary_large_image","twitter_misc":{"Ber\u00e4knad l\u00e4stid":"1 minut"},"schema":{"@context":"https:\/\/schema.org","@graph":[{"@type":"WebPage","@id":"https:\/\/truusk.store\/sv\/produkt\/truusk-staspegel-helkroppsspegel-sminkspegel-upphojda-fotter-lattskott-mdf-kaffe-47-x-46-x-148-cm\/","url":"https:\/\/truusk.store\/sv\/produkt\/truusk-staspegel-helkroppsspegel-sminkspegel-upphojda-fotter-lattskott-mdf-kaffe-47-x-46-x-148-cm\/","name":"TRUUSK St\u00e5spegel - Helkroppsspegel - Sminkspegel - Upph\u00f6jda F\u00f6tter - L\u00e4ttsk\u00f6tt MDF - Kaffe - 47 x 46 x 148 cm - TRUUSK - Hem, Tr\u00e4dg\u00e5rd &amp; Fritid","isPartOf":{"@id":"https:\/\/truusk.store\/sv\/#website"},"primaryImageOfPage":{"@id":"https:\/\/truusk.store\/sv\/produkt\/truusk-staspegel-helkroppsspegel-sminkspegel-upphojda-fotter-lattskott-mdf-kaffe-47-x-46-x-148-cm\/#primaryimage"},"image":{"@id":"https:\/\/truusk.store\/sv\/produkt\/truusk-staspegel-helkroppsspegel-sminkspegel-upphojda-fotter-lattskott-mdf-kaffe-47-x-46-x-148-cm\/#primaryimage"},"thumbnailUrl":"https:\/\/i0.wp.com\/truusk.store\/wp-content\/uploads\/2024\/02\/staspegel-helkroppsspegel-sminkspegel-upphojda-fotter-lattskott-mdf-kaffe-47-x-46-x-148-cm.webp?fit=800%2C800&ssl=1","datePublished":"2024-02-13T13:36:23+00:00","dateModified":"2026-03-12T08:01:51+00:00","breadcrumb":{"@id":"https:\/\/truusk.store\/sv\/produkt\/truusk-staspegel-helkroppsspegel-sminkspegel-upphojda-fotter-lattskott-mdf-kaffe-47-x-46-x-148-cm\/#breadcrumb"},"inLanguage":"sv-SE","potentialAction":[{"@type":"ReadAction","target":["https:\/\/truusk.store\/sv\/produkt\/truusk-staspegel-helkroppsspegel-sminkspegel-upphojda-fotter-lattskott-mdf-kaffe-47-x-46-x-148-cm\/"]}]},{"@type":"ImageObject","inLanguage":"sv-SE","@id":"https:\/\/truusk.store\/sv\/produkt\/truusk-staspegel-helkroppsspegel-sminkspegel-upphojda-fotter-lattskott-mdf-kaffe-47-x-46-x-148-cm\/#primaryimage","url":"https:\/\/i0.wp.com\/truusk.store\/wp-content\/uploads\/2024\/02\/staspegel-helkroppsspegel-sminkspegel-upphojda-fotter-lattskott-mdf-kaffe-47-x-46-x-148-cm.webp?fit=800%2C800&ssl=1","contentUrl":"https:\/\/i0.wp.com\/truusk.store\/wp-content\/uploads\/2024\/02\/staspegel-helkroppsspegel-sminkspegel-upphojda-fotter-lattskott-mdf-kaffe-47-x-46-x-148-cm.webp?fit=800%2C800&ssl=1","width":800,"height":800,"caption":"St\u00e5spegel, Helkroppsspegel, Sminkspegel, Upph\u00f6jda F\u00f6tter, L\u00e4ttsk\u00f6tt MDF, Kaffe, 47 X 46 X 148 Cm 1"},{"@type":"BreadcrumbList","@id":"https:\/\/truusk.store\/sv\/produkt\/truusk-staspegel-helkroppsspegel-sminkspegel-upphojda-fotter-lattskott-mdf-kaffe-47-x-46-x-148-cm\/#breadcrumb","itemListElement":[{"@type":"ListItem","position":1,"name":"Home","item":"https:\/\/truusk.store\/sv\/"},{"@type":"ListItem","position":2,"name":"Shop","item":"https:\/\/truusk.store\/shop\/"},{"@type":"ListItem","position":3,"name":"TRUUSK St\u00e5spegel &#8211; Helkroppsspegel &#8211; Sminkspegel &#8211; Upph\u00f6jda F\u00f6tter &#8211; L\u00e4ttsk\u00f6tt MDF &#8211; Kaffe &#8211; 47 x 46 x 148 cm"}]},{"@type":"WebSite","@id":"https:\/\/truusk.store\/sv\/#website","url":"https:\/\/truusk.store\/sv\/","name":"TRUUSK - Hem, Tr\u00e4dg\u00e5rd & Fritid","description":"","publisher":{"@id":"https:\/\/truusk.store\/sv\/#organization"},"potentialAction":[{"@type":"SearchAction","target":{"@type":"EntryPoint","urlTemplate":"https:\/\/truusk.store\/sv\/?s={search_term_string}"},"query-input":{"@type":"PropertyValueSpecification","valueRequired":true,"valueName":"search_term_string"}}],"inLanguage":"sv-SE"},{"@type":"Organization","@id":"https:\/\/truusk.store\/sv\/#organization","name":"TRUUSK - Hem, Tr\u00e4dg\u00e5rd & Fritid","url":"https:\/\/truusk.store\/sv\/","logo":{"@type":"ImageObject","inLanguage":"sv-SE","@id":"https:\/\/truusk.store\/sv\/#\/schema\/logo\/image\/","url":"https:\/\/i0.wp.com\/truusk.store\/wp-content\/uploads\/2026\/03\/cropped-TRUUSK.png?fit=2032%2C917&ssl=1","contentUrl":"https:\/\/i0.wp.com\/truusk.store\/wp-content\/uploads\/2026\/03\/cropped-TRUUSK.png?fit=2032%2C917&ssl=1","width":2032,"height":917,"caption":"TRUUSK - Hem, Tr\u00e4dg\u00e5rd & Fritid"},"image":{"@id":"https:\/\/truusk.store\/sv\/#\/schema\/logo\/image\/"}}]}},"jetpack_sharing_enabled":true,"_links":{"self":[{"href":"https:\/\/truusk.store\/sv\/wp-json\/wp\/v2\/product\/18934","targetHints":{"allow":["GET"]}}],"collection":[{"href":"https:\/\/truusk.store\/sv\/wp-json\/wp\/v2\/product"}],"about":[{"href":"https:\/\/truusk.store\/sv\/wp-json\/wp\/v2\/types\/product"}],"wp:featuredmedia":[{"embeddable":true,"href":"https:\/\/truusk.store\/sv\/wp-json\/wp\/v2\/media\/18935"}],"wp:attachment":[{"href":"https:\/\/truusk.store\/sv\/wp-json\/wp\/v2\/media?parent=18934"}],"wp:term":[{"taxonomy":"product_brand","embeddable":true,"href":"https:\/\/truusk.store\/sv\/wp-json\/wp\/v2\/product_brand?post=18934"},{"taxonomy":"product_cat","embeddable":true,"href":"https:\/\/truusk.store\/sv\/wp-json\/wp\/v2\/product_cat?post=18934"},{"taxonomy":"product_tag","embeddable":true,"href":"https:\/\/truusk.store\/sv\/wp-json\/wp\/v2\/product_tag?post=18934"}],"curies":[{"name":"wp","href":"https:\/\/api.w.org\/{rel}","templated":true}]}}