{"id":18946,"date":"2024-02-13T14:36:42","date_gmt":"2024-02-13T13:36:42","guid":{"rendered":"https:\/\/truusk.store\/product\/paviljong-tradgardspaviljong-med-myggnat-sidovaggar-partytalt-med-dubbeltak-tradgardstalt-297x297m\/"},"modified":"2026-03-12T09:01:51","modified_gmt":"2026-03-12T08:01:51","slug":"truusk-paviljong-tradgardstalt-med-myggnat-och-sidovaggar-dubbeltak-297x297m-partytalt-for-tradgarden","status":"publish","type":"product","link":"https:\/\/truusk.store\/sv\/produkt\/truusk-paviljong-tradgardstalt-med-myggnat-och-sidovaggar-dubbeltak-297x297m-partytalt-for-tradgarden\/","title":{"rendered":"TRUUSK Paviljong Tr\u00e4dg\u00e5rdst\u00e4lt &#8211; Med Myggn\u00e4t och Sidov\u00e4ggar &#8211; Dubbeltak &#8211; 2,97&#215;2,97m &#8211; Partyt\u00e4lt f\u00f6r Tr\u00e4dg\u00e5rden"},"content":{"rendered":"<p>Koppla av i den svala skuggan eller ha en lyckad sommarfest i din tr\u00e4dg\u00e5rd med hj\u00e4lp av denna rymliga paviljong! Tr\u00e4dg\u00e5rdspaviljongen tack vare den starka, stabila stommen av pulverlackerat st\u00e5l. Det tv\u00e5v\u00e5ningstaket av vattenavvisande polyester skyddar mot regn och solljus och erbjuder utm\u00e4rkt ventilation. N\u00e4tsidov\u00e4ggarna skyddar dig fr\u00e5n insekter och \u00e5tta dr\u00e4nerings\u00f6ppningar i kanten av taket dr\u00e4nerar obehindrat av regnvatten.<\/p>\n<h3>Beskrivning:<\/h3>\n<ul>\n<li>H\u00f6gkvalitativ paviljong i klassisk design<\/li>\n<li>Ger perfekt skuggigt utrymme f\u00f6r avkoppling och fester<\/li>\n<li>Gerst inklusive 4 L-formade pelare av pulverlackerat st\u00e5l, robust och stabil<\/li>\n<li>Tv\u00e5v\u00e5ningstak av vattenavvisande polyester f\u00f6r god luftcirkulation<\/li>\n<li>8 dr\u00e4nerings\u00f6ppningar p\u00e5 kanten av taket g\u00f6r att regnvatten rinner bort<\/li>\n<li>4 avtagbara, tv\u00e4ttbara sidopaneler gjorda av meshtyg med dragkedja, kanter extra sydda med polyester<\/li>\n<li>8 pinnar f\u00f6r f\u00f6rankring i marken ger extra stabilitet<\/li>\n<li>Enkel konstruktion<\/li>\n<\/ul>\n<h3>Teknisk data:<\/h3>\n<ul>\n<li>Material: st\u00e5l, 180g\/m polyester<\/li>\n<li>F\u00e4rg: Kaffe Brun + Vit + Svart<\/li>\n<li>Vikt: ca 29 kg<\/li>\n<li>\u00d6vergripande m\u00e5tt: L297 x B297 x H270 cm<\/li>\n<li>Innerm\u00e5tt: L215 x B215 cm<\/li>\n<li>Basarea: 2,97 x 2,97 m<\/li>\n<li>Genomg\u00e5ngsh\u00f6jd: 195 cm<\/li>\n<\/ul>\n<h3>Leveransens omfattning:<\/h3>\n<ul>\n<li>1 x paviljong inklusive dubbeltak och sidov\u00e4ggar<\/li>\n<li>1 x Monteringsanvisning<\/li>\n<li>8 x pinnar<\/li>\n<li>VIKTIGT: Vi levererar varan till trottoarkanten utan kostnad. Se till att du anger r\u00e4tt adress och telefonnummer.<\/li>\n<\/ul>\n","protected":false},"excerpt":{"rendered":"<p>Koppla av i den svala skuggan eller ha en lyckad sommarfest i din tr\u00e4dg\u00e5rd med hj\u00e4lp av denna rymliga paviljong!&#8230;<\/p>\n","protected":false},"featured_media":18947,"template":"","meta":[],"product_brand":[],"product_cat":[477,435,476],"product_tag":[],"class_list":{"0":"post-18946","1":"product","2":"type-product","3":"status-publish","4":"has-post-thumbnail","6":"product_cat-paviljonger-partytalt","7":"product_cat-tradgard-och-terrass","8":"product_cat-tradgardspaviljonger","10":"first","11":"instock","12":"sale","13":"taxable","14":"shipping-taxable","15":"purchasable","16":"product-type-simple"},"yoast_head":"<!-- This site is optimized with the Yoast SEO plugin v25.4 - https:\/\/yoast.com\/wordpress\/plugins\/seo\/ -->\n<title>TRUUSK Paviljong Tr\u00e4dg\u00e5rdst\u00e4lt - Med Myggn\u00e4t och Sidov\u00e4ggar - Dubbeltak - 2,97x2,97m - Partyt\u00e4lt f\u00f6r Tr\u00e4dg\u00e5rden - TRUUSK - Hem, Tr\u00e4dg\u00e5rd &amp; Fritid<\/title>\n<meta name=\"robots\" content=\"index, follow, max-snippet:-1, max-image-preview:large, max-video-preview:-1\" \/>\n<link rel=\"canonical\" href=\"https:\/\/truusk.store\/sv\/produkt\/truusk-paviljong-tradgardstalt-med-myggnat-och-sidovaggar-dubbeltak-297x297m-partytalt-for-tradgarden\/\" \/>\n<meta property=\"og:locale\" content=\"sv_SE\" \/>\n<meta property=\"og:type\" content=\"article\" \/>\n<meta property=\"og:title\" content=\"TRUUSK Paviljong Tr\u00e4dg\u00e5rdst\u00e4lt - Med Myggn\u00e4t och Sidov\u00e4ggar - Dubbeltak - 2,97x2,97m - Partyt\u00e4lt f\u00f6r Tr\u00e4dg\u00e5rden - TRUUSK - Hem, Tr\u00e4dg\u00e5rd &amp; Fritid\" \/>\n<meta property=\"og:description\" content=\"Koppla av i den svala skuggan eller ha en lyckad sommarfest i din tr\u00e4dg\u00e5rd med hj\u00e4lp av denna rymliga paviljong!...\" \/>\n<meta property=\"og:url\" content=\"https:\/\/truusk.store\/sv\/produkt\/truusk-paviljong-tradgardstalt-med-myggnat-och-sidovaggar-dubbeltak-297x297m-partytalt-for-tradgarden\/\" \/>\n<meta property=\"og:site_name\" content=\"TRUUSK - Hem, Tr\u00e4dg\u00e5rd &amp; Fritid\" \/>\n<meta property=\"article:modified_time\" content=\"2026-03-12T08:01:51+00:00\" \/>\n<meta property=\"og:image\" content=\"https:\/\/i0.wp.com\/truusk.se\/wp-content\/uploads\/2024\/02\/paviljong-tradgardspaviljong-med-myggnat-sidovaggar-partytalt-med-dubbeltak-tradgardstalt-297x297m.webp?fit=800%2C800&ssl=1\" \/>\n\t<meta property=\"og:image:width\" content=\"800\" \/>\n\t<meta property=\"og:image:height\" content=\"800\" \/>\n\t<meta property=\"og:image:type\" content=\"image\/webp\" \/>\n<meta name=\"twitter:card\" content=\"summary_large_image\" \/>\n<meta name=\"twitter:label1\" content=\"Ber\u00e4knad l\u00e4stid\" \/>\n\t<meta name=\"twitter:data1\" content=\"1 minut\" \/>\n<!-- \/ Yoast SEO plugin. -->","yoast_head_json":{"title":"TRUUSK Paviljong Tr\u00e4dg\u00e5rdst\u00e4lt - Med Myggn\u00e4t och Sidov\u00e4ggar - Dubbeltak - 2,97x2,97m - Partyt\u00e4lt f\u00f6r Tr\u00e4dg\u00e5rden - TRUUSK - Hem, Tr\u00e4dg\u00e5rd &amp; Fritid","robots":{"index":"index","follow":"follow","max-snippet":"max-snippet:-1","max-image-preview":"max-image-preview:large","max-video-preview":"max-video-preview:-1"},"canonical":"https:\/\/truusk.store\/sv\/produkt\/truusk-paviljong-tradgardstalt-med-myggnat-och-sidovaggar-dubbeltak-297x297m-partytalt-for-tradgarden\/","og_locale":"sv_SE","og_type":"article","og_title":"TRUUSK Paviljong Tr\u00e4dg\u00e5rdst\u00e4lt - Med Myggn\u00e4t och Sidov\u00e4ggar - Dubbeltak - 2,97x2,97m - Partyt\u00e4lt f\u00f6r Tr\u00e4dg\u00e5rden - TRUUSK - Hem, Tr\u00e4dg\u00e5rd &amp; Fritid","og_description":"Koppla av i den svala skuggan eller ha en lyckad sommarfest i din tr\u00e4dg\u00e5rd med hj\u00e4lp av denna rymliga paviljong!...","og_url":"https:\/\/truusk.store\/sv\/produkt\/truusk-paviljong-tradgardstalt-med-myggnat-och-sidovaggar-dubbeltak-297x297m-partytalt-for-tradgarden\/","og_site_name":"TRUUSK - Hem, Tr\u00e4dg\u00e5rd &amp; Fritid","article_modified_time":"2026-03-12T08:01:51+00:00","og_image":[{"width":800,"height":800,"url":"https:\/\/i0.wp.com\/truusk.se\/wp-content\/uploads\/2024\/02\/paviljong-tradgardspaviljong-med-myggnat-sidovaggar-partytalt-med-dubbeltak-tradgardstalt-297x297m.webp?fit=800%2C800&ssl=1","type":"image\/webp"}],"twitter_card":"summary_large_image","twitter_misc":{"Ber\u00e4knad l\u00e4stid":"1 minut"},"schema":{"@context":"https:\/\/schema.org","@graph":[{"@type":"WebPage","@id":"https:\/\/truusk.store\/sv\/produkt\/truusk-paviljong-tradgardstalt-med-myggnat-och-sidovaggar-dubbeltak-297x297m-partytalt-for-tradgarden\/","url":"https:\/\/truusk.store\/sv\/produkt\/truusk-paviljong-tradgardstalt-med-myggnat-och-sidovaggar-dubbeltak-297x297m-partytalt-for-tradgarden\/","name":"TRUUSK Paviljong Tr\u00e4dg\u00e5rdst\u00e4lt - Med Myggn\u00e4t och Sidov\u00e4ggar - Dubbeltak - 2,97x2,97m - Partyt\u00e4lt f\u00f6r Tr\u00e4dg\u00e5rden - TRUUSK - Hem, Tr\u00e4dg\u00e5rd &amp; Fritid","isPartOf":{"@id":"https:\/\/truusk.store\/sv\/#website"},"primaryImageOfPage":{"@id":"https:\/\/truusk.store\/sv\/produkt\/truusk-paviljong-tradgardstalt-med-myggnat-och-sidovaggar-dubbeltak-297x297m-partytalt-for-tradgarden\/#primaryimage"},"image":{"@id":"https:\/\/truusk.store\/sv\/produkt\/truusk-paviljong-tradgardstalt-med-myggnat-och-sidovaggar-dubbeltak-297x297m-partytalt-for-tradgarden\/#primaryimage"},"thumbnailUrl":"https:\/\/i0.wp.com\/truusk.store\/wp-content\/uploads\/2024\/02\/paviljong-tradgardspaviljong-med-myggnat-sidovaggar-partytalt-med-dubbeltak-tradgardstalt-297x297m.webp?fit=800%2C800&ssl=1","datePublished":"2024-02-13T13:36:42+00:00","dateModified":"2026-03-12T08:01:51+00:00","breadcrumb":{"@id":"https:\/\/truusk.store\/sv\/produkt\/truusk-paviljong-tradgardstalt-med-myggnat-och-sidovaggar-dubbeltak-297x297m-partytalt-for-tradgarden\/#breadcrumb"},"inLanguage":"sv-SE","potentialAction":[{"@type":"ReadAction","target":["https:\/\/truusk.store\/sv\/produkt\/truusk-paviljong-tradgardstalt-med-myggnat-och-sidovaggar-dubbeltak-297x297m-partytalt-for-tradgarden\/"]}]},{"@type":"ImageObject","inLanguage":"sv-SE","@id":"https:\/\/truusk.store\/sv\/produkt\/truusk-paviljong-tradgardstalt-med-myggnat-och-sidovaggar-dubbeltak-297x297m-partytalt-for-tradgarden\/#primaryimage","url":"https:\/\/i0.wp.com\/truusk.store\/wp-content\/uploads\/2024\/02\/paviljong-tradgardspaviljong-med-myggnat-sidovaggar-partytalt-med-dubbeltak-tradgardstalt-297x297m.webp?fit=800%2C800&ssl=1","contentUrl":"https:\/\/i0.wp.com\/truusk.store\/wp-content\/uploads\/2024\/02\/paviljong-tradgardspaviljong-med-myggnat-sidovaggar-partytalt-med-dubbeltak-tradgardstalt-297x297m.webp?fit=800%2C800&ssl=1","width":800,"height":800,"caption":"Paviljong Tr\u00e4dg\u00e5rdspaviljong Med Myggn\u00e4t Sidov\u00e4ggar, Partyt\u00e4lt Med Dubbeltak, Tr\u00e4dg\u00e5rdst\u00e4lt 2,97x2,97m 1"},{"@type":"BreadcrumbList","@id":"https:\/\/truusk.store\/sv\/produkt\/truusk-paviljong-tradgardstalt-med-myggnat-och-sidovaggar-dubbeltak-297x297m-partytalt-for-tradgarden\/#breadcrumb","itemListElement":[{"@type":"ListItem","position":1,"name":"Home","item":"https:\/\/truusk.store\/sv\/"},{"@type":"ListItem","position":2,"name":"Shop","item":"https:\/\/truusk.store\/shop\/"},{"@type":"ListItem","position":3,"name":"TRUUSK Paviljong Tr\u00e4dg\u00e5rdst\u00e4lt &#8211; Med Myggn\u00e4t och Sidov\u00e4ggar &#8211; Dubbeltak &#8211; 2,97&#215;2,97m &#8211; Partyt\u00e4lt f\u00f6r Tr\u00e4dg\u00e5rden"}]},{"@type":"WebSite","@id":"https:\/\/truusk.store\/sv\/#website","url":"https:\/\/truusk.store\/sv\/","name":"TRUUSK - Hem, Tr\u00e4dg\u00e5rd & Fritid","description":"","publisher":{"@id":"https:\/\/truusk.store\/sv\/#organization"},"potentialAction":[{"@type":"SearchAction","target":{"@type":"EntryPoint","urlTemplate":"https:\/\/truusk.store\/sv\/?s={search_term_string}"},"query-input":{"@type":"PropertyValueSpecification","valueRequired":true,"valueName":"search_term_string"}}],"inLanguage":"sv-SE"},{"@type":"Organization","@id":"https:\/\/truusk.store\/sv\/#organization","name":"TRUUSK - Hem, Tr\u00e4dg\u00e5rd & Fritid","url":"https:\/\/truusk.store\/sv\/","logo":{"@type":"ImageObject","inLanguage":"sv-SE","@id":"https:\/\/truusk.store\/sv\/#\/schema\/logo\/image\/","url":"https:\/\/i0.wp.com\/truusk.store\/wp-content\/uploads\/2026\/03\/cropped-TRUUSK.png?fit=2032%2C917&ssl=1","contentUrl":"https:\/\/i0.wp.com\/truusk.store\/wp-content\/uploads\/2026\/03\/cropped-TRUUSK.png?fit=2032%2C917&ssl=1","width":2032,"height":917,"caption":"TRUUSK - Hem, Tr\u00e4dg\u00e5rd & Fritid"},"image":{"@id":"https:\/\/truusk.store\/sv\/#\/schema\/logo\/image\/"}}]}},"jetpack_sharing_enabled":true,"_links":{"self":[{"href":"https:\/\/truusk.store\/sv\/wp-json\/wp\/v2\/product\/18946","targetHints":{"allow":["GET"]}}],"collection":[{"href":"https:\/\/truusk.store\/sv\/wp-json\/wp\/v2\/product"}],"about":[{"href":"https:\/\/truusk.store\/sv\/wp-json\/wp\/v2\/types\/product"}],"wp:featuredmedia":[{"embeddable":true,"href":"https:\/\/truusk.store\/sv\/wp-json\/wp\/v2\/media\/18947"}],"wp:attachment":[{"href":"https:\/\/truusk.store\/sv\/wp-json\/wp\/v2\/media?parent=18946"}],"wp:term":[{"taxonomy":"product_brand","embeddable":true,"href":"https:\/\/truusk.store\/sv\/wp-json\/wp\/v2\/product_brand?post=18946"},{"taxonomy":"product_cat","embeddable":true,"href":"https:\/\/truusk.store\/sv\/wp-json\/wp\/v2\/product_cat?post=18946"},{"taxonomy":"product_tag","embeddable":true,"href":"https:\/\/truusk.store\/sv\/wp-json\/wp\/v2\/product_tag?post=18946"}],"curies":[{"name":"wp","href":"https:\/\/api.w.org\/{rel}","templated":true}]}}