{"id":18989,"date":"2024-02-13T14:38:17","date_gmt":"2024-02-13T13:38:17","guid":{"rendered":"https:\/\/truusk.store\/product\/parasollstall-15-kg-paraplyhallare-paraplybas-for-38mm-48mm-konstharts-svart-47-x-47-x-32-cm\/"},"modified":"2026-03-12T09:01:51","modified_gmt":"2026-03-12T08:01:51","slug":"truusk-paraplystall-15-kg-paraplybas-for-38mm-48mm-konstharts-svart-47-x-47-x-32-cm","status":"publish","type":"product","link":"https:\/\/truusk.store\/sv\/produkt\/truusk-paraplystall-15-kg-paraplybas-for-38mm-48mm-konstharts-svart-47-x-47-x-32-cm\/","title":{"rendered":"TRUUSK Paraplyst\u00e4ll 15 Kg &#8211; Paraplybas f\u00f6r 38mm 48mm &#8211; Konstharts &#8211; Svart &#8211; 47 x 47 x 32 cm"},"content":{"rendered":"<p>Denna rosts\u00e4kra paraplybas ger en dekorativ, h\u00f6gkvalitativ touch till ditt utomhusutrymme samtidigt som det uppfyller sin funktion att h\u00e5lla ditt paraply p\u00e5 plats. Med ett attraktivt dekorativt m\u00f6nster och en bronsfinish kommer detta stativ att l\u00e4gga charm och elegans till alla uteplatser.<\/p>\n<h3>Beskrivning:<\/h3>\n<ul>\n<li>Tillverkad av rostfritt hartsmaterial med robust konstruktion<\/li>\n<li>Idealisk f\u00f6r alla typer av tr\u00e4dg\u00e5rdar, uteplatser och uteplatser<\/li>\n<li>Justerbar l\u00e5sskruv f\u00f6r att h\u00e5lla parasoll p\u00e5 plats<\/li>\n<li>Designad i bronsfinish med klassiska m\u00f6nster f\u00f6r en elegant look<\/li>\n<li>Passar alla parasollst\u00e5ng med en diameter p\u00e5 upp till 48 mm<\/li>\n<li>Enkel och l\u00e4tt att montera<\/li>\n<\/ul>\n<h3>Teknisk data:<\/h3>\n<ul>\n<li>Material: harts<\/li>\n<li>F\u00e4rg: Brons<\/li>\n<li>Totala m\u00e5tt: 47L x47B x 32H cm<\/li>\n<li>Passar paraplyst\u00e4nger: 3,8cm4,8cm<\/li>\n<li>Nettovikt: 15 kg<\/li>\n<\/ul>\n<h3>Leveransens omfattning:<\/h3>\n<ul>\n<li>1 x Parasollst\u00e4ll<\/li>\n<li>1 x Instruktioner<\/li>\n<\/ul>\n","protected":false},"excerpt":{"rendered":"<p>Denna rosts\u00e4kra paraplybas ger en dekorativ, h\u00f6gkvalitativ touch till ditt utomhusutrymme samtidigt som det uppfyller sin funktion att h\u00e5lla ditt&#8230;<\/p>\n","protected":false},"featured_media":18990,"template":"","meta":[],"product_brand":[],"product_cat":[472,471,435],"product_tag":[],"class_list":{"0":"post-18989","1":"product","2":"type-product","3":"status-publish","4":"has-post-thumbnail","6":"product_cat-parasoller","7":"product_cat-solskydd-integritetsskydd","8":"product_cat-tradgard-och-terrass","10":"first","11":"instock","12":"sale","13":"taxable","14":"shipping-taxable","15":"purchasable","16":"product-type-simple"},"yoast_head":"<!-- This site is optimized with the Yoast SEO plugin v25.4 - https:\/\/yoast.com\/wordpress\/plugins\/seo\/ -->\n<title>TRUUSK Paraplyst\u00e4ll 15 Kg - Paraplybas f\u00f6r 38mm 48mm - Konstharts - Svart - 47 x 47 x 32 cm - TRUUSK - Hem, Tr\u00e4dg\u00e5rd &amp; Fritid<\/title>\n<meta name=\"robots\" content=\"index, follow, max-snippet:-1, max-image-preview:large, max-video-preview:-1\" \/>\n<link rel=\"canonical\" href=\"https:\/\/truusk.store\/sv\/produkt\/truusk-paraplystall-15-kg-paraplybas-for-38mm-48mm-konstharts-svart-47-x-47-x-32-cm\/\" \/>\n<meta property=\"og:locale\" content=\"sv_SE\" \/>\n<meta property=\"og:type\" content=\"article\" \/>\n<meta property=\"og:title\" content=\"TRUUSK Paraplyst\u00e4ll 15 Kg - Paraplybas f\u00f6r 38mm 48mm - Konstharts - Svart - 47 x 47 x 32 cm - TRUUSK - Hem, Tr\u00e4dg\u00e5rd &amp; Fritid\" \/>\n<meta property=\"og:description\" content=\"Denna rosts\u00e4kra paraplybas ger en dekorativ, h\u00f6gkvalitativ touch till ditt utomhusutrymme samtidigt som det uppfyller sin funktion att h\u00e5lla ditt...\" \/>\n<meta property=\"og:url\" content=\"https:\/\/truusk.store\/sv\/produkt\/truusk-paraplystall-15-kg-paraplybas-for-38mm-48mm-konstharts-svart-47-x-47-x-32-cm\/\" \/>\n<meta property=\"og:site_name\" content=\"TRUUSK - Hem, Tr\u00e4dg\u00e5rd &amp; Fritid\" \/>\n<meta property=\"article:modified_time\" content=\"2026-03-12T08:01:51+00:00\" \/>\n<meta property=\"og:image\" content=\"https:\/\/i0.wp.com\/truusk.se\/wp-content\/uploads\/2024\/02\/parasollstall-15-kg-paraplyhallare-paraplybas-for-38mm-48mm-konstharts-svart-47-x-47-x-32-cm.webp?fit=800%2C800&ssl=1\" \/>\n\t<meta property=\"og:image:width\" content=\"800\" \/>\n\t<meta property=\"og:image:height\" content=\"800\" \/>\n\t<meta property=\"og:image:type\" content=\"image\/webp\" \/>\n<meta name=\"twitter:card\" content=\"summary_large_image\" \/>\n<meta name=\"twitter:label1\" content=\"Ber\u00e4knad l\u00e4stid\" \/>\n\t<meta name=\"twitter:data1\" content=\"1 minut\" \/>\n<!-- \/ Yoast SEO plugin. -->","yoast_head_json":{"title":"TRUUSK Paraplyst\u00e4ll 15 Kg - Paraplybas f\u00f6r 38mm 48mm - Konstharts - Svart - 47 x 47 x 32 cm - TRUUSK - Hem, Tr\u00e4dg\u00e5rd &amp; Fritid","robots":{"index":"index","follow":"follow","max-snippet":"max-snippet:-1","max-image-preview":"max-image-preview:large","max-video-preview":"max-video-preview:-1"},"canonical":"https:\/\/truusk.store\/sv\/produkt\/truusk-paraplystall-15-kg-paraplybas-for-38mm-48mm-konstharts-svart-47-x-47-x-32-cm\/","og_locale":"sv_SE","og_type":"article","og_title":"TRUUSK Paraplyst\u00e4ll 15 Kg - Paraplybas f\u00f6r 38mm 48mm - Konstharts - Svart - 47 x 47 x 32 cm - TRUUSK - Hem, Tr\u00e4dg\u00e5rd &amp; Fritid","og_description":"Denna rosts\u00e4kra paraplybas ger en dekorativ, h\u00f6gkvalitativ touch till ditt utomhusutrymme samtidigt som det uppfyller sin funktion att h\u00e5lla ditt...","og_url":"https:\/\/truusk.store\/sv\/produkt\/truusk-paraplystall-15-kg-paraplybas-for-38mm-48mm-konstharts-svart-47-x-47-x-32-cm\/","og_site_name":"TRUUSK - Hem, Tr\u00e4dg\u00e5rd &amp; Fritid","article_modified_time":"2026-03-12T08:01:51+00:00","og_image":[{"width":800,"height":800,"url":"https:\/\/i0.wp.com\/truusk.se\/wp-content\/uploads\/2024\/02\/parasollstall-15-kg-paraplyhallare-paraplybas-for-38mm-48mm-konstharts-svart-47-x-47-x-32-cm.webp?fit=800%2C800&ssl=1","type":"image\/webp"}],"twitter_card":"summary_large_image","twitter_misc":{"Ber\u00e4knad l\u00e4stid":"1 minut"},"schema":{"@context":"https:\/\/schema.org","@graph":[{"@type":"WebPage","@id":"https:\/\/truusk.store\/sv\/produkt\/truusk-paraplystall-15-kg-paraplybas-for-38mm-48mm-konstharts-svart-47-x-47-x-32-cm\/","url":"https:\/\/truusk.store\/sv\/produkt\/truusk-paraplystall-15-kg-paraplybas-for-38mm-48mm-konstharts-svart-47-x-47-x-32-cm\/","name":"TRUUSK Paraplyst\u00e4ll 15 Kg - Paraplybas f\u00f6r 38mm 48mm - Konstharts - Svart - 47 x 47 x 32 cm - TRUUSK - Hem, Tr\u00e4dg\u00e5rd &amp; Fritid","isPartOf":{"@id":"https:\/\/truusk.store\/sv\/#website"},"primaryImageOfPage":{"@id":"https:\/\/truusk.store\/sv\/produkt\/truusk-paraplystall-15-kg-paraplybas-for-38mm-48mm-konstharts-svart-47-x-47-x-32-cm\/#primaryimage"},"image":{"@id":"https:\/\/truusk.store\/sv\/produkt\/truusk-paraplystall-15-kg-paraplybas-for-38mm-48mm-konstharts-svart-47-x-47-x-32-cm\/#primaryimage"},"thumbnailUrl":"https:\/\/i0.wp.com\/truusk.store\/wp-content\/uploads\/2024\/02\/parasollstall-15-kg-paraplyhallare-paraplybas-for-38mm-48mm-konstharts-svart-47-x-47-x-32-cm.webp?fit=800%2C800&ssl=1","datePublished":"2024-02-13T13:38:17+00:00","dateModified":"2026-03-12T08:01:51+00:00","breadcrumb":{"@id":"https:\/\/truusk.store\/sv\/produkt\/truusk-paraplystall-15-kg-paraplybas-for-38mm-48mm-konstharts-svart-47-x-47-x-32-cm\/#breadcrumb"},"inLanguage":"sv-SE","potentialAction":[{"@type":"ReadAction","target":["https:\/\/truusk.store\/sv\/produkt\/truusk-paraplystall-15-kg-paraplybas-for-38mm-48mm-konstharts-svart-47-x-47-x-32-cm\/"]}]},{"@type":"ImageObject","inLanguage":"sv-SE","@id":"https:\/\/truusk.store\/sv\/produkt\/truusk-paraplystall-15-kg-paraplybas-for-38mm-48mm-konstharts-svart-47-x-47-x-32-cm\/#primaryimage","url":"https:\/\/i0.wp.com\/truusk.store\/wp-content\/uploads\/2024\/02\/parasollstall-15-kg-paraplyhallare-paraplybas-for-38mm-48mm-konstharts-svart-47-x-47-x-32-cm.webp?fit=800%2C800&ssl=1","contentUrl":"https:\/\/i0.wp.com\/truusk.store\/wp-content\/uploads\/2024\/02\/parasollstall-15-kg-paraplyhallare-paraplybas-for-38mm-48mm-konstharts-svart-47-x-47-x-32-cm.webp?fit=800%2C800&ssl=1","width":800,"height":800,"caption":"Parasollst\u00e4ll 15 Kg Paraplyh\u00e5llare Paraplybas F\u00f6r 38mm 48mm Konstharts Svart 47 X 47 X 32 Cm 1"},{"@type":"BreadcrumbList","@id":"https:\/\/truusk.store\/sv\/produkt\/truusk-paraplystall-15-kg-paraplybas-for-38mm-48mm-konstharts-svart-47-x-47-x-32-cm\/#breadcrumb","itemListElement":[{"@type":"ListItem","position":1,"name":"Home","item":"https:\/\/truusk.store\/sv\/"},{"@type":"ListItem","position":2,"name":"Shop","item":"https:\/\/truusk.store\/shop\/"},{"@type":"ListItem","position":3,"name":"TRUUSK Paraplyst\u00e4ll 15 Kg &#8211; Paraplybas f\u00f6r 38mm 48mm &#8211; Konstharts &#8211; Svart &#8211; 47 x 47 x 32 cm"}]},{"@type":"WebSite","@id":"https:\/\/truusk.store\/sv\/#website","url":"https:\/\/truusk.store\/sv\/","name":"TRUUSK - Hem, Tr\u00e4dg\u00e5rd & Fritid","description":"","publisher":{"@id":"https:\/\/truusk.store\/sv\/#organization"},"potentialAction":[{"@type":"SearchAction","target":{"@type":"EntryPoint","urlTemplate":"https:\/\/truusk.store\/sv\/?s={search_term_string}"},"query-input":{"@type":"PropertyValueSpecification","valueRequired":true,"valueName":"search_term_string"}}],"inLanguage":"sv-SE"},{"@type":"Organization","@id":"https:\/\/truusk.store\/sv\/#organization","name":"TRUUSK - Hem, Tr\u00e4dg\u00e5rd & Fritid","url":"https:\/\/truusk.store\/sv\/","logo":{"@type":"ImageObject","inLanguage":"sv-SE","@id":"https:\/\/truusk.store\/sv\/#\/schema\/logo\/image\/","url":"https:\/\/i0.wp.com\/truusk.store\/wp-content\/uploads\/2026\/03\/cropped-TRUUSK.png?fit=2032%2C917&ssl=1","contentUrl":"https:\/\/i0.wp.com\/truusk.store\/wp-content\/uploads\/2026\/03\/cropped-TRUUSK.png?fit=2032%2C917&ssl=1","width":2032,"height":917,"caption":"TRUUSK - Hem, Tr\u00e4dg\u00e5rd & Fritid"},"image":{"@id":"https:\/\/truusk.store\/sv\/#\/schema\/logo\/image\/"}}]}},"jetpack_sharing_enabled":true,"_links":{"self":[{"href":"https:\/\/truusk.store\/sv\/wp-json\/wp\/v2\/product\/18989","targetHints":{"allow":["GET"]}}],"collection":[{"href":"https:\/\/truusk.store\/sv\/wp-json\/wp\/v2\/product"}],"about":[{"href":"https:\/\/truusk.store\/sv\/wp-json\/wp\/v2\/types\/product"}],"wp:featuredmedia":[{"embeddable":true,"href":"https:\/\/truusk.store\/sv\/wp-json\/wp\/v2\/media\/18990"}],"wp:attachment":[{"href":"https:\/\/truusk.store\/sv\/wp-json\/wp\/v2\/media?parent=18989"}],"wp:term":[{"taxonomy":"product_brand","embeddable":true,"href":"https:\/\/truusk.store\/sv\/wp-json\/wp\/v2\/product_brand?post=18989"},{"taxonomy":"product_cat","embeddable":true,"href":"https:\/\/truusk.store\/sv\/wp-json\/wp\/v2\/product_cat?post=18989"},{"taxonomy":"product_tag","embeddable":true,"href":"https:\/\/truusk.store\/sv\/wp-json\/wp\/v2\/product_tag?post=18989"}],"curies":[{"name":"wp","href":"https:\/\/api.w.org\/{rel}","templated":true}]}}