{"id":19012,"date":"2024-02-13T14:38:55","date_gmt":"2024-02-13T13:38:55","guid":{"rendered":"https:\/\/truusk.store\/product\/hundsang-utomhus-sovplats-hundsang-hundsoffa-husdjurssang-kattsang-kaffe-brun-92-x-76-x-18-cm\/"},"modified":"2026-03-12T09:01:52","modified_gmt":"2026-03-12T08:01:52","slug":"truusk-hundbadd-utomhus-sovplats-for-hundar-och-katter-mjukt-kudde-robust-design-92-x-76-x-18-cm-kaffe-brun","status":"publish","type":"product","link":"https:\/\/truusk.store\/sv\/produkt\/truusk-hundbadd-utomhus-sovplats-for-hundar-och-katter-mjukt-kudde-robust-design-92-x-76-x-18-cm-kaffe-brun\/","title":{"rendered":"TRUUSK Hundb\u00e4dd Utomhus &#8211; Sovplats f\u00f6r Hundar och Katter &#8211; Mjukt Kudde &#8211; Robust Design &#8211; 92 x 76 x 18 cm &#8211; Kaffe Brun"},"content":{"rendered":"<p>Denna husdjurss\u00e4ng \u00e4r ett bra f\u00f6rem\u00e5l som \u00e4r b\u00e4rbar och l\u00e4tt. Perfekt f\u00f6r personer som gillar att ta med sig sina husdjur n\u00e4r de reser, h\u00e5ller ditt husdjur fr\u00e5n marken. Tillverkad av en metallram med Oxford-tyg, den har sektioner med ventilerande mesh. Djurs\u00e4ngen \u00e4r l\u00e4tt att reng\u00f6ra med tv\u00e5l och vatten och \u00e4r redo f\u00f6r n\u00e4sta resa. Ett bra f\u00f6rem\u00e5l f\u00f6r ditt husdjurs komfort.<\/p>\n<h3>Beskrivning:<\/h3>\n<ul>\n<li>Tillverkad av en metallram<\/li>\n<li>Uppfostrad f\u00f6r att skydda ditt husdjur fr\u00e5n smuts och insekter<\/li>\n<li>V\u00e4lventilerat Textline meshskydd h\u00e5ller husdjuret svalt<\/li>\n<li>Oxford-tyget kommer inte att g\u00e5 s\u00f6nder eller spricka<\/li>\n<li>L\u00e4tt att reng\u00f6ra med tv\u00e5l och vatten<\/li>\n<li>Motst\u00e5ndskraftig mot m\u00f6gel och m\u00f6gel<\/li>\n<li>L\u00e4mplig f\u00f6r stora hundar med en kroppsl\u00e4ngd p\u00e5 mindre \u00e4n 60 cm och en vikt p\u00e5 upp till 30 kg<\/li>\n<li>L\u00e4tt att montera<\/li>\n<\/ul>\n<h3>Teknisk data:<\/h3>\n<ul>\n<li>F\u00e4rg: Brun+svart<\/li>\n<li>Material: Oxfordduk, metall, textlinjen\u00e4t<\/li>\n<li>\u00d6vergripande m\u00e5tt: 92L x 76W x 18H cm<\/li>\n<li>Maskstorlek (per styck): 34,5L x 55W cm<\/li>\n<li>Metallr\u00f6rs diameter: 22mm<\/li>\n<li>Lastkapacitet: 50 kg (l\u00e4mplig f\u00f6r stora hundar)<\/li>\n<\/ul>\n<h3>Leveransens omfattning:<\/h3>\n<ul>\n<li>1 x hunds\u00e4ng<\/li>\n<li>1 x Instruktioner<\/li>\n<\/ul>\n","protected":false},"excerpt":{"rendered":"<p>Denna husdjurss\u00e4ng \u00e4r ett bra f\u00f6rem\u00e5l som \u00e4r b\u00e4rbar och l\u00e4tt. Perfekt f\u00f6r personer som gillar att ta med sig&#8230;<\/p>\n","protected":false},"featured_media":19013,"template":"","meta":[],"product_brand":[],"product_cat":[576,574,573],"product_tag":[],"class_list":{"0":"post-19012","1":"product","2":"type-product","3":"status-publish","4":"has-post-thumbnail","6":"product_cat-hundsangar-hundsoffor","7":"product_cat-hundtillbehor","8":"product_cat-husdjursmaterial","10":"first","11":"instock","12":"sale","13":"taxable","14":"shipping-taxable","15":"purchasable","16":"product-type-simple"},"yoast_head":"<!-- This site is optimized with the Yoast SEO plugin v25.4 - https:\/\/yoast.com\/wordpress\/plugins\/seo\/ -->\n<title>TRUUSK Hundb\u00e4dd Utomhus - Sovplats f\u00f6r Hundar och Katter - Mjukt Kudde - Robust Design - 92 x 76 x 18 cm - Kaffe Brun - TRUUSK - Hem, Tr\u00e4dg\u00e5rd &amp; Fritid<\/title>\n<meta name=\"robots\" content=\"index, follow, max-snippet:-1, max-image-preview:large, max-video-preview:-1\" \/>\n<link rel=\"canonical\" href=\"https:\/\/truusk.store\/sv\/produkt\/truusk-hundbadd-utomhus-sovplats-for-hundar-och-katter-mjukt-kudde-robust-design-92-x-76-x-18-cm-kaffe-brun\/\" \/>\n<meta property=\"og:locale\" content=\"sv_SE\" \/>\n<meta property=\"og:type\" content=\"article\" \/>\n<meta property=\"og:title\" content=\"TRUUSK Hundb\u00e4dd Utomhus - Sovplats f\u00f6r Hundar och Katter - Mjukt Kudde - Robust Design - 92 x 76 x 18 cm - Kaffe Brun - TRUUSK - Hem, Tr\u00e4dg\u00e5rd &amp; Fritid\" \/>\n<meta property=\"og:description\" content=\"Denna husdjurss\u00e4ng \u00e4r ett bra f\u00f6rem\u00e5l som \u00e4r b\u00e4rbar och l\u00e4tt. Perfekt f\u00f6r personer som gillar att ta med sig...\" \/>\n<meta property=\"og:url\" content=\"https:\/\/truusk.store\/sv\/produkt\/truusk-hundbadd-utomhus-sovplats-for-hundar-och-katter-mjukt-kudde-robust-design-92-x-76-x-18-cm-kaffe-brun\/\" \/>\n<meta property=\"og:site_name\" content=\"TRUUSK - Hem, Tr\u00e4dg\u00e5rd &amp; Fritid\" \/>\n<meta property=\"article:modified_time\" content=\"2026-03-12T08:01:52+00:00\" \/>\n<meta property=\"og:image\" content=\"https:\/\/i0.wp.com\/truusk.se\/wp-content\/uploads\/2024\/02\/hundsang-utomhus-sovplats-hundsang-hundsoffa-husdjurssang-kattsang-kaffe-brun-92-x-76-x-18-cm.webp?fit=800%2C800&ssl=1\" \/>\n\t<meta property=\"og:image:width\" content=\"800\" \/>\n\t<meta property=\"og:image:height\" content=\"800\" \/>\n\t<meta property=\"og:image:type\" content=\"image\/webp\" \/>\n<meta name=\"twitter:card\" content=\"summary_large_image\" \/>\n<meta name=\"twitter:label1\" content=\"Ber\u00e4knad l\u00e4stid\" \/>\n\t<meta name=\"twitter:data1\" content=\"1 minut\" \/>\n<!-- \/ Yoast SEO plugin. -->","yoast_head_json":{"title":"TRUUSK Hundb\u00e4dd Utomhus - Sovplats f\u00f6r Hundar och Katter - Mjukt Kudde - Robust Design - 92 x 76 x 18 cm - Kaffe Brun - TRUUSK - Hem, Tr\u00e4dg\u00e5rd &amp; Fritid","robots":{"index":"index","follow":"follow","max-snippet":"max-snippet:-1","max-image-preview":"max-image-preview:large","max-video-preview":"max-video-preview:-1"},"canonical":"https:\/\/truusk.store\/sv\/produkt\/truusk-hundbadd-utomhus-sovplats-for-hundar-och-katter-mjukt-kudde-robust-design-92-x-76-x-18-cm-kaffe-brun\/","og_locale":"sv_SE","og_type":"article","og_title":"TRUUSK Hundb\u00e4dd Utomhus - Sovplats f\u00f6r Hundar och Katter - Mjukt Kudde - Robust Design - 92 x 76 x 18 cm - Kaffe Brun - TRUUSK - Hem, Tr\u00e4dg\u00e5rd &amp; Fritid","og_description":"Denna husdjurss\u00e4ng \u00e4r ett bra f\u00f6rem\u00e5l som \u00e4r b\u00e4rbar och l\u00e4tt. Perfekt f\u00f6r personer som gillar att ta med sig...","og_url":"https:\/\/truusk.store\/sv\/produkt\/truusk-hundbadd-utomhus-sovplats-for-hundar-och-katter-mjukt-kudde-robust-design-92-x-76-x-18-cm-kaffe-brun\/","og_site_name":"TRUUSK - Hem, Tr\u00e4dg\u00e5rd &amp; Fritid","article_modified_time":"2026-03-12T08:01:52+00:00","og_image":[{"width":800,"height":800,"url":"https:\/\/i0.wp.com\/truusk.se\/wp-content\/uploads\/2024\/02\/hundsang-utomhus-sovplats-hundsang-hundsoffa-husdjurssang-kattsang-kaffe-brun-92-x-76-x-18-cm.webp?fit=800%2C800&ssl=1","type":"image\/webp"}],"twitter_card":"summary_large_image","twitter_misc":{"Ber\u00e4knad l\u00e4stid":"1 minut"},"schema":{"@context":"https:\/\/schema.org","@graph":[{"@type":"WebPage","@id":"https:\/\/truusk.store\/sv\/produkt\/truusk-hundbadd-utomhus-sovplats-for-hundar-och-katter-mjukt-kudde-robust-design-92-x-76-x-18-cm-kaffe-brun\/","url":"https:\/\/truusk.store\/sv\/produkt\/truusk-hundbadd-utomhus-sovplats-for-hundar-och-katter-mjukt-kudde-robust-design-92-x-76-x-18-cm-kaffe-brun\/","name":"TRUUSK Hundb\u00e4dd Utomhus - Sovplats f\u00f6r Hundar och Katter - Mjukt Kudde - Robust Design - 92 x 76 x 18 cm - Kaffe Brun - TRUUSK - Hem, Tr\u00e4dg\u00e5rd &amp; Fritid","isPartOf":{"@id":"https:\/\/truusk.store\/sv\/#website"},"primaryImageOfPage":{"@id":"https:\/\/truusk.store\/sv\/produkt\/truusk-hundbadd-utomhus-sovplats-for-hundar-och-katter-mjukt-kudde-robust-design-92-x-76-x-18-cm-kaffe-brun\/#primaryimage"},"image":{"@id":"https:\/\/truusk.store\/sv\/produkt\/truusk-hundbadd-utomhus-sovplats-for-hundar-och-katter-mjukt-kudde-robust-design-92-x-76-x-18-cm-kaffe-brun\/#primaryimage"},"thumbnailUrl":"https:\/\/i0.wp.com\/truusk.store\/wp-content\/uploads\/2024\/02\/hundsang-utomhus-sovplats-hundsang-hundsoffa-husdjurssang-kattsang-kaffe-brun-92-x-76-x-18-cm.webp?fit=800%2C800&ssl=1","datePublished":"2024-02-13T13:38:55+00:00","dateModified":"2026-03-12T08:01:52+00:00","breadcrumb":{"@id":"https:\/\/truusk.store\/sv\/produkt\/truusk-hundbadd-utomhus-sovplats-for-hundar-och-katter-mjukt-kudde-robust-design-92-x-76-x-18-cm-kaffe-brun\/#breadcrumb"},"inLanguage":"sv-SE","potentialAction":[{"@type":"ReadAction","target":["https:\/\/truusk.store\/sv\/produkt\/truusk-hundbadd-utomhus-sovplats-for-hundar-och-katter-mjukt-kudde-robust-design-92-x-76-x-18-cm-kaffe-brun\/"]}]},{"@type":"ImageObject","inLanguage":"sv-SE","@id":"https:\/\/truusk.store\/sv\/produkt\/truusk-hundbadd-utomhus-sovplats-for-hundar-och-katter-mjukt-kudde-robust-design-92-x-76-x-18-cm-kaffe-brun\/#primaryimage","url":"https:\/\/i0.wp.com\/truusk.store\/wp-content\/uploads\/2024\/02\/hundsang-utomhus-sovplats-hundsang-hundsoffa-husdjurssang-kattsang-kaffe-brun-92-x-76-x-18-cm.webp?fit=800%2C800&ssl=1","contentUrl":"https:\/\/i0.wp.com\/truusk.store\/wp-content\/uploads\/2024\/02\/hundsang-utomhus-sovplats-hundsang-hundsoffa-husdjurssang-kattsang-kaffe-brun-92-x-76-x-18-cm.webp?fit=800%2C800&ssl=1","width":800,"height":800,"caption":"Hunds\u00e4ng Utomhus Sovplats Hunds\u00e4ng Hundsoffa Husdjurss\u00e4ng Katts\u00e4ng Kaffe Brun 92 X 76 X 18 Cm 1"},{"@type":"BreadcrumbList","@id":"https:\/\/truusk.store\/sv\/produkt\/truusk-hundbadd-utomhus-sovplats-for-hundar-och-katter-mjukt-kudde-robust-design-92-x-76-x-18-cm-kaffe-brun\/#breadcrumb","itemListElement":[{"@type":"ListItem","position":1,"name":"Home","item":"https:\/\/truusk.store\/sv\/"},{"@type":"ListItem","position":2,"name":"Shop","item":"https:\/\/truusk.store\/shop\/"},{"@type":"ListItem","position":3,"name":"TRUUSK Hundb\u00e4dd Utomhus &#8211; Sovplats f\u00f6r Hundar och Katter &#8211; Mjukt Kudde &#8211; Robust Design &#8211; 92 x 76 x 18 cm &#8211; Kaffe Brun"}]},{"@type":"WebSite","@id":"https:\/\/truusk.store\/sv\/#website","url":"https:\/\/truusk.store\/sv\/","name":"TRUUSK - Hem, Tr\u00e4dg\u00e5rd & Fritid","description":"","publisher":{"@id":"https:\/\/truusk.store\/sv\/#organization"},"potentialAction":[{"@type":"SearchAction","target":{"@type":"EntryPoint","urlTemplate":"https:\/\/truusk.store\/sv\/?s={search_term_string}"},"query-input":{"@type":"PropertyValueSpecification","valueRequired":true,"valueName":"search_term_string"}}],"inLanguage":"sv-SE"},{"@type":"Organization","@id":"https:\/\/truusk.store\/sv\/#organization","name":"TRUUSK - Hem, Tr\u00e4dg\u00e5rd & Fritid","url":"https:\/\/truusk.store\/sv\/","logo":{"@type":"ImageObject","inLanguage":"sv-SE","@id":"https:\/\/truusk.store\/sv\/#\/schema\/logo\/image\/","url":"https:\/\/i0.wp.com\/truusk.store\/wp-content\/uploads\/2026\/03\/cropped-TRUUSK.png?fit=2032%2C917&ssl=1","contentUrl":"https:\/\/i0.wp.com\/truusk.store\/wp-content\/uploads\/2026\/03\/cropped-TRUUSK.png?fit=2032%2C917&ssl=1","width":2032,"height":917,"caption":"TRUUSK - Hem, Tr\u00e4dg\u00e5rd & Fritid"},"image":{"@id":"https:\/\/truusk.store\/sv\/#\/schema\/logo\/image\/"}}]}},"jetpack_sharing_enabled":true,"_links":{"self":[{"href":"https:\/\/truusk.store\/sv\/wp-json\/wp\/v2\/product\/19012","targetHints":{"allow":["GET"]}}],"collection":[{"href":"https:\/\/truusk.store\/sv\/wp-json\/wp\/v2\/product"}],"about":[{"href":"https:\/\/truusk.store\/sv\/wp-json\/wp\/v2\/types\/product"}],"wp:featuredmedia":[{"embeddable":true,"href":"https:\/\/truusk.store\/sv\/wp-json\/wp\/v2\/media\/19013"}],"wp:attachment":[{"href":"https:\/\/truusk.store\/sv\/wp-json\/wp\/v2\/media?parent=19012"}],"wp:term":[{"taxonomy":"product_brand","embeddable":true,"href":"https:\/\/truusk.store\/sv\/wp-json\/wp\/v2\/product_brand?post=19012"},{"taxonomy":"product_cat","embeddable":true,"href":"https:\/\/truusk.store\/sv\/wp-json\/wp\/v2\/product_cat?post=19012"},{"taxonomy":"product_tag","embeddable":true,"href":"https:\/\/truusk.store\/sv\/wp-json\/wp\/v2\/product_tag?post=19012"}],"curies":[{"name":"wp","href":"https:\/\/api.w.org\/{rel}","templated":true}]}}