{"id":19024,"date":"2024-02-13T14:39:18","date_gmt":"2024-02-13T13:39:18","guid":{"rendered":"https:\/\/truusk.store\/product\/blomstativ-blomhylla-vaxthylla-blombank-3-vaningar-grantra-modell-8\/"},"modified":"2026-03-12T09:01:52","modified_gmt":"2026-03-12T08:01:52","slug":"truusk-blomstativ-med-3-vaningar-i-grantra-perfekt-for-vaxter-stabil-och-elegant-design-enkel-att-montera-modell-8","status":"publish","type":"product","link":"https:\/\/truusk.store\/sv\/produkt\/truusk-blomstativ-med-3-vaningar-i-grantra-perfekt-for-vaxter-stabil-och-elegant-design-enkel-att-montera-modell-8\/","title":{"rendered":"TRUUSK Blomstativ med 3 v\u00e5ningar i grantr\u00e4 &#8211; Perfekt f\u00f6r v\u00e4xter &#8211; Stabil och elegant design &#8211; Enkel att montera &#8211; Modell 8"},"content":{"rendered":"<p>Denna blomhylla med tre niv\u00e5er \u00e4r ett praktiskt och dekorativt blickf\u00e5ng f\u00f6r din balkong, tr\u00e4dg\u00e5rd, terrass eller till och med entr\u00e9n. Den \u00e4r gjord av r\u00f6tbest\u00e4ndig gran och har d\u00e4rf\u00f6r en h\u00f6g niv\u00e5 av stabilitet och b\u00e4rf\u00f6rm\u00e5ga. Tack vare de tre stora hyllorna finns det gott om plats f\u00f6r blomkrukor p\u00e5 blomhyllan.<\/p>\n<h3>Beskrivning:<\/h3>\n<ul>\n<li>Planttrappa i naturlig f\u00e4rg f\u00f6r blommor eller v\u00e4xter<\/li>\n<li>Idealisk f\u00f6r utomhusomr\u00e5den som balkonger, terrasser eller tr\u00e4dg\u00e5rdar<\/li>\n<li>Tillverkad av massivt, r\u00f6tbest\u00e4ndigt grantr\u00e4 i stilren design<\/li>\n<li>3 v\u00e5ningar ger tillr\u00e4ckligt med utrymme<\/li>\n<li>H\u00f6g lastkapacitet p\u00e5 upp till 50 kg<\/li>\n<li>Enkel och snabb montering<\/li>\n<\/ul>\n<h3>Teknisk data:<\/h3>\n<ul>\n<li>Material: gran<\/li>\n<li>F\u00e4rg: Naturlig<\/li>\n<li>\u00d6vergripande m\u00e5tt: L75 x B38 x H120cm<\/li>\n<li>V\u00e5gm\u00e5tt: L75 x B30cm<\/li>\n<li>Vikt: ca 10kg<\/li>\n<li>Max lastkapacitet: 50kg<\/li>\n<\/ul>\n<h3>Leveransens omfattning:<\/h3>\n<ul>\n<li>1 x Blomsterst\u00e4ll Dekorationen som visas p\u00e5 bilden ing\u00e5r inte.<\/li>\n<\/ul>\n","protected":false},"excerpt":{"rendered":"<p>Denna blomhylla med tre niv\u00e5er \u00e4r ett praktiskt och dekorativt blickf\u00e5ng f\u00f6r din balkong, tr\u00e4dg\u00e5rd, terrass eller till och med&#8230;<\/p>\n","protected":false},"featured_media":19025,"template":"","meta":[],"product_brand":[],"product_cat":[448,435,443,734],"product_tag":[],"class_list":{"0":"post-19024","1":"product","2":"type-product","3":"status-publish","4":"has-post-thumbnail","6":"product_cat-plantera-trappor-hyllor","7":"product_cat-tradgard-och-terrass","8":"product_cat-vaxthus-tradgardsskotsel","9":"product_cat-vaxthyllor","11":"first","12":"instock","13":"sale","14":"taxable","15":"shipping-taxable","16":"purchasable","17":"product-type-simple"},"yoast_head":"<!-- This site is optimized with the Yoast SEO plugin v25.4 - https:\/\/yoast.com\/wordpress\/plugins\/seo\/ -->\n<title>TRUUSK Blomstativ med 3 v\u00e5ningar i grantr\u00e4 - Perfekt f\u00f6r v\u00e4xter - Stabil och elegant design - Enkel att montera - Modell 8 - TRUUSK - Hem, Tr\u00e4dg\u00e5rd &amp; Fritid<\/title>\n<meta name=\"robots\" content=\"index, follow, max-snippet:-1, max-image-preview:large, max-video-preview:-1\" \/>\n<link rel=\"canonical\" href=\"https:\/\/truusk.store\/sv\/produkt\/truusk-blomstativ-med-3-vaningar-i-grantra-perfekt-for-vaxter-stabil-och-elegant-design-enkel-att-montera-modell-8\/\" \/>\n<meta property=\"og:locale\" content=\"sv_SE\" \/>\n<meta property=\"og:type\" content=\"article\" \/>\n<meta property=\"og:title\" content=\"TRUUSK Blomstativ med 3 v\u00e5ningar i grantr\u00e4 - Perfekt f\u00f6r v\u00e4xter - Stabil och elegant design - Enkel att montera - Modell 8 - TRUUSK - Hem, Tr\u00e4dg\u00e5rd &amp; Fritid\" \/>\n<meta property=\"og:description\" content=\"Denna blomhylla med tre niv\u00e5er \u00e4r ett praktiskt och dekorativt blickf\u00e5ng f\u00f6r din balkong, tr\u00e4dg\u00e5rd, terrass eller till och med...\" \/>\n<meta property=\"og:url\" content=\"https:\/\/truusk.store\/sv\/produkt\/truusk-blomstativ-med-3-vaningar-i-grantra-perfekt-for-vaxter-stabil-och-elegant-design-enkel-att-montera-modell-8\/\" \/>\n<meta property=\"og:site_name\" content=\"TRUUSK - Hem, Tr\u00e4dg\u00e5rd &amp; Fritid\" \/>\n<meta property=\"article:modified_time\" content=\"2026-03-12T08:01:52+00:00\" \/>\n<meta property=\"og:image\" content=\"https:\/\/i0.wp.com\/truusk.se\/wp-content\/uploads\/2024\/02\/blomstativ-blomhylla-vaxthylla-blombank-3-vaningar-grantra-modell-8.webp?fit=800%2C800&ssl=1\" \/>\n\t<meta property=\"og:image:width\" content=\"800\" \/>\n\t<meta property=\"og:image:height\" content=\"800\" \/>\n\t<meta property=\"og:image:type\" content=\"image\/webp\" \/>\n<meta name=\"twitter:card\" content=\"summary_large_image\" \/>\n<meta name=\"twitter:label1\" content=\"Ber\u00e4knad l\u00e4stid\" \/>\n\t<meta name=\"twitter:data1\" content=\"1 minut\" \/>\n<!-- \/ Yoast SEO plugin. -->","yoast_head_json":{"title":"TRUUSK Blomstativ med 3 v\u00e5ningar i grantr\u00e4 - Perfekt f\u00f6r v\u00e4xter - Stabil och elegant design - Enkel att montera - Modell 8 - TRUUSK - Hem, Tr\u00e4dg\u00e5rd &amp; Fritid","robots":{"index":"index","follow":"follow","max-snippet":"max-snippet:-1","max-image-preview":"max-image-preview:large","max-video-preview":"max-video-preview:-1"},"canonical":"https:\/\/truusk.store\/sv\/produkt\/truusk-blomstativ-med-3-vaningar-i-grantra-perfekt-for-vaxter-stabil-och-elegant-design-enkel-att-montera-modell-8\/","og_locale":"sv_SE","og_type":"article","og_title":"TRUUSK Blomstativ med 3 v\u00e5ningar i grantr\u00e4 - Perfekt f\u00f6r v\u00e4xter - Stabil och elegant design - Enkel att montera - Modell 8 - TRUUSK - Hem, Tr\u00e4dg\u00e5rd &amp; Fritid","og_description":"Denna blomhylla med tre niv\u00e5er \u00e4r ett praktiskt och dekorativt blickf\u00e5ng f\u00f6r din balkong, tr\u00e4dg\u00e5rd, terrass eller till och med...","og_url":"https:\/\/truusk.store\/sv\/produkt\/truusk-blomstativ-med-3-vaningar-i-grantra-perfekt-for-vaxter-stabil-och-elegant-design-enkel-att-montera-modell-8\/","og_site_name":"TRUUSK - Hem, Tr\u00e4dg\u00e5rd &amp; Fritid","article_modified_time":"2026-03-12T08:01:52+00:00","og_image":[{"width":800,"height":800,"url":"https:\/\/i0.wp.com\/truusk.se\/wp-content\/uploads\/2024\/02\/blomstativ-blomhylla-vaxthylla-blombank-3-vaningar-grantra-modell-8.webp?fit=800%2C800&ssl=1","type":"image\/webp"}],"twitter_card":"summary_large_image","twitter_misc":{"Ber\u00e4knad l\u00e4stid":"1 minut"},"schema":{"@context":"https:\/\/schema.org","@graph":[{"@type":"WebPage","@id":"https:\/\/truusk.store\/sv\/produkt\/truusk-blomstativ-med-3-vaningar-i-grantra-perfekt-for-vaxter-stabil-och-elegant-design-enkel-att-montera-modell-8\/","url":"https:\/\/truusk.store\/sv\/produkt\/truusk-blomstativ-med-3-vaningar-i-grantra-perfekt-for-vaxter-stabil-och-elegant-design-enkel-att-montera-modell-8\/","name":"TRUUSK Blomstativ med 3 v\u00e5ningar i grantr\u00e4 - Perfekt f\u00f6r v\u00e4xter - Stabil och elegant design - Enkel att montera - Modell 8 - TRUUSK - Hem, Tr\u00e4dg\u00e5rd &amp; Fritid","isPartOf":{"@id":"https:\/\/truusk.store\/sv\/#website"},"primaryImageOfPage":{"@id":"https:\/\/truusk.store\/sv\/produkt\/truusk-blomstativ-med-3-vaningar-i-grantra-perfekt-for-vaxter-stabil-och-elegant-design-enkel-att-montera-modell-8\/#primaryimage"},"image":{"@id":"https:\/\/truusk.store\/sv\/produkt\/truusk-blomstativ-med-3-vaningar-i-grantra-perfekt-for-vaxter-stabil-och-elegant-design-enkel-att-montera-modell-8\/#primaryimage"},"thumbnailUrl":"https:\/\/i0.wp.com\/truusk.store\/wp-content\/uploads\/2024\/02\/blomstativ-blomhylla-vaxthylla-blombank-3-vaningar-grantra-modell-8.webp?fit=800%2C800&ssl=1","datePublished":"2024-02-13T13:39:18+00:00","dateModified":"2026-03-12T08:01:52+00:00","breadcrumb":{"@id":"https:\/\/truusk.store\/sv\/produkt\/truusk-blomstativ-med-3-vaningar-i-grantra-perfekt-for-vaxter-stabil-och-elegant-design-enkel-att-montera-modell-8\/#breadcrumb"},"inLanguage":"sv-SE","potentialAction":[{"@type":"ReadAction","target":["https:\/\/truusk.store\/sv\/produkt\/truusk-blomstativ-med-3-vaningar-i-grantra-perfekt-for-vaxter-stabil-och-elegant-design-enkel-att-montera-modell-8\/"]}]},{"@type":"ImageObject","inLanguage":"sv-SE","@id":"https:\/\/truusk.store\/sv\/produkt\/truusk-blomstativ-med-3-vaningar-i-grantra-perfekt-for-vaxter-stabil-och-elegant-design-enkel-att-montera-modell-8\/#primaryimage","url":"https:\/\/i0.wp.com\/truusk.store\/wp-content\/uploads\/2024\/02\/blomstativ-blomhylla-vaxthylla-blombank-3-vaningar-grantra-modell-8.webp?fit=800%2C800&ssl=1","contentUrl":"https:\/\/i0.wp.com\/truusk.store\/wp-content\/uploads\/2024\/02\/blomstativ-blomhylla-vaxthylla-blombank-3-vaningar-grantra-modell-8.webp?fit=800%2C800&ssl=1","width":800,"height":800,"caption":"Blomstativ Blomhylla V\u00e4xthylla Blomb\u00e4nk 3 V\u00e5ningar Grantr\u00e4 (modell 8) 1"},{"@type":"BreadcrumbList","@id":"https:\/\/truusk.store\/sv\/produkt\/truusk-blomstativ-med-3-vaningar-i-grantra-perfekt-for-vaxter-stabil-och-elegant-design-enkel-att-montera-modell-8\/#breadcrumb","itemListElement":[{"@type":"ListItem","position":1,"name":"Home","item":"https:\/\/truusk.store\/sv\/"},{"@type":"ListItem","position":2,"name":"Shop","item":"https:\/\/truusk.store\/shop\/"},{"@type":"ListItem","position":3,"name":"TRUUSK Blomstativ med 3 v\u00e5ningar i grantr\u00e4 &#8211; Perfekt f\u00f6r v\u00e4xter &#8211; Stabil och elegant design &#8211; Enkel att montera &#8211; Modell 8"}]},{"@type":"WebSite","@id":"https:\/\/truusk.store\/sv\/#website","url":"https:\/\/truusk.store\/sv\/","name":"TRUUSK - Hem, Tr\u00e4dg\u00e5rd & Fritid","description":"","publisher":{"@id":"https:\/\/truusk.store\/sv\/#organization"},"potentialAction":[{"@type":"SearchAction","target":{"@type":"EntryPoint","urlTemplate":"https:\/\/truusk.store\/sv\/?s={search_term_string}"},"query-input":{"@type":"PropertyValueSpecification","valueRequired":true,"valueName":"search_term_string"}}],"inLanguage":"sv-SE"},{"@type":"Organization","@id":"https:\/\/truusk.store\/sv\/#organization","name":"TRUUSK - Hem, Tr\u00e4dg\u00e5rd & Fritid","url":"https:\/\/truusk.store\/sv\/","logo":{"@type":"ImageObject","inLanguage":"sv-SE","@id":"https:\/\/truusk.store\/sv\/#\/schema\/logo\/image\/","url":"https:\/\/i0.wp.com\/truusk.store\/wp-content\/uploads\/2026\/03\/cropped-TRUUSK.png?fit=2032%2C917&ssl=1","contentUrl":"https:\/\/i0.wp.com\/truusk.store\/wp-content\/uploads\/2026\/03\/cropped-TRUUSK.png?fit=2032%2C917&ssl=1","width":2032,"height":917,"caption":"TRUUSK - Hem, Tr\u00e4dg\u00e5rd & Fritid"},"image":{"@id":"https:\/\/truusk.store\/sv\/#\/schema\/logo\/image\/"}}]}},"jetpack_sharing_enabled":true,"_links":{"self":[{"href":"https:\/\/truusk.store\/sv\/wp-json\/wp\/v2\/product\/19024","targetHints":{"allow":["GET"]}}],"collection":[{"href":"https:\/\/truusk.store\/sv\/wp-json\/wp\/v2\/product"}],"about":[{"href":"https:\/\/truusk.store\/sv\/wp-json\/wp\/v2\/types\/product"}],"wp:featuredmedia":[{"embeddable":true,"href":"https:\/\/truusk.store\/sv\/wp-json\/wp\/v2\/media\/19025"}],"wp:attachment":[{"href":"https:\/\/truusk.store\/sv\/wp-json\/wp\/v2\/media?parent=19024"}],"wp:term":[{"taxonomy":"product_brand","embeddable":true,"href":"https:\/\/truusk.store\/sv\/wp-json\/wp\/v2\/product_brand?post=19024"},{"taxonomy":"product_cat","embeddable":true,"href":"https:\/\/truusk.store\/sv\/wp-json\/wp\/v2\/product_cat?post=19024"},{"taxonomy":"product_tag","embeddable":true,"href":"https:\/\/truusk.store\/sv\/wp-json\/wp\/v2\/product_tag?post=19024"}],"curies":[{"name":"wp","href":"https:\/\/api.w.org\/{rel}","templated":true}]}}