{"id":19048,"date":"2024-02-13T14:40:20","date_gmt":"2024-02-13T13:40:20","guid":{"rendered":"https:\/\/truusk.store\/product\/fatolj-gastmadrass-golvstol-justerbart-ryggstod-velourlook-55-cm-x-71-cm-x-535-cm-bla\/"},"modified":"2026-03-12T09:02:04","modified_gmt":"2026-03-12T08:02:04","slug":"truusk-golvstol-med-justerbart-ryggstod-velourlook-matt-55-cm-x-71-cm-x-535-cm-bla","status":"publish","type":"product","link":"https:\/\/truusk.store\/sv\/produkt\/truusk-golvstol-med-justerbart-ryggstod-velourlook-matt-55-cm-x-71-cm-x-535-cm-bla\/","title":{"rendered":"TRUUSK Golvstol med Justerbart Ryggst\u00f6d &#8211; Velourlook &#8211; M\u00e5tt 55 cm x 71 cm x 53,5 cm &#8211; Bl\u00e5"},"content":{"rendered":"<p>Om du letar efter ett bekv\u00e4mt multifunktionssittalternativ f\u00f6r ditt vardagsrum, kontor eller sovrum, erbjuder golvsoffan dig den optimala l\u00f6sningen. Den 13-v\u00e4gs justerbara lutningsvinkeln erbjuder en m\u00e4ngd olika alternativ &#8211; oavsett om det \u00e4r en soffa, en sovplats eller allt d\u00e4remellan. Den \u00e4r idealisk f\u00f6r anv\u00e4ndning n\u00e4r du spelar, tittar p\u00e5 TV eller kopplar av f\u00f6r en kort tupplur.<\/p>\n<h3>Beskrivning:<\/h3>\n<ul>\n<li>Med sin 3-i-1-design kan den g\u00f6ras om till en soffa, solstol eller s\u00e4ng f\u00f6r att m\u00f6ta olika behov<\/li>\n<li>Det justerbara ryggst\u00f6det kan l\u00e5sas i 13 fasta niv\u00e5er<\/li>\n<li>Perfekt att anv\u00e4nda n\u00e4r du spelar, tittar p\u00e5 TV eller kopplar av f\u00f6r en kort tupplur<\/li>\n<li>Inbjudande utseende passar de flesta moderna och traditionella dekorationer<\/li>\n<li>Det \u00e4r ett bra komplement till ditt sovrum, hemmakontor, vardagsrum<\/li>\n<li>Den 12 cm tjocka stoppningen \u00e4r vadderad med h\u00f6gdensitetsskum<\/li>\n<li>Kl\u00e4dd i mjuk polyesterflanell f\u00f6r komfort och enkel reng\u00f6ring<\/li>\n<li>Ingen montering kr\u00e4vs<\/li>\n<\/ul>\n<h3>Teknisk data:<\/h3>\n<ul>\n<li>F\u00e4rg bl\u00e5<\/li>\n<li>Material: metall, polyester, skum<\/li>\n<li>Stativstorlek: 55W x 71D x 53,5H cm<\/li>\n<li>Platt format: 55W x 108D x 14H cm<\/li>\n<li>Lastkapacitet: 120 kg<\/li>\n<\/ul>\n<h3>Leveransens omfattning:<\/h3>\n<ul>\n<li>1 x Golvsoffa<\/li>\n<li>1 x Instruktioner<\/li>\n<\/ul>\n","protected":false},"excerpt":{"rendered":"<p>Om du letar efter ett bekv\u00e4mt multifunktionssittalternativ f\u00f6r ditt vardagsrum, kontor eller sovrum, erbjuder golvsoffan dig den optimala l\u00f6sningen. Den&#8230;<\/p>\n","protected":false},"featured_media":19049,"template":"","meta":[],"product_brand":[],"product_cat":[485,538,537],"product_tag":[],"class_list":{"0":"post-19048","1":"product","2":"type-product","3":"status-publish","4":"has-post-thumbnail","6":"product_cat-hus-bo","7":"product_cat-sittdyna","8":"product_cat-sittplatser-bankar","10":"first","11":"instock","12":"sale","13":"taxable","14":"shipping-taxable","15":"purchasable","16":"product-type-simple"},"yoast_head":"<!-- This site is optimized with the Yoast SEO plugin v25.4 - https:\/\/yoast.com\/wordpress\/plugins\/seo\/ -->\n<title>TRUUSK Golvstol med Justerbart Ryggst\u00f6d - Velourlook - M\u00e5tt 55 cm x 71 cm x 53,5 cm - Bl\u00e5 - TRUUSK - Hem, Tr\u00e4dg\u00e5rd &amp; Fritid<\/title>\n<meta name=\"robots\" content=\"index, follow, max-snippet:-1, max-image-preview:large, max-video-preview:-1\" \/>\n<link rel=\"canonical\" href=\"https:\/\/truusk.store\/sv\/produkt\/truusk-golvstol-med-justerbart-ryggstod-velourlook-matt-55-cm-x-71-cm-x-535-cm-bla\/\" \/>\n<meta property=\"og:locale\" content=\"sv_SE\" \/>\n<meta property=\"og:type\" content=\"article\" \/>\n<meta property=\"og:title\" content=\"TRUUSK Golvstol med Justerbart Ryggst\u00f6d - Velourlook - M\u00e5tt 55 cm x 71 cm x 53,5 cm - Bl\u00e5 - TRUUSK - Hem, Tr\u00e4dg\u00e5rd &amp; Fritid\" \/>\n<meta property=\"og:description\" content=\"Om du letar efter ett bekv\u00e4mt multifunktionssittalternativ f\u00f6r ditt vardagsrum, kontor eller sovrum, erbjuder golvsoffan dig den optimala l\u00f6sningen. Den...\" \/>\n<meta property=\"og:url\" content=\"https:\/\/truusk.store\/sv\/produkt\/truusk-golvstol-med-justerbart-ryggstod-velourlook-matt-55-cm-x-71-cm-x-535-cm-bla\/\" \/>\n<meta property=\"og:site_name\" content=\"TRUUSK - Hem, Tr\u00e4dg\u00e5rd &amp; Fritid\" \/>\n<meta property=\"article:modified_time\" content=\"2026-03-12T08:02:04+00:00\" \/>\n<meta property=\"og:image\" content=\"https:\/\/i0.wp.com\/truusk.se\/wp-content\/uploads\/2024\/02\/fatolj-gastmadrass-golvstol-justerbart-ryggstod-velourlook-55-cm-x-71-cm-x-535-cm-bla.webp?fit=800%2C800&ssl=1\" \/>\n\t<meta property=\"og:image:width\" content=\"800\" \/>\n\t<meta property=\"og:image:height\" content=\"800\" \/>\n\t<meta property=\"og:image:type\" content=\"image\/webp\" \/>\n<meta name=\"twitter:card\" content=\"summary_large_image\" \/>\n<meta name=\"twitter:label1\" content=\"Ber\u00e4knad l\u00e4stid\" \/>\n\t<meta name=\"twitter:data1\" content=\"1 minut\" \/>\n<!-- \/ Yoast SEO plugin. -->","yoast_head_json":{"title":"TRUUSK Golvstol med Justerbart Ryggst\u00f6d - Velourlook - M\u00e5tt 55 cm x 71 cm x 53,5 cm - Bl\u00e5 - TRUUSK - Hem, Tr\u00e4dg\u00e5rd &amp; Fritid","robots":{"index":"index","follow":"follow","max-snippet":"max-snippet:-1","max-image-preview":"max-image-preview:large","max-video-preview":"max-video-preview:-1"},"canonical":"https:\/\/truusk.store\/sv\/produkt\/truusk-golvstol-med-justerbart-ryggstod-velourlook-matt-55-cm-x-71-cm-x-535-cm-bla\/","og_locale":"sv_SE","og_type":"article","og_title":"TRUUSK Golvstol med Justerbart Ryggst\u00f6d - Velourlook - M\u00e5tt 55 cm x 71 cm x 53,5 cm - Bl\u00e5 - TRUUSK - Hem, Tr\u00e4dg\u00e5rd &amp; Fritid","og_description":"Om du letar efter ett bekv\u00e4mt multifunktionssittalternativ f\u00f6r ditt vardagsrum, kontor eller sovrum, erbjuder golvsoffan dig den optimala l\u00f6sningen. Den...","og_url":"https:\/\/truusk.store\/sv\/produkt\/truusk-golvstol-med-justerbart-ryggstod-velourlook-matt-55-cm-x-71-cm-x-535-cm-bla\/","og_site_name":"TRUUSK - Hem, Tr\u00e4dg\u00e5rd &amp; Fritid","article_modified_time":"2026-03-12T08:02:04+00:00","og_image":[{"width":800,"height":800,"url":"https:\/\/i0.wp.com\/truusk.se\/wp-content\/uploads\/2024\/02\/fatolj-gastmadrass-golvstol-justerbart-ryggstod-velourlook-55-cm-x-71-cm-x-535-cm-bla.webp?fit=800%2C800&ssl=1","type":"image\/webp"}],"twitter_card":"summary_large_image","twitter_misc":{"Ber\u00e4knad l\u00e4stid":"1 minut"},"schema":{"@context":"https:\/\/schema.org","@graph":[{"@type":"WebPage","@id":"https:\/\/truusk.store\/sv\/produkt\/truusk-golvstol-med-justerbart-ryggstod-velourlook-matt-55-cm-x-71-cm-x-535-cm-bla\/","url":"https:\/\/truusk.store\/sv\/produkt\/truusk-golvstol-med-justerbart-ryggstod-velourlook-matt-55-cm-x-71-cm-x-535-cm-bla\/","name":"TRUUSK Golvstol med Justerbart Ryggst\u00f6d - Velourlook - M\u00e5tt 55 cm x 71 cm x 53,5 cm - Bl\u00e5 - TRUUSK - Hem, Tr\u00e4dg\u00e5rd &amp; Fritid","isPartOf":{"@id":"https:\/\/truusk.store\/sv\/#website"},"primaryImageOfPage":{"@id":"https:\/\/truusk.store\/sv\/produkt\/truusk-golvstol-med-justerbart-ryggstod-velourlook-matt-55-cm-x-71-cm-x-535-cm-bla\/#primaryimage"},"image":{"@id":"https:\/\/truusk.store\/sv\/produkt\/truusk-golvstol-med-justerbart-ryggstod-velourlook-matt-55-cm-x-71-cm-x-535-cm-bla\/#primaryimage"},"thumbnailUrl":"https:\/\/i0.wp.com\/truusk.store\/wp-content\/uploads\/2024\/02\/fatolj-gastmadrass-golvstol-justerbart-ryggstod-velourlook-55-cm-x-71-cm-x-535-cm-bla.webp?fit=800%2C800&ssl=1","datePublished":"2024-02-13T13:40:20+00:00","dateModified":"2026-03-12T08:02:04+00:00","breadcrumb":{"@id":"https:\/\/truusk.store\/sv\/produkt\/truusk-golvstol-med-justerbart-ryggstod-velourlook-matt-55-cm-x-71-cm-x-535-cm-bla\/#breadcrumb"},"inLanguage":"sv-SE","potentialAction":[{"@type":"ReadAction","target":["https:\/\/truusk.store\/sv\/produkt\/truusk-golvstol-med-justerbart-ryggstod-velourlook-matt-55-cm-x-71-cm-x-535-cm-bla\/"]}]},{"@type":"ImageObject","inLanguage":"sv-SE","@id":"https:\/\/truusk.store\/sv\/produkt\/truusk-golvstol-med-justerbart-ryggstod-velourlook-matt-55-cm-x-71-cm-x-535-cm-bla\/#primaryimage","url":"https:\/\/i0.wp.com\/truusk.store\/wp-content\/uploads\/2024\/02\/fatolj-gastmadrass-golvstol-justerbart-ryggstod-velourlook-55-cm-x-71-cm-x-535-cm-bla.webp?fit=800%2C800&ssl=1","contentUrl":"https:\/\/i0.wp.com\/truusk.store\/wp-content\/uploads\/2024\/02\/fatolj-gastmadrass-golvstol-justerbart-ryggstod-velourlook-55-cm-x-71-cm-x-535-cm-bla.webp?fit=800%2C800&ssl=1","width":800,"height":800,"caption":"F\u00e5t\u00f6lj G\u00e4stmadrass Golvstol, Justerbart Ryggst\u00f6d, Velourlook, 55 Cm X 71 Cm X 53,5 Cm, Bl\u00e5 1"},{"@type":"BreadcrumbList","@id":"https:\/\/truusk.store\/sv\/produkt\/truusk-golvstol-med-justerbart-ryggstod-velourlook-matt-55-cm-x-71-cm-x-535-cm-bla\/#breadcrumb","itemListElement":[{"@type":"ListItem","position":1,"name":"Home","item":"https:\/\/truusk.store\/sv\/"},{"@type":"ListItem","position":2,"name":"Shop","item":"https:\/\/truusk.store\/shop\/"},{"@type":"ListItem","position":3,"name":"TRUUSK Golvstol med Justerbart Ryggst\u00f6d &#8211; Velourlook &#8211; M\u00e5tt 55 cm x 71 cm x 53,5 cm &#8211; Bl\u00e5"}]},{"@type":"WebSite","@id":"https:\/\/truusk.store\/sv\/#website","url":"https:\/\/truusk.store\/sv\/","name":"TRUUSK - Hem, Tr\u00e4dg\u00e5rd & Fritid","description":"","publisher":{"@id":"https:\/\/truusk.store\/sv\/#organization"},"potentialAction":[{"@type":"SearchAction","target":{"@type":"EntryPoint","urlTemplate":"https:\/\/truusk.store\/sv\/?s={search_term_string}"},"query-input":{"@type":"PropertyValueSpecification","valueRequired":true,"valueName":"search_term_string"}}],"inLanguage":"sv-SE"},{"@type":"Organization","@id":"https:\/\/truusk.store\/sv\/#organization","name":"TRUUSK - Hem, Tr\u00e4dg\u00e5rd & Fritid","url":"https:\/\/truusk.store\/sv\/","logo":{"@type":"ImageObject","inLanguage":"sv-SE","@id":"https:\/\/truusk.store\/sv\/#\/schema\/logo\/image\/","url":"https:\/\/i0.wp.com\/truusk.store\/wp-content\/uploads\/2026\/03\/cropped-TRUUSK.png?fit=2032%2C917&ssl=1","contentUrl":"https:\/\/i0.wp.com\/truusk.store\/wp-content\/uploads\/2026\/03\/cropped-TRUUSK.png?fit=2032%2C917&ssl=1","width":2032,"height":917,"caption":"TRUUSK - Hem, Tr\u00e4dg\u00e5rd & Fritid"},"image":{"@id":"https:\/\/truusk.store\/sv\/#\/schema\/logo\/image\/"}}]}},"jetpack_sharing_enabled":true,"_links":{"self":[{"href":"https:\/\/truusk.store\/sv\/wp-json\/wp\/v2\/product\/19048","targetHints":{"allow":["GET"]}}],"collection":[{"href":"https:\/\/truusk.store\/sv\/wp-json\/wp\/v2\/product"}],"about":[{"href":"https:\/\/truusk.store\/sv\/wp-json\/wp\/v2\/types\/product"}],"wp:featuredmedia":[{"embeddable":true,"href":"https:\/\/truusk.store\/sv\/wp-json\/wp\/v2\/media\/19049"}],"wp:attachment":[{"href":"https:\/\/truusk.store\/sv\/wp-json\/wp\/v2\/media?parent=19048"}],"wp:term":[{"taxonomy":"product_brand","embeddable":true,"href":"https:\/\/truusk.store\/sv\/wp-json\/wp\/v2\/product_brand?post=19048"},{"taxonomy":"product_cat","embeddable":true,"href":"https:\/\/truusk.store\/sv\/wp-json\/wp\/v2\/product_cat?post=19048"},{"taxonomy":"product_tag","embeddable":true,"href":"https:\/\/truusk.store\/sv\/wp-json\/wp\/v2\/product_tag?post=19048"}],"curies":[{"name":"wp","href":"https:\/\/api.w.org\/{rel}","templated":true}]}}