{"id":19103,"date":"2024-02-13T14:42:43","date_gmt":"2024-02-13T13:42:43","guid":{"rendered":"https:\/\/truusk.store\/product\/barnfatolj-barnsoffa-med-tjockt-skum-och-tjocka-sittdynor-barnsoffa-stol-solsoffa-med-halkskyddsfotter-for-3-5-ar-barn-tra-linne-skum-bla-49x45x445-cm\/"},"modified":"2026-03-12T09:02:05","modified_gmt":"2026-03-12T08:02:05","slug":"truusk-barnfatolj-och-barnsoffa-med-tjockt-skum-och-tjocka-sittdynor-halkskyddsfotter-for-3-5-ar-tra-linne-skum-bla","status":"publish","type":"product","link":"https:\/\/truusk.store\/sv\/produkt\/truusk-barnfatolj-och-barnsoffa-med-tjockt-skum-och-tjocka-sittdynor-halkskyddsfotter-for-3-5-ar-tra-linne-skum-bla\/","title":{"rendered":"TRUUSK Barnf\u00e5t\u00f6lj och Barnsoffa &#8211; Med Tjockt Skum och Tjocka Sittdynor &#8211; Halkskyddsf\u00f6tter &#8211; F\u00f6r 3-5 \u00e5r &#8211; Tr\u00e4 Linne Skum &#8211; Bl\u00e5 &#8211;"},"content":{"rendered":"<p>Denna barnsoffa \u00e4r inte bara bekv\u00e4m, utan ser ocks\u00e5 bra ut. Barnsoffan kommer i den trendiga f\u00e4rgen pastellbl\u00e5, f\u00e4rgen kan enkelt kombineras med andra f\u00e4rger och material. Mjuk stoppning och en extra kudde s\u00e4kerst\u00e4ller bekv\u00e4ma sittplatser. Det ventilerande ovanmaterialet \u00e4r tillverkat av v\u00e4vt tyg som andas. Materialet \u00e4r slitstarkt och l\u00e4ttsk\u00f6tt. Denna barnsoffa passar bra i alla barns rum.<\/p>\n<h3>Beskrivning:<\/h3>\n<ul>\n<li>Perfekt f\u00f6r barnrummet, lekrummet eller mycket mer<\/li>\n<li>Sl\u00e4t och mjuk v\u00e4vd ovandel<\/li>\n<li>Har ett medelh\u00f6gt ryggst\u00f6d, med h\u00f6ga armst\u00f6d f\u00f6r b\u00e4ttre komfort<\/li>\n<li>En solid ram av massivt tr\u00e4<\/li>\n<li>Med halkskydd<\/li>\n<li>Maxvikt 65 kg, l\u00e4mplig f\u00f6r \u00e5ldrarna 3-5 \u00e5r<\/li>\n<li>Montering kr\u00e4vs<\/li>\n<\/ul>\n<h3>Teknisk data:<\/h3>\n<ul>\n<li>F\u00e4rg bl\u00e5<\/li>\n<li>Material: tr\u00e4, linne och skum<\/li>\n<li>Produktdata: 49L x 45W x 44,5H cm. Sits: 34L x 31,5W x 23H cm. Armst\u00f6d: 33H cm<\/li>\n<li>Lastkapacitet: 65 kg. Rekommenderas f\u00f6r \u00e5ldrarna 3-5 \u00e5r<\/li>\n<\/ul>\n<h3>Leveransens omfattning:<\/h3>\n<ul>\n<li>1 x Barnsoffa<\/li>\n<li>1 x Instruktioner<\/li>\n<\/ul>\n","protected":false},"excerpt":{"rendered":"<p>Denna barnsoffa \u00e4r inte bara bekv\u00e4m, utan ser ocks\u00e5 bra ut. Barnsoffan kommer i den trendiga f\u00e4rgen pastellbl\u00e5, f\u00e4rgen kan&#8230;<\/p>\n","protected":false},"featured_media":19104,"template":"","meta":[],"product_brand":[],"product_cat":[609,737,631,632],"product_tag":[],"class_list":{"0":"post-19103","1":"product","2":"type-product","3":"status-publish","4":"has-post-thumbnail","6":"product_cat-baby-barn","7":"product_cat-barnfatolj","8":"product_cat-barnmobler","9":"product_cat-sittmobler-for-barn","11":"first","12":"instock","13":"sale","14":"taxable","15":"shipping-taxable","16":"purchasable","17":"product-type-simple"},"yoast_head":"<!-- This site is optimized with the Yoast SEO plugin v25.4 - https:\/\/yoast.com\/wordpress\/plugins\/seo\/ -->\n<title>TRUUSK Barnf\u00e5t\u00f6lj och Barnsoffa - Med Tjockt Skum och Tjocka Sittdynor - Halkskyddsf\u00f6tter - F\u00f6r 3-5 \u00e5r - Tr\u00e4 Linne Skum - Bl\u00e5 - TRUUSK - Hem, Tr\u00e4dg\u00e5rd &amp; Fritid<\/title>\n<meta name=\"robots\" content=\"index, follow, max-snippet:-1, max-image-preview:large, max-video-preview:-1\" \/>\n<link rel=\"canonical\" href=\"https:\/\/truusk.store\/sv\/produkt\/truusk-barnfatolj-och-barnsoffa-med-tjockt-skum-och-tjocka-sittdynor-halkskyddsfotter-for-3-5-ar-tra-linne-skum-bla\/\" \/>\n<meta property=\"og:locale\" content=\"sv_SE\" \/>\n<meta property=\"og:type\" content=\"article\" \/>\n<meta property=\"og:title\" content=\"TRUUSK Barnf\u00e5t\u00f6lj och Barnsoffa - Med Tjockt Skum och Tjocka Sittdynor - Halkskyddsf\u00f6tter - F\u00f6r 3-5 \u00e5r - Tr\u00e4 Linne Skum - Bl\u00e5 - TRUUSK - Hem, Tr\u00e4dg\u00e5rd &amp; Fritid\" \/>\n<meta property=\"og:description\" content=\"Denna barnsoffa \u00e4r inte bara bekv\u00e4m, utan ser ocks\u00e5 bra ut. Barnsoffan kommer i den trendiga f\u00e4rgen pastellbl\u00e5, f\u00e4rgen kan...\" \/>\n<meta property=\"og:url\" content=\"https:\/\/truusk.store\/sv\/produkt\/truusk-barnfatolj-och-barnsoffa-med-tjockt-skum-och-tjocka-sittdynor-halkskyddsfotter-for-3-5-ar-tra-linne-skum-bla\/\" \/>\n<meta property=\"og:site_name\" content=\"TRUUSK - Hem, Tr\u00e4dg\u00e5rd &amp; Fritid\" \/>\n<meta property=\"article:modified_time\" content=\"2026-03-12T08:02:05+00:00\" \/>\n<meta property=\"og:image\" content=\"https:\/\/i0.wp.com\/truusk.se\/wp-content\/uploads\/2024\/02\/barnfatolj-barnsoffa-med-tjockt-skum-och-tjocka-sittdynor-barnsoffa-stol-solsoffa-med-halkskyddsfotter-for-3-5-ar-barn-tra-linne-skum-bla-49x45x445-cm.webp?fit=800%2C800&ssl=1\" \/>\n\t<meta property=\"og:image:width\" content=\"800\" \/>\n\t<meta property=\"og:image:height\" content=\"800\" \/>\n\t<meta property=\"og:image:type\" content=\"image\/webp\" \/>\n<meta name=\"twitter:card\" content=\"summary_large_image\" \/>\n<meta name=\"twitter:label1\" content=\"Ber\u00e4knad l\u00e4stid\" \/>\n\t<meta name=\"twitter:data1\" content=\"1 minut\" \/>\n<!-- \/ Yoast SEO plugin. -->","yoast_head_json":{"title":"TRUUSK Barnf\u00e5t\u00f6lj och Barnsoffa - Med Tjockt Skum och Tjocka Sittdynor - Halkskyddsf\u00f6tter - F\u00f6r 3-5 \u00e5r - Tr\u00e4 Linne Skum - Bl\u00e5 - TRUUSK - Hem, Tr\u00e4dg\u00e5rd &amp; Fritid","robots":{"index":"index","follow":"follow","max-snippet":"max-snippet:-1","max-image-preview":"max-image-preview:large","max-video-preview":"max-video-preview:-1"},"canonical":"https:\/\/truusk.store\/sv\/produkt\/truusk-barnfatolj-och-barnsoffa-med-tjockt-skum-och-tjocka-sittdynor-halkskyddsfotter-for-3-5-ar-tra-linne-skum-bla\/","og_locale":"sv_SE","og_type":"article","og_title":"TRUUSK Barnf\u00e5t\u00f6lj och Barnsoffa - Med Tjockt Skum och Tjocka Sittdynor - Halkskyddsf\u00f6tter - F\u00f6r 3-5 \u00e5r - Tr\u00e4 Linne Skum - Bl\u00e5 - TRUUSK - Hem, Tr\u00e4dg\u00e5rd &amp; Fritid","og_description":"Denna barnsoffa \u00e4r inte bara bekv\u00e4m, utan ser ocks\u00e5 bra ut. Barnsoffan kommer i den trendiga f\u00e4rgen pastellbl\u00e5, f\u00e4rgen kan...","og_url":"https:\/\/truusk.store\/sv\/produkt\/truusk-barnfatolj-och-barnsoffa-med-tjockt-skum-och-tjocka-sittdynor-halkskyddsfotter-for-3-5-ar-tra-linne-skum-bla\/","og_site_name":"TRUUSK - Hem, Tr\u00e4dg\u00e5rd &amp; Fritid","article_modified_time":"2026-03-12T08:02:05+00:00","og_image":[{"width":800,"height":800,"url":"https:\/\/i0.wp.com\/truusk.se\/wp-content\/uploads\/2024\/02\/barnfatolj-barnsoffa-med-tjockt-skum-och-tjocka-sittdynor-barnsoffa-stol-solsoffa-med-halkskyddsfotter-for-3-5-ar-barn-tra-linne-skum-bla-49x45x445-cm.webp?fit=800%2C800&ssl=1","type":"image\/webp"}],"twitter_card":"summary_large_image","twitter_misc":{"Ber\u00e4knad l\u00e4stid":"1 minut"},"schema":{"@context":"https:\/\/schema.org","@graph":[{"@type":"WebPage","@id":"https:\/\/truusk.store\/sv\/produkt\/truusk-barnfatolj-och-barnsoffa-med-tjockt-skum-och-tjocka-sittdynor-halkskyddsfotter-for-3-5-ar-tra-linne-skum-bla\/","url":"https:\/\/truusk.store\/sv\/produkt\/truusk-barnfatolj-och-barnsoffa-med-tjockt-skum-och-tjocka-sittdynor-halkskyddsfotter-for-3-5-ar-tra-linne-skum-bla\/","name":"TRUUSK Barnf\u00e5t\u00f6lj och Barnsoffa - Med Tjockt Skum och Tjocka Sittdynor - Halkskyddsf\u00f6tter - F\u00f6r 3-5 \u00e5r - Tr\u00e4 Linne Skum - Bl\u00e5 - TRUUSK - Hem, Tr\u00e4dg\u00e5rd &amp; Fritid","isPartOf":{"@id":"https:\/\/truusk.store\/sv\/#website"},"primaryImageOfPage":{"@id":"https:\/\/truusk.store\/sv\/produkt\/truusk-barnfatolj-och-barnsoffa-med-tjockt-skum-och-tjocka-sittdynor-halkskyddsfotter-for-3-5-ar-tra-linne-skum-bla\/#primaryimage"},"image":{"@id":"https:\/\/truusk.store\/sv\/produkt\/truusk-barnfatolj-och-barnsoffa-med-tjockt-skum-och-tjocka-sittdynor-halkskyddsfotter-for-3-5-ar-tra-linne-skum-bla\/#primaryimage"},"thumbnailUrl":"https:\/\/i0.wp.com\/truusk.store\/wp-content\/uploads\/2024\/02\/barnfatolj-barnsoffa-med-tjockt-skum-och-tjocka-sittdynor-barnsoffa-stol-solsoffa-med-halkskyddsfotter-for-3-5-ar-barn-tra-linne-skum-bla-49x45x445-cm.webp?fit=800%2C800&ssl=1","datePublished":"2024-02-13T13:42:43+00:00","dateModified":"2026-03-12T08:02:05+00:00","breadcrumb":{"@id":"https:\/\/truusk.store\/sv\/produkt\/truusk-barnfatolj-och-barnsoffa-med-tjockt-skum-och-tjocka-sittdynor-halkskyddsfotter-for-3-5-ar-tra-linne-skum-bla\/#breadcrumb"},"inLanguage":"sv-SE","potentialAction":[{"@type":"ReadAction","target":["https:\/\/truusk.store\/sv\/produkt\/truusk-barnfatolj-och-barnsoffa-med-tjockt-skum-och-tjocka-sittdynor-halkskyddsfotter-for-3-5-ar-tra-linne-skum-bla\/"]}]},{"@type":"ImageObject","inLanguage":"sv-SE","@id":"https:\/\/truusk.store\/sv\/produkt\/truusk-barnfatolj-och-barnsoffa-med-tjockt-skum-och-tjocka-sittdynor-halkskyddsfotter-for-3-5-ar-tra-linne-skum-bla\/#primaryimage","url":"https:\/\/i0.wp.com\/truusk.store\/wp-content\/uploads\/2024\/02\/barnfatolj-barnsoffa-med-tjockt-skum-och-tjocka-sittdynor-barnsoffa-stol-solsoffa-med-halkskyddsfotter-for-3-5-ar-barn-tra-linne-skum-bla-49x45x445-cm.webp?fit=800%2C800&ssl=1","contentUrl":"https:\/\/i0.wp.com\/truusk.store\/wp-content\/uploads\/2024\/02\/barnfatolj-barnsoffa-med-tjockt-skum-och-tjocka-sittdynor-barnsoffa-stol-solsoffa-med-halkskyddsfotter-for-3-5-ar-barn-tra-linne-skum-bla-49x45x445-cm.webp?fit=800%2C800&ssl=1","width":800,"height":800,"caption":"Barnf\u00e5t\u00f6lj Barnsoffa Med Tjockt Skum Och Tjocka Sittdynor Barnsoffa Stol Solsoffa Med Halkskyddsf\u00f6tter F\u00f6r 3-5 \u00e5r Barn Tr\u00e4 Linne Skum Bl\u00e5 49x45x44,5 Cm 1"},{"@type":"BreadcrumbList","@id":"https:\/\/truusk.store\/sv\/produkt\/truusk-barnfatolj-och-barnsoffa-med-tjockt-skum-och-tjocka-sittdynor-halkskyddsfotter-for-3-5-ar-tra-linne-skum-bla\/#breadcrumb","itemListElement":[{"@type":"ListItem","position":1,"name":"Home","item":"https:\/\/truusk.store\/sv\/"},{"@type":"ListItem","position":2,"name":"Shop","item":"https:\/\/truusk.store\/shop\/"},{"@type":"ListItem","position":3,"name":"TRUUSK Barnf\u00e5t\u00f6lj och Barnsoffa &#8211; Med Tjockt Skum och Tjocka Sittdynor &#8211; Halkskyddsf\u00f6tter &#8211; F\u00f6r 3-5 \u00e5r &#8211; Tr\u00e4 Linne Skum &#8211; Bl\u00e5 &#8211;"}]},{"@type":"WebSite","@id":"https:\/\/truusk.store\/sv\/#website","url":"https:\/\/truusk.store\/sv\/","name":"TRUUSK - Hem, Tr\u00e4dg\u00e5rd & Fritid","description":"","publisher":{"@id":"https:\/\/truusk.store\/sv\/#organization"},"potentialAction":[{"@type":"SearchAction","target":{"@type":"EntryPoint","urlTemplate":"https:\/\/truusk.store\/sv\/?s={search_term_string}"},"query-input":{"@type":"PropertyValueSpecification","valueRequired":true,"valueName":"search_term_string"}}],"inLanguage":"sv-SE"},{"@type":"Organization","@id":"https:\/\/truusk.store\/sv\/#organization","name":"TRUUSK - Hem, Tr\u00e4dg\u00e5rd & Fritid","url":"https:\/\/truusk.store\/sv\/","logo":{"@type":"ImageObject","inLanguage":"sv-SE","@id":"https:\/\/truusk.store\/sv\/#\/schema\/logo\/image\/","url":"https:\/\/i0.wp.com\/truusk.store\/wp-content\/uploads\/2026\/03\/cropped-TRUUSK.png?fit=2032%2C917&ssl=1","contentUrl":"https:\/\/i0.wp.com\/truusk.store\/wp-content\/uploads\/2026\/03\/cropped-TRUUSK.png?fit=2032%2C917&ssl=1","width":2032,"height":917,"caption":"TRUUSK - Hem, Tr\u00e4dg\u00e5rd & Fritid"},"image":{"@id":"https:\/\/truusk.store\/sv\/#\/schema\/logo\/image\/"}}]}},"jetpack_sharing_enabled":true,"_links":{"self":[{"href":"https:\/\/truusk.store\/sv\/wp-json\/wp\/v2\/product\/19103","targetHints":{"allow":["GET"]}}],"collection":[{"href":"https:\/\/truusk.store\/sv\/wp-json\/wp\/v2\/product"}],"about":[{"href":"https:\/\/truusk.store\/sv\/wp-json\/wp\/v2\/types\/product"}],"wp:featuredmedia":[{"embeddable":true,"href":"https:\/\/truusk.store\/sv\/wp-json\/wp\/v2\/media\/19104"}],"wp:attachment":[{"href":"https:\/\/truusk.store\/sv\/wp-json\/wp\/v2\/media?parent=19103"}],"wp:term":[{"taxonomy":"product_brand","embeddable":true,"href":"https:\/\/truusk.store\/sv\/wp-json\/wp\/v2\/product_brand?post=19103"},{"taxonomy":"product_cat","embeddable":true,"href":"https:\/\/truusk.store\/sv\/wp-json\/wp\/v2\/product_cat?post=19103"},{"taxonomy":"product_tag","embeddable":true,"href":"https:\/\/truusk.store\/sv\/wp-json\/wp\/v2\/product_tag?post=19103"}],"curies":[{"name":"wp","href":"https:\/\/api.w.org\/{rel}","templated":true}]}}