{"id":19279,"date":"2024-02-13T14:47:51","date_gmt":"2024-02-13T13:47:51","guid":{"rendered":"https:\/\/truusk.store\/product\/sparrgrind-for-hund-75-cm-skyddsgrind-av-tra-fristaende-hundgrind-med-dorr-sakerhetsgrind-vikbart-dorrskydd-hundsparr-med-2-stodfotter-for-oppen-spis-och-ugn-vit\/"},"modified":"2026-03-12T09:02:07","modified_gmt":"2026-03-12T08:02:07","slug":"truusk-sparrgrind-for-hund-75-cm-traskyddsgrind-fristaende-med-dorr-sakerhetsgrind-vikbar-dorrskydd-2-stodfotter-vit","status":"publish","type":"product","link":"https:\/\/truusk.store\/sv\/produkt\/truusk-sparrgrind-for-hund-75-cm-traskyddsgrind-fristaende-med-dorr-sakerhetsgrind-vikbar-dorrskydd-2-stodfotter-vit\/","title":{"rendered":"TRUUSK Sp\u00e4rrgrind f\u00f6r Hund, 75 cm, Tr\u00e4skyddsgrind &#8211; Frist\u00e5ende med D\u00f6rr &#8211; S\u00e4kerhetsgrind &#8211; Vikbar D\u00f6rrskydd &#8211; 2 St\u00f6df\u00f6tter &#8211; Vit"},"content":{"rendered":"<p>Tr\u00e4staketet med d\u00f6rr \u00e4r ett s\u00e4kert och effektivt s\u00e4tt att skydda dina husdjur och skapa en dekoration f\u00f6r ditt hem. Dess design med 4 paneler g\u00f6r att porten kan vikas till olika former. Den \u00e4r frist\u00e5ende och levereras med 4 stativ. En tallrik fungerar som en d\u00f6rr genom vilken ditt husdjur enkelt kan komma in och ut. M\u00e5let f\u00e4lls ihop och kan enkelt f\u00f6rvaras i tr\u00e5nga utrymmen utan att ta f\u00f6r mycket plats.<\/p>\n<h3>Beskrivning:<\/h3>\n<ul>\n<li>Tillverkad av h\u00f6gkvalitativt massivt furu, h\u00e5llbart och husdjursv\u00e4nligt<\/li>\n<li>Best\u00e5r av 4 paneler som h\u00e5lls samman av robusta g\u00e5ngj\u00e4rn<\/li>\n<li>Flexibla anslutningar g\u00f6r att paneler kan arrangeras i olika former f\u00f6r en frist\u00e5ende design<\/li>\n<li>L\u00e4mplig f\u00f6r medelstora hundar och under. Det rekommenderas att hundens h\u00f6jd vid axeln ska vara mindre \u00e4n 50 cm, vilket \u00e4r l\u00e4mpligt f\u00f6r of\u00f6rst\u00f6rande hundar<\/li>\n<li>2 st\u00f6d f\u00f6r stabilitet<\/li>\n<li>Anti-halkf\u00f6tter f\u00f6rhindrar repor p\u00e5 golvet och \u00f6kar s\u00e4kerheten avsev\u00e4rt<\/li>\n<li>L\u00e4tt hopf\u00e4llbar och tar liten plats<\/li>\n<li>En av d\u00f6rrarna \u00e4r \u00f6ppen s\u00e5 att din hund enkelt kan ta sig in och ut<\/li>\n<li>EJ L\u00c4MPLIG F\u00d6R STORA HUNDAR<\/li>\n<\/ul>\n<h3>Teknisk data:<\/h3>\n<ul>\n<li>F\u00e4rg vit<\/li>\n<li>Material: furu<\/li>\n<li>Totala m\u00e5tt: 204L x 36W x 75H cm<\/li>\n<li>Objektstorlek: 55L x 75H cm<\/li>\n<li>Vikbar storlek: 51L x 75W x 8,2D cm<\/li>\n<li>Tr storlek: 39L x 66H cm<\/li>\n<li>St\u00f6dstorlek: 36L cm<\/li>\n<li>St\u00e5ngens storlek: 4,5 cm<\/li>\n<li>Montering kr\u00e4vs<\/li>\n<li>Artikelnummer: D06-088<\/li>\n<\/ul>\n<h3>Leveransens omfattning:<\/h3>\n<ul>\n<li>1 x skyddsgaller<\/li>\n<li>1 x Instruktioner<\/li>\n<\/ul>\n","protected":false},"excerpt":{"rendered":"<p>Tr\u00e4staketet med d\u00f6rr \u00e4r ett s\u00e4kert och effektivt s\u00e4tt att skydda dina husdjur och skapa en dekoration f\u00f6r ditt hem&#8230;.<\/p>\n","protected":false},"featured_media":19280,"template":"","meta":[],"product_brand":[],"product_cat":[577,574,573],"product_tag":[],"class_list":{"0":"post-19279","1":"product","2":"type-product","3":"status-publish","4":"has-post-thumbnail","6":"product_cat-hundgrindar-avdelare","7":"product_cat-hundtillbehor","8":"product_cat-husdjursmaterial","10":"first","11":"instock","12":"sale","13":"taxable","14":"shipping-taxable","15":"purchasable","16":"product-type-simple"},"yoast_head":"<!-- This site is optimized with the Yoast SEO plugin v25.4 - https:\/\/yoast.com\/wordpress\/plugins\/seo\/ -->\n<title>TRUUSK Sp\u00e4rrgrind f\u00f6r Hund, 75 cm, Tr\u00e4skyddsgrind - Frist\u00e5ende med D\u00f6rr - S\u00e4kerhetsgrind - Vikbar D\u00f6rrskydd - 2 St\u00f6df\u00f6tter - Vit - TRUUSK - Hem, Tr\u00e4dg\u00e5rd &amp; Fritid<\/title>\n<meta name=\"robots\" content=\"index, follow, max-snippet:-1, max-image-preview:large, max-video-preview:-1\" \/>\n<link rel=\"canonical\" href=\"https:\/\/truusk.store\/sv\/produkt\/truusk-sparrgrind-for-hund-75-cm-traskyddsgrind-fristaende-med-dorr-sakerhetsgrind-vikbar-dorrskydd-2-stodfotter-vit\/\" \/>\n<meta property=\"og:locale\" content=\"sv_SE\" \/>\n<meta property=\"og:type\" content=\"article\" \/>\n<meta property=\"og:title\" content=\"TRUUSK Sp\u00e4rrgrind f\u00f6r Hund, 75 cm, Tr\u00e4skyddsgrind - Frist\u00e5ende med D\u00f6rr - S\u00e4kerhetsgrind - Vikbar D\u00f6rrskydd - 2 St\u00f6df\u00f6tter - Vit - TRUUSK - Hem, Tr\u00e4dg\u00e5rd &amp; Fritid\" \/>\n<meta property=\"og:description\" content=\"Tr\u00e4staketet med d\u00f6rr \u00e4r ett s\u00e4kert och effektivt s\u00e4tt att skydda dina husdjur och skapa en dekoration f\u00f6r ditt hem....\" \/>\n<meta property=\"og:url\" content=\"https:\/\/truusk.store\/sv\/produkt\/truusk-sparrgrind-for-hund-75-cm-traskyddsgrind-fristaende-med-dorr-sakerhetsgrind-vikbar-dorrskydd-2-stodfotter-vit\/\" \/>\n<meta property=\"og:site_name\" content=\"TRUUSK - Hem, Tr\u00e4dg\u00e5rd &amp; Fritid\" \/>\n<meta property=\"article:modified_time\" content=\"2026-03-12T08:02:07+00:00\" \/>\n<meta property=\"og:image\" content=\"https:\/\/i0.wp.com\/truusk.se\/wp-content\/uploads\/2024\/02\/sparrgrind-for-hund-75-cm-skyddsgrind-av-tra-fristaende-hundgrind-med-dorr-sakerhetsgrind-vikbart-dorrskydd-hundsparr-med-2-stodfotter-for-oppen-spis-och-ugn-vit.webp?fit=800%2C800&ssl=1\" \/>\n\t<meta property=\"og:image:width\" content=\"800\" \/>\n\t<meta property=\"og:image:height\" content=\"800\" \/>\n\t<meta property=\"og:image:type\" content=\"image\/webp\" \/>\n<meta name=\"twitter:card\" content=\"summary_large_image\" \/>\n<meta name=\"twitter:label1\" content=\"Ber\u00e4knad l\u00e4stid\" \/>\n\t<meta name=\"twitter:data1\" content=\"1 minut\" \/>\n<!-- \/ Yoast SEO plugin. -->","yoast_head_json":{"title":"TRUUSK Sp\u00e4rrgrind f\u00f6r Hund, 75 cm, Tr\u00e4skyddsgrind - Frist\u00e5ende med D\u00f6rr - S\u00e4kerhetsgrind - Vikbar D\u00f6rrskydd - 2 St\u00f6df\u00f6tter - Vit - TRUUSK - Hem, Tr\u00e4dg\u00e5rd &amp; Fritid","robots":{"index":"index","follow":"follow","max-snippet":"max-snippet:-1","max-image-preview":"max-image-preview:large","max-video-preview":"max-video-preview:-1"},"canonical":"https:\/\/truusk.store\/sv\/produkt\/truusk-sparrgrind-for-hund-75-cm-traskyddsgrind-fristaende-med-dorr-sakerhetsgrind-vikbar-dorrskydd-2-stodfotter-vit\/","og_locale":"sv_SE","og_type":"article","og_title":"TRUUSK Sp\u00e4rrgrind f\u00f6r Hund, 75 cm, Tr\u00e4skyddsgrind - Frist\u00e5ende med D\u00f6rr - S\u00e4kerhetsgrind - Vikbar D\u00f6rrskydd - 2 St\u00f6df\u00f6tter - Vit - TRUUSK - Hem, Tr\u00e4dg\u00e5rd &amp; Fritid","og_description":"Tr\u00e4staketet med d\u00f6rr \u00e4r ett s\u00e4kert och effektivt s\u00e4tt att skydda dina husdjur och skapa en dekoration f\u00f6r ditt hem....","og_url":"https:\/\/truusk.store\/sv\/produkt\/truusk-sparrgrind-for-hund-75-cm-traskyddsgrind-fristaende-med-dorr-sakerhetsgrind-vikbar-dorrskydd-2-stodfotter-vit\/","og_site_name":"TRUUSK - Hem, Tr\u00e4dg\u00e5rd &amp; Fritid","article_modified_time":"2026-03-12T08:02:07+00:00","og_image":[{"width":800,"height":800,"url":"https:\/\/i0.wp.com\/truusk.se\/wp-content\/uploads\/2024\/02\/sparrgrind-for-hund-75-cm-skyddsgrind-av-tra-fristaende-hundgrind-med-dorr-sakerhetsgrind-vikbart-dorrskydd-hundsparr-med-2-stodfotter-for-oppen-spis-och-ugn-vit.webp?fit=800%2C800&ssl=1","type":"image\/webp"}],"twitter_card":"summary_large_image","twitter_misc":{"Ber\u00e4knad l\u00e4stid":"1 minut"},"schema":{"@context":"https:\/\/schema.org","@graph":[{"@type":"WebPage","@id":"https:\/\/truusk.store\/sv\/produkt\/truusk-sparrgrind-for-hund-75-cm-traskyddsgrind-fristaende-med-dorr-sakerhetsgrind-vikbar-dorrskydd-2-stodfotter-vit\/","url":"https:\/\/truusk.store\/sv\/produkt\/truusk-sparrgrind-for-hund-75-cm-traskyddsgrind-fristaende-med-dorr-sakerhetsgrind-vikbar-dorrskydd-2-stodfotter-vit\/","name":"TRUUSK Sp\u00e4rrgrind f\u00f6r Hund, 75 cm, Tr\u00e4skyddsgrind - Frist\u00e5ende med D\u00f6rr - S\u00e4kerhetsgrind - Vikbar D\u00f6rrskydd - 2 St\u00f6df\u00f6tter - Vit - TRUUSK - Hem, Tr\u00e4dg\u00e5rd &amp; Fritid","isPartOf":{"@id":"https:\/\/truusk.store\/sv\/#website"},"primaryImageOfPage":{"@id":"https:\/\/truusk.store\/sv\/produkt\/truusk-sparrgrind-for-hund-75-cm-traskyddsgrind-fristaende-med-dorr-sakerhetsgrind-vikbar-dorrskydd-2-stodfotter-vit\/#primaryimage"},"image":{"@id":"https:\/\/truusk.store\/sv\/produkt\/truusk-sparrgrind-for-hund-75-cm-traskyddsgrind-fristaende-med-dorr-sakerhetsgrind-vikbar-dorrskydd-2-stodfotter-vit\/#primaryimage"},"thumbnailUrl":"https:\/\/i0.wp.com\/truusk.store\/wp-content\/uploads\/2024\/02\/sparrgrind-for-hund-75-cm-skyddsgrind-av-tra-fristaende-hundgrind-med-dorr-sakerhetsgrind-vikbart-dorrskydd-hundsparr-med-2-stodfotter-for-oppen-spis-och-ugn-vit.webp?fit=800%2C800&ssl=1","datePublished":"2024-02-13T13:47:51+00:00","dateModified":"2026-03-12T08:02:07+00:00","breadcrumb":{"@id":"https:\/\/truusk.store\/sv\/produkt\/truusk-sparrgrind-for-hund-75-cm-traskyddsgrind-fristaende-med-dorr-sakerhetsgrind-vikbar-dorrskydd-2-stodfotter-vit\/#breadcrumb"},"inLanguage":"sv-SE","potentialAction":[{"@type":"ReadAction","target":["https:\/\/truusk.store\/sv\/produkt\/truusk-sparrgrind-for-hund-75-cm-traskyddsgrind-fristaende-med-dorr-sakerhetsgrind-vikbar-dorrskydd-2-stodfotter-vit\/"]}]},{"@type":"ImageObject","inLanguage":"sv-SE","@id":"https:\/\/truusk.store\/sv\/produkt\/truusk-sparrgrind-for-hund-75-cm-traskyddsgrind-fristaende-med-dorr-sakerhetsgrind-vikbar-dorrskydd-2-stodfotter-vit\/#primaryimage","url":"https:\/\/i0.wp.com\/truusk.store\/wp-content\/uploads\/2024\/02\/sparrgrind-for-hund-75-cm-skyddsgrind-av-tra-fristaende-hundgrind-med-dorr-sakerhetsgrind-vikbart-dorrskydd-hundsparr-med-2-stodfotter-for-oppen-spis-och-ugn-vit.webp?fit=800%2C800&ssl=1","contentUrl":"https:\/\/i0.wp.com\/truusk.store\/wp-content\/uploads\/2024\/02\/sparrgrind-for-hund-75-cm-skyddsgrind-av-tra-fristaende-hundgrind-med-dorr-sakerhetsgrind-vikbart-dorrskydd-hundsparr-med-2-stodfotter-for-oppen-spis-och-ugn-vit.webp?fit=800%2C800&ssl=1","width":800,"height":800,"caption":"Sp\u00e4rrgrind F\u00f6r Hund, 75 Cm, Skyddsgrind Av Tr\u00e4, Frist\u00e5ende Hundgrind Med D\u00f6rr, S\u00e4kerhetsgrind, Vikbart D\u00f6rrskydd, Hundsp\u00e4rr Med 2 St\u00f6df\u00f6tter F\u00f6r \u00f6ppen Spis Och Ugn, Vit 1"},{"@type":"BreadcrumbList","@id":"https:\/\/truusk.store\/sv\/produkt\/truusk-sparrgrind-for-hund-75-cm-traskyddsgrind-fristaende-med-dorr-sakerhetsgrind-vikbar-dorrskydd-2-stodfotter-vit\/#breadcrumb","itemListElement":[{"@type":"ListItem","position":1,"name":"Home","item":"https:\/\/truusk.store\/sv\/"},{"@type":"ListItem","position":2,"name":"Shop","item":"https:\/\/truusk.store\/shop\/"},{"@type":"ListItem","position":3,"name":"TRUUSK Sp\u00e4rrgrind f\u00f6r Hund, 75 cm, Tr\u00e4skyddsgrind &#8211; Frist\u00e5ende med D\u00f6rr &#8211; S\u00e4kerhetsgrind &#8211; Vikbar D\u00f6rrskydd &#8211; 2 St\u00f6df\u00f6tter &#8211; Vit"}]},{"@type":"WebSite","@id":"https:\/\/truusk.store\/sv\/#website","url":"https:\/\/truusk.store\/sv\/","name":"TRUUSK - Hem, Tr\u00e4dg\u00e5rd & Fritid","description":"","publisher":{"@id":"https:\/\/truusk.store\/sv\/#organization"},"potentialAction":[{"@type":"SearchAction","target":{"@type":"EntryPoint","urlTemplate":"https:\/\/truusk.store\/sv\/?s={search_term_string}"},"query-input":{"@type":"PropertyValueSpecification","valueRequired":true,"valueName":"search_term_string"}}],"inLanguage":"sv-SE"},{"@type":"Organization","@id":"https:\/\/truusk.store\/sv\/#organization","name":"TRUUSK - Hem, Tr\u00e4dg\u00e5rd & Fritid","url":"https:\/\/truusk.store\/sv\/","logo":{"@type":"ImageObject","inLanguage":"sv-SE","@id":"https:\/\/truusk.store\/sv\/#\/schema\/logo\/image\/","url":"https:\/\/i0.wp.com\/truusk.store\/wp-content\/uploads\/2026\/03\/cropped-TRUUSK.png?fit=2032%2C917&ssl=1","contentUrl":"https:\/\/i0.wp.com\/truusk.store\/wp-content\/uploads\/2026\/03\/cropped-TRUUSK.png?fit=2032%2C917&ssl=1","width":2032,"height":917,"caption":"TRUUSK - Hem, Tr\u00e4dg\u00e5rd & Fritid"},"image":{"@id":"https:\/\/truusk.store\/sv\/#\/schema\/logo\/image\/"}}]}},"jetpack_sharing_enabled":true,"_links":{"self":[{"href":"https:\/\/truusk.store\/sv\/wp-json\/wp\/v2\/product\/19279","targetHints":{"allow":["GET"]}}],"collection":[{"href":"https:\/\/truusk.store\/sv\/wp-json\/wp\/v2\/product"}],"about":[{"href":"https:\/\/truusk.store\/sv\/wp-json\/wp\/v2\/types\/product"}],"wp:featuredmedia":[{"embeddable":true,"href":"https:\/\/truusk.store\/sv\/wp-json\/wp\/v2\/media\/19280"}],"wp:attachment":[{"href":"https:\/\/truusk.store\/sv\/wp-json\/wp\/v2\/media?parent=19279"}],"wp:term":[{"taxonomy":"product_brand","embeddable":true,"href":"https:\/\/truusk.store\/sv\/wp-json\/wp\/v2\/product_brand?post=19279"},{"taxonomy":"product_cat","embeddable":true,"href":"https:\/\/truusk.store\/sv\/wp-json\/wp\/v2\/product_cat?post=19279"},{"taxonomy":"product_tag","embeddable":true,"href":"https:\/\/truusk.store\/sv\/wp-json\/wp\/v2\/product_tag?post=19279"}],"curies":[{"name":"wp","href":"https:\/\/api.w.org\/{rel}","templated":true}]}}