{"id":19307,"date":"2024-02-13T14:48:42","date_gmt":"2024-02-13T13:48:42","guid":{"rendered":"https:\/\/truusk.store\/product\/sittset-for-6-personer-sittgrupp-tradgardsset-tradgardsset-tradgardsmobler-i-aluminium\/"},"modified":"2026-03-12T09:02:08","modified_gmt":"2026-03-12T08:02:08","slug":"truusk-6-personers-sittgrupp-i-aluminium-inklusive-bord-och-stolar-perfekt-for-tradgarden-latt-och-hallbar-modern-design","status":"publish","type":"product","link":"https:\/\/truusk.store\/sv\/produkt\/truusk-6-personers-sittgrupp-i-aluminium-inklusive-bord-och-stolar-perfekt-for-tradgarden-latt-och-hallbar-modern-design\/","title":{"rendered":"TRUUSK 6-Personers Sittgrupp i Aluminium &#8211; Inklusive Bord och Stolar &#8211; Perfekt f\u00f6r Tr\u00e4dg\u00e5rden &#8211; L\u00e4tt och H\u00e5llbar &#8211; Modern Design"},"content":{"rendered":"<p>Sittsetet i 7 delar k\u00e4nnetecknas av dess m\u00e5ngsidiga och flexibla anv\u00e4ndningsomr\u00e5den! Tr\u00e4dg\u00e5rdsm\u00f6belsetet \u00e4r tillverkat av aluminium, med stolarnas s\u00e4ten och ryggst\u00f6d av UV-best\u00e4ndigt Textline-tyg. Setet best\u00e5r av ett bord med en elegant bordsskiva av \u00e4kta s\u00e4kerhetsglas, som ger plats f\u00f6r 6 personer att vila och kan st\u00e4llas flexibelt upp. Tr\u00e4dg\u00e5rdssetet inneh\u00e5ller \u00e4ven 6 stolar vars ryggst\u00f6d \u00e4r justerbara och kommer d\u00e4rf\u00f6r att ge bekv\u00e4mt sitt- och liggn\u00f6je. Den eleganta sittdelen skapar en stilfull atmosf\u00e4r och kan stuvas undan n\u00e4r som helst f\u00f6r att spara utrymme &#8211; du kommer att njuta av det l\u00e4nge och fira underbara fester!<\/p>\n<h3>Beskrivning:<\/h3>\n<ul>\n<li>Tr\u00e4dg\u00e5rdsset i modern design f\u00f6r balkongen, terrassen eller tr\u00e4dg\u00e5rden<\/li>\n<li>Best\u00e5r av 1 bord och 6 hopf\u00e4llbara stolar som kan st\u00e4llas in flexibelt<\/li>\n<li>Bord av pulverlackerad aluminiumstomme med 2 svarta bordsskivor av robust s\u00e4kerhetsglas<\/li>\n<li>Sitt\u00f6verdrag av luftgenomsl\u00e4ppligt och UV-best\u00e4ndigt Textline-tyg f\u00f6r b\u00e4sta sittkomfort<\/li>\n<li>Varje ryggst\u00f6d \u00e4r justerbart i 7 niv\u00e5er<\/li>\n<li>Utrymmesbesparande f\u00f6rvaring<\/li>\n<li>Enkel konstruktion<\/li>\n<\/ul>\n<h3>Teknisk data:<\/h3>\n<ul>\n<li>Material: aluminium, 520g\/m Textline-tyg, s\u00e4kerhetsglas<\/li>\n<li>Bordsstorlek: L160 x B86 x H72 cm<\/li>\n<li>Glasplattans tjocklek: 5 mm<\/li>\n<li>Stolstorlek: B56 x D70 x H109 cm<\/li>\n<li>Sittyta: B44 x D43 cm<\/li>\n<li>Ryggst\u00f6d: B44 x H67 cm<\/li>\n<li>Sitth\u00f6jd: 43 cm<\/li>\n<li>F\u00e4rg: Svart+Silver<\/li>\n<li>Max lastkapacitet p\u00e5 bordet: 60 kg<\/li>\n<li>Max lastkapacitet per stol: 120 kg<\/li>\n<\/ul>\n<h3>Leveransens omfattning:<\/h3>\n<ul>\n<li>1 x bord med s\u00e4kerhetsglasskiva<\/li>\n<li>6 x hopf\u00e4llbara stolar<\/li>\n<li>Monteringsanvisningar f\u00f6r bordet<\/li>\n<\/ul>\n","protected":false},"excerpt":{"rendered":"<p>Sittsetet i 7 delar k\u00e4nnetecknas av dess m\u00e5ngsidiga och flexibla anv\u00e4ndningsomr\u00e5den! Tr\u00e4dg\u00e5rdsm\u00f6belsetet \u00e4r tillverkat av aluminium, med stolarnas s\u00e4ten och&#8230;<\/p>\n","protected":false},"featured_media":19308,"template":"","meta":[],"product_brand":[],"product_cat":[435,450,456],"product_tag":[],"class_list":{"0":"post-19307","1":"product","2":"type-product","3":"status-publish","4":"has-post-thumbnail","6":"product_cat-tradgard-och-terrass","7":"product_cat-tradgardsmobler","8":"product_cat-tradgardsmobler-set","10":"first","11":"instock","12":"sale","13":"taxable","14":"shipping-taxable","15":"purchasable","16":"product-type-simple"},"yoast_head":"<!-- This site is optimized with the Yoast SEO plugin v25.4 - https:\/\/yoast.com\/wordpress\/plugins\/seo\/ -->\n<title>TRUUSK 6-Personers Sittgrupp i Aluminium - Inklusive Bord och Stolar - Perfekt f\u00f6r Tr\u00e4dg\u00e5rden - L\u00e4tt och H\u00e5llbar - Modern Design - TRUUSK - Hem, Tr\u00e4dg\u00e5rd &amp; Fritid<\/title>\n<meta name=\"robots\" content=\"index, follow, max-snippet:-1, max-image-preview:large, max-video-preview:-1\" \/>\n<link rel=\"canonical\" href=\"https:\/\/truusk.store\/sv\/produkt\/truusk-6-personers-sittgrupp-i-aluminium-inklusive-bord-och-stolar-perfekt-for-tradgarden-latt-och-hallbar-modern-design\/\" \/>\n<meta property=\"og:locale\" content=\"sv_SE\" \/>\n<meta property=\"og:type\" content=\"article\" \/>\n<meta property=\"og:title\" content=\"TRUUSK 6-Personers Sittgrupp i Aluminium - Inklusive Bord och Stolar - Perfekt f\u00f6r Tr\u00e4dg\u00e5rden - L\u00e4tt och H\u00e5llbar - Modern Design - TRUUSK - Hem, Tr\u00e4dg\u00e5rd &amp; Fritid\" \/>\n<meta property=\"og:description\" content=\"Sittsetet i 7 delar k\u00e4nnetecknas av dess m\u00e5ngsidiga och flexibla anv\u00e4ndningsomr\u00e5den! Tr\u00e4dg\u00e5rdsm\u00f6belsetet \u00e4r tillverkat av aluminium, med stolarnas s\u00e4ten och...\" \/>\n<meta property=\"og:url\" content=\"https:\/\/truusk.store\/sv\/produkt\/truusk-6-personers-sittgrupp-i-aluminium-inklusive-bord-och-stolar-perfekt-for-tradgarden-latt-och-hallbar-modern-design\/\" \/>\n<meta property=\"og:site_name\" content=\"TRUUSK - Hem, Tr\u00e4dg\u00e5rd &amp; Fritid\" \/>\n<meta property=\"article:modified_time\" content=\"2026-03-12T08:02:08+00:00\" \/>\n<meta property=\"og:image\" content=\"https:\/\/i0.wp.com\/truusk.se\/wp-content\/uploads\/2024\/02\/sittset-for-6-personer-sittgrupp-tradgardsset-tradgardsset-tradgardsmobler-i-aluminium.webp?fit=800%2C800&ssl=1\" \/>\n\t<meta property=\"og:image:width\" content=\"800\" \/>\n\t<meta property=\"og:image:height\" content=\"800\" \/>\n\t<meta property=\"og:image:type\" content=\"image\/webp\" \/>\n<meta name=\"twitter:card\" content=\"summary_large_image\" \/>\n<meta name=\"twitter:label1\" content=\"Ber\u00e4knad l\u00e4stid\" \/>\n\t<meta name=\"twitter:data1\" content=\"1 minut\" \/>\n<!-- \/ Yoast SEO plugin. -->","yoast_head_json":{"title":"TRUUSK 6-Personers Sittgrupp i Aluminium - Inklusive Bord och Stolar - Perfekt f\u00f6r Tr\u00e4dg\u00e5rden - L\u00e4tt och H\u00e5llbar - Modern Design - TRUUSK - Hem, Tr\u00e4dg\u00e5rd &amp; Fritid","robots":{"index":"index","follow":"follow","max-snippet":"max-snippet:-1","max-image-preview":"max-image-preview:large","max-video-preview":"max-video-preview:-1"},"canonical":"https:\/\/truusk.store\/sv\/produkt\/truusk-6-personers-sittgrupp-i-aluminium-inklusive-bord-och-stolar-perfekt-for-tradgarden-latt-och-hallbar-modern-design\/","og_locale":"sv_SE","og_type":"article","og_title":"TRUUSK 6-Personers Sittgrupp i Aluminium - Inklusive Bord och Stolar - Perfekt f\u00f6r Tr\u00e4dg\u00e5rden - L\u00e4tt och H\u00e5llbar - Modern Design - TRUUSK - Hem, Tr\u00e4dg\u00e5rd &amp; Fritid","og_description":"Sittsetet i 7 delar k\u00e4nnetecknas av dess m\u00e5ngsidiga och flexibla anv\u00e4ndningsomr\u00e5den! Tr\u00e4dg\u00e5rdsm\u00f6belsetet \u00e4r tillverkat av aluminium, med stolarnas s\u00e4ten och...","og_url":"https:\/\/truusk.store\/sv\/produkt\/truusk-6-personers-sittgrupp-i-aluminium-inklusive-bord-och-stolar-perfekt-for-tradgarden-latt-och-hallbar-modern-design\/","og_site_name":"TRUUSK - Hem, Tr\u00e4dg\u00e5rd &amp; Fritid","article_modified_time":"2026-03-12T08:02:08+00:00","og_image":[{"width":800,"height":800,"url":"https:\/\/i0.wp.com\/truusk.se\/wp-content\/uploads\/2024\/02\/sittset-for-6-personer-sittgrupp-tradgardsset-tradgardsset-tradgardsmobler-i-aluminium.webp?fit=800%2C800&ssl=1","type":"image\/webp"}],"twitter_card":"summary_large_image","twitter_misc":{"Ber\u00e4knad l\u00e4stid":"1 minut"},"schema":{"@context":"https:\/\/schema.org","@graph":[{"@type":"WebPage","@id":"https:\/\/truusk.store\/sv\/produkt\/truusk-6-personers-sittgrupp-i-aluminium-inklusive-bord-och-stolar-perfekt-for-tradgarden-latt-och-hallbar-modern-design\/","url":"https:\/\/truusk.store\/sv\/produkt\/truusk-6-personers-sittgrupp-i-aluminium-inklusive-bord-och-stolar-perfekt-for-tradgarden-latt-och-hallbar-modern-design\/","name":"TRUUSK 6-Personers Sittgrupp i Aluminium - Inklusive Bord och Stolar - Perfekt f\u00f6r Tr\u00e4dg\u00e5rden - L\u00e4tt och H\u00e5llbar - Modern Design - TRUUSK - Hem, Tr\u00e4dg\u00e5rd &amp; Fritid","isPartOf":{"@id":"https:\/\/truusk.store\/sv\/#website"},"primaryImageOfPage":{"@id":"https:\/\/truusk.store\/sv\/produkt\/truusk-6-personers-sittgrupp-i-aluminium-inklusive-bord-och-stolar-perfekt-for-tradgarden-latt-och-hallbar-modern-design\/#primaryimage"},"image":{"@id":"https:\/\/truusk.store\/sv\/produkt\/truusk-6-personers-sittgrupp-i-aluminium-inklusive-bord-och-stolar-perfekt-for-tradgarden-latt-och-hallbar-modern-design\/#primaryimage"},"thumbnailUrl":"https:\/\/i0.wp.com\/truusk.store\/wp-content\/uploads\/2024\/02\/sittset-for-6-personer-sittgrupp-tradgardsset-tradgardsset-tradgardsmobler-i-aluminium.webp?fit=800%2C800&ssl=1","datePublished":"2024-02-13T13:48:42+00:00","dateModified":"2026-03-12T08:02:08+00:00","breadcrumb":{"@id":"https:\/\/truusk.store\/sv\/produkt\/truusk-6-personers-sittgrupp-i-aluminium-inklusive-bord-och-stolar-perfekt-for-tradgarden-latt-och-hallbar-modern-design\/#breadcrumb"},"inLanguage":"sv-SE","potentialAction":[{"@type":"ReadAction","target":["https:\/\/truusk.store\/sv\/produkt\/truusk-6-personers-sittgrupp-i-aluminium-inklusive-bord-och-stolar-perfekt-for-tradgarden-latt-och-hallbar-modern-design\/"]}]},{"@type":"ImageObject","inLanguage":"sv-SE","@id":"https:\/\/truusk.store\/sv\/produkt\/truusk-6-personers-sittgrupp-i-aluminium-inklusive-bord-och-stolar-perfekt-for-tradgarden-latt-och-hallbar-modern-design\/#primaryimage","url":"https:\/\/i0.wp.com\/truusk.store\/wp-content\/uploads\/2024\/02\/sittset-for-6-personer-sittgrupp-tradgardsset-tradgardsset-tradgardsmobler-i-aluminium.webp?fit=800%2C800&ssl=1","contentUrl":"https:\/\/i0.wp.com\/truusk.store\/wp-content\/uploads\/2024\/02\/sittset-for-6-personer-sittgrupp-tradgardsset-tradgardsset-tradgardsmobler-i-aluminium.webp?fit=800%2C800&ssl=1","width":800,"height":800,"caption":"Sittset F\u00f6r 6 Personer, Sittgrupp, Tr\u00e4dg\u00e5rdsset, Tr\u00e4dg\u00e5rdsset, Tr\u00e4dg\u00e5rdsm\u00f6bler I Aluminium 1"},{"@type":"BreadcrumbList","@id":"https:\/\/truusk.store\/sv\/produkt\/truusk-6-personers-sittgrupp-i-aluminium-inklusive-bord-och-stolar-perfekt-for-tradgarden-latt-och-hallbar-modern-design\/#breadcrumb","itemListElement":[{"@type":"ListItem","position":1,"name":"Home","item":"https:\/\/truusk.store\/sv\/"},{"@type":"ListItem","position":2,"name":"Shop","item":"https:\/\/truusk.store\/shop\/"},{"@type":"ListItem","position":3,"name":"TRUUSK 6-Personers Sittgrupp i Aluminium &#8211; Inklusive Bord och Stolar &#8211; Perfekt f\u00f6r Tr\u00e4dg\u00e5rden &#8211; L\u00e4tt och H\u00e5llbar &#8211; Modern Design"}]},{"@type":"WebSite","@id":"https:\/\/truusk.store\/sv\/#website","url":"https:\/\/truusk.store\/sv\/","name":"TRUUSK - Hem, Tr\u00e4dg\u00e5rd & Fritid","description":"","publisher":{"@id":"https:\/\/truusk.store\/sv\/#organization"},"potentialAction":[{"@type":"SearchAction","target":{"@type":"EntryPoint","urlTemplate":"https:\/\/truusk.store\/sv\/?s={search_term_string}"},"query-input":{"@type":"PropertyValueSpecification","valueRequired":true,"valueName":"search_term_string"}}],"inLanguage":"sv-SE"},{"@type":"Organization","@id":"https:\/\/truusk.store\/sv\/#organization","name":"TRUUSK - Hem, Tr\u00e4dg\u00e5rd & Fritid","url":"https:\/\/truusk.store\/sv\/","logo":{"@type":"ImageObject","inLanguage":"sv-SE","@id":"https:\/\/truusk.store\/sv\/#\/schema\/logo\/image\/","url":"https:\/\/i0.wp.com\/truusk.store\/wp-content\/uploads\/2026\/03\/cropped-TRUUSK.png?fit=2032%2C917&ssl=1","contentUrl":"https:\/\/i0.wp.com\/truusk.store\/wp-content\/uploads\/2026\/03\/cropped-TRUUSK.png?fit=2032%2C917&ssl=1","width":2032,"height":917,"caption":"TRUUSK - Hem, Tr\u00e4dg\u00e5rd & Fritid"},"image":{"@id":"https:\/\/truusk.store\/sv\/#\/schema\/logo\/image\/"}}]}},"jetpack_sharing_enabled":true,"_links":{"self":[{"href":"https:\/\/truusk.store\/sv\/wp-json\/wp\/v2\/product\/19307","targetHints":{"allow":["GET"]}}],"collection":[{"href":"https:\/\/truusk.store\/sv\/wp-json\/wp\/v2\/product"}],"about":[{"href":"https:\/\/truusk.store\/sv\/wp-json\/wp\/v2\/types\/product"}],"wp:featuredmedia":[{"embeddable":true,"href":"https:\/\/truusk.store\/sv\/wp-json\/wp\/v2\/media\/19308"}],"wp:attachment":[{"href":"https:\/\/truusk.store\/sv\/wp-json\/wp\/v2\/media?parent=19307"}],"wp:term":[{"taxonomy":"product_brand","embeddable":true,"href":"https:\/\/truusk.store\/sv\/wp-json\/wp\/v2\/product_brand?post=19307"},{"taxonomy":"product_cat","embeddable":true,"href":"https:\/\/truusk.store\/sv\/wp-json\/wp\/v2\/product_cat?post=19307"},{"taxonomy":"product_tag","embeddable":true,"href":"https:\/\/truusk.store\/sv\/wp-json\/wp\/v2\/product_tag?post=19307"}],"curies":[{"name":"wp","href":"https:\/\/api.w.org\/{rel}","templated":true}]}}