{"id":19348,"date":"2024-02-13T14:49:53","date_gmt":"2024-02-13T13:49:53","guid":{"rendered":"https:\/\/truusk.store\/product\/upphojd-badd-3-vanings-tradgardsbadd-vaxtbadd-ortbadd-blomtrappa-for-balkong-tradgard-naturgrantra-124-x-124-x-56-cm\/"},"modified":"2026-03-12T09:02:08","modified_gmt":"2026-03-12T08:02:08","slug":"truusk-upphojd-tradgardsbadd-i-naturgrantra-3-vaningar-perfekt-for-orter-och-blommor-124-x-124-x-56-cm","status":"publish","type":"product","link":"https:\/\/truusk.store\/sv\/produkt\/truusk-upphojd-tradgardsbadd-i-naturgrantra-3-vaningar-perfekt-for-orter-och-blommor-124-x-124-x-56-cm\/","title":{"rendered":"TRUUSK Upph\u00f6jd Tr\u00e4dg\u00e5rdsb\u00e4dd i Naturgrantr\u00e4 &#8211; 3 v\u00e5ningar &#8211; Perfekt f\u00f6r \u00d6rter och Blommor &#8211; 124 x 124 x 56 cm"},"content":{"rendered":"<p>Det naturliga utseendet och enkla designen hos denna bloml\u00e5da ger din tr\u00e4dg\u00e5rd eller tr\u00e4dg\u00e5rd ett vackert utseende. Den skiktade designen till\u00e5ter inte bara dina v\u00e4xter att absorbera solljus bra, utan l\u00e5ter dig ocks\u00e5 h\u00e5lla ett \u00f6ga p\u00e5 varje v\u00e4xt. Vill du odla n\u00e5gra djupt rotade v\u00e4xter? Prova denna charmiga v\u00e4xttrappa i tr\u00e4, den ger dina v\u00e4xter tillr\u00e4ckligt med utrymme att v\u00e4xa.<\/p>\n<h3>Beskrivning:<\/h3>\n<ul>\n<li>Stor kapacitet f\u00f6r att m\u00f6ta en m\u00e4ngd olika dekorativa behov<\/li>\n<li>Solid tr\u00e4struktur f\u00f6r l\u00e5ngvarig anv\u00e4ndning<\/li>\n<li>Stegdesign g\u00f6r att v\u00e4xter kan njuta av solen fullt ut<\/li>\n<li>Olika h\u00f6jder kan planteras med djupa r\u00f6tter eller normala v\u00e4xter<\/li>\n<li>Idealisk f\u00f6r plantering av blommor, gr\u00f6nsaker och \u00f6rter<\/li>\n<li>Montering kr\u00e4vs<\/li>\n<\/ul>\n<h3>Teknisk data:<\/h3>\n<ul>\n<li>F\u00e4rg: Naturlig<\/li>\n<li>Material: gran<\/li>\n<li>\u00d6vergripande m\u00e5tt: 124L x 124W x 56H cm<\/li>\n<li>Innerm\u00e5tt: (\u00f6versta lagret) 117L x 39,5W cm, (mellanlager) 117L x 80W cm, (bottenlager) 117L x 117W cm<\/li>\n<li>Avst\u00e5nd mellan varje lager: 17 cm<\/li>\n<li>Fuselstorlek: 5L x 5W cm<\/li>\n<\/ul>\n<h3>Leveransens omfattning:<\/h3>\n<ul>\n<li>1 x h\u00f6gs\u00e4ng i tr\u00e4<\/li>\n<li>1 x Instruktioner<\/li>\n<\/ul>\n","protected":false},"excerpt":{"rendered":"<p>Det naturliga utseendet och enkla designen hos denna bloml\u00e5da ger din tr\u00e4dg\u00e5rd eller tr\u00e4dg\u00e5rd ett vackert utseende. Den skiktade designen&#8230;<\/p>\n","protected":false},"featured_media":19349,"template":"","meta":[],"product_brand":[],"product_cat":[447,435,443],"product_tag":[],"class_list":{"0":"post-19348","1":"product","2":"type-product","3":"status-publish","4":"has-post-thumbnail","6":"product_cat-planteringsmaskiner","7":"product_cat-tradgard-och-terrass","8":"product_cat-vaxthus-tradgardsskotsel","10":"first","11":"instock","12":"sale","13":"taxable","14":"shipping-taxable","15":"purchasable","16":"product-type-simple"},"yoast_head":"<!-- This site is optimized with the Yoast SEO plugin v25.4 - https:\/\/yoast.com\/wordpress\/plugins\/seo\/ -->\n<title>TRUUSK Upph\u00f6jd Tr\u00e4dg\u00e5rdsb\u00e4dd i Naturgrantr\u00e4 - 3 v\u00e5ningar - Perfekt f\u00f6r \u00d6rter och Blommor - 124 x 124 x 56 cm - TRUUSK - Hem, Tr\u00e4dg\u00e5rd &amp; Fritid<\/title>\n<meta name=\"robots\" content=\"index, follow, max-snippet:-1, max-image-preview:large, max-video-preview:-1\" \/>\n<link rel=\"canonical\" href=\"https:\/\/truusk.store\/sv\/produkt\/truusk-upphojd-tradgardsbadd-i-naturgrantra-3-vaningar-perfekt-for-orter-och-blommor-124-x-124-x-56-cm\/\" \/>\n<meta property=\"og:locale\" content=\"sv_SE\" \/>\n<meta property=\"og:type\" content=\"article\" \/>\n<meta property=\"og:title\" content=\"TRUUSK Upph\u00f6jd Tr\u00e4dg\u00e5rdsb\u00e4dd i Naturgrantr\u00e4 - 3 v\u00e5ningar - Perfekt f\u00f6r \u00d6rter och Blommor - 124 x 124 x 56 cm - TRUUSK - Hem, Tr\u00e4dg\u00e5rd &amp; Fritid\" \/>\n<meta property=\"og:description\" content=\"Det naturliga utseendet och enkla designen hos denna bloml\u00e5da ger din tr\u00e4dg\u00e5rd eller tr\u00e4dg\u00e5rd ett vackert utseende. Den skiktade designen...\" \/>\n<meta property=\"og:url\" content=\"https:\/\/truusk.store\/sv\/produkt\/truusk-upphojd-tradgardsbadd-i-naturgrantra-3-vaningar-perfekt-for-orter-och-blommor-124-x-124-x-56-cm\/\" \/>\n<meta property=\"og:site_name\" content=\"TRUUSK - Hem, Tr\u00e4dg\u00e5rd &amp; Fritid\" \/>\n<meta property=\"article:modified_time\" content=\"2026-03-12T08:02:08+00:00\" \/>\n<meta property=\"og:image\" content=\"https:\/\/i0.wp.com\/truusk.se\/wp-content\/uploads\/2024\/02\/upphojd-badd-3-vanings-tradgardsbadd-vaxtbadd-ortbadd-blomtrappa-for-balkong-tradgard-naturgrantra-124-x-124-x-56-cm.webp?fit=800%2C800&ssl=1\" \/>\n\t<meta property=\"og:image:width\" content=\"800\" \/>\n\t<meta property=\"og:image:height\" content=\"800\" \/>\n\t<meta property=\"og:image:type\" content=\"image\/webp\" \/>\n<meta name=\"twitter:card\" content=\"summary_large_image\" \/>\n<meta name=\"twitter:label1\" content=\"Ber\u00e4knad l\u00e4stid\" \/>\n\t<meta name=\"twitter:data1\" content=\"1 minut\" \/>\n<!-- \/ Yoast SEO plugin. -->","yoast_head_json":{"title":"TRUUSK Upph\u00f6jd Tr\u00e4dg\u00e5rdsb\u00e4dd i Naturgrantr\u00e4 - 3 v\u00e5ningar - Perfekt f\u00f6r \u00d6rter och Blommor - 124 x 124 x 56 cm - TRUUSK - Hem, Tr\u00e4dg\u00e5rd &amp; Fritid","robots":{"index":"index","follow":"follow","max-snippet":"max-snippet:-1","max-image-preview":"max-image-preview:large","max-video-preview":"max-video-preview:-1"},"canonical":"https:\/\/truusk.store\/sv\/produkt\/truusk-upphojd-tradgardsbadd-i-naturgrantra-3-vaningar-perfekt-for-orter-och-blommor-124-x-124-x-56-cm\/","og_locale":"sv_SE","og_type":"article","og_title":"TRUUSK Upph\u00f6jd Tr\u00e4dg\u00e5rdsb\u00e4dd i Naturgrantr\u00e4 - 3 v\u00e5ningar - Perfekt f\u00f6r \u00d6rter och Blommor - 124 x 124 x 56 cm - TRUUSK - Hem, Tr\u00e4dg\u00e5rd &amp; Fritid","og_description":"Det naturliga utseendet och enkla designen hos denna bloml\u00e5da ger din tr\u00e4dg\u00e5rd eller tr\u00e4dg\u00e5rd ett vackert utseende. Den skiktade designen...","og_url":"https:\/\/truusk.store\/sv\/produkt\/truusk-upphojd-tradgardsbadd-i-naturgrantra-3-vaningar-perfekt-for-orter-och-blommor-124-x-124-x-56-cm\/","og_site_name":"TRUUSK - Hem, Tr\u00e4dg\u00e5rd &amp; Fritid","article_modified_time":"2026-03-12T08:02:08+00:00","og_image":[{"width":800,"height":800,"url":"https:\/\/i0.wp.com\/truusk.se\/wp-content\/uploads\/2024\/02\/upphojd-badd-3-vanings-tradgardsbadd-vaxtbadd-ortbadd-blomtrappa-for-balkong-tradgard-naturgrantra-124-x-124-x-56-cm.webp?fit=800%2C800&ssl=1","type":"image\/webp"}],"twitter_card":"summary_large_image","twitter_misc":{"Ber\u00e4knad l\u00e4stid":"1 minut"},"schema":{"@context":"https:\/\/schema.org","@graph":[{"@type":"WebPage","@id":"https:\/\/truusk.store\/sv\/produkt\/truusk-upphojd-tradgardsbadd-i-naturgrantra-3-vaningar-perfekt-for-orter-och-blommor-124-x-124-x-56-cm\/","url":"https:\/\/truusk.store\/sv\/produkt\/truusk-upphojd-tradgardsbadd-i-naturgrantra-3-vaningar-perfekt-for-orter-och-blommor-124-x-124-x-56-cm\/","name":"TRUUSK Upph\u00f6jd Tr\u00e4dg\u00e5rdsb\u00e4dd i Naturgrantr\u00e4 - 3 v\u00e5ningar - Perfekt f\u00f6r \u00d6rter och Blommor - 124 x 124 x 56 cm - TRUUSK - Hem, Tr\u00e4dg\u00e5rd &amp; Fritid","isPartOf":{"@id":"https:\/\/truusk.store\/sv\/#website"},"primaryImageOfPage":{"@id":"https:\/\/truusk.store\/sv\/produkt\/truusk-upphojd-tradgardsbadd-i-naturgrantra-3-vaningar-perfekt-for-orter-och-blommor-124-x-124-x-56-cm\/#primaryimage"},"image":{"@id":"https:\/\/truusk.store\/sv\/produkt\/truusk-upphojd-tradgardsbadd-i-naturgrantra-3-vaningar-perfekt-for-orter-och-blommor-124-x-124-x-56-cm\/#primaryimage"},"thumbnailUrl":"https:\/\/i0.wp.com\/truusk.store\/wp-content\/uploads\/2024\/02\/upphojd-badd-3-vanings-tradgardsbadd-vaxtbadd-ortbadd-blomtrappa-for-balkong-tradgard-naturgrantra-124-x-124-x-56-cm.webp?fit=800%2C800&ssl=1","datePublished":"2024-02-13T13:49:53+00:00","dateModified":"2026-03-12T08:02:08+00:00","breadcrumb":{"@id":"https:\/\/truusk.store\/sv\/produkt\/truusk-upphojd-tradgardsbadd-i-naturgrantra-3-vaningar-perfekt-for-orter-och-blommor-124-x-124-x-56-cm\/#breadcrumb"},"inLanguage":"sv-SE","potentialAction":[{"@type":"ReadAction","target":["https:\/\/truusk.store\/sv\/produkt\/truusk-upphojd-tradgardsbadd-i-naturgrantra-3-vaningar-perfekt-for-orter-och-blommor-124-x-124-x-56-cm\/"]}]},{"@type":"ImageObject","inLanguage":"sv-SE","@id":"https:\/\/truusk.store\/sv\/produkt\/truusk-upphojd-tradgardsbadd-i-naturgrantra-3-vaningar-perfekt-for-orter-och-blommor-124-x-124-x-56-cm\/#primaryimage","url":"https:\/\/i0.wp.com\/truusk.store\/wp-content\/uploads\/2024\/02\/upphojd-badd-3-vanings-tradgardsbadd-vaxtbadd-ortbadd-blomtrappa-for-balkong-tradgard-naturgrantra-124-x-124-x-56-cm.webp?fit=800%2C800&ssl=1","contentUrl":"https:\/\/i0.wp.com\/truusk.store\/wp-content\/uploads\/2024\/02\/upphojd-badd-3-vanings-tradgardsbadd-vaxtbadd-ortbadd-blomtrappa-for-balkong-tradgard-naturgrantra-124-x-124-x-56-cm.webp?fit=800%2C800&ssl=1","width":800,"height":800,"caption":"Upph\u00f6jd B\u00e4dd 3-v\u00e5nings Tr\u00e4dg\u00e5rdsb\u00e4dd V\u00e4xtb\u00e4dd \u00f6rtb\u00e4dd Blomtrappa F\u00f6r Balkong Tr\u00e4dg\u00e5rd Naturgrantr\u00e4 124 X 124 X 56 Cm 1"},{"@type":"BreadcrumbList","@id":"https:\/\/truusk.store\/sv\/produkt\/truusk-upphojd-tradgardsbadd-i-naturgrantra-3-vaningar-perfekt-for-orter-och-blommor-124-x-124-x-56-cm\/#breadcrumb","itemListElement":[{"@type":"ListItem","position":1,"name":"Home","item":"https:\/\/truusk.store\/sv\/"},{"@type":"ListItem","position":2,"name":"Shop","item":"https:\/\/truusk.store\/shop\/"},{"@type":"ListItem","position":3,"name":"TRUUSK Upph\u00f6jd Tr\u00e4dg\u00e5rdsb\u00e4dd i Naturgrantr\u00e4 &#8211; 3 v\u00e5ningar &#8211; Perfekt f\u00f6r \u00d6rter och Blommor &#8211; 124 x 124 x 56 cm"}]},{"@type":"WebSite","@id":"https:\/\/truusk.store\/sv\/#website","url":"https:\/\/truusk.store\/sv\/","name":"TRUUSK - Hem, Tr\u00e4dg\u00e5rd & Fritid","description":"","publisher":{"@id":"https:\/\/truusk.store\/sv\/#organization"},"potentialAction":[{"@type":"SearchAction","target":{"@type":"EntryPoint","urlTemplate":"https:\/\/truusk.store\/sv\/?s={search_term_string}"},"query-input":{"@type":"PropertyValueSpecification","valueRequired":true,"valueName":"search_term_string"}}],"inLanguage":"sv-SE"},{"@type":"Organization","@id":"https:\/\/truusk.store\/sv\/#organization","name":"TRUUSK - Hem, Tr\u00e4dg\u00e5rd & Fritid","url":"https:\/\/truusk.store\/sv\/","logo":{"@type":"ImageObject","inLanguage":"sv-SE","@id":"https:\/\/truusk.store\/sv\/#\/schema\/logo\/image\/","url":"https:\/\/i0.wp.com\/truusk.store\/wp-content\/uploads\/2026\/03\/cropped-TRUUSK.png?fit=2032%2C917&ssl=1","contentUrl":"https:\/\/i0.wp.com\/truusk.store\/wp-content\/uploads\/2026\/03\/cropped-TRUUSK.png?fit=2032%2C917&ssl=1","width":2032,"height":917,"caption":"TRUUSK - Hem, Tr\u00e4dg\u00e5rd & Fritid"},"image":{"@id":"https:\/\/truusk.store\/sv\/#\/schema\/logo\/image\/"}}]}},"jetpack_sharing_enabled":true,"_links":{"self":[{"href":"https:\/\/truusk.store\/sv\/wp-json\/wp\/v2\/product\/19348","targetHints":{"allow":["GET"]}}],"collection":[{"href":"https:\/\/truusk.store\/sv\/wp-json\/wp\/v2\/product"}],"about":[{"href":"https:\/\/truusk.store\/sv\/wp-json\/wp\/v2\/types\/product"}],"wp:featuredmedia":[{"embeddable":true,"href":"https:\/\/truusk.store\/sv\/wp-json\/wp\/v2\/media\/19349"}],"wp:attachment":[{"href":"https:\/\/truusk.store\/sv\/wp-json\/wp\/v2\/media?parent=19348"}],"wp:term":[{"taxonomy":"product_brand","embeddable":true,"href":"https:\/\/truusk.store\/sv\/wp-json\/wp\/v2\/product_brand?post=19348"},{"taxonomy":"product_cat","embeddable":true,"href":"https:\/\/truusk.store\/sv\/wp-json\/wp\/v2\/product_cat?post=19348"},{"taxonomy":"product_tag","embeddable":true,"href":"https:\/\/truusk.store\/sv\/wp-json\/wp\/v2\/product_tag?post=19348"}],"curies":[{"name":"wp","href":"https:\/\/api.w.org\/{rel}","templated":true}]}}