{"id":19427,"date":"2024-02-13T14:52:46","date_gmt":"2024-02-13T13:52:46","guid":{"rendered":"https:\/\/truusk.store\/product\/utrustningsbod-med-lamelldorrar-3-hyllor-vaderbestandig-87-cm-x-465-cm-x-160-cm-gran-brun\/"},"modified":"2026-03-12T09:02:12","modified_gmt":"2026-03-12T08:02:12","slug":"truusk-utrustningsbod-med-lamelldorrar-3-hyllor-vaderbestandig-storlek-87-cm-x-465-cm-x-160-cm-farg-gran-brun","status":"publish","type":"product","link":"https:\/\/truusk.store\/sv\/produkt\/truusk-utrustningsbod-med-lamelldorrar-3-hyllor-vaderbestandig-storlek-87-cm-x-465-cm-x-160-cm-farg-gran-brun\/","title":{"rendered":"TRUUSK Utrustningsbod med Lamelld\u00f6rrar &#8211; 3 Hyllor &#8211; V\u00e4derbest\u00e4ndig &#8211; Storlek 87 cm x 46,5 cm x 160 cm &#8211; F\u00e4rg Gran &#8211; Brun"},"content":{"rendered":"<p>Detta skjul kommer i en nostalgisk design och med gott om f\u00f6rvaringsutrymme. 3 hyllor erbjuder gott om f\u00f6rvaringsutrymme f\u00f6r tr\u00e4dg\u00e5rdsredskap, verktyg, leksaker och sittdynor. Tv\u00e5 lamelld\u00f6rrar s\u00e4kerst\u00e4ller god ventilation s\u00e5 att inneh\u00e5llet skyddas fr\u00e5n vattensjuka och fukt. Den robusta redskapsboden \u00e4r gjord av t\u00e4tt grantr\u00e4 och tak med bitumenpapp, s\u00e5 att du kan anv\u00e4nda den utomhus i v\u00e4der och vind. Detta redskapsskjul \u00e4r den idealiska f\u00f6rvaringsl\u00f6sningen f\u00f6r alla utomhusomr\u00e5den.<\/p>\n<h3>Beskrivning:<\/h3>\n<ul>\n<li>Tillverkad av massiv gran: extra slitstark<\/li>\n<li>Taket med bitumenpapp ger skydd mot vind, regn och sn\u00f6<\/li>\n<li>3 hyllor f\u00f6r f\u00f6rvaring av tr\u00e4dg\u00e5rdsredskap, verktyg och leksaker<\/li>\n<li>2 lamelld\u00f6rrar ger tillr\u00e4cklig ventilation och f\u00f6rhindrar tr\u00e4ngsel<\/li>\n<li>Stora dubbeld\u00f6rrar med tr\u00e4handtag f\u00f6r enkel \u00e5tkomst<\/li>\n<li>Praktiskt tillskott till din uteplats<\/li>\n<li>L\u00e4tt att montera tack vare detaljerade instruktioner<\/li>\n<\/ul>\n<h3>Teknisk data:<\/h3>\n<ul>\n<li>Material: gran<\/li>\n<li>F\u00e4rg: Naturlig<\/li>\n<li>Basarea: 0,31205m<\/li>\n<li>Totala m\u00e5tt: 87L x 46,5W x 160H cm<\/li>\n<li>M\u00e5tt per lucka: 36,9L x 140,6W cm<\/li>\n<li>M\u00e5tt hylla: 77L x 37,6B x 1H cm<\/li>\n<li>Hyllh\u00f6jd: 42 cm (\u00f6verst), 39,5 cm (mitten), 61 cm (botten)<\/li>\n<li>Max lastkapacitet per fack: 20 kg<\/li>\n<\/ul>\n<h3>Leveransens omfattning:<\/h3>\n<ul>\n<li>1 x Tr\u00e4dg\u00e5rdssk\u00e5p<\/li>\n<li>1 x monteringsanvisning<\/li>\n<\/ul>\n","protected":false},"excerpt":{"rendered":"<p>Detta skjul kommer i en nostalgisk design och med gott om f\u00f6rvaringsutrymme. 3 hyllor erbjuder gott om f\u00f6rvaringsutrymme f\u00f6r tr\u00e4dg\u00e5rdsredskap,&#8230;<\/p>\n","protected":false},"featured_media":19428,"template":"","meta":[],"product_brand":[],"product_cat":[436,435,437],"product_tag":[],"class_list":{"0":"post-19427","1":"product","2":"type-product","3":"status-publish","4":"has-post-thumbnail","6":"product_cat-bestall-i-tradgarden","7":"product_cat-tradgard-och-terrass","8":"product_cat-tradgardsskap","10":"first","11":"instock","12":"sale","13":"taxable","14":"shipping-taxable","15":"purchasable","16":"product-type-simple"},"yoast_head":"<!-- This site is optimized with the Yoast SEO plugin v25.4 - https:\/\/yoast.com\/wordpress\/plugins\/seo\/ -->\n<title>TRUUSK Utrustningsbod med Lamelld\u00f6rrar - 3 Hyllor - V\u00e4derbest\u00e4ndig - Storlek 87 cm x 46,5 cm x 160 cm - F\u00e4rg Gran - Brun - TRUUSK - Hem, Tr\u00e4dg\u00e5rd &amp; Fritid<\/title>\n<meta name=\"robots\" content=\"index, follow, max-snippet:-1, max-image-preview:large, max-video-preview:-1\" \/>\n<link rel=\"canonical\" href=\"https:\/\/truusk.store\/sv\/produkt\/truusk-utrustningsbod-med-lamelldorrar-3-hyllor-vaderbestandig-storlek-87-cm-x-465-cm-x-160-cm-farg-gran-brun\/\" \/>\n<meta property=\"og:locale\" content=\"sv_SE\" \/>\n<meta property=\"og:type\" content=\"article\" \/>\n<meta property=\"og:title\" content=\"TRUUSK Utrustningsbod med Lamelld\u00f6rrar - 3 Hyllor - V\u00e4derbest\u00e4ndig - Storlek 87 cm x 46,5 cm x 160 cm - F\u00e4rg Gran - Brun - TRUUSK - Hem, Tr\u00e4dg\u00e5rd &amp; Fritid\" \/>\n<meta property=\"og:description\" content=\"Detta skjul kommer i en nostalgisk design och med gott om f\u00f6rvaringsutrymme. 3 hyllor erbjuder gott om f\u00f6rvaringsutrymme f\u00f6r tr\u00e4dg\u00e5rdsredskap,...\" \/>\n<meta property=\"og:url\" content=\"https:\/\/truusk.store\/sv\/produkt\/truusk-utrustningsbod-med-lamelldorrar-3-hyllor-vaderbestandig-storlek-87-cm-x-465-cm-x-160-cm-farg-gran-brun\/\" \/>\n<meta property=\"og:site_name\" content=\"TRUUSK - Hem, Tr\u00e4dg\u00e5rd &amp; Fritid\" \/>\n<meta property=\"article:modified_time\" content=\"2026-03-12T08:02:12+00:00\" \/>\n<meta property=\"og:image\" content=\"https:\/\/i0.wp.com\/truusk.se\/wp-content\/uploads\/2024\/02\/utrustningsbod-med-lamelldorrar-3-hyllor-vaderbestandig-87-cm-x-465-cm-x-160-cm-gran-brun.webp?fit=800%2C800&ssl=1\" \/>\n\t<meta property=\"og:image:width\" content=\"800\" \/>\n\t<meta property=\"og:image:height\" content=\"800\" \/>\n\t<meta property=\"og:image:type\" content=\"image\/webp\" \/>\n<meta name=\"twitter:card\" content=\"summary_large_image\" \/>\n<meta name=\"twitter:label1\" content=\"Ber\u00e4knad l\u00e4stid\" \/>\n\t<meta name=\"twitter:data1\" content=\"1 minut\" \/>\n<!-- \/ Yoast SEO plugin. -->","yoast_head_json":{"title":"TRUUSK Utrustningsbod med Lamelld\u00f6rrar - 3 Hyllor - V\u00e4derbest\u00e4ndig - Storlek 87 cm x 46,5 cm x 160 cm - F\u00e4rg Gran - Brun - TRUUSK - Hem, Tr\u00e4dg\u00e5rd &amp; Fritid","robots":{"index":"index","follow":"follow","max-snippet":"max-snippet:-1","max-image-preview":"max-image-preview:large","max-video-preview":"max-video-preview:-1"},"canonical":"https:\/\/truusk.store\/sv\/produkt\/truusk-utrustningsbod-med-lamelldorrar-3-hyllor-vaderbestandig-storlek-87-cm-x-465-cm-x-160-cm-farg-gran-brun\/","og_locale":"sv_SE","og_type":"article","og_title":"TRUUSK Utrustningsbod med Lamelld\u00f6rrar - 3 Hyllor - V\u00e4derbest\u00e4ndig - Storlek 87 cm x 46,5 cm x 160 cm - F\u00e4rg Gran - Brun - TRUUSK - Hem, Tr\u00e4dg\u00e5rd &amp; Fritid","og_description":"Detta skjul kommer i en nostalgisk design och med gott om f\u00f6rvaringsutrymme. 3 hyllor erbjuder gott om f\u00f6rvaringsutrymme f\u00f6r tr\u00e4dg\u00e5rdsredskap,...","og_url":"https:\/\/truusk.store\/sv\/produkt\/truusk-utrustningsbod-med-lamelldorrar-3-hyllor-vaderbestandig-storlek-87-cm-x-465-cm-x-160-cm-farg-gran-brun\/","og_site_name":"TRUUSK - Hem, Tr\u00e4dg\u00e5rd &amp; Fritid","article_modified_time":"2026-03-12T08:02:12+00:00","og_image":[{"width":800,"height":800,"url":"https:\/\/i0.wp.com\/truusk.se\/wp-content\/uploads\/2024\/02\/utrustningsbod-med-lamelldorrar-3-hyllor-vaderbestandig-87-cm-x-465-cm-x-160-cm-gran-brun.webp?fit=800%2C800&ssl=1","type":"image\/webp"}],"twitter_card":"summary_large_image","twitter_misc":{"Ber\u00e4knad l\u00e4stid":"1 minut"},"schema":{"@context":"https:\/\/schema.org","@graph":[{"@type":"WebPage","@id":"https:\/\/truusk.store\/sv\/produkt\/truusk-utrustningsbod-med-lamelldorrar-3-hyllor-vaderbestandig-storlek-87-cm-x-465-cm-x-160-cm-farg-gran-brun\/","url":"https:\/\/truusk.store\/sv\/produkt\/truusk-utrustningsbod-med-lamelldorrar-3-hyllor-vaderbestandig-storlek-87-cm-x-465-cm-x-160-cm-farg-gran-brun\/","name":"TRUUSK Utrustningsbod med Lamelld\u00f6rrar - 3 Hyllor - V\u00e4derbest\u00e4ndig - Storlek 87 cm x 46,5 cm x 160 cm - F\u00e4rg Gran - Brun - TRUUSK - Hem, Tr\u00e4dg\u00e5rd &amp; Fritid","isPartOf":{"@id":"https:\/\/truusk.store\/sv\/#website"},"primaryImageOfPage":{"@id":"https:\/\/truusk.store\/sv\/produkt\/truusk-utrustningsbod-med-lamelldorrar-3-hyllor-vaderbestandig-storlek-87-cm-x-465-cm-x-160-cm-farg-gran-brun\/#primaryimage"},"image":{"@id":"https:\/\/truusk.store\/sv\/produkt\/truusk-utrustningsbod-med-lamelldorrar-3-hyllor-vaderbestandig-storlek-87-cm-x-465-cm-x-160-cm-farg-gran-brun\/#primaryimage"},"thumbnailUrl":"https:\/\/i0.wp.com\/truusk.store\/wp-content\/uploads\/2024\/02\/utrustningsbod-med-lamelldorrar-3-hyllor-vaderbestandig-87-cm-x-465-cm-x-160-cm-gran-brun.webp?fit=800%2C800&ssl=1","datePublished":"2024-02-13T13:52:46+00:00","dateModified":"2026-03-12T08:02:12+00:00","breadcrumb":{"@id":"https:\/\/truusk.store\/sv\/produkt\/truusk-utrustningsbod-med-lamelldorrar-3-hyllor-vaderbestandig-storlek-87-cm-x-465-cm-x-160-cm-farg-gran-brun\/#breadcrumb"},"inLanguage":"sv-SE","potentialAction":[{"@type":"ReadAction","target":["https:\/\/truusk.store\/sv\/produkt\/truusk-utrustningsbod-med-lamelldorrar-3-hyllor-vaderbestandig-storlek-87-cm-x-465-cm-x-160-cm-farg-gran-brun\/"]}]},{"@type":"ImageObject","inLanguage":"sv-SE","@id":"https:\/\/truusk.store\/sv\/produkt\/truusk-utrustningsbod-med-lamelldorrar-3-hyllor-vaderbestandig-storlek-87-cm-x-465-cm-x-160-cm-farg-gran-brun\/#primaryimage","url":"https:\/\/i0.wp.com\/truusk.store\/wp-content\/uploads\/2024\/02\/utrustningsbod-med-lamelldorrar-3-hyllor-vaderbestandig-87-cm-x-465-cm-x-160-cm-gran-brun.webp?fit=800%2C800&ssl=1","contentUrl":"https:\/\/i0.wp.com\/truusk.store\/wp-content\/uploads\/2024\/02\/utrustningsbod-med-lamelldorrar-3-hyllor-vaderbestandig-87-cm-x-465-cm-x-160-cm-gran-brun.webp?fit=800%2C800&ssl=1","width":800,"height":800,"caption":"Utrustningsbod Med Lamelld\u00f6rrar, 3 Hyllor, V\u00e4derbest\u00e4ndig, 87 Cm X 46,5 Cm X 160 Cm, Gran, Brun 1"},{"@type":"BreadcrumbList","@id":"https:\/\/truusk.store\/sv\/produkt\/truusk-utrustningsbod-med-lamelldorrar-3-hyllor-vaderbestandig-storlek-87-cm-x-465-cm-x-160-cm-farg-gran-brun\/#breadcrumb","itemListElement":[{"@type":"ListItem","position":1,"name":"Home","item":"https:\/\/truusk.store\/sv\/"},{"@type":"ListItem","position":2,"name":"Shop","item":"https:\/\/truusk.store\/shop\/"},{"@type":"ListItem","position":3,"name":"TRUUSK Utrustningsbod med Lamelld\u00f6rrar &#8211; 3 Hyllor &#8211; V\u00e4derbest\u00e4ndig &#8211; Storlek 87 cm x 46,5 cm x 160 cm &#8211; F\u00e4rg Gran &#8211; Brun"}]},{"@type":"WebSite","@id":"https:\/\/truusk.store\/sv\/#website","url":"https:\/\/truusk.store\/sv\/","name":"TRUUSK - Hem, Tr\u00e4dg\u00e5rd & Fritid","description":"","publisher":{"@id":"https:\/\/truusk.store\/sv\/#organization"},"potentialAction":[{"@type":"SearchAction","target":{"@type":"EntryPoint","urlTemplate":"https:\/\/truusk.store\/sv\/?s={search_term_string}"},"query-input":{"@type":"PropertyValueSpecification","valueRequired":true,"valueName":"search_term_string"}}],"inLanguage":"sv-SE"},{"@type":"Organization","@id":"https:\/\/truusk.store\/sv\/#organization","name":"TRUUSK - Hem, Tr\u00e4dg\u00e5rd & Fritid","url":"https:\/\/truusk.store\/sv\/","logo":{"@type":"ImageObject","inLanguage":"sv-SE","@id":"https:\/\/truusk.store\/sv\/#\/schema\/logo\/image\/","url":"https:\/\/i0.wp.com\/truusk.store\/wp-content\/uploads\/2026\/03\/cropped-TRUUSK.png?fit=2032%2C917&ssl=1","contentUrl":"https:\/\/i0.wp.com\/truusk.store\/wp-content\/uploads\/2026\/03\/cropped-TRUUSK.png?fit=2032%2C917&ssl=1","width":2032,"height":917,"caption":"TRUUSK - Hem, Tr\u00e4dg\u00e5rd & Fritid"},"image":{"@id":"https:\/\/truusk.store\/sv\/#\/schema\/logo\/image\/"}}]}},"jetpack_sharing_enabled":true,"_links":{"self":[{"href":"https:\/\/truusk.store\/sv\/wp-json\/wp\/v2\/product\/19427","targetHints":{"allow":["GET"]}}],"collection":[{"href":"https:\/\/truusk.store\/sv\/wp-json\/wp\/v2\/product"}],"about":[{"href":"https:\/\/truusk.store\/sv\/wp-json\/wp\/v2\/types\/product"}],"wp:featuredmedia":[{"embeddable":true,"href":"https:\/\/truusk.store\/sv\/wp-json\/wp\/v2\/media\/19428"}],"wp:attachment":[{"href":"https:\/\/truusk.store\/sv\/wp-json\/wp\/v2\/media?parent=19427"}],"wp:term":[{"taxonomy":"product_brand","embeddable":true,"href":"https:\/\/truusk.store\/sv\/wp-json\/wp\/v2\/product_brand?post=19427"},{"taxonomy":"product_cat","embeddable":true,"href":"https:\/\/truusk.store\/sv\/wp-json\/wp\/v2\/product_cat?post=19427"},{"taxonomy":"product_tag","embeddable":true,"href":"https:\/\/truusk.store\/sv\/wp-json\/wp\/v2\/product_tag?post=19427"}],"curies":[{"name":"wp","href":"https:\/\/api.w.org\/{rel}","templated":true}]}}