{"id":19447,"date":"2024-02-13T14:53:38","date_gmt":"2024-02-13T13:53:38","guid":{"rendered":"https:\/\/truusk.store\/product\/steppingboard-aerobic-fitness-motionscykel-stepper-2-stegs-hojdjusterbar-10-15-cm-lamplig-for-hem-och-kontorsbruk-svart-gra-68-x-29-x-15-cm\/"},"modified":"2026-03-12T09:02:12","modified_gmt":"2026-03-12T08:02:12","slug":"truusk-steppingboard-aerobic-fitness-motionsscykel-stepper-2-stegs-hojdjusterbar-lamplig-for-hem-och-kontorsbruk-svart","status":"publish","type":"product","link":"https:\/\/truusk.store\/sv\/produkt\/truusk-steppingboard-aerobic-fitness-motionsscykel-stepper-2-stegs-hojdjusterbar-lamplig-for-hem-och-kontorsbruk-svart\/","title":{"rendered":"TRUUSK Steppingboard Aerobic Fitness Motionsscykel Stepper &#8211; 2-stegs H\u00f6jdjusterbar &#8211; L\u00e4mplig F\u00f6r Hem- Och Kontorsbruk &#8211; Svart +"},"content":{"rendered":"<p>G\u00f6r din konditions- och konditionstr\u00e4ning s\u00e4rskilt effektiv och skonsam med denna enast\u00e5ende aeroba stepper. Modulf\u00f6tterna g\u00f6r det m\u00f6jligt att justera h\u00f6jden var som helst mellan 10 och 15 cm. De h\u00e5llbara och h\u00e5llbara materialen ger dig inte bara ett stadigt f\u00e4ste utan \u00e4r ocks\u00e5 skonsamma mot lederna. Byggd f\u00f6r att vara s\u00e4rskilt kompakt, du kan enkelt ta med dig denna stepper var som helst och f\u00f6rvara den f\u00f6r att spara utrymme.<\/p>\n<h3>Beskrivning:<\/h3>\n<ul>\n<li>L\u00e4mplig f\u00f6r inomhus- och utomhusbruk<\/li>\n<li>Halkfri yta och robust h\u00f6lje<\/li>\n<li>H\u00f6jdjusterbar i 2 steg: 10 och 15 cm<\/li>\n<li>S\u00e4ker fot<\/li>\n<li>L\u00e4tt vikt f\u00f6r enkel transport<\/li>\n<li>L\u00e4tt att s\u00e4tta upp och demontera<\/li>\n<\/ul>\n<h3>Teknisk data:<\/h3>\n<ul>\n<li>Material: Plast<\/li>\n<li>F\u00e4rg: Svart+Gr\u00e5<\/li>\n<li>\u00d6vergripande m\u00e5tt: 68L x 29W x 15H cm<\/li>\n<li>Max belastning: 120 kg<\/li>\n<\/ul>\n<h3>Leveransens omfattning:<\/h3>\n<ul>\n<li>1 x Aerobic Stepper;<\/li>\n<\/ul>\n","protected":false},"excerpt":{"rendered":"<p>G\u00f6r din konditions- och konditionstr\u00e4ning s\u00e4rskilt effektiv och skonsam med denna enast\u00e5ende aeroba stepper. Modulf\u00f6tterna g\u00f6r det m\u00f6jligt att justera&#8230;<\/p>\n","protected":false},"featured_media":19448,"template":"","meta":[],"product_brand":[],"product_cat":[661,743,647],"product_tag":[],"class_list":{"0":"post-19447","1":"product","2":"type-product","3":"status-publish","4":"has-post-thumbnail","6":"product_cat-kondition-styrketraning","7":"product_cat-quiltbrador-och-mini-stepper","8":"product_cat-sport-fritid","10":"first","11":"instock","12":"sale","13":"taxable","14":"shipping-taxable","15":"purchasable","16":"product-type-simple"},"yoast_head":"<!-- This site is optimized with the Yoast SEO plugin v25.4 - https:\/\/yoast.com\/wordpress\/plugins\/seo\/ -->\n<title>TRUUSK Steppingboard Aerobic Fitness Motionsscykel Stepper - 2-stegs H\u00f6jdjusterbar - L\u00e4mplig F\u00f6r Hem- Och Kontorsbruk - Svart + - TRUUSK - Hem, Tr\u00e4dg\u00e5rd &amp; Fritid<\/title>\n<meta name=\"robots\" content=\"index, follow, max-snippet:-1, max-image-preview:large, max-video-preview:-1\" \/>\n<link rel=\"canonical\" href=\"https:\/\/truusk.store\/sv\/produkt\/truusk-steppingboard-aerobic-fitness-motionsscykel-stepper-2-stegs-hojdjusterbar-lamplig-for-hem-och-kontorsbruk-svart\/\" \/>\n<meta property=\"og:locale\" content=\"sv_SE\" \/>\n<meta property=\"og:type\" content=\"article\" \/>\n<meta property=\"og:title\" content=\"TRUUSK Steppingboard Aerobic Fitness Motionsscykel Stepper - 2-stegs H\u00f6jdjusterbar - L\u00e4mplig F\u00f6r Hem- Och Kontorsbruk - Svart + - TRUUSK - Hem, Tr\u00e4dg\u00e5rd &amp; Fritid\" \/>\n<meta property=\"og:description\" content=\"G\u00f6r din konditions- och konditionstr\u00e4ning s\u00e4rskilt effektiv och skonsam med denna enast\u00e5ende aeroba stepper. Modulf\u00f6tterna g\u00f6r det m\u00f6jligt att justera...\" \/>\n<meta property=\"og:url\" content=\"https:\/\/truusk.store\/sv\/produkt\/truusk-steppingboard-aerobic-fitness-motionsscykel-stepper-2-stegs-hojdjusterbar-lamplig-for-hem-och-kontorsbruk-svart\/\" \/>\n<meta property=\"og:site_name\" content=\"TRUUSK - Hem, Tr\u00e4dg\u00e5rd &amp; Fritid\" \/>\n<meta property=\"article:modified_time\" content=\"2026-03-12T08:02:12+00:00\" \/>\n<meta property=\"og:image\" content=\"https:\/\/i0.wp.com\/truusk.se\/wp-content\/uploads\/2024\/02\/steppingboard-aerobic-fitness-motionscykel-stepper-2-stegs-hojdjusterbar-10-15-cm-lamplig-for-hem-och-kontorsbruk-svart-gra-68-x-29-x-15-cm.webp?fit=800%2C800&ssl=1\" \/>\n\t<meta property=\"og:image:width\" content=\"800\" \/>\n\t<meta property=\"og:image:height\" content=\"800\" \/>\n\t<meta property=\"og:image:type\" content=\"image\/webp\" \/>\n<meta name=\"twitter:card\" content=\"summary_large_image\" \/>\n<meta name=\"twitter:label1\" content=\"Ber\u00e4knad l\u00e4stid\" \/>\n\t<meta name=\"twitter:data1\" content=\"1 minut\" \/>\n<!-- \/ Yoast SEO plugin. -->","yoast_head_json":{"title":"TRUUSK Steppingboard Aerobic Fitness Motionsscykel Stepper - 2-stegs H\u00f6jdjusterbar - L\u00e4mplig F\u00f6r Hem- Och Kontorsbruk - Svart + - TRUUSK - Hem, Tr\u00e4dg\u00e5rd &amp; Fritid","robots":{"index":"index","follow":"follow","max-snippet":"max-snippet:-1","max-image-preview":"max-image-preview:large","max-video-preview":"max-video-preview:-1"},"canonical":"https:\/\/truusk.store\/sv\/produkt\/truusk-steppingboard-aerobic-fitness-motionsscykel-stepper-2-stegs-hojdjusterbar-lamplig-for-hem-och-kontorsbruk-svart\/","og_locale":"sv_SE","og_type":"article","og_title":"TRUUSK Steppingboard Aerobic Fitness Motionsscykel Stepper - 2-stegs H\u00f6jdjusterbar - L\u00e4mplig F\u00f6r Hem- Och Kontorsbruk - Svart + - TRUUSK - Hem, Tr\u00e4dg\u00e5rd &amp; Fritid","og_description":"G\u00f6r din konditions- och konditionstr\u00e4ning s\u00e4rskilt effektiv och skonsam med denna enast\u00e5ende aeroba stepper. Modulf\u00f6tterna g\u00f6r det m\u00f6jligt att justera...","og_url":"https:\/\/truusk.store\/sv\/produkt\/truusk-steppingboard-aerobic-fitness-motionsscykel-stepper-2-stegs-hojdjusterbar-lamplig-for-hem-och-kontorsbruk-svart\/","og_site_name":"TRUUSK - Hem, Tr\u00e4dg\u00e5rd &amp; Fritid","article_modified_time":"2026-03-12T08:02:12+00:00","og_image":[{"width":800,"height":800,"url":"https:\/\/i0.wp.com\/truusk.se\/wp-content\/uploads\/2024\/02\/steppingboard-aerobic-fitness-motionscykel-stepper-2-stegs-hojdjusterbar-10-15-cm-lamplig-for-hem-och-kontorsbruk-svart-gra-68-x-29-x-15-cm.webp?fit=800%2C800&ssl=1","type":"image\/webp"}],"twitter_card":"summary_large_image","twitter_misc":{"Ber\u00e4knad l\u00e4stid":"1 minut"},"schema":{"@context":"https:\/\/schema.org","@graph":[{"@type":"WebPage","@id":"https:\/\/truusk.store\/sv\/produkt\/truusk-steppingboard-aerobic-fitness-motionsscykel-stepper-2-stegs-hojdjusterbar-lamplig-for-hem-och-kontorsbruk-svart\/","url":"https:\/\/truusk.store\/sv\/produkt\/truusk-steppingboard-aerobic-fitness-motionsscykel-stepper-2-stegs-hojdjusterbar-lamplig-for-hem-och-kontorsbruk-svart\/","name":"TRUUSK Steppingboard Aerobic Fitness Motionsscykel Stepper - 2-stegs H\u00f6jdjusterbar - L\u00e4mplig F\u00f6r Hem- Och Kontorsbruk - Svart + - TRUUSK - Hem, Tr\u00e4dg\u00e5rd &amp; Fritid","isPartOf":{"@id":"https:\/\/truusk.store\/sv\/#website"},"primaryImageOfPage":{"@id":"https:\/\/truusk.store\/sv\/produkt\/truusk-steppingboard-aerobic-fitness-motionsscykel-stepper-2-stegs-hojdjusterbar-lamplig-for-hem-och-kontorsbruk-svart\/#primaryimage"},"image":{"@id":"https:\/\/truusk.store\/sv\/produkt\/truusk-steppingboard-aerobic-fitness-motionsscykel-stepper-2-stegs-hojdjusterbar-lamplig-for-hem-och-kontorsbruk-svart\/#primaryimage"},"thumbnailUrl":"https:\/\/i0.wp.com\/truusk.store\/wp-content\/uploads\/2024\/02\/steppingboard-aerobic-fitness-motionscykel-stepper-2-stegs-hojdjusterbar-10-15-cm-lamplig-for-hem-och-kontorsbruk-svart-gra-68-x-29-x-15-cm.webp?fit=800%2C800&ssl=1","datePublished":"2024-02-13T13:53:38+00:00","dateModified":"2026-03-12T08:02:12+00:00","breadcrumb":{"@id":"https:\/\/truusk.store\/sv\/produkt\/truusk-steppingboard-aerobic-fitness-motionsscykel-stepper-2-stegs-hojdjusterbar-lamplig-for-hem-och-kontorsbruk-svart\/#breadcrumb"},"inLanguage":"sv-SE","potentialAction":[{"@type":"ReadAction","target":["https:\/\/truusk.store\/sv\/produkt\/truusk-steppingboard-aerobic-fitness-motionsscykel-stepper-2-stegs-hojdjusterbar-lamplig-for-hem-och-kontorsbruk-svart\/"]}]},{"@type":"ImageObject","inLanguage":"sv-SE","@id":"https:\/\/truusk.store\/sv\/produkt\/truusk-steppingboard-aerobic-fitness-motionsscykel-stepper-2-stegs-hojdjusterbar-lamplig-for-hem-och-kontorsbruk-svart\/#primaryimage","url":"https:\/\/i0.wp.com\/truusk.store\/wp-content\/uploads\/2024\/02\/steppingboard-aerobic-fitness-motionscykel-stepper-2-stegs-hojdjusterbar-10-15-cm-lamplig-for-hem-och-kontorsbruk-svart-gra-68-x-29-x-15-cm.webp?fit=800%2C800&ssl=1","contentUrl":"https:\/\/i0.wp.com\/truusk.store\/wp-content\/uploads\/2024\/02\/steppingboard-aerobic-fitness-motionscykel-stepper-2-stegs-hojdjusterbar-10-15-cm-lamplig-for-hem-och-kontorsbruk-svart-gra-68-x-29-x-15-cm.webp?fit=800%2C800&ssl=1","width":800,"height":800,"caption":"Steppingboard Aerobic Fitness Motionscykel Stepper 2-stegs H\u00f6jdjusterbar (10\/15 Cm) L\u00e4mplig F\u00f6r Hem- Och Kontorsbruk Svart + Gr\u00e5 68 X 29 X 15 Cm 1"},{"@type":"BreadcrumbList","@id":"https:\/\/truusk.store\/sv\/produkt\/truusk-steppingboard-aerobic-fitness-motionsscykel-stepper-2-stegs-hojdjusterbar-lamplig-for-hem-och-kontorsbruk-svart\/#breadcrumb","itemListElement":[{"@type":"ListItem","position":1,"name":"Home","item":"https:\/\/truusk.store\/sv\/"},{"@type":"ListItem","position":2,"name":"Shop","item":"https:\/\/truusk.store\/shop\/"},{"@type":"ListItem","position":3,"name":"TRUUSK Steppingboard Aerobic Fitness Motionsscykel Stepper &#8211; 2-stegs H\u00f6jdjusterbar &#8211; L\u00e4mplig F\u00f6r Hem- Och Kontorsbruk &#8211; Svart +"}]},{"@type":"WebSite","@id":"https:\/\/truusk.store\/sv\/#website","url":"https:\/\/truusk.store\/sv\/","name":"TRUUSK - Hem, Tr\u00e4dg\u00e5rd & Fritid","description":"","publisher":{"@id":"https:\/\/truusk.store\/sv\/#organization"},"potentialAction":[{"@type":"SearchAction","target":{"@type":"EntryPoint","urlTemplate":"https:\/\/truusk.store\/sv\/?s={search_term_string}"},"query-input":{"@type":"PropertyValueSpecification","valueRequired":true,"valueName":"search_term_string"}}],"inLanguage":"sv-SE"},{"@type":"Organization","@id":"https:\/\/truusk.store\/sv\/#organization","name":"TRUUSK - Hem, Tr\u00e4dg\u00e5rd & Fritid","url":"https:\/\/truusk.store\/sv\/","logo":{"@type":"ImageObject","inLanguage":"sv-SE","@id":"https:\/\/truusk.store\/sv\/#\/schema\/logo\/image\/","url":"https:\/\/i0.wp.com\/truusk.store\/wp-content\/uploads\/2026\/03\/cropped-TRUUSK.png?fit=2032%2C917&ssl=1","contentUrl":"https:\/\/i0.wp.com\/truusk.store\/wp-content\/uploads\/2026\/03\/cropped-TRUUSK.png?fit=2032%2C917&ssl=1","width":2032,"height":917,"caption":"TRUUSK - Hem, Tr\u00e4dg\u00e5rd & Fritid"},"image":{"@id":"https:\/\/truusk.store\/sv\/#\/schema\/logo\/image\/"}}]}},"jetpack_sharing_enabled":true,"_links":{"self":[{"href":"https:\/\/truusk.store\/sv\/wp-json\/wp\/v2\/product\/19447","targetHints":{"allow":["GET"]}}],"collection":[{"href":"https:\/\/truusk.store\/sv\/wp-json\/wp\/v2\/product"}],"about":[{"href":"https:\/\/truusk.store\/sv\/wp-json\/wp\/v2\/types\/product"}],"wp:featuredmedia":[{"embeddable":true,"href":"https:\/\/truusk.store\/sv\/wp-json\/wp\/v2\/media\/19448"}],"wp:attachment":[{"href":"https:\/\/truusk.store\/sv\/wp-json\/wp\/v2\/media?parent=19447"}],"wp:term":[{"taxonomy":"product_brand","embeddable":true,"href":"https:\/\/truusk.store\/sv\/wp-json\/wp\/v2\/product_brand?post=19447"},{"taxonomy":"product_cat","embeddable":true,"href":"https:\/\/truusk.store\/sv\/wp-json\/wp\/v2\/product_cat?post=19447"},{"taxonomy":"product_tag","embeddable":true,"href":"https:\/\/truusk.store\/sv\/wp-json\/wp\/v2\/product_tag?post=19447"}],"curies":[{"name":"wp","href":"https:\/\/api.w.org\/{rel}","templated":true}]}}