{"id":19501,"date":"2024-02-13T14:55:20","date_gmt":"2024-02-13T13:55:20","guid":{"rendered":"https:\/\/truusk.store\/product\/katttradskrapstolpe-kattskrapstolpe-klattertrad-katt-sisal-modell-7-ljusgra\/"},"modified":"2026-03-12T09:02:13","modified_gmt":"2026-03-12T08:02:13","slug":"truusk-katttradskrapstolpe-klattertrad-katt-sisal-ljusgra-180-cm-robust-och-talig-perfekt-for-katter-enkel-montering","status":"publish","type":"product","link":"https:\/\/truusk.store\/sv\/produkt\/truusk-katttradskrapstolpe-klattertrad-katt-sisal-ljusgra-180-cm-robust-och-talig-perfekt-for-katter-enkel-montering\/","title":{"rendered":"TRUUSK Katttr\u00e4dskrapstolpe &#8211; Kl\u00e4ttertr\u00e4d Katt Sisal &#8211; Ljusgr\u00e5 &#8211; 180 cm &#8211; Robust och t\u00e5lig &#8211; Perfekt f\u00f6r katter &#8211; Enkel montering"},"content":{"rendered":"<p>En skrapstolpe \u00e4r ett paradis f\u00f6r din katt och en idealisk tillflyktsort. Denna skrapstolpe har 3 lekbollar, en v\u00e4lvd bro och en koj. Oavsett om du leker, springer runt eller vilar kan din katt tillbringa mycket tid h\u00e4r och k\u00e4nna sig bekv\u00e4m.<\/p>\n<h3>Beskrivning:<\/h3>\n<ul>\n<li>Katttr\u00e4d med mycket skrapa, mys, lek och sovm\u00f6jligheter<\/li>\n<li>Kl\u00e4dd med h\u00f6gkvalitativ och mjuk plysch<\/li>\n<li>Med en bas i form av en tass f\u00f6r att gosa och koppla av<\/li>\n<li>Bro insvept i sisal<\/li>\n<li>Bro med skrapyta f\u00f6r klov\u00e5rd<\/li>\n<li>3 spelbollar<\/li>\n<li>Alla material \u00e4r milj\u00f6v\u00e4nliga<\/li>\n<li>lite utrymmesbehov<\/li>\n<li>Enkel konstruktion<\/li>\n<\/ul>\n<h3>Teknisk data:<\/h3>\n<ul>\n<li>Material: sp\u00e5nskiva, t\u00e4ckt med plysch<\/li>\n<li>M\u00e5tt: L38 x B38 x H40 cm<\/li>\n<li>H\u00f6jd p\u00e5 bron: 17 cm<\/li>\n<li>F\u00e4rg: ljusgr\u00e5<\/li>\n<\/ul>\n<h3>Leveransens omfattning:<\/h3>\n<ul>\n<li>1 x skrapstolpe<\/li>\n<\/ul>\n","protected":false},"excerpt":{"rendered":"<p>En skrapstolpe \u00e4r ett paradis f\u00f6r din katt och en idealisk tillflyktsort. Denna skrapstolpe har 3 lekbollar, en v\u00e4lvd bro&#8230;<\/p>\n","protected":false},"featured_media":19502,"template":"","meta":[],"product_brand":[],"product_cat":[573,588,589],"product_tag":[],"class_list":{"0":"post-19501","1":"product","2":"type-product","3":"status-publish","4":"has-post-thumbnail","6":"product_cat-husdjursmaterial","7":"product_cat-katttillbehor","8":"product_cat-skrapande-inlagg","10":"first","11":"instock","12":"sale","13":"taxable","14":"shipping-taxable","15":"purchasable","16":"product-type-simple"},"yoast_head":"<!-- This site is optimized with the Yoast SEO plugin v25.4 - https:\/\/yoast.com\/wordpress\/plugins\/seo\/ -->\n<title>TRUUSK Katttr\u00e4dskrapstolpe - Kl\u00e4ttertr\u00e4d Katt Sisal - Ljusgr\u00e5 - 180 cm - Robust och t\u00e5lig - Perfekt f\u00f6r katter - Enkel montering - TRUUSK - Hem, Tr\u00e4dg\u00e5rd &amp; Fritid<\/title>\n<meta name=\"robots\" content=\"index, follow, max-snippet:-1, max-image-preview:large, max-video-preview:-1\" \/>\n<link rel=\"canonical\" href=\"https:\/\/truusk.store\/sv\/produkt\/truusk-katttradskrapstolpe-klattertrad-katt-sisal-ljusgra-180-cm-robust-och-talig-perfekt-for-katter-enkel-montering\/\" \/>\n<meta property=\"og:locale\" content=\"sv_SE\" \/>\n<meta property=\"og:type\" content=\"article\" \/>\n<meta property=\"og:title\" content=\"TRUUSK Katttr\u00e4dskrapstolpe - Kl\u00e4ttertr\u00e4d Katt Sisal - Ljusgr\u00e5 - 180 cm - Robust och t\u00e5lig - Perfekt f\u00f6r katter - Enkel montering - TRUUSK - Hem, Tr\u00e4dg\u00e5rd &amp; Fritid\" \/>\n<meta property=\"og:description\" content=\"En skrapstolpe \u00e4r ett paradis f\u00f6r din katt och en idealisk tillflyktsort. Denna skrapstolpe har 3 lekbollar, en v\u00e4lvd bro...\" \/>\n<meta property=\"og:url\" content=\"https:\/\/truusk.store\/sv\/produkt\/truusk-katttradskrapstolpe-klattertrad-katt-sisal-ljusgra-180-cm-robust-och-talig-perfekt-for-katter-enkel-montering\/\" \/>\n<meta property=\"og:site_name\" content=\"TRUUSK - Hem, Tr\u00e4dg\u00e5rd &amp; Fritid\" \/>\n<meta property=\"article:modified_time\" content=\"2026-03-12T08:02:13+00:00\" \/>\n<meta property=\"og:image\" content=\"https:\/\/i0.wp.com\/truusk.se\/wp-content\/uploads\/2024\/02\/katttradskrapstolpe-kattskrapstolpe-klattertrad-katt-sisal-modell-7-ljusgra.webp?fit=800%2C800&ssl=1\" \/>\n\t<meta property=\"og:image:width\" content=\"800\" \/>\n\t<meta property=\"og:image:height\" content=\"800\" \/>\n\t<meta property=\"og:image:type\" content=\"image\/webp\" \/>\n<meta name=\"twitter:card\" content=\"summary_large_image\" \/>\n<meta name=\"twitter:label1\" content=\"Ber\u00e4knad l\u00e4stid\" \/>\n\t<meta name=\"twitter:data1\" content=\"1 minut\" \/>\n<!-- \/ Yoast SEO plugin. -->","yoast_head_json":{"title":"TRUUSK Katttr\u00e4dskrapstolpe - Kl\u00e4ttertr\u00e4d Katt Sisal - Ljusgr\u00e5 - 180 cm - Robust och t\u00e5lig - Perfekt f\u00f6r katter - Enkel montering - TRUUSK - Hem, Tr\u00e4dg\u00e5rd &amp; Fritid","robots":{"index":"index","follow":"follow","max-snippet":"max-snippet:-1","max-image-preview":"max-image-preview:large","max-video-preview":"max-video-preview:-1"},"canonical":"https:\/\/truusk.store\/sv\/produkt\/truusk-katttradskrapstolpe-klattertrad-katt-sisal-ljusgra-180-cm-robust-och-talig-perfekt-for-katter-enkel-montering\/","og_locale":"sv_SE","og_type":"article","og_title":"TRUUSK Katttr\u00e4dskrapstolpe - Kl\u00e4ttertr\u00e4d Katt Sisal - Ljusgr\u00e5 - 180 cm - Robust och t\u00e5lig - Perfekt f\u00f6r katter - Enkel montering - TRUUSK - Hem, Tr\u00e4dg\u00e5rd &amp; Fritid","og_description":"En skrapstolpe \u00e4r ett paradis f\u00f6r din katt och en idealisk tillflyktsort. Denna skrapstolpe har 3 lekbollar, en v\u00e4lvd bro...","og_url":"https:\/\/truusk.store\/sv\/produkt\/truusk-katttradskrapstolpe-klattertrad-katt-sisal-ljusgra-180-cm-robust-och-talig-perfekt-for-katter-enkel-montering\/","og_site_name":"TRUUSK - Hem, Tr\u00e4dg\u00e5rd &amp; Fritid","article_modified_time":"2026-03-12T08:02:13+00:00","og_image":[{"width":800,"height":800,"url":"https:\/\/i0.wp.com\/truusk.se\/wp-content\/uploads\/2024\/02\/katttradskrapstolpe-kattskrapstolpe-klattertrad-katt-sisal-modell-7-ljusgra.webp?fit=800%2C800&ssl=1","type":"image\/webp"}],"twitter_card":"summary_large_image","twitter_misc":{"Ber\u00e4knad l\u00e4stid":"1 minut"},"schema":{"@context":"https:\/\/schema.org","@graph":[{"@type":"WebPage","@id":"https:\/\/truusk.store\/sv\/produkt\/truusk-katttradskrapstolpe-klattertrad-katt-sisal-ljusgra-180-cm-robust-och-talig-perfekt-for-katter-enkel-montering\/","url":"https:\/\/truusk.store\/sv\/produkt\/truusk-katttradskrapstolpe-klattertrad-katt-sisal-ljusgra-180-cm-robust-och-talig-perfekt-for-katter-enkel-montering\/","name":"TRUUSK Katttr\u00e4dskrapstolpe - Kl\u00e4ttertr\u00e4d Katt Sisal - Ljusgr\u00e5 - 180 cm - Robust och t\u00e5lig - Perfekt f\u00f6r katter - Enkel montering - TRUUSK - Hem, Tr\u00e4dg\u00e5rd &amp; Fritid","isPartOf":{"@id":"https:\/\/truusk.store\/sv\/#website"},"primaryImageOfPage":{"@id":"https:\/\/truusk.store\/sv\/produkt\/truusk-katttradskrapstolpe-klattertrad-katt-sisal-ljusgra-180-cm-robust-och-talig-perfekt-for-katter-enkel-montering\/#primaryimage"},"image":{"@id":"https:\/\/truusk.store\/sv\/produkt\/truusk-katttradskrapstolpe-klattertrad-katt-sisal-ljusgra-180-cm-robust-och-talig-perfekt-for-katter-enkel-montering\/#primaryimage"},"thumbnailUrl":"https:\/\/i0.wp.com\/truusk.store\/wp-content\/uploads\/2024\/02\/katttradskrapstolpe-kattskrapstolpe-klattertrad-katt-sisal-modell-7-ljusgra.webp?fit=800%2C800&ssl=1","datePublished":"2024-02-13T13:55:20+00:00","dateModified":"2026-03-12T08:02:13+00:00","breadcrumb":{"@id":"https:\/\/truusk.store\/sv\/produkt\/truusk-katttradskrapstolpe-klattertrad-katt-sisal-ljusgra-180-cm-robust-och-talig-perfekt-for-katter-enkel-montering\/#breadcrumb"},"inLanguage":"sv-SE","potentialAction":[{"@type":"ReadAction","target":["https:\/\/truusk.store\/sv\/produkt\/truusk-katttradskrapstolpe-klattertrad-katt-sisal-ljusgra-180-cm-robust-och-talig-perfekt-for-katter-enkel-montering\/"]}]},{"@type":"ImageObject","inLanguage":"sv-SE","@id":"https:\/\/truusk.store\/sv\/produkt\/truusk-katttradskrapstolpe-klattertrad-katt-sisal-ljusgra-180-cm-robust-och-talig-perfekt-for-katter-enkel-montering\/#primaryimage","url":"https:\/\/i0.wp.com\/truusk.store\/wp-content\/uploads\/2024\/02\/katttradskrapstolpe-kattskrapstolpe-klattertrad-katt-sisal-modell-7-ljusgra.webp?fit=800%2C800&ssl=1","contentUrl":"https:\/\/i0.wp.com\/truusk.store\/wp-content\/uploads\/2024\/02\/katttradskrapstolpe-kattskrapstolpe-klattertrad-katt-sisal-modell-7-ljusgra.webp?fit=800%2C800&ssl=1","width":800,"height":800,"caption":"Katttr\u00e4dskrapstolpe Kattskrapstolpe Kl\u00e4ttertr\u00e4d Katt Sisal (modell 7\/Ljusgr\u00e5) 1"},{"@type":"BreadcrumbList","@id":"https:\/\/truusk.store\/sv\/produkt\/truusk-katttradskrapstolpe-klattertrad-katt-sisal-ljusgra-180-cm-robust-och-talig-perfekt-for-katter-enkel-montering\/#breadcrumb","itemListElement":[{"@type":"ListItem","position":1,"name":"Home","item":"https:\/\/truusk.store\/sv\/"},{"@type":"ListItem","position":2,"name":"Shop","item":"https:\/\/truusk.store\/shop\/"},{"@type":"ListItem","position":3,"name":"TRUUSK Katttr\u00e4dskrapstolpe &#8211; Kl\u00e4ttertr\u00e4d Katt Sisal &#8211; Ljusgr\u00e5 &#8211; 180 cm &#8211; Robust och t\u00e5lig &#8211; Perfekt f\u00f6r katter &#8211; Enkel montering"}]},{"@type":"WebSite","@id":"https:\/\/truusk.store\/sv\/#website","url":"https:\/\/truusk.store\/sv\/","name":"TRUUSK - Hem, Tr\u00e4dg\u00e5rd & Fritid","description":"","publisher":{"@id":"https:\/\/truusk.store\/sv\/#organization"},"potentialAction":[{"@type":"SearchAction","target":{"@type":"EntryPoint","urlTemplate":"https:\/\/truusk.store\/sv\/?s={search_term_string}"},"query-input":{"@type":"PropertyValueSpecification","valueRequired":true,"valueName":"search_term_string"}}],"inLanguage":"sv-SE"},{"@type":"Organization","@id":"https:\/\/truusk.store\/sv\/#organization","name":"TRUUSK - Hem, Tr\u00e4dg\u00e5rd & Fritid","url":"https:\/\/truusk.store\/sv\/","logo":{"@type":"ImageObject","inLanguage":"sv-SE","@id":"https:\/\/truusk.store\/sv\/#\/schema\/logo\/image\/","url":"https:\/\/i0.wp.com\/truusk.store\/wp-content\/uploads\/2026\/03\/cropped-TRUUSK.png?fit=2032%2C917&ssl=1","contentUrl":"https:\/\/i0.wp.com\/truusk.store\/wp-content\/uploads\/2026\/03\/cropped-TRUUSK.png?fit=2032%2C917&ssl=1","width":2032,"height":917,"caption":"TRUUSK - Hem, Tr\u00e4dg\u00e5rd & Fritid"},"image":{"@id":"https:\/\/truusk.store\/sv\/#\/schema\/logo\/image\/"}}]}},"jetpack_sharing_enabled":true,"_links":{"self":[{"href":"https:\/\/truusk.store\/sv\/wp-json\/wp\/v2\/product\/19501","targetHints":{"allow":["GET"]}}],"collection":[{"href":"https:\/\/truusk.store\/sv\/wp-json\/wp\/v2\/product"}],"about":[{"href":"https:\/\/truusk.store\/sv\/wp-json\/wp\/v2\/types\/product"}],"wp:featuredmedia":[{"embeddable":true,"href":"https:\/\/truusk.store\/sv\/wp-json\/wp\/v2\/media\/19502"}],"wp:attachment":[{"href":"https:\/\/truusk.store\/sv\/wp-json\/wp\/v2\/media?parent=19501"}],"wp:term":[{"taxonomy":"product_brand","embeddable":true,"href":"https:\/\/truusk.store\/sv\/wp-json\/wp\/v2\/product_brand?post=19501"},{"taxonomy":"product_cat","embeddable":true,"href":"https:\/\/truusk.store\/sv\/wp-json\/wp\/v2\/product_cat?post=19501"},{"taxonomy":"product_tag","embeddable":true,"href":"https:\/\/truusk.store\/sv\/wp-json\/wp\/v2\/product_tag?post=19501"}],"curies":[{"name":"wp","href":"https:\/\/api.w.org\/{rel}","templated":true}]}}