{"id":19511,"date":"2024-02-13T14:55:36","date_gmt":"2024-02-13T13:55:36","guid":{"rendered":"https:\/\/truusk.store\/product\/fotstod-justerbart-i-hojdled-justerbar-lutningsvinkel-46-cm-x-35-cm-x-11-17-cm-gra\/"},"modified":"2026-03-12T09:02:13","modified_gmt":"2026-03-12T08:02:13","slug":"truusk-fotstod-justerbar-hojd-och-lutningsvinkel-matt-46-cm-x-35-cm-x-11-17-cm-gra","status":"publish","type":"product","link":"https:\/\/truusk.store\/sv\/produkt\/truusk-fotstod-justerbar-hojd-och-lutningsvinkel-matt-46-cm-x-35-cm-x-11-17-cm-gra\/","title":{"rendered":"TRUUSK Fotst\u00f6d &#8211; Justerbar H\u00f6jd och Lutningsvinkel &#8211; M\u00e5tt 46 cm x 35 cm x 11-17 cm &#8211; Gr\u00e5"},"content":{"rendered":"<p>Anstr\u00e4ngningar orsakade av l\u00e5nga arbetsdagar vid skrivbordet kan lindras med hj\u00e4lp av dessa sm\u00e5 och funktionella f\u00f6tter. Fotst\u00f6det hj\u00e4lper till att fr\u00e4mja blodcirkulationen i dina ben och f\u00f6tter och minskar tr\u00f6tthet. Du kan enkelt placera den lilla b\u00e4nken under skrivbordet och anv\u00e4nda den. Tack vare den justerbara h\u00f6jden och lutningen kan detta fotst\u00f6d anpassas perfekt f\u00f6r varje person och \u00e4r l\u00e4mpligt f\u00f6r b\u00e5de hem- och kontorsbruk.<\/p>\n<h3>Beskrivning:<\/h3>\n<ul>\n<li>Ergonomiska fotst\u00f6d f\u00f6r kontoret eller hemma<\/li>\n<li>Fr\u00e4mjar blodcirkulationen och minskar symtom p\u00e5 tr\u00f6tthet<\/li>\n<li>L\u00f6parbr\u00e4da av l\u00e4ttsk\u00f6tt plast<\/li>\n<li>H\u00f6jdjusterbar i 3 niv\u00e5er: 11 cm, 14 cm, 17 cm<\/li>\n<li>Lutningsvinkel justerbar mellan 0 och 30 grader<\/li>\n<li>Fotst\u00f6dsytan har nubbar s\u00e5 att du kan massera fotsulorna sj\u00e4lvst\u00e4ndigt<\/li>\n<li>Halkfri yta<\/li>\n<li>Observera: Vippfunktionen \u00e4r aktiv hela tiden och vinkeln kan inte st\u00e4llas in ordentligt.<\/li>\n<\/ul>\n<h3>Teknisk data:<\/h3>\n<ul>\n<li>Material: plast (HIPS)<\/li>\n<li>F\u00e4rg: M\u00f6rkgr\u00e5<\/li>\n<li>Slitbana: L46 x B35 cm<\/li>\n<li>H\u00f6jd: 11cm, 14cm, 17cm<\/li>\n<li>Lutningsvinkel: (vid 17 cm h\u00f6jd) 0-30 grader<\/li>\n<li>Vikt: ca 1,9 kg<\/li>\n<li>Max lastkapacitet: 20 kg (tidsf\u00f6nster p\u00e5 4 timmar)<\/li>\n<\/ul>\n<h3>Leveransens omfattning:<\/h3>\n<ul>\n<li>1 x fotst\u00f6d<\/li>\n<\/ul>\n","protected":false},"excerpt":{"rendered":"<p>Anstr\u00e4ngningar orsakade av l\u00e5nga arbetsdagar vid skrivbordet kan lindras med hj\u00e4lp av dessa sm\u00e5 och funktionella f\u00f6tter. Fotst\u00f6det hj\u00e4lper till&#8230;<\/p>\n","protected":false},"featured_media":19512,"template":"","meta":[],"product_brand":[],"product_cat":[485,497],"product_tag":[],"class_list":{"0":"post-19511","1":"product","2":"type-product","3":"status-publish","4":"has-post-thumbnail","6":"product_cat-hus-bo","7":"product_cat-kontorsmaterial","9":"first","10":"instock","11":"sale","12":"taxable","13":"shipping-taxable","14":"purchasable","15":"product-type-simple"},"yoast_head":"<!-- This site is optimized with the Yoast SEO plugin v25.4 - https:\/\/yoast.com\/wordpress\/plugins\/seo\/ -->\n<title>TRUUSK Fotst\u00f6d - Justerbar H\u00f6jd och Lutningsvinkel - M\u00e5tt 46 cm x 35 cm x 11-17 cm - Gr\u00e5 - TRUUSK - Hem, Tr\u00e4dg\u00e5rd &amp; Fritid<\/title>\n<meta name=\"robots\" content=\"index, follow, max-snippet:-1, max-image-preview:large, max-video-preview:-1\" \/>\n<link rel=\"canonical\" href=\"https:\/\/truusk.store\/sv\/produkt\/truusk-fotstod-justerbar-hojd-och-lutningsvinkel-matt-46-cm-x-35-cm-x-11-17-cm-gra\/\" \/>\n<meta property=\"og:locale\" content=\"sv_SE\" \/>\n<meta property=\"og:type\" content=\"article\" \/>\n<meta property=\"og:title\" content=\"TRUUSK Fotst\u00f6d - Justerbar H\u00f6jd och Lutningsvinkel - M\u00e5tt 46 cm x 35 cm x 11-17 cm - Gr\u00e5 - TRUUSK - Hem, Tr\u00e4dg\u00e5rd &amp; Fritid\" \/>\n<meta property=\"og:description\" content=\"Anstr\u00e4ngningar orsakade av l\u00e5nga arbetsdagar vid skrivbordet kan lindras med hj\u00e4lp av dessa sm\u00e5 och funktionella f\u00f6tter. Fotst\u00f6det hj\u00e4lper till...\" \/>\n<meta property=\"og:url\" content=\"https:\/\/truusk.store\/sv\/produkt\/truusk-fotstod-justerbar-hojd-och-lutningsvinkel-matt-46-cm-x-35-cm-x-11-17-cm-gra\/\" \/>\n<meta property=\"og:site_name\" content=\"TRUUSK - Hem, Tr\u00e4dg\u00e5rd &amp; Fritid\" \/>\n<meta property=\"article:modified_time\" content=\"2026-03-12T08:02:13+00:00\" \/>\n<meta property=\"og:image\" content=\"https:\/\/i0.wp.com\/truusk.se\/wp-content\/uploads\/2024\/02\/fotstod-justerbart-i-hojdled-justerbar-lutningsvinkel-46-cm-x-35-cm-x-11-17-cm-gra.webp?fit=800%2C800&ssl=1\" \/>\n\t<meta property=\"og:image:width\" content=\"800\" \/>\n\t<meta property=\"og:image:height\" content=\"800\" \/>\n\t<meta property=\"og:image:type\" content=\"image\/webp\" \/>\n<meta name=\"twitter:card\" content=\"summary_large_image\" \/>\n<meta name=\"twitter:label1\" content=\"Ber\u00e4knad l\u00e4stid\" \/>\n\t<meta name=\"twitter:data1\" content=\"1 minut\" \/>\n<!-- \/ Yoast SEO plugin. -->","yoast_head_json":{"title":"TRUUSK Fotst\u00f6d - Justerbar H\u00f6jd och Lutningsvinkel - M\u00e5tt 46 cm x 35 cm x 11-17 cm - Gr\u00e5 - TRUUSK - Hem, Tr\u00e4dg\u00e5rd &amp; Fritid","robots":{"index":"index","follow":"follow","max-snippet":"max-snippet:-1","max-image-preview":"max-image-preview:large","max-video-preview":"max-video-preview:-1"},"canonical":"https:\/\/truusk.store\/sv\/produkt\/truusk-fotstod-justerbar-hojd-och-lutningsvinkel-matt-46-cm-x-35-cm-x-11-17-cm-gra\/","og_locale":"sv_SE","og_type":"article","og_title":"TRUUSK Fotst\u00f6d - Justerbar H\u00f6jd och Lutningsvinkel - M\u00e5tt 46 cm x 35 cm x 11-17 cm - Gr\u00e5 - TRUUSK - Hem, Tr\u00e4dg\u00e5rd &amp; Fritid","og_description":"Anstr\u00e4ngningar orsakade av l\u00e5nga arbetsdagar vid skrivbordet kan lindras med hj\u00e4lp av dessa sm\u00e5 och funktionella f\u00f6tter. Fotst\u00f6det hj\u00e4lper till...","og_url":"https:\/\/truusk.store\/sv\/produkt\/truusk-fotstod-justerbar-hojd-och-lutningsvinkel-matt-46-cm-x-35-cm-x-11-17-cm-gra\/","og_site_name":"TRUUSK - Hem, Tr\u00e4dg\u00e5rd &amp; Fritid","article_modified_time":"2026-03-12T08:02:13+00:00","og_image":[{"width":800,"height":800,"url":"https:\/\/i0.wp.com\/truusk.se\/wp-content\/uploads\/2024\/02\/fotstod-justerbart-i-hojdled-justerbar-lutningsvinkel-46-cm-x-35-cm-x-11-17-cm-gra.webp?fit=800%2C800&ssl=1","type":"image\/webp"}],"twitter_card":"summary_large_image","twitter_misc":{"Ber\u00e4knad l\u00e4stid":"1 minut"},"schema":{"@context":"https:\/\/schema.org","@graph":[{"@type":"WebPage","@id":"https:\/\/truusk.store\/sv\/produkt\/truusk-fotstod-justerbar-hojd-och-lutningsvinkel-matt-46-cm-x-35-cm-x-11-17-cm-gra\/","url":"https:\/\/truusk.store\/sv\/produkt\/truusk-fotstod-justerbar-hojd-och-lutningsvinkel-matt-46-cm-x-35-cm-x-11-17-cm-gra\/","name":"TRUUSK Fotst\u00f6d - Justerbar H\u00f6jd och Lutningsvinkel - M\u00e5tt 46 cm x 35 cm x 11-17 cm - Gr\u00e5 - TRUUSK - Hem, Tr\u00e4dg\u00e5rd &amp; Fritid","isPartOf":{"@id":"https:\/\/truusk.store\/sv\/#website"},"primaryImageOfPage":{"@id":"https:\/\/truusk.store\/sv\/produkt\/truusk-fotstod-justerbar-hojd-och-lutningsvinkel-matt-46-cm-x-35-cm-x-11-17-cm-gra\/#primaryimage"},"image":{"@id":"https:\/\/truusk.store\/sv\/produkt\/truusk-fotstod-justerbar-hojd-och-lutningsvinkel-matt-46-cm-x-35-cm-x-11-17-cm-gra\/#primaryimage"},"thumbnailUrl":"https:\/\/i0.wp.com\/truusk.store\/wp-content\/uploads\/2024\/02\/fotstod-justerbart-i-hojdled-justerbar-lutningsvinkel-46-cm-x-35-cm-x-11-17-cm-gra.webp?fit=800%2C800&ssl=1","datePublished":"2024-02-13T13:55:36+00:00","dateModified":"2026-03-12T08:02:13+00:00","breadcrumb":{"@id":"https:\/\/truusk.store\/sv\/produkt\/truusk-fotstod-justerbar-hojd-och-lutningsvinkel-matt-46-cm-x-35-cm-x-11-17-cm-gra\/#breadcrumb"},"inLanguage":"sv-SE","potentialAction":[{"@type":"ReadAction","target":["https:\/\/truusk.store\/sv\/produkt\/truusk-fotstod-justerbar-hojd-och-lutningsvinkel-matt-46-cm-x-35-cm-x-11-17-cm-gra\/"]}]},{"@type":"ImageObject","inLanguage":"sv-SE","@id":"https:\/\/truusk.store\/sv\/produkt\/truusk-fotstod-justerbar-hojd-och-lutningsvinkel-matt-46-cm-x-35-cm-x-11-17-cm-gra\/#primaryimage","url":"https:\/\/i0.wp.com\/truusk.store\/wp-content\/uploads\/2024\/02\/fotstod-justerbart-i-hojdled-justerbar-lutningsvinkel-46-cm-x-35-cm-x-11-17-cm-gra.webp?fit=800%2C800&ssl=1","contentUrl":"https:\/\/i0.wp.com\/truusk.store\/wp-content\/uploads\/2024\/02\/fotstod-justerbart-i-hojdled-justerbar-lutningsvinkel-46-cm-x-35-cm-x-11-17-cm-gra.webp?fit=800%2C800&ssl=1","width":800,"height":800,"caption":"Fotst\u00f6d, Justerbart I H\u00f6jdled, Justerbar Lutningsvinkel 46 Cm X 35 Cm X 11-17 Cm, Gr\u00e5 1"},{"@type":"BreadcrumbList","@id":"https:\/\/truusk.store\/sv\/produkt\/truusk-fotstod-justerbar-hojd-och-lutningsvinkel-matt-46-cm-x-35-cm-x-11-17-cm-gra\/#breadcrumb","itemListElement":[{"@type":"ListItem","position":1,"name":"Home","item":"https:\/\/truusk.store\/sv\/"},{"@type":"ListItem","position":2,"name":"Shop","item":"https:\/\/truusk.store\/shop\/"},{"@type":"ListItem","position":3,"name":"TRUUSK Fotst\u00f6d &#8211; Justerbar H\u00f6jd och Lutningsvinkel &#8211; M\u00e5tt 46 cm x 35 cm x 11-17 cm &#8211; Gr\u00e5"}]},{"@type":"WebSite","@id":"https:\/\/truusk.store\/sv\/#website","url":"https:\/\/truusk.store\/sv\/","name":"TRUUSK - Hem, Tr\u00e4dg\u00e5rd & Fritid","description":"","publisher":{"@id":"https:\/\/truusk.store\/sv\/#organization"},"potentialAction":[{"@type":"SearchAction","target":{"@type":"EntryPoint","urlTemplate":"https:\/\/truusk.store\/sv\/?s={search_term_string}"},"query-input":{"@type":"PropertyValueSpecification","valueRequired":true,"valueName":"search_term_string"}}],"inLanguage":"sv-SE"},{"@type":"Organization","@id":"https:\/\/truusk.store\/sv\/#organization","name":"TRUUSK - Hem, Tr\u00e4dg\u00e5rd & Fritid","url":"https:\/\/truusk.store\/sv\/","logo":{"@type":"ImageObject","inLanguage":"sv-SE","@id":"https:\/\/truusk.store\/sv\/#\/schema\/logo\/image\/","url":"https:\/\/i0.wp.com\/truusk.store\/wp-content\/uploads\/2026\/03\/cropped-TRUUSK.png?fit=2032%2C917&ssl=1","contentUrl":"https:\/\/i0.wp.com\/truusk.store\/wp-content\/uploads\/2026\/03\/cropped-TRUUSK.png?fit=2032%2C917&ssl=1","width":2032,"height":917,"caption":"TRUUSK - Hem, Tr\u00e4dg\u00e5rd & Fritid"},"image":{"@id":"https:\/\/truusk.store\/sv\/#\/schema\/logo\/image\/"}}]}},"jetpack_sharing_enabled":true,"_links":{"self":[{"href":"https:\/\/truusk.store\/sv\/wp-json\/wp\/v2\/product\/19511","targetHints":{"allow":["GET"]}}],"collection":[{"href":"https:\/\/truusk.store\/sv\/wp-json\/wp\/v2\/product"}],"about":[{"href":"https:\/\/truusk.store\/sv\/wp-json\/wp\/v2\/types\/product"}],"wp:featuredmedia":[{"embeddable":true,"href":"https:\/\/truusk.store\/sv\/wp-json\/wp\/v2\/media\/19512"}],"wp:attachment":[{"href":"https:\/\/truusk.store\/sv\/wp-json\/wp\/v2\/media?parent=19511"}],"wp:term":[{"taxonomy":"product_brand","embeddable":true,"href":"https:\/\/truusk.store\/sv\/wp-json\/wp\/v2\/product_brand?post=19511"},{"taxonomy":"product_cat","embeddable":true,"href":"https:\/\/truusk.store\/sv\/wp-json\/wp\/v2\/product_cat?post=19511"},{"taxonomy":"product_tag","embeddable":true,"href":"https:\/\/truusk.store\/sv\/wp-json\/wp\/v2\/product_tag?post=19511"}],"curies":[{"name":"wp","href":"https:\/\/api.w.org\/{rel}","templated":true}]}}