{"id":19543,"date":"2024-02-13T14:56:32","date_gmt":"2024-02-13T13:56:32","guid":{"rendered":"https:\/\/truusk.store\/product\/staende-boxningssack-boxningstraningsapparat-med-tillbehor-boxningsassistent-traningsbox-svart-rod-88-x-48-x-155-205-cm\/"},"modified":"2026-03-12T09:02:14","modified_gmt":"2026-03-12T08:02:14","slug":"truusk-staende-boxningssack-boxningstraningsapparat-med-tillbehor-boxningsassistent-traningsbox-svart-rod-88-x-48-x","status":"publish","type":"product","link":"https:\/\/truusk.store\/sv\/produkt\/truusk-staende-boxningssack-boxningstraningsapparat-med-tillbehor-boxningsassistent-traningsbox-svart-rod-88-x-48-x\/","title":{"rendered":"TRUUSK St\u00e5ende Boxningss\u00e4ck &#8211; Boxningstr\u00e4ningsapparat &#8211; Med Tillbeh\u00f6r &#8211; Boxningsassistent &#8211; Tr\u00e4ningsbox &#8211; Svart R\u00f6d &#8211; 88 x 48 x"},"content":{"rendered":"<p>Boxningss\u00e4ck \u00e4r en bra tr\u00e4ningsmetod som effektivt kan tr\u00e4na hela kroppens muskler, stimulera fettminskning och f\u00f6rb\u00e4ttra din flexibilitet och smidighet. Med v\u00e5rt professionella boxningsst\u00e4ll kan du genomf\u00f6ra omfattande och professionell boxningstr\u00e4ning hemma. Vi har f\u00f6rberett olika funktionsmoduler och extra tillbeh\u00f6r f\u00f6r att hj\u00e4lpa dig att tr\u00e4na mer effektivt.<\/p>\n<h3>Beskrivning:<\/h3>\n<ul>\n<li>Professionell boxningsassistent f\u00f6r att f\u00f6rb\u00e4ttra dina boxningsf\u00e4rdigheter<\/li>\n<li>Jorden kan fyllas med sand och vatten f\u00f6r att f\u00f6rb\u00e4ttra stabiliteten<\/li>\n<li>PU-ytan p\u00e5 boxningss\u00e4cken s\u00e4kerst\u00e4ller en bra k\u00e4nsla av slag<\/li>\n<li>Den 360 graders roterande flexibla armen hj\u00e4lper till att f\u00f6rb\u00e4ttra r\u00f6rligheten<\/li>\n<\/ul>\n<h3>Teknisk data:<\/h3>\n<ul>\n<li>F\u00e4rg: Svart+r\u00f6d<\/li>\n<li>Material: PU, EPE, HDPE<\/li>\n<li>\u00d6vergripande m\u00e5tt: 88W x 48D x 155-205H cm<\/li>\n<li>Basm\u00e5tt: 48 x 31H cm<\/li>\n<li>M\u00e5tt p\u00e5 boxningss\u00e4cken: 25 x 60H cm<\/li>\n<li>Roterande flexibel arm: 6 x 60L cm<\/li>\n<li>Boxningshastighetsboll: 18 x 24H cm<\/li>\n<li>Baslastkapacitet: 30 kg (vatten) \/ 35 kg (sand) \/ 40 kg (vatten &amp; sand)<\/li>\n<li>Tillbeh\u00f6r: 1 luftpump, 1 par 12oz handskar, 1 par boxningshandskar<\/li>\n<li>L\u00e4mplig spelarh\u00f6jd: 120-190 cm<\/li>\n<\/ul>\n<h3>Leveransens omfattning:<\/h3>\n<ul>\n<li>1 x Stativ f\u00f6r boxningss\u00e4ck<\/li>\n<li>1 x luftpump<\/li>\n<li>1 par 12oz handskar<\/li>\n<li>1 par innerhandskar<\/li>\n<\/ul>\n","protected":false},"excerpt":{"rendered":"<p>Boxningss\u00e4ck \u00e4r en bra tr\u00e4ningsmetod som effektivt kan tr\u00e4na hela kroppens muskler, stimulera fettminskning och f\u00f6rb\u00e4ttra din flexibilitet och smidighet&#8230;.<\/p>\n","protected":false},"featured_media":19544,"template":"","meta":[],"product_brand":[],"product_cat":[667,661,647],"product_tag":[],"class_list":{"0":"post-19543","1":"product","2":"type-product","3":"status-publish","4":"has-post-thumbnail","6":"product_cat-boxningssack","7":"product_cat-kondition-styrketraning","8":"product_cat-sport-fritid","10":"first","11":"instock","12":"sale","13":"taxable","14":"shipping-taxable","15":"purchasable","16":"product-type-simple"},"yoast_head":"<!-- This site is optimized with the Yoast SEO plugin v25.4 - https:\/\/yoast.com\/wordpress\/plugins\/seo\/ -->\n<title>TRUUSK St\u00e5ende Boxningss\u00e4ck - Boxningstr\u00e4ningsapparat - Med Tillbeh\u00f6r - Boxningsassistent - Tr\u00e4ningsbox - Svart R\u00f6d - 88 x 48 x - TRUUSK - Hem, Tr\u00e4dg\u00e5rd &amp; Fritid<\/title>\n<meta name=\"robots\" content=\"index, follow, max-snippet:-1, max-image-preview:large, max-video-preview:-1\" \/>\n<link rel=\"canonical\" href=\"https:\/\/truusk.store\/sv\/produkt\/truusk-staende-boxningssack-boxningstraningsapparat-med-tillbehor-boxningsassistent-traningsbox-svart-rod-88-x-48-x\/\" \/>\n<meta property=\"og:locale\" content=\"sv_SE\" \/>\n<meta property=\"og:type\" content=\"article\" \/>\n<meta property=\"og:title\" content=\"TRUUSK St\u00e5ende Boxningss\u00e4ck - Boxningstr\u00e4ningsapparat - Med Tillbeh\u00f6r - Boxningsassistent - Tr\u00e4ningsbox - Svart R\u00f6d - 88 x 48 x - TRUUSK - Hem, Tr\u00e4dg\u00e5rd &amp; Fritid\" \/>\n<meta property=\"og:description\" content=\"Boxningss\u00e4ck \u00e4r en bra tr\u00e4ningsmetod som effektivt kan tr\u00e4na hela kroppens muskler, stimulera fettminskning och f\u00f6rb\u00e4ttra din flexibilitet och smidighet....\" \/>\n<meta property=\"og:url\" content=\"https:\/\/truusk.store\/sv\/produkt\/truusk-staende-boxningssack-boxningstraningsapparat-med-tillbehor-boxningsassistent-traningsbox-svart-rod-88-x-48-x\/\" \/>\n<meta property=\"og:site_name\" content=\"TRUUSK - Hem, Tr\u00e4dg\u00e5rd &amp; Fritid\" \/>\n<meta property=\"article:modified_time\" content=\"2026-03-12T08:02:14+00:00\" \/>\n<meta property=\"og:image\" content=\"https:\/\/i0.wp.com\/truusk.se\/wp-content\/uploads\/2024\/02\/staende-boxningssack-boxningstraningsapparat-med-tillbehor-boxningsassistent-traningsbox-svart-rod-88-x-48-x-155-205-cm.webp?fit=800%2C800&ssl=1\" \/>\n\t<meta property=\"og:image:width\" content=\"800\" \/>\n\t<meta property=\"og:image:height\" content=\"800\" \/>\n\t<meta property=\"og:image:type\" content=\"image\/webp\" \/>\n<meta name=\"twitter:card\" content=\"summary_large_image\" \/>\n<meta name=\"twitter:label1\" content=\"Ber\u00e4knad l\u00e4stid\" \/>\n\t<meta name=\"twitter:data1\" content=\"1 minut\" \/>\n<!-- \/ Yoast SEO plugin. -->","yoast_head_json":{"title":"TRUUSK St\u00e5ende Boxningss\u00e4ck - Boxningstr\u00e4ningsapparat - Med Tillbeh\u00f6r - Boxningsassistent - Tr\u00e4ningsbox - Svart R\u00f6d - 88 x 48 x - TRUUSK - Hem, Tr\u00e4dg\u00e5rd &amp; Fritid","robots":{"index":"index","follow":"follow","max-snippet":"max-snippet:-1","max-image-preview":"max-image-preview:large","max-video-preview":"max-video-preview:-1"},"canonical":"https:\/\/truusk.store\/sv\/produkt\/truusk-staende-boxningssack-boxningstraningsapparat-med-tillbehor-boxningsassistent-traningsbox-svart-rod-88-x-48-x\/","og_locale":"sv_SE","og_type":"article","og_title":"TRUUSK St\u00e5ende Boxningss\u00e4ck - Boxningstr\u00e4ningsapparat - Med Tillbeh\u00f6r - Boxningsassistent - Tr\u00e4ningsbox - Svart R\u00f6d - 88 x 48 x - TRUUSK - Hem, Tr\u00e4dg\u00e5rd &amp; Fritid","og_description":"Boxningss\u00e4ck \u00e4r en bra tr\u00e4ningsmetod som effektivt kan tr\u00e4na hela kroppens muskler, stimulera fettminskning och f\u00f6rb\u00e4ttra din flexibilitet och smidighet....","og_url":"https:\/\/truusk.store\/sv\/produkt\/truusk-staende-boxningssack-boxningstraningsapparat-med-tillbehor-boxningsassistent-traningsbox-svart-rod-88-x-48-x\/","og_site_name":"TRUUSK - Hem, Tr\u00e4dg\u00e5rd &amp; Fritid","article_modified_time":"2026-03-12T08:02:14+00:00","og_image":[{"width":800,"height":800,"url":"https:\/\/i0.wp.com\/truusk.se\/wp-content\/uploads\/2024\/02\/staende-boxningssack-boxningstraningsapparat-med-tillbehor-boxningsassistent-traningsbox-svart-rod-88-x-48-x-155-205-cm.webp?fit=800%2C800&ssl=1","type":"image\/webp"}],"twitter_card":"summary_large_image","twitter_misc":{"Ber\u00e4knad l\u00e4stid":"1 minut"},"schema":{"@context":"https:\/\/schema.org","@graph":[{"@type":"WebPage","@id":"https:\/\/truusk.store\/sv\/produkt\/truusk-staende-boxningssack-boxningstraningsapparat-med-tillbehor-boxningsassistent-traningsbox-svart-rod-88-x-48-x\/","url":"https:\/\/truusk.store\/sv\/produkt\/truusk-staende-boxningssack-boxningstraningsapparat-med-tillbehor-boxningsassistent-traningsbox-svart-rod-88-x-48-x\/","name":"TRUUSK St\u00e5ende Boxningss\u00e4ck - Boxningstr\u00e4ningsapparat - Med Tillbeh\u00f6r - Boxningsassistent - Tr\u00e4ningsbox - Svart R\u00f6d - 88 x 48 x - TRUUSK - Hem, Tr\u00e4dg\u00e5rd &amp; Fritid","isPartOf":{"@id":"https:\/\/truusk.store\/sv\/#website"},"primaryImageOfPage":{"@id":"https:\/\/truusk.store\/sv\/produkt\/truusk-staende-boxningssack-boxningstraningsapparat-med-tillbehor-boxningsassistent-traningsbox-svart-rod-88-x-48-x\/#primaryimage"},"image":{"@id":"https:\/\/truusk.store\/sv\/produkt\/truusk-staende-boxningssack-boxningstraningsapparat-med-tillbehor-boxningsassistent-traningsbox-svart-rod-88-x-48-x\/#primaryimage"},"thumbnailUrl":"https:\/\/i0.wp.com\/truusk.store\/wp-content\/uploads\/2024\/02\/staende-boxningssack-boxningstraningsapparat-med-tillbehor-boxningsassistent-traningsbox-svart-rod-88-x-48-x-155-205-cm.webp?fit=800%2C800&ssl=1","datePublished":"2024-02-13T13:56:32+00:00","dateModified":"2026-03-12T08:02:14+00:00","breadcrumb":{"@id":"https:\/\/truusk.store\/sv\/produkt\/truusk-staende-boxningssack-boxningstraningsapparat-med-tillbehor-boxningsassistent-traningsbox-svart-rod-88-x-48-x\/#breadcrumb"},"inLanguage":"sv-SE","potentialAction":[{"@type":"ReadAction","target":["https:\/\/truusk.store\/sv\/produkt\/truusk-staende-boxningssack-boxningstraningsapparat-med-tillbehor-boxningsassistent-traningsbox-svart-rod-88-x-48-x\/"]}]},{"@type":"ImageObject","inLanguage":"sv-SE","@id":"https:\/\/truusk.store\/sv\/produkt\/truusk-staende-boxningssack-boxningstraningsapparat-med-tillbehor-boxningsassistent-traningsbox-svart-rod-88-x-48-x\/#primaryimage","url":"https:\/\/i0.wp.com\/truusk.store\/wp-content\/uploads\/2024\/02\/staende-boxningssack-boxningstraningsapparat-med-tillbehor-boxningsassistent-traningsbox-svart-rod-88-x-48-x-155-205-cm.webp?fit=800%2C800&ssl=1","contentUrl":"https:\/\/i0.wp.com\/truusk.store\/wp-content\/uploads\/2024\/02\/staende-boxningssack-boxningstraningsapparat-med-tillbehor-boxningsassistent-traningsbox-svart-rod-88-x-48-x-155-205-cm.webp?fit=800%2C800&ssl=1","width":800,"height":800,"caption":"St\u00e5ende Boxningss\u00e4ck Boxningstr\u00e4ningsapparat Med Tillbeh\u00f6r Boxningsassistent Tr\u00e4ningsbox Svart R\u00f6d 88 X 48 X 155-205 Cm 1"},{"@type":"BreadcrumbList","@id":"https:\/\/truusk.store\/sv\/produkt\/truusk-staende-boxningssack-boxningstraningsapparat-med-tillbehor-boxningsassistent-traningsbox-svart-rod-88-x-48-x\/#breadcrumb","itemListElement":[{"@type":"ListItem","position":1,"name":"Home","item":"https:\/\/truusk.store\/sv\/"},{"@type":"ListItem","position":2,"name":"Shop","item":"https:\/\/truusk.store\/shop\/"},{"@type":"ListItem","position":3,"name":"TRUUSK St\u00e5ende Boxningss\u00e4ck &#8211; Boxningstr\u00e4ningsapparat &#8211; Med Tillbeh\u00f6r &#8211; Boxningsassistent &#8211; Tr\u00e4ningsbox &#8211; Svart R\u00f6d &#8211; 88 x 48 x"}]},{"@type":"WebSite","@id":"https:\/\/truusk.store\/sv\/#website","url":"https:\/\/truusk.store\/sv\/","name":"TRUUSK - Hem, Tr\u00e4dg\u00e5rd & Fritid","description":"","publisher":{"@id":"https:\/\/truusk.store\/sv\/#organization"},"potentialAction":[{"@type":"SearchAction","target":{"@type":"EntryPoint","urlTemplate":"https:\/\/truusk.store\/sv\/?s={search_term_string}"},"query-input":{"@type":"PropertyValueSpecification","valueRequired":true,"valueName":"search_term_string"}}],"inLanguage":"sv-SE"},{"@type":"Organization","@id":"https:\/\/truusk.store\/sv\/#organization","name":"TRUUSK - Hem, Tr\u00e4dg\u00e5rd & Fritid","url":"https:\/\/truusk.store\/sv\/","logo":{"@type":"ImageObject","inLanguage":"sv-SE","@id":"https:\/\/truusk.store\/sv\/#\/schema\/logo\/image\/","url":"https:\/\/i0.wp.com\/truusk.store\/wp-content\/uploads\/2026\/03\/cropped-TRUUSK.png?fit=2032%2C917&ssl=1","contentUrl":"https:\/\/i0.wp.com\/truusk.store\/wp-content\/uploads\/2026\/03\/cropped-TRUUSK.png?fit=2032%2C917&ssl=1","width":2032,"height":917,"caption":"TRUUSK - Hem, Tr\u00e4dg\u00e5rd & Fritid"},"image":{"@id":"https:\/\/truusk.store\/sv\/#\/schema\/logo\/image\/"}}]}},"jetpack_sharing_enabled":true,"_links":{"self":[{"href":"https:\/\/truusk.store\/sv\/wp-json\/wp\/v2\/product\/19543","targetHints":{"allow":["GET"]}}],"collection":[{"href":"https:\/\/truusk.store\/sv\/wp-json\/wp\/v2\/product"}],"about":[{"href":"https:\/\/truusk.store\/sv\/wp-json\/wp\/v2\/types\/product"}],"wp:featuredmedia":[{"embeddable":true,"href":"https:\/\/truusk.store\/sv\/wp-json\/wp\/v2\/media\/19544"}],"wp:attachment":[{"href":"https:\/\/truusk.store\/sv\/wp-json\/wp\/v2\/media?parent=19543"}],"wp:term":[{"taxonomy":"product_brand","embeddable":true,"href":"https:\/\/truusk.store\/sv\/wp-json\/wp\/v2\/product_brand?post=19543"},{"taxonomy":"product_cat","embeddable":true,"href":"https:\/\/truusk.store\/sv\/wp-json\/wp\/v2\/product_cat?post=19543"},{"taxonomy":"product_tag","embeddable":true,"href":"https:\/\/truusk.store\/sv\/wp-json\/wp\/v2\/product_tag?post=19543"}],"curies":[{"name":"wp","href":"https:\/\/api.w.org\/{rel}","templated":true}]}}