{"id":19574,"date":"2024-02-13T14:57:27","date_gmt":"2024-02-13T13:57:27","guid":{"rendered":"https:\/\/truusk.store\/product\/staende-markis-tradgardsmarkis-med-fallarmsvev-terrass-beige-3x3m\/"},"modified":"2026-03-12T09:02:14","modified_gmt":"2026-03-12T08:02:14","slug":"truusk-staende-markis-tradgardsmarkis-med-fallarmsvev-terrass-beige-3x3m","status":"publish","type":"product","link":"https:\/\/truusk.store\/sv\/produkt\/truusk-staende-markis-tradgardsmarkis-med-fallarmsvev-terrass-beige-3x3m\/","title":{"rendered":"TRUUSK St\u00e5ende Markis Tr\u00e4dg\u00e5rdsmarkis &#8211; Med F\u00e4llarmsvev &#8211; Terrass &#8211; Beige &#8211; 3x3m"},"content":{"rendered":"<p>H\u00e5ll alltid huvudet kallt \u00e4ven under varma dagar tack vare denna fantastiska skuggleverant\u00f6r! Den h\u00e4r frist\u00e5ende markisen kan enkelt s\u00e4ttas upp i tr\u00e4dg\u00e5rden eller som altanskydd. Med handveven kan du \u00f6ppna eller f\u00e4lla f\u00f6rt\u00e4ltet p\u00e5 en g\u00e5ng. Dessutom kan soltakets lutningsvinkel enkelt justeras s\u00e5 att du h\u00e5ller dig i behaglig skugga oavsett solens l\u00e4ge: S\u00e5 kan sommaren komma!<\/p>\n<h3>Beskrivning:<\/h3>\n<ul>\n<li>St\u00e5ende markis som skuggf\u00f6rs\u00f6rjning f\u00f6r tr\u00e4dg\u00e5rden, g\u00e5rden, terrassen och andra uteplatser<\/li>\n<li>Stomme av pulverlackerad metall, robust och stabil<\/li>\n<li>Polyestertak med vattenavvisande PU-bel\u00e4ggning<\/li>\n<li>Takets lutningsvinkel kan justeras med hj\u00e4lp av de f\u00e4llbara armarna<\/li>\n<li>L\u00e4tt att \u00f6ppna och st\u00e4nga med den smidiga handveven<\/li>\n<li>Stor bas f\u00f6r \u00f6kad stabilitet<\/li>\n<li>Enkel konstruktion<\/li>\n<li>OBS: Vik f\u00f6rt\u00e4ltet p\u00e5 regniga dagar f\u00f6r att undvika ansamling av regnvatten som kan \u00f6verbelasta soltaket och f\u00e5 det att kollapsa<\/li>\n<\/ul>\n<h3>Teknisk data:<\/h3>\n<ul>\n<li>Material: polyester, metall<\/li>\n<li>F\u00e4rg: Kr\u00e4m<\/li>\n<li>M\u00e5tt: L300 x B295 x H255 cm<\/li>\n<li>Vevl\u00e4ngd: 150 cm<\/li>\n<li>Storlek p\u00e5 korsfoten: L90 x B90 x H4 cm<\/li>\n<\/ul>\n<h3>Leveransens omfattning:<\/h3>\n<ul>\n<li>1 x st\u00e5ende markis<\/li>\n<li>1 x Monteringsanvisning<\/li>\n<\/ul>\n","protected":false},"excerpt":{"rendered":"<p>H\u00e5ll alltid huvudet kallt \u00e4ven under varma dagar tack vare denna fantastiska skuggleverant\u00f6r! Den h\u00e4r frist\u00e5ende markisen kan enkelt s\u00e4ttas&#8230;<\/p>\n","protected":false},"featured_media":19575,"template":"","meta":[],"product_brand":[],"product_cat":[473,471,435],"product_tag":[],"class_list":{"0":"post-19574","1":"product","2":"type-product","3":"status-publish","4":"has-post-thumbnail","6":"product_cat-markiser","7":"product_cat-solskydd-integritetsskydd","8":"product_cat-tradgard-och-terrass","10":"first","11":"instock","12":"sale","13":"taxable","14":"shipping-taxable","15":"purchasable","16":"product-type-simple"},"yoast_head":"<!-- This site is optimized with the Yoast SEO plugin v25.4 - https:\/\/yoast.com\/wordpress\/plugins\/seo\/ -->\n<title>TRUUSK St\u00e5ende Markis Tr\u00e4dg\u00e5rdsmarkis - Med F\u00e4llarmsvev - Terrass - Beige - 3x3m - TRUUSK - Hem, Tr\u00e4dg\u00e5rd &amp; Fritid<\/title>\n<meta name=\"robots\" content=\"index, follow, max-snippet:-1, max-image-preview:large, max-video-preview:-1\" \/>\n<link rel=\"canonical\" href=\"https:\/\/truusk.store\/sv\/produkt\/truusk-staende-markis-tradgardsmarkis-med-fallarmsvev-terrass-beige-3x3m\/\" \/>\n<meta property=\"og:locale\" content=\"sv_SE\" \/>\n<meta property=\"og:type\" content=\"article\" \/>\n<meta property=\"og:title\" content=\"TRUUSK St\u00e5ende Markis Tr\u00e4dg\u00e5rdsmarkis - Med F\u00e4llarmsvev - Terrass - Beige - 3x3m - TRUUSK - Hem, Tr\u00e4dg\u00e5rd &amp; Fritid\" \/>\n<meta property=\"og:description\" content=\"H\u00e5ll alltid huvudet kallt \u00e4ven under varma dagar tack vare denna fantastiska skuggleverant\u00f6r! Den h\u00e4r frist\u00e5ende markisen kan enkelt s\u00e4ttas...\" \/>\n<meta property=\"og:url\" content=\"https:\/\/truusk.store\/sv\/produkt\/truusk-staende-markis-tradgardsmarkis-med-fallarmsvev-terrass-beige-3x3m\/\" \/>\n<meta property=\"og:site_name\" content=\"TRUUSK - Hem, Tr\u00e4dg\u00e5rd &amp; Fritid\" \/>\n<meta property=\"article:modified_time\" content=\"2026-03-12T08:02:14+00:00\" \/>\n<meta property=\"og:image\" content=\"https:\/\/i0.wp.com\/truusk.se\/wp-content\/uploads\/2024\/02\/staende-markis-tradgardsmarkis-med-fallarmsvev-terrass-beige-3x3m.webp?fit=800%2C800&ssl=1\" \/>\n\t<meta property=\"og:image:width\" content=\"800\" \/>\n\t<meta property=\"og:image:height\" content=\"800\" \/>\n\t<meta property=\"og:image:type\" content=\"image\/webp\" \/>\n<meta name=\"twitter:card\" content=\"summary_large_image\" \/>\n<meta name=\"twitter:label1\" content=\"Ber\u00e4knad l\u00e4stid\" \/>\n\t<meta name=\"twitter:data1\" content=\"1 minut\" \/>\n<!-- \/ Yoast SEO plugin. -->","yoast_head_json":{"title":"TRUUSK St\u00e5ende Markis Tr\u00e4dg\u00e5rdsmarkis - Med F\u00e4llarmsvev - Terrass - Beige - 3x3m - TRUUSK - Hem, Tr\u00e4dg\u00e5rd &amp; Fritid","robots":{"index":"index","follow":"follow","max-snippet":"max-snippet:-1","max-image-preview":"max-image-preview:large","max-video-preview":"max-video-preview:-1"},"canonical":"https:\/\/truusk.store\/sv\/produkt\/truusk-staende-markis-tradgardsmarkis-med-fallarmsvev-terrass-beige-3x3m\/","og_locale":"sv_SE","og_type":"article","og_title":"TRUUSK St\u00e5ende Markis Tr\u00e4dg\u00e5rdsmarkis - Med F\u00e4llarmsvev - Terrass - Beige - 3x3m - TRUUSK - Hem, Tr\u00e4dg\u00e5rd &amp; Fritid","og_description":"H\u00e5ll alltid huvudet kallt \u00e4ven under varma dagar tack vare denna fantastiska skuggleverant\u00f6r! Den h\u00e4r frist\u00e5ende markisen kan enkelt s\u00e4ttas...","og_url":"https:\/\/truusk.store\/sv\/produkt\/truusk-staende-markis-tradgardsmarkis-med-fallarmsvev-terrass-beige-3x3m\/","og_site_name":"TRUUSK - Hem, Tr\u00e4dg\u00e5rd &amp; Fritid","article_modified_time":"2026-03-12T08:02:14+00:00","og_image":[{"width":800,"height":800,"url":"https:\/\/i0.wp.com\/truusk.se\/wp-content\/uploads\/2024\/02\/staende-markis-tradgardsmarkis-med-fallarmsvev-terrass-beige-3x3m.webp?fit=800%2C800&ssl=1","type":"image\/webp"}],"twitter_card":"summary_large_image","twitter_misc":{"Ber\u00e4knad l\u00e4stid":"1 minut"},"schema":{"@context":"https:\/\/schema.org","@graph":[{"@type":"WebPage","@id":"https:\/\/truusk.store\/sv\/produkt\/truusk-staende-markis-tradgardsmarkis-med-fallarmsvev-terrass-beige-3x3m\/","url":"https:\/\/truusk.store\/sv\/produkt\/truusk-staende-markis-tradgardsmarkis-med-fallarmsvev-terrass-beige-3x3m\/","name":"TRUUSK St\u00e5ende Markis Tr\u00e4dg\u00e5rdsmarkis - Med F\u00e4llarmsvev - Terrass - Beige - 3x3m - TRUUSK - Hem, Tr\u00e4dg\u00e5rd &amp; Fritid","isPartOf":{"@id":"https:\/\/truusk.store\/sv\/#website"},"primaryImageOfPage":{"@id":"https:\/\/truusk.store\/sv\/produkt\/truusk-staende-markis-tradgardsmarkis-med-fallarmsvev-terrass-beige-3x3m\/#primaryimage"},"image":{"@id":"https:\/\/truusk.store\/sv\/produkt\/truusk-staende-markis-tradgardsmarkis-med-fallarmsvev-terrass-beige-3x3m\/#primaryimage"},"thumbnailUrl":"https:\/\/i0.wp.com\/truusk.store\/wp-content\/uploads\/2024\/02\/staende-markis-tradgardsmarkis-med-fallarmsvev-terrass-beige-3x3m.webp?fit=800%2C800&ssl=1","datePublished":"2024-02-13T13:57:27+00:00","dateModified":"2026-03-12T08:02:14+00:00","breadcrumb":{"@id":"https:\/\/truusk.store\/sv\/produkt\/truusk-staende-markis-tradgardsmarkis-med-fallarmsvev-terrass-beige-3x3m\/#breadcrumb"},"inLanguage":"sv-SE","potentialAction":[{"@type":"ReadAction","target":["https:\/\/truusk.store\/sv\/produkt\/truusk-staende-markis-tradgardsmarkis-med-fallarmsvev-terrass-beige-3x3m\/"]}]},{"@type":"ImageObject","inLanguage":"sv-SE","@id":"https:\/\/truusk.store\/sv\/produkt\/truusk-staende-markis-tradgardsmarkis-med-fallarmsvev-terrass-beige-3x3m\/#primaryimage","url":"https:\/\/i0.wp.com\/truusk.store\/wp-content\/uploads\/2024\/02\/staende-markis-tradgardsmarkis-med-fallarmsvev-terrass-beige-3x3m.webp?fit=800%2C800&ssl=1","contentUrl":"https:\/\/i0.wp.com\/truusk.store\/wp-content\/uploads\/2024\/02\/staende-markis-tradgardsmarkis-med-fallarmsvev-terrass-beige-3x3m.webp?fit=800%2C800&ssl=1","width":800,"height":800,"caption":"St\u00e5ende Markis Tr\u00e4dg\u00e5rdsmarkis Med F\u00e4llarmsvev Terrass Beige 3x3m 1"},{"@type":"BreadcrumbList","@id":"https:\/\/truusk.store\/sv\/produkt\/truusk-staende-markis-tradgardsmarkis-med-fallarmsvev-terrass-beige-3x3m\/#breadcrumb","itemListElement":[{"@type":"ListItem","position":1,"name":"Home","item":"https:\/\/truusk.store\/sv\/"},{"@type":"ListItem","position":2,"name":"Shop","item":"https:\/\/truusk.store\/shop\/"},{"@type":"ListItem","position":3,"name":"TRUUSK St\u00e5ende Markis Tr\u00e4dg\u00e5rdsmarkis &#8211; Med F\u00e4llarmsvev &#8211; Terrass &#8211; Beige &#8211; 3x3m"}]},{"@type":"WebSite","@id":"https:\/\/truusk.store\/sv\/#website","url":"https:\/\/truusk.store\/sv\/","name":"TRUUSK - Hem, Tr\u00e4dg\u00e5rd & Fritid","description":"","publisher":{"@id":"https:\/\/truusk.store\/sv\/#organization"},"potentialAction":[{"@type":"SearchAction","target":{"@type":"EntryPoint","urlTemplate":"https:\/\/truusk.store\/sv\/?s={search_term_string}"},"query-input":{"@type":"PropertyValueSpecification","valueRequired":true,"valueName":"search_term_string"}}],"inLanguage":"sv-SE"},{"@type":"Organization","@id":"https:\/\/truusk.store\/sv\/#organization","name":"TRUUSK - Hem, Tr\u00e4dg\u00e5rd & Fritid","url":"https:\/\/truusk.store\/sv\/","logo":{"@type":"ImageObject","inLanguage":"sv-SE","@id":"https:\/\/truusk.store\/sv\/#\/schema\/logo\/image\/","url":"https:\/\/i0.wp.com\/truusk.store\/wp-content\/uploads\/2026\/03\/cropped-TRUUSK.png?fit=2032%2C917&ssl=1","contentUrl":"https:\/\/i0.wp.com\/truusk.store\/wp-content\/uploads\/2026\/03\/cropped-TRUUSK.png?fit=2032%2C917&ssl=1","width":2032,"height":917,"caption":"TRUUSK - Hem, Tr\u00e4dg\u00e5rd & Fritid"},"image":{"@id":"https:\/\/truusk.store\/sv\/#\/schema\/logo\/image\/"}}]}},"jetpack_sharing_enabled":true,"_links":{"self":[{"href":"https:\/\/truusk.store\/sv\/wp-json\/wp\/v2\/product\/19574","targetHints":{"allow":["GET"]}}],"collection":[{"href":"https:\/\/truusk.store\/sv\/wp-json\/wp\/v2\/product"}],"about":[{"href":"https:\/\/truusk.store\/sv\/wp-json\/wp\/v2\/types\/product"}],"wp:featuredmedia":[{"embeddable":true,"href":"https:\/\/truusk.store\/sv\/wp-json\/wp\/v2\/media\/19575"}],"wp:attachment":[{"href":"https:\/\/truusk.store\/sv\/wp-json\/wp\/v2\/media?parent=19574"}],"wp:term":[{"taxonomy":"product_brand","embeddable":true,"href":"https:\/\/truusk.store\/sv\/wp-json\/wp\/v2\/product_brand?post=19574"},{"taxonomy":"product_cat","embeddable":true,"href":"https:\/\/truusk.store\/sv\/wp-json\/wp\/v2\/product_cat?post=19574"},{"taxonomy":"product_tag","embeddable":true,"href":"https:\/\/truusk.store\/sv\/wp-json\/wp\/v2\/product_tag?post=19574"}],"curies":[{"name":"wp","href":"https:\/\/api.w.org\/{rel}","templated":true}]}}