{"id":19606,"date":"2024-02-13T14:58:37","date_gmt":"2024-02-13T13:58:37","guid":{"rendered":"https:\/\/truusk.store\/product\/piedestalflakt-45-w-tornflakt-tyst-flakt-3-ventilationsnivaer-70-oscillation-abs-svart-27-x-h75-cm\/"},"modified":"2026-03-12T09:02:15","modified_gmt":"2026-03-12T08:02:15","slug":"truusk-pedestalflakt-45-w-tyst-tornflakt-3-ventilationsnivaer-70-oscillation-abs-svart-27-x-h75-cm","status":"publish","type":"product","link":"https:\/\/truusk.store\/sv\/produkt\/truusk-pedestalflakt-45-w-tyst-tornflakt-3-ventilationsnivaer-70-oscillation-abs-svart-27-x-h75-cm\/","title":{"rendered":"TRUUSK Pedestalfl\u00e4kt 45 W &#8211; Tyst Tornfl\u00e4kt &#8211; 3 Ventilationsniv\u00e5er &#8211; 70 Oscillation &#8211; ABS &#8211; Svart &#8211; 27 x H75 cm"},"content":{"rendered":"<p>V\u00e5r luftkonditioneringsfl\u00e4kt \u00e4r perfekt f\u00f6r alla varma och kvav milj\u00f6er. Dess utbredda oscillation hj\u00e4lper till att ers\u00e4tta stillast\u00e5ende varm luft med snabbt fl\u00f6de och h\u00f6g volym kall luft. Golvfl\u00e4kt \u00e4r idealisk f\u00f6r att tillf\u00f6ra en frisk fl\u00e4kt till ditt hem, kontor eller butik.<\/p>\n<h3>Beskrivning:<\/h3>\n<ul>\n<li>Enkel och intuitiv anv\u00e4ndning tack vare knapparna p\u00e5 enheten<\/li>\n<li>3 ventilationsniv\u00e5er: L\u00c5G \/ MEDIUM \/ H\u00d6G<\/li>\n<li>Inkluderar ett handtag f\u00f6r att enkelt flytta den<\/li>\n<li>Tyst och effektiv<\/li>\n<li>Tillverkad av h\u00f6gkvalitativa material f\u00f6r styrka och h\u00e5llbarhet<\/li>\n<\/ul>\n<h3>Teknisk data:<\/h3>\n<ul>\n<li>Material: ABS-plast<\/li>\n<li>M\u00e5tt: 27 x H75 cm<\/li>\n<li>Effekt: 45W<\/li>\n<li>Str\u00f6mkabelns l\u00e4ngd: 150 cm<\/li>\n<li>Sp\u00e4nning: 220-240V, 50-60Hz<\/li>\n<li>Svart f\u00e4rg<\/li>\n<\/ul>\n<h3>Leveransens omfattning:<\/h3>\n<ul>\n<li>1 x tornfl\u00e4kt<\/li>\n<li>1 x bruksanvisning<\/li>\n<\/ul>\n","protected":false},"excerpt":{"rendered":"<p>V\u00e5r luftkonditioneringsfl\u00e4kt \u00e4r perfekt f\u00f6r alla varma och kvav milj\u00f6er. Dess utbredda oscillation hj\u00e4lper till att ers\u00e4tta stillast\u00e5ende varm luft&#8230;<\/p>\n","protected":false},"featured_media":19607,"template":"","meta":[],"product_brand":[],"product_cat":[697,671,696],"product_tag":[],"class_list":{"0":"post-19606","1":"product","2":"type-product","3":"status-publish","4":"has-post-thumbnail","6":"product_cat-flaktar-och-luftkonditioneringsapparater","7":"product_cat-jarnaffar","8":"product_cat-luftkonditionering-och-flaktar","10":"first","11":"instock","12":"sale","13":"taxable","14":"shipping-taxable","15":"purchasable","16":"product-type-simple"},"yoast_head":"<!-- This site is optimized with the Yoast SEO plugin v25.4 - https:\/\/yoast.com\/wordpress\/plugins\/seo\/ -->\n<title>TRUUSK Pedestalfl\u00e4kt 45 W - Tyst Tornfl\u00e4kt - 3 Ventilationsniv\u00e5er - 70 Oscillation - ABS - Svart - 27 x H75 cm - TRUUSK - Hem, Tr\u00e4dg\u00e5rd &amp; Fritid<\/title>\n<meta name=\"robots\" content=\"index, follow, max-snippet:-1, max-image-preview:large, max-video-preview:-1\" \/>\n<link rel=\"canonical\" href=\"https:\/\/truusk.store\/sv\/produkt\/truusk-pedestalflakt-45-w-tyst-tornflakt-3-ventilationsnivaer-70-oscillation-abs-svart-27-x-h75-cm\/\" \/>\n<meta property=\"og:locale\" content=\"sv_SE\" \/>\n<meta property=\"og:type\" content=\"article\" \/>\n<meta property=\"og:title\" content=\"TRUUSK Pedestalfl\u00e4kt 45 W - Tyst Tornfl\u00e4kt - 3 Ventilationsniv\u00e5er - 70 Oscillation - ABS - Svart - 27 x H75 cm - TRUUSK - Hem, Tr\u00e4dg\u00e5rd &amp; Fritid\" \/>\n<meta property=\"og:description\" content=\"V\u00e5r luftkonditioneringsfl\u00e4kt \u00e4r perfekt f\u00f6r alla varma och kvav milj\u00f6er. Dess utbredda oscillation hj\u00e4lper till att ers\u00e4tta stillast\u00e5ende varm luft...\" \/>\n<meta property=\"og:url\" content=\"https:\/\/truusk.store\/sv\/produkt\/truusk-pedestalflakt-45-w-tyst-tornflakt-3-ventilationsnivaer-70-oscillation-abs-svart-27-x-h75-cm\/\" \/>\n<meta property=\"og:site_name\" content=\"TRUUSK - Hem, Tr\u00e4dg\u00e5rd &amp; Fritid\" \/>\n<meta property=\"article:modified_time\" content=\"2026-03-12T08:02:15+00:00\" \/>\n<meta property=\"og:image\" content=\"https:\/\/i0.wp.com\/truusk.se\/wp-content\/uploads\/2024\/02\/piedestalflakt-45-w-tornflakt-tyst-flakt-3-ventilationsnivaer-70-oscillation-abs-svart-27-x-h75-cm.webp?fit=800%2C800&ssl=1\" \/>\n\t<meta property=\"og:image:width\" content=\"800\" \/>\n\t<meta property=\"og:image:height\" content=\"800\" \/>\n\t<meta property=\"og:image:type\" content=\"image\/webp\" \/>\n<meta name=\"twitter:card\" content=\"summary_large_image\" \/>\n<meta name=\"twitter:label1\" content=\"Ber\u00e4knad l\u00e4stid\" \/>\n\t<meta name=\"twitter:data1\" content=\"1 minut\" \/>\n<!-- \/ Yoast SEO plugin. -->","yoast_head_json":{"title":"TRUUSK Pedestalfl\u00e4kt 45 W - Tyst Tornfl\u00e4kt - 3 Ventilationsniv\u00e5er - 70 Oscillation - ABS - Svart - 27 x H75 cm - TRUUSK - Hem, Tr\u00e4dg\u00e5rd &amp; Fritid","robots":{"index":"index","follow":"follow","max-snippet":"max-snippet:-1","max-image-preview":"max-image-preview:large","max-video-preview":"max-video-preview:-1"},"canonical":"https:\/\/truusk.store\/sv\/produkt\/truusk-pedestalflakt-45-w-tyst-tornflakt-3-ventilationsnivaer-70-oscillation-abs-svart-27-x-h75-cm\/","og_locale":"sv_SE","og_type":"article","og_title":"TRUUSK Pedestalfl\u00e4kt 45 W - Tyst Tornfl\u00e4kt - 3 Ventilationsniv\u00e5er - 70 Oscillation - ABS - Svart - 27 x H75 cm - TRUUSK - Hem, Tr\u00e4dg\u00e5rd &amp; Fritid","og_description":"V\u00e5r luftkonditioneringsfl\u00e4kt \u00e4r perfekt f\u00f6r alla varma och kvav milj\u00f6er. Dess utbredda oscillation hj\u00e4lper till att ers\u00e4tta stillast\u00e5ende varm luft...","og_url":"https:\/\/truusk.store\/sv\/produkt\/truusk-pedestalflakt-45-w-tyst-tornflakt-3-ventilationsnivaer-70-oscillation-abs-svart-27-x-h75-cm\/","og_site_name":"TRUUSK - Hem, Tr\u00e4dg\u00e5rd &amp; Fritid","article_modified_time":"2026-03-12T08:02:15+00:00","og_image":[{"width":800,"height":800,"url":"https:\/\/i0.wp.com\/truusk.se\/wp-content\/uploads\/2024\/02\/piedestalflakt-45-w-tornflakt-tyst-flakt-3-ventilationsnivaer-70-oscillation-abs-svart-27-x-h75-cm.webp?fit=800%2C800&ssl=1","type":"image\/webp"}],"twitter_card":"summary_large_image","twitter_misc":{"Ber\u00e4knad l\u00e4stid":"1 minut"},"schema":{"@context":"https:\/\/schema.org","@graph":[{"@type":"WebPage","@id":"https:\/\/truusk.store\/sv\/produkt\/truusk-pedestalflakt-45-w-tyst-tornflakt-3-ventilationsnivaer-70-oscillation-abs-svart-27-x-h75-cm\/","url":"https:\/\/truusk.store\/sv\/produkt\/truusk-pedestalflakt-45-w-tyst-tornflakt-3-ventilationsnivaer-70-oscillation-abs-svart-27-x-h75-cm\/","name":"TRUUSK Pedestalfl\u00e4kt 45 W - Tyst Tornfl\u00e4kt - 3 Ventilationsniv\u00e5er - 70 Oscillation - ABS - Svart - 27 x H75 cm - TRUUSK - Hem, Tr\u00e4dg\u00e5rd &amp; Fritid","isPartOf":{"@id":"https:\/\/truusk.store\/sv\/#website"},"primaryImageOfPage":{"@id":"https:\/\/truusk.store\/sv\/produkt\/truusk-pedestalflakt-45-w-tyst-tornflakt-3-ventilationsnivaer-70-oscillation-abs-svart-27-x-h75-cm\/#primaryimage"},"image":{"@id":"https:\/\/truusk.store\/sv\/produkt\/truusk-pedestalflakt-45-w-tyst-tornflakt-3-ventilationsnivaer-70-oscillation-abs-svart-27-x-h75-cm\/#primaryimage"},"thumbnailUrl":"https:\/\/i0.wp.com\/truusk.store\/wp-content\/uploads\/2024\/02\/piedestalflakt-45-w-tornflakt-tyst-flakt-3-ventilationsnivaer-70-oscillation-abs-svart-27-x-h75-cm.webp?fit=800%2C800&ssl=1","datePublished":"2024-02-13T13:58:37+00:00","dateModified":"2026-03-12T08:02:15+00:00","breadcrumb":{"@id":"https:\/\/truusk.store\/sv\/produkt\/truusk-pedestalflakt-45-w-tyst-tornflakt-3-ventilationsnivaer-70-oscillation-abs-svart-27-x-h75-cm\/#breadcrumb"},"inLanguage":"sv-SE","potentialAction":[{"@type":"ReadAction","target":["https:\/\/truusk.store\/sv\/produkt\/truusk-pedestalflakt-45-w-tyst-tornflakt-3-ventilationsnivaer-70-oscillation-abs-svart-27-x-h75-cm\/"]}]},{"@type":"ImageObject","inLanguage":"sv-SE","@id":"https:\/\/truusk.store\/sv\/produkt\/truusk-pedestalflakt-45-w-tyst-tornflakt-3-ventilationsnivaer-70-oscillation-abs-svart-27-x-h75-cm\/#primaryimage","url":"https:\/\/i0.wp.com\/truusk.store\/wp-content\/uploads\/2024\/02\/piedestalflakt-45-w-tornflakt-tyst-flakt-3-ventilationsnivaer-70-oscillation-abs-svart-27-x-h75-cm.webp?fit=800%2C800&ssl=1","contentUrl":"https:\/\/i0.wp.com\/truusk.store\/wp-content\/uploads\/2024\/02\/piedestalflakt-45-w-tornflakt-tyst-flakt-3-ventilationsnivaer-70-oscillation-abs-svart-27-x-h75-cm.webp?fit=800%2C800&ssl=1","width":800,"height":800,"caption":"Piedestalfl\u00e4kt 45 W Tornfl\u00e4kt Tyst Fl\u00e4kt 3 Ventilationsniv\u00e5er, 70 Oscillation, ABS, Svart, 27 X H75 Cm 1"},{"@type":"BreadcrumbList","@id":"https:\/\/truusk.store\/sv\/produkt\/truusk-pedestalflakt-45-w-tyst-tornflakt-3-ventilationsnivaer-70-oscillation-abs-svart-27-x-h75-cm\/#breadcrumb","itemListElement":[{"@type":"ListItem","position":1,"name":"Home","item":"https:\/\/truusk.store\/sv\/"},{"@type":"ListItem","position":2,"name":"Shop","item":"https:\/\/truusk.store\/shop\/"},{"@type":"ListItem","position":3,"name":"TRUUSK Pedestalfl\u00e4kt 45 W &#8211; Tyst Tornfl\u00e4kt &#8211; 3 Ventilationsniv\u00e5er &#8211; 70 Oscillation &#8211; ABS &#8211; Svart &#8211; 27 x H75 cm"}]},{"@type":"WebSite","@id":"https:\/\/truusk.store\/sv\/#website","url":"https:\/\/truusk.store\/sv\/","name":"TRUUSK - Hem, Tr\u00e4dg\u00e5rd & Fritid","description":"","publisher":{"@id":"https:\/\/truusk.store\/sv\/#organization"},"potentialAction":[{"@type":"SearchAction","target":{"@type":"EntryPoint","urlTemplate":"https:\/\/truusk.store\/sv\/?s={search_term_string}"},"query-input":{"@type":"PropertyValueSpecification","valueRequired":true,"valueName":"search_term_string"}}],"inLanguage":"sv-SE"},{"@type":"Organization","@id":"https:\/\/truusk.store\/sv\/#organization","name":"TRUUSK - Hem, Tr\u00e4dg\u00e5rd & Fritid","url":"https:\/\/truusk.store\/sv\/","logo":{"@type":"ImageObject","inLanguage":"sv-SE","@id":"https:\/\/truusk.store\/sv\/#\/schema\/logo\/image\/","url":"https:\/\/i0.wp.com\/truusk.store\/wp-content\/uploads\/2026\/03\/cropped-TRUUSK.png?fit=2032%2C917&ssl=1","contentUrl":"https:\/\/i0.wp.com\/truusk.store\/wp-content\/uploads\/2026\/03\/cropped-TRUUSK.png?fit=2032%2C917&ssl=1","width":2032,"height":917,"caption":"TRUUSK - Hem, Tr\u00e4dg\u00e5rd & Fritid"},"image":{"@id":"https:\/\/truusk.store\/sv\/#\/schema\/logo\/image\/"}}]}},"jetpack_sharing_enabled":true,"_links":{"self":[{"href":"https:\/\/truusk.store\/sv\/wp-json\/wp\/v2\/product\/19606","targetHints":{"allow":["GET"]}}],"collection":[{"href":"https:\/\/truusk.store\/sv\/wp-json\/wp\/v2\/product"}],"about":[{"href":"https:\/\/truusk.store\/sv\/wp-json\/wp\/v2\/types\/product"}],"wp:featuredmedia":[{"embeddable":true,"href":"https:\/\/truusk.store\/sv\/wp-json\/wp\/v2\/media\/19607"}],"wp:attachment":[{"href":"https:\/\/truusk.store\/sv\/wp-json\/wp\/v2\/media?parent=19606"}],"wp:term":[{"taxonomy":"product_brand","embeddable":true,"href":"https:\/\/truusk.store\/sv\/wp-json\/wp\/v2\/product_brand?post=19606"},{"taxonomy":"product_cat","embeddable":true,"href":"https:\/\/truusk.store\/sv\/wp-json\/wp\/v2\/product_cat?post=19606"},{"taxonomy":"product_tag","embeddable":true,"href":"https:\/\/truusk.store\/sv\/wp-json\/wp\/v2\/product_tag?post=19606"}],"curies":[{"name":"wp","href":"https:\/\/api.w.org\/{rel}","templated":true}]}}