{"id":19666,"date":"2024-02-13T15:00:14","date_gmt":"2024-02-13T14:00:14","guid":{"rendered":"https:\/\/truusk.store\/product\/hundbassang-plaskdamm-med-vattenmunstycke-rund-halkfri-bla-150-cm\/"},"modified":"2026-03-12T09:02:16","modified_gmt":"2026-03-12T08:02:16","slug":"truusk-hundbassang-plaskdamm-med-vattenmunstycke-rund-halkfri-bla-150-cm","status":"publish","type":"product","link":"https:\/\/truusk.store\/sv\/produkt\/truusk-hundbassang-plaskdamm-med-vattenmunstycke-rund-halkfri-bla-150-cm\/","title":{"rendered":"TRUUSK Hundbass\u00e4ng &#8211; Plaskdamm med Vattenmunstycke &#8211; Rund &#8211; Halkfri &#8211; Bl\u00e5 &#8211; 150 cm"},"content":{"rendered":"<p>Denna hundpool erbjuder din Bello en sval f\u00f6rfriskning under varma sommardagar. Den stora poolen erbjuder gott om plats f\u00f6r lek och plaskande. Den vikbara designen g\u00f6r den l\u00e4tt att transportera. Konstruktionen \u00e4r snabb och enkel. Poolen kan anslutas till alla kommersiellt tillg\u00e4ngliga kranar. Denna fantastiska plaskdamm ger inte bara dina fyrbenta v\u00e4nner mycket n\u00f6je, utan ocks\u00e5 en hel del f\u00f6rfriskningar.<\/p>\n<h3>Beskrivning:<\/h3>\n<ul>\n<li>L\u00e4mplig f\u00f6r alla utomhusomr\u00e5den som terrasser, tr\u00e4dg\u00e5rdar och g\u00e5rdar<\/li>\n<li>Slitstark, s\u00e4ker plast med en tjocklek p\u00e5 0,55 mm<\/li>\n<li>Halkfri bas s\u00e4kerst\u00e4ller stabilitet under anv\u00e4ndning<\/li>\n<li>Vikbar och d\u00e4rf\u00f6r l\u00e4tt att f\u00f6rvara och transportera<\/li>\n<li>Somrig design<\/li>\n<li>Passar \u00e4ven f\u00f6r stora hundar<\/li>\n<li>Konstruktionen \u00e4r snabb och enkel<\/li>\n<\/ul>\n<h3>Teknisk data:<\/h3>\n<ul>\n<li>F\u00e4rg bl\u00e5<\/li>\n<li>Material: PVC<\/li>\n<li>Totala m\u00e5tt: 150 cm<\/li>\n<li>Tjocklek p\u00e5 PVC: 0,55 mm<\/li>\n<\/ul>\n<h3>Leveransens omfattning:<\/h3>\n<ul>\n<li>1 x plaskdamm f\u00f6r hund;<\/li>\n<\/ul>\n","protected":false},"excerpt":{"rendered":"<p>Denna hundpool erbjuder din Bello en sval f\u00f6rfriskning under varma sommardagar. Den stora poolen erbjuder gott om plats f\u00f6r lek&#8230;<\/p>\n","protected":false},"featured_media":19667,"template":"","meta":[],"product_brand":[],"product_cat":[581,574,573],"product_tag":[],"class_list":{"0":"post-19666","1":"product","2":"type-product","3":"status-publish","4":"has-post-thumbnail","6":"product_cat-hundpooler","7":"product_cat-hundtillbehor","8":"product_cat-husdjursmaterial","10":"first","11":"instock","12":"sale","13":"taxable","14":"shipping-taxable","15":"purchasable","16":"product-type-simple"},"yoast_head":"<!-- This site is optimized with the Yoast SEO plugin v25.4 - https:\/\/yoast.com\/wordpress\/plugins\/seo\/ -->\n<title>TRUUSK Hundbass\u00e4ng - Plaskdamm med Vattenmunstycke - Rund - Halkfri - Bl\u00e5 - 150 cm - TRUUSK - Hem, Tr\u00e4dg\u00e5rd &amp; Fritid<\/title>\n<meta name=\"robots\" content=\"index, follow, max-snippet:-1, max-image-preview:large, max-video-preview:-1\" \/>\n<link rel=\"canonical\" href=\"https:\/\/truusk.store\/sv\/produkt\/truusk-hundbassang-plaskdamm-med-vattenmunstycke-rund-halkfri-bla-150-cm\/\" \/>\n<meta property=\"og:locale\" content=\"sv_SE\" \/>\n<meta property=\"og:type\" content=\"article\" \/>\n<meta property=\"og:title\" content=\"TRUUSK Hundbass\u00e4ng - Plaskdamm med Vattenmunstycke - Rund - Halkfri - Bl\u00e5 - 150 cm - TRUUSK - Hem, Tr\u00e4dg\u00e5rd &amp; Fritid\" \/>\n<meta property=\"og:description\" content=\"Denna hundpool erbjuder din Bello en sval f\u00f6rfriskning under varma sommardagar. Den stora poolen erbjuder gott om plats f\u00f6r lek...\" \/>\n<meta property=\"og:url\" content=\"https:\/\/truusk.store\/sv\/produkt\/truusk-hundbassang-plaskdamm-med-vattenmunstycke-rund-halkfri-bla-150-cm\/\" \/>\n<meta property=\"og:site_name\" content=\"TRUUSK - Hem, Tr\u00e4dg\u00e5rd &amp; Fritid\" \/>\n<meta property=\"article:modified_time\" content=\"2026-03-12T08:02:16+00:00\" \/>\n<meta property=\"og:image\" content=\"https:\/\/i0.wp.com\/truusk.se\/wp-content\/uploads\/2024\/02\/hundbassang-plaskdamm-med-vattenmunstycke-rund-halkfri-bla-150-cm.webp?fit=800%2C800&ssl=1\" \/>\n\t<meta property=\"og:image:width\" content=\"800\" \/>\n\t<meta property=\"og:image:height\" content=\"800\" \/>\n\t<meta property=\"og:image:type\" content=\"image\/webp\" \/>\n<meta name=\"twitter:card\" content=\"summary_large_image\" \/>\n<meta name=\"twitter:label1\" content=\"Ber\u00e4knad l\u00e4stid\" \/>\n\t<meta name=\"twitter:data1\" content=\"1 minut\" \/>\n<!-- \/ Yoast SEO plugin. -->","yoast_head_json":{"title":"TRUUSK Hundbass\u00e4ng - Plaskdamm med Vattenmunstycke - Rund - Halkfri - Bl\u00e5 - 150 cm - TRUUSK - Hem, Tr\u00e4dg\u00e5rd &amp; Fritid","robots":{"index":"index","follow":"follow","max-snippet":"max-snippet:-1","max-image-preview":"max-image-preview:large","max-video-preview":"max-video-preview:-1"},"canonical":"https:\/\/truusk.store\/sv\/produkt\/truusk-hundbassang-plaskdamm-med-vattenmunstycke-rund-halkfri-bla-150-cm\/","og_locale":"sv_SE","og_type":"article","og_title":"TRUUSK Hundbass\u00e4ng - Plaskdamm med Vattenmunstycke - Rund - Halkfri - Bl\u00e5 - 150 cm - TRUUSK - Hem, Tr\u00e4dg\u00e5rd &amp; Fritid","og_description":"Denna hundpool erbjuder din Bello en sval f\u00f6rfriskning under varma sommardagar. Den stora poolen erbjuder gott om plats f\u00f6r lek...","og_url":"https:\/\/truusk.store\/sv\/produkt\/truusk-hundbassang-plaskdamm-med-vattenmunstycke-rund-halkfri-bla-150-cm\/","og_site_name":"TRUUSK - Hem, Tr\u00e4dg\u00e5rd &amp; Fritid","article_modified_time":"2026-03-12T08:02:16+00:00","og_image":[{"width":800,"height":800,"url":"https:\/\/i0.wp.com\/truusk.se\/wp-content\/uploads\/2024\/02\/hundbassang-plaskdamm-med-vattenmunstycke-rund-halkfri-bla-150-cm.webp?fit=800%2C800&ssl=1","type":"image\/webp"}],"twitter_card":"summary_large_image","twitter_misc":{"Ber\u00e4knad l\u00e4stid":"1 minut"},"schema":{"@context":"https:\/\/schema.org","@graph":[{"@type":"WebPage","@id":"https:\/\/truusk.store\/sv\/produkt\/truusk-hundbassang-plaskdamm-med-vattenmunstycke-rund-halkfri-bla-150-cm\/","url":"https:\/\/truusk.store\/sv\/produkt\/truusk-hundbassang-plaskdamm-med-vattenmunstycke-rund-halkfri-bla-150-cm\/","name":"TRUUSK Hundbass\u00e4ng - Plaskdamm med Vattenmunstycke - Rund - Halkfri - Bl\u00e5 - 150 cm - TRUUSK - Hem, Tr\u00e4dg\u00e5rd &amp; Fritid","isPartOf":{"@id":"https:\/\/truusk.store\/sv\/#website"},"primaryImageOfPage":{"@id":"https:\/\/truusk.store\/sv\/produkt\/truusk-hundbassang-plaskdamm-med-vattenmunstycke-rund-halkfri-bla-150-cm\/#primaryimage"},"image":{"@id":"https:\/\/truusk.store\/sv\/produkt\/truusk-hundbassang-plaskdamm-med-vattenmunstycke-rund-halkfri-bla-150-cm\/#primaryimage"},"thumbnailUrl":"https:\/\/i0.wp.com\/truusk.store\/wp-content\/uploads\/2024\/02\/hundbassang-plaskdamm-med-vattenmunstycke-rund-halkfri-bla-150-cm.webp?fit=800%2C800&ssl=1","datePublished":"2024-02-13T14:00:14+00:00","dateModified":"2026-03-12T08:02:16+00:00","breadcrumb":{"@id":"https:\/\/truusk.store\/sv\/produkt\/truusk-hundbassang-plaskdamm-med-vattenmunstycke-rund-halkfri-bla-150-cm\/#breadcrumb"},"inLanguage":"sv-SE","potentialAction":[{"@type":"ReadAction","target":["https:\/\/truusk.store\/sv\/produkt\/truusk-hundbassang-plaskdamm-med-vattenmunstycke-rund-halkfri-bla-150-cm\/"]}]},{"@type":"ImageObject","inLanguage":"sv-SE","@id":"https:\/\/truusk.store\/sv\/produkt\/truusk-hundbassang-plaskdamm-med-vattenmunstycke-rund-halkfri-bla-150-cm\/#primaryimage","url":"https:\/\/i0.wp.com\/truusk.store\/wp-content\/uploads\/2024\/02\/hundbassang-plaskdamm-med-vattenmunstycke-rund-halkfri-bla-150-cm.webp?fit=800%2C800&ssl=1","contentUrl":"https:\/\/i0.wp.com\/truusk.store\/wp-content\/uploads\/2024\/02\/hundbassang-plaskdamm-med-vattenmunstycke-rund-halkfri-bla-150-cm.webp?fit=800%2C800&ssl=1","width":800,"height":800,"caption":"Hundbass\u00e4ng, Plaskdamm, Med Vattenmunstycke, Rund, Halkfri, Bl\u00e5, 150 Cm 1"},{"@type":"BreadcrumbList","@id":"https:\/\/truusk.store\/sv\/produkt\/truusk-hundbassang-plaskdamm-med-vattenmunstycke-rund-halkfri-bla-150-cm\/#breadcrumb","itemListElement":[{"@type":"ListItem","position":1,"name":"Home","item":"https:\/\/truusk.store\/sv\/"},{"@type":"ListItem","position":2,"name":"Shop","item":"https:\/\/truusk.store\/shop\/"},{"@type":"ListItem","position":3,"name":"TRUUSK Hundbass\u00e4ng &#8211; Plaskdamm med Vattenmunstycke &#8211; Rund &#8211; Halkfri &#8211; Bl\u00e5 &#8211; 150 cm"}]},{"@type":"WebSite","@id":"https:\/\/truusk.store\/sv\/#website","url":"https:\/\/truusk.store\/sv\/","name":"TRUUSK - Hem, Tr\u00e4dg\u00e5rd & Fritid","description":"","publisher":{"@id":"https:\/\/truusk.store\/sv\/#organization"},"potentialAction":[{"@type":"SearchAction","target":{"@type":"EntryPoint","urlTemplate":"https:\/\/truusk.store\/sv\/?s={search_term_string}"},"query-input":{"@type":"PropertyValueSpecification","valueRequired":true,"valueName":"search_term_string"}}],"inLanguage":"sv-SE"},{"@type":"Organization","@id":"https:\/\/truusk.store\/sv\/#organization","name":"TRUUSK - Hem, Tr\u00e4dg\u00e5rd & Fritid","url":"https:\/\/truusk.store\/sv\/","logo":{"@type":"ImageObject","inLanguage":"sv-SE","@id":"https:\/\/truusk.store\/sv\/#\/schema\/logo\/image\/","url":"https:\/\/i0.wp.com\/truusk.store\/wp-content\/uploads\/2026\/03\/cropped-TRUUSK.png?fit=2032%2C917&ssl=1","contentUrl":"https:\/\/i0.wp.com\/truusk.store\/wp-content\/uploads\/2026\/03\/cropped-TRUUSK.png?fit=2032%2C917&ssl=1","width":2032,"height":917,"caption":"TRUUSK - Hem, Tr\u00e4dg\u00e5rd & Fritid"},"image":{"@id":"https:\/\/truusk.store\/sv\/#\/schema\/logo\/image\/"}}]}},"jetpack_sharing_enabled":true,"_links":{"self":[{"href":"https:\/\/truusk.store\/sv\/wp-json\/wp\/v2\/product\/19666","targetHints":{"allow":["GET"]}}],"collection":[{"href":"https:\/\/truusk.store\/sv\/wp-json\/wp\/v2\/product"}],"about":[{"href":"https:\/\/truusk.store\/sv\/wp-json\/wp\/v2\/types\/product"}],"wp:featuredmedia":[{"embeddable":true,"href":"https:\/\/truusk.store\/sv\/wp-json\/wp\/v2\/media\/19667"}],"wp:attachment":[{"href":"https:\/\/truusk.store\/sv\/wp-json\/wp\/v2\/media?parent=19666"}],"wp:term":[{"taxonomy":"product_brand","embeddable":true,"href":"https:\/\/truusk.store\/sv\/wp-json\/wp\/v2\/product_brand?post=19666"},{"taxonomy":"product_cat","embeddable":true,"href":"https:\/\/truusk.store\/sv\/wp-json\/wp\/v2\/product_cat?post=19666"},{"taxonomy":"product_tag","embeddable":true,"href":"https:\/\/truusk.store\/sv\/wp-json\/wp\/v2\/product_tag?post=19666"}],"curies":[{"name":"wp","href":"https:\/\/api.w.org\/{rel}","templated":true}]}}