{"id":19686,"date":"2024-02-13T15:00:54","date_gmt":"2024-02-13T14:00:54","guid":{"rendered":"https:\/\/truusk.store\/product\/klattertrad-katt-trad-lek-trad-katt-skrapa-stolpe-trappa-5-lager-beige-gra-48-x-48-x-995-cm-lxbxh\/"},"modified":"2026-03-12T09:02:16","modified_gmt":"2026-03-12T08:02:16","slug":"truusk-klattertrad-for-katter-5-nivaer-lektrad-klosstolpe-trappa-48-x-48-x-995-cm-beige-gra","status":"publish","type":"product","link":"https:\/\/truusk.store\/sv\/produkt\/truusk-klattertrad-for-katter-5-nivaer-lektrad-klosstolpe-trappa-48-x-48-x-995-cm-beige-gra\/","title":{"rendered":"TRUUSK Kl\u00e4ttertr\u00e4d f\u00f6r Katter &#8211; 5 Niv\u00e5er &#8211; Lektr\u00e4d &#8211; Kl\u00f6sstolpe &#8211; Trappa &#8211; 48 x 48 x 99,5 cm &#8211; Beige Gr\u00e5"},"content":{"rendered":"<p>Vila, lek, slumra, klia och njut av kattlivet p\u00e5 ett avslappnat s\u00e4tt Med v\u00e5ra snygga kattm\u00f6bler kan du ta hem ett lek- och avkopplingsparadis f\u00f6r dina favoritv\u00e4nner. Dina stabila kattm\u00f6bler erbjuder massor av variation. 3 x bekv\u00e4ma trappor och 1 x toppstation v\u00e4ntar p\u00e5 din katt och l\u00e5ter dig aldrig bli uttr\u00e5kad. De s\u00e4kra basytorna av h\u00f6gkvalitativ sp\u00e5nskiva s\u00e4kerst\u00e4ller stabilitet. De \u00e4r t\u00e4ckta med en gosig mjuk plysch och \u00e4r perfekta att mysa till eftersom din katt inte vill g\u00e5 upp l\u00e4ngre. Stammarna \u00e4r inslagna i naturlig sisal f\u00f6r kloslipning.<\/p>\n<h3>Beskrivning:<\/h3>\n<ul>\n<li>Solid sp\u00e5nskivakonstruktion, stabil och robust<\/li>\n<li>Stammar inlindade i sisal, perfekt f\u00f6r att slipa klor<\/li>\n<li>T\u00e4ckt med gosig mjuk plysch, behagligt bekv\u00e4m<\/li>\n<li>Lek- och avkopplingsparadis med 3 x bekv\u00e4ma trappor och en mysig solstol<\/li>\n<li>Enkel konstruktion<\/li>\n<\/ul>\n<h3>Teknisk data:<\/h3>\n<ul>\n<li>Material: sp\u00e5nskiva, plysch, sisal<\/li>\n<li>F\u00e4rg: beige och gr\u00e5<\/li>\n<li>Totala m\u00e5tt: 48 x 48 x 99,5 cm (LxBxH)<\/li>\n<li>Toppstationsm\u00e5tt: 30 x H5,5 (cm)<\/li>\n<li>3 trappm\u00e5tt: L48,5 x B24,5 cm<\/li>\n<li>Basplattans m\u00e5tt: L48 x B48 cm<\/li>\n<li>Vikt: 8,5 kg<\/li>\n<li>Lastkapacitet: 15 kg (totalt), 10 kg (trappor), 7 kg (toppstation)<\/li>\n<\/ul>\n<h3>Leveransens omfattning:<\/h3>\n<ul>\n<li>1 x kattskrapstolpe;<\/li>\n<\/ul>\n","protected":false},"excerpt":{"rendered":"<p>Vila, lek, slumra, klia och njut av kattlivet p\u00e5 ett avslappnat s\u00e4tt Med v\u00e5ra snygga kattm\u00f6bler kan du ta hem&#8230;<\/p>\n","protected":false},"featured_media":19687,"template":"","meta":[],"product_brand":[],"product_cat":[573,588,589],"product_tag":[],"class_list":{"0":"post-19686","1":"product","2":"type-product","3":"status-publish","4":"has-post-thumbnail","6":"product_cat-husdjursmaterial","7":"product_cat-katttillbehor","8":"product_cat-skrapande-inlagg","10":"first","11":"instock","12":"sale","13":"taxable","14":"shipping-taxable","15":"purchasable","16":"product-type-simple"},"yoast_head":"<!-- This site is optimized with the Yoast SEO plugin v25.4 - https:\/\/yoast.com\/wordpress\/plugins\/seo\/ -->\n<title>TRUUSK Kl\u00e4ttertr\u00e4d f\u00f6r Katter - 5 Niv\u00e5er - Lektr\u00e4d - Kl\u00f6sstolpe - Trappa - 48 x 48 x 99,5 cm - Beige Gr\u00e5 - TRUUSK - Hem, Tr\u00e4dg\u00e5rd &amp; Fritid<\/title>\n<meta name=\"robots\" content=\"index, follow, max-snippet:-1, max-image-preview:large, max-video-preview:-1\" \/>\n<link rel=\"canonical\" href=\"https:\/\/truusk.store\/sv\/produkt\/truusk-klattertrad-for-katter-5-nivaer-lektrad-klosstolpe-trappa-48-x-48-x-995-cm-beige-gra\/\" \/>\n<meta property=\"og:locale\" content=\"sv_SE\" \/>\n<meta property=\"og:type\" content=\"article\" \/>\n<meta property=\"og:title\" content=\"TRUUSK Kl\u00e4ttertr\u00e4d f\u00f6r Katter - 5 Niv\u00e5er - Lektr\u00e4d - Kl\u00f6sstolpe - Trappa - 48 x 48 x 99,5 cm - Beige Gr\u00e5 - TRUUSK - Hem, Tr\u00e4dg\u00e5rd &amp; Fritid\" \/>\n<meta property=\"og:description\" content=\"Vila, lek, slumra, klia och njut av kattlivet p\u00e5 ett avslappnat s\u00e4tt Med v\u00e5ra snygga kattm\u00f6bler kan du ta hem...\" \/>\n<meta property=\"og:url\" content=\"https:\/\/truusk.store\/sv\/produkt\/truusk-klattertrad-for-katter-5-nivaer-lektrad-klosstolpe-trappa-48-x-48-x-995-cm-beige-gra\/\" \/>\n<meta property=\"og:site_name\" content=\"TRUUSK - Hem, Tr\u00e4dg\u00e5rd &amp; Fritid\" \/>\n<meta property=\"article:modified_time\" content=\"2026-03-12T08:02:16+00:00\" \/>\n<meta property=\"og:image\" content=\"https:\/\/i0.wp.com\/truusk.se\/wp-content\/uploads\/2024\/02\/klattertrad-katt-trad-lek-trad-katt-skrapa-stolpe-trappa-5-lager-beige-gra-48-x-48-x-995-cm-lxbxh.webp?fit=800%2C800&ssl=1\" \/>\n\t<meta property=\"og:image:width\" content=\"800\" \/>\n\t<meta property=\"og:image:height\" content=\"800\" \/>\n\t<meta property=\"og:image:type\" content=\"image\/webp\" \/>\n<meta name=\"twitter:card\" content=\"summary_large_image\" \/>\n<meta name=\"twitter:label1\" content=\"Ber\u00e4knad l\u00e4stid\" \/>\n\t<meta name=\"twitter:data1\" content=\"1 minut\" \/>\n<!-- \/ Yoast SEO plugin. -->","yoast_head_json":{"title":"TRUUSK Kl\u00e4ttertr\u00e4d f\u00f6r Katter - 5 Niv\u00e5er - Lektr\u00e4d - Kl\u00f6sstolpe - Trappa - 48 x 48 x 99,5 cm - Beige Gr\u00e5 - TRUUSK - Hem, Tr\u00e4dg\u00e5rd &amp; Fritid","robots":{"index":"index","follow":"follow","max-snippet":"max-snippet:-1","max-image-preview":"max-image-preview:large","max-video-preview":"max-video-preview:-1"},"canonical":"https:\/\/truusk.store\/sv\/produkt\/truusk-klattertrad-for-katter-5-nivaer-lektrad-klosstolpe-trappa-48-x-48-x-995-cm-beige-gra\/","og_locale":"sv_SE","og_type":"article","og_title":"TRUUSK Kl\u00e4ttertr\u00e4d f\u00f6r Katter - 5 Niv\u00e5er - Lektr\u00e4d - Kl\u00f6sstolpe - Trappa - 48 x 48 x 99,5 cm - Beige Gr\u00e5 - TRUUSK - Hem, Tr\u00e4dg\u00e5rd &amp; Fritid","og_description":"Vila, lek, slumra, klia och njut av kattlivet p\u00e5 ett avslappnat s\u00e4tt Med v\u00e5ra snygga kattm\u00f6bler kan du ta hem...","og_url":"https:\/\/truusk.store\/sv\/produkt\/truusk-klattertrad-for-katter-5-nivaer-lektrad-klosstolpe-trappa-48-x-48-x-995-cm-beige-gra\/","og_site_name":"TRUUSK - Hem, Tr\u00e4dg\u00e5rd &amp; Fritid","article_modified_time":"2026-03-12T08:02:16+00:00","og_image":[{"width":800,"height":800,"url":"https:\/\/i0.wp.com\/truusk.se\/wp-content\/uploads\/2024\/02\/klattertrad-katt-trad-lek-trad-katt-skrapa-stolpe-trappa-5-lager-beige-gra-48-x-48-x-995-cm-lxbxh.webp?fit=800%2C800&ssl=1","type":"image\/webp"}],"twitter_card":"summary_large_image","twitter_misc":{"Ber\u00e4knad l\u00e4stid":"1 minut"},"schema":{"@context":"https:\/\/schema.org","@graph":[{"@type":"WebPage","@id":"https:\/\/truusk.store\/sv\/produkt\/truusk-klattertrad-for-katter-5-nivaer-lektrad-klosstolpe-trappa-48-x-48-x-995-cm-beige-gra\/","url":"https:\/\/truusk.store\/sv\/produkt\/truusk-klattertrad-for-katter-5-nivaer-lektrad-klosstolpe-trappa-48-x-48-x-995-cm-beige-gra\/","name":"TRUUSK Kl\u00e4ttertr\u00e4d f\u00f6r Katter - 5 Niv\u00e5er - Lektr\u00e4d - Kl\u00f6sstolpe - Trappa - 48 x 48 x 99,5 cm - Beige Gr\u00e5 - TRUUSK - Hem, Tr\u00e4dg\u00e5rd &amp; Fritid","isPartOf":{"@id":"https:\/\/truusk.store\/sv\/#website"},"primaryImageOfPage":{"@id":"https:\/\/truusk.store\/sv\/produkt\/truusk-klattertrad-for-katter-5-nivaer-lektrad-klosstolpe-trappa-48-x-48-x-995-cm-beige-gra\/#primaryimage"},"image":{"@id":"https:\/\/truusk.store\/sv\/produkt\/truusk-klattertrad-for-katter-5-nivaer-lektrad-klosstolpe-trappa-48-x-48-x-995-cm-beige-gra\/#primaryimage"},"thumbnailUrl":"https:\/\/i0.wp.com\/truusk.store\/wp-content\/uploads\/2024\/02\/klattertrad-katt-trad-lek-trad-katt-skrapa-stolpe-trappa-5-lager-beige-gra-48-x-48-x-995-cm-lxbxh.webp?fit=800%2C800&ssl=1","datePublished":"2024-02-13T14:00:54+00:00","dateModified":"2026-03-12T08:02:16+00:00","breadcrumb":{"@id":"https:\/\/truusk.store\/sv\/produkt\/truusk-klattertrad-for-katter-5-nivaer-lektrad-klosstolpe-trappa-48-x-48-x-995-cm-beige-gra\/#breadcrumb"},"inLanguage":"sv-SE","potentialAction":[{"@type":"ReadAction","target":["https:\/\/truusk.store\/sv\/produkt\/truusk-klattertrad-for-katter-5-nivaer-lektrad-klosstolpe-trappa-48-x-48-x-995-cm-beige-gra\/"]}]},{"@type":"ImageObject","inLanguage":"sv-SE","@id":"https:\/\/truusk.store\/sv\/produkt\/truusk-klattertrad-for-katter-5-nivaer-lektrad-klosstolpe-trappa-48-x-48-x-995-cm-beige-gra\/#primaryimage","url":"https:\/\/i0.wp.com\/truusk.store\/wp-content\/uploads\/2024\/02\/klattertrad-katt-trad-lek-trad-katt-skrapa-stolpe-trappa-5-lager-beige-gra-48-x-48-x-995-cm-lxbxh.webp?fit=800%2C800&ssl=1","contentUrl":"https:\/\/i0.wp.com\/truusk.store\/wp-content\/uploads\/2024\/02\/klattertrad-katt-trad-lek-trad-katt-skrapa-stolpe-trappa-5-lager-beige-gra-48-x-48-x-995-cm-lxbxh.webp?fit=800%2C800&ssl=1","width":800,"height":800,"caption":"Kl\u00e4ttertr\u00e4d Katt Tr\u00e4d Lek Tr\u00e4d Katt Skrapa Stolpe Trappa 5 Lager Beige Gr\u00e5 48 X 48 X 99,5 Cm (LxBxH) 1"},{"@type":"BreadcrumbList","@id":"https:\/\/truusk.store\/sv\/produkt\/truusk-klattertrad-for-katter-5-nivaer-lektrad-klosstolpe-trappa-48-x-48-x-995-cm-beige-gra\/#breadcrumb","itemListElement":[{"@type":"ListItem","position":1,"name":"Home","item":"https:\/\/truusk.store\/sv\/"},{"@type":"ListItem","position":2,"name":"Shop","item":"https:\/\/truusk.store\/shop\/"},{"@type":"ListItem","position":3,"name":"TRUUSK Kl\u00e4ttertr\u00e4d f\u00f6r Katter &#8211; 5 Niv\u00e5er &#8211; Lektr\u00e4d &#8211; Kl\u00f6sstolpe &#8211; Trappa &#8211; 48 x 48 x 99,5 cm &#8211; Beige Gr\u00e5"}]},{"@type":"WebSite","@id":"https:\/\/truusk.store\/sv\/#website","url":"https:\/\/truusk.store\/sv\/","name":"TRUUSK - Hem, Tr\u00e4dg\u00e5rd & Fritid","description":"","publisher":{"@id":"https:\/\/truusk.store\/sv\/#organization"},"potentialAction":[{"@type":"SearchAction","target":{"@type":"EntryPoint","urlTemplate":"https:\/\/truusk.store\/sv\/?s={search_term_string}"},"query-input":{"@type":"PropertyValueSpecification","valueRequired":true,"valueName":"search_term_string"}}],"inLanguage":"sv-SE"},{"@type":"Organization","@id":"https:\/\/truusk.store\/sv\/#organization","name":"TRUUSK - Hem, Tr\u00e4dg\u00e5rd & Fritid","url":"https:\/\/truusk.store\/sv\/","logo":{"@type":"ImageObject","inLanguage":"sv-SE","@id":"https:\/\/truusk.store\/sv\/#\/schema\/logo\/image\/","url":"https:\/\/i0.wp.com\/truusk.store\/wp-content\/uploads\/2026\/03\/cropped-TRUUSK.png?fit=2032%2C917&ssl=1","contentUrl":"https:\/\/i0.wp.com\/truusk.store\/wp-content\/uploads\/2026\/03\/cropped-TRUUSK.png?fit=2032%2C917&ssl=1","width":2032,"height":917,"caption":"TRUUSK - Hem, Tr\u00e4dg\u00e5rd & Fritid"},"image":{"@id":"https:\/\/truusk.store\/sv\/#\/schema\/logo\/image\/"}}]}},"jetpack_sharing_enabled":true,"_links":{"self":[{"href":"https:\/\/truusk.store\/sv\/wp-json\/wp\/v2\/product\/19686","targetHints":{"allow":["GET"]}}],"collection":[{"href":"https:\/\/truusk.store\/sv\/wp-json\/wp\/v2\/product"}],"about":[{"href":"https:\/\/truusk.store\/sv\/wp-json\/wp\/v2\/types\/product"}],"wp:featuredmedia":[{"embeddable":true,"href":"https:\/\/truusk.store\/sv\/wp-json\/wp\/v2\/media\/19687"}],"wp:attachment":[{"href":"https:\/\/truusk.store\/sv\/wp-json\/wp\/v2\/media?parent=19686"}],"wp:term":[{"taxonomy":"product_brand","embeddable":true,"href":"https:\/\/truusk.store\/sv\/wp-json\/wp\/v2\/product_brand?post=19686"},{"taxonomy":"product_cat","embeddable":true,"href":"https:\/\/truusk.store\/sv\/wp-json\/wp\/v2\/product_cat?post=19686"},{"taxonomy":"product_tag","embeddable":true,"href":"https:\/\/truusk.store\/sv\/wp-json\/wp\/v2\/product_tag?post=19686"}],"curies":[{"name":"wp","href":"https:\/\/api.w.org\/{rel}","templated":true}]}}