{"id":19697,"date":"2024-02-13T15:01:18","date_gmt":"2024-02-13T14:01:18","guid":{"rendered":"https:\/\/truusk.store\/product\/parasoll-vev-paraply-tradgard-paraply-marknadsparaply-metall-halvrunda-kramvit-svart\/"},"modified":"2026-03-12T09:02:16","modified_gmt":"2026-03-12T08:02:16","slug":"truusk-tradgard-parasoll-vevbar-paraply-halvrund-metall-kramvitt-svart","status":"publish","type":"product","link":"https:\/\/truusk.store\/sv\/produkt\/truusk-tradgard-parasoll-vevbar-paraply-halvrund-metall-kramvitt-svart\/","title":{"rendered":"TRUUSK Tr\u00e4dg\u00e5rd Parasoll &#8211; Vevbar Paraply &#8211; Halvrund &#8211; Metall &#8211; Kr\u00e4mvitt + Svart"},"content":{"rendered":"<p>Ge ditt hem optimalt skydd mot solens str\u00e5lar med detta parasoll. Tack vare den halvcirkelformade formen kan vevparaplyet placeras direkt p\u00e5 v\u00e4ggen. Med hj\u00e4lp av handveven kan det UV-best\u00e4ndiga och vattenavvisande paraplyet enkelt \u00f6ppnas och du kan koppla av under parasollet.<\/p>\n<h3>Beskrivning:<\/h3>\n<ul>\n<li>Parasoll f\u00f6r balkonger, tr\u00e4dg\u00e5rdar och terrasser<\/li>\n<li>Med sin halvhundsform kan paraplyet placeras direkt p\u00e5 v\u00e4ggen<\/li>\n<li>Stark pulverlackerad metallkonstruktion<\/li>\n<li>5 metallstag ger h\u00f6g stabilitet<\/li>\n<li>Paraplyskydd av polyester, vattenavvisande och UV-best\u00e4ndigt<\/li>\n<li>Handvev m\u00f6jligg\u00f6r enkel fastsp\u00e4nning<\/li>\n<li>Snabb och enkel att montera och demontera<\/li>\n<li>Du kan uppn\u00e5 ytterligare stabilitet, till exempel genom att anv\u00e4nda ett bord med en parasollh\u00e5llare, ett stativ eller ett paraplyst\u00e4ll<\/li>\n<\/ul>\n<h3>Teknisk data:<\/h3>\n<ul>\n<li>Material: metall, polyester (180 g\/m)<\/li>\n<li>F\u00e4rg: kr\u00e4mvit+svart<\/li>\n<li>Storlek: L293 x B150 x H249 cm<\/li>\n<li>R\u00f6rdiameter: 38mm<\/li>\n<li>Antal stag: 5<\/li>\n<li>Vikt: 4,6 kg<\/li>\n<\/ul>\n<h3>Leveransens omfattning:<\/h3>\n<ul>\n<li>1 x Parasoll<\/li>\n<li>Observera: Paraplyst\u00e4ll ing\u00e5r inte.<\/li>\n<\/ul>\n","protected":false},"excerpt":{"rendered":"<p>Ge ditt hem optimalt skydd mot solens str\u00e5lar med detta parasoll. Tack vare den halvcirkelformade formen kan vevparaplyet placeras direkt&#8230;<\/p>\n","protected":false},"featured_media":19698,"template":"","meta":[],"product_brand":[],"product_cat":[472,471,435],"product_tag":[],"class_list":{"0":"post-19697","1":"product","2":"type-product","3":"status-publish","4":"has-post-thumbnail","6":"product_cat-parasoller","7":"product_cat-solskydd-integritetsskydd","8":"product_cat-tradgard-och-terrass","10":"first","11":"instock","12":"sale","13":"taxable","14":"shipping-taxable","15":"purchasable","16":"product-type-simple"},"yoast_head":"<!-- This site is optimized with the Yoast SEO plugin v25.4 - https:\/\/yoast.com\/wordpress\/plugins\/seo\/ -->\n<title>TRUUSK Tr\u00e4dg\u00e5rd Parasoll - Vevbar Paraply - Halvrund - Metall - Kr\u00e4mvitt + Svart - TRUUSK - Hem, Tr\u00e4dg\u00e5rd &amp; Fritid<\/title>\n<meta name=\"robots\" content=\"index, follow, max-snippet:-1, max-image-preview:large, max-video-preview:-1\" \/>\n<link rel=\"canonical\" href=\"https:\/\/truusk.store\/sv\/produkt\/truusk-tradgard-parasoll-vevbar-paraply-halvrund-metall-kramvitt-svart\/\" \/>\n<meta property=\"og:locale\" content=\"sv_SE\" \/>\n<meta property=\"og:type\" content=\"article\" \/>\n<meta property=\"og:title\" content=\"TRUUSK Tr\u00e4dg\u00e5rd Parasoll - Vevbar Paraply - Halvrund - Metall - Kr\u00e4mvitt + Svart - TRUUSK - Hem, Tr\u00e4dg\u00e5rd &amp; Fritid\" \/>\n<meta property=\"og:description\" content=\"Ge ditt hem optimalt skydd mot solens str\u00e5lar med detta parasoll. Tack vare den halvcirkelformade formen kan vevparaplyet placeras direkt...\" \/>\n<meta property=\"og:url\" content=\"https:\/\/truusk.store\/sv\/produkt\/truusk-tradgard-parasoll-vevbar-paraply-halvrund-metall-kramvitt-svart\/\" \/>\n<meta property=\"og:site_name\" content=\"TRUUSK - Hem, Tr\u00e4dg\u00e5rd &amp; Fritid\" \/>\n<meta property=\"article:modified_time\" content=\"2026-03-12T08:02:16+00:00\" \/>\n<meta property=\"og:image\" content=\"https:\/\/i0.wp.com\/truusk.se\/wp-content\/uploads\/2024\/02\/parasoll-vev-paraply-tradgard-paraply-marknadsparaply-metall-halvrunda-kramvit-svart.webp?fit=800%2C800&ssl=1\" \/>\n\t<meta property=\"og:image:width\" content=\"800\" \/>\n\t<meta property=\"og:image:height\" content=\"800\" \/>\n\t<meta property=\"og:image:type\" content=\"image\/webp\" \/>\n<meta name=\"twitter:card\" content=\"summary_large_image\" \/>\n<meta name=\"twitter:label1\" content=\"Ber\u00e4knad l\u00e4stid\" \/>\n\t<meta name=\"twitter:data1\" content=\"1 minut\" \/>\n<!-- \/ Yoast SEO plugin. -->","yoast_head_json":{"title":"TRUUSK Tr\u00e4dg\u00e5rd Parasoll - Vevbar Paraply - Halvrund - Metall - Kr\u00e4mvitt + Svart - TRUUSK - Hem, Tr\u00e4dg\u00e5rd &amp; Fritid","robots":{"index":"index","follow":"follow","max-snippet":"max-snippet:-1","max-image-preview":"max-image-preview:large","max-video-preview":"max-video-preview:-1"},"canonical":"https:\/\/truusk.store\/sv\/produkt\/truusk-tradgard-parasoll-vevbar-paraply-halvrund-metall-kramvitt-svart\/","og_locale":"sv_SE","og_type":"article","og_title":"TRUUSK Tr\u00e4dg\u00e5rd Parasoll - Vevbar Paraply - Halvrund - Metall - Kr\u00e4mvitt + Svart - TRUUSK - Hem, Tr\u00e4dg\u00e5rd &amp; Fritid","og_description":"Ge ditt hem optimalt skydd mot solens str\u00e5lar med detta parasoll. Tack vare den halvcirkelformade formen kan vevparaplyet placeras direkt...","og_url":"https:\/\/truusk.store\/sv\/produkt\/truusk-tradgard-parasoll-vevbar-paraply-halvrund-metall-kramvitt-svart\/","og_site_name":"TRUUSK - Hem, Tr\u00e4dg\u00e5rd &amp; Fritid","article_modified_time":"2026-03-12T08:02:16+00:00","og_image":[{"width":800,"height":800,"url":"https:\/\/i0.wp.com\/truusk.se\/wp-content\/uploads\/2024\/02\/parasoll-vev-paraply-tradgard-paraply-marknadsparaply-metall-halvrunda-kramvit-svart.webp?fit=800%2C800&ssl=1","type":"image\/webp"}],"twitter_card":"summary_large_image","twitter_misc":{"Ber\u00e4knad l\u00e4stid":"1 minut"},"schema":{"@context":"https:\/\/schema.org","@graph":[{"@type":"WebPage","@id":"https:\/\/truusk.store\/sv\/produkt\/truusk-tradgard-parasoll-vevbar-paraply-halvrund-metall-kramvitt-svart\/","url":"https:\/\/truusk.store\/sv\/produkt\/truusk-tradgard-parasoll-vevbar-paraply-halvrund-metall-kramvitt-svart\/","name":"TRUUSK Tr\u00e4dg\u00e5rd Parasoll - Vevbar Paraply - Halvrund - Metall - Kr\u00e4mvitt + Svart - TRUUSK - Hem, Tr\u00e4dg\u00e5rd &amp; Fritid","isPartOf":{"@id":"https:\/\/truusk.store\/sv\/#website"},"primaryImageOfPage":{"@id":"https:\/\/truusk.store\/sv\/produkt\/truusk-tradgard-parasoll-vevbar-paraply-halvrund-metall-kramvitt-svart\/#primaryimage"},"image":{"@id":"https:\/\/truusk.store\/sv\/produkt\/truusk-tradgard-parasoll-vevbar-paraply-halvrund-metall-kramvitt-svart\/#primaryimage"},"thumbnailUrl":"https:\/\/i0.wp.com\/truusk.store\/wp-content\/uploads\/2024\/02\/parasoll-vev-paraply-tradgard-paraply-marknadsparaply-metall-halvrunda-kramvit-svart.webp?fit=800%2C800&ssl=1","datePublished":"2024-02-13T14:01:18+00:00","dateModified":"2026-03-12T08:02:16+00:00","breadcrumb":{"@id":"https:\/\/truusk.store\/sv\/produkt\/truusk-tradgard-parasoll-vevbar-paraply-halvrund-metall-kramvitt-svart\/#breadcrumb"},"inLanguage":"sv-SE","potentialAction":[{"@type":"ReadAction","target":["https:\/\/truusk.store\/sv\/produkt\/truusk-tradgard-parasoll-vevbar-paraply-halvrund-metall-kramvitt-svart\/"]}]},{"@type":"ImageObject","inLanguage":"sv-SE","@id":"https:\/\/truusk.store\/sv\/produkt\/truusk-tradgard-parasoll-vevbar-paraply-halvrund-metall-kramvitt-svart\/#primaryimage","url":"https:\/\/i0.wp.com\/truusk.store\/wp-content\/uploads\/2024\/02\/parasoll-vev-paraply-tradgard-paraply-marknadsparaply-metall-halvrunda-kramvit-svart.webp?fit=800%2C800&ssl=1","contentUrl":"https:\/\/i0.wp.com\/truusk.store\/wp-content\/uploads\/2024\/02\/parasoll-vev-paraply-tradgard-paraply-marknadsparaply-metall-halvrunda-kramvit-svart.webp?fit=800%2C800&ssl=1","width":800,"height":800,"caption":"Parasoll Vev Paraply Tr\u00e4dg\u00e5rd Paraply Marknadsparaply, Metall, Halvrunda, Kr\u00e4mvit + Svart 1"},{"@type":"BreadcrumbList","@id":"https:\/\/truusk.store\/sv\/produkt\/truusk-tradgard-parasoll-vevbar-paraply-halvrund-metall-kramvitt-svart\/#breadcrumb","itemListElement":[{"@type":"ListItem","position":1,"name":"Home","item":"https:\/\/truusk.store\/sv\/"},{"@type":"ListItem","position":2,"name":"Shop","item":"https:\/\/truusk.store\/shop\/"},{"@type":"ListItem","position":3,"name":"TRUUSK Tr\u00e4dg\u00e5rd Parasoll &#8211; Vevbar Paraply &#8211; Halvrund &#8211; Metall &#8211; Kr\u00e4mvitt + Svart"}]},{"@type":"WebSite","@id":"https:\/\/truusk.store\/sv\/#website","url":"https:\/\/truusk.store\/sv\/","name":"TRUUSK - Hem, Tr\u00e4dg\u00e5rd & Fritid","description":"","publisher":{"@id":"https:\/\/truusk.store\/sv\/#organization"},"potentialAction":[{"@type":"SearchAction","target":{"@type":"EntryPoint","urlTemplate":"https:\/\/truusk.store\/sv\/?s={search_term_string}"},"query-input":{"@type":"PropertyValueSpecification","valueRequired":true,"valueName":"search_term_string"}}],"inLanguage":"sv-SE"},{"@type":"Organization","@id":"https:\/\/truusk.store\/sv\/#organization","name":"TRUUSK - Hem, Tr\u00e4dg\u00e5rd & Fritid","url":"https:\/\/truusk.store\/sv\/","logo":{"@type":"ImageObject","inLanguage":"sv-SE","@id":"https:\/\/truusk.store\/sv\/#\/schema\/logo\/image\/","url":"https:\/\/i0.wp.com\/truusk.store\/wp-content\/uploads\/2026\/03\/cropped-TRUUSK.png?fit=2032%2C917&ssl=1","contentUrl":"https:\/\/i0.wp.com\/truusk.store\/wp-content\/uploads\/2026\/03\/cropped-TRUUSK.png?fit=2032%2C917&ssl=1","width":2032,"height":917,"caption":"TRUUSK - Hem, Tr\u00e4dg\u00e5rd & Fritid"},"image":{"@id":"https:\/\/truusk.store\/sv\/#\/schema\/logo\/image\/"}}]}},"jetpack_sharing_enabled":true,"_links":{"self":[{"href":"https:\/\/truusk.store\/sv\/wp-json\/wp\/v2\/product\/19697","targetHints":{"allow":["GET"]}}],"collection":[{"href":"https:\/\/truusk.store\/sv\/wp-json\/wp\/v2\/product"}],"about":[{"href":"https:\/\/truusk.store\/sv\/wp-json\/wp\/v2\/types\/product"}],"wp:featuredmedia":[{"embeddable":true,"href":"https:\/\/truusk.store\/sv\/wp-json\/wp\/v2\/media\/19698"}],"wp:attachment":[{"href":"https:\/\/truusk.store\/sv\/wp-json\/wp\/v2\/media?parent=19697"}],"wp:term":[{"taxonomy":"product_brand","embeddable":true,"href":"https:\/\/truusk.store\/sv\/wp-json\/wp\/v2\/product_brand?post=19697"},{"taxonomy":"product_cat","embeddable":true,"href":"https:\/\/truusk.store\/sv\/wp-json\/wp\/v2\/product_cat?post=19697"},{"taxonomy":"product_tag","embeddable":true,"href":"https:\/\/truusk.store\/sv\/wp-json\/wp\/v2\/product_tag?post=19697"}],"curies":[{"name":"wp","href":"https:\/\/api.w.org\/{rel}","templated":true}]}}