{"id":19771,"date":"2024-02-13T15:03:47","date_gmt":"2024-02-13T14:03:47","guid":{"rendered":"https:\/\/truusk.store\/product\/trampolin-kantskydd-skyddsnat-vader-presenning-stege-kantskydd-244cm-fargglad\/"},"modified":"2026-03-12T09:02:17","modified_gmt":"2026-03-12T08:02:17","slug":"truusk-trampolin-kantskydd-skyddsnat-vader-presenning-stege-244-cm-fargglad","status":"publish","type":"product","link":"https:\/\/truusk.store\/sv\/produkt\/truusk-trampolin-kantskydd-skyddsnat-vader-presenning-stege-244-cm-fargglad\/","title":{"rendered":"TRUUSK Trampolin Kantskydd Skyddsn\u00e4t &#8211; V\u00e4der Presenning &#8211; Stege &#8211; 244 cm &#8211; F\u00e4rgglad"},"content":{"rendered":"<p>cher, h\u00e5llbar och l\u00e4tt att installera. V\u00e5rt gr\u00f6na kantskydd passar till vanliga studsmattor med en diameter p\u00e5 244 cm, oavsett tillverkare. Den 15 mm tjocka EPE-stoppningen t\u00e4cker spiralfj\u00e4drarna s\u00e4kert och skyddar dina barn fr\u00e5n skador. Den f\u00e4sts enkelt p\u00e5 ramen p\u00e5 din studsmatta med de slitstarka \u00f6glorna. Det f\u00e4rgglada PVC-\u00f6verdraget \u00e4r ok\u00e4nsligt f\u00f6r v\u00e4derp\u00e5verkan och solljus, h\u00e5llbart och \u00e4r dessutom mycket l\u00e4tt att reng\u00f6ra. Detta \u00e4r ett enkelt s\u00e4tt att byta ut ditt gamla kantskydd. OBS: M\u00e4t din studsmatta och l\u00e4ngden p\u00e5 spiralfj\u00e4drarna i f\u00f6rv\u00e4g f\u00f6r att undvika att best\u00e4lla fel. Om du har l\u00e5nga spiralfj\u00e4drar kan du beh\u00f6va ett bredare skydd.<\/p>\n<h3>Beskrivning:<\/h3>\n<ul>\n<li>L\u00e4mplig f\u00f6r alla runda studsmattor (oavsett tillverkare) med en diameter p\u00e5 244 cm<\/li>\n<li>Tillverkad av PVC och PE, extremt t\u00e5lig, v\u00e4derbest\u00e4ndig och stabil<\/li>\n<li>Den mjuka ytan \u00f6ver fj\u00e4drarna ger optimalt skydd mot skador<\/li>\n<li>Materialet \u00e4r mycket robust<\/li>\n<li>Mycket h\u00f6g kvalitet, extra tjock stoppning (15 mm)<\/li>\n<li>Bred stoppning<\/li>\n<li>l\u00e4tt att f\u00e4sta p\u00e5 studsmattan<\/li>\n<\/ul>\n<h3>Teknisk data:<\/h3>\n<ul>\n<li>Material: PVC, PE<\/li>\n<li>F\u00e4rg: Flerf\u00e4rgad<\/li>\n<li>Diameter: 244 cm<\/li>\n<li>Vadderingstjocklek: 15 mm<\/li>\n<\/ul>\n<h3>Leveransens omfattning:<\/h3>\n<ul>\n<li>1 x studsmatta kantskydd;<\/li>\n<\/ul>\n","protected":false},"excerpt":{"rendered":"<p>cher, h\u00e5llbar och l\u00e4tt att installera. V\u00e5rt gr\u00f6na kantskydd passar till vanliga studsmattor med en diameter p\u00e5 244 cm, oavsett&#8230;<\/p>\n","protected":false},"featured_media":19772,"template":"","meta":[],"product_brand":[],"product_cat":[656,647,657],"product_tag":[],"class_list":{"0":"post-19771","1":"product","2":"type-product","3":"status-publish","4":"has-post-thumbnail","6":"product_cat-spel-hobby","7":"product_cat-sport-fritid","8":"product_cat-studsmattor-tillbehor","10":"first","11":"instock","12":"sale","13":"taxable","14":"shipping-taxable","15":"purchasable","16":"product-type-simple"},"yoast_head":"<!-- This site is optimized with the Yoast SEO plugin v25.4 - https:\/\/yoast.com\/wordpress\/plugins\/seo\/ -->\n<title>TRUUSK Trampolin Kantskydd Skyddsn\u00e4t - V\u00e4der Presenning - Stege - 244 cm - F\u00e4rgglad - TRUUSK - Hem, Tr\u00e4dg\u00e5rd &amp; Fritid<\/title>\n<meta name=\"robots\" content=\"index, follow, max-snippet:-1, max-image-preview:large, max-video-preview:-1\" \/>\n<link rel=\"canonical\" href=\"https:\/\/truusk.store\/sv\/produkt\/truusk-trampolin-kantskydd-skyddsnat-vader-presenning-stege-244-cm-fargglad\/\" \/>\n<meta property=\"og:locale\" content=\"sv_SE\" \/>\n<meta property=\"og:type\" content=\"article\" \/>\n<meta property=\"og:title\" content=\"TRUUSK Trampolin Kantskydd Skyddsn\u00e4t - V\u00e4der Presenning - Stege - 244 cm - F\u00e4rgglad - TRUUSK - Hem, Tr\u00e4dg\u00e5rd &amp; Fritid\" \/>\n<meta property=\"og:description\" content=\"cher, h\u00e5llbar och l\u00e4tt att installera. V\u00e5rt gr\u00f6na kantskydd passar till vanliga studsmattor med en diameter p\u00e5 244 cm, oavsett...\" \/>\n<meta property=\"og:url\" content=\"https:\/\/truusk.store\/sv\/produkt\/truusk-trampolin-kantskydd-skyddsnat-vader-presenning-stege-244-cm-fargglad\/\" \/>\n<meta property=\"og:site_name\" content=\"TRUUSK - Hem, Tr\u00e4dg\u00e5rd &amp; Fritid\" \/>\n<meta property=\"article:modified_time\" content=\"2026-03-12T08:02:17+00:00\" \/>\n<meta property=\"og:image\" content=\"https:\/\/i0.wp.com\/truusk.se\/wp-content\/uploads\/2024\/02\/trampolin-kantskydd-skyddsnat-vader-presenning-stege-kantskydd-244cm-fargglad.webp?fit=800%2C800&ssl=1\" \/>\n\t<meta property=\"og:image:width\" content=\"800\" \/>\n\t<meta property=\"og:image:height\" content=\"800\" \/>\n\t<meta property=\"og:image:type\" content=\"image\/webp\" \/>\n<meta name=\"twitter:card\" content=\"summary_large_image\" \/>\n<meta name=\"twitter:label1\" content=\"Ber\u00e4knad l\u00e4stid\" \/>\n\t<meta name=\"twitter:data1\" content=\"1 minut\" \/>\n<!-- \/ Yoast SEO plugin. -->","yoast_head_json":{"title":"TRUUSK Trampolin Kantskydd Skyddsn\u00e4t - V\u00e4der Presenning - Stege - 244 cm - F\u00e4rgglad - TRUUSK - Hem, Tr\u00e4dg\u00e5rd &amp; Fritid","robots":{"index":"index","follow":"follow","max-snippet":"max-snippet:-1","max-image-preview":"max-image-preview:large","max-video-preview":"max-video-preview:-1"},"canonical":"https:\/\/truusk.store\/sv\/produkt\/truusk-trampolin-kantskydd-skyddsnat-vader-presenning-stege-244-cm-fargglad\/","og_locale":"sv_SE","og_type":"article","og_title":"TRUUSK Trampolin Kantskydd Skyddsn\u00e4t - V\u00e4der Presenning - Stege - 244 cm - F\u00e4rgglad - TRUUSK - Hem, Tr\u00e4dg\u00e5rd &amp; Fritid","og_description":"cher, h\u00e5llbar och l\u00e4tt att installera. V\u00e5rt gr\u00f6na kantskydd passar till vanliga studsmattor med en diameter p\u00e5 244 cm, oavsett...","og_url":"https:\/\/truusk.store\/sv\/produkt\/truusk-trampolin-kantskydd-skyddsnat-vader-presenning-stege-244-cm-fargglad\/","og_site_name":"TRUUSK - Hem, Tr\u00e4dg\u00e5rd &amp; Fritid","article_modified_time":"2026-03-12T08:02:17+00:00","og_image":[{"width":800,"height":800,"url":"https:\/\/i0.wp.com\/truusk.se\/wp-content\/uploads\/2024\/02\/trampolin-kantskydd-skyddsnat-vader-presenning-stege-kantskydd-244cm-fargglad.webp?fit=800%2C800&ssl=1","type":"image\/webp"}],"twitter_card":"summary_large_image","twitter_misc":{"Ber\u00e4knad l\u00e4stid":"1 minut"},"schema":{"@context":"https:\/\/schema.org","@graph":[{"@type":"WebPage","@id":"https:\/\/truusk.store\/sv\/produkt\/truusk-trampolin-kantskydd-skyddsnat-vader-presenning-stege-244-cm-fargglad\/","url":"https:\/\/truusk.store\/sv\/produkt\/truusk-trampolin-kantskydd-skyddsnat-vader-presenning-stege-244-cm-fargglad\/","name":"TRUUSK Trampolin Kantskydd Skyddsn\u00e4t - V\u00e4der Presenning - Stege - 244 cm - F\u00e4rgglad - TRUUSK - Hem, Tr\u00e4dg\u00e5rd &amp; Fritid","isPartOf":{"@id":"https:\/\/truusk.store\/sv\/#website"},"primaryImageOfPage":{"@id":"https:\/\/truusk.store\/sv\/produkt\/truusk-trampolin-kantskydd-skyddsnat-vader-presenning-stege-244-cm-fargglad\/#primaryimage"},"image":{"@id":"https:\/\/truusk.store\/sv\/produkt\/truusk-trampolin-kantskydd-skyddsnat-vader-presenning-stege-244-cm-fargglad\/#primaryimage"},"thumbnailUrl":"https:\/\/i0.wp.com\/truusk.store\/wp-content\/uploads\/2024\/02\/trampolin-kantskydd-skyddsnat-vader-presenning-stege-kantskydd-244cm-fargglad.webp?fit=800%2C800&ssl=1","datePublished":"2024-02-13T14:03:47+00:00","dateModified":"2026-03-12T08:02:17+00:00","breadcrumb":{"@id":"https:\/\/truusk.store\/sv\/produkt\/truusk-trampolin-kantskydd-skyddsnat-vader-presenning-stege-244-cm-fargglad\/#breadcrumb"},"inLanguage":"sv-SE","potentialAction":[{"@type":"ReadAction","target":["https:\/\/truusk.store\/sv\/produkt\/truusk-trampolin-kantskydd-skyddsnat-vader-presenning-stege-244-cm-fargglad\/"]}]},{"@type":"ImageObject","inLanguage":"sv-SE","@id":"https:\/\/truusk.store\/sv\/produkt\/truusk-trampolin-kantskydd-skyddsnat-vader-presenning-stege-244-cm-fargglad\/#primaryimage","url":"https:\/\/i0.wp.com\/truusk.store\/wp-content\/uploads\/2024\/02\/trampolin-kantskydd-skyddsnat-vader-presenning-stege-kantskydd-244cm-fargglad.webp?fit=800%2C800&ssl=1","contentUrl":"https:\/\/i0.wp.com\/truusk.store\/wp-content\/uploads\/2024\/02\/trampolin-kantskydd-skyddsnat-vader-presenning-stege-kantskydd-244cm-fargglad.webp?fit=800%2C800&ssl=1","width":800,"height":800,"caption":"Trampolin Kantskydd Skyddsn\u00e4t V\u00e4der Presenning Stege Kantskydd: 244cm F\u00e4rgglad 1"},{"@type":"BreadcrumbList","@id":"https:\/\/truusk.store\/sv\/produkt\/truusk-trampolin-kantskydd-skyddsnat-vader-presenning-stege-244-cm-fargglad\/#breadcrumb","itemListElement":[{"@type":"ListItem","position":1,"name":"Home","item":"https:\/\/truusk.store\/sv\/"},{"@type":"ListItem","position":2,"name":"Shop","item":"https:\/\/truusk.store\/shop\/"},{"@type":"ListItem","position":3,"name":"TRUUSK Trampolin Kantskydd Skyddsn\u00e4t &#8211; V\u00e4der Presenning &#8211; Stege &#8211; 244 cm &#8211; F\u00e4rgglad"}]},{"@type":"WebSite","@id":"https:\/\/truusk.store\/sv\/#website","url":"https:\/\/truusk.store\/sv\/","name":"TRUUSK - Hem, Tr\u00e4dg\u00e5rd & Fritid","description":"","publisher":{"@id":"https:\/\/truusk.store\/sv\/#organization"},"potentialAction":[{"@type":"SearchAction","target":{"@type":"EntryPoint","urlTemplate":"https:\/\/truusk.store\/sv\/?s={search_term_string}"},"query-input":{"@type":"PropertyValueSpecification","valueRequired":true,"valueName":"search_term_string"}}],"inLanguage":"sv-SE"},{"@type":"Organization","@id":"https:\/\/truusk.store\/sv\/#organization","name":"TRUUSK - Hem, Tr\u00e4dg\u00e5rd & Fritid","url":"https:\/\/truusk.store\/sv\/","logo":{"@type":"ImageObject","inLanguage":"sv-SE","@id":"https:\/\/truusk.store\/sv\/#\/schema\/logo\/image\/","url":"https:\/\/i0.wp.com\/truusk.store\/wp-content\/uploads\/2026\/03\/cropped-TRUUSK.png?fit=2032%2C917&ssl=1","contentUrl":"https:\/\/i0.wp.com\/truusk.store\/wp-content\/uploads\/2026\/03\/cropped-TRUUSK.png?fit=2032%2C917&ssl=1","width":2032,"height":917,"caption":"TRUUSK - Hem, Tr\u00e4dg\u00e5rd & Fritid"},"image":{"@id":"https:\/\/truusk.store\/sv\/#\/schema\/logo\/image\/"}}]}},"jetpack_sharing_enabled":true,"_links":{"self":[{"href":"https:\/\/truusk.store\/sv\/wp-json\/wp\/v2\/product\/19771","targetHints":{"allow":["GET"]}}],"collection":[{"href":"https:\/\/truusk.store\/sv\/wp-json\/wp\/v2\/product"}],"about":[{"href":"https:\/\/truusk.store\/sv\/wp-json\/wp\/v2\/types\/product"}],"wp:featuredmedia":[{"embeddable":true,"href":"https:\/\/truusk.store\/sv\/wp-json\/wp\/v2\/media\/19772"}],"wp:attachment":[{"href":"https:\/\/truusk.store\/sv\/wp-json\/wp\/v2\/media?parent=19771"}],"wp:term":[{"taxonomy":"product_brand","embeddable":true,"href":"https:\/\/truusk.store\/sv\/wp-json\/wp\/v2\/product_brand?post=19771"},{"taxonomy":"product_cat","embeddable":true,"href":"https:\/\/truusk.store\/sv\/wp-json\/wp\/v2\/product_cat?post=19771"},{"taxonomy":"product_tag","embeddable":true,"href":"https:\/\/truusk.store\/sv\/wp-json\/wp\/v2\/product_tag?post=19771"}],"curies":[{"name":"wp","href":"https:\/\/api.w.org\/{rel}","templated":true}]}}