{"id":19790,"date":"2024-02-13T15:04:28","date_gmt":"2024-02-13T14:04:28","guid":{"rendered":"https:\/\/truusk.store\/product\/tradgardsbank-gungstol-bank-gungbank-tradgardsstol-med-bord-gungbank-2-sits\/"},"modified":"2026-03-12T09:02:21","modified_gmt":"2026-03-12T08:02:21","slug":"truusk-tradgardsbank-gungstol-med-bord-2-sits-tradgardsstol-gungbank-beige","status":"publish","type":"product","link":"https:\/\/truusk.store\/sv\/produkt\/truusk-tradgardsbank-gungstol-med-bord-2-sits-tradgardsstol-gungbank-beige\/","title":{"rendered":"TRUUSK Tr\u00e4dg\u00e5rdsb\u00e4nk Gungstol &#8211; Med Bord &#8211; 2-sits &#8211; Tr\u00e4dg\u00e5rdsstol &#8211; Gungb\u00e4nk &#8211; Beige"},"content":{"rendered":"<p>Denna moderna utomhusgungstol imponerar med rena linjer och en sofistikerad design. Ta plats med en annan person och l\u00e5t dagen avslutas f\u00f6rsiktigt med en stor kopp kaffe som du placerar bekv\u00e4mt p\u00e5 mittenhyllan. Stabil, l\u00e4ttsk\u00f6tt och v\u00e4derbest\u00e4ndig, denna gungb\u00e4nk kommer att l\u00e4gga till ett smakfullt blickf\u00e5ng och bekv\u00e4ma sittplatser till din tr\u00e4dg\u00e5rd.<\/p>\n<h3>Beskrivning:<\/h3>\n<ul>\n<li>Balkongstol i klassisk stil<\/li>\n<li>Litet glasbord<\/li>\n<li>Ergonomiskt utformad<\/li>\n<li>Stabil konstruktion<\/li>\n<li>Helt pulverlackerad metallram<\/li>\n<li>\u00d6verdrag av Textline: andas och l\u00e4tt att sk\u00f6ta<\/li>\n<li>V\u00e4derbest\u00e4ndig, h\u00e5llbar<\/li>\n<li>F\u00f6r 2 personer<\/li>\n<\/ul>\n<h3>Teknisk data:<\/h3>\n<ul>\n<li>Material: pulverlackerad metall och textlinje<\/li>\n<li>F\u00e4rg: Brun+Gr\u00e5<\/li>\n<li>Vikt: 20 kg<\/li>\n<li>Glasplatta: 5 mm<\/li>\n<li>Lastkapacitet per sittplats: ca 165 kg<\/li>\n<li>Totala m\u00e5tt: ca 147L x 78W x 101,5H cm<\/li>\n<li>Sittdjup: 51,5 cm<\/li>\n<li>Sitth\u00f6jd: 36 cm<\/li>\n<li>Sitsbredd: 54 cm<\/li>\n<li>Ryggst\u00f6dsm\u00e5tt: 54W x 63H cm<\/li>\n<\/ul>\n<h3>Leveransens omfattning:<\/h3>\n<ul>\n<li>1 x gungb\u00e4nk &amp;nbsp<\/li>\n<\/ul>\n","protected":false},"excerpt":{"rendered":"<p>Denna moderna utomhusgungstol imponerar med rena linjer och en sofistikerad design. Ta plats med en annan person och l\u00e5t dagen&#8230;<\/p>\n","protected":false},"featured_media":19791,"template":"","meta":[],"product_brand":[],"product_cat":[435,450,452],"product_tag":[],"class_list":{"0":"post-19790","1":"product","2":"type-product","3":"status-publish","4":"has-post-thumbnail","6":"product_cat-tradgard-och-terrass","7":"product_cat-tradgardsmobler","8":"product_cat-tradgardsstolar","10":"first","11":"instock","12":"sale","13":"taxable","14":"shipping-taxable","15":"purchasable","16":"product-type-simple"},"yoast_head":"<!-- This site is optimized with the Yoast SEO plugin v25.4 - https:\/\/yoast.com\/wordpress\/plugins\/seo\/ -->\n<title>TRUUSK Tr\u00e4dg\u00e5rdsb\u00e4nk Gungstol - Med Bord - 2-sits - Tr\u00e4dg\u00e5rdsstol - Gungb\u00e4nk - Beige - TRUUSK - Hem, Tr\u00e4dg\u00e5rd &amp; Fritid<\/title>\n<meta name=\"robots\" content=\"index, follow, max-snippet:-1, max-image-preview:large, max-video-preview:-1\" \/>\n<link rel=\"canonical\" href=\"https:\/\/truusk.store\/sv\/produkt\/truusk-tradgardsbank-gungstol-med-bord-2-sits-tradgardsstol-gungbank-beige\/\" \/>\n<meta property=\"og:locale\" content=\"sv_SE\" \/>\n<meta property=\"og:type\" content=\"article\" \/>\n<meta property=\"og:title\" content=\"TRUUSK Tr\u00e4dg\u00e5rdsb\u00e4nk Gungstol - Med Bord - 2-sits - Tr\u00e4dg\u00e5rdsstol - Gungb\u00e4nk - Beige - TRUUSK - Hem, Tr\u00e4dg\u00e5rd &amp; Fritid\" \/>\n<meta property=\"og:description\" content=\"Denna moderna utomhusgungstol imponerar med rena linjer och en sofistikerad design. Ta plats med en annan person och l\u00e5t dagen...\" \/>\n<meta property=\"og:url\" content=\"https:\/\/truusk.store\/sv\/produkt\/truusk-tradgardsbank-gungstol-med-bord-2-sits-tradgardsstol-gungbank-beige\/\" \/>\n<meta property=\"og:site_name\" content=\"TRUUSK - Hem, Tr\u00e4dg\u00e5rd &amp; Fritid\" \/>\n<meta property=\"article:modified_time\" content=\"2026-03-12T08:02:21+00:00\" \/>\n<meta property=\"og:image\" content=\"https:\/\/i0.wp.com\/truusk.se\/wp-content\/uploads\/2024\/02\/tradgardsbank-gungstol-bank-gungbank-tradgardsstol-med-bord-gungbank-2-sits.webp?fit=800%2C800&ssl=1\" \/>\n\t<meta property=\"og:image:width\" content=\"800\" \/>\n\t<meta property=\"og:image:height\" content=\"800\" \/>\n\t<meta property=\"og:image:type\" content=\"image\/webp\" \/>\n<meta name=\"twitter:card\" content=\"summary_large_image\" \/>\n<meta name=\"twitter:label1\" content=\"Ber\u00e4knad l\u00e4stid\" \/>\n\t<meta name=\"twitter:data1\" content=\"1 minut\" \/>\n<!-- \/ Yoast SEO plugin. -->","yoast_head_json":{"title":"TRUUSK Tr\u00e4dg\u00e5rdsb\u00e4nk Gungstol - Med Bord - 2-sits - Tr\u00e4dg\u00e5rdsstol - Gungb\u00e4nk - Beige - TRUUSK - Hem, Tr\u00e4dg\u00e5rd &amp; Fritid","robots":{"index":"index","follow":"follow","max-snippet":"max-snippet:-1","max-image-preview":"max-image-preview:large","max-video-preview":"max-video-preview:-1"},"canonical":"https:\/\/truusk.store\/sv\/produkt\/truusk-tradgardsbank-gungstol-med-bord-2-sits-tradgardsstol-gungbank-beige\/","og_locale":"sv_SE","og_type":"article","og_title":"TRUUSK Tr\u00e4dg\u00e5rdsb\u00e4nk Gungstol - Med Bord - 2-sits - Tr\u00e4dg\u00e5rdsstol - Gungb\u00e4nk - Beige - TRUUSK - Hem, Tr\u00e4dg\u00e5rd &amp; Fritid","og_description":"Denna moderna utomhusgungstol imponerar med rena linjer och en sofistikerad design. Ta plats med en annan person och l\u00e5t dagen...","og_url":"https:\/\/truusk.store\/sv\/produkt\/truusk-tradgardsbank-gungstol-med-bord-2-sits-tradgardsstol-gungbank-beige\/","og_site_name":"TRUUSK - Hem, Tr\u00e4dg\u00e5rd &amp; Fritid","article_modified_time":"2026-03-12T08:02:21+00:00","og_image":[{"width":800,"height":800,"url":"https:\/\/i0.wp.com\/truusk.se\/wp-content\/uploads\/2024\/02\/tradgardsbank-gungstol-bank-gungbank-tradgardsstol-med-bord-gungbank-2-sits.webp?fit=800%2C800&ssl=1","type":"image\/webp"}],"twitter_card":"summary_large_image","twitter_misc":{"Ber\u00e4knad l\u00e4stid":"1 minut"},"schema":{"@context":"https:\/\/schema.org","@graph":[{"@type":"WebPage","@id":"https:\/\/truusk.store\/sv\/produkt\/truusk-tradgardsbank-gungstol-med-bord-2-sits-tradgardsstol-gungbank-beige\/","url":"https:\/\/truusk.store\/sv\/produkt\/truusk-tradgardsbank-gungstol-med-bord-2-sits-tradgardsstol-gungbank-beige\/","name":"TRUUSK Tr\u00e4dg\u00e5rdsb\u00e4nk Gungstol - Med Bord - 2-sits - Tr\u00e4dg\u00e5rdsstol - Gungb\u00e4nk - Beige - TRUUSK - Hem, Tr\u00e4dg\u00e5rd &amp; Fritid","isPartOf":{"@id":"https:\/\/truusk.store\/sv\/#website"},"primaryImageOfPage":{"@id":"https:\/\/truusk.store\/sv\/produkt\/truusk-tradgardsbank-gungstol-med-bord-2-sits-tradgardsstol-gungbank-beige\/#primaryimage"},"image":{"@id":"https:\/\/truusk.store\/sv\/produkt\/truusk-tradgardsbank-gungstol-med-bord-2-sits-tradgardsstol-gungbank-beige\/#primaryimage"},"thumbnailUrl":"https:\/\/i0.wp.com\/truusk.store\/wp-content\/uploads\/2024\/02\/tradgardsbank-gungstol-bank-gungbank-tradgardsstol-med-bord-gungbank-2-sits.webp?fit=800%2C800&ssl=1","datePublished":"2024-02-13T14:04:28+00:00","dateModified":"2026-03-12T08:02:21+00:00","breadcrumb":{"@id":"https:\/\/truusk.store\/sv\/produkt\/truusk-tradgardsbank-gungstol-med-bord-2-sits-tradgardsstol-gungbank-beige\/#breadcrumb"},"inLanguage":"sv-SE","potentialAction":[{"@type":"ReadAction","target":["https:\/\/truusk.store\/sv\/produkt\/truusk-tradgardsbank-gungstol-med-bord-2-sits-tradgardsstol-gungbank-beige\/"]}]},{"@type":"ImageObject","inLanguage":"sv-SE","@id":"https:\/\/truusk.store\/sv\/produkt\/truusk-tradgardsbank-gungstol-med-bord-2-sits-tradgardsstol-gungbank-beige\/#primaryimage","url":"https:\/\/i0.wp.com\/truusk.store\/wp-content\/uploads\/2024\/02\/tradgardsbank-gungstol-bank-gungbank-tradgardsstol-med-bord-gungbank-2-sits.webp?fit=800%2C800&ssl=1","contentUrl":"https:\/\/i0.wp.com\/truusk.store\/wp-content\/uploads\/2024\/02\/tradgardsbank-gungstol-bank-gungbank-tradgardsstol-med-bord-gungbank-2-sits.webp?fit=800%2C800&ssl=1","width":800,"height":800,"caption":"Tr\u00e4dg\u00e5rdsb\u00e4nk Gungstol B\u00e4nk Gungb\u00e4nk Tr\u00e4dg\u00e5rdsstol Med Bord Gungb\u00e4nk 2-sits 1"},{"@type":"BreadcrumbList","@id":"https:\/\/truusk.store\/sv\/produkt\/truusk-tradgardsbank-gungstol-med-bord-2-sits-tradgardsstol-gungbank-beige\/#breadcrumb","itemListElement":[{"@type":"ListItem","position":1,"name":"Home","item":"https:\/\/truusk.store\/sv\/"},{"@type":"ListItem","position":2,"name":"Shop","item":"https:\/\/truusk.store\/shop\/"},{"@type":"ListItem","position":3,"name":"TRUUSK Tr\u00e4dg\u00e5rdsb\u00e4nk Gungstol &#8211; Med Bord &#8211; 2-sits &#8211; Tr\u00e4dg\u00e5rdsstol &#8211; Gungb\u00e4nk &#8211; Beige"}]},{"@type":"WebSite","@id":"https:\/\/truusk.store\/sv\/#website","url":"https:\/\/truusk.store\/sv\/","name":"TRUUSK - Hem, Tr\u00e4dg\u00e5rd & Fritid","description":"","publisher":{"@id":"https:\/\/truusk.store\/sv\/#organization"},"potentialAction":[{"@type":"SearchAction","target":{"@type":"EntryPoint","urlTemplate":"https:\/\/truusk.store\/sv\/?s={search_term_string}"},"query-input":{"@type":"PropertyValueSpecification","valueRequired":true,"valueName":"search_term_string"}}],"inLanguage":"sv-SE"},{"@type":"Organization","@id":"https:\/\/truusk.store\/sv\/#organization","name":"TRUUSK - Hem, Tr\u00e4dg\u00e5rd & Fritid","url":"https:\/\/truusk.store\/sv\/","logo":{"@type":"ImageObject","inLanguage":"sv-SE","@id":"https:\/\/truusk.store\/sv\/#\/schema\/logo\/image\/","url":"https:\/\/i0.wp.com\/truusk.store\/wp-content\/uploads\/2026\/03\/cropped-TRUUSK.png?fit=2032%2C917&ssl=1","contentUrl":"https:\/\/i0.wp.com\/truusk.store\/wp-content\/uploads\/2026\/03\/cropped-TRUUSK.png?fit=2032%2C917&ssl=1","width":2032,"height":917,"caption":"TRUUSK - Hem, Tr\u00e4dg\u00e5rd & Fritid"},"image":{"@id":"https:\/\/truusk.store\/sv\/#\/schema\/logo\/image\/"}}]}},"jetpack_sharing_enabled":true,"_links":{"self":[{"href":"https:\/\/truusk.store\/sv\/wp-json\/wp\/v2\/product\/19790","targetHints":{"allow":["GET"]}}],"collection":[{"href":"https:\/\/truusk.store\/sv\/wp-json\/wp\/v2\/product"}],"about":[{"href":"https:\/\/truusk.store\/sv\/wp-json\/wp\/v2\/types\/product"}],"wp:featuredmedia":[{"embeddable":true,"href":"https:\/\/truusk.store\/sv\/wp-json\/wp\/v2\/media\/19791"}],"wp:attachment":[{"href":"https:\/\/truusk.store\/sv\/wp-json\/wp\/v2\/media?parent=19790"}],"wp:term":[{"taxonomy":"product_brand","embeddable":true,"href":"https:\/\/truusk.store\/sv\/wp-json\/wp\/v2\/product_brand?post=19790"},{"taxonomy":"product_cat","embeddable":true,"href":"https:\/\/truusk.store\/sv\/wp-json\/wp\/v2\/product_cat?post=19790"},{"taxonomy":"product_tag","embeddable":true,"href":"https:\/\/truusk.store\/sv\/wp-json\/wp\/v2\/product_tag?post=19790"}],"curies":[{"name":"wp","href":"https:\/\/api.w.org\/{rel}","templated":true}]}}