{"id":19856,"date":"2024-02-13T15:06:31","date_gmt":"2024-02-13T14:06:31","guid":{"rendered":"https:\/\/truusk.store\/product\/parasollstall-paraplystall-paraplyhallare-paraplybas-13-kg-stativ-paraply-35-38-48-mm-metall-cement-svart-40-x-40-x-43-cm\/"},"modified":"2026-03-12T09:02:22","modified_gmt":"2026-03-12T08:02:22","slug":"truusk-parasollstall-paraplystall-metall-cement-svart-40-x-40-x-43-cm-for-paraplyer-35-38-48-mm-13-kg","status":"publish","type":"product","link":"https:\/\/truusk.store\/sv\/produkt\/truusk-parasollstall-paraplystall-metall-cement-svart-40-x-40-x-43-cm-for-paraplyer-35-38-48-mm-13-kg\/","title":{"rendered":"TRUUSK Parasollst\u00e4ll Paraplyst\u00e4ll &#8211; Metall + Cement &#8211; Svart &#8211; 40 x 40 x 43 cm &#8211; F\u00f6r Paraplyer 35\/38\/48 mm &#8211; 13 kg"},"content":{"rendered":"<p>V\u00e5rt vackra parasollst\u00e4ll \u00e4r l\u00e4mpligt f\u00f6r medelstora paraplyer i olika utf\u00f6randen. Tre adapterhylsor ing\u00e5r i leveransen och g\u00f6r stativet m\u00e5ngsidigt. Metallbel\u00e4ggningen i enkel svart g\u00f6r denna praktiska parasollbas l\u00e4mplig f\u00f6r alla inredningar. Paraplyst\u00e5ngen h\u00e5lls av ett st\u00e5lr\u00f6r som \u00e4r ordentligt f\u00f6rankrat i den tunga cementk\u00e4rnan. Med sin vikt p\u00e5 13 kilo \u00e4r paraplybasen stabil och \u00e4nd\u00e5 l\u00e4tt att flytta. Perfekt f\u00f6r ditt parasoll!<\/p>\n<h3>Beskrivning:<\/h3>\n<ul>\n<li>H\u00f6gkvalitativ parasollfot med fyrkantig fot<\/li>\n<li>Robust metalljacka med cementfyllning<\/li>\n<li>Starkt metallr\u00f6r f\u00f6r att h\u00e5lla paraplyst\u00e5ngen<\/li>\n<li>Inkl 3 adapterhylsor, l\u00e4mplig f\u00f6r paraplystolpar med 35 mm\/38 mm\/48 mm<\/li>\n<li>Enkel konstruktion<\/li>\n<\/ul>\n<h3>Teknisk data:<\/h3>\n<ul>\n<li>Material: cement, metall<\/li>\n<li>Svart f\u00e4rg<\/li>\n<li>Vikt: 13 kg<\/li>\n<li>\u00d6vergripande m\u00e5tt: L40 x B40 x H43 cm<\/li>\n<li>M\u00e5tt st\u00e5lr\u00f6r: 5,6 x H35 cm<\/li>\n<\/ul>\n<h3>Leveransens omfattning:<\/h3>\n<ul>\n<li>1 x Parasollst\u00e4ll<\/li>\n<li>3 x adapterhylsa<\/li>\n<li>1 x monteringsanvisning<\/li>\n<\/ul>\n","protected":false},"excerpt":{"rendered":"<p>V\u00e5rt vackra parasollst\u00e4ll \u00e4r l\u00e4mpligt f\u00f6r medelstora paraplyer i olika utf\u00f6randen. Tre adapterhylsor ing\u00e5r i leveransen och g\u00f6r stativet m\u00e5ngsidigt&#8230;.<\/p>\n","protected":false},"featured_media":19857,"template":"","meta":[],"product_brand":[],"product_cat":[723,472,471,435],"product_tag":[],"class_list":{"0":"post-19856","1":"product","2":"type-product","3":"status-publish","4":"has-post-thumbnail","6":"product_cat-paraplystall","7":"product_cat-parasoller","8":"product_cat-solskydd-integritetsskydd","9":"product_cat-tradgard-och-terrass","11":"first","12":"instock","13":"sale","14":"taxable","15":"shipping-taxable","16":"purchasable","17":"product-type-simple"},"yoast_head":"<!-- This site is optimized with the Yoast SEO plugin v25.4 - https:\/\/yoast.com\/wordpress\/plugins\/seo\/ -->\n<title>TRUUSK Parasollst\u00e4ll Paraplyst\u00e4ll - Metall + Cement - Svart - 40 x 40 x 43 cm - F\u00f6r Paraplyer 35\/38\/48 mm - 13 kg - TRUUSK - Hem, Tr\u00e4dg\u00e5rd &amp; Fritid<\/title>\n<meta name=\"robots\" content=\"index, follow, max-snippet:-1, max-image-preview:large, max-video-preview:-1\" \/>\n<link rel=\"canonical\" href=\"https:\/\/truusk.store\/sv\/produkt\/truusk-parasollstall-paraplystall-metall-cement-svart-40-x-40-x-43-cm-for-paraplyer-35-38-48-mm-13-kg\/\" \/>\n<meta property=\"og:locale\" content=\"sv_SE\" \/>\n<meta property=\"og:type\" content=\"article\" \/>\n<meta property=\"og:title\" content=\"TRUUSK Parasollst\u00e4ll Paraplyst\u00e4ll - Metall + Cement - Svart - 40 x 40 x 43 cm - F\u00f6r Paraplyer 35\/38\/48 mm - 13 kg - TRUUSK - Hem, Tr\u00e4dg\u00e5rd &amp; Fritid\" \/>\n<meta property=\"og:description\" content=\"V\u00e5rt vackra parasollst\u00e4ll \u00e4r l\u00e4mpligt f\u00f6r medelstora paraplyer i olika utf\u00f6randen. Tre adapterhylsor ing\u00e5r i leveransen och g\u00f6r stativet m\u00e5ngsidigt....\" \/>\n<meta property=\"og:url\" content=\"https:\/\/truusk.store\/sv\/produkt\/truusk-parasollstall-paraplystall-metall-cement-svart-40-x-40-x-43-cm-for-paraplyer-35-38-48-mm-13-kg\/\" \/>\n<meta property=\"og:site_name\" content=\"TRUUSK - Hem, Tr\u00e4dg\u00e5rd &amp; Fritid\" \/>\n<meta property=\"article:modified_time\" content=\"2026-03-12T08:02:22+00:00\" \/>\n<meta property=\"og:image\" content=\"https:\/\/i0.wp.com\/truusk.se\/wp-content\/uploads\/2024\/02\/parasollstall-paraplystall-paraplyhallare-paraplybas-13-kg-stativ-paraply-35-38-48-mm-metall-cement-svart-40-x-40-x-43-cm.webp?fit=800%2C800&ssl=1\" \/>\n\t<meta property=\"og:image:width\" content=\"800\" \/>\n\t<meta property=\"og:image:height\" content=\"800\" \/>\n\t<meta property=\"og:image:type\" content=\"image\/webp\" \/>\n<meta name=\"twitter:card\" content=\"summary_large_image\" \/>\n<meta name=\"twitter:label1\" content=\"Ber\u00e4knad l\u00e4stid\" \/>\n\t<meta name=\"twitter:data1\" content=\"1 minut\" \/>\n<!-- \/ Yoast SEO plugin. -->","yoast_head_json":{"title":"TRUUSK Parasollst\u00e4ll Paraplyst\u00e4ll - Metall + Cement - Svart - 40 x 40 x 43 cm - F\u00f6r Paraplyer 35\/38\/48 mm - 13 kg - TRUUSK - Hem, Tr\u00e4dg\u00e5rd &amp; Fritid","robots":{"index":"index","follow":"follow","max-snippet":"max-snippet:-1","max-image-preview":"max-image-preview:large","max-video-preview":"max-video-preview:-1"},"canonical":"https:\/\/truusk.store\/sv\/produkt\/truusk-parasollstall-paraplystall-metall-cement-svart-40-x-40-x-43-cm-for-paraplyer-35-38-48-mm-13-kg\/","og_locale":"sv_SE","og_type":"article","og_title":"TRUUSK Parasollst\u00e4ll Paraplyst\u00e4ll - Metall + Cement - Svart - 40 x 40 x 43 cm - F\u00f6r Paraplyer 35\/38\/48 mm - 13 kg - TRUUSK - Hem, Tr\u00e4dg\u00e5rd &amp; Fritid","og_description":"V\u00e5rt vackra parasollst\u00e4ll \u00e4r l\u00e4mpligt f\u00f6r medelstora paraplyer i olika utf\u00f6randen. Tre adapterhylsor ing\u00e5r i leveransen och g\u00f6r stativet m\u00e5ngsidigt....","og_url":"https:\/\/truusk.store\/sv\/produkt\/truusk-parasollstall-paraplystall-metall-cement-svart-40-x-40-x-43-cm-for-paraplyer-35-38-48-mm-13-kg\/","og_site_name":"TRUUSK - Hem, Tr\u00e4dg\u00e5rd &amp; Fritid","article_modified_time":"2026-03-12T08:02:22+00:00","og_image":[{"width":800,"height":800,"url":"https:\/\/i0.wp.com\/truusk.se\/wp-content\/uploads\/2024\/02\/parasollstall-paraplystall-paraplyhallare-paraplybas-13-kg-stativ-paraply-35-38-48-mm-metall-cement-svart-40-x-40-x-43-cm.webp?fit=800%2C800&ssl=1","type":"image\/webp"}],"twitter_card":"summary_large_image","twitter_misc":{"Ber\u00e4knad l\u00e4stid":"1 minut"},"schema":{"@context":"https:\/\/schema.org","@graph":[{"@type":"WebPage","@id":"https:\/\/truusk.store\/sv\/produkt\/truusk-parasollstall-paraplystall-metall-cement-svart-40-x-40-x-43-cm-for-paraplyer-35-38-48-mm-13-kg\/","url":"https:\/\/truusk.store\/sv\/produkt\/truusk-parasollstall-paraplystall-metall-cement-svart-40-x-40-x-43-cm-for-paraplyer-35-38-48-mm-13-kg\/","name":"TRUUSK Parasollst\u00e4ll Paraplyst\u00e4ll - Metall + Cement - Svart - 40 x 40 x 43 cm - F\u00f6r Paraplyer 35\/38\/48 mm - 13 kg - TRUUSK - Hem, Tr\u00e4dg\u00e5rd &amp; Fritid","isPartOf":{"@id":"https:\/\/truusk.store\/sv\/#website"},"primaryImageOfPage":{"@id":"https:\/\/truusk.store\/sv\/produkt\/truusk-parasollstall-paraplystall-metall-cement-svart-40-x-40-x-43-cm-for-paraplyer-35-38-48-mm-13-kg\/#primaryimage"},"image":{"@id":"https:\/\/truusk.store\/sv\/produkt\/truusk-parasollstall-paraplystall-metall-cement-svart-40-x-40-x-43-cm-for-paraplyer-35-38-48-mm-13-kg\/#primaryimage"},"thumbnailUrl":"https:\/\/i0.wp.com\/truusk.store\/wp-content\/uploads\/2024\/02\/parasollstall-paraplystall-paraplyhallare-paraplybas-13-kg-stativ-paraply-35-38-48-mm-metall-cement-svart-40-x-40-x-43-cm.webp?fit=800%2C800&ssl=1","datePublished":"2024-02-13T14:06:31+00:00","dateModified":"2026-03-12T08:02:22+00:00","breadcrumb":{"@id":"https:\/\/truusk.store\/sv\/produkt\/truusk-parasollstall-paraplystall-metall-cement-svart-40-x-40-x-43-cm-for-paraplyer-35-38-48-mm-13-kg\/#breadcrumb"},"inLanguage":"sv-SE","potentialAction":[{"@type":"ReadAction","target":["https:\/\/truusk.store\/sv\/produkt\/truusk-parasollstall-paraplystall-metall-cement-svart-40-x-40-x-43-cm-for-paraplyer-35-38-48-mm-13-kg\/"]}]},{"@type":"ImageObject","inLanguage":"sv-SE","@id":"https:\/\/truusk.store\/sv\/produkt\/truusk-parasollstall-paraplystall-metall-cement-svart-40-x-40-x-43-cm-for-paraplyer-35-38-48-mm-13-kg\/#primaryimage","url":"https:\/\/i0.wp.com\/truusk.store\/wp-content\/uploads\/2024\/02\/parasollstall-paraplystall-paraplyhallare-paraplybas-13-kg-stativ-paraply-35-38-48-mm-metall-cement-svart-40-x-40-x-43-cm.webp?fit=800%2C800&ssl=1","contentUrl":"https:\/\/i0.wp.com\/truusk.store\/wp-content\/uploads\/2024\/02\/parasollstall-paraplystall-paraplyhallare-paraplybas-13-kg-stativ-paraply-35-38-48-mm-metall-cement-svart-40-x-40-x-43-cm.webp?fit=800%2C800&ssl=1","width":800,"height":800,"caption":"Parasollst\u00e4ll Paraplyst\u00e4ll Paraplyh\u00e5llare Paraplybas 13 Kg Stativ Paraply 35\/38\/48 Mm Metall + Cement Svart 40 X 40 X 43 Cm 1"},{"@type":"BreadcrumbList","@id":"https:\/\/truusk.store\/sv\/produkt\/truusk-parasollstall-paraplystall-metall-cement-svart-40-x-40-x-43-cm-for-paraplyer-35-38-48-mm-13-kg\/#breadcrumb","itemListElement":[{"@type":"ListItem","position":1,"name":"Home","item":"https:\/\/truusk.store\/sv\/"},{"@type":"ListItem","position":2,"name":"Shop","item":"https:\/\/truusk.store\/shop\/"},{"@type":"ListItem","position":3,"name":"TRUUSK Parasollst\u00e4ll Paraplyst\u00e4ll &#8211; Metall + Cement &#8211; Svart &#8211; 40 x 40 x 43 cm &#8211; F\u00f6r Paraplyer 35\/38\/48 mm &#8211; 13 kg"}]},{"@type":"WebSite","@id":"https:\/\/truusk.store\/sv\/#website","url":"https:\/\/truusk.store\/sv\/","name":"TRUUSK - Hem, Tr\u00e4dg\u00e5rd & Fritid","description":"","publisher":{"@id":"https:\/\/truusk.store\/sv\/#organization"},"potentialAction":[{"@type":"SearchAction","target":{"@type":"EntryPoint","urlTemplate":"https:\/\/truusk.store\/sv\/?s={search_term_string}"},"query-input":{"@type":"PropertyValueSpecification","valueRequired":true,"valueName":"search_term_string"}}],"inLanguage":"sv-SE"},{"@type":"Organization","@id":"https:\/\/truusk.store\/sv\/#organization","name":"TRUUSK - Hem, Tr\u00e4dg\u00e5rd & Fritid","url":"https:\/\/truusk.store\/sv\/","logo":{"@type":"ImageObject","inLanguage":"sv-SE","@id":"https:\/\/truusk.store\/sv\/#\/schema\/logo\/image\/","url":"https:\/\/i0.wp.com\/truusk.store\/wp-content\/uploads\/2026\/03\/cropped-TRUUSK.png?fit=2032%2C917&ssl=1","contentUrl":"https:\/\/i0.wp.com\/truusk.store\/wp-content\/uploads\/2026\/03\/cropped-TRUUSK.png?fit=2032%2C917&ssl=1","width":2032,"height":917,"caption":"TRUUSK - Hem, Tr\u00e4dg\u00e5rd & Fritid"},"image":{"@id":"https:\/\/truusk.store\/sv\/#\/schema\/logo\/image\/"}}]}},"jetpack_sharing_enabled":true,"_links":{"self":[{"href":"https:\/\/truusk.store\/sv\/wp-json\/wp\/v2\/product\/19856","targetHints":{"allow":["GET"]}}],"collection":[{"href":"https:\/\/truusk.store\/sv\/wp-json\/wp\/v2\/product"}],"about":[{"href":"https:\/\/truusk.store\/sv\/wp-json\/wp\/v2\/types\/product"}],"wp:featuredmedia":[{"embeddable":true,"href":"https:\/\/truusk.store\/sv\/wp-json\/wp\/v2\/media\/19857"}],"wp:attachment":[{"href":"https:\/\/truusk.store\/sv\/wp-json\/wp\/v2\/media?parent=19856"}],"wp:term":[{"taxonomy":"product_brand","embeddable":true,"href":"https:\/\/truusk.store\/sv\/wp-json\/wp\/v2\/product_brand?post=19856"},{"taxonomy":"product_cat","embeddable":true,"href":"https:\/\/truusk.store\/sv\/wp-json\/wp\/v2\/product_cat?post=19856"},{"taxonomy":"product_tag","embeddable":true,"href":"https:\/\/truusk.store\/sv\/wp-json\/wp\/v2\/product_tag?post=19856"}],"curies":[{"name":"wp","href":"https:\/\/api.w.org\/{rel}","templated":true}]}}