{"id":19866,"date":"2024-02-13T15:06:47","date_gmt":"2024-02-13T14:06:47","guid":{"rendered":"https:\/\/truusk.store\/product\/set-med-2-barstolar-inklusive-baser-massivt-tra-55-cm-x-48-cm-x-100-cm-gra-natur\/"},"modified":"2026-03-12T09:02:22","modified_gmt":"2026-03-12T08:02:22","slug":"truusk-set-med-2-barstolar-massivt-tra-inklusive-baser-55-cm-x-48-cm-x-100-cm-gra-natur","status":"publish","type":"product","link":"https:\/\/truusk.store\/sv\/produkt\/truusk-set-med-2-barstolar-massivt-tra-inklusive-baser-55-cm-x-48-cm-x-100-cm-gra-natur\/","title":{"rendered":"TRUUSK Set med 2 Barstolar &#8211; Massivt Tr\u00e4 &#8211; Inklusive Baser &#8211; 55 cm x 48 cm x 100 cm &#8211; Gr\u00e5 &amp; Natur"},"content":{"rendered":"<p>Ta in elegansen hos moderna m\u00f6bler i ditt hem med denna upps\u00e4ttning med 2 barstolar. Den breda sitsen och den tjocka stoppningen s\u00e4kerst\u00e4ller mycket komfort n\u00e4r du sitter. Den vadderade kudden, ryggst\u00f6det och armst\u00f6den ger extra komfort, samtidigt som det andningsbara tyg\u00f6verdraget \u00e4r l\u00e4tt att reng\u00f6ra. Dessa barstolar ser inte bara bra ut, utan \u00e4r ocks\u00e5 v\u00e4ldigt bekv\u00e4ma.<\/p>\n<h3>Beskrivning:<\/h3>\n<ul>\n<li>Set med 2 barstolar i modern design som passar alla interi\u00f6rer<\/li>\n<li>Rej\u00e4la, h\u00f6ga och stabila tr\u00e4ben<\/li>\n<li>Bred sittgrupp med kuddar, ryggst\u00f6d och armst\u00f6d<\/li>\n<li>Bekv\u00e4m och andningsbar tygstoppning, l\u00e4tt att reng\u00f6ra<\/li>\n<li>Inkluderar ett fotst\u00f6d<\/li>\n<li>Montering kr\u00e4vs<\/li>\n<\/ul>\n<h3>Teknisk data:<\/h3>\n<ul>\n<li>F\u00e4rg gr\u00e5<\/li>\n<li>Material: ben av boktr\u00e4, metall, skum, linne (100% polyester)<\/li>\n<li>\u00d6vergripande m\u00e5tt: 55L x 48W x 100H cm<\/li>\n<li>Sitsstorlek: 39W x 37D x 80H cm<\/li>\n<li>Sitth\u00f6jd fr\u00e5n marken: 80 cm<\/li>\n<li>Kuddens tjocklek: 6 cm<\/li>\n<li>Viktkapacitet: 120 kg<\/li>\n<\/ul>\n<h3>Leveransens omfattning:<\/h3>\n<ul>\n<li>2 x barstolar<\/li>\n<li>1 x manuell<\/li>\n<\/ul>\n","protected":false},"excerpt":{"rendered":"<p>Ta in elegansen hos moderna m\u00f6bler i ditt hem med denna upps\u00e4ttning med 2 barstolar. Den breda sitsen och den&#8230;<\/p>\n","protected":false},"featured_media":19867,"template":"","meta":[],"product_brand":[],"product_cat":[544,485,542],"product_tag":[],"class_list":{"0":"post-19866","1":"product","2":"type-product","3":"status-publish","4":"has-post-thumbnail","6":"product_cat-barstol","7":"product_cat-hus-bo","8":"product_cat-pall","10":"first","11":"instock","12":"sale","13":"taxable","14":"shipping-taxable","15":"purchasable","16":"product-type-simple"},"yoast_head":"<!-- This site is optimized with the Yoast SEO plugin v25.4 - https:\/\/yoast.com\/wordpress\/plugins\/seo\/ -->\n<title>TRUUSK Set med 2 Barstolar - Massivt Tr\u00e4 - Inklusive Baser - 55 cm x 48 cm x 100 cm - Gr\u00e5 &amp; Natur - TRUUSK - Hem, Tr\u00e4dg\u00e5rd &amp; Fritid<\/title>\n<meta name=\"robots\" content=\"index, follow, max-snippet:-1, max-image-preview:large, max-video-preview:-1\" \/>\n<link rel=\"canonical\" href=\"https:\/\/truusk.store\/sv\/produkt\/truusk-set-med-2-barstolar-massivt-tra-inklusive-baser-55-cm-x-48-cm-x-100-cm-gra-natur\/\" \/>\n<meta property=\"og:locale\" content=\"sv_SE\" \/>\n<meta property=\"og:type\" content=\"article\" \/>\n<meta property=\"og:title\" content=\"TRUUSK Set med 2 Barstolar - Massivt Tr\u00e4 - Inklusive Baser - 55 cm x 48 cm x 100 cm - Gr\u00e5 &amp; Natur - TRUUSK - Hem, Tr\u00e4dg\u00e5rd &amp; Fritid\" \/>\n<meta property=\"og:description\" content=\"Ta in elegansen hos moderna m\u00f6bler i ditt hem med denna upps\u00e4ttning med 2 barstolar. Den breda sitsen och den...\" \/>\n<meta property=\"og:url\" content=\"https:\/\/truusk.store\/sv\/produkt\/truusk-set-med-2-barstolar-massivt-tra-inklusive-baser-55-cm-x-48-cm-x-100-cm-gra-natur\/\" \/>\n<meta property=\"og:site_name\" content=\"TRUUSK - Hem, Tr\u00e4dg\u00e5rd &amp; Fritid\" \/>\n<meta property=\"article:modified_time\" content=\"2026-03-12T08:02:22+00:00\" \/>\n<meta property=\"og:image\" content=\"https:\/\/i0.wp.com\/truusk.se\/wp-content\/uploads\/2024\/02\/set-med-2-barstolar-inklusive-baser-massivt-tra-55-cm-x-48-cm-x-100-cm-gra-natur.webp?fit=800%2C800&ssl=1\" \/>\n\t<meta property=\"og:image:width\" content=\"800\" \/>\n\t<meta property=\"og:image:height\" content=\"800\" \/>\n\t<meta property=\"og:image:type\" content=\"image\/webp\" \/>\n<meta name=\"twitter:card\" content=\"summary_large_image\" \/>\n<meta name=\"twitter:label1\" content=\"Ber\u00e4knad l\u00e4stid\" \/>\n\t<meta name=\"twitter:data1\" content=\"1 minut\" \/>\n<!-- \/ Yoast SEO plugin. -->","yoast_head_json":{"title":"TRUUSK Set med 2 Barstolar - Massivt Tr\u00e4 - Inklusive Baser - 55 cm x 48 cm x 100 cm - Gr\u00e5 &amp; Natur - TRUUSK - Hem, Tr\u00e4dg\u00e5rd &amp; Fritid","robots":{"index":"index","follow":"follow","max-snippet":"max-snippet:-1","max-image-preview":"max-image-preview:large","max-video-preview":"max-video-preview:-1"},"canonical":"https:\/\/truusk.store\/sv\/produkt\/truusk-set-med-2-barstolar-massivt-tra-inklusive-baser-55-cm-x-48-cm-x-100-cm-gra-natur\/","og_locale":"sv_SE","og_type":"article","og_title":"TRUUSK Set med 2 Barstolar - Massivt Tr\u00e4 - Inklusive Baser - 55 cm x 48 cm x 100 cm - Gr\u00e5 &amp; Natur - TRUUSK - Hem, Tr\u00e4dg\u00e5rd &amp; Fritid","og_description":"Ta in elegansen hos moderna m\u00f6bler i ditt hem med denna upps\u00e4ttning med 2 barstolar. Den breda sitsen och den...","og_url":"https:\/\/truusk.store\/sv\/produkt\/truusk-set-med-2-barstolar-massivt-tra-inklusive-baser-55-cm-x-48-cm-x-100-cm-gra-natur\/","og_site_name":"TRUUSK - Hem, Tr\u00e4dg\u00e5rd &amp; Fritid","article_modified_time":"2026-03-12T08:02:22+00:00","og_image":[{"width":800,"height":800,"url":"https:\/\/i0.wp.com\/truusk.se\/wp-content\/uploads\/2024\/02\/set-med-2-barstolar-inklusive-baser-massivt-tra-55-cm-x-48-cm-x-100-cm-gra-natur.webp?fit=800%2C800&ssl=1","type":"image\/webp"}],"twitter_card":"summary_large_image","twitter_misc":{"Ber\u00e4knad l\u00e4stid":"1 minut"},"schema":{"@context":"https:\/\/schema.org","@graph":[{"@type":"WebPage","@id":"https:\/\/truusk.store\/sv\/produkt\/truusk-set-med-2-barstolar-massivt-tra-inklusive-baser-55-cm-x-48-cm-x-100-cm-gra-natur\/","url":"https:\/\/truusk.store\/sv\/produkt\/truusk-set-med-2-barstolar-massivt-tra-inklusive-baser-55-cm-x-48-cm-x-100-cm-gra-natur\/","name":"TRUUSK Set med 2 Barstolar - Massivt Tr\u00e4 - Inklusive Baser - 55 cm x 48 cm x 100 cm - Gr\u00e5 &amp; Natur - TRUUSK - Hem, Tr\u00e4dg\u00e5rd &amp; Fritid","isPartOf":{"@id":"https:\/\/truusk.store\/sv\/#website"},"primaryImageOfPage":{"@id":"https:\/\/truusk.store\/sv\/produkt\/truusk-set-med-2-barstolar-massivt-tra-inklusive-baser-55-cm-x-48-cm-x-100-cm-gra-natur\/#primaryimage"},"image":{"@id":"https:\/\/truusk.store\/sv\/produkt\/truusk-set-med-2-barstolar-massivt-tra-inklusive-baser-55-cm-x-48-cm-x-100-cm-gra-natur\/#primaryimage"},"thumbnailUrl":"https:\/\/i0.wp.com\/truusk.store\/wp-content\/uploads\/2024\/02\/set-med-2-barstolar-inklusive-baser-massivt-tra-55-cm-x-48-cm-x-100-cm-gra-natur.webp?fit=800%2C800&ssl=1","datePublished":"2024-02-13T14:06:47+00:00","dateModified":"2026-03-12T08:02:22+00:00","breadcrumb":{"@id":"https:\/\/truusk.store\/sv\/produkt\/truusk-set-med-2-barstolar-massivt-tra-inklusive-baser-55-cm-x-48-cm-x-100-cm-gra-natur\/#breadcrumb"},"inLanguage":"sv-SE","potentialAction":[{"@type":"ReadAction","target":["https:\/\/truusk.store\/sv\/produkt\/truusk-set-med-2-barstolar-massivt-tra-inklusive-baser-55-cm-x-48-cm-x-100-cm-gra-natur\/"]}]},{"@type":"ImageObject","inLanguage":"sv-SE","@id":"https:\/\/truusk.store\/sv\/produkt\/truusk-set-med-2-barstolar-massivt-tra-inklusive-baser-55-cm-x-48-cm-x-100-cm-gra-natur\/#primaryimage","url":"https:\/\/i0.wp.com\/truusk.store\/wp-content\/uploads\/2024\/02\/set-med-2-barstolar-inklusive-baser-massivt-tra-55-cm-x-48-cm-x-100-cm-gra-natur.webp?fit=800%2C800&ssl=1","contentUrl":"https:\/\/i0.wp.com\/truusk.store\/wp-content\/uploads\/2024\/02\/set-med-2-barstolar-inklusive-baser-massivt-tra-55-cm-x-48-cm-x-100-cm-gra-natur.webp?fit=800%2C800&ssl=1","width":800,"height":800,"caption":"Set Med 2 Barstolar, Inklusive Baser, Massivt Tr\u00e4, 55 Cm X 48 Cm X 100 Cm, Gr\u00e5 + Natur 1"},{"@type":"BreadcrumbList","@id":"https:\/\/truusk.store\/sv\/produkt\/truusk-set-med-2-barstolar-massivt-tra-inklusive-baser-55-cm-x-48-cm-x-100-cm-gra-natur\/#breadcrumb","itemListElement":[{"@type":"ListItem","position":1,"name":"Home","item":"https:\/\/truusk.store\/sv\/"},{"@type":"ListItem","position":2,"name":"Shop","item":"https:\/\/truusk.store\/shop\/"},{"@type":"ListItem","position":3,"name":"TRUUSK Set med 2 Barstolar &#8211; Massivt Tr\u00e4 &#8211; Inklusive Baser &#8211; 55 cm x 48 cm x 100 cm &#8211; Gr\u00e5 &amp; Natur"}]},{"@type":"WebSite","@id":"https:\/\/truusk.store\/sv\/#website","url":"https:\/\/truusk.store\/sv\/","name":"TRUUSK - Hem, Tr\u00e4dg\u00e5rd & Fritid","description":"","publisher":{"@id":"https:\/\/truusk.store\/sv\/#organization"},"potentialAction":[{"@type":"SearchAction","target":{"@type":"EntryPoint","urlTemplate":"https:\/\/truusk.store\/sv\/?s={search_term_string}"},"query-input":{"@type":"PropertyValueSpecification","valueRequired":true,"valueName":"search_term_string"}}],"inLanguage":"sv-SE"},{"@type":"Organization","@id":"https:\/\/truusk.store\/sv\/#organization","name":"TRUUSK - Hem, Tr\u00e4dg\u00e5rd & Fritid","url":"https:\/\/truusk.store\/sv\/","logo":{"@type":"ImageObject","inLanguage":"sv-SE","@id":"https:\/\/truusk.store\/sv\/#\/schema\/logo\/image\/","url":"https:\/\/i0.wp.com\/truusk.store\/wp-content\/uploads\/2026\/03\/cropped-TRUUSK.png?fit=2032%2C917&ssl=1","contentUrl":"https:\/\/i0.wp.com\/truusk.store\/wp-content\/uploads\/2026\/03\/cropped-TRUUSK.png?fit=2032%2C917&ssl=1","width":2032,"height":917,"caption":"TRUUSK - Hem, Tr\u00e4dg\u00e5rd & Fritid"},"image":{"@id":"https:\/\/truusk.store\/sv\/#\/schema\/logo\/image\/"}}]}},"jetpack_sharing_enabled":true,"_links":{"self":[{"href":"https:\/\/truusk.store\/sv\/wp-json\/wp\/v2\/product\/19866","targetHints":{"allow":["GET"]}}],"collection":[{"href":"https:\/\/truusk.store\/sv\/wp-json\/wp\/v2\/product"}],"about":[{"href":"https:\/\/truusk.store\/sv\/wp-json\/wp\/v2\/types\/product"}],"wp:featuredmedia":[{"embeddable":true,"href":"https:\/\/truusk.store\/sv\/wp-json\/wp\/v2\/media\/19867"}],"wp:attachment":[{"href":"https:\/\/truusk.store\/sv\/wp-json\/wp\/v2\/media?parent=19866"}],"wp:term":[{"taxonomy":"product_brand","embeddable":true,"href":"https:\/\/truusk.store\/sv\/wp-json\/wp\/v2\/product_brand?post=19866"},{"taxonomy":"product_cat","embeddable":true,"href":"https:\/\/truusk.store\/sv\/wp-json\/wp\/v2\/product_cat?post=19866"},{"taxonomy":"product_tag","embeddable":true,"href":"https:\/\/truusk.store\/sv\/wp-json\/wp\/v2\/product_tag?post=19866"}],"curies":[{"name":"wp","href":"https:\/\/api.w.org\/{rel}","templated":true}]}}