{"id":19911,"date":"2024-02-13T15:08:05","date_gmt":"2024-02-13T14:08:05","guid":{"rendered":"https:\/\/truusk.store\/product\/konstgjorda-vaxter-120-cm-konstgjorda-palmer-konstgjorda-vaxt-konstgjorda-trad-konstgjorda-vaxter-i-kruka-krukvaxt-dekorativ-vaxt-kontorsvaxt-plastkruka-for-inomhus-och-utomhus\/"},"modified":"2026-03-12T09:02:22","modified_gmt":"2026-03-12T08:02:22","slug":"truusk-konstgjorda-vaxter-120-cm-konstgjorda-palmer-och-trad-dekorativ-plastkruka-for-inomhus-och-utomhus-kontorsvaxt","status":"publish","type":"product","link":"https:\/\/truusk.store\/sv\/produkt\/truusk-konstgjorda-vaxter-120-cm-konstgjorda-palmer-och-trad-dekorativ-plastkruka-for-inomhus-och-utomhus-kontorsvaxt\/","title":{"rendered":"TRUUSK Konstgjorda V\u00e4xter 120 cm &#8211; Konstgjorda Palmer och Tr\u00e4d &#8211; Dekorativ Plastkruka &#8211; F\u00f6r Inomhus och Utomhus &#8211; Kontorsv\u00e4xt &#8211;"},"content":{"rendered":"<p>Ta in tropikerna i ditt hem med denna konstgjorda palm med l\u00e5gt underh\u00e5ll! Denna konstgjorda v\u00e4xt \u00e4r gjord av h\u00f6gkvalitativ plast och g\u00e5r n\u00e4stan inte att skilja fr\u00e5n riktiga palmer tack vare den realistiska strukturen, f\u00e4rgen och hudk\u00e4nslan. Du beh\u00f6ver inte vattna eller besk\u00e4ra denna konstgjorda palm f\u00f6r att h\u00e5lla den snygg, gr\u00f6n och frisk \u00e5ret runt. G\u00f6r ditt hem, kontor eller tr\u00e4dg\u00e5rd till en liten tropisk \u00f6 med denna palm!<\/p>\n<h3>Beskrivning:<\/h3>\n<ul>\n<li>Palmtr\u00e4dslook med 19 flexibla blad f\u00f6r en tropisk atmosf\u00e4r<\/li>\n<li>L\u00e4mplig f\u00f6r hem, kontor, restaurang, hotell och mer<\/li>\n<li>Helt konstgjort, d.v.s. H. det ser bra ut \u00e5ret runt och kr\u00e4ver inget underh\u00e5ll<\/li>\n<li>Levereras med en cementfylld kruka f\u00f6r att s\u00e4kerst\u00e4lla att den st\u00e5r stadigt och uppr\u00e4tt<\/li>\n<li>Vibrerande gr\u00f6n och naturlig textur f\u00f6r ett s\u00e4rskilt realistiskt utseende och k\u00e4nsla<\/li>\n<\/ul>\n<h3>Teknisk data:<\/h3>\n<ul>\n<li>F\u00e4rg: gr\u00f6n<\/li>\n<li>Material: PE, PP, cement<\/li>\n<li>Totala m\u00e5tt: 16 x 120H cm<\/li>\n<li>Krukstorlek: 16 x 13H cm<\/li>\n<\/ul>\n<h3>Leveransens omfattning:<\/h3>\n<ul>\n<li>1 x konstgjord palm<\/li>\n<li>1 x Instruktioner<\/li>\n<\/ul>\n","protected":false},"excerpt":{"rendered":"<p>Ta in tropikerna i ditt hem med denna konstgjorda palm med l\u00e5gt underh\u00e5ll! Denna konstgjorda v\u00e4xt \u00e4r gjord av h\u00f6gkvalitativ&#8230;<\/p>\n","protected":false},"featured_media":19912,"template":"","meta":[],"product_brand":[],"product_cat":[671,681,672],"product_tag":[],"class_list":{"0":"post-19911","1":"product","2":"type-product","3":"status-publish","4":"has-post-thumbnail","6":"product_cat-jarnaffar","7":"product_cat-konstgjorda-vaxter","8":"product_cat-runt-huset","10":"first","11":"instock","12":"sale","13":"taxable","14":"shipping-taxable","15":"purchasable","16":"product-type-simple"},"yoast_head":"<!-- This site is optimized with the Yoast SEO plugin v25.4 - https:\/\/yoast.com\/wordpress\/plugins\/seo\/ -->\n<title>TRUUSK Konstgjorda V\u00e4xter 120 cm - Konstgjorda Palmer och Tr\u00e4d - Dekorativ Plastkruka - F\u00f6r Inomhus och Utomhus - Kontorsv\u00e4xt - TRUUSK - Hem, Tr\u00e4dg\u00e5rd &amp; Fritid<\/title>\n<meta name=\"robots\" content=\"index, follow, max-snippet:-1, max-image-preview:large, max-video-preview:-1\" \/>\n<link rel=\"canonical\" href=\"https:\/\/truusk.store\/sv\/produkt\/truusk-konstgjorda-vaxter-120-cm-konstgjorda-palmer-och-trad-dekorativ-plastkruka-for-inomhus-och-utomhus-kontorsvaxt\/\" \/>\n<meta property=\"og:locale\" content=\"sv_SE\" \/>\n<meta property=\"og:type\" content=\"article\" \/>\n<meta property=\"og:title\" content=\"TRUUSK Konstgjorda V\u00e4xter 120 cm - Konstgjorda Palmer och Tr\u00e4d - Dekorativ Plastkruka - F\u00f6r Inomhus och Utomhus - Kontorsv\u00e4xt - TRUUSK - Hem, Tr\u00e4dg\u00e5rd &amp; Fritid\" \/>\n<meta property=\"og:description\" content=\"Ta in tropikerna i ditt hem med denna konstgjorda palm med l\u00e5gt underh\u00e5ll! Denna konstgjorda v\u00e4xt \u00e4r gjord av h\u00f6gkvalitativ...\" \/>\n<meta property=\"og:url\" content=\"https:\/\/truusk.store\/sv\/produkt\/truusk-konstgjorda-vaxter-120-cm-konstgjorda-palmer-och-trad-dekorativ-plastkruka-for-inomhus-och-utomhus-kontorsvaxt\/\" \/>\n<meta property=\"og:site_name\" content=\"TRUUSK - Hem, Tr\u00e4dg\u00e5rd &amp; Fritid\" \/>\n<meta property=\"article:modified_time\" content=\"2026-03-12T08:02:22+00:00\" \/>\n<meta property=\"og:image\" content=\"https:\/\/i0.wp.com\/truusk.se\/wp-content\/uploads\/2024\/02\/konstgjorda-vaxter-120-cm-konstgjorda-palmer-konstgjorda-vaxt-konstgjorda-trad-konstgjorda-vaxter-i-kruka-krukvaxt-dekorativ-vaxt-kontorsvaxt-plastkruka-for-inomhus-och-utomhus.webp?fit=800%2C800&ssl=1\" \/>\n\t<meta property=\"og:image:width\" content=\"800\" \/>\n\t<meta property=\"og:image:height\" content=\"800\" \/>\n\t<meta property=\"og:image:type\" content=\"image\/webp\" \/>\n<meta name=\"twitter:card\" content=\"summary_large_image\" \/>\n<meta name=\"twitter:label1\" content=\"Ber\u00e4knad l\u00e4stid\" \/>\n\t<meta name=\"twitter:data1\" content=\"1 minut\" \/>\n<!-- \/ Yoast SEO plugin. -->","yoast_head_json":{"title":"TRUUSK Konstgjorda V\u00e4xter 120 cm - Konstgjorda Palmer och Tr\u00e4d - Dekorativ Plastkruka - F\u00f6r Inomhus och Utomhus - Kontorsv\u00e4xt - TRUUSK - Hem, Tr\u00e4dg\u00e5rd &amp; Fritid","robots":{"index":"index","follow":"follow","max-snippet":"max-snippet:-1","max-image-preview":"max-image-preview:large","max-video-preview":"max-video-preview:-1"},"canonical":"https:\/\/truusk.store\/sv\/produkt\/truusk-konstgjorda-vaxter-120-cm-konstgjorda-palmer-och-trad-dekorativ-plastkruka-for-inomhus-och-utomhus-kontorsvaxt\/","og_locale":"sv_SE","og_type":"article","og_title":"TRUUSK Konstgjorda V\u00e4xter 120 cm - Konstgjorda Palmer och Tr\u00e4d - Dekorativ Plastkruka - F\u00f6r Inomhus och Utomhus - Kontorsv\u00e4xt - TRUUSK - Hem, Tr\u00e4dg\u00e5rd &amp; Fritid","og_description":"Ta in tropikerna i ditt hem med denna konstgjorda palm med l\u00e5gt underh\u00e5ll! Denna konstgjorda v\u00e4xt \u00e4r gjord av h\u00f6gkvalitativ...","og_url":"https:\/\/truusk.store\/sv\/produkt\/truusk-konstgjorda-vaxter-120-cm-konstgjorda-palmer-och-trad-dekorativ-plastkruka-for-inomhus-och-utomhus-kontorsvaxt\/","og_site_name":"TRUUSK - Hem, Tr\u00e4dg\u00e5rd &amp; Fritid","article_modified_time":"2026-03-12T08:02:22+00:00","og_image":[{"width":800,"height":800,"url":"https:\/\/i0.wp.com\/truusk.se\/wp-content\/uploads\/2024\/02\/konstgjorda-vaxter-120-cm-konstgjorda-palmer-konstgjorda-vaxt-konstgjorda-trad-konstgjorda-vaxter-i-kruka-krukvaxt-dekorativ-vaxt-kontorsvaxt-plastkruka-for-inomhus-och-utomhus.webp?fit=800%2C800&ssl=1","type":"image\/webp"}],"twitter_card":"summary_large_image","twitter_misc":{"Ber\u00e4knad l\u00e4stid":"1 minut"},"schema":{"@context":"https:\/\/schema.org","@graph":[{"@type":"WebPage","@id":"https:\/\/truusk.store\/sv\/produkt\/truusk-konstgjorda-vaxter-120-cm-konstgjorda-palmer-och-trad-dekorativ-plastkruka-for-inomhus-och-utomhus-kontorsvaxt\/","url":"https:\/\/truusk.store\/sv\/produkt\/truusk-konstgjorda-vaxter-120-cm-konstgjorda-palmer-och-trad-dekorativ-plastkruka-for-inomhus-och-utomhus-kontorsvaxt\/","name":"TRUUSK Konstgjorda V\u00e4xter 120 cm - Konstgjorda Palmer och Tr\u00e4d - Dekorativ Plastkruka - F\u00f6r Inomhus och Utomhus - Kontorsv\u00e4xt - TRUUSK - Hem, Tr\u00e4dg\u00e5rd &amp; Fritid","isPartOf":{"@id":"https:\/\/truusk.store\/sv\/#website"},"primaryImageOfPage":{"@id":"https:\/\/truusk.store\/sv\/produkt\/truusk-konstgjorda-vaxter-120-cm-konstgjorda-palmer-och-trad-dekorativ-plastkruka-for-inomhus-och-utomhus-kontorsvaxt\/#primaryimage"},"image":{"@id":"https:\/\/truusk.store\/sv\/produkt\/truusk-konstgjorda-vaxter-120-cm-konstgjorda-palmer-och-trad-dekorativ-plastkruka-for-inomhus-och-utomhus-kontorsvaxt\/#primaryimage"},"thumbnailUrl":"https:\/\/i0.wp.com\/truusk.store\/wp-content\/uploads\/2024\/02\/konstgjorda-vaxter-120-cm-konstgjorda-palmer-konstgjorda-vaxt-konstgjorda-trad-konstgjorda-vaxter-i-kruka-krukvaxt-dekorativ-vaxt-kontorsvaxt-plastkruka-for-inomhus-och-utomhus.webp?fit=800%2C800&ssl=1","datePublished":"2024-02-13T14:08:05+00:00","dateModified":"2026-03-12T08:02:22+00:00","breadcrumb":{"@id":"https:\/\/truusk.store\/sv\/produkt\/truusk-konstgjorda-vaxter-120-cm-konstgjorda-palmer-och-trad-dekorativ-plastkruka-for-inomhus-och-utomhus-kontorsvaxt\/#breadcrumb"},"inLanguage":"sv-SE","potentialAction":[{"@type":"ReadAction","target":["https:\/\/truusk.store\/sv\/produkt\/truusk-konstgjorda-vaxter-120-cm-konstgjorda-palmer-och-trad-dekorativ-plastkruka-for-inomhus-och-utomhus-kontorsvaxt\/"]}]},{"@type":"ImageObject","inLanguage":"sv-SE","@id":"https:\/\/truusk.store\/sv\/produkt\/truusk-konstgjorda-vaxter-120-cm-konstgjorda-palmer-och-trad-dekorativ-plastkruka-for-inomhus-och-utomhus-kontorsvaxt\/#primaryimage","url":"https:\/\/i0.wp.com\/truusk.store\/wp-content\/uploads\/2024\/02\/konstgjorda-vaxter-120-cm-konstgjorda-palmer-konstgjorda-vaxt-konstgjorda-trad-konstgjorda-vaxter-i-kruka-krukvaxt-dekorativ-vaxt-kontorsvaxt-plastkruka-for-inomhus-och-utomhus.webp?fit=800%2C800&ssl=1","contentUrl":"https:\/\/i0.wp.com\/truusk.store\/wp-content\/uploads\/2024\/02\/konstgjorda-vaxter-120-cm-konstgjorda-palmer-konstgjorda-vaxt-konstgjorda-trad-konstgjorda-vaxter-i-kruka-krukvaxt-dekorativ-vaxt-kontorsvaxt-plastkruka-for-inomhus-och-utomhus.webp?fit=800%2C800&ssl=1","width":800,"height":800,"caption":"Konstgjorda V\u00e4xter 120 Cm Konstgjorda Palmer Konstgjorda V\u00e4xt Konstgjorda Tr\u00e4d Konstgjorda V\u00e4xter I Kruka Krukv\u00e4xt Dekorativ V\u00e4xt Kontorsv\u00e4xt Plastkruka F\u00f6r Inomhus Och Utomhus 1"},{"@type":"BreadcrumbList","@id":"https:\/\/truusk.store\/sv\/produkt\/truusk-konstgjorda-vaxter-120-cm-konstgjorda-palmer-och-trad-dekorativ-plastkruka-for-inomhus-och-utomhus-kontorsvaxt\/#breadcrumb","itemListElement":[{"@type":"ListItem","position":1,"name":"Home","item":"https:\/\/truusk.store\/sv\/"},{"@type":"ListItem","position":2,"name":"Shop","item":"https:\/\/truusk.store\/shop\/"},{"@type":"ListItem","position":3,"name":"TRUUSK Konstgjorda V\u00e4xter 120 cm &#8211; Konstgjorda Palmer och Tr\u00e4d &#8211; Dekorativ Plastkruka &#8211; F\u00f6r Inomhus och Utomhus &#8211; Kontorsv\u00e4xt &#8211;"}]},{"@type":"WebSite","@id":"https:\/\/truusk.store\/sv\/#website","url":"https:\/\/truusk.store\/sv\/","name":"TRUUSK - Hem, Tr\u00e4dg\u00e5rd & Fritid","description":"","publisher":{"@id":"https:\/\/truusk.store\/sv\/#organization"},"potentialAction":[{"@type":"SearchAction","target":{"@type":"EntryPoint","urlTemplate":"https:\/\/truusk.store\/sv\/?s={search_term_string}"},"query-input":{"@type":"PropertyValueSpecification","valueRequired":true,"valueName":"search_term_string"}}],"inLanguage":"sv-SE"},{"@type":"Organization","@id":"https:\/\/truusk.store\/sv\/#organization","name":"TRUUSK - Hem, Tr\u00e4dg\u00e5rd & Fritid","url":"https:\/\/truusk.store\/sv\/","logo":{"@type":"ImageObject","inLanguage":"sv-SE","@id":"https:\/\/truusk.store\/sv\/#\/schema\/logo\/image\/","url":"https:\/\/i0.wp.com\/truusk.store\/wp-content\/uploads\/2026\/03\/cropped-TRUUSK.png?fit=2032%2C917&ssl=1","contentUrl":"https:\/\/i0.wp.com\/truusk.store\/wp-content\/uploads\/2026\/03\/cropped-TRUUSK.png?fit=2032%2C917&ssl=1","width":2032,"height":917,"caption":"TRUUSK - Hem, Tr\u00e4dg\u00e5rd & Fritid"},"image":{"@id":"https:\/\/truusk.store\/sv\/#\/schema\/logo\/image\/"}}]}},"jetpack_sharing_enabled":true,"_links":{"self":[{"href":"https:\/\/truusk.store\/sv\/wp-json\/wp\/v2\/product\/19911","targetHints":{"allow":["GET"]}}],"collection":[{"href":"https:\/\/truusk.store\/sv\/wp-json\/wp\/v2\/product"}],"about":[{"href":"https:\/\/truusk.store\/sv\/wp-json\/wp\/v2\/types\/product"}],"wp:featuredmedia":[{"embeddable":true,"href":"https:\/\/truusk.store\/sv\/wp-json\/wp\/v2\/media\/19912"}],"wp:attachment":[{"href":"https:\/\/truusk.store\/sv\/wp-json\/wp\/v2\/media?parent=19911"}],"wp:term":[{"taxonomy":"product_brand","embeddable":true,"href":"https:\/\/truusk.store\/sv\/wp-json\/wp\/v2\/product_brand?post=19911"},{"taxonomy":"product_cat","embeddable":true,"href":"https:\/\/truusk.store\/sv\/wp-json\/wp\/v2\/product_cat?post=19911"},{"taxonomy":"product_tag","embeddable":true,"href":"https:\/\/truusk.store\/sv\/wp-json\/wp\/v2\/product_tag?post=19911"}],"curies":[{"name":"wp","href":"https:\/\/api.w.org\/{rel}","templated":true}]}}