{"id":19977,"date":"2024-02-13T15:09:59","date_gmt":"2024-02-13T14:09:59","guid":{"rendered":"https:\/\/truusk.store\/product\/byra-skank-7-lador-modern-design-635-cm-x-30-cm-x-71-cm-ljusgra\/"},"modified":"2026-03-12T09:02:26","modified_gmt":"2026-03-12T08:02:26","slug":"truusk-byra-skank-7-lador-modern-design-635-cm-x-30-cm-x-71-cm-ljusgra","status":"publish","type":"product","link":"https:\/\/truusk.store\/sv\/produkt\/truusk-byra-skank-7-lador-modern-design-635-cm-x-30-cm-x-71-cm-ljusgra\/","title":{"rendered":"TRUUSK Byr\u00e5 Sk\u00e4nk &#8211; 7 L\u00e5dor &#8211; Modern Design &#8211; 63,5 cm x 30 cm x 71 cm &#8211; Ljusgr\u00e5"},"content":{"rendered":"<p>Detta praktiska, l\u00e4tta l\u00e5dsk\u00e5p ger plats f\u00f6r dina b\u00f6cker, kl\u00e4der eller andra f\u00f6rem\u00e5l och h\u00e5ller ditt hem snyggt. Den kompakta m\u00f6beln passar \u00e4ven bra till barnrummet! Tygsl\u00e5dorna kan enkelt vikas ihop n\u00e4r de inte anv\u00e4nds och anv\u00e4ndas flexibelt efter behov. Med sin smakfulla design passar denna moderna byr\u00e5 bra in i alla rum och vilken inredningsstil som helst.<\/p>\n<h3>Beskrivning:<\/h3>\n<ul>\n<li>Smakfull design i ljusgr\u00e5<\/li>\n<li>L\u00e4mplig f\u00f6r vardagsrum, sovrum, hallar och barnrum<\/li>\n<li>Metallram s\u00e4kerst\u00e4ller stabilitet, yta av E1 sp\u00e5nskiva<\/li>\n<li>3 stora och 4 sm\u00e5 vikbara tygl\u00e5dor med fiberdukshandtag<\/li>\n<li>lite utrymmesbehov<\/li>\n<li>L\u00e4tt att transportera<\/li>\n<li>Enkel och snabb montering<\/li>\n<\/ul>\n<h3>Teknisk data:<\/h3>\n<ul>\n<li>Material: metall, sp\u00e5nskiva, fiberduk<\/li>\n<li>F\u00e4rg: ljusgr\u00e5<\/li>\n<li>\u00d6vergripande m\u00e5tt: B63,5 x D30 x H71 cm<\/li>\n<li>M\u00e5tt per l\u00e5da: B39 x D28 x H21,5 cm (stor), B16 x D28 x H15 cm (liten)<\/li>\n<li>Lastkapacitet: 3 kg (per l\u00e5da), 25 kg (totalt)<\/li>\n<\/ul>\n<h3>Leveransens omfattning:<\/h3>\n<ul>\n<li>1 x byr\u00e5<\/li>\n<li>1 x monteringsanvisning<\/li>\n<\/ul>\n","protected":false},"excerpt":{"rendered":"<p>Detta praktiska, l\u00e4tta l\u00e5dsk\u00e5p ger plats f\u00f6r dina b\u00f6cker, kl\u00e4der eller andra f\u00f6rem\u00e5l och h\u00e5ller ditt hem snyggt. Den kompakta&#8230;<\/p>\n","protected":false},"featured_media":19978,"template":"","meta":[],"product_brand":[],"product_cat":[485,528],"product_tag":[],"class_list":{"0":"post-19977","1":"product","2":"type-product","3":"status-publish","4":"has-post-thumbnail","6":"product_cat-hus-bo","7":"product_cat-skap-byraer","9":"first","10":"instock","11":"sale","12":"taxable","13":"shipping-taxable","14":"purchasable","15":"product-type-simple"},"yoast_head":"<!-- This site is optimized with the Yoast SEO plugin v25.4 - https:\/\/yoast.com\/wordpress\/plugins\/seo\/ -->\n<title>TRUUSK Byr\u00e5 Sk\u00e4nk - 7 L\u00e5dor - Modern Design - 63,5 cm x 30 cm x 71 cm - Ljusgr\u00e5 - TRUUSK - Hem, Tr\u00e4dg\u00e5rd &amp; Fritid<\/title>\n<meta name=\"robots\" content=\"index, follow, max-snippet:-1, max-image-preview:large, max-video-preview:-1\" \/>\n<link rel=\"canonical\" href=\"https:\/\/truusk.store\/sv\/produkt\/truusk-byra-skank-7-lador-modern-design-635-cm-x-30-cm-x-71-cm-ljusgra\/\" \/>\n<meta property=\"og:locale\" content=\"sv_SE\" \/>\n<meta property=\"og:type\" content=\"article\" \/>\n<meta property=\"og:title\" content=\"TRUUSK Byr\u00e5 Sk\u00e4nk - 7 L\u00e5dor - Modern Design - 63,5 cm x 30 cm x 71 cm - Ljusgr\u00e5 - TRUUSK - Hem, Tr\u00e4dg\u00e5rd &amp; Fritid\" \/>\n<meta property=\"og:description\" content=\"Detta praktiska, l\u00e4tta l\u00e5dsk\u00e5p ger plats f\u00f6r dina b\u00f6cker, kl\u00e4der eller andra f\u00f6rem\u00e5l och h\u00e5ller ditt hem snyggt. Den kompakta...\" \/>\n<meta property=\"og:url\" content=\"https:\/\/truusk.store\/sv\/produkt\/truusk-byra-skank-7-lador-modern-design-635-cm-x-30-cm-x-71-cm-ljusgra\/\" \/>\n<meta property=\"og:site_name\" content=\"TRUUSK - Hem, Tr\u00e4dg\u00e5rd &amp; Fritid\" \/>\n<meta property=\"article:modified_time\" content=\"2026-03-12T08:02:26+00:00\" \/>\n<meta property=\"og:image\" content=\"https:\/\/i0.wp.com\/truusk.se\/wp-content\/uploads\/2024\/02\/byra-skank-7-lador-modern-design-635-cm-x-30-cm-x-71-cm-ljusgra.webp?fit=800%2C800&ssl=1\" \/>\n\t<meta property=\"og:image:width\" content=\"800\" \/>\n\t<meta property=\"og:image:height\" content=\"800\" \/>\n\t<meta property=\"og:image:type\" content=\"image\/webp\" \/>\n<meta name=\"twitter:card\" content=\"summary_large_image\" \/>\n<meta name=\"twitter:label1\" content=\"Ber\u00e4knad l\u00e4stid\" \/>\n\t<meta name=\"twitter:data1\" content=\"1 minut\" \/>\n<!-- \/ Yoast SEO plugin. -->","yoast_head_json":{"title":"TRUUSK Byr\u00e5 Sk\u00e4nk - 7 L\u00e5dor - Modern Design - 63,5 cm x 30 cm x 71 cm - Ljusgr\u00e5 - TRUUSK - Hem, Tr\u00e4dg\u00e5rd &amp; Fritid","robots":{"index":"index","follow":"follow","max-snippet":"max-snippet:-1","max-image-preview":"max-image-preview:large","max-video-preview":"max-video-preview:-1"},"canonical":"https:\/\/truusk.store\/sv\/produkt\/truusk-byra-skank-7-lador-modern-design-635-cm-x-30-cm-x-71-cm-ljusgra\/","og_locale":"sv_SE","og_type":"article","og_title":"TRUUSK Byr\u00e5 Sk\u00e4nk - 7 L\u00e5dor - Modern Design - 63,5 cm x 30 cm x 71 cm - Ljusgr\u00e5 - TRUUSK - Hem, Tr\u00e4dg\u00e5rd &amp; Fritid","og_description":"Detta praktiska, l\u00e4tta l\u00e5dsk\u00e5p ger plats f\u00f6r dina b\u00f6cker, kl\u00e4der eller andra f\u00f6rem\u00e5l och h\u00e5ller ditt hem snyggt. Den kompakta...","og_url":"https:\/\/truusk.store\/sv\/produkt\/truusk-byra-skank-7-lador-modern-design-635-cm-x-30-cm-x-71-cm-ljusgra\/","og_site_name":"TRUUSK - Hem, Tr\u00e4dg\u00e5rd &amp; Fritid","article_modified_time":"2026-03-12T08:02:26+00:00","og_image":[{"width":800,"height":800,"url":"https:\/\/i0.wp.com\/truusk.se\/wp-content\/uploads\/2024\/02\/byra-skank-7-lador-modern-design-635-cm-x-30-cm-x-71-cm-ljusgra.webp?fit=800%2C800&ssl=1","type":"image\/webp"}],"twitter_card":"summary_large_image","twitter_misc":{"Ber\u00e4knad l\u00e4stid":"1 minut"},"schema":{"@context":"https:\/\/schema.org","@graph":[{"@type":"WebPage","@id":"https:\/\/truusk.store\/sv\/produkt\/truusk-byra-skank-7-lador-modern-design-635-cm-x-30-cm-x-71-cm-ljusgra\/","url":"https:\/\/truusk.store\/sv\/produkt\/truusk-byra-skank-7-lador-modern-design-635-cm-x-30-cm-x-71-cm-ljusgra\/","name":"TRUUSK Byr\u00e5 Sk\u00e4nk - 7 L\u00e5dor - Modern Design - 63,5 cm x 30 cm x 71 cm - Ljusgr\u00e5 - TRUUSK - Hem, Tr\u00e4dg\u00e5rd &amp; Fritid","isPartOf":{"@id":"https:\/\/truusk.store\/sv\/#website"},"primaryImageOfPage":{"@id":"https:\/\/truusk.store\/sv\/produkt\/truusk-byra-skank-7-lador-modern-design-635-cm-x-30-cm-x-71-cm-ljusgra\/#primaryimage"},"image":{"@id":"https:\/\/truusk.store\/sv\/produkt\/truusk-byra-skank-7-lador-modern-design-635-cm-x-30-cm-x-71-cm-ljusgra\/#primaryimage"},"thumbnailUrl":"https:\/\/i0.wp.com\/truusk.store\/wp-content\/uploads\/2024\/02\/byra-skank-7-lador-modern-design-635-cm-x-30-cm-x-71-cm-ljusgra.webp?fit=800%2C800&ssl=1","datePublished":"2024-02-13T14:09:59+00:00","dateModified":"2026-03-12T08:02:26+00:00","breadcrumb":{"@id":"https:\/\/truusk.store\/sv\/produkt\/truusk-byra-skank-7-lador-modern-design-635-cm-x-30-cm-x-71-cm-ljusgra\/#breadcrumb"},"inLanguage":"sv-SE","potentialAction":[{"@type":"ReadAction","target":["https:\/\/truusk.store\/sv\/produkt\/truusk-byra-skank-7-lador-modern-design-635-cm-x-30-cm-x-71-cm-ljusgra\/"]}]},{"@type":"ImageObject","inLanguage":"sv-SE","@id":"https:\/\/truusk.store\/sv\/produkt\/truusk-byra-skank-7-lador-modern-design-635-cm-x-30-cm-x-71-cm-ljusgra\/#primaryimage","url":"https:\/\/i0.wp.com\/truusk.store\/wp-content\/uploads\/2024\/02\/byra-skank-7-lador-modern-design-635-cm-x-30-cm-x-71-cm-ljusgra.webp?fit=800%2C800&ssl=1","contentUrl":"https:\/\/i0.wp.com\/truusk.store\/wp-content\/uploads\/2024\/02\/byra-skank-7-lador-modern-design-635-cm-x-30-cm-x-71-cm-ljusgra.webp?fit=800%2C800&ssl=1","width":800,"height":800,"caption":"Byr\u00e5 Sk\u00e4nk 7 L\u00e5dor, Modern Design, 63,5 Cm X 30 Cm X 71 Cm, Ljusgr\u00e5 1"},{"@type":"BreadcrumbList","@id":"https:\/\/truusk.store\/sv\/produkt\/truusk-byra-skank-7-lador-modern-design-635-cm-x-30-cm-x-71-cm-ljusgra\/#breadcrumb","itemListElement":[{"@type":"ListItem","position":1,"name":"Home","item":"https:\/\/truusk.store\/sv\/"},{"@type":"ListItem","position":2,"name":"Shop","item":"https:\/\/truusk.store\/shop\/"},{"@type":"ListItem","position":3,"name":"TRUUSK Byr\u00e5 Sk\u00e4nk &#8211; 7 L\u00e5dor &#8211; Modern Design &#8211; 63,5 cm x 30 cm x 71 cm &#8211; Ljusgr\u00e5"}]},{"@type":"WebSite","@id":"https:\/\/truusk.store\/sv\/#website","url":"https:\/\/truusk.store\/sv\/","name":"TRUUSK - Hem, Tr\u00e4dg\u00e5rd & Fritid","description":"","publisher":{"@id":"https:\/\/truusk.store\/sv\/#organization"},"potentialAction":[{"@type":"SearchAction","target":{"@type":"EntryPoint","urlTemplate":"https:\/\/truusk.store\/sv\/?s={search_term_string}"},"query-input":{"@type":"PropertyValueSpecification","valueRequired":true,"valueName":"search_term_string"}}],"inLanguage":"sv-SE"},{"@type":"Organization","@id":"https:\/\/truusk.store\/sv\/#organization","name":"TRUUSK - Hem, Tr\u00e4dg\u00e5rd & Fritid","url":"https:\/\/truusk.store\/sv\/","logo":{"@type":"ImageObject","inLanguage":"sv-SE","@id":"https:\/\/truusk.store\/sv\/#\/schema\/logo\/image\/","url":"https:\/\/i0.wp.com\/truusk.store\/wp-content\/uploads\/2026\/03\/cropped-TRUUSK.png?fit=2032%2C917&ssl=1","contentUrl":"https:\/\/i0.wp.com\/truusk.store\/wp-content\/uploads\/2026\/03\/cropped-TRUUSK.png?fit=2032%2C917&ssl=1","width":2032,"height":917,"caption":"TRUUSK - Hem, Tr\u00e4dg\u00e5rd & Fritid"},"image":{"@id":"https:\/\/truusk.store\/sv\/#\/schema\/logo\/image\/"}}]}},"jetpack_sharing_enabled":true,"_links":{"self":[{"href":"https:\/\/truusk.store\/sv\/wp-json\/wp\/v2\/product\/19977","targetHints":{"allow":["GET"]}}],"collection":[{"href":"https:\/\/truusk.store\/sv\/wp-json\/wp\/v2\/product"}],"about":[{"href":"https:\/\/truusk.store\/sv\/wp-json\/wp\/v2\/types\/product"}],"wp:featuredmedia":[{"embeddable":true,"href":"https:\/\/truusk.store\/sv\/wp-json\/wp\/v2\/media\/19978"}],"wp:attachment":[{"href":"https:\/\/truusk.store\/sv\/wp-json\/wp\/v2\/media?parent=19977"}],"wp:term":[{"taxonomy":"product_brand","embeddable":true,"href":"https:\/\/truusk.store\/sv\/wp-json\/wp\/v2\/product_brand?post=19977"},{"taxonomy":"product_cat","embeddable":true,"href":"https:\/\/truusk.store\/sv\/wp-json\/wp\/v2\/product_cat?post=19977"},{"taxonomy":"product_tag","embeddable":true,"href":"https:\/\/truusk.store\/sv\/wp-json\/wp\/v2\/product_tag?post=19977"}],"curies":[{"name":"wp","href":"https:\/\/api.w.org\/{rel}","templated":true}]}}