{"id":19996,"date":"2024-02-13T15:10:38","date_gmt":"2024-02-13T14:10:38","guid":{"rendered":"https:\/\/truusk.store\/product\/solstol-strand-solstol-tradgard-solstol-fallbar-justerbar-med-kudde-tradgard-metalltyg-gra-137-x-635-x-1005-cm-2\/"},"modified":"2026-03-12T09:02:27","modified_gmt":"2026-03-12T08:02:27","slug":"truusk-strand-och-tradgards-solstol-fallbar-och-justerbar-med-kudde-gra-137-x-635-x-1005-cm","status":"publish","type":"product","link":"https:\/\/truusk.store\/sv\/produkt\/truusk-strand-och-tradgards-solstol-fallbar-och-justerbar-med-kudde-gra-137-x-635-x-1005-cm\/","title":{"rendered":"TRUUSK Strand- och Tr\u00e4dg\u00e5rds Solstol &#8211; F\u00e4llbar och Justerbar &#8211; Med Kudde &#8211; Gr\u00e5 &#8211; 137 x 63,5 x 100,5 cm"},"content":{"rendered":"<p>K\u00e4nn dig bekv\u00e4m p\u00e5 denna utm\u00e4rkta strandstol! Denna tr\u00e4dg\u00e5rdsstol har en robust, pulverlackerad metallram och kan h\u00e5lla upp till 165 kg. Ryggst\u00f6dets lutning kan justeras till sju niv\u00e5er, s\u00e5 att du snabbt kan hitta den optimala sitt- eller liggst\u00e4llningen. Det andningsbara s\u00e4tes\u00f6verdraget av Textline-tyg ger extra komfort. Enkelt ihopf\u00e4lld och vilstolen kan stuvas undan f\u00f6r att spara utrymme.<\/p>\n<h3>Beskrivning:<\/h3>\n<ul>\n<li>Solstol idealisk f\u00f6r utomhusomr\u00e5den som tr\u00e4dg\u00e5rden, balkongen eller campingen<\/li>\n<li>Pulverlackerad metallram s\u00e4kerst\u00e4ller f\u00f6rstklassig stabilitet och b\u00e4rf\u00f6rm\u00e5ga<\/li>\n<li>S\u00e4tes\u00f6verdrag av luftgenomsl\u00e4ppligt Textline-tyg, bekv\u00e4mt och l\u00e4ttsk\u00f6tt<\/li>\n<li>Lutningen av ryggst\u00f6det kan justeras till 7 niv\u00e5er<\/li>\n<li>Med en avtagbar, tv\u00e4ttbar kudde<\/li>\n<li>Med armst\u00f6d f\u00f6r extra komfort<\/li>\n<li>F\u00e4lls upp f\u00f6r att spara utrymme f\u00f6r enkel f\u00f6rvaring<\/li>\n<\/ul>\n<h3>Teknisk data:<\/h3>\n<ul>\n<li>Material: metall, textlinje<\/li>\n<li>M\u00e5tt i sittande l\u00e4ge: 137L x 63,5W x 100,5H cm<\/li>\n<li>M\u00e5tt i liggl\u00e4ge: 180L x 63,5W x 65H cm<\/li>\n<li>Vikm\u00e5tt: 81,5L x 20,5W x 64,5H cm<\/li>\n<li>Sittyta: 53,5L x 115W cm<\/li>\n<li>Sitth\u00f6jd: 33 cm<\/li>\n<li>Max lastkapacitet: 165 kg<\/li>\n<li>F\u00e4rg gr\u00e5<\/li>\n<\/ul>\n<h3>Leveransens omfattning:<\/h3>\n<ul>\n<li>1 x tr\u00e4dg\u00e5rdsstol<\/li>\n<li>1 x kudde<\/li>\n<li>1 x Monteringsanvisning<\/li>\n<\/ul>\n","protected":false},"excerpt":{"rendered":"<p>K\u00e4nn dig bekv\u00e4m p\u00e5 denna utm\u00e4rkta strandstol! Denna tr\u00e4dg\u00e5rdsstol har en robust, pulverlackerad metallram och kan h\u00e5lla upp till 165&#8230;<\/p>\n","protected":false},"featured_media":19997,"template":"","meta":[],"product_brand":[],"product_cat":[451,435,450],"product_tag":[],"class_list":{"0":"post-19996","1":"product","2":"type-product","3":"status-publish","4":"has-post-thumbnail","6":"product_cat-solstolar","7":"product_cat-tradgard-och-terrass","8":"product_cat-tradgardsmobler","10":"first","11":"instock","12":"sale","13":"taxable","14":"shipping-taxable","15":"purchasable","16":"product-type-simple"},"yoast_head":"<!-- This site is optimized with the Yoast SEO plugin v25.4 - https:\/\/yoast.com\/wordpress\/plugins\/seo\/ -->\n<title>TRUUSK Strand- och Tr\u00e4dg\u00e5rds Solstol - F\u00e4llbar och Justerbar - Med Kudde - Gr\u00e5 - 137 x 63,5 x 100,5 cm - TRUUSK - Hem, Tr\u00e4dg\u00e5rd &amp; Fritid<\/title>\n<meta name=\"robots\" content=\"index, follow, max-snippet:-1, max-image-preview:large, max-video-preview:-1\" \/>\n<link rel=\"canonical\" href=\"https:\/\/truusk.store\/sv\/produkt\/truusk-strand-och-tradgards-solstol-fallbar-och-justerbar-med-kudde-gra-137-x-635-x-1005-cm\/\" \/>\n<meta property=\"og:locale\" content=\"sv_SE\" \/>\n<meta property=\"og:type\" content=\"article\" \/>\n<meta property=\"og:title\" content=\"TRUUSK Strand- och Tr\u00e4dg\u00e5rds Solstol - F\u00e4llbar och Justerbar - Med Kudde - Gr\u00e5 - 137 x 63,5 x 100,5 cm - TRUUSK - Hem, Tr\u00e4dg\u00e5rd &amp; Fritid\" \/>\n<meta property=\"og:description\" content=\"K\u00e4nn dig bekv\u00e4m p\u00e5 denna utm\u00e4rkta strandstol! Denna tr\u00e4dg\u00e5rdsstol har en robust, pulverlackerad metallram och kan h\u00e5lla upp till 165...\" \/>\n<meta property=\"og:url\" content=\"https:\/\/truusk.store\/sv\/produkt\/truusk-strand-och-tradgards-solstol-fallbar-och-justerbar-med-kudde-gra-137-x-635-x-1005-cm\/\" \/>\n<meta property=\"og:site_name\" content=\"TRUUSK - Hem, Tr\u00e4dg\u00e5rd &amp; Fritid\" \/>\n<meta property=\"article:modified_time\" content=\"2026-03-12T08:02:27+00:00\" \/>\n<meta property=\"og:image\" content=\"https:\/\/i0.wp.com\/truusk.se\/wp-content\/uploads\/2024\/02\/solstol-strand-solstol-tradgard-solstol-fallbar-justerbar-med-kudde-tradgard-metalltyg-gra-137-x-635-x-1005-cm-9.webp?fit=800%2C800&ssl=1\" \/>\n\t<meta property=\"og:image:width\" content=\"800\" \/>\n\t<meta property=\"og:image:height\" content=\"800\" \/>\n\t<meta property=\"og:image:type\" content=\"image\/webp\" \/>\n<meta name=\"twitter:card\" content=\"summary_large_image\" \/>\n<meta name=\"twitter:label1\" content=\"Ber\u00e4knad l\u00e4stid\" \/>\n\t<meta name=\"twitter:data1\" content=\"1 minut\" \/>\n<!-- \/ Yoast SEO plugin. -->","yoast_head_json":{"title":"TRUUSK Strand- och Tr\u00e4dg\u00e5rds Solstol - F\u00e4llbar och Justerbar - Med Kudde - Gr\u00e5 - 137 x 63,5 x 100,5 cm - TRUUSK - Hem, Tr\u00e4dg\u00e5rd &amp; Fritid","robots":{"index":"index","follow":"follow","max-snippet":"max-snippet:-1","max-image-preview":"max-image-preview:large","max-video-preview":"max-video-preview:-1"},"canonical":"https:\/\/truusk.store\/sv\/produkt\/truusk-strand-och-tradgards-solstol-fallbar-och-justerbar-med-kudde-gra-137-x-635-x-1005-cm\/","og_locale":"sv_SE","og_type":"article","og_title":"TRUUSK Strand- och Tr\u00e4dg\u00e5rds Solstol - F\u00e4llbar och Justerbar - Med Kudde - Gr\u00e5 - 137 x 63,5 x 100,5 cm - TRUUSK - Hem, Tr\u00e4dg\u00e5rd &amp; Fritid","og_description":"K\u00e4nn dig bekv\u00e4m p\u00e5 denna utm\u00e4rkta strandstol! Denna tr\u00e4dg\u00e5rdsstol har en robust, pulverlackerad metallram och kan h\u00e5lla upp till 165...","og_url":"https:\/\/truusk.store\/sv\/produkt\/truusk-strand-och-tradgards-solstol-fallbar-och-justerbar-med-kudde-gra-137-x-635-x-1005-cm\/","og_site_name":"TRUUSK - Hem, Tr\u00e4dg\u00e5rd &amp; Fritid","article_modified_time":"2026-03-12T08:02:27+00:00","og_image":[{"width":800,"height":800,"url":"https:\/\/i0.wp.com\/truusk.se\/wp-content\/uploads\/2024\/02\/solstol-strand-solstol-tradgard-solstol-fallbar-justerbar-med-kudde-tradgard-metalltyg-gra-137-x-635-x-1005-cm-9.webp?fit=800%2C800&ssl=1","type":"image\/webp"}],"twitter_card":"summary_large_image","twitter_misc":{"Ber\u00e4knad l\u00e4stid":"1 minut"},"schema":{"@context":"https:\/\/schema.org","@graph":[{"@type":"WebPage","@id":"https:\/\/truusk.store\/sv\/produkt\/truusk-strand-och-tradgards-solstol-fallbar-och-justerbar-med-kudde-gra-137-x-635-x-1005-cm\/","url":"https:\/\/truusk.store\/sv\/produkt\/truusk-strand-och-tradgards-solstol-fallbar-och-justerbar-med-kudde-gra-137-x-635-x-1005-cm\/","name":"TRUUSK Strand- och Tr\u00e4dg\u00e5rds Solstol - F\u00e4llbar och Justerbar - Med Kudde - Gr\u00e5 - 137 x 63,5 x 100,5 cm - TRUUSK - Hem, Tr\u00e4dg\u00e5rd &amp; Fritid","isPartOf":{"@id":"https:\/\/truusk.store\/sv\/#website"},"primaryImageOfPage":{"@id":"https:\/\/truusk.store\/sv\/produkt\/truusk-strand-och-tradgards-solstol-fallbar-och-justerbar-med-kudde-gra-137-x-635-x-1005-cm\/#primaryimage"},"image":{"@id":"https:\/\/truusk.store\/sv\/produkt\/truusk-strand-och-tradgards-solstol-fallbar-och-justerbar-med-kudde-gra-137-x-635-x-1005-cm\/#primaryimage"},"thumbnailUrl":"https:\/\/i0.wp.com\/truusk.store\/wp-content\/uploads\/2024\/02\/solstol-strand-solstol-tradgard-solstol-fallbar-justerbar-med-kudde-tradgard-metalltyg-gra-137-x-635-x-1005-cm-9.webp?fit=800%2C800&ssl=1","datePublished":"2024-02-13T14:10:38+00:00","dateModified":"2026-03-12T08:02:27+00:00","breadcrumb":{"@id":"https:\/\/truusk.store\/sv\/produkt\/truusk-strand-och-tradgards-solstol-fallbar-och-justerbar-med-kudde-gra-137-x-635-x-1005-cm\/#breadcrumb"},"inLanguage":"sv-SE","potentialAction":[{"@type":"ReadAction","target":["https:\/\/truusk.store\/sv\/produkt\/truusk-strand-och-tradgards-solstol-fallbar-och-justerbar-med-kudde-gra-137-x-635-x-1005-cm\/"]}]},{"@type":"ImageObject","inLanguage":"sv-SE","@id":"https:\/\/truusk.store\/sv\/produkt\/truusk-strand-och-tradgards-solstol-fallbar-och-justerbar-med-kudde-gra-137-x-635-x-1005-cm\/#primaryimage","url":"https:\/\/i0.wp.com\/truusk.store\/wp-content\/uploads\/2024\/02\/solstol-strand-solstol-tradgard-solstol-fallbar-justerbar-med-kudde-tradgard-metalltyg-gra-137-x-635-x-1005-cm-9.webp?fit=800%2C800&ssl=1","contentUrl":"https:\/\/i0.wp.com\/truusk.store\/wp-content\/uploads\/2024\/02\/solstol-strand-solstol-tradgard-solstol-fallbar-justerbar-med-kudde-tradgard-metalltyg-gra-137-x-635-x-1005-cm-9.webp?fit=800%2C800&ssl=1","width":800,"height":800,"caption":"Solstol Strand Solstol Tr\u00e4dg\u00e5rd Solstol F\u00e4llbar Justerbar Med Kudde Tr\u00e4dg\u00e5rd Metalltyg Gr\u00e5 137 X 63,5 X 100,5 Cm 1"},{"@type":"BreadcrumbList","@id":"https:\/\/truusk.store\/sv\/produkt\/truusk-strand-och-tradgards-solstol-fallbar-och-justerbar-med-kudde-gra-137-x-635-x-1005-cm\/#breadcrumb","itemListElement":[{"@type":"ListItem","position":1,"name":"Home","item":"https:\/\/truusk.store\/sv\/"},{"@type":"ListItem","position":2,"name":"Shop","item":"https:\/\/truusk.store\/shop\/"},{"@type":"ListItem","position":3,"name":"TRUUSK Strand- och Tr\u00e4dg\u00e5rds Solstol &#8211; F\u00e4llbar och Justerbar &#8211; Med Kudde &#8211; Gr\u00e5 &#8211; 137 x 63,5 x 100,5 cm"}]},{"@type":"WebSite","@id":"https:\/\/truusk.store\/sv\/#website","url":"https:\/\/truusk.store\/sv\/","name":"TRUUSK - Hem, Tr\u00e4dg\u00e5rd & Fritid","description":"","publisher":{"@id":"https:\/\/truusk.store\/sv\/#organization"},"potentialAction":[{"@type":"SearchAction","target":{"@type":"EntryPoint","urlTemplate":"https:\/\/truusk.store\/sv\/?s={search_term_string}"},"query-input":{"@type":"PropertyValueSpecification","valueRequired":true,"valueName":"search_term_string"}}],"inLanguage":"sv-SE"},{"@type":"Organization","@id":"https:\/\/truusk.store\/sv\/#organization","name":"TRUUSK - Hem, Tr\u00e4dg\u00e5rd & Fritid","url":"https:\/\/truusk.store\/sv\/","logo":{"@type":"ImageObject","inLanguage":"sv-SE","@id":"https:\/\/truusk.store\/sv\/#\/schema\/logo\/image\/","url":"https:\/\/i0.wp.com\/truusk.store\/wp-content\/uploads\/2026\/03\/cropped-TRUUSK.png?fit=2032%2C917&ssl=1","contentUrl":"https:\/\/i0.wp.com\/truusk.store\/wp-content\/uploads\/2026\/03\/cropped-TRUUSK.png?fit=2032%2C917&ssl=1","width":2032,"height":917,"caption":"TRUUSK - Hem, Tr\u00e4dg\u00e5rd & Fritid"},"image":{"@id":"https:\/\/truusk.store\/sv\/#\/schema\/logo\/image\/"}}]}},"jetpack_sharing_enabled":true,"_links":{"self":[{"href":"https:\/\/truusk.store\/sv\/wp-json\/wp\/v2\/product\/19996","targetHints":{"allow":["GET"]}}],"collection":[{"href":"https:\/\/truusk.store\/sv\/wp-json\/wp\/v2\/product"}],"about":[{"href":"https:\/\/truusk.store\/sv\/wp-json\/wp\/v2\/types\/product"}],"wp:featuredmedia":[{"embeddable":true,"href":"https:\/\/truusk.store\/sv\/wp-json\/wp\/v2\/media\/19997"}],"wp:attachment":[{"href":"https:\/\/truusk.store\/sv\/wp-json\/wp\/v2\/media?parent=19996"}],"wp:term":[{"taxonomy":"product_brand","embeddable":true,"href":"https:\/\/truusk.store\/sv\/wp-json\/wp\/v2\/product_brand?post=19996"},{"taxonomy":"product_cat","embeddable":true,"href":"https:\/\/truusk.store\/sv\/wp-json\/wp\/v2\/product_cat?post=19996"},{"taxonomy":"product_tag","embeddable":true,"href":"https:\/\/truusk.store\/sv\/wp-json\/wp\/v2\/product_tag?post=19996"}],"curies":[{"name":"wp","href":"https:\/\/api.w.org\/{rel}","templated":true}]}}