{"id":20007,"date":"2024-02-13T15:10:57","date_gmt":"2024-02-13T14:10:57","guid":{"rendered":"https:\/\/truusk.store\/product\/massage-kontorsstol-skrivbordsstol-datorstol-snurrstol-arbetsstol-med-vibrationsfunktion-usb-gren-massagefunktion-landkudde-armstod-78-86-cm-hojdjusterbara-ljusgra\/"},"modified":"2026-03-12T09:02:27","modified_gmt":"2026-03-12T08:02:27","slug":"truusk-massagekontorsstol-med-vibrationsfunktion-usb-anslutning-landkudde-armstod-justerbar-hojd-ljusgra","status":"publish","type":"product","link":"https:\/\/truusk.store\/sv\/produkt\/truusk-massagekontorsstol-med-vibrationsfunktion-usb-anslutning-landkudde-armstod-justerbar-hojd-ljusgra\/","title":{"rendered":"TRUUSK Massagekontorsstol &#8211; Med vibrationsfunktion &#8211; USB-anslutning &#8211; L\u00e4ndkudde &#8211; Armst\u00f6d &#8211; Justerbar h\u00f6jd &#8211; Ljusgr\u00e5"},"content":{"rendered":"<p>Denna moderna massagekontorsstol ser inte bara bra ut, utan den har ocks\u00e5 en praktisk massagefunktion. En integrerad l\u00e4ndkudde med vibrationsfunktion sk\u00e4mmer bort din rygg efter l\u00e5nga arbetstimmar eller under korta pauser. Det \u00f6vre materialet \u00e4r tillverkat av mjuk fleece som andas. Denna eleganta massagestol kommer i trendiga f\u00e4rger gr\u00e5tt, turkos och rosa.<\/p>\n<h3>Beskrivning:<\/h3>\n<ul>\n<li>Modern design i trendiga f\u00e4rger<\/li>\n<li>Ergonomiskt format ryggst\u00f6d med gener\u00f6s stoppning f\u00f6r h\u00f6g sittkomfort<\/li>\n<li>Avtagbar l\u00e4ndkudde med tv\u00e5punktsvibration<\/li>\n<li>Med ett USB-gr\u00e4nssnitt f\u00f6r din b\u00e4rbara dator, mobiltelefon eller surfplatta<\/li>\n<li>Den breda sitsen med justerbar sitth\u00f6jd kan justeras f\u00f6r att passa ditt skrivbord eller dina sittvanor<\/li>\n<li>H\u00f6gkvalitativ gasfj\u00e4dermekanism med gasfj\u00e4derhjul som g\u00f6r h\u00f6jdjustering och r\u00f6relse l\u00e4ttare<\/li>\n<li>Sv\u00e4ngbara hjul s\u00e4kerst\u00e4ller enkel och snabb r\u00f6rlighet<\/li>\n<\/ul>\n<h3>Teknisk data:<\/h3>\n<ul>\n<li>F\u00e4rg gr\u00e5<\/li>\n<li>Material: sammet, skum, nylon<\/li>\n<li>Max lastkapacitet: 115 kg<\/li>\n<li>\u00d6vergripande m\u00e5tt: 57W x 70D x 78-86H cm<\/li>\n<li>Sitsstorlek: 44W x 42D cm<\/li>\n<li>Sitth\u00f6jd: 44-52 cm<\/li>\n<li>Ryggh\u00f6jd: 42 cm<\/li>\n<li>Armst\u00f6dets h\u00f6jd (till sittplats): 20 cm<\/li>\n<li>Str\u00f6mkabell\u00e4ngd: 1,2 m<\/li>\n<li>Effekt: 10W 5V<\/li>\n<\/ul>\n<h3>Leveransens omfattning:<\/h3>\n<ul>\n<li>1 x Massage Bro stol<\/li>\n<li>1 x Instruktioner<\/li>\n<\/ul>\n","protected":false},"excerpt":{"rendered":"<p>Denna moderna massagekontorsstol ser inte bara bra ut, utan den har ocks\u00e5 en praktisk massagefunktion. En integrerad l\u00e4ndkudde med vibrationsfunktion&#8230;<\/p>\n","protected":false},"featured_media":20008,"template":"","meta":[],"product_brand":[],"product_cat":[485,516,515],"product_tag":[],"class_list":{"0":"post-20007","1":"product","2":"type-product","3":"status-publish","4":"has-post-thumbnail","6":"product_cat-hus-bo","7":"product_cat-kontorsstolar","8":"product_cat-stolar","10":"first","11":"instock","12":"sale","13":"taxable","14":"shipping-taxable","15":"purchasable","16":"product-type-simple"},"yoast_head":"<!-- This site is optimized with the Yoast SEO plugin v25.4 - https:\/\/yoast.com\/wordpress\/plugins\/seo\/ -->\n<title>TRUUSK Massagekontorsstol - Med vibrationsfunktion - USB-anslutning - L\u00e4ndkudde - Armst\u00f6d - Justerbar h\u00f6jd - Ljusgr\u00e5 - TRUUSK - Hem, Tr\u00e4dg\u00e5rd &amp; Fritid<\/title>\n<meta name=\"robots\" content=\"index, follow, max-snippet:-1, max-image-preview:large, max-video-preview:-1\" \/>\n<link rel=\"canonical\" href=\"https:\/\/truusk.store\/sv\/produkt\/truusk-massagekontorsstol-med-vibrationsfunktion-usb-anslutning-landkudde-armstod-justerbar-hojd-ljusgra\/\" \/>\n<meta property=\"og:locale\" content=\"sv_SE\" \/>\n<meta property=\"og:type\" content=\"article\" \/>\n<meta property=\"og:title\" content=\"TRUUSK Massagekontorsstol - Med vibrationsfunktion - USB-anslutning - L\u00e4ndkudde - Armst\u00f6d - Justerbar h\u00f6jd - Ljusgr\u00e5 - TRUUSK - Hem, Tr\u00e4dg\u00e5rd &amp; Fritid\" \/>\n<meta property=\"og:description\" content=\"Denna moderna massagekontorsstol ser inte bara bra ut, utan den har ocks\u00e5 en praktisk massagefunktion. En integrerad l\u00e4ndkudde med vibrationsfunktion...\" \/>\n<meta property=\"og:url\" content=\"https:\/\/truusk.store\/sv\/produkt\/truusk-massagekontorsstol-med-vibrationsfunktion-usb-anslutning-landkudde-armstod-justerbar-hojd-ljusgra\/\" \/>\n<meta property=\"og:site_name\" content=\"TRUUSK - Hem, Tr\u00e4dg\u00e5rd &amp; Fritid\" \/>\n<meta property=\"article:modified_time\" content=\"2026-03-12T08:02:27+00:00\" \/>\n<meta property=\"og:image\" content=\"https:\/\/i0.wp.com\/truusk.se\/wp-content\/uploads\/2024\/02\/massage-kontorsstol-skrivbordsstol-datorstol-snurrstol-arbetsstol-med-vibrationsfunktion-usb-gren-massagefunktion-landkudde-armstod-78-86-cm-hojdjusterbara-ljusgra.webp?fit=800%2C800&ssl=1\" \/>\n\t<meta property=\"og:image:width\" content=\"800\" \/>\n\t<meta property=\"og:image:height\" content=\"800\" \/>\n\t<meta property=\"og:image:type\" content=\"image\/webp\" \/>\n<meta name=\"twitter:card\" content=\"summary_large_image\" \/>\n<meta name=\"twitter:label1\" content=\"Ber\u00e4knad l\u00e4stid\" \/>\n\t<meta name=\"twitter:data1\" content=\"1 minut\" \/>\n<!-- \/ Yoast SEO plugin. -->","yoast_head_json":{"title":"TRUUSK Massagekontorsstol - Med vibrationsfunktion - USB-anslutning - L\u00e4ndkudde - Armst\u00f6d - Justerbar h\u00f6jd - Ljusgr\u00e5 - TRUUSK - Hem, Tr\u00e4dg\u00e5rd &amp; Fritid","robots":{"index":"index","follow":"follow","max-snippet":"max-snippet:-1","max-image-preview":"max-image-preview:large","max-video-preview":"max-video-preview:-1"},"canonical":"https:\/\/truusk.store\/sv\/produkt\/truusk-massagekontorsstol-med-vibrationsfunktion-usb-anslutning-landkudde-armstod-justerbar-hojd-ljusgra\/","og_locale":"sv_SE","og_type":"article","og_title":"TRUUSK Massagekontorsstol - Med vibrationsfunktion - USB-anslutning - L\u00e4ndkudde - Armst\u00f6d - Justerbar h\u00f6jd - Ljusgr\u00e5 - TRUUSK - Hem, Tr\u00e4dg\u00e5rd &amp; Fritid","og_description":"Denna moderna massagekontorsstol ser inte bara bra ut, utan den har ocks\u00e5 en praktisk massagefunktion. En integrerad l\u00e4ndkudde med vibrationsfunktion...","og_url":"https:\/\/truusk.store\/sv\/produkt\/truusk-massagekontorsstol-med-vibrationsfunktion-usb-anslutning-landkudde-armstod-justerbar-hojd-ljusgra\/","og_site_name":"TRUUSK - Hem, Tr\u00e4dg\u00e5rd &amp; Fritid","article_modified_time":"2026-03-12T08:02:27+00:00","og_image":[{"width":800,"height":800,"url":"https:\/\/i0.wp.com\/truusk.se\/wp-content\/uploads\/2024\/02\/massage-kontorsstol-skrivbordsstol-datorstol-snurrstol-arbetsstol-med-vibrationsfunktion-usb-gren-massagefunktion-landkudde-armstod-78-86-cm-hojdjusterbara-ljusgra.webp?fit=800%2C800&ssl=1","type":"image\/webp"}],"twitter_card":"summary_large_image","twitter_misc":{"Ber\u00e4knad l\u00e4stid":"1 minut"},"schema":{"@context":"https:\/\/schema.org","@graph":[{"@type":"WebPage","@id":"https:\/\/truusk.store\/sv\/produkt\/truusk-massagekontorsstol-med-vibrationsfunktion-usb-anslutning-landkudde-armstod-justerbar-hojd-ljusgra\/","url":"https:\/\/truusk.store\/sv\/produkt\/truusk-massagekontorsstol-med-vibrationsfunktion-usb-anslutning-landkudde-armstod-justerbar-hojd-ljusgra\/","name":"TRUUSK Massagekontorsstol - Med vibrationsfunktion - USB-anslutning - L\u00e4ndkudde - Armst\u00f6d - Justerbar h\u00f6jd - Ljusgr\u00e5 - TRUUSK - Hem, Tr\u00e4dg\u00e5rd &amp; Fritid","isPartOf":{"@id":"https:\/\/truusk.store\/sv\/#website"},"primaryImageOfPage":{"@id":"https:\/\/truusk.store\/sv\/produkt\/truusk-massagekontorsstol-med-vibrationsfunktion-usb-anslutning-landkudde-armstod-justerbar-hojd-ljusgra\/#primaryimage"},"image":{"@id":"https:\/\/truusk.store\/sv\/produkt\/truusk-massagekontorsstol-med-vibrationsfunktion-usb-anslutning-landkudde-armstod-justerbar-hojd-ljusgra\/#primaryimage"},"thumbnailUrl":"https:\/\/i0.wp.com\/truusk.store\/wp-content\/uploads\/2024\/02\/massage-kontorsstol-skrivbordsstol-datorstol-snurrstol-arbetsstol-med-vibrationsfunktion-usb-gren-massagefunktion-landkudde-armstod-78-86-cm-hojdjusterbara-ljusgra.webp?fit=800%2C800&ssl=1","datePublished":"2024-02-13T14:10:57+00:00","dateModified":"2026-03-12T08:02:27+00:00","breadcrumb":{"@id":"https:\/\/truusk.store\/sv\/produkt\/truusk-massagekontorsstol-med-vibrationsfunktion-usb-anslutning-landkudde-armstod-justerbar-hojd-ljusgra\/#breadcrumb"},"inLanguage":"sv-SE","potentialAction":[{"@type":"ReadAction","target":["https:\/\/truusk.store\/sv\/produkt\/truusk-massagekontorsstol-med-vibrationsfunktion-usb-anslutning-landkudde-armstod-justerbar-hojd-ljusgra\/"]}]},{"@type":"ImageObject","inLanguage":"sv-SE","@id":"https:\/\/truusk.store\/sv\/produkt\/truusk-massagekontorsstol-med-vibrationsfunktion-usb-anslutning-landkudde-armstod-justerbar-hojd-ljusgra\/#primaryimage","url":"https:\/\/i0.wp.com\/truusk.store\/wp-content\/uploads\/2024\/02\/massage-kontorsstol-skrivbordsstol-datorstol-snurrstol-arbetsstol-med-vibrationsfunktion-usb-gren-massagefunktion-landkudde-armstod-78-86-cm-hojdjusterbara-ljusgra.webp?fit=800%2C800&ssl=1","contentUrl":"https:\/\/i0.wp.com\/truusk.store\/wp-content\/uploads\/2024\/02\/massage-kontorsstol-skrivbordsstol-datorstol-snurrstol-arbetsstol-med-vibrationsfunktion-usb-gren-massagefunktion-landkudde-armstod-78-86-cm-hojdjusterbara-ljusgra.webp?fit=800%2C800&ssl=1","width":800,"height":800,"caption":"Massage Kontorsstol Skrivbordsstol Datorstol Snurrstol Arbetsstol Med Vibrationsfunktion USB-gren Massagefunktion L\u00e4ndkudde Armst\u00f6d 78-86 Cm H\u00f6jdjusterbara Ljusgr\u00e5 1"},{"@type":"BreadcrumbList","@id":"https:\/\/truusk.store\/sv\/produkt\/truusk-massagekontorsstol-med-vibrationsfunktion-usb-anslutning-landkudde-armstod-justerbar-hojd-ljusgra\/#breadcrumb","itemListElement":[{"@type":"ListItem","position":1,"name":"Home","item":"https:\/\/truusk.store\/sv\/"},{"@type":"ListItem","position":2,"name":"Shop","item":"https:\/\/truusk.store\/shop\/"},{"@type":"ListItem","position":3,"name":"TRUUSK Massagekontorsstol &#8211; Med vibrationsfunktion &#8211; USB-anslutning &#8211; L\u00e4ndkudde &#8211; Armst\u00f6d &#8211; Justerbar h\u00f6jd &#8211; Ljusgr\u00e5"}]},{"@type":"WebSite","@id":"https:\/\/truusk.store\/sv\/#website","url":"https:\/\/truusk.store\/sv\/","name":"TRUUSK - Hem, Tr\u00e4dg\u00e5rd & Fritid","description":"","publisher":{"@id":"https:\/\/truusk.store\/sv\/#organization"},"potentialAction":[{"@type":"SearchAction","target":{"@type":"EntryPoint","urlTemplate":"https:\/\/truusk.store\/sv\/?s={search_term_string}"},"query-input":{"@type":"PropertyValueSpecification","valueRequired":true,"valueName":"search_term_string"}}],"inLanguage":"sv-SE"},{"@type":"Organization","@id":"https:\/\/truusk.store\/sv\/#organization","name":"TRUUSK - Hem, Tr\u00e4dg\u00e5rd & Fritid","url":"https:\/\/truusk.store\/sv\/","logo":{"@type":"ImageObject","inLanguage":"sv-SE","@id":"https:\/\/truusk.store\/sv\/#\/schema\/logo\/image\/","url":"https:\/\/i0.wp.com\/truusk.store\/wp-content\/uploads\/2026\/03\/cropped-TRUUSK.png?fit=2032%2C917&ssl=1","contentUrl":"https:\/\/i0.wp.com\/truusk.store\/wp-content\/uploads\/2026\/03\/cropped-TRUUSK.png?fit=2032%2C917&ssl=1","width":2032,"height":917,"caption":"TRUUSK - Hem, Tr\u00e4dg\u00e5rd & Fritid"},"image":{"@id":"https:\/\/truusk.store\/sv\/#\/schema\/logo\/image\/"}}]}},"jetpack_sharing_enabled":true,"_links":{"self":[{"href":"https:\/\/truusk.store\/sv\/wp-json\/wp\/v2\/product\/20007","targetHints":{"allow":["GET"]}}],"collection":[{"href":"https:\/\/truusk.store\/sv\/wp-json\/wp\/v2\/product"}],"about":[{"href":"https:\/\/truusk.store\/sv\/wp-json\/wp\/v2\/types\/product"}],"wp:featuredmedia":[{"embeddable":true,"href":"https:\/\/truusk.store\/sv\/wp-json\/wp\/v2\/media\/20008"}],"wp:attachment":[{"href":"https:\/\/truusk.store\/sv\/wp-json\/wp\/v2\/media?parent=20007"}],"wp:term":[{"taxonomy":"product_brand","embeddable":true,"href":"https:\/\/truusk.store\/sv\/wp-json\/wp\/v2\/product_brand?post=20007"},{"taxonomy":"product_cat","embeddable":true,"href":"https:\/\/truusk.store\/sv\/wp-json\/wp\/v2\/product_cat?post=20007"},{"taxonomy":"product_tag","embeddable":true,"href":"https:\/\/truusk.store\/sv\/wp-json\/wp\/v2\/product_tag?post=20007"}],"curies":[{"name":"wp","href":"https:\/\/api.w.org\/{rel}","templated":true}]}}