{"id":20017,"date":"2024-02-13T15:11:20","date_gmt":"2024-02-13T14:11:20","guid":{"rendered":"https:\/\/truusk.store\/product\/kontorsstol-snurrstol-hojdjusterbar-chefsstol-skrivbordsstol-ergonomisk-pu-svart-66-x-73-x-108-118-cm\/"},"modified":"2026-03-12T09:02:27","modified_gmt":"2026-03-12T08:02:27","slug":"truusk-ergonomisk-kontorsstol-med-hojdjustering-svart-pu-material-66-x-73-x-108-118-cm-snurrfunktion-chefsstol-for","status":"publish","type":"product","link":"https:\/\/truusk.store\/sv\/produkt\/truusk-ergonomisk-kontorsstol-med-hojdjustering-svart-pu-material-66-x-73-x-108-118-cm-snurrfunktion-chefsstol-for\/","title":{"rendered":"TRUUSK Ergonomisk Kontorsstol med H\u00f6jdjustering &#8211; Svart PU Material &#8211; 66 x 73 x 108-118 cm &#8211; Snurrfunktion &#8211; Chefsstol f\u00f6r"},"content":{"rendered":"<p>Stressiga arbetsdagar, sp\u00e4nda muskler, huvudv\u00e4rk: varje br\u00f6ddjur beh\u00f6ver absolut en bra stol. Den nya chefsstolen r\u00e4ddar dig nu fr\u00e5n sm\u00e4rtan! Det ergonomiska ryggst\u00f6det inklusive huvud- och l\u00e4ndkuddar och den mjukt vadderade sitsen f\u00f6rhindrar effektivt sp\u00e4nningar i rygg och nacke, \u00e4ven n\u00e4r du sitter under l\u00e5nga perioder. Ryggst\u00f6det, t\u00e4ckt med andningsbart meshtyg, \u00e4r utrustat med en gungmekanism.<\/p>\n<h3>Beskrivning:<\/h3>\n<ul>\n<li>Ergonomiskt S-format ryggst\u00f6d<\/li>\n<li>Utrustad med huvud- och l\u00e4ndkuddar f\u00f6r bra h\u00e5llning<\/li>\n<li>H\u00f6gkvalitativt fodral i konstl\u00e4der f\u00f6r extra komfort<\/li>\n<li>Mesh som andas p\u00e5 baksidan<\/li>\n<li>Bekv\u00e4ma armst\u00f6d och smidig gungmekanism f\u00f6r avkoppling d\u00e4remellan<\/li>\n<li>Tjock vaddering i sitsen<\/li>\n<li>H\u00f6jdjusterbar rygg, bred sits, l\u00e4mplig f\u00f6r olika kroppsstorlekar<\/li>\n<li>Vertikala st\u00e5lstag i ryggst\u00f6det ger stabilitet vid bak\u00e5tlutning<\/li>\n<li>Metallunderrede g\u00f6r stolen extremt stabil och robust<\/li>\n<li>5 mjukt l\u00f6pande universalhjul och 360 roterande s\u00e4te f\u00f6r mer flexibilitet<\/li>\n<li>Enkel design, h\u00f6g kvalitet, perfekt f\u00f6r dagligt kontorsbruk eller hemmabruk<\/li>\n<li>Snabb och enkel montering<\/li>\n<\/ul>\n<h3>Teknisk data:<\/h3>\n<ul>\n<li>Material: mesh, skum, konstl\u00e4der, metall<\/li>\n<li>Svart f\u00e4rg<\/li>\n<li>\u00d6vergripande m\u00e5tt: L66 x B73 x H(108-118) cm<\/li>\n<li>Sittyta: L50 x B51,5 cm<\/li>\n<li>Sitth\u00f6jd: 4858 cm<\/li>\n<li>Ryggst\u00f6dsstorlek: B46 x H64 cm<\/li>\n<li>Armst\u00f6dsh\u00f6jd: 6575 cm<\/li>\n<li>Vadderingstjocklek: 7,5 cm<\/li>\n<li>Vikt: 10 kg<\/li>\n<li>Max lastkapacitet: 120 kg<\/li>\n<\/ul>\n<h3>Leveransens omfattning:<\/h3>\n<ul>\n<li>1 x Kontorsstol<\/li>\n<li>1 x Monteringsanvisning<\/li>\n<\/ul>\n","protected":false},"excerpt":{"rendered":"<p>Stressiga arbetsdagar, sp\u00e4nda muskler, huvudv\u00e4rk: varje br\u00f6ddjur beh\u00f6ver absolut en bra stol. Den nya chefsstolen r\u00e4ddar dig nu fr\u00e5n sm\u00e4rtan!&#8230;<\/p>\n","protected":false},"featured_media":20018,"template":"","meta":[],"product_brand":[],"product_cat":[485,516,515],"product_tag":[],"class_list":{"0":"post-20017","1":"product","2":"type-product","3":"status-publish","4":"has-post-thumbnail","6":"product_cat-hus-bo","7":"product_cat-kontorsstolar","8":"product_cat-stolar","10":"first","11":"instock","12":"sale","13":"taxable","14":"shipping-taxable","15":"purchasable","16":"product-type-simple"},"yoast_head":"<!-- This site is optimized with the Yoast SEO plugin v25.4 - https:\/\/yoast.com\/wordpress\/plugins\/seo\/ -->\n<title>TRUUSK Ergonomisk Kontorsstol med H\u00f6jdjustering - Svart PU Material - 66 x 73 x 108-118 cm - Snurrfunktion - Chefsstol f\u00f6r - TRUUSK - Hem, Tr\u00e4dg\u00e5rd &amp; Fritid<\/title>\n<meta name=\"robots\" content=\"index, follow, max-snippet:-1, max-image-preview:large, max-video-preview:-1\" \/>\n<link rel=\"canonical\" href=\"https:\/\/truusk.store\/sv\/produkt\/truusk-ergonomisk-kontorsstol-med-hojdjustering-svart-pu-material-66-x-73-x-108-118-cm-snurrfunktion-chefsstol-for\/\" \/>\n<meta property=\"og:locale\" content=\"sv_SE\" \/>\n<meta property=\"og:type\" content=\"article\" \/>\n<meta property=\"og:title\" content=\"TRUUSK Ergonomisk Kontorsstol med H\u00f6jdjustering - Svart PU Material - 66 x 73 x 108-118 cm - Snurrfunktion - Chefsstol f\u00f6r - TRUUSK - Hem, Tr\u00e4dg\u00e5rd &amp; Fritid\" \/>\n<meta property=\"og:description\" content=\"Stressiga arbetsdagar, sp\u00e4nda muskler, huvudv\u00e4rk: varje br\u00f6ddjur beh\u00f6ver absolut en bra stol. Den nya chefsstolen r\u00e4ddar dig nu fr\u00e5n sm\u00e4rtan!...\" \/>\n<meta property=\"og:url\" content=\"https:\/\/truusk.store\/sv\/produkt\/truusk-ergonomisk-kontorsstol-med-hojdjustering-svart-pu-material-66-x-73-x-108-118-cm-snurrfunktion-chefsstol-for\/\" \/>\n<meta property=\"og:site_name\" content=\"TRUUSK - Hem, Tr\u00e4dg\u00e5rd &amp; Fritid\" \/>\n<meta property=\"article:modified_time\" content=\"2026-03-12T08:02:27+00:00\" \/>\n<meta property=\"og:image\" content=\"https:\/\/i0.wp.com\/truusk.se\/wp-content\/uploads\/2024\/02\/kontorsstol-snurrstol-hojdjusterbar-chefsstol-skrivbordsstol-ergonomisk-pu-svart-66-x-73-x-108-118-cm.webp?fit=800%2C800&ssl=1\" \/>\n\t<meta property=\"og:image:width\" content=\"800\" \/>\n\t<meta property=\"og:image:height\" content=\"800\" \/>\n\t<meta property=\"og:image:type\" content=\"image\/webp\" \/>\n<meta name=\"twitter:card\" content=\"summary_large_image\" \/>\n<meta name=\"twitter:label1\" content=\"Ber\u00e4knad l\u00e4stid\" \/>\n\t<meta name=\"twitter:data1\" content=\"1 minut\" \/>\n<!-- \/ Yoast SEO plugin. -->","yoast_head_json":{"title":"TRUUSK Ergonomisk Kontorsstol med H\u00f6jdjustering - Svart PU Material - 66 x 73 x 108-118 cm - Snurrfunktion - Chefsstol f\u00f6r - TRUUSK - Hem, Tr\u00e4dg\u00e5rd &amp; Fritid","robots":{"index":"index","follow":"follow","max-snippet":"max-snippet:-1","max-image-preview":"max-image-preview:large","max-video-preview":"max-video-preview:-1"},"canonical":"https:\/\/truusk.store\/sv\/produkt\/truusk-ergonomisk-kontorsstol-med-hojdjustering-svart-pu-material-66-x-73-x-108-118-cm-snurrfunktion-chefsstol-for\/","og_locale":"sv_SE","og_type":"article","og_title":"TRUUSK Ergonomisk Kontorsstol med H\u00f6jdjustering - Svart PU Material - 66 x 73 x 108-118 cm - Snurrfunktion - Chefsstol f\u00f6r - TRUUSK - Hem, Tr\u00e4dg\u00e5rd &amp; Fritid","og_description":"Stressiga arbetsdagar, sp\u00e4nda muskler, huvudv\u00e4rk: varje br\u00f6ddjur beh\u00f6ver absolut en bra stol. Den nya chefsstolen r\u00e4ddar dig nu fr\u00e5n sm\u00e4rtan!...","og_url":"https:\/\/truusk.store\/sv\/produkt\/truusk-ergonomisk-kontorsstol-med-hojdjustering-svart-pu-material-66-x-73-x-108-118-cm-snurrfunktion-chefsstol-for\/","og_site_name":"TRUUSK - Hem, Tr\u00e4dg\u00e5rd &amp; Fritid","article_modified_time":"2026-03-12T08:02:27+00:00","og_image":[{"width":800,"height":800,"url":"https:\/\/i0.wp.com\/truusk.se\/wp-content\/uploads\/2024\/02\/kontorsstol-snurrstol-hojdjusterbar-chefsstol-skrivbordsstol-ergonomisk-pu-svart-66-x-73-x-108-118-cm.webp?fit=800%2C800&ssl=1","type":"image\/webp"}],"twitter_card":"summary_large_image","twitter_misc":{"Ber\u00e4knad l\u00e4stid":"1 minut"},"schema":{"@context":"https:\/\/schema.org","@graph":[{"@type":"WebPage","@id":"https:\/\/truusk.store\/sv\/produkt\/truusk-ergonomisk-kontorsstol-med-hojdjustering-svart-pu-material-66-x-73-x-108-118-cm-snurrfunktion-chefsstol-for\/","url":"https:\/\/truusk.store\/sv\/produkt\/truusk-ergonomisk-kontorsstol-med-hojdjustering-svart-pu-material-66-x-73-x-108-118-cm-snurrfunktion-chefsstol-for\/","name":"TRUUSK Ergonomisk Kontorsstol med H\u00f6jdjustering - Svart PU Material - 66 x 73 x 108-118 cm - Snurrfunktion - Chefsstol f\u00f6r - TRUUSK - Hem, Tr\u00e4dg\u00e5rd &amp; Fritid","isPartOf":{"@id":"https:\/\/truusk.store\/sv\/#website"},"primaryImageOfPage":{"@id":"https:\/\/truusk.store\/sv\/produkt\/truusk-ergonomisk-kontorsstol-med-hojdjustering-svart-pu-material-66-x-73-x-108-118-cm-snurrfunktion-chefsstol-for\/#primaryimage"},"image":{"@id":"https:\/\/truusk.store\/sv\/produkt\/truusk-ergonomisk-kontorsstol-med-hojdjustering-svart-pu-material-66-x-73-x-108-118-cm-snurrfunktion-chefsstol-for\/#primaryimage"},"thumbnailUrl":"https:\/\/i0.wp.com\/truusk.store\/wp-content\/uploads\/2024\/02\/kontorsstol-snurrstol-hojdjusterbar-chefsstol-skrivbordsstol-ergonomisk-pu-svart-66-x-73-x-108-118-cm.webp?fit=800%2C800&ssl=1","datePublished":"2024-02-13T14:11:20+00:00","dateModified":"2026-03-12T08:02:27+00:00","breadcrumb":{"@id":"https:\/\/truusk.store\/sv\/produkt\/truusk-ergonomisk-kontorsstol-med-hojdjustering-svart-pu-material-66-x-73-x-108-118-cm-snurrfunktion-chefsstol-for\/#breadcrumb"},"inLanguage":"sv-SE","potentialAction":[{"@type":"ReadAction","target":["https:\/\/truusk.store\/sv\/produkt\/truusk-ergonomisk-kontorsstol-med-hojdjustering-svart-pu-material-66-x-73-x-108-118-cm-snurrfunktion-chefsstol-for\/"]}]},{"@type":"ImageObject","inLanguage":"sv-SE","@id":"https:\/\/truusk.store\/sv\/produkt\/truusk-ergonomisk-kontorsstol-med-hojdjustering-svart-pu-material-66-x-73-x-108-118-cm-snurrfunktion-chefsstol-for\/#primaryimage","url":"https:\/\/i0.wp.com\/truusk.store\/wp-content\/uploads\/2024\/02\/kontorsstol-snurrstol-hojdjusterbar-chefsstol-skrivbordsstol-ergonomisk-pu-svart-66-x-73-x-108-118-cm.webp?fit=800%2C800&ssl=1","contentUrl":"https:\/\/i0.wp.com\/truusk.store\/wp-content\/uploads\/2024\/02\/kontorsstol-snurrstol-hojdjusterbar-chefsstol-skrivbordsstol-ergonomisk-pu-svart-66-x-73-x-108-118-cm.webp?fit=800%2C800&ssl=1","width":800,"height":800,"caption":"Kontorsstol Snurrstol H\u00f6jdjusterbar Chefsstol Skrivbordsstol Ergonomisk PU Svart 66 X 73 X 108-118 Cm 1"},{"@type":"BreadcrumbList","@id":"https:\/\/truusk.store\/sv\/produkt\/truusk-ergonomisk-kontorsstol-med-hojdjustering-svart-pu-material-66-x-73-x-108-118-cm-snurrfunktion-chefsstol-for\/#breadcrumb","itemListElement":[{"@type":"ListItem","position":1,"name":"Home","item":"https:\/\/truusk.store\/sv\/"},{"@type":"ListItem","position":2,"name":"Shop","item":"https:\/\/truusk.store\/shop\/"},{"@type":"ListItem","position":3,"name":"TRUUSK Ergonomisk Kontorsstol med H\u00f6jdjustering &#8211; Svart PU Material &#8211; 66 x 73 x 108-118 cm &#8211; Snurrfunktion &#8211; Chefsstol f\u00f6r"}]},{"@type":"WebSite","@id":"https:\/\/truusk.store\/sv\/#website","url":"https:\/\/truusk.store\/sv\/","name":"TRUUSK - Hem, Tr\u00e4dg\u00e5rd & Fritid","description":"","publisher":{"@id":"https:\/\/truusk.store\/sv\/#organization"},"potentialAction":[{"@type":"SearchAction","target":{"@type":"EntryPoint","urlTemplate":"https:\/\/truusk.store\/sv\/?s={search_term_string}"},"query-input":{"@type":"PropertyValueSpecification","valueRequired":true,"valueName":"search_term_string"}}],"inLanguage":"sv-SE"},{"@type":"Organization","@id":"https:\/\/truusk.store\/sv\/#organization","name":"TRUUSK - Hem, Tr\u00e4dg\u00e5rd & Fritid","url":"https:\/\/truusk.store\/sv\/","logo":{"@type":"ImageObject","inLanguage":"sv-SE","@id":"https:\/\/truusk.store\/sv\/#\/schema\/logo\/image\/","url":"https:\/\/i0.wp.com\/truusk.store\/wp-content\/uploads\/2026\/03\/cropped-TRUUSK.png?fit=2032%2C917&ssl=1","contentUrl":"https:\/\/i0.wp.com\/truusk.store\/wp-content\/uploads\/2026\/03\/cropped-TRUUSK.png?fit=2032%2C917&ssl=1","width":2032,"height":917,"caption":"TRUUSK - Hem, Tr\u00e4dg\u00e5rd & Fritid"},"image":{"@id":"https:\/\/truusk.store\/sv\/#\/schema\/logo\/image\/"}}]}},"jetpack_sharing_enabled":true,"_links":{"self":[{"href":"https:\/\/truusk.store\/sv\/wp-json\/wp\/v2\/product\/20017","targetHints":{"allow":["GET"]}}],"collection":[{"href":"https:\/\/truusk.store\/sv\/wp-json\/wp\/v2\/product"}],"about":[{"href":"https:\/\/truusk.store\/sv\/wp-json\/wp\/v2\/types\/product"}],"wp:featuredmedia":[{"embeddable":true,"href":"https:\/\/truusk.store\/sv\/wp-json\/wp\/v2\/media\/20018"}],"wp:attachment":[{"href":"https:\/\/truusk.store\/sv\/wp-json\/wp\/v2\/media?parent=20017"}],"wp:term":[{"taxonomy":"product_brand","embeddable":true,"href":"https:\/\/truusk.store\/sv\/wp-json\/wp\/v2\/product_brand?post=20017"},{"taxonomy":"product_cat","embeddable":true,"href":"https:\/\/truusk.store\/sv\/wp-json\/wp\/v2\/product_cat?post=20017"},{"taxonomy":"product_tag","embeddable":true,"href":"https:\/\/truusk.store\/sv\/wp-json\/wp\/v2\/product_tag?post=20017"}],"curies":[{"name":"wp","href":"https:\/\/api.w.org\/{rel}","templated":true}]}}