{"id":20029,"date":"2024-02-13T15:11:42","date_gmt":"2024-02-13T14:11:42","guid":{"rendered":"https:\/\/truusk.store\/product\/bantam-honshus-med-frigaende-och-yngelbox-vaderbestandig-tatat-grantra-asfalttak-natur-gron\/"},"modified":"2026-03-12T09:02:28","modified_gmt":"2026-03-12T08:02:28","slug":"truusk-bantam-honsstall-med-frigraende-och-yngelbox-vaderbestandigt-grantra-asfalttak-natur-gron","status":"publish","type":"product","link":"https:\/\/truusk.store\/sv\/produkt\/truusk-bantam-honsstall-med-frigraende-och-yngelbox-vaderbestandigt-grantra-asfalttak-natur-gron\/","title":{"rendered":"TRUUSK Bantam H\u00f6nsstall med Frigr\u00e5ende och Yngelbox &#8211; V\u00e4derbest\u00e4ndigt Grantr\u00e4 &#8211; Asfalttak &#8211; Natur + Gr\u00f6n"},"content":{"rendered":"<p>Denna moderna dv\u00e4rgh\u00e5 \u00e4r det perfekta hemmet f\u00f6r dina dv\u00e4rgar! Ett vilorum, en kuv\u00f6s och ett stort l\u00f6pomr\u00e5de ger dina dv\u00e4rgar gott om utrymme f\u00f6r avel, hackning och l\u00f6pning. Inkubatorn har ett g\u00e5ngj\u00e4rnstak s\u00e5 att \u00e4ggen f\u00f6rsiktigt kan tas bort. Tack vare sin basbricka \u00e4r buren l\u00e4tt att reng\u00f6ra. Bantam coop \u00e4r ocks\u00e5 v\u00e4der- och vattent\u00e5lig.<\/p>\n<h3>Beskrivning:<\/h3>\n<ul>\n<li>Med integrerad vilol\u00e5da, inkubator och stor l\u00f6pning p\u00e5 nedre plan<\/li>\n<li>L\u00e5sbara d\u00f6rrar garanterar dina djurs s\u00e4kerhet<\/li>\n<li>Inkubatorn har ett g\u00e5ngj\u00e4rnstak s\u00e5 att \u00e4ggen f\u00f6rsiktigt kan tas bort<\/li>\n<li>Den solida konstruktionen \u00e4r v\u00e4derbest\u00e4ndig och vattenavvisande<\/li>\n<li>Bantam coop \u00e4r gjord av glaserat grantr\u00e4 och ett asfalttak<\/li>\n<li>Du kan h\u00e5lla ett \u00f6ga p\u00e5 dina kycklingar hela tiden genom ett inbyggt f\u00f6nster<\/li>\n<li>En avtagbar bottenplatta f\u00f6r enkel och snabb reng\u00f6ring<\/li>\n<li>Montering kr\u00e4vs<\/li>\n<\/ul>\n<h3>Teknisk data:<\/h3>\n<ul>\n<li>F\u00e4rg: gul+gr\u00f6n<\/li>\n<li>Material: gran<\/li>\n<li>\u00d6vergripande m\u00e5tt: 168L x 75W x 103H cm<\/li>\n<li>Huvudhusets m\u00e5tt: 66L x 61W x 70H cm<\/li>\n<li>F\u00f6nsterstorlek (huvudhuset): 26,4L x 35,5W cm<\/li>\n<li>Huvudhusets d\u00f6rrstorlek: 26,4L x 35,5W cm<\/li>\n<li>M\u00e5tt p\u00e5 bol\u00e5dan: 52,5L x 33,2B x 37,6H cm<\/li>\n<li>Bajsbeh\u00e5llarens storlek: 62,4L x 59,2W cm<\/li>\n<li>Nedre uttagsl\u00e5da storlek: 66L x 61W x 33H cm<\/li>\n<li>Storlek p\u00e5 sidoutloppsl\u00e5dan: 64L x 61W x 82,6H cm<\/li>\n<li>Storlek p\u00e5 uttagsl\u00e5dans d\u00f6rr: 26,7L x 60,5W cm<\/li>\n<li>Ramstorlek: 58L x 14W cm<\/li>\n<\/ul>\n<h3>Leveransens omfattning:<\/h3>\n<ul>\n<li>1 x h\u00f6nshus<\/li>\n<li>1 x Monteringsanvisning<\/li>\n<\/ul>\n","protected":false},"excerpt":{"rendered":"<p>Denna moderna dv\u00e4rgh\u00e5 \u00e4r det perfekta hemmet f\u00f6r dina dv\u00e4rgar! Ett vilorum, en kuv\u00f6s och ett stort l\u00f6pomr\u00e5de ger dina&#8230;<\/p>\n","protected":false},"featured_media":20030,"template":"","meta":[],"product_brand":[],"product_cat":[601,602,573],"product_tag":[],"class_list":{"0":"post-20029","1":"product","2":"type-product","3":"status-publish","4":"has-post-thumbnail","6":"product_cat-fageltillbehor","7":"product_cat-honshus","8":"product_cat-husdjursmaterial","10":"first","11":"instock","12":"sale","13":"taxable","14":"shipping-taxable","15":"purchasable","16":"product-type-simple"},"yoast_head":"<!-- This site is optimized with the Yoast SEO plugin v25.4 - https:\/\/yoast.com\/wordpress\/plugins\/seo\/ -->\n<title>TRUUSK Bantam H\u00f6nsstall med Frigr\u00e5ende och Yngelbox - V\u00e4derbest\u00e4ndigt Grantr\u00e4 - Asfalttak - Natur + Gr\u00f6n - TRUUSK - Hem, Tr\u00e4dg\u00e5rd &amp; Fritid<\/title>\n<meta name=\"robots\" content=\"index, follow, max-snippet:-1, max-image-preview:large, max-video-preview:-1\" \/>\n<link rel=\"canonical\" href=\"https:\/\/truusk.store\/sv\/produkt\/truusk-bantam-honsstall-med-frigraende-och-yngelbox-vaderbestandigt-grantra-asfalttak-natur-gron\/\" \/>\n<meta property=\"og:locale\" content=\"sv_SE\" \/>\n<meta property=\"og:type\" content=\"article\" \/>\n<meta property=\"og:title\" content=\"TRUUSK Bantam H\u00f6nsstall med Frigr\u00e5ende och Yngelbox - V\u00e4derbest\u00e4ndigt Grantr\u00e4 - Asfalttak - Natur + Gr\u00f6n - TRUUSK - Hem, Tr\u00e4dg\u00e5rd &amp; Fritid\" \/>\n<meta property=\"og:description\" content=\"Denna moderna dv\u00e4rgh\u00e5 \u00e4r det perfekta hemmet f\u00f6r dina dv\u00e4rgar! Ett vilorum, en kuv\u00f6s och ett stort l\u00f6pomr\u00e5de ger dina...\" \/>\n<meta property=\"og:url\" content=\"https:\/\/truusk.store\/sv\/produkt\/truusk-bantam-honsstall-med-frigraende-och-yngelbox-vaderbestandigt-grantra-asfalttak-natur-gron\/\" \/>\n<meta property=\"og:site_name\" content=\"TRUUSK - Hem, Tr\u00e4dg\u00e5rd &amp; Fritid\" \/>\n<meta property=\"article:modified_time\" content=\"2026-03-12T08:02:28+00:00\" \/>\n<meta property=\"og:image\" content=\"https:\/\/i0.wp.com\/truusk.se\/wp-content\/uploads\/2024\/02\/bantam-honshus-med-frigaende-och-yngelbox-vaderbestandig-tatat-grantra-asfalttak-natur-gron.webp?fit=800%2C800&ssl=1\" \/>\n\t<meta property=\"og:image:width\" content=\"800\" \/>\n\t<meta property=\"og:image:height\" content=\"800\" \/>\n\t<meta property=\"og:image:type\" content=\"image\/webp\" \/>\n<meta name=\"twitter:card\" content=\"summary_large_image\" \/>\n<meta name=\"twitter:label1\" content=\"Ber\u00e4knad l\u00e4stid\" \/>\n\t<meta name=\"twitter:data1\" content=\"1 minut\" \/>\n<!-- \/ Yoast SEO plugin. -->","yoast_head_json":{"title":"TRUUSK Bantam H\u00f6nsstall med Frigr\u00e5ende och Yngelbox - V\u00e4derbest\u00e4ndigt Grantr\u00e4 - Asfalttak - Natur + Gr\u00f6n - TRUUSK - Hem, Tr\u00e4dg\u00e5rd &amp; Fritid","robots":{"index":"index","follow":"follow","max-snippet":"max-snippet:-1","max-image-preview":"max-image-preview:large","max-video-preview":"max-video-preview:-1"},"canonical":"https:\/\/truusk.store\/sv\/produkt\/truusk-bantam-honsstall-med-frigraende-och-yngelbox-vaderbestandigt-grantra-asfalttak-natur-gron\/","og_locale":"sv_SE","og_type":"article","og_title":"TRUUSK Bantam H\u00f6nsstall med Frigr\u00e5ende och Yngelbox - V\u00e4derbest\u00e4ndigt Grantr\u00e4 - Asfalttak - Natur + Gr\u00f6n - TRUUSK - Hem, Tr\u00e4dg\u00e5rd &amp; Fritid","og_description":"Denna moderna dv\u00e4rgh\u00e5 \u00e4r det perfekta hemmet f\u00f6r dina dv\u00e4rgar! Ett vilorum, en kuv\u00f6s och ett stort l\u00f6pomr\u00e5de ger dina...","og_url":"https:\/\/truusk.store\/sv\/produkt\/truusk-bantam-honsstall-med-frigraende-och-yngelbox-vaderbestandigt-grantra-asfalttak-natur-gron\/","og_site_name":"TRUUSK - Hem, Tr\u00e4dg\u00e5rd &amp; Fritid","article_modified_time":"2026-03-12T08:02:28+00:00","og_image":[{"width":800,"height":800,"url":"https:\/\/i0.wp.com\/truusk.se\/wp-content\/uploads\/2024\/02\/bantam-honshus-med-frigaende-och-yngelbox-vaderbestandig-tatat-grantra-asfalttak-natur-gron.webp?fit=800%2C800&ssl=1","type":"image\/webp"}],"twitter_card":"summary_large_image","twitter_misc":{"Ber\u00e4knad l\u00e4stid":"1 minut"},"schema":{"@context":"https:\/\/schema.org","@graph":[{"@type":"WebPage","@id":"https:\/\/truusk.store\/sv\/produkt\/truusk-bantam-honsstall-med-frigraende-och-yngelbox-vaderbestandigt-grantra-asfalttak-natur-gron\/","url":"https:\/\/truusk.store\/sv\/produkt\/truusk-bantam-honsstall-med-frigraende-och-yngelbox-vaderbestandigt-grantra-asfalttak-natur-gron\/","name":"TRUUSK Bantam H\u00f6nsstall med Frigr\u00e5ende och Yngelbox - V\u00e4derbest\u00e4ndigt Grantr\u00e4 - Asfalttak - Natur + Gr\u00f6n - TRUUSK - Hem, Tr\u00e4dg\u00e5rd &amp; Fritid","isPartOf":{"@id":"https:\/\/truusk.store\/sv\/#website"},"primaryImageOfPage":{"@id":"https:\/\/truusk.store\/sv\/produkt\/truusk-bantam-honsstall-med-frigraende-och-yngelbox-vaderbestandigt-grantra-asfalttak-natur-gron\/#primaryimage"},"image":{"@id":"https:\/\/truusk.store\/sv\/produkt\/truusk-bantam-honsstall-med-frigraende-och-yngelbox-vaderbestandigt-grantra-asfalttak-natur-gron\/#primaryimage"},"thumbnailUrl":"https:\/\/i0.wp.com\/truusk.store\/wp-content\/uploads\/2024\/02\/bantam-honshus-med-frigaende-och-yngelbox-vaderbestandig-tatat-grantra-asfalttak-natur-gron.webp?fit=800%2C800&ssl=1","datePublished":"2024-02-13T14:11:42+00:00","dateModified":"2026-03-12T08:02:28+00:00","breadcrumb":{"@id":"https:\/\/truusk.store\/sv\/produkt\/truusk-bantam-honsstall-med-frigraende-och-yngelbox-vaderbestandigt-grantra-asfalttak-natur-gron\/#breadcrumb"},"inLanguage":"sv-SE","potentialAction":[{"@type":"ReadAction","target":["https:\/\/truusk.store\/sv\/produkt\/truusk-bantam-honsstall-med-frigraende-och-yngelbox-vaderbestandigt-grantra-asfalttak-natur-gron\/"]}]},{"@type":"ImageObject","inLanguage":"sv-SE","@id":"https:\/\/truusk.store\/sv\/produkt\/truusk-bantam-honsstall-med-frigraende-och-yngelbox-vaderbestandigt-grantra-asfalttak-natur-gron\/#primaryimage","url":"https:\/\/i0.wp.com\/truusk.store\/wp-content\/uploads\/2024\/02\/bantam-honshus-med-frigaende-och-yngelbox-vaderbestandig-tatat-grantra-asfalttak-natur-gron.webp?fit=800%2C800&ssl=1","contentUrl":"https:\/\/i0.wp.com\/truusk.store\/wp-content\/uploads\/2024\/02\/bantam-honshus-med-frigaende-och-yngelbox-vaderbestandig-tatat-grantra-asfalttak-natur-gron.webp?fit=800%2C800&ssl=1","width":800,"height":800,"caption":"Bantam H\u00f6nshus Med Frig\u00e5ende Och Yngelbox.V\u00e4derbest\u00e4ndig T\u00e4tat Grantr\u00e4, Asfalttak Natur + Gr\u00f6n 1"},{"@type":"BreadcrumbList","@id":"https:\/\/truusk.store\/sv\/produkt\/truusk-bantam-honsstall-med-frigraende-och-yngelbox-vaderbestandigt-grantra-asfalttak-natur-gron\/#breadcrumb","itemListElement":[{"@type":"ListItem","position":1,"name":"Home","item":"https:\/\/truusk.store\/sv\/"},{"@type":"ListItem","position":2,"name":"Shop","item":"https:\/\/truusk.store\/shop\/"},{"@type":"ListItem","position":3,"name":"TRUUSK Bantam H\u00f6nsstall med Frigr\u00e5ende och Yngelbox &#8211; V\u00e4derbest\u00e4ndigt Grantr\u00e4 &#8211; Asfalttak &#8211; Natur + Gr\u00f6n"}]},{"@type":"WebSite","@id":"https:\/\/truusk.store\/sv\/#website","url":"https:\/\/truusk.store\/sv\/","name":"TRUUSK - Hem, Tr\u00e4dg\u00e5rd & Fritid","description":"","publisher":{"@id":"https:\/\/truusk.store\/sv\/#organization"},"potentialAction":[{"@type":"SearchAction","target":{"@type":"EntryPoint","urlTemplate":"https:\/\/truusk.store\/sv\/?s={search_term_string}"},"query-input":{"@type":"PropertyValueSpecification","valueRequired":true,"valueName":"search_term_string"}}],"inLanguage":"sv-SE"},{"@type":"Organization","@id":"https:\/\/truusk.store\/sv\/#organization","name":"TRUUSK - Hem, Tr\u00e4dg\u00e5rd & Fritid","url":"https:\/\/truusk.store\/sv\/","logo":{"@type":"ImageObject","inLanguage":"sv-SE","@id":"https:\/\/truusk.store\/sv\/#\/schema\/logo\/image\/","url":"https:\/\/i0.wp.com\/truusk.store\/wp-content\/uploads\/2026\/03\/cropped-TRUUSK.png?fit=2032%2C917&ssl=1","contentUrl":"https:\/\/i0.wp.com\/truusk.store\/wp-content\/uploads\/2026\/03\/cropped-TRUUSK.png?fit=2032%2C917&ssl=1","width":2032,"height":917,"caption":"TRUUSK - Hem, Tr\u00e4dg\u00e5rd & Fritid"},"image":{"@id":"https:\/\/truusk.store\/sv\/#\/schema\/logo\/image\/"}}]}},"jetpack_sharing_enabled":true,"_links":{"self":[{"href":"https:\/\/truusk.store\/sv\/wp-json\/wp\/v2\/product\/20029","targetHints":{"allow":["GET"]}}],"collection":[{"href":"https:\/\/truusk.store\/sv\/wp-json\/wp\/v2\/product"}],"about":[{"href":"https:\/\/truusk.store\/sv\/wp-json\/wp\/v2\/types\/product"}],"wp:featuredmedia":[{"embeddable":true,"href":"https:\/\/truusk.store\/sv\/wp-json\/wp\/v2\/media\/20030"}],"wp:attachment":[{"href":"https:\/\/truusk.store\/sv\/wp-json\/wp\/v2\/media?parent=20029"}],"wp:term":[{"taxonomy":"product_brand","embeddable":true,"href":"https:\/\/truusk.store\/sv\/wp-json\/wp\/v2\/product_brand?post=20029"},{"taxonomy":"product_cat","embeddable":true,"href":"https:\/\/truusk.store\/sv\/wp-json\/wp\/v2\/product_cat?post=20029"},{"taxonomy":"product_tag","embeddable":true,"href":"https:\/\/truusk.store\/sv\/wp-json\/wp\/v2\/product_tag?post=20029"}],"curies":[{"name":"wp","href":"https:\/\/api.w.org\/{rel}","templated":true}]}}